{"id":1241,"date":"2017-11-23T20:22:49","date_gmt":"2017-11-23T19:22:49","guid":{"rendered":"http:\/\/www.wunder-der-stadt.com\/?page_id=1241"},"modified":"2026-03-07T14:39:19","modified_gmt":"2026-03-07T13:39:19","slug":"city-tours-for-school-trips-to-munich-special-fare","status":"publish","type":"page","link":"https:\/\/www.wunder-der-stadt.com\/en\/city-tours-for-school-trips-to-munich-special-fare\/","title":{"rendered":"City tours for school trips to Munich &#8211; SPECIAL FARE"},"content":{"rendered":"<p>[vc_row][vc_column width=&#8221;2\/3&#8243;][vc_column_text]You are a teacher, you travel with your students and you want them to see the most important sights of Munich ? You are a specialized agency for school trips to Europe and Munich is part of the program ?<\/p>\n<p><span lang=\"en\">We propose specially designed Munich tours for school classes. It is important to us that the students get to know the Bavarian capital with fun and in-depth knowledge and then drive home with the best memories.<\/span><\/p>\n<p>[\/vc_column_text][vc_empty_space height=&#8221;10px&#8221;][vc_btn title=&#8221;CONTACT US&#8221; shape=&#8221;square&#8221; align=&#8221;left&#8221; link=&#8221;url:http%3A%2F%2Fwww.wunder-der-stadt.com%2Fkontakt%2F|||&#8221;][vc_empty_space height=&#8221;20px&#8221;][\/vc_column][vc_column width=&#8221;1\/3&#8243;][vc_column_text]<img loading=\"lazy\" decoding=\"async\" class=\"alignnone size-medium wp-image-1231\" src=\"https:\/\/www.wunder-der-stadt.com\/wp-content\/uploads\/Muenchen_1140x760px-300x200.jpg\" alt=\"\" width=\"300\" height=\"200\" srcset=\"https:\/\/www.wunder-der-stadt.com\/wp-content\/uploads\/Muenchen_1140x760px-300x200.jpg 300w, https:\/\/www.wunder-der-stadt.com\/wp-content\/uploads\/Muenchen_1140x760px-531x354.jpg 531w, https:\/\/www.wunder-der-stadt.com\/wp-content\/uploads\/Muenchen_1140x760px-180x120.jpg 180w, https:\/\/www.wunder-der-stadt.com\/wp-content\/uploads\/Muenchen_1140x760px-600x400.jpg 600w, https:\/\/www.wunder-der-stadt.com\/wp-content\/uploads\/Muenchen_1140x760px-768x512.jpg 768w, https:\/\/www.wunder-der-stadt.com\/wp-content\/uploads\/Muenchen_1140x760px-1024x683.jpg 1024w, https:\/\/www.wunder-der-stadt.com\/wp-content\/uploads\/Muenchen_1140x760px.jpg 1140w\" sizes=\"(max-width: 300px) 100vw, 300px\" \/>[\/vc_column_text][\/vc_column][\/vc_row][vc_row][vc_column]<div class=\"title title--big title--center title--underline title--decoration-bottom-center\">\n\t\t<h3 class=\"title__primary\">THE FAVORIT TOURS<\/h3>\n<\/div>\n[\/vc_column][\/vc_row][vc_row][vc_column]\n<div class=\"atlist\">\n\t\t<div class=\"atlist__item margin-bottom\">\n\t\t<div class=\"atlist__item__image\">\n\t\t<a class=\"atlist__item__image-wrap\" href=\"https:\/\/www.wunder-der-stadt.com\/en\/tours\/guided-tour-special-for-school-the-palace-of-nymphenburg\/\"><img loading=\"lazy\" decoding=\"async\" width=\"653\" height=\"438\" src=\"https:\/\/www.wunder-der-stadt.com\/wp-content\/uploads\/nymphenburg-vorderseite-mit-brunnen1.jpg\" class=\"attachment-thumb_tour_box size-thumb_tour_box wp-post-image\" alt=\"Nymphenburg Palace tour school groups Munich\" srcset=\"https:\/\/www.wunder-der-stadt.com\/wp-content\/uploads\/nymphenburg-vorderseite-mit-brunnen1.jpg 653w, https:\/\/www.wunder-der-stadt.com\/wp-content\/uploads\/nymphenburg-vorderseite-mit-brunnen1-300x201.jpg 300w, https:\/\/www.wunder-der-stadt.com\/wp-content\/uploads\/nymphenburg-vorderseite-mit-brunnen1-600x402.jpg 600w, https:\/\/www.wunder-der-stadt.com\/wp-content\/uploads\/nymphenburg-vorderseite-mit-brunnen1-180x120.jpg 180w, https:\/\/www.wunder-der-stadt.com\/wp-content\/uploads\/nymphenburg-vorderseite-mit-brunnen1-360x240.jpg 360w\" sizes=\"(max-width: 653px) 100vw, 653px\" \/><\/a>\t\t\t\t\t\t<\/div>\n\t\t<div class=\"atlist__item__content atlist__item__content--full-height\">\n\t\t\t<div class=\"atlist__item__content__items\">\n\t\t\t\t<div class=\"atlist__item__content__item\">\n\t\t\t\t\t<h2 class=\"atlist__item__title\"><a href=\"https:\/\/www.wunder-der-stadt.com\/en\/tours\/guided-tour-special-for-school-the-palace-of-nymphenburg\/\">SPECIAL FOR SCHOOLS - The palace of Nymphenburg<\/a><\/h2>\n\t\t\t\t\t\t\t\t\t\t\t<div class=\"atlist__item__description\">For School Groups: Nymphenburg Palace Tour \u2013 A Fairy Tale Come True Guided Walking Tour for School Groups in Munich Discover the magic of Bavarian Baroque and Rococo \u2013 fit for a fairy tale. Step into a world of royal splendour on this Nymphenburg Palace tour for school groups! The<\/div>\n\t\t\t\t\t\t\t\t\t<\/div>\n\t\t\t\t<div class=\"atlist__item__content__item atlist__item__content__item--alternative\">\n\t\t\t\t\t\t\t\t\t\t<div class=\"atlist__item__price\"><a href=\"https:\/\/www.wunder-der-stadt.com\/en\/tours\/guided-tour-special-for-school-the-palace-of-nymphenburg\/\"><span class=\"woocommerce-Price-amount amount\"><bdi>210,00&nbsp;<span class=\"woocommerce-Price-currencySymbol\">&euro;<\/span><\/bdi><\/span><\/a><\/div>\t\t\t\t\t<div class=\"atlist__item__price-label\">per person<\/div>\t\t\t\t\t<div class=\"atlist__item__read-more\"><a href=\"https:\/\/www.wunder-der-stadt.com\/en\/tours\/guided-tour-special-for-school-the-palace-of-nymphenburg\/\" class=\"atbtn atbtn--small atbtn--rounded atbtn--light\">view tour<\/a><\/div>\n\t\t\t\t<\/div>\n\t\t\t<\/div>\n\t\t\t\t\t<\/div>\n\t<\/div>\n\t\t<div class=\"atlist__item margin-bottom\">\n\t\t<div class=\"atlist__item__image\">\n\t\t<a class=\"atlist__item__image-wrap\" href=\"https:\/\/www.wunder-der-stadt.com\/en\/tours\/special-for-school-munich-860-years-of-history-in-2-hours\/\"><img loading=\"lazy\" decoding=\"async\" width=\"720\" height=\"600\" src=\"https:\/\/www.wunder-der-stadt.com\/wp-content\/uploads\/Kombi_Stadtrundfahrt_Stadtrundgang-720x600.jpg\" class=\"attachment-thumb_tour_box size-thumb_tour_box wp-post-image\" alt=\"Munich city tour school groups walking tour - The &quot;Fischbrunnen&quot; on the Marienplatz\" \/><\/a>\t\t\t\t\t\t<\/div>\n\t\t<div class=\"atlist__item__content atlist__item__content--full-height\">\n\t\t\t<div class=\"atlist__item__content__items\">\n\t\t\t\t<div class=\"atlist__item__content__item\">\n\t\t\t\t\t<h2 class=\"atlist__item__title\"><a href=\"https:\/\/www.wunder-der-stadt.com\/en\/tours\/special-for-school-munich-860-years-of-history-in-2-hours\/\">SPECIAL FOR SCHOOLS - Munich, 870 years of history in 2 hours<\/a><\/h2>\n\t\t\t\t\t\t\t\t\t\t\t<div class=\"atlist__item__description\">For School Groups: Munich City Tour \u2013 870 Years of History Guided Walking Tour for School Groups in Munich Munich \u2013 where history comes alive and makes you laugh! Get ready for a Munich city tour for school groups like no other! 870 years of history \u2013 and not a<\/div>\n\t\t\t\t\t\t\t\t\t<\/div>\n\t\t\t\t<div class=\"atlist__item__content__item atlist__item__content__item--alternative\">\n\t\t\t\t\t\t\t\t\t\t<div class=\"atlist__item__price\"><a href=\"https:\/\/www.wunder-der-stadt.com\/en\/tours\/special-for-school-munich-860-years-of-history-in-2-hours\/\"><span class=\"woocommerce-Price-amount amount\"><bdi>210,00&nbsp;<span class=\"woocommerce-Price-currencySymbol\">&euro;<\/span><\/bdi><\/span><\/a><\/div>\t\t\t\t\t<div class=\"atlist__item__price-label\">per person<\/div>\t\t\t\t\t<div class=\"atlist__item__read-more\"><a href=\"https:\/\/www.wunder-der-stadt.com\/en\/tours\/special-for-school-munich-860-years-of-history-in-2-hours\/\" class=\"atbtn atbtn--small atbtn--rounded atbtn--light\">view tour<\/a><\/div>\n\t\t\t\t<\/div>\n\t\t\t<\/div>\n\t\t\t\t\t<\/div>\n\t<\/div>\n\t\t<div class=\"atlist__item margin-bottom\">\n\t\t<div class=\"atlist__item__image\">\n\t\t<a class=\"atlist__item__image-wrap\" href=\"https:\/\/www.wunder-der-stadt.com\/en\/tours\/munich-classic-sightseeing-bus-tour-2\/\"><img loading=\"lazy\" decoding=\"async\" width=\"720\" height=\"606\" src=\"https:\/\/www.wunder-der-stadt.com\/wp-content\/uploads\/Nr.-0614-Muenchner-Marienplatz-mit-Neuem-Rathaus-und-Frauenkirche-C.-Reiter-720x606.jpg\" class=\"attachment-thumb_tour_box size-thumb_tour_box wp-post-image\" alt=\"Stadtrundfahrt M\u00fcnchen\" srcset=\"https:\/\/www.wunder-der-stadt.com\/wp-content\/uploads\/Nr.-0614-Muenchner-Marienplatz-mit-Neuem-Rathaus-und-Frauenkirche-C.-Reiter-720x606.jpg 720w, https:\/\/www.wunder-der-stadt.com\/wp-content\/uploads\/Nr.-0614-Muenchner-Marienplatz-mit-Neuem-Rathaus-und-Frauenkirche-C.-Reiter-252x212.jpg 252w\" sizes=\"(max-width: 720px) 100vw, 720px\" \/><\/a>\t\t\t\t\t\t<\/div>\n\t\t<div class=\"atlist__item__content atlist__item__content--full-height\">\n\t\t\t<div class=\"atlist__item__content__items\">\n\t\t\t\t<div class=\"atlist__item__content__item\">\n\t\t\t\t\t<h2 class=\"atlist__item__title\"><a href=\"https:\/\/www.wunder-der-stadt.com\/en\/tours\/munich-classic-sightseeing-bus-tour-2\/\">SPECIAL FOR SCHOOLS - Munich classic, Sightseeing bus tour<\/a><\/h2>\n\t\t\t\t\t\t\t\t\t\t\t<div class=\"atlist__item__description\">Munich classic, Sightseeing bus tour: Explore Munich with a private bus tour\u00a0 Your studen will experience the highlights and landmarks of Munich during a 2,5 hours sightseeing tour including a photo stop at the castle of Nymphenburg. This is just perfect for anyone who wants to get a quick overview<\/div>\n\t\t\t\t\t\t\t\t\t<\/div>\n\t\t\t\t<div class=\"atlist__item__content__item atlist__item__content__item--alternative\">\n\t\t\t\t\t\t\t\t\t\t<div class=\"atlist__item__price\"><a href=\"https:\/\/www.wunder-der-stadt.com\/en\/tours\/munich-classic-sightseeing-bus-tour-2\/\"><span class=\"woocommerce-Price-amount amount\"><bdi>220,00&nbsp;<span class=\"woocommerce-Price-currencySymbol\">&euro;<\/span><\/bdi><\/span><\/a><\/div>\t\t\t\t\t<div class=\"atlist__item__price-label\">per person<\/div>\t\t\t\t\t<div class=\"atlist__item__read-more\"><a href=\"https:\/\/www.wunder-der-stadt.com\/en\/tours\/munich-classic-sightseeing-bus-tour-2\/\" class=\"atbtn atbtn--small atbtn--rounded atbtn--light\">view tour<\/a><\/div>\n\t\t\t\t<\/div>\n\t\t\t<\/div>\n\t\t\t\t\t<\/div>\n\t<\/div>\n\t\t<div class=\"atlist__item margin-bottom\">\n\t\t<div class=\"atlist__item__image\">\n\t\t<a class=\"atlist__item__image-wrap\" href=\"https:\/\/www.wunder-der-stadt.com\/en\/tours\/munich-national-socialism-special-for-schools\/\"><img loading=\"lazy\" decoding=\"async\" width=\"720\" height=\"606\" src=\"https:\/\/www.wunder-der-stadt.com\/wp-content\/uploads\/032-720x606.jpg\" class=\"attachment-thumb_tour_box size-thumb_tour_box wp-post-image\" alt=\"Munich Nazi history tour school groups - The &quot;F\u00fchrerbau&quot; in Munich\" srcset=\"https:\/\/www.wunder-der-stadt.com\/wp-content\/uploads\/032-720x606.jpg 720w, https:\/\/www.wunder-der-stadt.com\/wp-content\/uploads\/032-252x212.jpg 252w\" sizes=\"(max-width: 720px) 100vw, 720px\" \/><\/a>\t\t\t\t\t\t<\/div>\n\t\t<div class=\"atlist__item__content atlist__item__content--full-height\">\n\t\t\t<div class=\"atlist__item__content__items\">\n\t\t\t\t<div class=\"atlist__item__content__item\">\n\t\t\t\t\t<h2 class=\"atlist__item__title\"><a href=\"https:\/\/www.wunder-der-stadt.com\/en\/tours\/munich-national-socialism-special-for-schools\/\">SPECIAL FOR SCHOOLS - Munich &amp; the National Socialism<\/a><\/h2>\n\t\t\t\t\t\t\t\t\t\t\t<div class=\"atlist__item__description\">For School Groups: Munich Nazi History Tour Guided Walking Tour for School Groups in Munich Munich \u2013 Capital of the Movement: Experience History First-Hand. Join us on a Munich Nazi history tour and walk through the streets where one of the darkest chapters in human history began. Few cities are<\/div>\n\t\t\t\t\t\t\t\t\t<\/div>\n\t\t\t\t<div class=\"atlist__item__content__item atlist__item__content__item--alternative\">\n\t\t\t\t\t\t\t\t\t\t<div class=\"atlist__item__price\"><a href=\"https:\/\/www.wunder-der-stadt.com\/en\/tours\/munich-national-socialism-special-for-schools\/\"><span class=\"woocommerce-Price-amount amount\"><bdi>210,00&nbsp;<span class=\"woocommerce-Price-currencySymbol\">&euro;<\/span><\/bdi><\/span><\/a><\/div>\t\t\t\t\t<div class=\"atlist__item__price-label\">per person<\/div>\t\t\t\t\t<div class=\"atlist__item__read-more\"><a href=\"https:\/\/www.wunder-der-stadt.com\/en\/tours\/munich-national-socialism-special-for-schools\/\" class=\"atbtn atbtn--small atbtn--rounded atbtn--light\">view tour<\/a><\/div>\n\t\t\t\t<\/div>\n\t\t\t<\/div>\n\t\t\t\t\t<\/div>\n\t<\/div>\n\t\t<div class=\"atlist__item margin-bottom\">\n\t\t<div class=\"atlist__item__image\">\n\t\t<a class=\"atlist__item__image-wrap\" href=\"https:\/\/www.wunder-der-stadt.com\/en\/tours\/special-for-schools-dachau-concentration-camp-memorial-site\/\"><img loading=\"lazy\" decoding=\"async\" width=\"720\" height=\"606\" src=\"https:\/\/www.wunder-der-stadt.com\/wp-content\/uploads\/Dachau-KZ-007-1-720x606.jpg\" class=\"attachment-thumb_tour_box size-thumb_tour_box wp-post-image\" alt=\"\" srcset=\"https:\/\/www.wunder-der-stadt.com\/wp-content\/uploads\/Dachau-KZ-007-1-720x606.jpg 720w, https:\/\/www.wunder-der-stadt.com\/wp-content\/uploads\/Dachau-KZ-007-1-252x212.jpg 252w\" sizes=\"(max-width: 720px) 100vw, 720px\" \/><\/a>\t\t\t\t\t\t<\/div>\n\t\t<div class=\"atlist__item__content atlist__item__content--full-height\">\n\t\t\t<div class=\"atlist__item__content__items\">\n\t\t\t\t<div class=\"atlist__item__content__item\">\n\t\t\t\t\t<h2 class=\"atlist__item__title\"><a href=\"https:\/\/www.wunder-der-stadt.com\/en\/tours\/special-for-schools-dachau-concentration-camp-memorial-site\/\">SPECIAL FOR SCHOOLS : Dachau Concentration Camp Memorial Site<\/a><\/h2>\n\t\t\t\t\t\t\t\t\t\t\t<div class=\"atlist__item__description\">For School Groups: Dachau Concentration Camp Tour Guided Tour for School Groups \u2013 Dachau Memorial Site Understanding history \u2013 at the place where it happened. Join us on a Dachau concentration camp tour and visit one of the most important historical memorial sites in Germany. When Munich's Police President Heinrich<\/div>\n\t\t\t\t\t\t\t\t\t<\/div>\n\t\t\t\t<div class=\"atlist__item__content__item atlist__item__content__item--alternative\">\n\t\t\t\t\t\t\t\t\t\t<div class=\"atlist__item__price\"><a href=\"https:\/\/www.wunder-der-stadt.com\/en\/tours\/special-for-schools-dachau-concentration-camp-memorial-site\/\"><span class=\"woocommerce-Price-amount amount\"><bdi>250,00&nbsp;<span class=\"woocommerce-Price-currencySymbol\">&euro;<\/span><\/bdi><\/span><\/a><\/div>\t\t\t\t\t<div class=\"atlist__item__price-label\">per person<\/div>\t\t\t\t\t<div class=\"atlist__item__read-more\"><a href=\"https:\/\/www.wunder-der-stadt.com\/en\/tours\/special-for-schools-dachau-concentration-camp-memorial-site\/\" class=\"atbtn atbtn--small atbtn--rounded atbtn--light\">view tour<\/a><\/div>\n\t\t\t\t<\/div>\n\t\t\t<\/div>\n\t\t\t\t\t<\/div>\n\t<\/div>\n<\/div>[\/vc_column][\/vc_row]<\/p>\n","protected":false},"excerpt":{"rendered":"<p>[vc_row][vc_column width=&#8221;2\/3&#8243;][vc_column_text]You are a teacher, you travel with your students and you want them to see the most important sights of Munich ? You are a specialized agency for school trips to Europe and Munich is part of the program ? We propose specially designed Munich tours for school classes. It is important to us<\/p>\n<div class=\"padding-top text-center\"><a href=\"https:\/\/www.wunder-der-stadt.com\/en\/tours\/special-for-schools-dachau-concentration-camp-memorial-site\/\" class=\"atbtn atbtn--medium atbtn--rounded atbtn--transparent\">Weiterlesen<i class=\"atbtn__icon atbtn__icon--right fa fa-long-arrow-right\"><\/i><\/a><\/div>\n","protected":false},"author":1,"featured_media":0,"parent":0,"menu_order":0,"comment_status":"closed","ping_status":"closed","template":"","meta":{"footnotes":""},"translation":{"provider":"WPGlobus","version":"3.0.2","language":"en","enabled_languages":["de","en","fr","es"],"languages":{"de":{"title":true,"content":true,"excerpt":false},"en":{"title":true,"content":true,"excerpt":false},"fr":{"title":true,"content":true,"excerpt":false},"es":{"title":false,"content":false,"excerpt":false}}},"yoast_head":"<!-- This site is optimized with the Yoast SEO plugin v22.0 - https:\/\/yoast.com\/wordpress\/plugins\/seo\/ -->\n<title>City tours for school trips to Munich - SPECIAL FARE<\/title>\n<meta name=\"robots\" content=\"index, follow, max-snippet:-1, max-image-preview:large, max-video-preview:-1\" \/>\n<link rel=\"canonical\" href=\"https:\/\/www.wunder-der-stadt.com\/city-tours-for-school-trips-to-munich-special-fare\/\" \/>\n<meta property=\"og:locale\" content=\"en_US\" \/>\n<meta property=\"og:type\" content=\"article\" \/>\n<meta property=\"og:title\" content=\"{:de}Stadtf\u00fchrungen in M\u00fcnchen f\u00fcr Schulklassen - Wunder der Stadt{:}{:en}City tours for school trips to Munich - SPECIAL FARE{:}{:fr}Visites guid\u00e9es pour groupes scolaire{:}\" \/>\n<meta property=\"og:url\" content=\"https:\/\/www.wunder-der-stadt.com\/city-tours-for-school-trips-to-munich-special-fare\/\" \/>\n<meta property=\"og:site_name\" content=\"Wunder der Stadt - Stadtf\u00fchrungen in M\u00fcnchen und Oberbayern\" \/>\n<meta property=\"article:modified_time\" content=\"2026-03-07T13:39:19+00:00\" \/>\n<meta property=\"og:image\" content=\"https:\/\/www.wunder-der-stadt.com\/wp-content\/uploads\/Muenchen_1140x760px-300x200.jpg\" \/>\n<meta name=\"twitter:card\" content=\"summary_large_image\" \/>\n<meta name=\"twitter:label1\" content=\"Est. reading time\" \/>\n\t<meta name=\"twitter:data1\" content=\"2 minutes\" \/>\n<script type=\"application\/ld+json\" class=\"yoast-schema-graph\">{\"@context\":\"https:\/\/schema.org\",\"@graph\":[{\"@type\":\"WebPage\",\"@id\":\"https:\/\/www.wunder-der-stadt.com\/city-tours-for-school-trips-to-munich-special-fare\/\",\"url\":\"https:\/\/www.wunder-der-stadt.com\/city-tours-for-school-trips-to-munich-special-fare\/\",\"name\":\"Visites guid\u00e9es pour groupes scolaire\",\"isPartOf\":{\"@id\":\"https:\/\/www.wunder-der-stadt.com\/#website\"},\"datePublished\":\"2017-11-23T19:22:49+00:00\",\"dateModified\":\"2026-03-07T13:39:19+00:00\",\"description\":\"Visites guid\u00e9es ludiques et participatives de Munich adapt\u00e9es aux groupes scolaires de 11 \u00e0 18 ans - TARIFS SP\u00c9CIAUX\",\"breadcrumb\":{\"@id\":\"https:\/\/www.wunder-der-stadt.com\/city-tours-for-school-trips-to-munich-special-fare\/#breadcrumb\"},\"inLanguage\":\"en-US\",\"potentialAction\":[{\"@type\":\"ReadAction\",\"target\":[\"https:\/\/www.wunder-der-stadt.com\/city-tours-for-school-trips-to-munich-special-fare\/\"]}]},{\"@type\":\"BreadcrumbList\",\"@id\":\"https:\/\/www.wunder-der-stadt.com\/city-tours-for-school-trips-to-munich-special-fare\/#breadcrumb\",\"itemListElement\":[{\"@type\":\"ListItem\",\"position\":1,\"name\":\"Startseite\",\"item\":\"https:\/\/www.wunder-der-stadt.com\/\"},{\"@type\":\"ListItem\",\"position\":2,\"name\":\"Stadtf\u00fchrung in M\u00fcnchen speziell f\u00fcr Schulklassen\"}]},{\"@type\":\"WebSite\",\"@id\":\"https:\/\/www.wunder-der-stadt.com\/#website\",\"url\":\"https:\/\/www.wunder-der-stadt.com\/\",\"name\":\"{:de}Wunder der Stadt - Stadtf\u00fchrungen in M\u00fcnchen und Oberbayern{:}{:fr}Wunder der Stadt - Visites guid\u00e9es \u00e0 Munich et en Bavi\u00e8re{:}\",\"description\":\"Ihre Agentur f\u00fcr Incomingreisen, Gesch\u00e4ftreisen, Stadtf\u00fchrungen und Privatreisen in M\u00fcnchen und Bayern\",\"publisher\":{\"@id\":\"https:\/\/www.wunder-der-stadt.com\/#\/schema\/person\/7ac5370c8e8a38b0625e279f3af2d701\"},\"potentialAction\":[{\"@type\":\"SearchAction\",\"target\":{\"@type\":\"EntryPoint\",\"urlTemplate\":\"https:\/\/www.wunder-der-stadt.com\/?s={search_term_string}\"},\"query-input\":\"required name=search_term_string\"}],\"inLanguage\":\"en-US\"},{\"@type\":[\"Person\",\"Organization\"],\"@id\":\"https:\/\/www.wunder-der-stadt.com\/#\/schema\/person\/7ac5370c8e8a38b0625e279f3af2d701\",\"name\":\"Admin\",\"logo\":{\"@id\":\"https:\/\/www.wunder-der-stadt.com\/#\/schema\/person\/image\/\"}}]}<\/script>\n<!-- \/ Yoast SEO plugin. -->","yoast_head_json":{"title":"City tours for school trips to Munich - SPECIAL FARE","robots":{"index":"index","follow":"follow","max-snippet":"max-snippet:-1","max-image-preview":"max-image-preview:large","max-video-preview":"max-video-preview:-1"},"canonical":"https:\/\/www.wunder-der-stadt.com\/city-tours-for-school-trips-to-munich-special-fare\/","og_locale":"en_US","og_type":"article","og_title":"{:de}Stadtf\u00fchrungen in M\u00fcnchen f\u00fcr Schulklassen - Wunder der Stadt{:}{:en}City tours for school trips to Munich - SPECIAL FARE{:}{:fr}Visites guid\u00e9es pour groupes scolaire{:}","og_url":"https:\/\/www.wunder-der-stadt.com\/city-tours-for-school-trips-to-munich-special-fare\/","og_site_name":"Wunder der Stadt - Stadtf\u00fchrungen in M\u00fcnchen und Oberbayern","article_modified_time":"2026-03-07T13:39:19+00:00","og_image":[{"url":"https:\/\/www.wunder-der-stadt.com\/wp-content\/uploads\/Muenchen_1140x760px-300x200.jpg"}],"twitter_card":"summary_large_image","twitter_misc":{"Est. reading time":"2 minutes"},"schema":{"@context":"https:\/\/schema.org","@graph":[{"@type":"WebPage","@id":"https:\/\/www.wunder-der-stadt.com\/city-tours-for-school-trips-to-munich-special-fare\/","url":"https:\/\/www.wunder-der-stadt.com\/city-tours-for-school-trips-to-munich-special-fare\/","name":"Visites guid\u00e9es pour groupes scolaire","isPartOf":{"@id":"https:\/\/www.wunder-der-stadt.com\/#website"},"datePublished":"2017-11-23T19:22:49+00:00","dateModified":"2026-03-07T13:39:19+00:00","description":"Visites guid\u00e9es ludiques et participatives de Munich adapt\u00e9es aux groupes scolaires de 11 \u00e0 18 ans - TARIFS SP\u00c9CIAUX","breadcrumb":{"@id":"https:\/\/www.wunder-der-stadt.com\/city-tours-for-school-trips-to-munich-special-fare\/#breadcrumb"},"inLanguage":"en-US","potentialAction":[{"@type":"ReadAction","target":["https:\/\/www.wunder-der-stadt.com\/city-tours-for-school-trips-to-munich-special-fare\/"]}]},{"@type":"BreadcrumbList","@id":"https:\/\/www.wunder-der-stadt.com\/city-tours-for-school-trips-to-munich-special-fare\/#breadcrumb","itemListElement":[{"@type":"ListItem","position":1,"name":"Startseite","item":"https:\/\/www.wunder-der-stadt.com\/"},{"@type":"ListItem","position":2,"name":"Stadtf\u00fchrung in M\u00fcnchen speziell f\u00fcr Schulklassen"}]},{"@type":"WebSite","@id":"https:\/\/www.wunder-der-stadt.com\/#website","url":"https:\/\/www.wunder-der-stadt.com\/","name":"{:de}Wunder der Stadt - Stadtf\u00fchrungen in M\u00fcnchen und Oberbayern{:}{:fr}Wunder der Stadt - Visites guid\u00e9es \u00e0 Munich et en Bavi\u00e8re{:}","description":"Ihre Agentur f\u00fcr Incomingreisen, Gesch\u00e4ftreisen, Stadtf\u00fchrungen und Privatreisen in M\u00fcnchen und Bayern","publisher":{"@id":"https:\/\/www.wunder-der-stadt.com\/#\/schema\/person\/7ac5370c8e8a38b0625e279f3af2d701"},"potentialAction":[{"@type":"SearchAction","target":{"@type":"EntryPoint","urlTemplate":"https:\/\/www.wunder-der-stadt.com\/?s={search_term_string}"},"query-input":"required name=search_term_string"}],"inLanguage":"en-US"},{"@type":["Person","Organization"],"@id":"https:\/\/www.wunder-der-stadt.com\/#\/schema\/person\/7ac5370c8e8a38b0625e279f3af2d701","name":"Admin","logo":{"@id":"https:\/\/www.wunder-der-stadt.com\/#\/schema\/person\/image\/"}}]}},"_links":{"self":[{"href":"https:\/\/www.wunder-der-stadt.com\/en\/wp-json\/wp\/v2\/pages\/1241"}],"collection":[{"href":"https:\/\/www.wunder-der-stadt.com\/en\/wp-json\/wp\/v2\/pages"}],"about":[{"href":"https:\/\/www.wunder-der-stadt.com\/en\/wp-json\/wp\/v2\/types\/page"}],"author":[{"embeddable":true,"href":"https:\/\/www.wunder-der-stadt.com\/en\/wp-json\/wp\/v2\/users\/1"}],"replies":[{"embeddable":true,"href":"https:\/\/www.wunder-der-stadt.com\/en\/wp-json\/wp\/v2\/comments?post=1241"}],"version-history":[{"count":22,"href":"https:\/\/www.wunder-der-stadt.com\/en\/wp-json\/wp\/v2\/pages\/1241\/revisions"}],"predecessor-version":[{"id":2551,"href":"https:\/\/www.wunder-der-stadt.com\/en\/wp-json\/wp\/v2\/pages\/1241\/revisions\/2551"}],"wp:attachment":[{"href":"https:\/\/www.wunder-der-stadt.com\/en\/wp-json\/wp\/v2\/media?parent=1241"}],"curies":[{"name":"wp","href":"https:\/\/api.w.org\/{rel}","templated":true}]}}