{"id":1272,"date":"2017-11-23T20:58:10","date_gmt":"2017-11-23T19:58:10","guid":{"rendered":"http:\/\/www.wunder-der-stadt.com\/?page_id=1272"},"modified":"2024-01-04T19:11:50","modified_gmt":"2024-01-04T18:11:50","slug":"stadtfuehrungen-in-muenchen-fuer-geschaeftsreisen","status":"publish","type":"page","link":"https:\/\/www.wunder-der-stadt.com\/en\/stadtfuehrungen-in-muenchen-fuer-geschaeftsreisen\/","title":{"rendered":"Guided city tours in Munich for business trips"},"content":{"rendered":"<p>[vc_row][vc_column][vc_column_text]<img loading=\"lazy\" decoding=\"async\" class=\"size-large wp-image-1616 alignright\" src=\"https:\/\/www.wunder-der-stadt.com\/wp-content\/uploads\/weisswurst-2577747_1920-1024x576.jpg\" alt=\"\" width=\"748\" height=\"421\" srcset=\"https:\/\/www.wunder-der-stadt.com\/wp-content\/uploads\/weisswurst-2577747_1920-1024x576.jpg 1024w, https:\/\/www.wunder-der-stadt.com\/wp-content\/uploads\/weisswurst-2577747_1920-600x338.jpg 600w, https:\/\/www.wunder-der-stadt.com\/wp-content\/uploads\/weisswurst-2577747_1920-300x169.jpg 300w, https:\/\/www.wunder-der-stadt.com\/wp-content\/uploads\/weisswurst-2577747_1920-768x432.jpg 768w, https:\/\/www.wunder-der-stadt.com\/wp-content\/uploads\/weisswurst-2577747_1920.jpg 1920w\" sizes=\"(max-width: 748px) 100vw, 748px\" \/><\/p>\n<p>The best work is done in a harmonious atmosphere that sensitises people to each other&#8217;s position and increases mutual understanding. For example, on well-organised business trips or on a relaxed city tour in Munich.<\/p>\n<p>A culturally stimulating setting around an important business meeting, which offers entertainment and a short break to take a deep breath, promotes such an atmosphere.<\/p>\n<p>We offer you the opportunity to combine business and sightseeing. Together with your customers, business partners and employees, you will experience something extraordinary: a relaxed and fun city tour in Munich.<\/p>\n<p>You can explore the city on foot, take a city tour by bike or bus, or discover Munich&#8217;s corners in comfort on a Segway. Culture, art and fun as well as perfect organisation are among the core competencies of Wunder der Stadt.<\/p>\n<p>If you would like to take your customers or employees on a factory tour or visit Munich&#8217;s world-class museums, Wunder der Stadt will take you there and organise competent and exciting guided tours. If you prefer action and goosebumps, Wunder der Stadt will take you to the roofs of the Olympic Stadium and let you fly over the pitch.<\/p>\n<p>Alternatively, we can accompany you on a shopping tour through the best boutiques on Maximilianstrasse or organise the best seats for a classical concert in the Munich Philharmonic Hall.<\/p>\n<p><strong>Perhaps you have asked yourself: How can I offer my partners or employees a special Christmas present?<\/strong><\/p>\n<p>We have the answer &#8211; with a customised business trip through Munich! We plan and organise all the individual sightseeing stops and are happy to take care of hotel and restaurant reservations and bookings. On request, we can organise a shuttle service and chauffeurs for you. It goes without saying that we will provide you with exclusive assistance during your visit to Munich.<\/p>\n<p>We will be happy to clarify further details with you personally &#8211; please get in touch with us.[\/vc_column_text][vc_empty_space height=&#8221;10px&#8221;][\/vc_column][\/vc_row][vc_row][vc_column][vc_btn title=&#8221;GET IN TOUCH WITH US&#8221; shape=&#8221;square&#8221; align=&#8221;center&#8221; link=&#8221;url:http%3A%2F%2Fwww.wunder-der-stadt.com%2Fkontakt%2F|||&#8221;][\/vc_column][\/vc_row]<\/p>\n","protected":false},"excerpt":{"rendered":"<p>[vc_row][vc_column][vc_column_text] The best work is done in a harmonious atmosphere that sensitises people to each other&#8217;s position and increases mutual understanding. For example, on well-organised business trips or on a relaxed city tour in Munich. A culturally stimulating setting around an important business meeting, which offers entertainment and a short break to take a deep<\/p>\n<div class=\"padding-top text-center\"><a href=\"https:\/\/www.wunder-der-stadt.com\/en\/stadtfuehrungen-in-muenchen-fuer-geschaeftsreisen\/\" class=\"atbtn atbtn--medium atbtn--rounded atbtn--transparent\">Weiterlesen<i class=\"atbtn__icon atbtn__icon--right fa fa-long-arrow-right\"><\/i><\/a><\/div>\n","protected":false},"author":1,"featured_media":0,"parent":0,"menu_order":0,"comment_status":"closed","ping_status":"closed","template":"","meta":{"footnotes":""},"translation":{"provider":"WPGlobus","version":"3.0.2","language":"en","enabled_languages":["de","en","fr","es"],"languages":{"de":{"title":true,"content":true,"excerpt":false},"en":{"title":true,"content":true,"excerpt":false},"fr":{"title":true,"content":true,"excerpt":false},"es":{"title":false,"content":false,"excerpt":false}}},"yoast_head":"<!-- This site is optimized with the Yoast SEO plugin v22.0 - https:\/\/yoast.com\/wordpress\/plugins\/seo\/ -->\n<title>Guided city tours in Munich for business trips<\/title>\n<meta name=\"description\" content=\"Guided city tours in Munich for business trips with Wunder der Stadt by Val\u00e9rie Kieffer\" \/>\n<meta name=\"robots\" content=\"index, follow, max-snippet:-1, max-image-preview:large, max-video-preview:-1\" \/>\n<link rel=\"canonical\" href=\"https:\/\/www.wunder-der-stadt.com\/stadtfuehrungen-in-muenchen-fuer-geschaeftsreisen\/\" \/>\n<meta property=\"og:locale\" content=\"en_US\" \/>\n<meta property=\"og:type\" content=\"article\" \/>\n<meta property=\"og:title\" content=\"Guided city tours in Munich for business trips\" \/>\n<meta property=\"og:description\" content=\"Guided city tours in Munich for business trips with Wunder der Stadt by Val\u00e9rie Kieffer\" \/>\n<meta property=\"og:url\" content=\"https:\/\/www.wunder-der-stadt.com\/stadtfuehrungen-in-muenchen-fuer-geschaeftsreisen\/\" \/>\n<meta property=\"og:site_name\" content=\"Wunder der Stadt - Stadtf\u00fchrungen in M\u00fcnchen und Oberbayern\" \/>\n<meta property=\"article:modified_time\" content=\"2024-01-04T18:11:50+00:00\" \/>\n<meta property=\"og:image\" content=\"https:\/\/www.wunder-der-stadt.com\/wp-content\/uploads\/weisswurst-2577747_1920-1024x576.jpg\" \/>\n<meta name=\"twitter:card\" content=\"summary_large_image\" \/>\n<meta name=\"twitter:label1\" content=\"Est. reading time\" \/>\n\t<meta name=\"twitter:data1\" content=\"2 minutes\" \/>\n<script type=\"application\/ld+json\" class=\"yoast-schema-graph\">{\"@context\":\"https:\/\/schema.org\",\"@graph\":[{\"@type\":\"WebPage\",\"@id\":\"https:\/\/www.wunder-der-stadt.com\/stadtfuehrungen-in-muenchen-fuer-geschaeftsreisen\/\",\"url\":\"https:\/\/www.wunder-der-stadt.com\/stadtfuehrungen-in-muenchen-fuer-geschaeftsreisen\/\",\"name\":\"Guided city tours in Munich for business trips\",\"isPartOf\":{\"@id\":\"https:\/\/www.wunder-der-stadt.com\/#website\"},\"datePublished\":\"2017-11-23T19:58:10+00:00\",\"dateModified\":\"2024-01-04T18:11:50+00:00\",\"description\":\"Guided city tours in Munich for business trips with Wunder der Stadt by Val\u00e9rie Kieffer\",\"breadcrumb\":{\"@id\":\"https:\/\/www.wunder-der-stadt.com\/stadtfuehrungen-in-muenchen-fuer-geschaeftsreisen\/#breadcrumb\"},\"inLanguage\":\"en-US\",\"potentialAction\":[{\"@type\":\"ReadAction\",\"target\":[\"https:\/\/www.wunder-der-stadt.com\/stadtfuehrungen-in-muenchen-fuer-geschaeftsreisen\/\"]}]},{\"@type\":\"BreadcrumbList\",\"@id\":\"https:\/\/www.wunder-der-stadt.com\/stadtfuehrungen-in-muenchen-fuer-geschaeftsreisen\/#breadcrumb\",\"itemListElement\":[{\"@type\":\"ListItem\",\"position\":1,\"name\":\"Startseite\",\"item\":\"https:\/\/www.wunder-der-stadt.com\/\"},{\"@type\":\"ListItem\",\"position\":2,\"name\":\"Stadtf\u00fchrungen in M\u00fcnchen f\u00fcr Gesch\u00e4ftsreisen\"}]},{\"@type\":\"WebSite\",\"@id\":\"https:\/\/www.wunder-der-stadt.com\/#website\",\"url\":\"https:\/\/www.wunder-der-stadt.com\/\",\"name\":\"{:de}Wunder der Stadt - Stadtf\u00fchrungen in M\u00fcnchen und Oberbayern{:}{:fr}Wunder der Stadt - Visites guid\u00e9es \u00e0 Munich et en Bavi\u00e8re{:}\",\"description\":\"Ihre Agentur f\u00fcr Incomingreisen, Gesch\u00e4ftreisen, Stadtf\u00fchrungen und Privatreisen in M\u00fcnchen und Bayern\",\"publisher\":{\"@id\":\"https:\/\/www.wunder-der-stadt.com\/#\/schema\/person\/7ac5370c8e8a38b0625e279f3af2d701\"},\"potentialAction\":[{\"@type\":\"SearchAction\",\"target\":{\"@type\":\"EntryPoint\",\"urlTemplate\":\"https:\/\/www.wunder-der-stadt.com\/?s={search_term_string}\"},\"query-input\":\"required name=search_term_string\"}],\"inLanguage\":\"en-US\"},{\"@type\":[\"Person\",\"Organization\"],\"@id\":\"https:\/\/www.wunder-der-stadt.com\/#\/schema\/person\/7ac5370c8e8a38b0625e279f3af2d701\",\"name\":\"Admin\",\"logo\":{\"@id\":\"https:\/\/www.wunder-der-stadt.com\/#\/schema\/person\/image\/\"}}]}<\/script>\n<!-- \/ Yoast SEO plugin. -->","yoast_head_json":{"title":"Guided city tours in Munich for business trips","description":"Guided city tours in Munich for business trips with Wunder der Stadt by Val\u00e9rie Kieffer","robots":{"index":"index","follow":"follow","max-snippet":"max-snippet:-1","max-image-preview":"max-image-preview:large","max-video-preview":"max-video-preview:-1"},"canonical":"https:\/\/www.wunder-der-stadt.com\/stadtfuehrungen-in-muenchen-fuer-geschaeftsreisen\/","og_locale":"en_US","og_type":"article","og_title":"Guided city tours in Munich for business trips","og_description":"Guided city tours in Munich for business trips with Wunder der Stadt by Val\u00e9rie Kieffer","og_url":"https:\/\/www.wunder-der-stadt.com\/stadtfuehrungen-in-muenchen-fuer-geschaeftsreisen\/","og_site_name":"Wunder der Stadt - Stadtf\u00fchrungen in M\u00fcnchen und Oberbayern","article_modified_time":"2024-01-04T18:11:50+00:00","og_image":[{"url":"https:\/\/www.wunder-der-stadt.com\/wp-content\/uploads\/weisswurst-2577747_1920-1024x576.jpg"}],"twitter_card":"summary_large_image","twitter_misc":{"Est. reading time":"2 minutes"},"schema":{"@context":"https:\/\/schema.org","@graph":[{"@type":"WebPage","@id":"https:\/\/www.wunder-der-stadt.com\/stadtfuehrungen-in-muenchen-fuer-geschaeftsreisen\/","url":"https:\/\/www.wunder-der-stadt.com\/stadtfuehrungen-in-muenchen-fuer-geschaeftsreisen\/","name":"Guided city tours in Munich for business trips","isPartOf":{"@id":"https:\/\/www.wunder-der-stadt.com\/#website"},"datePublished":"2017-11-23T19:58:10+00:00","dateModified":"2024-01-04T18:11:50+00:00","description":"Guided city tours in Munich for business trips with Wunder der Stadt by Val\u00e9rie Kieffer","breadcrumb":{"@id":"https:\/\/www.wunder-der-stadt.com\/stadtfuehrungen-in-muenchen-fuer-geschaeftsreisen\/#breadcrumb"},"inLanguage":"en-US","potentialAction":[{"@type":"ReadAction","target":["https:\/\/www.wunder-der-stadt.com\/stadtfuehrungen-in-muenchen-fuer-geschaeftsreisen\/"]}]},{"@type":"BreadcrumbList","@id":"https:\/\/www.wunder-der-stadt.com\/stadtfuehrungen-in-muenchen-fuer-geschaeftsreisen\/#breadcrumb","itemListElement":[{"@type":"ListItem","position":1,"name":"Startseite","item":"https:\/\/www.wunder-der-stadt.com\/"},{"@type":"ListItem","position":2,"name":"Stadtf\u00fchrungen in M\u00fcnchen f\u00fcr Gesch\u00e4ftsreisen"}]},{"@type":"WebSite","@id":"https:\/\/www.wunder-der-stadt.com\/#website","url":"https:\/\/www.wunder-der-stadt.com\/","name":"{:de}Wunder der Stadt - Stadtf\u00fchrungen in M\u00fcnchen und Oberbayern{:}{:fr}Wunder der Stadt - Visites guid\u00e9es \u00e0 Munich et en Bavi\u00e8re{:}","description":"Ihre Agentur f\u00fcr Incomingreisen, Gesch\u00e4ftreisen, Stadtf\u00fchrungen und Privatreisen in M\u00fcnchen und Bayern","publisher":{"@id":"https:\/\/www.wunder-der-stadt.com\/#\/schema\/person\/7ac5370c8e8a38b0625e279f3af2d701"},"potentialAction":[{"@type":"SearchAction","target":{"@type":"EntryPoint","urlTemplate":"https:\/\/www.wunder-der-stadt.com\/?s={search_term_string}"},"query-input":"required name=search_term_string"}],"inLanguage":"en-US"},{"@type":["Person","Organization"],"@id":"https:\/\/www.wunder-der-stadt.com\/#\/schema\/person\/7ac5370c8e8a38b0625e279f3af2d701","name":"Admin","logo":{"@id":"https:\/\/www.wunder-der-stadt.com\/#\/schema\/person\/image\/"}}]}},"_links":{"self":[{"href":"https:\/\/www.wunder-der-stadt.com\/en\/wp-json\/wp\/v2\/pages\/1272"}],"collection":[{"href":"https:\/\/www.wunder-der-stadt.com\/en\/wp-json\/wp\/v2\/pages"}],"about":[{"href":"https:\/\/www.wunder-der-stadt.com\/en\/wp-json\/wp\/v2\/types\/page"}],"author":[{"embeddable":true,"href":"https:\/\/www.wunder-der-stadt.com\/en\/wp-json\/wp\/v2\/users\/1"}],"replies":[{"embeddable":true,"href":"https:\/\/www.wunder-der-stadt.com\/en\/wp-json\/wp\/v2\/comments?post=1272"}],"version-history":[{"count":19,"href":"https:\/\/www.wunder-der-stadt.com\/en\/wp-json\/wp\/v2\/pages\/1272\/revisions"}],"predecessor-version":[{"id":2533,"href":"https:\/\/www.wunder-der-stadt.com\/en\/wp-json\/wp\/v2\/pages\/1272\/revisions\/2533"}],"wp:attachment":[{"href":"https:\/\/www.wunder-der-stadt.com\/en\/wp-json\/wp\/v2\/media?parent=1272"}],"curies":[{"name":"wp","href":"https:\/\/api.w.org\/{rel}","templated":true}]}}