{"id":1330,"date":"2017-12-18T13:02:48","date_gmt":"2017-12-18T12:02:48","guid":{"rendered":"http:\/\/www.wunder-der-stadt.com\/?page_id=1330"},"modified":"2022-01-05T18:42:46","modified_gmt":"2022-01-05T17:42:46","slug":"visites-guidees-munich-baviere-valerie-kieffer-wunder-der-stadt","status":"publish","type":"page","link":"https:\/\/www.wunder-der-stadt.com\/en\/visites-guidees-munich-baviere-valerie-kieffer-wunder-der-stadt\/","title":{"rendered":"Val\u00e9rie Kieffer &#8211; About"},"content":{"rendered":"<p>[vc_row][vc_column width=&#8221;1\/4&#8243;][vc_column_text]<img loading=\"lazy\" decoding=\"async\" class=\"alignnone size-large wp-image-1646\" src=\"https:\/\/www.wunder-der-stadt.com\/wp-content\/uploads\/Vale\u0301rie-1024x683.jpg\" alt=\"\" width=\"748\" height=\"499\" srcset=\"https:\/\/www.wunder-der-stadt.com\/wp-content\/uploads\/Vale\u0301rie.jpg 1024w, https:\/\/www.wunder-der-stadt.com\/wp-content\/uploads\/Vale\u0301rie-531x354.jpg 531w, https:\/\/www.wunder-der-stadt.com\/wp-content\/uploads\/Vale\u0301rie-180x120.jpg 180w, https:\/\/www.wunder-der-stadt.com\/wp-content\/uploads\/Vale\u0301rie-600x400.jpg 600w, https:\/\/www.wunder-der-stadt.com\/wp-content\/uploads\/Vale\u0301rie-300x200.jpg 300w, https:\/\/www.wunder-der-stadt.com\/wp-content\/uploads\/Vale\u0301rie-768x512.jpg 768w\" sizes=\"(max-width: 748px) 100vw, 748px\" \/>[\/vc_column_text][\/vc_column][vc_column width=&#8221;3\/4&#8243;][vc_column_text]<\/p>\n<h3>Val\u00e9rie Kieffer<\/h3>\n<ul>\n<li><img loading=\"lazy\" decoding=\"async\" class=\"wp-image-1697 size-full alignright\" src=\"https:\/\/www.wunder-der-stadt.com\/wp-content\/uploads\/BVGD.jpg\" alt=\"BVGD\" width=\"117\" height=\"106\" \/>Official Munich Tour Guide &#8211; <a href=\"http:\/\/www.muenchen.de\/\">www.muenchen.de<\/a><\/li>\n<li>Official guide of the memorial of the concentration camp of Dachau<\/li>\n<li>Member of the Munich guide association &#8211; <a href=\"http:\/\/mgv-muenchen.de\/\">http:\/\/mgv-muenchen.de<\/a><\/li>\n<li>Member of the German association guide. &#8211; <a href=\"http:\/\/www.bvgd.org\/\">www.bvgd.org<\/a><\/li>\n<\/ul>\n<p>[\/vc_column_text][\/vc_column][\/vc_row][vc_row][vc_column][vc_column_text]<\/p>\n<h2>My recommendation for your first time in Munich:<\/h2>\n<p>[\/vc_column_text]\n<div class=\"atlist\">\n\t\t<div class=\"atlist__item margin-bottom\">\n\t\t<div class=\"atlist__item__image\">\n\t\t<a class=\"atlist__item__image-wrap\" href=\"https:\/\/www.wunder-der-stadt.com\/en\/tours\/munich-classic-sightseeing-bus-tour\/\"><img loading=\"lazy\" decoding=\"async\" width=\"720\" height=\"606\" src=\"https:\/\/www.wunder-der-stadt.com\/wp-content\/uploads\/Nr.-0614-Muenchner-Marienplatz-mit-Neuem-Rathaus-und-Frauenkirche-C.-Reiter-720x606.jpg\" class=\"attachment-thumb_tour_box size-thumb_tour_box wp-post-image\" alt=\"Stadtrundfahrt M\u00fcnchen\" srcset=\"https:\/\/www.wunder-der-stadt.com\/wp-content\/uploads\/Nr.-0614-Muenchner-Marienplatz-mit-Neuem-Rathaus-und-Frauenkirche-C.-Reiter-720x606.jpg 720w, https:\/\/www.wunder-der-stadt.com\/wp-content\/uploads\/Nr.-0614-Muenchner-Marienplatz-mit-Neuem-Rathaus-und-Frauenkirche-C.-Reiter-252x212.jpg 252w\" sizes=\"(max-width: 720px) 100vw, 720px\" \/><\/a>\t\t\t\t\t\t<\/div>\n\t\t<div class=\"atlist__item__content atlist__item__content--full-height\">\n\t\t\t<div class=\"atlist__item__content__items\">\n\t\t\t\t<div class=\"atlist__item__content__item\">\n\t\t\t\t\t<h2 class=\"atlist__item__title\"><a href=\"https:\/\/www.wunder-der-stadt.com\/en\/tours\/munich-classic-sightseeing-bus-tour\/\">Munich classic - Sightseeing bus tour<\/a><\/h2>\n\t\t\t\t\t\t\t\t\t\t\t<div class=\"atlist__item__description\">Explore Munich with a sightseeing private bus tour : Experience the highlights and landmarks of Munich during a 2,5 hours<\/div>\n\t\t\t\t\t\t\t\t\t<\/div>\n\t\t\t\t<div class=\"atlist__item__content__item atlist__item__content__item--alternative\">\n\t\t\t\t\t\t\t\t\t\t<div class=\"atlist__item__price\"><a href=\"https:\/\/www.wunder-der-stadt.com\/en\/tours\/munich-classic-sightseeing-bus-tour\/\"><span class=\"woocommerce-Price-amount amount\"><bdi>250,00&nbsp;<span class=\"woocommerce-Price-currencySymbol\">&euro;<\/span><\/bdi><\/span><\/a><\/div>\t\t\t\t\t<div class=\"atlist__item__price-label\">per person<\/div>\t\t\t\t\t<div class=\"atlist__item__read-more\"><a href=\"https:\/\/www.wunder-der-stadt.com\/en\/tours\/munich-classic-sightseeing-bus-tour\/\" class=\"atbtn atbtn--small atbtn--rounded atbtn--light\">view tour<\/a><\/div>\n\t\t\t\t<\/div>\n\t\t\t<\/div>\n\t\t\t\t\t<\/div>\n\t<\/div>\n\t\t<div class=\"atlist__item margin-bottom\">\n\t\t<div class=\"atlist__item__image\">\n\t\t<a class=\"atlist__item__image-wrap\" href=\"https:\/\/www.wunder-der-stadt.com\/en\/tours\/munich-2-hours-city-tour\/\"><img loading=\"lazy\" decoding=\"async\" width=\"720\" height=\"600\" src=\"https:\/\/www.wunder-der-stadt.com\/wp-content\/uploads\/Kombi_Stadtrundfahrt_Stadtrundgang-720x600.jpg\" class=\"attachment-thumb_tour_box size-thumb_tour_box wp-post-image\" alt=\"Munich city tour school groups walking tour - The &quot;Fischbrunnen&quot; on the Marienplatz\" \/><\/a>\t\t\t\t\t\t<\/div>\n\t\t<div class=\"atlist__item__content atlist__item__content--full-height\">\n\t\t\t<div class=\"atlist__item__content__items\">\n\t\t\t\t<div class=\"atlist__item__content__item\">\n\t\t\t\t\t<h2 class=\"atlist__item__title\"><a href=\"https:\/\/www.wunder-der-stadt.com\/en\/tours\/munich-2-hours-city-tour\/\">Munich - 2h city walking tour in the old town<\/a><\/h2>\n\t\t\t\t\t\t\t\t\t\t\t<div class=\"atlist__item__description\">Munich it's much more than the Oktoberfest ! Discover the city in a 2 hours walking tour in the Munich<\/div>\n\t\t\t\t\t\t\t\t\t<\/div>\n\t\t\t\t<div class=\"atlist__item__content__item atlist__item__content__item--alternative\">\n\t\t\t\t\t\t\t\t\t\t<div class=\"atlist__item__price\"><a href=\"https:\/\/www.wunder-der-stadt.com\/en\/tours\/munich-2-hours-city-tour\/\"><span class=\"woocommerce-Price-amount amount\"><bdi>220,00&nbsp;<span class=\"woocommerce-Price-currencySymbol\">&euro;<\/span><\/bdi><\/span><\/a><\/div>\t\t\t\t\t<div class=\"atlist__item__price-label\">per person<\/div>\t\t\t\t\t<div class=\"atlist__item__read-more\"><a href=\"https:\/\/www.wunder-der-stadt.com\/en\/tours\/munich-2-hours-city-tour\/\" class=\"atbtn atbtn--small atbtn--rounded atbtn--light\">view tour<\/a><\/div>\n\t\t\t\t<\/div>\n\t\t\t<\/div>\n\t\t\t\t\t<\/div>\n\t<\/div>\n<\/div>[\/vc_column][\/vc_row]<\/p>\n","protected":false},"excerpt":{"rendered":"<p>[vc_row][vc_column width=&#8221;1\/4&#8243;][vc_column_text][\/vc_column_text][\/vc_column][vc_column width=&#8221;3\/4&#8243;][vc_column_text] Val\u00e9rie Kieffer Official Munich Tour Guide &#8211; www.muenchen.de Official guide of the memorial of the concentration camp of Dachau Member of the Munich guide association &#8211; http:\/\/mgv-muenchen.de Member of the German association guide. &#8211; www.bvgd.org [\/vc_column_text][\/vc_column][\/vc_row][vc_row][vc_column][vc_column_text] My recommendation for your first time in Munich: [\/vc_column_text][\/vc_column][\/vc_row]<\/p>\n","protected":false},"author":1,"featured_media":0,"parent":0,"menu_order":0,"comment_status":"closed","ping_status":"closed","template":"","meta":{"footnotes":""},"translation":{"provider":"WPGlobus","version":"3.0.2","language":"en","enabled_languages":["de","en","fr","es"],"languages":{"de":{"title":true,"content":true,"excerpt":false},"en":{"title":false,"content":true,"excerpt":false},"fr":{"title":true,"content":true,"excerpt":false},"es":{"title":false,"content":false,"excerpt":false}}},"yoast_head":"<!-- This site is optimized with the Yoast SEO plugin v22.0 - https:\/\/yoast.com\/wordpress\/plugins\/seo\/ -->\n<title>Val\u00e9rie Kieffer - Wunder der Stadt - Stadtf\u00fchrungen in M\u00fcnchen<\/title>\n<meta name=\"robots\" content=\"index, follow, max-snippet:-1, max-image-preview:large, max-video-preview:-1\" \/>\n<link rel=\"canonical\" href=\"https:\/\/www.wunder-der-stadt.com\/visites-guidees-munich-baviere-valerie-kieffer-wunder-der-stadt\/\" \/>\n<meta property=\"og:locale\" content=\"en_US\" \/>\n<meta property=\"og:type\" content=\"article\" \/>\n<meta property=\"og:title\" content=\"Val\u00e9rie Kieffer - Wunder der Stadt - Stadtf\u00fchrungen in M\u00fcnchen\" \/>\n<meta property=\"og:url\" content=\"https:\/\/www.wunder-der-stadt.com\/visites-guidees-munich-baviere-valerie-kieffer-wunder-der-stadt\/\" \/>\n<meta property=\"og:site_name\" content=\"Wunder der Stadt - Stadtf\u00fchrungen in M\u00fcnchen und Oberbayern\" \/>\n<meta property=\"article:modified_time\" content=\"2022-01-05T17:42:46+00:00\" \/>\n<meta property=\"og:image\" content=\"https:\/\/www.wunder-der-stadt.com\/wp-content\/uploads\/Vale\u0301rie-1024x683.jpg\" \/>\n<meta name=\"twitter:card\" content=\"summary_large_image\" \/>\n<meta name=\"twitter:label1\" content=\"Est. reading time\" \/>\n\t<meta name=\"twitter:data1\" content=\"2 minutes\" \/>\n<script type=\"application\/ld+json\" class=\"yoast-schema-graph\">{\"@context\":\"https:\/\/schema.org\",\"@graph\":[{\"@type\":\"WebPage\",\"@id\":\"https:\/\/www.wunder-der-stadt.com\/visites-guidees-munich-baviere-valerie-kieffer-wunder-der-stadt\/\",\"url\":\"https:\/\/www.wunder-der-stadt.com\/visites-guidees-munich-baviere-valerie-kieffer-wunder-der-stadt\/\",\"name\":\"Val\u00e9rie Kieffer - About - Wunder der Stadt - Stadtf\u00fchrungen in M\u00fcnchen und Oberbayern\",\"isPartOf\":{\"@id\":\"https:\/\/www.wunder-der-stadt.com\/#website\"},\"datePublished\":\"2017-12-18T12:02:48+00:00\",\"dateModified\":\"2022-01-05T17:42:46+00:00\",\"description\":\"Guide-conf\u00e9renci\u00e8re par passion, je vous propose des visites guid\u00e9es enrichissantes et divertissantes \u00e0 Munich et en Bavi\u00e8re\",\"breadcrumb\":{\"@id\":\"https:\/\/www.wunder-der-stadt.com\/visites-guidees-munich-baviere-valerie-kieffer-wunder-der-stadt\/#breadcrumb\"},\"inLanguage\":\"en-US\",\"potentialAction\":[{\"@type\":\"ReadAction\",\"target\":[\"https:\/\/www.wunder-der-stadt.com\/visites-guidees-munich-baviere-valerie-kieffer-wunder-der-stadt\/\"]}]},{\"@type\":\"BreadcrumbList\",\"@id\":\"https:\/\/www.wunder-der-stadt.com\/visites-guidees-munich-baviere-valerie-kieffer-wunder-der-stadt\/#breadcrumb\",\"itemListElement\":[{\"@type\":\"ListItem\",\"position\":1,\"name\":\"Startseite\",\"item\":\"https:\/\/www.wunder-der-stadt.com\/\"},{\"@type\":\"ListItem\",\"position\":2,\"name\":\"Val\u00e9rie Kieffer &#8211; About\"}]},{\"@type\":\"WebSite\",\"@id\":\"https:\/\/www.wunder-der-stadt.com\/#website\",\"url\":\"https:\/\/www.wunder-der-stadt.com\/\",\"name\":\"{:de}Wunder der Stadt - Stadtf\u00fchrungen in M\u00fcnchen und Oberbayern{:}{:fr}Wunder der Stadt - Visites guid\u00e9es \u00e0 Munich et en Bavi\u00e8re{:}\",\"description\":\"Ihre Agentur f\u00fcr Incomingreisen, Gesch\u00e4ftreisen, Stadtf\u00fchrungen und Privatreisen in M\u00fcnchen und Bayern\",\"publisher\":{\"@id\":\"https:\/\/www.wunder-der-stadt.com\/#\/schema\/person\/7ac5370c8e8a38b0625e279f3af2d701\"},\"potentialAction\":[{\"@type\":\"SearchAction\",\"target\":{\"@type\":\"EntryPoint\",\"urlTemplate\":\"https:\/\/www.wunder-der-stadt.com\/?s={search_term_string}\"},\"query-input\":\"required name=search_term_string\"}],\"inLanguage\":\"en-US\"},{\"@type\":[\"Person\",\"Organization\"],\"@id\":\"https:\/\/www.wunder-der-stadt.com\/#\/schema\/person\/7ac5370c8e8a38b0625e279f3af2d701\",\"name\":\"Admin\",\"logo\":{\"@id\":\"https:\/\/www.wunder-der-stadt.com\/#\/schema\/person\/image\/\"}}]}<\/script>\n<!-- \/ Yoast SEO plugin. -->","yoast_head_json":{"title":"Val\u00e9rie Kieffer - Wunder der Stadt - Stadtf\u00fchrungen in M\u00fcnchen","robots":{"index":"index","follow":"follow","max-snippet":"max-snippet:-1","max-image-preview":"max-image-preview:large","max-video-preview":"max-video-preview:-1"},"canonical":"https:\/\/www.wunder-der-stadt.com\/visites-guidees-munich-baviere-valerie-kieffer-wunder-der-stadt\/","og_locale":"en_US","og_type":"article","og_title":"Val\u00e9rie Kieffer - Wunder der Stadt - Stadtf\u00fchrungen in M\u00fcnchen","og_url":"https:\/\/www.wunder-der-stadt.com\/visites-guidees-munich-baviere-valerie-kieffer-wunder-der-stadt\/","og_site_name":"Wunder der Stadt - Stadtf\u00fchrungen in M\u00fcnchen und Oberbayern","article_modified_time":"2022-01-05T17:42:46+00:00","og_image":[{"url":"https:\/\/www.wunder-der-stadt.com\/wp-content\/uploads\/Vale\u0301rie-1024x683.jpg"}],"twitter_card":"summary_large_image","twitter_misc":{"Est. reading time":"2 minutes"},"schema":{"@context":"https:\/\/schema.org","@graph":[{"@type":"WebPage","@id":"https:\/\/www.wunder-der-stadt.com\/visites-guidees-munich-baviere-valerie-kieffer-wunder-der-stadt\/","url":"https:\/\/www.wunder-der-stadt.com\/visites-guidees-munich-baviere-valerie-kieffer-wunder-der-stadt\/","name":"Val\u00e9rie Kieffer - About - Wunder der Stadt - Stadtf\u00fchrungen in M\u00fcnchen und Oberbayern","isPartOf":{"@id":"https:\/\/www.wunder-der-stadt.com\/#website"},"datePublished":"2017-12-18T12:02:48+00:00","dateModified":"2022-01-05T17:42:46+00:00","description":"Guide-conf\u00e9renci\u00e8re par passion, je vous propose des visites guid\u00e9es enrichissantes et divertissantes \u00e0 Munich et en Bavi\u00e8re","breadcrumb":{"@id":"https:\/\/www.wunder-der-stadt.com\/visites-guidees-munich-baviere-valerie-kieffer-wunder-der-stadt\/#breadcrumb"},"inLanguage":"en-US","potentialAction":[{"@type":"ReadAction","target":["https:\/\/www.wunder-der-stadt.com\/visites-guidees-munich-baviere-valerie-kieffer-wunder-der-stadt\/"]}]},{"@type":"BreadcrumbList","@id":"https:\/\/www.wunder-der-stadt.com\/visites-guidees-munich-baviere-valerie-kieffer-wunder-der-stadt\/#breadcrumb","itemListElement":[{"@type":"ListItem","position":1,"name":"Startseite","item":"https:\/\/www.wunder-der-stadt.com\/"},{"@type":"ListItem","position":2,"name":"Val\u00e9rie Kieffer &#8211; About"}]},{"@type":"WebSite","@id":"https:\/\/www.wunder-der-stadt.com\/#website","url":"https:\/\/www.wunder-der-stadt.com\/","name":"{:de}Wunder der Stadt - Stadtf\u00fchrungen in M\u00fcnchen und Oberbayern{:}{:fr}Wunder der Stadt - Visites guid\u00e9es \u00e0 Munich et en Bavi\u00e8re{:}","description":"Ihre Agentur f\u00fcr Incomingreisen, Gesch\u00e4ftreisen, Stadtf\u00fchrungen und Privatreisen in M\u00fcnchen und Bayern","publisher":{"@id":"https:\/\/www.wunder-der-stadt.com\/#\/schema\/person\/7ac5370c8e8a38b0625e279f3af2d701"},"potentialAction":[{"@type":"SearchAction","target":{"@type":"EntryPoint","urlTemplate":"https:\/\/www.wunder-der-stadt.com\/?s={search_term_string}"},"query-input":"required name=search_term_string"}],"inLanguage":"en-US"},{"@type":["Person","Organization"],"@id":"https:\/\/www.wunder-der-stadt.com\/#\/schema\/person\/7ac5370c8e8a38b0625e279f3af2d701","name":"Admin","logo":{"@id":"https:\/\/www.wunder-der-stadt.com\/#\/schema\/person\/image\/"}}]}},"_links":{"self":[{"href":"https:\/\/www.wunder-der-stadt.com\/en\/wp-json\/wp\/v2\/pages\/1330"}],"collection":[{"href":"https:\/\/www.wunder-der-stadt.com\/en\/wp-json\/wp\/v2\/pages"}],"about":[{"href":"https:\/\/www.wunder-der-stadt.com\/en\/wp-json\/wp\/v2\/types\/page"}],"author":[{"embeddable":true,"href":"https:\/\/www.wunder-der-stadt.com\/en\/wp-json\/wp\/v2\/users\/1"}],"replies":[{"embeddable":true,"href":"https:\/\/www.wunder-der-stadt.com\/en\/wp-json\/wp\/v2\/comments?post=1330"}],"version-history":[{"count":18,"href":"https:\/\/www.wunder-der-stadt.com\/en\/wp-json\/wp\/v2\/pages\/1330\/revisions"}],"predecessor-version":[{"id":2445,"href":"https:\/\/www.wunder-der-stadt.com\/en\/wp-json\/wp\/v2\/pages\/1330\/revisions\/2445"}],"wp:attachment":[{"href":"https:\/\/www.wunder-der-stadt.com\/en\/wp-json\/wp\/v2\/media?parent=1330"}],"curies":[{"name":"wp","href":"https:\/\/api.w.org\/{rel}","templated":true}]}}