{"id":248,"date":"2015-07-16T12:02:03","date_gmt":"2015-07-16T12:02:03","guid":{"rendered":"http:\/\/adventure-tours.themedelight.com\/?page_id=2"},"modified":"2024-01-12T18:31:08","modified_gmt":"2024-01-12T17:31:08","slug":"stadtfuerung-muenchen-privat-gruppe-wunder-der-stadt","status":"publish","type":"page","link":"https:\/\/www.wunder-der-stadt.com\/en\/stadtfuerung-muenchen-privat-gruppe-wunder-der-stadt\/","title":{"rendered":"Exclusive private city tours"},"content":{"rendered":"<p>[vc_row][vc_column width=&#8221;2\/3&#8243;][vc_column_text]You are planing to come to Munich in Germany and you want to make the most of your time? Take a private English speaking guide and let us be your guide as you discover everything that Munich has to offer. !<\/p>\n<p>We handpick the best that the capital of Bavaria has to offer to help you create memories to last a lifetime.<\/p>\n<p>Experience local culture firsthand and explore the Bavarian region and the city of Munch in an immersive and more intimate way. We will take you to the most famous, interesting and beautiful places in our region but also to the places you can not find in a book. You will get to know Munich and its traditions and you will try the traditional typical food and the world famous Munich bier!<\/p>\n<p>You are interested in a special topic, get in touch with us, we will plan a special program around it only for you.<\/p>\n<p>We will make your trip unforgettable![\/vc_column_text][vc_empty_space height=&#8221;10px&#8221;][vc_btn title=&#8221;SEND AN EMAIL&#8221; shape=&#8221;square&#8221; align=&#8221;center&#8221; link=&#8221;url:http%3A%2F%2Fwww.wunder-der-stadt.com%2Fkontakt%2F|||&#8221;][vc_empty_space height=&#8221;20px&#8221;][\/vc_column][vc_column width=&#8221;1\/3&#8243;][vc_single_image image=&#8221;1414&#8243; img_size=&#8221;medium&#8221;][\/vc_column][\/vc_row][vc_row][vc_column]\n<div class=\"atlist\">\n\t<div class=\"title title--big title--center title--underline title--decoration-bottom-center\">\n\t\t<h3 class=\"title__primary\">Most popular tours<\/h3>\n<\/div>\n\t\t<div class=\"atlist__item margin-bottom\">\n\t\t<div class=\"atlist__item__image\">\n\t\t<a class=\"atlist__item__image-wrap\" href=\"https:\/\/www.wunder-der-stadt.com\/en\/tours\/munich-2-hours-city-tour\/\"><img loading=\"lazy\" decoding=\"async\" width=\"720\" height=\"600\" src=\"https:\/\/www.wunder-der-stadt.com\/wp-content\/uploads\/Kombi_Stadtrundfahrt_Stadtrundgang-720x600.jpg\" class=\"attachment-thumb_tour_box size-thumb_tour_box wp-post-image\" alt=\"Munich city tour school groups walking tour - The &quot;Fischbrunnen&quot; on the Marienplatz\" \/><\/a>\t\t\t\t\t\t<\/div>\n\t\t<div class=\"atlist__item__content atlist__item__content--full-height\">\n\t\t\t<div class=\"atlist__item__content__items\">\n\t\t\t\t<div class=\"atlist__item__content__item\">\n\t\t\t\t\t<h2 class=\"atlist__item__title\"><a href=\"https:\/\/www.wunder-der-stadt.com\/en\/tours\/munich-2-hours-city-tour\/\">Munich - 2h city walking tour in the old town<\/a><\/h2>\n\t\t\t\t\t\t\t\t\t\t\t<div class=\"atlist__item__description\">Munich it's much more than the Oktoberfest ! Discover the city in a 2 hours walking tour in the Munich old town... Head to the streets of Munich on a 2 hours walking tour of the city for a unique view of the Bavarian capital and more intimate experience with<\/div>\n\t\t\t\t\t\t\t\t\t<\/div>\n\t\t\t\t<div class=\"atlist__item__content__item atlist__item__content__item--alternative\">\n\t\t\t\t\t\t\t\t\t\t<div class=\"atlist__item__price\"><a href=\"https:\/\/www.wunder-der-stadt.com\/en\/tours\/munich-2-hours-city-tour\/\"><span class=\"woocommerce-Price-amount amount\"><bdi>220,00&nbsp;<span class=\"woocommerce-Price-currencySymbol\">&euro;<\/span><\/bdi><\/span><\/a><\/div>\t\t\t\t\t<div class=\"atlist__item__price-label\">per person<\/div>\t\t\t\t\t<div class=\"atlist__item__read-more\"><a href=\"https:\/\/www.wunder-der-stadt.com\/en\/tours\/munich-2-hours-city-tour\/\" class=\"atbtn atbtn--small atbtn--rounded atbtn--light\">view tour<\/a><\/div>\n\t\t\t\t<\/div>\n\t\t\t<\/div>\n\t\t\t\t\t<\/div>\n\t<\/div>\n\t\t<div class=\"atlist__item margin-bottom\">\n\t\t<div class=\"atlist__item__image\">\n\t\t<a class=\"atlist__item__image-wrap\" href=\"https:\/\/www.wunder-der-stadt.com\/en\/tours\/munich-classic-sightseeing-bus-tour\/\"><img loading=\"lazy\" decoding=\"async\" width=\"720\" height=\"606\" src=\"https:\/\/www.wunder-der-stadt.com\/wp-content\/uploads\/Nr.-0614-Muenchner-Marienplatz-mit-Neuem-Rathaus-und-Frauenkirche-C.-Reiter-720x606.jpg\" class=\"attachment-thumb_tour_box size-thumb_tour_box wp-post-image\" alt=\"Stadtrundfahrt M\u00fcnchen\" srcset=\"https:\/\/www.wunder-der-stadt.com\/wp-content\/uploads\/Nr.-0614-Muenchner-Marienplatz-mit-Neuem-Rathaus-und-Frauenkirche-C.-Reiter-720x606.jpg 720w, https:\/\/www.wunder-der-stadt.com\/wp-content\/uploads\/Nr.-0614-Muenchner-Marienplatz-mit-Neuem-Rathaus-und-Frauenkirche-C.-Reiter-252x212.jpg 252w\" sizes=\"(max-width: 720px) 100vw, 720px\" \/><\/a>\t\t\t\t\t\t<\/div>\n\t\t<div class=\"atlist__item__content atlist__item__content--full-height\">\n\t\t\t<div class=\"atlist__item__content__items\">\n\t\t\t\t<div class=\"atlist__item__content__item\">\n\t\t\t\t\t<h2 class=\"atlist__item__title\"><a href=\"https:\/\/www.wunder-der-stadt.com\/en\/tours\/munich-classic-sightseeing-bus-tour\/\">Munich classic - Sightseeing bus tour<\/a><\/h2>\n\t\t\t\t\t\t\t\t\t\t\t<div class=\"atlist__item__description\">Explore Munich with a sightseeing private bus tour : Experience the highlights and landmarks of Munich during a 2,5 hours sightseeing tour including a photo stop at the castle of Nymphenburg. You will discover the beautiful avenues of the 19th century build by the kings of Bavaria, the luxury Maximilian-Avenue,<\/div>\n\t\t\t\t\t\t\t\t\t<\/div>\n\t\t\t\t<div class=\"atlist__item__content__item atlist__item__content__item--alternative\">\n\t\t\t\t\t\t\t\t\t\t<div class=\"atlist__item__price\"><a href=\"https:\/\/www.wunder-der-stadt.com\/en\/tours\/munich-classic-sightseeing-bus-tour\/\"><span class=\"woocommerce-Price-amount amount\"><bdi>250,00&nbsp;<span class=\"woocommerce-Price-currencySymbol\">&euro;<\/span><\/bdi><\/span><\/a><\/div>\t\t\t\t\t<div class=\"atlist__item__price-label\">per person<\/div>\t\t\t\t\t<div class=\"atlist__item__read-more\"><a href=\"https:\/\/www.wunder-der-stadt.com\/en\/tours\/munich-classic-sightseeing-bus-tour\/\" class=\"atbtn atbtn--small atbtn--rounded atbtn--light\">view tour<\/a><\/div>\n\t\t\t\t<\/div>\n\t\t\t<\/div>\n\t\t\t\t\t<\/div>\n\t<\/div>\n\t\t<div class=\"atlist__item margin-bottom\">\n\t\t<div class=\"atlist__item__image\">\n\t\t<a class=\"atlist__item__image-wrap\" href=\"https:\/\/www.wunder-der-stadt.com\/en\/tours\/guided-tour-the-palace-of-nymphenburg-and-amalienburg\/\"><img loading=\"lazy\" decoding=\"async\" width=\"653\" height=\"438\" src=\"https:\/\/www.wunder-der-stadt.com\/wp-content\/uploads\/nymphenburg-vorderseite-mit-brunnen1.jpg\" class=\"attachment-thumb_tour_box size-thumb_tour_box wp-post-image\" alt=\"Nymphenburg Palace tour school groups Munich\" srcset=\"https:\/\/www.wunder-der-stadt.com\/wp-content\/uploads\/nymphenburg-vorderseite-mit-brunnen1.jpg 653w, https:\/\/www.wunder-der-stadt.com\/wp-content\/uploads\/nymphenburg-vorderseite-mit-brunnen1-300x201.jpg 300w, https:\/\/www.wunder-der-stadt.com\/wp-content\/uploads\/nymphenburg-vorderseite-mit-brunnen1-600x402.jpg 600w, https:\/\/www.wunder-der-stadt.com\/wp-content\/uploads\/nymphenburg-vorderseite-mit-brunnen1-180x120.jpg 180w, https:\/\/www.wunder-der-stadt.com\/wp-content\/uploads\/nymphenburg-vorderseite-mit-brunnen1-360x240.jpg 360w\" sizes=\"(max-width: 653px) 100vw, 653px\" \/><\/a>\t\t\t\t\t\t<\/div>\n\t\t<div class=\"atlist__item__content atlist__item__content--full-height\">\n\t\t\t<div class=\"atlist__item__content__items\">\n\t\t\t\t<div class=\"atlist__item__content__item\">\n\t\t\t\t\t<h2 class=\"atlist__item__title\"><a href=\"https:\/\/www.wunder-der-stadt.com\/en\/tours\/guided-tour-the-palace-of-nymphenburg-and-amalienburg\/\">The palace of Nymphenburg and the hunting lodge of Amalienburg<\/a><\/h2>\n\t\t\t\t\t\t\t\t\t\t\t<div class=\"atlist__item__description\">A guided tour of the palace of Nymphenburg and the hunting lodge of Amalienburg in Munich. The palace of Nymphenburg and the hunting lodge of Amalienburg belong to the treasures of the Bavarian Baroque and Rococo in Munich. The history of the palace of Nymphenburg is also the history of<\/div>\n\t\t\t\t\t\t\t\t\t<\/div>\n\t\t\t\t<div class=\"atlist__item__content__item atlist__item__content__item--alternative\">\n\t\t\t\t\t\t\t\t\t\t<div class=\"atlist__item__price\"><a href=\"https:\/\/www.wunder-der-stadt.com\/en\/tours\/guided-tour-the-palace-of-nymphenburg-and-amalienburg\/\"><span class=\"woocommerce-Price-amount amount\"><bdi>220,00&nbsp;<span class=\"woocommerce-Price-currencySymbol\">&euro;<\/span><\/bdi><\/span><\/a><\/div>\t\t\t\t\t<div class=\"atlist__item__price-label\">per person<\/div>\t\t\t\t\t<div class=\"atlist__item__read-more\"><a href=\"https:\/\/www.wunder-der-stadt.com\/en\/tours\/guided-tour-the-palace-of-nymphenburg-and-amalienburg\/\" class=\"atbtn atbtn--small atbtn--rounded atbtn--light\">view tour<\/a><\/div>\n\t\t\t\t<\/div>\n\t\t\t<\/div>\n\t\t\t\t\t<\/div>\n\t<\/div>\n<\/div>[\/vc_column][\/vc_row][vc_row][vc_column][vc_column_text]<\/p>\n<p>[\/vc_column_text][\/vc_column][\/vc_row][vc_row][vc_column]\n<div class=\"atlist\">\n\t<div class=\"title title--big title--center title--underline title--decoration-bottom-center\">\n\t\t<h3 class=\"title__primary\">Special tours<\/h3>\n<\/div>\n\t\t<div class=\"atlist__item margin-bottom\">\n\t\t<div class=\"atlist__item__image\">\n\t\t<a class=\"atlist__item__image-wrap\" href=\"https:\/\/www.wunder-der-stadt.com\/en\/tours\/dachau-concentration-camp-memorial-site\/\"><img loading=\"lazy\" decoding=\"async\" width=\"720\" height=\"600\" src=\"https:\/\/www.wunder-der-stadt.com\/wp-content\/uploads\/Schueler_Dachau-720x600.jpg\" class=\"attachment-thumb_tour_box size-thumb_tour_box wp-post-image\" alt=\"Dachau F\u00fchrung\" \/><\/a>\t\t\t\t\t\t<\/div>\n\t\t<div class=\"atlist__item__content atlist__item__content--full-height\">\n\t\t\t<div class=\"atlist__item__content__items\">\n\t\t\t\t<div class=\"atlist__item__content__item\">\n\t\t\t\t\t<h2 class=\"atlist__item__title\"><a href=\"https:\/\/www.wunder-der-stadt.com\/en\/tours\/dachau-concentration-camp-memorial-site\/\">Dachau concentration camp memorial site<\/a><\/h2>\n\t\t\t\t\t\t\t\t\t\t\t<div class=\"atlist__item__description\">Guided tour in the Dachau concentration camp memorial site As the Munich police chief Heinrich Himmler announced the opening of the Dachau concentration camp on March 20, 1933, few suspected that this name would forever become synonymous with SS violence and National Socialist terror. 75\u00a0 years after the liberation of<\/div>\n\t\t\t\t\t\t\t\t\t<\/div>\n\t\t\t\t<div class=\"atlist__item__content__item atlist__item__content__item--alternative\">\n\t\t\t\t\t\t\t\t\t\t<div class=\"atlist__item__price\"><a href=\"https:\/\/www.wunder-der-stadt.com\/en\/tours\/dachau-concentration-camp-memorial-site\/\"><span class=\"woocommerce-Price-amount amount\"><bdi>250,00&nbsp;<span class=\"woocommerce-Price-currencySymbol\">&euro;<\/span><\/bdi><\/span><\/a><\/div>\t\t\t\t\t<div class=\"atlist__item__price-label\">per person<\/div>\t\t\t\t\t<div class=\"atlist__item__read-more\"><a href=\"https:\/\/www.wunder-der-stadt.com\/en\/tours\/dachau-concentration-camp-memorial-site\/\" class=\"atbtn atbtn--small atbtn--rounded atbtn--light\">view tour<\/a><\/div>\n\t\t\t\t<\/div>\n\t\t\t<\/div>\n\t\t\t\t\t<\/div>\n\t<\/div>\n\t\t<div class=\"atlist__item margin-bottom\">\n\t\t<div class=\"atlist__item__image\">\n\t\t<a class=\"atlist__item__image-wrap\" href=\"https:\/\/www.wunder-der-stadt.com\/en\/tours\/munich-national-socialism-city-tour\/\"><img loading=\"lazy\" decoding=\"async\" width=\"720\" height=\"606\" src=\"https:\/\/www.wunder-der-stadt.com\/wp-content\/uploads\/032-1-720x606.jpg\" class=\"attachment-thumb_tour_box size-thumb_tour_box wp-post-image\" alt=\"Munich &amp; the National Socialism - City tourMunich &amp; the National Socialism - City tour\" srcset=\"https:\/\/www.wunder-der-stadt.com\/wp-content\/uploads\/032-1-720x606.jpg 720w, https:\/\/www.wunder-der-stadt.com\/wp-content\/uploads\/032-1-252x212.jpg 252w\" sizes=\"(max-width: 720px) 100vw, 720px\" \/><\/a>\t\t\t\t\t\t<\/div>\n\t\t<div class=\"atlist__item__content atlist__item__content--full-height\">\n\t\t\t<div class=\"atlist__item__content__items\">\n\t\t\t\t<div class=\"atlist__item__content__item\">\n\t\t\t\t\t<h2 class=\"atlist__item__title\"><a href=\"https:\/\/www.wunder-der-stadt.com\/en\/tours\/munich-national-socialism-city-tour\/\">Munich &amp; the National Socialism - the dark side of the history<\/a><\/h2>\n\t\t\t\t\t\t\t\t\t\t\t<div class=\"atlist__item__description\">A guided city tour about the National Socialism in Munich &nbsp; A guided city tour that takes us to the historical places of Munich's Nazi past, the \"capital of the movement\" as Hitler himself called it then. 1923 Adolf Hitler tried in Munich for the first time to gain the<\/div>\n\t\t\t\t\t\t\t\t\t<\/div>\n\t\t\t\t<div class=\"atlist__item__content__item atlist__item__content__item--alternative\">\n\t\t\t\t\t\t\t\t\t\t<div class=\"atlist__item__price\"><a href=\"https:\/\/www.wunder-der-stadt.com\/en\/tours\/munich-national-socialism-city-tour\/\"><span class=\"woocommerce-Price-amount amount\"><bdi>220,00&nbsp;<span class=\"woocommerce-Price-currencySymbol\">&euro;<\/span><\/bdi><\/span><\/a><\/div>\t\t\t\t\t<div class=\"atlist__item__price-label\">per person<\/div>\t\t\t\t\t<div class=\"atlist__item__read-more\"><a href=\"https:\/\/www.wunder-der-stadt.com\/en\/tours\/munich-national-socialism-city-tour\/\" class=\"atbtn atbtn--small atbtn--rounded atbtn--light\">view tour<\/a><\/div>\n\t\t\t\t<\/div>\n\t\t\t<\/div>\n\t\t\t\t\t<\/div>\n\t<\/div>\n<\/div>[\/vc_column][\/vc_row]<\/p>\n","protected":false},"excerpt":{"rendered":"<p>[vc_row][vc_column width=&#8221;2\/3&#8243;][vc_column_text]You are planing to come to Munich in Germany and you want to make the most of your time? Take a private English speaking guide and let us be your guide as you discover everything that Munich has to offer. ! We handpick the best that the capital of Bavaria has to offer to<\/p>\n<div class=\"padding-top text-center\"><a href=\"https:\/\/www.wunder-der-stadt.com\/en\/tours\/munich-national-socialism-city-tour\/\" class=\"atbtn atbtn--medium atbtn--rounded atbtn--transparent\">Weiterlesen<i class=\"atbtn__icon atbtn__icon--right fa fa-long-arrow-right\"><\/i><\/a><\/div>\n","protected":false},"author":1,"featured_media":0,"parent":0,"menu_order":0,"comment_status":"open","ping_status":"open","template":"","meta":{"footnotes":""},"translation":{"provider":"WPGlobus","version":"3.0.2","language":"en","enabled_languages":["de","en","fr","es"],"languages":{"de":{"title":true,"content":true,"excerpt":false},"en":{"title":true,"content":true,"excerpt":false},"fr":{"title":true,"content":true,"excerpt":false},"es":{"title":false,"content":false,"excerpt":false}}},"yoast_head":"<!-- This site is optimized with the Yoast SEO plugin v22.0 - https:\/\/yoast.com\/wordpress\/plugins\/seo\/ -->\n<title>Stadtf\u00fchrung in M\u00fcnchen f\u00fcr Privatgruppen - Wunder der Stadt<\/title>\n<meta name=\"robots\" content=\"index, follow, max-snippet:-1, max-image-preview:large, max-video-preview:-1\" \/>\n<link rel=\"canonical\" href=\"https:\/\/www.wunder-der-stadt.com\/stadtfuerung-muenchen-privat-gruppe-wunder-der-stadt\/\" \/>\n<meta property=\"og:locale\" content=\"en_US\" \/>\n<meta property=\"og:type\" content=\"article\" \/>\n<meta property=\"og:title\" content=\"{:de}Stadtf\u00fchrung in M\u00fcnchen f\u00fcr Privatgruppen - Wunder der Stadt{:}{:fr}Visites exclusives pour groupes priv\u00e9s{:}\" \/>\n<meta property=\"og:url\" content=\"https:\/\/www.wunder-der-stadt.com\/stadtfuerung-muenchen-privat-gruppe-wunder-der-stadt\/\" \/>\n<meta property=\"og:site_name\" content=\"Wunder der Stadt - Stadtf\u00fchrungen in M\u00fcnchen und Oberbayern\" \/>\n<meta property=\"article:modified_time\" content=\"2024-01-12T17:31:08+00:00\" \/>\n<meta property=\"og:image\" content=\"https:\/\/www.wunder-der-stadt.com\/wp-content\/uploads\/WDS_logo2.png\" \/>\n\t<meta property=\"og:image:width\" content=\"292\" \/>\n\t<meta property=\"og:image:height\" content=\"157\" \/>\n\t<meta property=\"og:image:type\" content=\"image\/png\" \/>\n<meta name=\"twitter:card\" content=\"summary_large_image\" \/>\n<meta name=\"twitter:label1\" content=\"Est. reading time\" \/>\n\t<meta name=\"twitter:data1\" content=\"2 minutes\" \/>\n<script type=\"application\/ld+json\" class=\"yoast-schema-graph\">{\"@context\":\"https:\/\/schema.org\",\"@graph\":[{\"@type\":\"WebPage\",\"@id\":\"https:\/\/www.wunder-der-stadt.com\/stadtfuerung-muenchen-privat-gruppe-wunder-der-stadt\/\",\"url\":\"https:\/\/www.wunder-der-stadt.com\/stadtfuerung-muenchen-privat-gruppe-wunder-der-stadt\/\",\"name\":\"Visites exclusives pour groupes priv\u00e9s\",\"isPartOf\":{\"@id\":\"https:\/\/www.wunder-der-stadt.com\/#website\"},\"datePublished\":\"2015-07-16T12:02:03+00:00\",\"dateModified\":\"2024-01-12T17:31:08+00:00\",\"description\":\"Avec nous vous trouverez la visite qui vous fait envie pour d\u00e9couvrir Munich avec vos amis ou en famille. Vous \u00eates incertain... contactez nous, nous sommes \u00e0 votre dispositon pour trouvez la solution qui vous satisfera ! Nous sommes \u00e0 votre \u00e9coute.\",\"breadcrumb\":{\"@id\":\"https:\/\/www.wunder-der-stadt.com\/stadtfuerung-muenchen-privat-gruppe-wunder-der-stadt\/#breadcrumb\"},\"inLanguage\":\"en-US\",\"potentialAction\":[{\"@type\":\"ReadAction\",\"target\":[\"https:\/\/www.wunder-der-stadt.com\/stadtfuerung-muenchen-privat-gruppe-wunder-der-stadt\/\"]}]},{\"@type\":\"BreadcrumbList\",\"@id\":\"https:\/\/www.wunder-der-stadt.com\/stadtfuerung-muenchen-privat-gruppe-wunder-der-stadt\/#breadcrumb\",\"itemListElement\":[{\"@type\":\"ListItem\",\"position\":1,\"name\":\"Startseite\",\"item\":\"https:\/\/www.wunder-der-stadt.com\/\"},{\"@type\":\"ListItem\",\"position\":2,\"name\":\"Stadtf\u00fchrung in M\u00fcnchen f\u00fcr Privatgruppen\"}]},{\"@type\":\"WebSite\",\"@id\":\"https:\/\/www.wunder-der-stadt.com\/#website\",\"url\":\"https:\/\/www.wunder-der-stadt.com\/\",\"name\":\"{:de}Wunder der Stadt - Stadtf\u00fchrungen in M\u00fcnchen und Oberbayern{:}{:fr}Wunder der Stadt - Visites guid\u00e9es \u00e0 Munich et en Bavi\u00e8re{:}\",\"description\":\"Ihre Agentur f\u00fcr Incomingreisen, Gesch\u00e4ftreisen, Stadtf\u00fchrungen und Privatreisen in M\u00fcnchen und Bayern\",\"publisher\":{\"@id\":\"https:\/\/www.wunder-der-stadt.com\/#\/schema\/person\/7ac5370c8e8a38b0625e279f3af2d701\"},\"potentialAction\":[{\"@type\":\"SearchAction\",\"target\":{\"@type\":\"EntryPoint\",\"urlTemplate\":\"https:\/\/www.wunder-der-stadt.com\/?s={search_term_string}\"},\"query-input\":\"required name=search_term_string\"}],\"inLanguage\":\"en-US\"},{\"@type\":[\"Person\",\"Organization\"],\"@id\":\"https:\/\/www.wunder-der-stadt.com\/#\/schema\/person\/7ac5370c8e8a38b0625e279f3af2d701\",\"name\":\"Admin\",\"logo\":{\"@id\":\"https:\/\/www.wunder-der-stadt.com\/#\/schema\/person\/image\/\"}}]}<\/script>\n<!-- \/ Yoast SEO plugin. -->","yoast_head_json":{"title":"Stadtf\u00fchrung in M\u00fcnchen f\u00fcr Privatgruppen - Wunder der Stadt","robots":{"index":"index","follow":"follow","max-snippet":"max-snippet:-1","max-image-preview":"max-image-preview:large","max-video-preview":"max-video-preview:-1"},"canonical":"https:\/\/www.wunder-der-stadt.com\/stadtfuerung-muenchen-privat-gruppe-wunder-der-stadt\/","og_locale":"en_US","og_type":"article","og_title":"{:de}Stadtf\u00fchrung in M\u00fcnchen f\u00fcr Privatgruppen - Wunder der Stadt{:}{:fr}Visites exclusives pour groupes priv\u00e9s{:}","og_url":"https:\/\/www.wunder-der-stadt.com\/stadtfuerung-muenchen-privat-gruppe-wunder-der-stadt\/","og_site_name":"Wunder der Stadt - Stadtf\u00fchrungen in M\u00fcnchen und Oberbayern","article_modified_time":"2024-01-12T17:31:08+00:00","og_image":[{"width":292,"height":157,"url":"https:\/\/www.wunder-der-stadt.com\/wp-content\/uploads\/WDS_logo2.png","type":"image\/png"}],"twitter_card":"summary_large_image","twitter_misc":{"Est. reading time":"2 minutes"},"schema":{"@context":"https:\/\/schema.org","@graph":[{"@type":"WebPage","@id":"https:\/\/www.wunder-der-stadt.com\/stadtfuerung-muenchen-privat-gruppe-wunder-der-stadt\/","url":"https:\/\/www.wunder-der-stadt.com\/stadtfuerung-muenchen-privat-gruppe-wunder-der-stadt\/","name":"Visites exclusives pour groupes priv\u00e9s","isPartOf":{"@id":"https:\/\/www.wunder-der-stadt.com\/#website"},"datePublished":"2015-07-16T12:02:03+00:00","dateModified":"2024-01-12T17:31:08+00:00","description":"Avec nous vous trouverez la visite qui vous fait envie pour d\u00e9couvrir Munich avec vos amis ou en famille. Vous \u00eates incertain... contactez nous, nous sommes \u00e0 votre dispositon pour trouvez la solution qui vous satisfera ! Nous sommes \u00e0 votre \u00e9coute.","breadcrumb":{"@id":"https:\/\/www.wunder-der-stadt.com\/stadtfuerung-muenchen-privat-gruppe-wunder-der-stadt\/#breadcrumb"},"inLanguage":"en-US","potentialAction":[{"@type":"ReadAction","target":["https:\/\/www.wunder-der-stadt.com\/stadtfuerung-muenchen-privat-gruppe-wunder-der-stadt\/"]}]},{"@type":"BreadcrumbList","@id":"https:\/\/www.wunder-der-stadt.com\/stadtfuerung-muenchen-privat-gruppe-wunder-der-stadt\/#breadcrumb","itemListElement":[{"@type":"ListItem","position":1,"name":"Startseite","item":"https:\/\/www.wunder-der-stadt.com\/"},{"@type":"ListItem","position":2,"name":"Stadtf\u00fchrung in M\u00fcnchen f\u00fcr Privatgruppen"}]},{"@type":"WebSite","@id":"https:\/\/www.wunder-der-stadt.com\/#website","url":"https:\/\/www.wunder-der-stadt.com\/","name":"{:de}Wunder der Stadt - Stadtf\u00fchrungen in M\u00fcnchen und Oberbayern{:}{:fr}Wunder der Stadt - Visites guid\u00e9es \u00e0 Munich et en Bavi\u00e8re{:}","description":"Ihre Agentur f\u00fcr Incomingreisen, Gesch\u00e4ftreisen, Stadtf\u00fchrungen und Privatreisen in M\u00fcnchen und Bayern","publisher":{"@id":"https:\/\/www.wunder-der-stadt.com\/#\/schema\/person\/7ac5370c8e8a38b0625e279f3af2d701"},"potentialAction":[{"@type":"SearchAction","target":{"@type":"EntryPoint","urlTemplate":"https:\/\/www.wunder-der-stadt.com\/?s={search_term_string}"},"query-input":"required name=search_term_string"}],"inLanguage":"en-US"},{"@type":["Person","Organization"],"@id":"https:\/\/www.wunder-der-stadt.com\/#\/schema\/person\/7ac5370c8e8a38b0625e279f3af2d701","name":"Admin","logo":{"@id":"https:\/\/www.wunder-der-stadt.com\/#\/schema\/person\/image\/"}}]}},"_links":{"self":[{"href":"https:\/\/www.wunder-der-stadt.com\/en\/wp-json\/wp\/v2\/pages\/248"}],"collection":[{"href":"https:\/\/www.wunder-der-stadt.com\/en\/wp-json\/wp\/v2\/pages"}],"about":[{"href":"https:\/\/www.wunder-der-stadt.com\/en\/wp-json\/wp\/v2\/types\/page"}],"author":[{"embeddable":true,"href":"https:\/\/www.wunder-der-stadt.com\/en\/wp-json\/wp\/v2\/users\/1"}],"replies":[{"embeddable":true,"href":"https:\/\/www.wunder-der-stadt.com\/en\/wp-json\/wp\/v2\/comments?post=248"}],"version-history":[{"count":49,"href":"https:\/\/www.wunder-der-stadt.com\/en\/wp-json\/wp\/v2\/pages\/248\/revisions"}],"predecessor-version":[{"id":2555,"href":"https:\/\/www.wunder-der-stadt.com\/en\/wp-json\/wp\/v2\/pages\/248\/revisions\/2555"}],"wp:attachment":[{"href":"https:\/\/www.wunder-der-stadt.com\/en\/wp-json\/wp\/v2\/media?parent=248"}],"curies":[{"name":"wp","href":"https:\/\/api.w.org\/{rel}","templated":true}]}}