{"id":1246,"date":"2017-11-23T20:27:40","date_gmt":"2017-11-23T19:27:40","guid":{"rendered":"http:\/\/www.wunder-der-stadt.com\/?post_type=product&#038;p=1246"},"modified":"2026-01-10T17:08:53","modified_gmt":"2026-01-10T16:08:53","slug":"stadtrundfahrt-muenchen-bus","status":"publish","type":"product","link":"https:\/\/www.wunder-der-stadt.com\/en\/tours\/stadtrundfahrt-muenchen-bus\/","title":{"rendered":"F\u00fcr Schulklassen: Stadtrundfahrt mit dem Bus"},"content":{"rendered":"<p><span style=\"font-size: 14pt;\"><strong>F\u00fcr Schulklassen: Stadtrundfahrt mit dem Bus<\/strong><\/span><\/p>\n<p>Mit dieser lustigen Stadtrundfahrt speziell f\u00fcr Schulklassen bekommen Sch\u00fcler einen perfekten \u00dcberblick \u00fcber die Stadt M\u00fcnchen.<\/p>\n<p>Die Sch\u00fcler erfahren mit humorvollen aber fundierten Kommentaren, mit Witz und Lokalkolorit das Wichtigste \u00fcber die ber\u00fchmten M\u00fcnchner und Sehensw\u00fcrdigkeiten der Stadt: vom mittelalterlichen Stadttore und ritterlichen Herz\u00f6gen \u00fcber den pr\u00e4chtigen Bauten des 19. Jahrhunderts (die Pinakotheken, der K\u00f6nigsplatz mit seiner <a href=\"https:\/\/www.wunder-der-stadt.com\/tours\/der-braune-sumpf\/\">nationalsozialistischen Vergangenheit,<\/a> die Ludwig- und die Maximilianstra\u00dfe, das Schloss Nymphenburg) und ihre k\u00f6niglichen Erbauer hin zum <a href=\"https:\/\/www.pinakothek-der-moderne.de\/\">modernen M\u00fcnchen<\/a> (das Olympiapark &amp; die BMW-Welt) und den Surfern des englischen Gartens.<\/p>\n<p>Diese Stadtrundfahrt in M\u00fcnchen f\u00fcr Schulklassen gibt es auch auf <a href=\"https:\/\/www.wunder-der-stadt.com\/fr\/schulklassen\/\">Franz\u00f6sisch<\/a>, Spanisch und Englisch f\u00fcr Ihre Austauschsch\u00fcler!<\/p>\n<p>[vc_row][vc_column][vc_btn title=&#8221;ANFRAGE SENDEN&#8221; shape=&#8221;square&#8221; align=&#8221;left&#8221; link=&#8221;url:http%3A%2F%2Fwww.wunder-der-stadt.com%2Fkontakt%2F|||&#8221;]<br \/>\n<!--more--><\/p>\n<table class=\"table table-bordered tours-tabs__table\" style=\"height: 233px;\" width=\"862\">\n<tbody>\n<tr>\n<td><strong>ABFAHRTSORT<\/strong><\/td>\n<td>variabel<\/td>\n<\/tr>\n<tr>\n<td><b>DAUER<\/b><\/td>\n<td>max. 2 Stunden<\/td>\n<\/tr>\n<tr>\n<td><b>SPEZIAL TARIF SCHULKLASSE<\/b><\/td>\n<td>210,00\u20ac (ohne Bus) \u2013 inkl. 19% MwSt.<\/td>\n<\/tr>\n<tr>\n<td><strong>TEILNEHMERZAHL<\/strong><\/td>\n<td>\n<p class=\"p1\"><span class=\"s1\">max. 50 Personen<\/span><\/p>\n<\/td>\n<\/tr>\n<tr>\n<td><b>NICHT ENTHALTEN<\/b><\/td>\n<td>\n<table class=\"table table-bordered\" style=\"height: 62px;\" width=\"300\">\n<tbody>\n<tr>\n<td><i class=\"fa fa-times icon-tick icon-tick--off\"><\/i>Busmiete (kann auf Anfrage gebucht werden)<\/td>\n<\/tr>\n<\/tbody>\n<\/table>\n<\/td>\n<\/tr>\n<\/tbody>\n<\/table>\n","protected":false},"excerpt":{"rendered":"<p>F\u00fcr Schulklassen: Stadtrundfahrt mit dem Bus Mit dieser lustigen Stadtrundfahrt speziell f\u00fcr Schulklassen bekommen Sch\u00fcler einen perfekten \u00dcberblick \u00fcber die Stadt M\u00fcnchen. Die Sch\u00fcler erfahren mit humorvollen aber fundierten Kommentaren, mit Witz und Lokalkolorit das Wichtigste \u00fcber die ber\u00fchmten M\u00fcnchner und Sehensw\u00fcrdigkeiten der Stadt: vom mittelalterlichen Stadttore und ritterlichen Herz\u00f6gen \u00fcber den pr\u00e4chtigen Bauten des<\/p>\n<div class=\"padding-top text-center\"><a href=\"https:\/\/www.wunder-der-stadt.com\/en\/tours\/stadtrundfahrt-muenchen-bus\/\" class=\"atbtn atbtn--medium atbtn--rounded atbtn--transparent\">Weiterlesen<i class=\"atbtn__icon atbtn__icon--right fa fa-long-arrow-right\"><\/i><\/a><\/div>\n","protected":false},"featured_media":1584,"template":"","meta":[],"product_cat":[103],"product_tag":[88,81],"translation":{"provider":"WPGlobus","version":"3.0.2","language":"en","enabled_languages":["de","en","fr","es"],"languages":{"de":{"title":true,"content":true,"excerpt":false},"en":{"title":false,"content":false,"excerpt":false},"fr":{"title":false,"content":false,"excerpt":false},"es":{"title":false,"content":false,"excerpt":false}}},"yoast_head":"<!-- This site is optimized with the Yoast SEO plugin v22.0 - https:\/\/yoast.com\/wordpress\/plugins\/seo\/ -->\n<title>Stadtrundfahrt in M\u00fcnchen mit dem Bus f\u00fcr Schulklassen<\/title>\n<meta name=\"robots\" content=\"index, follow, max-snippet:-1, max-image-preview:large, max-video-preview:-1\" \/>\n<link rel=\"canonical\" href=\"https:\/\/www.wunder-der-stadt.com\/tours\/stadtrundfahrt-muenchen-bus\/\" \/>\n<meta property=\"og:locale\" content=\"en_US\" \/>\n<meta property=\"og:type\" content=\"article\" \/>\n<meta property=\"og:title\" content=\"F\u00fcr Schulklassen: Stadtrundfahrt mit dem Bus - Wunder der Stadt - Stadtf\u00fchrungen in M\u00fcnchen und Oberbayern\" \/>\n<meta property=\"og:url\" content=\"https:\/\/www.wunder-der-stadt.com\/tours\/stadtrundfahrt-muenchen-bus\/\" \/>\n<meta property=\"og:site_name\" content=\"Wunder der Stadt - Stadtf\u00fchrungen in M\u00fcnchen und Oberbayern\" \/>\n<meta property=\"article:modified_time\" content=\"2026-01-10T16:08:53+00:00\" \/>\n<meta property=\"og:image\" content=\"https:\/\/www.wunder-der-stadt.com\/wp-content\/uploads\/Banner_Maximilianaeum_Foto_L_Gervasi.jpg\" \/>\n\t<meta property=\"og:image:width\" content=\"1400\" \/>\n\t<meta property=\"og:image:height\" content=\"600\" \/>\n\t<meta property=\"og:image:type\" content=\"image\/jpeg\" \/>\n<meta name=\"twitter:card\" content=\"summary_large_image\" \/>\n<meta name=\"twitter:label1\" content=\"Est. reading time\" \/>\n\t<meta name=\"twitter:data1\" content=\"1 minute\" \/>\n<script type=\"application\/ld+json\" class=\"yoast-schema-graph\">{\"@context\":\"https:\/\/schema.org\",\"@graph\":[{\"@type\":\"WebPage\",\"@id\":\"https:\/\/www.wunder-der-stadt.com\/tours\/stadtrundfahrt-muenchen-bus\/\",\"url\":\"https:\/\/www.wunder-der-stadt.com\/tours\/stadtrundfahrt-muenchen-bus\/\",\"name\":\"Stadtrundfahrt in M\u00fcnchen mit dem Bus f\u00fcr Schulklassen\",\"isPartOf\":{\"@id\":\"https:\/\/www.wunder-der-stadt.com\/#website\"},\"datePublished\":\"2017-11-23T19:27:40+00:00\",\"dateModified\":\"2026-01-10T16:08:53+00:00\",\"description\":\"Mit dieser lustigen Stadtrundfahrt mit dem Bus bekommen Sch\u00fcler einen perfekten \u00dcberblick \u00fcber die Stadt M\u00fcnchen.\",\"breadcrumb\":{\"@id\":\"https:\/\/www.wunder-der-stadt.com\/tours\/stadtrundfahrt-muenchen-bus\/#breadcrumb\"},\"inLanguage\":\"en-US\",\"potentialAction\":[{\"@type\":\"ReadAction\",\"target\":[\"https:\/\/www.wunder-der-stadt.com\/tours\/stadtrundfahrt-muenchen-bus\/\"]}]},{\"@type\":\"BreadcrumbList\",\"@id\":\"https:\/\/www.wunder-der-stadt.com\/tours\/stadtrundfahrt-muenchen-bus\/#breadcrumb\",\"itemListElement\":[{\"@type\":\"ListItem\",\"position\":1,\"name\":\"Startseite\",\"item\":\"https:\/\/www.wunder-der-stadt.com\/\"},{\"@type\":\"ListItem\",\"position\":2,\"name\":\"Produkte\",\"item\":\"https:\/\/www.wunder-der-stadt.com\/shop\/\"},{\"@type\":\"ListItem\",\"position\":3,\"name\":\"F\u00fcr Schulklassen: Stadtrundfahrt mit dem Bus\"}]},{\"@type\":\"WebSite\",\"@id\":\"https:\/\/www.wunder-der-stadt.com\/#website\",\"url\":\"https:\/\/www.wunder-der-stadt.com\/\",\"name\":\"{:de}Wunder der Stadt - Stadtf\u00fchrungen in M\u00fcnchen und Oberbayern{:}{:fr}Wunder der Stadt - Visites guid\u00e9es \u00e0 Munich et en Bavi\u00e8re{:}\",\"description\":\"Ihre Agentur f\u00fcr Incomingreisen, Gesch\u00e4ftreisen, Stadtf\u00fchrungen und Privatreisen in M\u00fcnchen und Bayern\",\"publisher\":{\"@id\":\"https:\/\/www.wunder-der-stadt.com\/#\/schema\/person\/7ac5370c8e8a38b0625e279f3af2d701\"},\"potentialAction\":[{\"@type\":\"SearchAction\",\"target\":{\"@type\":\"EntryPoint\",\"urlTemplate\":\"https:\/\/www.wunder-der-stadt.com\/?s={search_term_string}\"},\"query-input\":\"required name=search_term_string\"}],\"inLanguage\":\"en-US\"},{\"@type\":[\"Person\",\"Organization\"],\"@id\":\"https:\/\/www.wunder-der-stadt.com\/#\/schema\/person\/7ac5370c8e8a38b0625e279f3af2d701\",\"name\":\"Admin\",\"logo\":{\"@id\":\"https:\/\/www.wunder-der-stadt.com\/#\/schema\/person\/image\/\"}}]}<\/script>\n<!-- \/ Yoast SEO plugin. -->","yoast_head_json":{"title":"Stadtrundfahrt in M\u00fcnchen mit dem Bus f\u00fcr Schulklassen","robots":{"index":"index","follow":"follow","max-snippet":"max-snippet:-1","max-image-preview":"max-image-preview:large","max-video-preview":"max-video-preview:-1"},"canonical":"https:\/\/www.wunder-der-stadt.com\/tours\/stadtrundfahrt-muenchen-bus\/","og_locale":"en_US","og_type":"article","og_title":"F\u00fcr Schulklassen: Stadtrundfahrt mit dem Bus - Wunder der Stadt - Stadtf\u00fchrungen in M\u00fcnchen und Oberbayern","og_url":"https:\/\/www.wunder-der-stadt.com\/tours\/stadtrundfahrt-muenchen-bus\/","og_site_name":"Wunder der Stadt - Stadtf\u00fchrungen in M\u00fcnchen und Oberbayern","article_modified_time":"2026-01-10T16:08:53+00:00","og_image":[{"width":1400,"height":600,"url":"https:\/\/www.wunder-der-stadt.com\/wp-content\/uploads\/Banner_Maximilianaeum_Foto_L_Gervasi.jpg","type":"image\/jpeg"}],"twitter_card":"summary_large_image","twitter_misc":{"Est. reading time":"1 minute"},"schema":{"@context":"https:\/\/schema.org","@graph":[{"@type":"WebPage","@id":"https:\/\/www.wunder-der-stadt.com\/tours\/stadtrundfahrt-muenchen-bus\/","url":"https:\/\/www.wunder-der-stadt.com\/tours\/stadtrundfahrt-muenchen-bus\/","name":"Stadtrundfahrt in M\u00fcnchen mit dem Bus f\u00fcr Schulklassen","isPartOf":{"@id":"https:\/\/www.wunder-der-stadt.com\/#website"},"datePublished":"2017-11-23T19:27:40+00:00","dateModified":"2026-01-10T16:08:53+00:00","description":"Mit dieser lustigen Stadtrundfahrt mit dem Bus bekommen Sch\u00fcler einen perfekten \u00dcberblick \u00fcber die Stadt M\u00fcnchen.","breadcrumb":{"@id":"https:\/\/www.wunder-der-stadt.com\/tours\/stadtrundfahrt-muenchen-bus\/#breadcrumb"},"inLanguage":"en-US","potentialAction":[{"@type":"ReadAction","target":["https:\/\/www.wunder-der-stadt.com\/tours\/stadtrundfahrt-muenchen-bus\/"]}]},{"@type":"BreadcrumbList","@id":"https:\/\/www.wunder-der-stadt.com\/tours\/stadtrundfahrt-muenchen-bus\/#breadcrumb","itemListElement":[{"@type":"ListItem","position":1,"name":"Startseite","item":"https:\/\/www.wunder-der-stadt.com\/"},{"@type":"ListItem","position":2,"name":"Produkte","item":"https:\/\/www.wunder-der-stadt.com\/shop\/"},{"@type":"ListItem","position":3,"name":"F\u00fcr Schulklassen: Stadtrundfahrt mit dem Bus"}]},{"@type":"WebSite","@id":"https:\/\/www.wunder-der-stadt.com\/#website","url":"https:\/\/www.wunder-der-stadt.com\/","name":"{:de}Wunder der Stadt - Stadtf\u00fchrungen in M\u00fcnchen und Oberbayern{:}{:fr}Wunder der Stadt - Visites guid\u00e9es \u00e0 Munich et en Bavi\u00e8re{:}","description":"Ihre Agentur f\u00fcr Incomingreisen, Gesch\u00e4ftreisen, Stadtf\u00fchrungen und Privatreisen in M\u00fcnchen und Bayern","publisher":{"@id":"https:\/\/www.wunder-der-stadt.com\/#\/schema\/person\/7ac5370c8e8a38b0625e279f3af2d701"},"potentialAction":[{"@type":"SearchAction","target":{"@type":"EntryPoint","urlTemplate":"https:\/\/www.wunder-der-stadt.com\/?s={search_term_string}"},"query-input":"required name=search_term_string"}],"inLanguage":"en-US"},{"@type":["Person","Organization"],"@id":"https:\/\/www.wunder-der-stadt.com\/#\/schema\/person\/7ac5370c8e8a38b0625e279f3af2d701","name":"Admin","logo":{"@id":"https:\/\/www.wunder-der-stadt.com\/#\/schema\/person\/image\/"}}]}},"_links":{"self":[{"href":"https:\/\/www.wunder-der-stadt.com\/en\/wp-json\/wp\/v2\/product\/1246"}],"collection":[{"href":"https:\/\/www.wunder-der-stadt.com\/en\/wp-json\/wp\/v2\/product"}],"about":[{"href":"https:\/\/www.wunder-der-stadt.com\/en\/wp-json\/wp\/v2\/types\/product"}],"wp:featuredmedia":[{"embeddable":true,"href":"https:\/\/www.wunder-der-stadt.com\/en\/wp-json\/wp\/v2\/media\/1584"}],"wp:attachment":[{"href":"https:\/\/www.wunder-der-stadt.com\/en\/wp-json\/wp\/v2\/media?parent=1246"}],"wp:term":[{"taxonomy":"product_cat","embeddable":true,"href":"https:\/\/www.wunder-der-stadt.com\/en\/wp-json\/wp\/v2\/product_cat?post=1246"},{"taxonomy":"product_tag","embeddable":true,"href":"https:\/\/www.wunder-der-stadt.com\/en\/wp-json\/wp\/v2\/product_tag?post=1246"}],"curies":[{"name":"wp","href":"https:\/\/api.w.org\/{rel}","templated":true}]}}