{"id":1252,"date":"2017-11-23T20:36:43","date_gmt":"2017-11-23T19:36:43","guid":{"rendered":"http:\/\/www.wunder-der-stadt.com\/?post_type=product&#038;p=1252"},"modified":"2024-01-03T18:12:42","modified_gmt":"2024-01-03T17:12:42","slug":"klassiker-stadtrundfahrt-muenchen","status":"publish","type":"product","link":"https:\/\/www.wunder-der-stadt.com\/en\/tours\/klassiker-stadtrundfahrt-muenchen\/","title":{"rendered":"Der Klassiker &#8211; Stadtrundfahrt mit dem Bus"},"content":{"rendered":"<p>Mit dieser Rundfahrt erhalten Sie einen perfekten \u00dcberblick \u00fcber die wundersch\u00f6ne Stadt M\u00fcnchen.<\/p>\n<p>Auf unserem Weg befinden sich die wichtigsten Sehensw\u00fcrdigkeiten der Stadt: von den mittelalterlichen Stadttoren \u00fcber den pr\u00e4chtigen Bauten des 19. Jahrhunderts (die Pinakotheken, der K\u00f6nigsplatz mit seiner nationalsozialistischen Vergangenheit, die Ludwig- und die Maximilianstra\u00dfe, das Schloss Nymphenburg\u2026) bis hin zum M\u00fcnchen der Moderne (der Olympiapark und die BMW-Welt).<\/p>\n<p><!--more--><\/p>\n<table class=\"table table-bordered tours-tabs__table\" style=\"height: 233px;\" width=\"862\">\n<tbody>\n<tr>\n<td><strong>ABFAHRTSORT<\/strong><\/td>\n<td>variabel<\/td>\n<\/tr>\n<tr>\n<td><b>DAUER<\/b><\/td>\n<td>max. 2 Stunden<\/td>\n<\/tr>\n<tr>\n<td><b>PREIS<\/b><\/td>\n<td>220,00\u20ac \u2013 inkl. 19% MwSt<\/td>\n<\/tr>\n<tr>\n<td><strong>TEILNEHMERZAHL<\/strong><\/td>\n<td>bis max. 50 Personen<\/td>\n<\/tr>\n<tr>\n<td><b>NICHT ENTHALTEN<\/b><\/td>\n<td>\n<table class=\"table table-bordered\" style=\"height: 62px;\" width=\"300\">\n<tbody>\n<tr>\n<td><i class=\"fa fa-times icon-tick icon-tick--off\"><\/i>Busmiete (kann auf Anfrage gebucht werden)<\/td>\n<\/tr>\n<\/tbody>\n<\/table>\n<\/td>\n<\/tr>\n<\/tbody>\n<\/table>\n<p>&nbsp;<\/p>\n","protected":false},"excerpt":{"rendered":"<p>Mit dieser Rundfahrt erhalten Sie einen perfekten \u00dcberblick \u00fcber die wundersch\u00f6ne Stadt M\u00fcnchen. Auf unserem Weg befinden sich die wichtigsten Sehensw\u00fcrdigkeiten der Stadt: von den mittelalterlichen Stadttoren \u00fcber den pr\u00e4chtigen Bauten des 19. Jahrhunderts (die Pinakotheken, der K\u00f6nigsplatz mit seiner nationalsozialistischen Vergangenheit, die Ludwig- und die Maximilianstra\u00dfe, das Schloss Nymphenburg\u2026) bis hin zum M\u00fcnchen der<\/p>\n<div class=\"padding-top text-center\"><a href=\"https:\/\/www.wunder-der-stadt.com\/en\/tours\/klassiker-stadtrundfahrt-muenchen\/\" class=\"atbtn atbtn--medium atbtn--rounded atbtn--transparent\">Weiterlesen<i class=\"atbtn__icon atbtn__icon--right fa fa-long-arrow-right\"><\/i><\/a><\/div>\n","protected":false},"featured_media":1372,"template":"","meta":[],"product_cat":[103],"product_tag":[81],"translation":{"provider":"WPGlobus","version":"3.0.2","language":"en","enabled_languages":["de","en","fr","es"],"languages":{"de":{"title":true,"content":true,"excerpt":false},"en":{"title":false,"content":false,"excerpt":false},"fr":{"title":false,"content":false,"excerpt":false},"es":{"title":false,"content":false,"excerpt":false}}},"yoast_head":"<!-- This site is optimized with the Yoast SEO plugin v22.0 - https:\/\/yoast.com\/wordpress\/plugins\/seo\/ -->\n<title>Stadtrundfahrt mit dem Bus durch M\u00fcnchen - Wunder der Stadt<\/title>\n<meta name=\"robots\" content=\"index, follow, max-snippet:-1, max-image-preview:large, max-video-preview:-1\" \/>\n<link rel=\"canonical\" href=\"https:\/\/www.wunder-der-stadt.com\/tours\/klassiker-stadtrundfahrt-muenchen\/\" \/>\n<meta property=\"og:locale\" content=\"en_US\" \/>\n<meta property=\"og:type\" content=\"article\" \/>\n<meta property=\"og:title\" content=\"Der Klassiker - Stadtrundfahrt mit dem Bus - Wunder der Stadt - Stadtf\u00fchrungen in M\u00fcnchen und Oberbayern\" \/>\n<meta property=\"og:url\" content=\"https:\/\/www.wunder-der-stadt.com\/tours\/klassiker-stadtrundfahrt-muenchen\/\" \/>\n<meta property=\"og:site_name\" content=\"Wunder der Stadt - Stadtf\u00fchrungen in M\u00fcnchen und Oberbayern\" \/>\n<meta property=\"article:modified_time\" content=\"2024-01-03T17:12:42+00:00\" \/>\n<meta property=\"og:image\" content=\"https:\/\/www.wunder-der-stadt.com\/wp-content\/uploads\/Nr.-0614-Muenchner-Marienplatz-mit-Neuem-Rathaus-und-Frauenkirche-C.-Reiter-scaled.jpg\" \/>\n\t<meta property=\"og:image:width\" content=\"2525\" \/>\n\t<meta property=\"og:image:height\" content=\"2560\" \/>\n\t<meta property=\"og:image:type\" content=\"image\/jpeg\" \/>\n<meta name=\"twitter:card\" content=\"summary_large_image\" \/>\n<meta name=\"twitter:label1\" content=\"Est. reading time\" \/>\n\t<meta name=\"twitter:data1\" content=\"1 minute\" \/>\n<script type=\"application\/ld+json\" class=\"yoast-schema-graph\">{\"@context\":\"https:\/\/schema.org\",\"@graph\":[{\"@type\":\"WebPage\",\"@id\":\"https:\/\/www.wunder-der-stadt.com\/tours\/klassiker-stadtrundfahrt-muenchen\/\",\"url\":\"https:\/\/www.wunder-der-stadt.com\/tours\/klassiker-stadtrundfahrt-muenchen\/\",\"name\":\"Stadtrundfahrt mit dem Bus durch M\u00fcnchen - Wunder der Stadt\",\"isPartOf\":{\"@id\":\"https:\/\/www.wunder-der-stadt.com\/#website\"},\"datePublished\":\"2017-11-23T19:36:43+00:00\",\"dateModified\":\"2024-01-03T17:12:42+00:00\",\"description\":\"Mit dieser Stadtrundfahrt im Bus erhalten Sie einen perfekten \u00dcberblick \u00fcber die wundersch\u00f6nsten Ecken der Isarstadt. Ein Muss bei allen Stadtf\u00fchrungen in M\u00fcnchen.\",\"breadcrumb\":{\"@id\":\"https:\/\/www.wunder-der-stadt.com\/tours\/klassiker-stadtrundfahrt-muenchen\/#breadcrumb\"},\"inLanguage\":\"en-US\",\"potentialAction\":[{\"@type\":\"ReadAction\",\"target\":[\"https:\/\/www.wunder-der-stadt.com\/tours\/klassiker-stadtrundfahrt-muenchen\/\"]}]},{\"@type\":\"BreadcrumbList\",\"@id\":\"https:\/\/www.wunder-der-stadt.com\/tours\/klassiker-stadtrundfahrt-muenchen\/#breadcrumb\",\"itemListElement\":[{\"@type\":\"ListItem\",\"position\":1,\"name\":\"Startseite\",\"item\":\"https:\/\/www.wunder-der-stadt.com\/\"},{\"@type\":\"ListItem\",\"position\":2,\"name\":\"Produkte\",\"item\":\"https:\/\/www.wunder-der-stadt.com\/shop\/\"},{\"@type\":\"ListItem\",\"position\":3,\"name\":\"Der Klassiker &#8211; Stadtrundfahrt mit dem Bus\"}]},{\"@type\":\"WebSite\",\"@id\":\"https:\/\/www.wunder-der-stadt.com\/#website\",\"url\":\"https:\/\/www.wunder-der-stadt.com\/\",\"name\":\"{:de}Wunder der Stadt - Stadtf\u00fchrungen in M\u00fcnchen und Oberbayern{:}{:fr}Wunder der Stadt - Visites guid\u00e9es \u00e0 Munich et en Bavi\u00e8re{:}\",\"description\":\"Ihre Agentur f\u00fcr Incomingreisen, Gesch\u00e4ftreisen, Stadtf\u00fchrungen und Privatreisen in M\u00fcnchen und Bayern\",\"publisher\":{\"@id\":\"https:\/\/www.wunder-der-stadt.com\/#\/schema\/person\/7ac5370c8e8a38b0625e279f3af2d701\"},\"potentialAction\":[{\"@type\":\"SearchAction\",\"target\":{\"@type\":\"EntryPoint\",\"urlTemplate\":\"https:\/\/www.wunder-der-stadt.com\/?s={search_term_string}\"},\"query-input\":\"required name=search_term_string\"}],\"inLanguage\":\"en-US\"},{\"@type\":[\"Person\",\"Organization\"],\"@id\":\"https:\/\/www.wunder-der-stadt.com\/#\/schema\/person\/7ac5370c8e8a38b0625e279f3af2d701\",\"name\":\"Admin\",\"logo\":{\"@id\":\"https:\/\/www.wunder-der-stadt.com\/#\/schema\/person\/image\/\"}}]}<\/script>\n<!-- \/ Yoast SEO plugin. -->","yoast_head_json":{"title":"Stadtrundfahrt mit dem Bus durch M\u00fcnchen - Wunder der Stadt","robots":{"index":"index","follow":"follow","max-snippet":"max-snippet:-1","max-image-preview":"max-image-preview:large","max-video-preview":"max-video-preview:-1"},"canonical":"https:\/\/www.wunder-der-stadt.com\/tours\/klassiker-stadtrundfahrt-muenchen\/","og_locale":"en_US","og_type":"article","og_title":"Der Klassiker - Stadtrundfahrt mit dem Bus - Wunder der Stadt - Stadtf\u00fchrungen in M\u00fcnchen und Oberbayern","og_url":"https:\/\/www.wunder-der-stadt.com\/tours\/klassiker-stadtrundfahrt-muenchen\/","og_site_name":"Wunder der Stadt - Stadtf\u00fchrungen in M\u00fcnchen und Oberbayern","article_modified_time":"2024-01-03T17:12:42+00:00","og_image":[{"width":2525,"height":2560,"url":"https:\/\/www.wunder-der-stadt.com\/wp-content\/uploads\/Nr.-0614-Muenchner-Marienplatz-mit-Neuem-Rathaus-und-Frauenkirche-C.-Reiter-scaled.jpg","type":"image\/jpeg"}],"twitter_card":"summary_large_image","twitter_misc":{"Est. reading time":"1 minute"},"schema":{"@context":"https:\/\/schema.org","@graph":[{"@type":"WebPage","@id":"https:\/\/www.wunder-der-stadt.com\/tours\/klassiker-stadtrundfahrt-muenchen\/","url":"https:\/\/www.wunder-der-stadt.com\/tours\/klassiker-stadtrundfahrt-muenchen\/","name":"Stadtrundfahrt mit dem Bus durch M\u00fcnchen - Wunder der Stadt","isPartOf":{"@id":"https:\/\/www.wunder-der-stadt.com\/#website"},"datePublished":"2017-11-23T19:36:43+00:00","dateModified":"2024-01-03T17:12:42+00:00","description":"Mit dieser Stadtrundfahrt im Bus erhalten Sie einen perfekten \u00dcberblick \u00fcber die wundersch\u00f6nsten Ecken der Isarstadt. Ein Muss bei allen Stadtf\u00fchrungen in M\u00fcnchen.","breadcrumb":{"@id":"https:\/\/www.wunder-der-stadt.com\/tours\/klassiker-stadtrundfahrt-muenchen\/#breadcrumb"},"inLanguage":"en-US","potentialAction":[{"@type":"ReadAction","target":["https:\/\/www.wunder-der-stadt.com\/tours\/klassiker-stadtrundfahrt-muenchen\/"]}]},{"@type":"BreadcrumbList","@id":"https:\/\/www.wunder-der-stadt.com\/tours\/klassiker-stadtrundfahrt-muenchen\/#breadcrumb","itemListElement":[{"@type":"ListItem","position":1,"name":"Startseite","item":"https:\/\/www.wunder-der-stadt.com\/"},{"@type":"ListItem","position":2,"name":"Produkte","item":"https:\/\/www.wunder-der-stadt.com\/shop\/"},{"@type":"ListItem","position":3,"name":"Der Klassiker &#8211; Stadtrundfahrt mit dem Bus"}]},{"@type":"WebSite","@id":"https:\/\/www.wunder-der-stadt.com\/#website","url":"https:\/\/www.wunder-der-stadt.com\/","name":"{:de}Wunder der Stadt - Stadtf\u00fchrungen in M\u00fcnchen und Oberbayern{:}{:fr}Wunder der Stadt - Visites guid\u00e9es \u00e0 Munich et en Bavi\u00e8re{:}","description":"Ihre Agentur f\u00fcr Incomingreisen, Gesch\u00e4ftreisen, Stadtf\u00fchrungen und Privatreisen in M\u00fcnchen und Bayern","publisher":{"@id":"https:\/\/www.wunder-der-stadt.com\/#\/schema\/person\/7ac5370c8e8a38b0625e279f3af2d701"},"potentialAction":[{"@type":"SearchAction","target":{"@type":"EntryPoint","urlTemplate":"https:\/\/www.wunder-der-stadt.com\/?s={search_term_string}"},"query-input":"required name=search_term_string"}],"inLanguage":"en-US"},{"@type":["Person","Organization"],"@id":"https:\/\/www.wunder-der-stadt.com\/#\/schema\/person\/7ac5370c8e8a38b0625e279f3af2d701","name":"Admin","logo":{"@id":"https:\/\/www.wunder-der-stadt.com\/#\/schema\/person\/image\/"}}]}},"_links":{"self":[{"href":"https:\/\/www.wunder-der-stadt.com\/en\/wp-json\/wp\/v2\/product\/1252"}],"collection":[{"href":"https:\/\/www.wunder-der-stadt.com\/en\/wp-json\/wp\/v2\/product"}],"about":[{"href":"https:\/\/www.wunder-der-stadt.com\/en\/wp-json\/wp\/v2\/types\/product"}],"wp:featuredmedia":[{"embeddable":true,"href":"https:\/\/www.wunder-der-stadt.com\/en\/wp-json\/wp\/v2\/media\/1372"}],"wp:attachment":[{"href":"https:\/\/www.wunder-der-stadt.com\/en\/wp-json\/wp\/v2\/media?parent=1252"}],"wp:term":[{"taxonomy":"product_cat","embeddable":true,"href":"https:\/\/www.wunder-der-stadt.com\/en\/wp-json\/wp\/v2\/product_cat?post=1252"},{"taxonomy":"product_tag","embeddable":true,"href":"https:\/\/www.wunder-der-stadt.com\/en\/wp-json\/wp\/v2\/product_tag?post=1252"}],"curies":[{"name":"wp","href":"https:\/\/api.w.org\/{rel}","templated":true}]}}