{"id":1381,"date":"2018-01-01T16:27:17","date_gmt":"2018-01-01T15:27:17","guid":{"rendered":"http:\/\/www.wunder-der-stadt.com\/?post_type=product&#038;p=1381"},"modified":"2026-01-23T17:25:24","modified_gmt":"2026-01-23T16:25:24","slug":"stadtrundfahrt-rundgang-altstadt","status":"publish","type":"product","link":"https:\/\/www.wunder-der-stadt.com\/en\/tours\/stadtrundfahrt-rundgang-altstadt\/","title":{"rendered":"F\u00fcr Schulklasse &#8211; Stadtrundfahrt &#038; Rundgang durch die Altstadt"},"content":{"rendered":"<p>Diese Busrundfahrt bringt Sie an die wichtigsten Orte in und um M\u00fcnchen herum.<\/p>\n<p>Sie besuchen den K\u00f6nigsplatz, das Schloss Nymphenburg mit einer kurzen Fotopause, den Olympiapark, die BMW-Welt sowie die Ludwigstra\u00dfe, usw.<\/p>\n<p><span style=\"line-height: inherit;\">Anschlie\u00dfend entdecken Sie die Altstadt bei einem einst\u00fcndigen Spaziergang: Viktualienmarkt, Marienplatz, Hofbr\u00e4uhaus, Frauenkirche\u2026<\/span><\/p>\n<p><span style=\"line-height: inherit;\">Das ist nur eine kleine Auswahl von dem, was Sie erwartet!<\/span><\/p>\n<p>[vc_row][vc_column][vc_btn title=&#8221;ANFRAGE SENDEN&#8221; shape=&#8221;square&#8221; align=&#8221;left&#8221; link=&#8221;url:http%3A%2F%2Fwww.wunder-der-stadt.com%2Fkontakt%2F|||&#8221;]<br \/>\n<!--more--><\/p>\n<table class=\"table table-bordered tours-tabs__table\" style=\"height: 233px;\" width=\"862\">\n<tbody>\n<tr>\n<td><strong>STARTPUNKT<\/strong><\/td>\n<td>variabel<\/td>\n<\/tr>\n<tr>\n<td><b>DAUER<\/b><\/td>\n<td>max. 3 Stunden<\/td>\n<\/tr>\n<tr>\n<td><b>PREIS<\/b><\/td>\n<td>\n<p class=\"p1\"><span class=\"s1\">250,00\u20ac (ohne Bus) +<span class=\"Apple-converted-space\">\u00a0 20<\/span>0,00\u20ac (bei Gruppen mit \u00fcber 30 Teilnehmer wird die Gruppe f\u00fcr den Rundgang geteilt) &#8211; inkl. 19% MwSt<\/span><span class=\"s1\">\u00a0<\/span><\/p>\n<\/td>\n<\/tr>\n<tr>\n<td><strong>TEILNEHMERZAHL<\/strong><\/td>\n<td>\n<p class=\"p1\"><span class=\"s1\">max. 50 Personen f\u00fcr die Rundfahrt bzw. max 30 Personen f\u00fcr den Rundgang<\/span><\/p>\n<\/td>\n<\/tr>\n<\/tbody>\n<\/table>\n<p>&nbsp;<\/p>\n","protected":false},"excerpt":{"rendered":"<p>Diese Busrundfahrt bringt Sie an die wichtigsten Orte in und um M\u00fcnchen herum. Sie besuchen den K\u00f6nigsplatz, das Schloss Nymphenburg mit einer kurzen Fotopause, den Olympiapark, die BMW-Welt sowie die Ludwigstra\u00dfe, usw. Anschlie\u00dfend entdecken Sie die Altstadt bei einem einst\u00fcndigen Spaziergang: Viktualienmarkt, Marienplatz, Hofbr\u00e4uhaus, Frauenkirche\u2026 Das ist nur eine kleine Auswahl von dem, was Sie<\/p>\n<div class=\"padding-top text-center\"><a href=\"https:\/\/www.wunder-der-stadt.com\/en\/tours\/stadtrundfahrt-rundgang-altstadt\/\" class=\"atbtn atbtn--medium atbtn--rounded atbtn--transparent\">Weiterlesen<i class=\"atbtn__icon atbtn__icon--right fa fa-long-arrow-right\"><\/i><\/a><\/div>\n","protected":false},"featured_media":1585,"template":"","meta":[],"product_cat":[103],"product_tag":[76,81,75],"translation":{"provider":"WPGlobus","version":"3.0.2","language":"en","enabled_languages":["de","en","fr","es"],"languages":{"de":{"title":true,"content":true,"excerpt":false},"en":{"title":false,"content":false,"excerpt":false},"fr":{"title":false,"content":false,"excerpt":false},"es":{"title":false,"content":false,"excerpt":false}}},"yoast_head":"<!-- This site is optimized with the Yoast SEO plugin v22.0 - https:\/\/yoast.com\/wordpress\/plugins\/seo\/ -->\n<title>F\u00fcr Schulklasse - Stadtrundfahrt &amp; Rundgang durch die Altstadt - Wunder der Stadt - Stadtf\u00fchrungen in M\u00fcnchen und Oberbayern<\/title>\n<meta name=\"robots\" content=\"index, follow, max-snippet:-1, max-image-preview:large, max-video-preview:-1\" \/>\n<link rel=\"canonical\" href=\"https:\/\/www.wunder-der-stadt.com\/tours\/stadtrundfahrt-rundgang-altstadt\/\" \/>\n<meta property=\"og:locale\" content=\"en_US\" \/>\n<meta property=\"og:type\" content=\"article\" \/>\n<meta property=\"og:title\" content=\"F\u00fcr Schulklasse - Stadtrundfahrt &amp; Rundgang durch die Altstadt - Wunder der Stadt - Stadtf\u00fchrungen in M\u00fcnchen und Oberbayern\" \/>\n<meta property=\"og:url\" content=\"https:\/\/www.wunder-der-stadt.com\/tours\/stadtrundfahrt-rundgang-altstadt\/\" \/>\n<meta property=\"og:site_name\" content=\"Wunder der Stadt - Stadtf\u00fchrungen in M\u00fcnchen und Oberbayern\" \/>\n<meta property=\"article:modified_time\" content=\"2026-01-23T16:25:24+00:00\" \/>\n<meta property=\"og:image\" content=\"https:\/\/www.wunder-der-stadt.com\/wp-content\/uploads\/Banner_Monopteros_im_Englischen_Garten_Foto_Luis_Gervasi.jpg\" \/>\n\t<meta property=\"og:image:width\" content=\"1400\" \/>\n\t<meta property=\"og:image:height\" content=\"600\" \/>\n\t<meta property=\"og:image:type\" content=\"image\/jpeg\" \/>\n<meta name=\"twitter:card\" content=\"summary_large_image\" \/>\n<meta name=\"twitter:label1\" content=\"Est. reading time\" \/>\n\t<meta name=\"twitter:data1\" content=\"1 minute\" \/>\n<script type=\"application\/ld+json\" class=\"yoast-schema-graph\">{\"@context\":\"https:\/\/schema.org\",\"@graph\":[{\"@type\":\"WebPage\",\"@id\":\"https:\/\/www.wunder-der-stadt.com\/tours\/stadtrundfahrt-rundgang-altstadt\/\",\"url\":\"https:\/\/www.wunder-der-stadt.com\/tours\/stadtrundfahrt-rundgang-altstadt\/\",\"name\":\"F\u00fcr Schulklasse - Stadtrundfahrt & Rundgang durch die Altstadt - Wunder der Stadt - Stadtf\u00fchrungen in M\u00fcnchen und Oberbayern\",\"isPartOf\":{\"@id\":\"https:\/\/www.wunder-der-stadt.com\/#website\"},\"datePublished\":\"2018-01-01T15:27:17+00:00\",\"dateModified\":\"2026-01-23T16:25:24+00:00\",\"breadcrumb\":{\"@id\":\"https:\/\/www.wunder-der-stadt.com\/tours\/stadtrundfahrt-rundgang-altstadt\/#breadcrumb\"},\"inLanguage\":\"en-US\",\"potentialAction\":[{\"@type\":\"ReadAction\",\"target\":[\"https:\/\/www.wunder-der-stadt.com\/tours\/stadtrundfahrt-rundgang-altstadt\/\"]}]},{\"@type\":\"BreadcrumbList\",\"@id\":\"https:\/\/www.wunder-der-stadt.com\/tours\/stadtrundfahrt-rundgang-altstadt\/#breadcrumb\",\"itemListElement\":[{\"@type\":\"ListItem\",\"position\":1,\"name\":\"Startseite\",\"item\":\"https:\/\/www.wunder-der-stadt.com\/\"},{\"@type\":\"ListItem\",\"position\":2,\"name\":\"Produkte\",\"item\":\"https:\/\/www.wunder-der-stadt.com\/shop\/\"},{\"@type\":\"ListItem\",\"position\":3,\"name\":\"F\u00fcr Schulklasse &#8211; Stadtrundfahrt &#038; Rundgang durch die Altstadt\"}]},{\"@type\":\"WebSite\",\"@id\":\"https:\/\/www.wunder-der-stadt.com\/#website\",\"url\":\"https:\/\/www.wunder-der-stadt.com\/\",\"name\":\"{:de}Wunder der Stadt - Stadtf\u00fchrungen in M\u00fcnchen und Oberbayern{:}{:fr}Wunder der Stadt - Visites guid\u00e9es \u00e0 Munich et en Bavi\u00e8re{:}\",\"description\":\"Ihre Agentur f\u00fcr Incomingreisen, Gesch\u00e4ftreisen, Stadtf\u00fchrungen und Privatreisen in M\u00fcnchen und Bayern\",\"publisher\":{\"@id\":\"https:\/\/www.wunder-der-stadt.com\/#\/schema\/person\/7ac5370c8e8a38b0625e279f3af2d701\"},\"potentialAction\":[{\"@type\":\"SearchAction\",\"target\":{\"@type\":\"EntryPoint\",\"urlTemplate\":\"https:\/\/www.wunder-der-stadt.com\/?s={search_term_string}\"},\"query-input\":\"required name=search_term_string\"}],\"inLanguage\":\"en-US\"},{\"@type\":[\"Person\",\"Organization\"],\"@id\":\"https:\/\/www.wunder-der-stadt.com\/#\/schema\/person\/7ac5370c8e8a38b0625e279f3af2d701\",\"name\":\"Admin\",\"logo\":{\"@id\":\"https:\/\/www.wunder-der-stadt.com\/#\/schema\/person\/image\/\"}}]}<\/script>\n<!-- \/ Yoast SEO plugin. -->","yoast_head_json":{"title":"F\u00fcr Schulklasse - Stadtrundfahrt & Rundgang durch die Altstadt - Wunder der Stadt - Stadtf\u00fchrungen in M\u00fcnchen und Oberbayern","robots":{"index":"index","follow":"follow","max-snippet":"max-snippet:-1","max-image-preview":"max-image-preview:large","max-video-preview":"max-video-preview:-1"},"canonical":"https:\/\/www.wunder-der-stadt.com\/tours\/stadtrundfahrt-rundgang-altstadt\/","og_locale":"en_US","og_type":"article","og_title":"F\u00fcr Schulklasse - Stadtrundfahrt & Rundgang durch die Altstadt - Wunder der Stadt - Stadtf\u00fchrungen in M\u00fcnchen und Oberbayern","og_url":"https:\/\/www.wunder-der-stadt.com\/tours\/stadtrundfahrt-rundgang-altstadt\/","og_site_name":"Wunder der Stadt - Stadtf\u00fchrungen in M\u00fcnchen und Oberbayern","article_modified_time":"2026-01-23T16:25:24+00:00","og_image":[{"width":1400,"height":600,"url":"https:\/\/www.wunder-der-stadt.com\/wp-content\/uploads\/Banner_Monopteros_im_Englischen_Garten_Foto_Luis_Gervasi.jpg","type":"image\/jpeg"}],"twitter_card":"summary_large_image","twitter_misc":{"Est. reading time":"1 minute"},"schema":{"@context":"https:\/\/schema.org","@graph":[{"@type":"WebPage","@id":"https:\/\/www.wunder-der-stadt.com\/tours\/stadtrundfahrt-rundgang-altstadt\/","url":"https:\/\/www.wunder-der-stadt.com\/tours\/stadtrundfahrt-rundgang-altstadt\/","name":"F\u00fcr Schulklasse - Stadtrundfahrt & Rundgang durch die Altstadt - Wunder der Stadt - Stadtf\u00fchrungen in M\u00fcnchen und Oberbayern","isPartOf":{"@id":"https:\/\/www.wunder-der-stadt.com\/#website"},"datePublished":"2018-01-01T15:27:17+00:00","dateModified":"2026-01-23T16:25:24+00:00","breadcrumb":{"@id":"https:\/\/www.wunder-der-stadt.com\/tours\/stadtrundfahrt-rundgang-altstadt\/#breadcrumb"},"inLanguage":"en-US","potentialAction":[{"@type":"ReadAction","target":["https:\/\/www.wunder-der-stadt.com\/tours\/stadtrundfahrt-rundgang-altstadt\/"]}]},{"@type":"BreadcrumbList","@id":"https:\/\/www.wunder-der-stadt.com\/tours\/stadtrundfahrt-rundgang-altstadt\/#breadcrumb","itemListElement":[{"@type":"ListItem","position":1,"name":"Startseite","item":"https:\/\/www.wunder-der-stadt.com\/"},{"@type":"ListItem","position":2,"name":"Produkte","item":"https:\/\/www.wunder-der-stadt.com\/shop\/"},{"@type":"ListItem","position":3,"name":"F\u00fcr Schulklasse &#8211; Stadtrundfahrt &#038; Rundgang durch die Altstadt"}]},{"@type":"WebSite","@id":"https:\/\/www.wunder-der-stadt.com\/#website","url":"https:\/\/www.wunder-der-stadt.com\/","name":"{:de}Wunder der Stadt - Stadtf\u00fchrungen in M\u00fcnchen und Oberbayern{:}{:fr}Wunder der Stadt - Visites guid\u00e9es \u00e0 Munich et en Bavi\u00e8re{:}","description":"Ihre Agentur f\u00fcr Incomingreisen, Gesch\u00e4ftreisen, Stadtf\u00fchrungen und Privatreisen in M\u00fcnchen und Bayern","publisher":{"@id":"https:\/\/www.wunder-der-stadt.com\/#\/schema\/person\/7ac5370c8e8a38b0625e279f3af2d701"},"potentialAction":[{"@type":"SearchAction","target":{"@type":"EntryPoint","urlTemplate":"https:\/\/www.wunder-der-stadt.com\/?s={search_term_string}"},"query-input":"required name=search_term_string"}],"inLanguage":"en-US"},{"@type":["Person","Organization"],"@id":"https:\/\/www.wunder-der-stadt.com\/#\/schema\/person\/7ac5370c8e8a38b0625e279f3af2d701","name":"Admin","logo":{"@id":"https:\/\/www.wunder-der-stadt.com\/#\/schema\/person\/image\/"}}]}},"_links":{"self":[{"href":"https:\/\/www.wunder-der-stadt.com\/en\/wp-json\/wp\/v2\/product\/1381"}],"collection":[{"href":"https:\/\/www.wunder-der-stadt.com\/en\/wp-json\/wp\/v2\/product"}],"about":[{"href":"https:\/\/www.wunder-der-stadt.com\/en\/wp-json\/wp\/v2\/types\/product"}],"wp:featuredmedia":[{"embeddable":true,"href":"https:\/\/www.wunder-der-stadt.com\/en\/wp-json\/wp\/v2\/media\/1585"}],"wp:attachment":[{"href":"https:\/\/www.wunder-der-stadt.com\/en\/wp-json\/wp\/v2\/media?parent=1381"}],"wp:term":[{"taxonomy":"product_cat","embeddable":true,"href":"https:\/\/www.wunder-der-stadt.com\/en\/wp-json\/wp\/v2\/product_cat?post=1381"},{"taxonomy":"product_tag","embeddable":true,"href":"https:\/\/www.wunder-der-stadt.com\/en\/wp-json\/wp\/v2\/product_tag?post=1381"}],"curies":[{"name":"wp","href":"https:\/\/api.w.org\/{rel}","templated":true}]}}