{"id":1749,"date":"2018-03-21T12:45:34","date_gmt":"2018-03-21T11:45:34","guid":{"rendered":"http:\/\/www.wunder-der-stadt.com\/?post_type=product&#038;p=1749"},"modified":"2024-01-12T18:30:59","modified_gmt":"2024-01-12T17:30:59","slug":"fr-munich-larchitecture-moderne","status":"publish","type":"product","link":"https:\/\/www.wunder-der-stadt.com\/en\/tours\/fr-munich-larchitecture-moderne\/","title":{"rendered":"Munich \u2013 L\u2019architecture contemporaine"},"content":{"rendered":"<p>Les plus grands noms de l\u2019architecture contemporaine on attendu longtemps&#8230;<\/p>\n<p><span style=\"line-height: inherit;\">&#8230;mais aujourd\u2019hui ils ont trouv\u00e9 le chemin jusque dans la capitale bavaroise.<br \/>\nModernit\u00e9, esth\u00e9tique, fonctionnalit\u00e9, technique, design \u2013 toutes ces facettes de l\u2019architecture moderne sont \u00e0 admirer dans la ville.<br \/>\nLe \u00ab Monde de BMW \u00bb, le complexe olympique de 1972, le mus\u00e9e Brandhorst, la pinacoth\u00e8que d&#8217;art modern, la centrale commerciale de Mercedes-Benz, l\u2019\u00e9cole des beaux-arts et nous nous arr\u00eatons \u00e0 l&#8217;\u00e9glise Herz-Jesu, ou la pinacoth\u00e8que d\u2019art moderne, autant de chef-d\u2019\u0153uvres de l\u2019architecture du XX\u00e8me et du XXI\u00e8me si\u00e8cle \u00e0 d\u00e9couvrir dans la capitale bavaroise.<\/span><\/p>\n<p class=\"p1\"><span class=\"s1\">Visite recommand\u00e9 pour les <a href=\"https:\/\/www.wunder-der-stadt.com\/fr\/city-tours-for-school-trips-to-munich-special-fare\/\">groupes scolaires<\/a><\/span><\/p>\n<p><!--more--><\/p>\n<table class=\"table table-bordered tours-tabs__table\" style=\"height: 233px;\" width=\"862\">\n<tbody>\n<tr>\n<td><strong>Depart<\/strong><\/td>\n<td>\n<p class=\"p1\">Variabel<\/p>\n<\/td>\n<\/tr>\n<tr>\n<td><b>Dur\u00e9e<\/b><\/td>\n<td>max. 3 heures<\/td>\n<\/tr>\n<tr>\n<td><b>Tarif<\/b><\/td>\n<td>\n<p class=\"p1\"><span class=\"s1\">240,00\u20ac 19% TVA inclue sans autocar (Autocar sur demande)<\/span><\/p>\n<\/td>\n<\/tr>\n<tr>\n<td><strong>Nombre de participants<\/strong><\/td>\n<td>\n<p class=\"p1\"><span class=\"s1\">max. 30 Personen<\/span><\/p>\n<\/td>\n<\/tr>\n<\/tbody>\n<\/table>\n<p>&nbsp;<\/p>\n","protected":false},"excerpt":{"rendered":"<p>Les plus grands noms de l\u2019architecture contemporaine on attendu longtemps&#8230; &#8230;mais aujourd\u2019hui ils ont trouv\u00e9 le chemin jusque dans la capitale bavaroise. Modernit\u00e9, esth\u00e9tique, fonctionnalit\u00e9, technique, design \u2013 toutes ces facettes de l\u2019architecture moderne sont \u00e0 admirer dans la ville. Le \u00ab Monde de BMW \u00bb, le complexe olympique de 1972, le mus\u00e9e Brandhorst, la<\/p>\n<div class=\"padding-top text-center\"><a href=\"https:\/\/www.wunder-der-stadt.com\/en\/tours\/fr-munich-larchitecture-moderne\/\" class=\"atbtn atbtn--medium atbtn--rounded atbtn--transparent\">Weiterlesen<i class=\"atbtn__icon atbtn__icon--right fa fa-long-arrow-right\"><\/i><\/a><\/div>\n","protected":false},"featured_media":1505,"template":"","meta":[],"product_cat":[103],"product_tag":[104,101,102,81],"translation":{"provider":"WPGlobus","version":"3.0.2","language":"en","enabled_languages":["de","en","fr","es"],"languages":{"de":{"title":true,"content":true,"excerpt":false},"en":{"title":false,"content":false,"excerpt":false},"fr":{"title":false,"content":false,"excerpt":false},"es":{"title":false,"content":false,"excerpt":false}}},"yoast_head":"<!-- This site is optimized with the Yoast SEO plugin v22.0 - https:\/\/yoast.com\/wordpress\/plugins\/seo\/ -->\n<title>Munich \u2013 L\u2019architecture contemporaine - Wunder der Stadt - Stadtf\u00fchrungen in M\u00fcnchen und Oberbayern<\/title>\n<meta name=\"robots\" content=\"index, follow, max-snippet:-1, max-image-preview:large, max-video-preview:-1\" \/>\n<link rel=\"canonical\" href=\"https:\/\/www.wunder-der-stadt.com\/tours\/fr-munich-larchitecture-moderne\/\" \/>\n<meta property=\"og:locale\" content=\"en_US\" \/>\n<meta property=\"og:type\" content=\"article\" \/>\n<meta property=\"og:title\" content=\"Munich \u2013 L\u2019architecture contemporaine - Wunder der Stadt - Stadtf\u00fchrungen in M\u00fcnchen und Oberbayern\" \/>\n<meta property=\"og:url\" content=\"https:\/\/www.wunder-der-stadt.com\/tours\/fr-munich-larchitecture-moderne\/\" \/>\n<meta property=\"og:site_name\" content=\"Wunder der Stadt - Stadtf\u00fchrungen in M\u00fcnchen und Oberbayern\" \/>\n<meta property=\"article:modified_time\" content=\"2024-01-12T17:30:59+00:00\" \/>\n<meta property=\"og:image\" content=\"https:\/\/www.wunder-der-stadt.com\/wp-content\/uploads\/Winter3.jpg\" \/>\n\t<meta property=\"og:image:width\" content=\"1400\" \/>\n\t<meta property=\"og:image:height\" content=\"600\" \/>\n\t<meta property=\"og:image:type\" content=\"image\/jpeg\" \/>\n<meta name=\"twitter:card\" content=\"summary_large_image\" \/>\n<meta name=\"twitter:label1\" content=\"Est. reading time\" \/>\n\t<meta name=\"twitter:data1\" content=\"1 minute\" \/>\n<script type=\"application\/ld+json\" class=\"yoast-schema-graph\">{\"@context\":\"https:\/\/schema.org\",\"@graph\":[{\"@type\":\"WebPage\",\"@id\":\"https:\/\/www.wunder-der-stadt.com\/tours\/fr-munich-larchitecture-moderne\/\",\"url\":\"https:\/\/www.wunder-der-stadt.com\/tours\/fr-munich-larchitecture-moderne\/\",\"name\":\"Munich \u2013 L\u2019architecture contemporaine - Wunder der Stadt - Stadtf\u00fchrungen in M\u00fcnchen und Oberbayern\",\"isPartOf\":{\"@id\":\"https:\/\/www.wunder-der-stadt.com\/#website\"},\"datePublished\":\"2018-03-21T11:45:34+00:00\",\"dateModified\":\"2024-01-12T17:30:59+00:00\",\"breadcrumb\":{\"@id\":\"https:\/\/www.wunder-der-stadt.com\/tours\/fr-munich-larchitecture-moderne\/#breadcrumb\"},\"inLanguage\":\"en-US\",\"potentialAction\":[{\"@type\":\"ReadAction\",\"target\":[\"https:\/\/www.wunder-der-stadt.com\/tours\/fr-munich-larchitecture-moderne\/\"]}]},{\"@type\":\"BreadcrumbList\",\"@id\":\"https:\/\/www.wunder-der-stadt.com\/tours\/fr-munich-larchitecture-moderne\/#breadcrumb\",\"itemListElement\":[{\"@type\":\"ListItem\",\"position\":1,\"name\":\"Startseite\",\"item\":\"https:\/\/www.wunder-der-stadt.com\/\"},{\"@type\":\"ListItem\",\"position\":2,\"name\":\"Produkte\",\"item\":\"https:\/\/www.wunder-der-stadt.com\/shop\/\"},{\"@type\":\"ListItem\",\"position\":3,\"name\":\"Munich \u2013 L\u2019architecture contemporaine\"}]},{\"@type\":\"WebSite\",\"@id\":\"https:\/\/www.wunder-der-stadt.com\/#website\",\"url\":\"https:\/\/www.wunder-der-stadt.com\/\",\"name\":\"{:de}Wunder der Stadt - Stadtf\u00fchrungen in M\u00fcnchen und Oberbayern{:}{:fr}Wunder der Stadt - Visites guid\u00e9es \u00e0 Munich et en Bavi\u00e8re{:}\",\"description\":\"Ihre Agentur f\u00fcr Incomingreisen, Gesch\u00e4ftreisen, Stadtf\u00fchrungen und Privatreisen in M\u00fcnchen und Bayern\",\"publisher\":{\"@id\":\"https:\/\/www.wunder-der-stadt.com\/#\/schema\/person\/7ac5370c8e8a38b0625e279f3af2d701\"},\"potentialAction\":[{\"@type\":\"SearchAction\",\"target\":{\"@type\":\"EntryPoint\",\"urlTemplate\":\"https:\/\/www.wunder-der-stadt.com\/?s={search_term_string}\"},\"query-input\":\"required name=search_term_string\"}],\"inLanguage\":\"en-US\"},{\"@type\":[\"Person\",\"Organization\"],\"@id\":\"https:\/\/www.wunder-der-stadt.com\/#\/schema\/person\/7ac5370c8e8a38b0625e279f3af2d701\",\"name\":\"Admin\",\"logo\":{\"@id\":\"https:\/\/www.wunder-der-stadt.com\/#\/schema\/person\/image\/\"}}]}<\/script>\n<!-- \/ Yoast SEO plugin. -->","yoast_head_json":{"title":"Munich \u2013 L\u2019architecture contemporaine - Wunder der Stadt - Stadtf\u00fchrungen in M\u00fcnchen und Oberbayern","robots":{"index":"index","follow":"follow","max-snippet":"max-snippet:-1","max-image-preview":"max-image-preview:large","max-video-preview":"max-video-preview:-1"},"canonical":"https:\/\/www.wunder-der-stadt.com\/tours\/fr-munich-larchitecture-moderne\/","og_locale":"en_US","og_type":"article","og_title":"Munich \u2013 L\u2019architecture contemporaine - Wunder der Stadt - Stadtf\u00fchrungen in M\u00fcnchen und Oberbayern","og_url":"https:\/\/www.wunder-der-stadt.com\/tours\/fr-munich-larchitecture-moderne\/","og_site_name":"Wunder der Stadt - Stadtf\u00fchrungen in M\u00fcnchen und Oberbayern","article_modified_time":"2024-01-12T17:30:59+00:00","og_image":[{"width":1400,"height":600,"url":"https:\/\/www.wunder-der-stadt.com\/wp-content\/uploads\/Winter3.jpg","type":"image\/jpeg"}],"twitter_card":"summary_large_image","twitter_misc":{"Est. reading time":"1 minute"},"schema":{"@context":"https:\/\/schema.org","@graph":[{"@type":"WebPage","@id":"https:\/\/www.wunder-der-stadt.com\/tours\/fr-munich-larchitecture-moderne\/","url":"https:\/\/www.wunder-der-stadt.com\/tours\/fr-munich-larchitecture-moderne\/","name":"Munich \u2013 L\u2019architecture contemporaine - Wunder der Stadt - Stadtf\u00fchrungen in M\u00fcnchen und Oberbayern","isPartOf":{"@id":"https:\/\/www.wunder-der-stadt.com\/#website"},"datePublished":"2018-03-21T11:45:34+00:00","dateModified":"2024-01-12T17:30:59+00:00","breadcrumb":{"@id":"https:\/\/www.wunder-der-stadt.com\/tours\/fr-munich-larchitecture-moderne\/#breadcrumb"},"inLanguage":"en-US","potentialAction":[{"@type":"ReadAction","target":["https:\/\/www.wunder-der-stadt.com\/tours\/fr-munich-larchitecture-moderne\/"]}]},{"@type":"BreadcrumbList","@id":"https:\/\/www.wunder-der-stadt.com\/tours\/fr-munich-larchitecture-moderne\/#breadcrumb","itemListElement":[{"@type":"ListItem","position":1,"name":"Startseite","item":"https:\/\/www.wunder-der-stadt.com\/"},{"@type":"ListItem","position":2,"name":"Produkte","item":"https:\/\/www.wunder-der-stadt.com\/shop\/"},{"@type":"ListItem","position":3,"name":"Munich \u2013 L\u2019architecture contemporaine"}]},{"@type":"WebSite","@id":"https:\/\/www.wunder-der-stadt.com\/#website","url":"https:\/\/www.wunder-der-stadt.com\/","name":"{:de}Wunder der Stadt - Stadtf\u00fchrungen in M\u00fcnchen und Oberbayern{:}{:fr}Wunder der Stadt - Visites guid\u00e9es \u00e0 Munich et en Bavi\u00e8re{:}","description":"Ihre Agentur f\u00fcr Incomingreisen, Gesch\u00e4ftreisen, Stadtf\u00fchrungen und Privatreisen in M\u00fcnchen und Bayern","publisher":{"@id":"https:\/\/www.wunder-der-stadt.com\/#\/schema\/person\/7ac5370c8e8a38b0625e279f3af2d701"},"potentialAction":[{"@type":"SearchAction","target":{"@type":"EntryPoint","urlTemplate":"https:\/\/www.wunder-der-stadt.com\/?s={search_term_string}"},"query-input":"required name=search_term_string"}],"inLanguage":"en-US"},{"@type":["Person","Organization"],"@id":"https:\/\/www.wunder-der-stadt.com\/#\/schema\/person\/7ac5370c8e8a38b0625e279f3af2d701","name":"Admin","logo":{"@id":"https:\/\/www.wunder-der-stadt.com\/#\/schema\/person\/image\/"}}]}},"_links":{"self":[{"href":"https:\/\/www.wunder-der-stadt.com\/en\/wp-json\/wp\/v2\/product\/1749"}],"collection":[{"href":"https:\/\/www.wunder-der-stadt.com\/en\/wp-json\/wp\/v2\/product"}],"about":[{"href":"https:\/\/www.wunder-der-stadt.com\/en\/wp-json\/wp\/v2\/types\/product"}],"wp:featuredmedia":[{"embeddable":true,"href":"https:\/\/www.wunder-der-stadt.com\/en\/wp-json\/wp\/v2\/media\/1505"}],"wp:attachment":[{"href":"https:\/\/www.wunder-der-stadt.com\/en\/wp-json\/wp\/v2\/media?parent=1749"}],"wp:term":[{"taxonomy":"product_cat","embeddable":true,"href":"https:\/\/www.wunder-der-stadt.com\/en\/wp-json\/wp\/v2\/product_cat?post=1749"},{"taxonomy":"product_tag","embeddable":true,"href":"https:\/\/www.wunder-der-stadt.com\/en\/wp-json\/wp\/v2\/product_tag?post=1749"}],"curies":[{"name":"wp","href":"https:\/\/api.w.org\/{rel}","templated":true}]}}