{"id":1768,"date":"2018-03-21T17:40:26","date_gmt":"2018-03-21T16:40:26","guid":{"rendered":"http:\/\/www.wunder-der-stadt.com\/?post_type=product&#038;p=1768"},"modified":"2024-01-03T15:58:08","modified_gmt":"2024-01-03T14:58:08","slug":"le-musee-municipal-de-munich","status":"publish","type":"product","link":"https:\/\/www.wunder-der-stadt.com\/en\/tours\/le-musee-municipal-de-munich\/","title":{"rendered":"Le mus\u00e9e municipal de Munich"},"content":{"rendered":"<p><strong><span style=\"font-size: 14pt;\">D\u00e9couvrez l&#8217;histoire de Munich au chaud, dans <a href=\"https:\/\/www.muenchner-stadtmuseum.de\/\">le mus\u00e9e municipale de la ville<\/a> !<\/span><\/strong><\/p>\n<p>Dans l&#8217;exposition \u00abTypiquement Munichois\u00bb du mus\u00e9e municipal de Munich, la ville pr\u00e9sente aux visiteurs tout son humour et d\u00e9voile ses facettes inconues.<br \/>\nIci vous d\u00e9couvrez Munich au travers de ses habitants insolites et dr\u00f4les, plus de 400 objets concid\u00e9r\u00e9s comme repr\u00e9sentatifs de l&#8217;histoire et de la culture munichoise.<\/p>\n<p>Par exemple : Saviez-vous que le fondateur de la ville, le duc Henry le Lion avait 3 clavicules, que le carillon de la Marienplatz raconte l&#8217;histoire d&#8217;un mariage et de deux chevaliers, que les radeaux sur l&#8217;Isar n&#8217;ont pas toujours transporter des touristes et que la bi\u00e8re est ici concid\u00e9r\u00e9e comme du &#8220;pain liquide&#8221; ?<\/p>\n<p>Munich vous attend dans son mus\u00e9e!<\/p>\n<p class=\"p1\"><span class=\"s1\">Visite recommand\u00e9e pour les <a href=\"https:\/\/www.wunder-der-stadt.com\/groupes-scolaires\/\">groupes-scolaires<\/a> !<\/span><\/p>\n<p><!--more--><\/p>\n<table class=\"table table-bordered tours-tabs__table\" style=\"height: 233px;\" width=\"862\">\n<tbody>\n<tr>\n<td><strong>D\u00e9part<\/strong><\/td>\n<td>\n<p class=\"p1\">A l&#8217;entr\u00e9e du Stadtmuseum M\u00fcnchen<\/p>\n<\/td>\n<\/tr>\n<tr>\n<td><b>Dur\u00e9e<\/b><\/td>\n<td>max. 2 heures<\/td>\n<\/tr>\n<tr>\n<td><b>Tarif<\/b><\/td>\n<td>\n<p class=\"p1\"><span class=\"s1\">220,00 \u20ac &#8211; 19% de TVA inclue.<br \/>\nplus ticket d&#8217;entr\u00e9e &#8211; gratuit pour les moins de 18 ans\u00a0<\/span><a href=\"http:\/\/www.muenchner-stadtmuseum.de\"><br \/>\n<span class=\"s1\">www.muenchner-stadtmuseum.de<\/span><\/a><\/p>\n<\/td>\n<\/tr>\n<tr>\n<td><strong>Nombre de participants<\/strong><\/td>\n<td>\n<p class=\"p1\"><span class=\"s1\">max. 20 personnes<\/span><\/p>\n<\/td>\n<\/tr>\n<\/tbody>\n<\/table>\n<p>&nbsp;<\/p>\n","protected":false},"excerpt":{"rendered":"<p>D\u00e9couvrez l&#8217;histoire de Munich au chaud, dans le mus\u00e9e municipale de la ville ! Dans l&#8217;exposition \u00abTypiquement Munichois\u00bb du mus\u00e9e municipal de Munich, la ville pr\u00e9sente aux visiteurs tout son humour et d\u00e9voile ses facettes inconues. Ici vous d\u00e9couvrez Munich au travers de ses habitants insolites et dr\u00f4les, plus de 400 objets concid\u00e9r\u00e9s comme repr\u00e9sentatifs<\/p>\n<div class=\"padding-top text-center\"><a href=\"https:\/\/www.wunder-der-stadt.com\/en\/tours\/le-musee-municipal-de-munich\/\" class=\"atbtn atbtn--medium atbtn--rounded atbtn--transparent\">Weiterlesen<i class=\"atbtn__icon atbtn__icon--right fa fa-long-arrow-right\"><\/i><\/a><\/div>\n","protected":false},"featured_media":1593,"template":"","meta":[],"product_cat":[103],"product_tag":[170,99,115],"translation":{"provider":"WPGlobus","version":"3.0.2","language":"en","enabled_languages":["de","en","fr","es"],"languages":{"de":{"title":true,"content":true,"excerpt":false},"en":{"title":false,"content":false,"excerpt":false},"fr":{"title":false,"content":false,"excerpt":false},"es":{"title":false,"content":false,"excerpt":false}}},"yoast_head":"<!-- This site is optimized with the Yoast SEO plugin v22.0 - https:\/\/yoast.com\/wordpress\/plugins\/seo\/ -->\n<title>Mus\u00e9e municipal de Munich<\/title>\n<meta name=\"robots\" content=\"index, follow, max-snippet:-1, max-image-preview:large, max-video-preview:-1\" \/>\n<link rel=\"canonical\" href=\"https:\/\/www.wunder-der-stadt.com\/tours\/le-musee-municipal-de-munich\/\" \/>\n<meta property=\"og:locale\" content=\"en_US\" \/>\n<meta property=\"og:type\" content=\"article\" \/>\n<meta property=\"og:title\" content=\"Le mus\u00e9e municipal de Munich - Wunder der Stadt - Stadtf\u00fchrungen in M\u00fcnchen und Oberbayern\" \/>\n<meta property=\"og:url\" content=\"https:\/\/www.wunder-der-stadt.com\/tours\/le-musee-municipal-de-munich\/\" \/>\n<meta property=\"og:site_name\" content=\"Wunder der Stadt - Stadtf\u00fchrungen in M\u00fcnchen und Oberbayern\" \/>\n<meta property=\"article:modified_time\" content=\"2024-01-03T14:58:08+00:00\" \/>\n<meta property=\"og:image\" content=\"https:\/\/www.wunder-der-stadt.com\/wp-content\/uploads\/Banner_Stadtmuseum_Muenchen.jpg\" \/>\n\t<meta property=\"og:image:width\" content=\"1400\" \/>\n\t<meta property=\"og:image:height\" content=\"600\" \/>\n\t<meta property=\"og:image:type\" content=\"image\/jpeg\" \/>\n<meta name=\"twitter:card\" content=\"summary_large_image\" \/>\n<meta name=\"twitter:label1\" content=\"Est. reading time\" \/>\n\t<meta name=\"twitter:data1\" content=\"1 minute\" \/>\n<script type=\"application\/ld+json\" class=\"yoast-schema-graph\">{\"@context\":\"https:\/\/schema.org\",\"@graph\":[{\"@type\":\"WebPage\",\"@id\":\"https:\/\/www.wunder-der-stadt.com\/tours\/le-musee-municipal-de-munich\/\",\"url\":\"https:\/\/www.wunder-der-stadt.com\/tours\/le-musee-municipal-de-munich\/\",\"name\":\"Mus\u00e9e municipal de Munich\",\"isPartOf\":{\"@id\":\"https:\/\/www.wunder-der-stadt.com\/#website\"},\"datePublished\":\"2018-03-21T16:40:26+00:00\",\"dateModified\":\"2024-01-03T14:58:08+00:00\",\"description\":\"La visite du mus\u00e9e municipale de Munich vous permet d\u00e9couvrir l'histoire de la ville au chaud, avec l'exposition \\\"Typique Munich\\\" !\",\"breadcrumb\":{\"@id\":\"https:\/\/www.wunder-der-stadt.com\/tours\/le-musee-municipal-de-munich\/#breadcrumb\"},\"inLanguage\":\"en-US\",\"potentialAction\":[{\"@type\":\"ReadAction\",\"target\":[\"https:\/\/www.wunder-der-stadt.com\/tours\/le-musee-municipal-de-munich\/\"]}]},{\"@type\":\"BreadcrumbList\",\"@id\":\"https:\/\/www.wunder-der-stadt.com\/tours\/le-musee-municipal-de-munich\/#breadcrumb\",\"itemListElement\":[{\"@type\":\"ListItem\",\"position\":1,\"name\":\"Startseite\",\"item\":\"https:\/\/www.wunder-der-stadt.com\/\"},{\"@type\":\"ListItem\",\"position\":2,\"name\":\"Produkte\",\"item\":\"https:\/\/www.wunder-der-stadt.com\/shop\/\"},{\"@type\":\"ListItem\",\"position\":3,\"name\":\"Le mus\u00e9e municipal de Munich\"}]},{\"@type\":\"WebSite\",\"@id\":\"https:\/\/www.wunder-der-stadt.com\/#website\",\"url\":\"https:\/\/www.wunder-der-stadt.com\/\",\"name\":\"{:de}Wunder der Stadt - Stadtf\u00fchrungen in M\u00fcnchen und Oberbayern{:}{:fr}Wunder der Stadt - Visites guid\u00e9es \u00e0 Munich et en Bavi\u00e8re{:}\",\"description\":\"Ihre Agentur f\u00fcr Incomingreisen, Gesch\u00e4ftreisen, Stadtf\u00fchrungen und Privatreisen in M\u00fcnchen und Bayern\",\"publisher\":{\"@id\":\"https:\/\/www.wunder-der-stadt.com\/#\/schema\/person\/7ac5370c8e8a38b0625e279f3af2d701\"},\"potentialAction\":[{\"@type\":\"SearchAction\",\"target\":{\"@type\":\"EntryPoint\",\"urlTemplate\":\"https:\/\/www.wunder-der-stadt.com\/?s={search_term_string}\"},\"query-input\":\"required name=search_term_string\"}],\"inLanguage\":\"en-US\"},{\"@type\":[\"Person\",\"Organization\"],\"@id\":\"https:\/\/www.wunder-der-stadt.com\/#\/schema\/person\/7ac5370c8e8a38b0625e279f3af2d701\",\"name\":\"Admin\",\"logo\":{\"@id\":\"https:\/\/www.wunder-der-stadt.com\/#\/schema\/person\/image\/\"}}]}<\/script>\n<!-- \/ Yoast SEO plugin. -->","yoast_head_json":{"title":"Mus\u00e9e municipal de Munich","robots":{"index":"index","follow":"follow","max-snippet":"max-snippet:-1","max-image-preview":"max-image-preview:large","max-video-preview":"max-video-preview:-1"},"canonical":"https:\/\/www.wunder-der-stadt.com\/tours\/le-musee-municipal-de-munich\/","og_locale":"en_US","og_type":"article","og_title":"Le mus\u00e9e municipal de Munich - Wunder der Stadt - Stadtf\u00fchrungen in M\u00fcnchen und Oberbayern","og_url":"https:\/\/www.wunder-der-stadt.com\/tours\/le-musee-municipal-de-munich\/","og_site_name":"Wunder der Stadt - Stadtf\u00fchrungen in M\u00fcnchen und Oberbayern","article_modified_time":"2024-01-03T14:58:08+00:00","og_image":[{"width":1400,"height":600,"url":"https:\/\/www.wunder-der-stadt.com\/wp-content\/uploads\/Banner_Stadtmuseum_Muenchen.jpg","type":"image\/jpeg"}],"twitter_card":"summary_large_image","twitter_misc":{"Est. reading time":"1 minute"},"schema":{"@context":"https:\/\/schema.org","@graph":[{"@type":"WebPage","@id":"https:\/\/www.wunder-der-stadt.com\/tours\/le-musee-municipal-de-munich\/","url":"https:\/\/www.wunder-der-stadt.com\/tours\/le-musee-municipal-de-munich\/","name":"Mus\u00e9e municipal de Munich","isPartOf":{"@id":"https:\/\/www.wunder-der-stadt.com\/#website"},"datePublished":"2018-03-21T16:40:26+00:00","dateModified":"2024-01-03T14:58:08+00:00","description":"La visite du mus\u00e9e municipale de Munich vous permet d\u00e9couvrir l'histoire de la ville au chaud, avec l'exposition \"Typique Munich\" !","breadcrumb":{"@id":"https:\/\/www.wunder-der-stadt.com\/tours\/le-musee-municipal-de-munich\/#breadcrumb"},"inLanguage":"en-US","potentialAction":[{"@type":"ReadAction","target":["https:\/\/www.wunder-der-stadt.com\/tours\/le-musee-municipal-de-munich\/"]}]},{"@type":"BreadcrumbList","@id":"https:\/\/www.wunder-der-stadt.com\/tours\/le-musee-municipal-de-munich\/#breadcrumb","itemListElement":[{"@type":"ListItem","position":1,"name":"Startseite","item":"https:\/\/www.wunder-der-stadt.com\/"},{"@type":"ListItem","position":2,"name":"Produkte","item":"https:\/\/www.wunder-der-stadt.com\/shop\/"},{"@type":"ListItem","position":3,"name":"Le mus\u00e9e municipal de Munich"}]},{"@type":"WebSite","@id":"https:\/\/www.wunder-der-stadt.com\/#website","url":"https:\/\/www.wunder-der-stadt.com\/","name":"{:de}Wunder der Stadt - Stadtf\u00fchrungen in M\u00fcnchen und Oberbayern{:}{:fr}Wunder der Stadt - Visites guid\u00e9es \u00e0 Munich et en Bavi\u00e8re{:}","description":"Ihre Agentur f\u00fcr Incomingreisen, Gesch\u00e4ftreisen, Stadtf\u00fchrungen und Privatreisen in M\u00fcnchen und Bayern","publisher":{"@id":"https:\/\/www.wunder-der-stadt.com\/#\/schema\/person\/7ac5370c8e8a38b0625e279f3af2d701"},"potentialAction":[{"@type":"SearchAction","target":{"@type":"EntryPoint","urlTemplate":"https:\/\/www.wunder-der-stadt.com\/?s={search_term_string}"},"query-input":"required name=search_term_string"}],"inLanguage":"en-US"},{"@type":["Person","Organization"],"@id":"https:\/\/www.wunder-der-stadt.com\/#\/schema\/person\/7ac5370c8e8a38b0625e279f3af2d701","name":"Admin","logo":{"@id":"https:\/\/www.wunder-der-stadt.com\/#\/schema\/person\/image\/"}}]}},"_links":{"self":[{"href":"https:\/\/www.wunder-der-stadt.com\/en\/wp-json\/wp\/v2\/product\/1768"}],"collection":[{"href":"https:\/\/www.wunder-der-stadt.com\/en\/wp-json\/wp\/v2\/product"}],"about":[{"href":"https:\/\/www.wunder-der-stadt.com\/en\/wp-json\/wp\/v2\/types\/product"}],"wp:featuredmedia":[{"embeddable":true,"href":"https:\/\/www.wunder-der-stadt.com\/en\/wp-json\/wp\/v2\/media\/1593"}],"wp:attachment":[{"href":"https:\/\/www.wunder-der-stadt.com\/en\/wp-json\/wp\/v2\/media?parent=1768"}],"wp:term":[{"taxonomy":"product_cat","embeddable":true,"href":"https:\/\/www.wunder-der-stadt.com\/en\/wp-json\/wp\/v2\/product_cat?post=1768"},{"taxonomy":"product_tag","embeddable":true,"href":"https:\/\/www.wunder-der-stadt.com\/en\/wp-json\/wp\/v2\/product_tag?post=1768"}],"curies":[{"name":"wp","href":"https:\/\/api.w.org\/{rel}","templated":true}]}}