{"id":1769,"date":"2018-03-21T18:09:19","date_gmt":"2018-03-21T17:09:19","guid":{"rendered":"http:\/\/www.wunder-der-stadt.com\/?post_type=product&#038;p=1769"},"modified":"2024-01-12T18:07:06","modified_gmt":"2024-01-12T17:07:06","slug":"lancienne-pinacotheque-de-munich-les-chefs-doeuvres-de-lhistoire","status":"publish","type":"product","link":"https:\/\/www.wunder-der-stadt.com\/en\/tours\/lancienne-pinacotheque-de-munich-les-chefs-doeuvres-de-lhistoire\/","title":{"rendered":"L&#8217;ancienne pinacoth\u00e8que de Munich &#8211; Chefs d\u2019\u0153uvre de l\u2019histoire de l&#8217;art"},"content":{"rendered":"<p><span style=\"font-size: 14pt;\"><strong>Visite guid\u00e9e en francais dans l&#8217;ancienne pinacoth\u00e8que de <\/strong><strong><a href=\"https:\/\/www.wunder-der-stadt.com\/fr\/tours\/munich-860-ans-dhistoire-en-2-heures-de-visite\/\">Munich<\/a><\/strong><strong> &#8211; Chefs d\u2019\u0153uvre de l\u2019histoire de l&#8217;art<\/strong><\/span><\/p>\n<p>N\u00e9e de la passion collectionneuse de la famille r\u00e9gente de Bavi\u00e8re, les Wittelsbachs ce mus\u00e9e est un cadeau du roi Louis Ier aux Munichois.<\/p>\n<p>Soucieux d&#8217;\u00e9duquer son peuple et de montrer les collections extraordinaires de peinture de sa famille, le roi fit construire 2 pinacoth\u00e8ques \u00e0 Munich.<\/p>\n<p><a href=\"https:\/\/www.pinakothek.de\/de\/besuch\/alte-pinakothek\">L&#8217;ancienne pinacoth\u00e8ques<\/a> abrite une des plus impressionnantes collections de peinture au monde. Les \u0153uvres regroup\u00e9s pr\u00e9sentent des tableaux du XIV\u00e8me au XVIII\u00e8me si\u00e8cle.<br \/>\nApr\u00e8s 5 ans de restauration, le mus\u00e9e r\u00e9ouvre ses portes pour vous pr\u00e9senter les peintures des plus grands ma\u00eetres de l\u2019art, Albrecht D\u00fcrer, J\u00e9r\u00f4me Bosch, L\u00e9onard de Vinci, Raffael, Rubens, Rembrandt\u2026<\/p>\n<p>Cette visite est un &#8220;must&#8221; pour les amoureux de l&#8217;art.<\/p>\n<p><span style=\"font-size: 14pt;\"><strong>la nouvelle pinacoth\u00e8que restera ferm\u00e9e pour restauration jusqu&#8217;en 2029 <\/strong><\/span><\/p>\n<p>Les plus grands chefs-d&#8217;\u0153uvre de la Nouvelle Pinacotheque sont actuellement expos\u00e9s dans l&#8217;ancienne Pinacotheque.<\/p>\n<p>C&#8217;est une occasion unique de d\u00e9couvrir sous un m\u00eame toit les peintures les plus c\u00e9l\u00e8bres de ces deux maisons.<\/p>\n<p>La s\u00e9lection couvre le classicisme, le romantisme et le d\u00e9but du modernisme.<\/p>\n<p>la visite de l&#8217;ancienne pinacoth\u00e8que Munich est adapt\u00e9e \u00e0 un publique \u00e0 mobilit\u00e9 r\u00e9duite.<\/p>\n<p><!--more--><\/p>\n<table class=\"table table-bordered tours-tabs__table\" style=\"height: 233px;\" width=\"862\">\n<tbody>\n<tr>\n<td><strong>Expositions<\/strong><\/td>\n<td>\n<p class=\"p1\"><span class=\"s1\">Alte Pinakothek<\/span><\/p>\n<\/td>\n<\/tr>\n<tr>\n<td><b>Dur\u00e9e<\/b><\/td>\n<td>max. 1,5 heure<\/td>\n<\/tr>\n<tr>\n<td><b>Tarif<\/b><\/td>\n<td>\n<p class=\"p1\"><span class=\"s1\">220,00 \u20ac \/ groupe &#8211; 19% de TVA inclue..<br \/>\nplus ticket d&#8217;entr\u00e9e\u00a0<\/span><a href=\"http:\/\/www.pinakothek.de\"><span class=\"s1\">www.pinakothek.de<\/span><\/a><\/p>\n<\/td>\n<\/tr>\n<tr>\n<td><strong>Nombre de participants<\/strong><\/td>\n<td>\n<p class=\"p1\"><span class=\"s1\">max. 20 personnes<\/span><\/p>\n<\/td>\n<\/tr>\n<\/tbody>\n<\/table>\n<p>&nbsp;<\/p>\n","protected":false},"excerpt":{"rendered":"<p>Visite guid\u00e9e en francais dans l&#8217;ancienne pinacoth\u00e8que de Munich &#8211; Chefs d\u2019\u0153uvre de l\u2019histoire de l&#8217;art N\u00e9e de la passion collectionneuse de la famille r\u00e9gente de Bavi\u00e8re, les Wittelsbachs ce mus\u00e9e est un cadeau du roi Louis Ier aux Munichois. Soucieux d&#8217;\u00e9duquer son peuple et de montrer les collections extraordinaires de peinture de sa famille,<\/p>\n<div class=\"padding-top text-center\"><a href=\"https:\/\/www.wunder-der-stadt.com\/en\/tours\/lancienne-pinacotheque-de-munich-les-chefs-doeuvres-de-lhistoire\/\" class=\"atbtn atbtn--medium atbtn--rounded atbtn--transparent\">Weiterlesen<i class=\"atbtn__icon atbtn__icon--right fa fa-long-arrow-right\"><\/i><\/a><\/div>\n","protected":false},"featured_media":1694,"template":"","meta":[],"product_cat":[103],"product_tag":[95],"translation":{"provider":"WPGlobus","version":"3.0.2","language":"en","enabled_languages":["de","en","fr","es"],"languages":{"de":{"title":true,"content":true,"excerpt":false},"en":{"title":false,"content":false,"excerpt":false},"fr":{"title":false,"content":false,"excerpt":false},"es":{"title":false,"content":false,"excerpt":false}}},"yoast_head":"<!-- This site is optimized with the Yoast SEO plugin v22.0 - https:\/\/yoast.com\/wordpress\/plugins\/seo\/ -->\n<title>L&#039;ancienne pinacoth\u00e8que de Munich - Les chefs d&#039;oeuvres de l&#039;histoire<\/title>\n<meta name=\"robots\" content=\"index, follow, max-snippet:-1, max-image-preview:large, max-video-preview:-1\" \/>\n<link rel=\"canonical\" href=\"https:\/\/www.wunder-der-stadt.com\/tours\/lancienne-pinacotheque-de-munich-les-chefs-doeuvres-de-lhistoire\/\" \/>\n<meta property=\"og:locale\" content=\"en_US\" \/>\n<meta property=\"og:type\" content=\"article\" \/>\n<meta property=\"og:title\" content=\"L&#039;ancienne pinacoth\u00e8que de Munich - Chefs d\u2019\u0153uvre de l\u2019histoire de l&#039;art - Wunder der Stadt - Stadtf\u00fchrungen in M\u00fcnchen und Oberbayern\" \/>\n<meta property=\"og:url\" content=\"https:\/\/www.wunder-der-stadt.com\/tours\/lancienne-pinacotheque-de-munich-les-chefs-doeuvres-de-lhistoire\/\" \/>\n<meta property=\"og:site_name\" content=\"Wunder der Stadt - Stadtf\u00fchrungen in M\u00fcnchen und Oberbayern\" \/>\n<meta property=\"article:modified_time\" content=\"2024-01-12T17:07:06+00:00\" \/>\n<meta property=\"og:image\" content=\"https:\/\/www.wunder-der-stadt.com\/wp-content\/uploads\/Alte-Pinakothek-scaled.jpg\" \/>\n\t<meta property=\"og:image:width\" content=\"2560\" \/>\n\t<meta property=\"og:image:height\" content=\"1491\" \/>\n\t<meta property=\"og:image:type\" content=\"image\/jpeg\" \/>\n<meta name=\"twitter:card\" content=\"summary_large_image\" \/>\n<meta name=\"twitter:label1\" content=\"Est. reading time\" \/>\n\t<meta name=\"twitter:data1\" content=\"1 minute\" \/>\n<script type=\"application\/ld+json\" class=\"yoast-schema-graph\">{\"@context\":\"https:\/\/schema.org\",\"@graph\":[{\"@type\":\"WebPage\",\"@id\":\"https:\/\/www.wunder-der-stadt.com\/tours\/lancienne-pinacotheque-de-munich-les-chefs-doeuvres-de-lhistoire\/\",\"url\":\"https:\/\/www.wunder-der-stadt.com\/tours\/lancienne-pinacotheque-de-munich-les-chefs-doeuvres-de-lhistoire\/\",\"name\":\"L'ancienne pinacoth\u00e8que de Munich - Les chefs d'oeuvres de l'histoire\",\"isPartOf\":{\"@id\":\"https:\/\/www.wunder-der-stadt.com\/#website\"},\"datePublished\":\"2018-03-21T17:09:19+00:00\",\"dateModified\":\"2024-01-12T17:07:06+00:00\",\"description\":\"Visite guid\u00e9e en francais de l'ancienne pinacoth\u00e8que de Munich - Chefs d\u2019\u0153uvres de D\u00fcrer, Bosch, L\u00e9onard de Vinci, Raffael, Rubens, Rembrandt\",\"breadcrumb\":{\"@id\":\"https:\/\/www.wunder-der-stadt.com\/tours\/lancienne-pinacotheque-de-munich-les-chefs-doeuvres-de-lhistoire\/#breadcrumb\"},\"inLanguage\":\"en-US\",\"potentialAction\":[{\"@type\":\"ReadAction\",\"target\":[\"https:\/\/www.wunder-der-stadt.com\/tours\/lancienne-pinacotheque-de-munich-les-chefs-doeuvres-de-lhistoire\/\"]}]},{\"@type\":\"BreadcrumbList\",\"@id\":\"https:\/\/www.wunder-der-stadt.com\/tours\/lancienne-pinacotheque-de-munich-les-chefs-doeuvres-de-lhistoire\/#breadcrumb\",\"itemListElement\":[{\"@type\":\"ListItem\",\"position\":1,\"name\":\"Startseite\",\"item\":\"https:\/\/www.wunder-der-stadt.com\/\"},{\"@type\":\"ListItem\",\"position\":2,\"name\":\"Produkte\",\"item\":\"https:\/\/www.wunder-der-stadt.com\/shop\/\"},{\"@type\":\"ListItem\",\"position\":3,\"name\":\"L&#8217;ancienne pinacoth\u00e8que de Munich &#8211; Chefs d\u2019\u0153uvre de l\u2019histoire de l&#8217;art\"}]},{\"@type\":\"WebSite\",\"@id\":\"https:\/\/www.wunder-der-stadt.com\/#website\",\"url\":\"https:\/\/www.wunder-der-stadt.com\/\",\"name\":\"{:de}Wunder der Stadt - Stadtf\u00fchrungen in M\u00fcnchen und Oberbayern{:}{:fr}Wunder der Stadt - Visites guid\u00e9es \u00e0 Munich et en Bavi\u00e8re{:}\",\"description\":\"Ihre Agentur f\u00fcr Incomingreisen, Gesch\u00e4ftreisen, Stadtf\u00fchrungen und Privatreisen in M\u00fcnchen und Bayern\",\"publisher\":{\"@id\":\"https:\/\/www.wunder-der-stadt.com\/#\/schema\/person\/7ac5370c8e8a38b0625e279f3af2d701\"},\"potentialAction\":[{\"@type\":\"SearchAction\",\"target\":{\"@type\":\"EntryPoint\",\"urlTemplate\":\"https:\/\/www.wunder-der-stadt.com\/?s={search_term_string}\"},\"query-input\":\"required name=search_term_string\"}],\"inLanguage\":\"en-US\"},{\"@type\":[\"Person\",\"Organization\"],\"@id\":\"https:\/\/www.wunder-der-stadt.com\/#\/schema\/person\/7ac5370c8e8a38b0625e279f3af2d701\",\"name\":\"Admin\",\"logo\":{\"@id\":\"https:\/\/www.wunder-der-stadt.com\/#\/schema\/person\/image\/\"}}]}<\/script>\n<!-- \/ Yoast SEO plugin. -->","yoast_head_json":{"title":"L'ancienne pinacoth\u00e8que de Munich - Les chefs d'oeuvres de l'histoire","robots":{"index":"index","follow":"follow","max-snippet":"max-snippet:-1","max-image-preview":"max-image-preview:large","max-video-preview":"max-video-preview:-1"},"canonical":"https:\/\/www.wunder-der-stadt.com\/tours\/lancienne-pinacotheque-de-munich-les-chefs-doeuvres-de-lhistoire\/","og_locale":"en_US","og_type":"article","og_title":"L'ancienne pinacoth\u00e8que de Munich - Chefs d\u2019\u0153uvre de l\u2019histoire de l'art - Wunder der Stadt - Stadtf\u00fchrungen in M\u00fcnchen und Oberbayern","og_url":"https:\/\/www.wunder-der-stadt.com\/tours\/lancienne-pinacotheque-de-munich-les-chefs-doeuvres-de-lhistoire\/","og_site_name":"Wunder der Stadt - Stadtf\u00fchrungen in M\u00fcnchen und Oberbayern","article_modified_time":"2024-01-12T17:07:06+00:00","og_image":[{"width":2560,"height":1491,"url":"https:\/\/www.wunder-der-stadt.com\/wp-content\/uploads\/Alte-Pinakothek-scaled.jpg","type":"image\/jpeg"}],"twitter_card":"summary_large_image","twitter_misc":{"Est. reading time":"1 minute"},"schema":{"@context":"https:\/\/schema.org","@graph":[{"@type":"WebPage","@id":"https:\/\/www.wunder-der-stadt.com\/tours\/lancienne-pinacotheque-de-munich-les-chefs-doeuvres-de-lhistoire\/","url":"https:\/\/www.wunder-der-stadt.com\/tours\/lancienne-pinacotheque-de-munich-les-chefs-doeuvres-de-lhistoire\/","name":"L'ancienne pinacoth\u00e8que de Munich - Les chefs d'oeuvres de l'histoire","isPartOf":{"@id":"https:\/\/www.wunder-der-stadt.com\/#website"},"datePublished":"2018-03-21T17:09:19+00:00","dateModified":"2024-01-12T17:07:06+00:00","description":"Visite guid\u00e9e en francais de l'ancienne pinacoth\u00e8que de Munich - Chefs d\u2019\u0153uvres de D\u00fcrer, Bosch, L\u00e9onard de Vinci, Raffael, Rubens, Rembrandt","breadcrumb":{"@id":"https:\/\/www.wunder-der-stadt.com\/tours\/lancienne-pinacotheque-de-munich-les-chefs-doeuvres-de-lhistoire\/#breadcrumb"},"inLanguage":"en-US","potentialAction":[{"@type":"ReadAction","target":["https:\/\/www.wunder-der-stadt.com\/tours\/lancienne-pinacotheque-de-munich-les-chefs-doeuvres-de-lhistoire\/"]}]},{"@type":"BreadcrumbList","@id":"https:\/\/www.wunder-der-stadt.com\/tours\/lancienne-pinacotheque-de-munich-les-chefs-doeuvres-de-lhistoire\/#breadcrumb","itemListElement":[{"@type":"ListItem","position":1,"name":"Startseite","item":"https:\/\/www.wunder-der-stadt.com\/"},{"@type":"ListItem","position":2,"name":"Produkte","item":"https:\/\/www.wunder-der-stadt.com\/shop\/"},{"@type":"ListItem","position":3,"name":"L&#8217;ancienne pinacoth\u00e8que de Munich &#8211; Chefs d\u2019\u0153uvre de l\u2019histoire de l&#8217;art"}]},{"@type":"WebSite","@id":"https:\/\/www.wunder-der-stadt.com\/#website","url":"https:\/\/www.wunder-der-stadt.com\/","name":"{:de}Wunder der Stadt - Stadtf\u00fchrungen in M\u00fcnchen und Oberbayern{:}{:fr}Wunder der Stadt - Visites guid\u00e9es \u00e0 Munich et en Bavi\u00e8re{:}","description":"Ihre Agentur f\u00fcr Incomingreisen, Gesch\u00e4ftreisen, Stadtf\u00fchrungen und Privatreisen in M\u00fcnchen und Bayern","publisher":{"@id":"https:\/\/www.wunder-der-stadt.com\/#\/schema\/person\/7ac5370c8e8a38b0625e279f3af2d701"},"potentialAction":[{"@type":"SearchAction","target":{"@type":"EntryPoint","urlTemplate":"https:\/\/www.wunder-der-stadt.com\/?s={search_term_string}"},"query-input":"required name=search_term_string"}],"inLanguage":"en-US"},{"@type":["Person","Organization"],"@id":"https:\/\/www.wunder-der-stadt.com\/#\/schema\/person\/7ac5370c8e8a38b0625e279f3af2d701","name":"Admin","logo":{"@id":"https:\/\/www.wunder-der-stadt.com\/#\/schema\/person\/image\/"}}]}},"_links":{"self":[{"href":"https:\/\/www.wunder-der-stadt.com\/en\/wp-json\/wp\/v2\/product\/1769"}],"collection":[{"href":"https:\/\/www.wunder-der-stadt.com\/en\/wp-json\/wp\/v2\/product"}],"about":[{"href":"https:\/\/www.wunder-der-stadt.com\/en\/wp-json\/wp\/v2\/types\/product"}],"wp:featuredmedia":[{"embeddable":true,"href":"https:\/\/www.wunder-der-stadt.com\/en\/wp-json\/wp\/v2\/media\/1694"}],"wp:attachment":[{"href":"https:\/\/www.wunder-der-stadt.com\/en\/wp-json\/wp\/v2\/media?parent=1769"}],"wp:term":[{"taxonomy":"product_cat","embeddable":true,"href":"https:\/\/www.wunder-der-stadt.com\/en\/wp-json\/wp\/v2\/product_cat?post=1769"},{"taxonomy":"product_tag","embeddable":true,"href":"https:\/\/www.wunder-der-stadt.com\/en\/wp-json\/wp\/v2\/product_tag?post=1769"}],"curies":[{"name":"wp","href":"https:\/\/api.w.org\/{rel}","templated":true}]}}