{"id":1800,"date":"2018-03-22T10:49:42","date_gmt":"2018-03-22T09:49:42","guid":{"rendered":"http:\/\/www.wunder-der-stadt.com\/?post_type=product&#038;p=1800"},"modified":"2020-01-16T10:43:35","modified_gmt":"2020-01-16T09:43:35","slug":"fr-la-rose-blanche-la-resistance-munichoise","status":"publish","type":"product","link":"https:\/\/www.wunder-der-stadt.com\/en\/tours\/fr-la-rose-blanche-la-resistance-munichoise\/","title":{"rendered":"La Rose Blanche \u2013 La r\u00e9sistance munichoise pendant la dictature nazi"},"content":{"rendered":"<p>Il y a 77 ans en f\u00e9vrier 1943, le <a href=\"https:\/\/www.weisse-rose-stiftung.de\/denkstaette-weisse-rose-am-lichthof-der-lmu-muenchen\/\">mouvement munichois de r\u00e9sistance<\/a> la \u00ab\u00a0Rose Blanche\u00a0\u00bb fond\u00e9 par les \u00e9tudiants Sophie et Hans Scholl et soutenu par de nombreux activistes \u00e9tait violemment\u00a0 r\u00e9prim\u00e9 par le r\u00e9gime nazi. C&#8217;est dans la capitale bavaroise qui a jou\u00e9 un r\u00f4le fondamental <a href=\"https:\/\/www.wunder-der-stadt.com\/tours\/fr-les-pages-sombres-de-munich\/\">dans la mont\u00e9e du nazisme<\/a> que na\u00eet la &#8220;Rose Blanche&#8221;.<\/p>\n<p>En 1923 Adolf Hitler tente pour la premi\u00e8re fois \u00e0 Munich d\u2019acc\u00e9der au pouvoir. Sa tentative de coup d\u2019\u00e9tat \u00e9choue sur la place de l\u2019Od\u00e9on. Nomm\u00e9e \u00ab\u00a0Capitale du Mouvement Nazi\u00a0\u00bb, Munich devient \u00e0 partir de 1933 le centre id\u00e9ologique du nazisme.<\/p>\n<p>Le courage et la t\u00e9m\u00e9rit\u00e9 des membres de la \u00ab\u00a0Rose Blanche\u00a0\u00bb pendant la dictature hitl\u00e9rienne, nous rappelle que de nombreux allemands ont risqu\u00e9 et perdu leur vie pour sauver la libert\u00e9. Nous nous mettons sur les traces de ces jeunes r\u00e9sistants. Nous partons sur les lieux de leurs actions. Qui \u00e9taient-ils ? D\u2019o\u00f9 leur venaient cette volont\u00e9 et ce courage extraordinaire, qui les a soutenu durant les ann\u00e9es de leur activisme ? Quel a \u00e9t\u00e9 leur h\u00e9ritage et l\u2019efficacit\u00e9 de leurs actions\u00a0? Voici quelques questions que nous aborderons au cours de cette visite qui nous plonge dans le pass\u00e9 sombre de la ville.<\/p>\n<p>Un pass\u00e9 qui fut pour autant illumin\u00e9 de l\u2019espoir de ceux qui ne voulait pas donner prix \u00e0 leur ind\u00e9pendance d\u2019esprit.<\/p>\n<p><strong><em>Ce th\u00e8me vous int\u00e9resse particuli\u00e8rement ?<br \/>\n<\/em><\/strong><\/p>\n<p>Vous \u00eates professeur et vous voulez approfondir ce th\u00e9me sur lequel vous avez d\u00e9j\u00e0 travaill\u00e9 avec vos \u00e9l\u00e8ves ? Vous voulez l&#8217;abord\u00e9 de fa\u00e7on concr\u00e8te et palpable ?\u00a0 Nous vous proposons une journ\u00e9e \u00e0 th\u00e8me sur l&#8217;histoire de la mont\u00e9e de nazisme et de la r\u00e9sistance \u00e0 Munich puis <a href=\"https:\/\/www.wunder-der-stadt.com\/tours\/fr-camp-de-concentration-de-dachau\/\">une visite du m\u00e9morial du camp de concentration de Dachau<\/a><\/p>\n<p>[vc_row][vc_column][vc_btn title=&#8221;CONTACTEZ-NOUS&#8221; shape=&#8221;square&#8221; align=&#8221;left&#8221; link=&#8221;url:http%3A%2F%2Fwww.wunder-der-stadt.com%2Fkontakt%2F|||&#8221;]<br \/>\n<!--more--><\/p>\n<table class=\"table table-bordered tours-tabs__table\" style=\"height: 233px;\" width=\"862\">\n<tbody>\n<tr>\n<td><strong>D\u00e9part<\/strong><\/td>\n<td>Odeonsplatz &#8211; M\u00fcnchen \/ Place de l&#8217;Odeon &#8211; Munich<\/td>\n<\/tr>\n<tr>\n<td><b>Dur\u00e9e<\/b><\/td>\n<td><span class=\"s1\">max. 2 heures<\/span><\/td>\n<\/tr>\n<tr>\n<td><b>Tarif<\/b><\/td>\n<td>\n<p class=\"p1\"><span class=\"s1\">210,00\u20ac \/ Groupe- 19% TVA inclue<br \/>\n<\/span><\/p>\n<\/td>\n<\/tr>\n<tr>\n<td><strong>Nombre de participants<br \/>\n<\/strong><\/td>\n<td><span class=\"s1\">max. 30 personnes<\/span><\/td>\n<\/tr>\n<\/tbody>\n<\/table>\n","protected":false},"excerpt":{"rendered":"<p>Il y a 77 ans en f\u00e9vrier 1943, le mouvement munichois de r\u00e9sistance la \u00ab\u00a0Rose Blanche\u00a0\u00bb fond\u00e9 par les \u00e9tudiants Sophie et Hans Scholl et soutenu par de nombreux activistes \u00e9tait violemment\u00a0 r\u00e9prim\u00e9 par le r\u00e9gime nazi. C&#8217;est dans la capitale bavaroise qui a jou\u00e9 un r\u00f4le fondamental dans la mont\u00e9e du nazisme que na\u00eet<\/p>\n<div class=\"padding-top text-center\"><a href=\"https:\/\/www.wunder-der-stadt.com\/en\/tours\/fr-la-rose-blanche-la-resistance-munichoise\/\" class=\"atbtn atbtn--medium atbtn--rounded atbtn--transparent\">Weiterlesen<i class=\"atbtn__icon atbtn__icon--right fa fa-long-arrow-right\"><\/i><\/a><\/div>\n","protected":false},"featured_media":1452,"template":"","meta":[],"product_cat":[103],"product_tag":[77,78],"translation":{"provider":"WPGlobus","version":"3.0.2","language":"en","enabled_languages":["de","en","fr","es"],"languages":{"de":{"title":true,"content":true,"excerpt":false},"en":{"title":false,"content":false,"excerpt":false},"fr":{"title":false,"content":false,"excerpt":false},"es":{"title":false,"content":false,"excerpt":false}}},"yoast_head":"<!-- This site is optimized with the Yoast SEO plugin v22.0 - https:\/\/yoast.com\/wordpress\/plugins\/seo\/ -->\n<title>Rose Blanche - Wunder der Stadt - Stadtf\u00fchrungen in M\u00fcnchen und Oberbayern<\/title>\n<meta name=\"robots\" content=\"index, follow, max-snippet:-1, max-image-preview:large, max-video-preview:-1\" \/>\n<link rel=\"canonical\" href=\"https:\/\/www.wunder-der-stadt.com\/tours\/fr-la-rose-blanche-la-resistance-munichoise\/\" \/>\n<meta property=\"og:locale\" content=\"en_US\" \/>\n<meta property=\"og:type\" content=\"article\" \/>\n<meta property=\"og:title\" content=\"La Rose Blanche \u2013 La r\u00e9sistance munichoise pendant la dictature nazi - Wunder der Stadt - Stadtf\u00fchrungen in M\u00fcnchen und Oberbayern\" \/>\n<meta property=\"og:url\" content=\"https:\/\/www.wunder-der-stadt.com\/tours\/fr-la-rose-blanche-la-resistance-munichoise\/\" \/>\n<meta property=\"og:site_name\" content=\"Wunder der Stadt - Stadtf\u00fchrungen in M\u00fcnchen und Oberbayern\" \/>\n<meta property=\"article:modified_time\" content=\"2020-01-16T09:43:35+00:00\" \/>\n<meta property=\"og:image\" content=\"https:\/\/www.wunder-der-stadt.com\/wp-content\/uploads\/Weisse_Rose.jpg\" \/>\n\t<meta property=\"og:image:width\" content=\"1400\" \/>\n\t<meta property=\"og:image:height\" content=\"600\" \/>\n\t<meta property=\"og:image:type\" content=\"image\/jpeg\" \/>\n<meta name=\"twitter:card\" content=\"summary_large_image\" \/>\n<meta name=\"twitter:label1\" content=\"Est. reading time\" \/>\n\t<meta name=\"twitter:data1\" content=\"2 minutes\" \/>\n<script type=\"application\/ld+json\" class=\"yoast-schema-graph\">{\"@context\":\"https:\/\/schema.org\",\"@graph\":[{\"@type\":\"WebPage\",\"@id\":\"https:\/\/www.wunder-der-stadt.com\/tours\/fr-la-rose-blanche-la-resistance-munichoise\/\",\"url\":\"https:\/\/www.wunder-der-stadt.com\/tours\/fr-la-rose-blanche-la-resistance-munichoise\/\",\"name\":\"Rose Blanche - Wunder der Stadt - Stadtf\u00fchrungen in M\u00fcnchen und Oberbayern\",\"isPartOf\":{\"@id\":\"https:\/\/www.wunder-der-stadt.com\/#website\"},\"datePublished\":\"2018-03-22T09:49:42+00:00\",\"dateModified\":\"2020-01-16T09:43:35+00:00\",\"description\":\"Visite guid\u00e9e sur mouvement de resistance de Sophie et Hans Scholl de la \\\"Rose Blanche\\\" \u00e0 Munich. Sophie et Hans Scholl, \u00e9tudiants de l'universit\u00e9 de Munich\",\"breadcrumb\":{\"@id\":\"https:\/\/www.wunder-der-stadt.com\/tours\/fr-la-rose-blanche-la-resistance-munichoise\/#breadcrumb\"},\"inLanguage\":\"en-US\",\"potentialAction\":[{\"@type\":\"ReadAction\",\"target\":[\"https:\/\/www.wunder-der-stadt.com\/tours\/fr-la-rose-blanche-la-resistance-munichoise\/\"]}]},{\"@type\":\"BreadcrumbList\",\"@id\":\"https:\/\/www.wunder-der-stadt.com\/tours\/fr-la-rose-blanche-la-resistance-munichoise\/#breadcrumb\",\"itemListElement\":[{\"@type\":\"ListItem\",\"position\":1,\"name\":\"Startseite\",\"item\":\"https:\/\/www.wunder-der-stadt.com\/\"},{\"@type\":\"ListItem\",\"position\":2,\"name\":\"Produkte\",\"item\":\"https:\/\/www.wunder-der-stadt.com\/shop\/\"},{\"@type\":\"ListItem\",\"position\":3,\"name\":\"La Rose Blanche \u2013 La r\u00e9sistance munichoise pendant la dictature nazi\"}]},{\"@type\":\"WebSite\",\"@id\":\"https:\/\/www.wunder-der-stadt.com\/#website\",\"url\":\"https:\/\/www.wunder-der-stadt.com\/\",\"name\":\"{:de}Wunder der Stadt - Stadtf\u00fchrungen in M\u00fcnchen und Oberbayern{:}{:fr}Wunder der Stadt - Visites guid\u00e9es \u00e0 Munich et en Bavi\u00e8re{:}\",\"description\":\"Ihre Agentur f\u00fcr Incomingreisen, Gesch\u00e4ftreisen, Stadtf\u00fchrungen und Privatreisen in M\u00fcnchen und Bayern\",\"publisher\":{\"@id\":\"https:\/\/www.wunder-der-stadt.com\/#\/schema\/person\/7ac5370c8e8a38b0625e279f3af2d701\"},\"potentialAction\":[{\"@type\":\"SearchAction\",\"target\":{\"@type\":\"EntryPoint\",\"urlTemplate\":\"https:\/\/www.wunder-der-stadt.com\/?s={search_term_string}\"},\"query-input\":\"required name=search_term_string\"}],\"inLanguage\":\"en-US\"},{\"@type\":[\"Person\",\"Organization\"],\"@id\":\"https:\/\/www.wunder-der-stadt.com\/#\/schema\/person\/7ac5370c8e8a38b0625e279f3af2d701\",\"name\":\"Admin\",\"logo\":{\"@id\":\"https:\/\/www.wunder-der-stadt.com\/#\/schema\/person\/image\/\"}}]}<\/script>\n<!-- \/ Yoast SEO plugin. -->","yoast_head_json":{"title":"Rose Blanche - Wunder der Stadt - Stadtf\u00fchrungen in M\u00fcnchen und Oberbayern","robots":{"index":"index","follow":"follow","max-snippet":"max-snippet:-1","max-image-preview":"max-image-preview:large","max-video-preview":"max-video-preview:-1"},"canonical":"https:\/\/www.wunder-der-stadt.com\/tours\/fr-la-rose-blanche-la-resistance-munichoise\/","og_locale":"en_US","og_type":"article","og_title":"La Rose Blanche \u2013 La r\u00e9sistance munichoise pendant la dictature nazi - Wunder der Stadt - Stadtf\u00fchrungen in M\u00fcnchen und Oberbayern","og_url":"https:\/\/www.wunder-der-stadt.com\/tours\/fr-la-rose-blanche-la-resistance-munichoise\/","og_site_name":"Wunder der Stadt - Stadtf\u00fchrungen in M\u00fcnchen und Oberbayern","article_modified_time":"2020-01-16T09:43:35+00:00","og_image":[{"width":1400,"height":600,"url":"https:\/\/www.wunder-der-stadt.com\/wp-content\/uploads\/Weisse_Rose.jpg","type":"image\/jpeg"}],"twitter_card":"summary_large_image","twitter_misc":{"Est. reading time":"2 minutes"},"schema":{"@context":"https:\/\/schema.org","@graph":[{"@type":"WebPage","@id":"https:\/\/www.wunder-der-stadt.com\/tours\/fr-la-rose-blanche-la-resistance-munichoise\/","url":"https:\/\/www.wunder-der-stadt.com\/tours\/fr-la-rose-blanche-la-resistance-munichoise\/","name":"Rose Blanche - Wunder der Stadt - Stadtf\u00fchrungen in M\u00fcnchen und Oberbayern","isPartOf":{"@id":"https:\/\/www.wunder-der-stadt.com\/#website"},"datePublished":"2018-03-22T09:49:42+00:00","dateModified":"2020-01-16T09:43:35+00:00","description":"Visite guid\u00e9e sur mouvement de resistance de Sophie et Hans Scholl de la \"Rose Blanche\" \u00e0 Munich. Sophie et Hans Scholl, \u00e9tudiants de l'universit\u00e9 de Munich","breadcrumb":{"@id":"https:\/\/www.wunder-der-stadt.com\/tours\/fr-la-rose-blanche-la-resistance-munichoise\/#breadcrumb"},"inLanguage":"en-US","potentialAction":[{"@type":"ReadAction","target":["https:\/\/www.wunder-der-stadt.com\/tours\/fr-la-rose-blanche-la-resistance-munichoise\/"]}]},{"@type":"BreadcrumbList","@id":"https:\/\/www.wunder-der-stadt.com\/tours\/fr-la-rose-blanche-la-resistance-munichoise\/#breadcrumb","itemListElement":[{"@type":"ListItem","position":1,"name":"Startseite","item":"https:\/\/www.wunder-der-stadt.com\/"},{"@type":"ListItem","position":2,"name":"Produkte","item":"https:\/\/www.wunder-der-stadt.com\/shop\/"},{"@type":"ListItem","position":3,"name":"La Rose Blanche \u2013 La r\u00e9sistance munichoise pendant la dictature nazi"}]},{"@type":"WebSite","@id":"https:\/\/www.wunder-der-stadt.com\/#website","url":"https:\/\/www.wunder-der-stadt.com\/","name":"{:de}Wunder der Stadt - Stadtf\u00fchrungen in M\u00fcnchen und Oberbayern{:}{:fr}Wunder der Stadt - Visites guid\u00e9es \u00e0 Munich et en Bavi\u00e8re{:}","description":"Ihre Agentur f\u00fcr Incomingreisen, Gesch\u00e4ftreisen, Stadtf\u00fchrungen und Privatreisen in M\u00fcnchen und Bayern","publisher":{"@id":"https:\/\/www.wunder-der-stadt.com\/#\/schema\/person\/7ac5370c8e8a38b0625e279f3af2d701"},"potentialAction":[{"@type":"SearchAction","target":{"@type":"EntryPoint","urlTemplate":"https:\/\/www.wunder-der-stadt.com\/?s={search_term_string}"},"query-input":"required name=search_term_string"}],"inLanguage":"en-US"},{"@type":["Person","Organization"],"@id":"https:\/\/www.wunder-der-stadt.com\/#\/schema\/person\/7ac5370c8e8a38b0625e279f3af2d701","name":"Admin","logo":{"@id":"https:\/\/www.wunder-der-stadt.com\/#\/schema\/person\/image\/"}}]}},"_links":{"self":[{"href":"https:\/\/www.wunder-der-stadt.com\/en\/wp-json\/wp\/v2\/product\/1800"}],"collection":[{"href":"https:\/\/www.wunder-der-stadt.com\/en\/wp-json\/wp\/v2\/product"}],"about":[{"href":"https:\/\/www.wunder-der-stadt.com\/en\/wp-json\/wp\/v2\/types\/product"}],"wp:featuredmedia":[{"embeddable":true,"href":"https:\/\/www.wunder-der-stadt.com\/en\/wp-json\/wp\/v2\/media\/1452"}],"wp:attachment":[{"href":"https:\/\/www.wunder-der-stadt.com\/en\/wp-json\/wp\/v2\/media?parent=1800"}],"wp:term":[{"taxonomy":"product_cat","embeddable":true,"href":"https:\/\/www.wunder-der-stadt.com\/en\/wp-json\/wp\/v2\/product_cat?post=1800"},{"taxonomy":"product_tag","embeddable":true,"href":"https:\/\/www.wunder-der-stadt.com\/en\/wp-json\/wp\/v2\/product_tag?post=1800"}],"curies":[{"name":"wp","href":"https:\/\/api.w.org\/{rel}","templated":true}]}}