{"id":1882,"date":"2018-09-20T16:40:25","date_gmt":"2018-09-20T14:40:25","guid":{"rendered":"https:\/\/www.wunder-der-stadt.com\/?post_type=product&#038;p=1882"},"modified":"2025-01-20T14:26:02","modified_gmt":"2025-01-20T13:26:02","slug":"das-oktoberfest-ein-prosit-der-gemuetlichkeit","status":"publish","type":"product","link":"https:\/\/www.wunder-der-stadt.com\/en\/tours\/das-oktoberfest-ein-prosit-der-gemuetlichkeit\/","title":{"rendered":"Das Oktoberfest &#8211; Ein Prosit der Gem\u00fctlichkeit!"},"content":{"rendered":"<p><span style=\"font-size: 14pt;\"><strong>Das Oktoberfest &#8211; Ein Prosit der Gem\u00fctlichkeit!\u00a0<\/strong><\/span><\/p>\n<p>Wer glaubt, dass <a href=\"https:\/\/www.wunder-der-stadt.com\/tours\/stadtrundgang-in-die-altstadt\/\">M\u00fcnchen<\/a> und die Welt auf dem Oktoberfest ausschlie\u00dflich dem Bier huldigt, der kennt nur die halbe Wahrheit. Diese F\u00fchrung \u00fcber die M\u00fcnchner &#8216;Wiesn&#8217; zeigt Ihnen, was das Oktoberfest f\u00fcr M\u00fcnchen bedeutet.<\/p>\n<p>Das gr\u00f6\u00dfte Volksfest der Welt verdanken wir dem bayerischen <a href=\"https:\/\/www.wunder-der-stadt.com\/tours\/lola-montez-ludwig-i-stadtfuehrung-muenchen\/\">K\u00f6nig Ludwig I.<\/a>, genauer gesagt, seiner Verm\u00e4hlung mit Maria Theresia, der Namensgeberin der ber\u00fchmten Festwiese. Es war sein Hochzeitsgeschenk an die M\u00fcnchner. Und seit \u00fcber 215 Jahre treffen sich auf der Theresienwiese bis zu 7 Millionen Menschen und feiern den Hochzeitstag des damaligen Kronprinzenpaares.<\/p>\n<p>Die &#8220;Wiesn'&#8221; ist ein St\u00fcck M\u00fcnchner und Bayerische Kultur. Erleben Sie die Highlights dieses einzigartigen Festes: den Einzug der Wiesnwirte, den, das O&#8217;zapfen des ersten Bierfasses vom Oberb\u00fcrgermeister, die traditionellen Schausteller und die gigantischen Traditionszelte mit Musik, Schweinshaxen und nat\u00fcrlich &#8211; Bier!<\/p>\n<p>Um es zu verstehen, muss man es gesehen haben. Es wird Ihnen ein unvergessliches Erlebnis bleiben!<\/p>\n<p>Dieses Jahr findet das<a href=\"https:\/\/www.muenchen.de\/veranstaltungen\/oktoberfest#:~:text=Das%20Oktoberfest%202025%20findet%20vom,zahlreiche%20weitere%20bayerische%20Spezialit%C3%A4ten%20angeboten.\"> Oktoberfest<\/a> in M\u00fcnchen vom Samstag den 20.09.2025 bis Sonntag 05.10.2025 statt.<\/p>\n<p>&nbsp;<\/p>\n<p><!--more--><\/p>\n<table class=\"table table-bordered tours-tabs__table\" style=\"height: 233px;\" width=\"862\">\n<tbody>\n<tr>\n<td><strong>LOCATION<\/strong><\/td>\n<td>\n<p class=\"p1\">Theresien Wiese auf dem Oktoberfest<\/p>\n<\/td>\n<\/tr>\n<tr>\n<td><b>DAUER<\/b><\/td>\n<td>max. 2 Stunden<\/td>\n<\/tr>\n<tr>\n<td><b>PREIS<\/b><\/td>\n<td>\n<p class=\"p1\"><span class=\"s1\">290,00 \u20ac &#8211; inkl. 19% MwSt.<br \/>\n<\/span>Kosten f\u00fcr Bierverkostung und Essen sind nicht enthalten.<\/p>\n<\/td>\n<\/tr>\n<tr>\n<td><strong>TEILNEHMERZAHL<\/strong><\/td>\n<td>\n<p class=\"p1\"><span class=\"s1\">max. 20 Personen<\/span><\/p>\n<\/td>\n<\/tr>\n<\/tbody>\n<\/table>\n<p>&nbsp;<\/p>\n","protected":false},"excerpt":{"rendered":"<p>Das Oktoberfest &#8211; Ein Prosit der Gem\u00fctlichkeit!\u00a0 Wer glaubt, dass M\u00fcnchen und die Welt auf dem Oktoberfest ausschlie\u00dflich dem Bier huldigt, der kennt nur die halbe Wahrheit. Diese F\u00fchrung \u00fcber die M\u00fcnchner &#8216;Wiesn&#8217; zeigt Ihnen, was das Oktoberfest f\u00fcr M\u00fcnchen bedeutet. Das gr\u00f6\u00dfte Volksfest der Welt verdanken wir dem bayerischen K\u00f6nig Ludwig I., genauer gesagt,<\/p>\n<div class=\"padding-top text-center\"><a href=\"https:\/\/www.wunder-der-stadt.com\/en\/tours\/das-oktoberfest-ein-prosit-der-gemuetlichkeit\/\" class=\"atbtn atbtn--medium atbtn--rounded atbtn--transparent\">Weiterlesen<i class=\"atbtn__icon atbtn__icon--right fa fa-long-arrow-right\"><\/i><\/a><\/div>\n","protected":false},"featured_media":1888,"template":"","meta":[],"product_cat":[103],"product_tag":[111,109,110],"translation":{"provider":"WPGlobus","version":"3.0.2","language":"en","enabled_languages":["de","en","fr","es"],"languages":{"de":{"title":true,"content":true,"excerpt":false},"en":{"title":false,"content":false,"excerpt":false},"fr":{"title":false,"content":false,"excerpt":false},"es":{"title":false,"content":false,"excerpt":false}}},"yoast_head":"<!-- This site is optimized with the Yoast SEO plugin v22.0 - https:\/\/yoast.com\/wordpress\/plugins\/seo\/ -->\n<title>Das Oktoberfest - Ein Prosit der Gem\u00fctlichkeit! - Wunder der Stadt - Stadtf\u00fchrungen in M\u00fcnchen und Oberbayern<\/title>\n<meta name=\"robots\" content=\"index, follow, max-snippet:-1, max-image-preview:large, max-video-preview:-1\" \/>\n<link rel=\"canonical\" href=\"https:\/\/www.wunder-der-stadt.com\/tours\/das-oktoberfest-ein-prosit-der-gemuetlichkeit\/\" \/>\n<meta property=\"og:locale\" content=\"en_US\" \/>\n<meta property=\"og:type\" content=\"article\" \/>\n<meta property=\"og:title\" content=\"Das Oktoberfest - Ein Prosit der Gem\u00fctlichkeit! - Wunder der Stadt - Stadtf\u00fchrungen in M\u00fcnchen und Oberbayern\" \/>\n<meta property=\"og:url\" content=\"https:\/\/www.wunder-der-stadt.com\/tours\/das-oktoberfest-ein-prosit-der-gemuetlichkeit\/\" \/>\n<meta property=\"og:site_name\" content=\"Wunder der Stadt - Stadtf\u00fchrungen in M\u00fcnchen und Oberbayern\" \/>\n<meta property=\"article:modified_time\" content=\"2025-01-20T13:26:02+00:00\" \/>\n<meta property=\"og:image\" content=\"https:\/\/www.wunder-der-stadt.com\/wp-content\/uploads\/2015-09-20-15.36.03-scaled.jpg\" \/>\n\t<meta property=\"og:image:width\" content=\"2560\" \/>\n\t<meta property=\"og:image:height\" content=\"1920\" \/>\n\t<meta property=\"og:image:type\" content=\"image\/jpeg\" \/>\n<meta name=\"twitter:card\" content=\"summary_large_image\" \/>\n<meta name=\"twitter:label1\" content=\"Est. reading time\" \/>\n\t<meta name=\"twitter:data1\" content=\"2 minutes\" \/>\n<script type=\"application\/ld+json\" class=\"yoast-schema-graph\">{\"@context\":\"https:\/\/schema.org\",\"@graph\":[{\"@type\":\"WebPage\",\"@id\":\"https:\/\/www.wunder-der-stadt.com\/tours\/das-oktoberfest-ein-prosit-der-gemuetlichkeit\/\",\"url\":\"https:\/\/www.wunder-der-stadt.com\/tours\/das-oktoberfest-ein-prosit-der-gemuetlichkeit\/\",\"name\":\"Das Oktoberfest - Ein Prosit der Gem\u00fctlichkeit! - Wunder der Stadt - Stadtf\u00fchrungen in M\u00fcnchen und Oberbayern\",\"isPartOf\":{\"@id\":\"https:\/\/www.wunder-der-stadt.com\/#website\"},\"datePublished\":\"2018-09-20T14:40:25+00:00\",\"dateModified\":\"2025-01-20T13:26:02+00:00\",\"description\":\"Das Oktoberfest - Ein Prosit der Gem\u00fctlichkeit, ein St\u00fcck M\u00fcnchner und Bayerische Kultur seit \u00fcber 200 Jahre. Die Geschichte der Wiesn in 2 Stunden.\",\"breadcrumb\":{\"@id\":\"https:\/\/www.wunder-der-stadt.com\/tours\/das-oktoberfest-ein-prosit-der-gemuetlichkeit\/#breadcrumb\"},\"inLanguage\":\"en-US\",\"potentialAction\":[{\"@type\":\"ReadAction\",\"target\":[\"https:\/\/www.wunder-der-stadt.com\/tours\/das-oktoberfest-ein-prosit-der-gemuetlichkeit\/\"]}]},{\"@type\":\"BreadcrumbList\",\"@id\":\"https:\/\/www.wunder-der-stadt.com\/tours\/das-oktoberfest-ein-prosit-der-gemuetlichkeit\/#breadcrumb\",\"itemListElement\":[{\"@type\":\"ListItem\",\"position\":1,\"name\":\"Startseite\",\"item\":\"https:\/\/www.wunder-der-stadt.com\/\"},{\"@type\":\"ListItem\",\"position\":2,\"name\":\"Produkte\",\"item\":\"https:\/\/www.wunder-der-stadt.com\/shop\/\"},{\"@type\":\"ListItem\",\"position\":3,\"name\":\"Das Oktoberfest &#8211; Ein Prosit der Gem\u00fctlichkeit!\"}]},{\"@type\":\"WebSite\",\"@id\":\"https:\/\/www.wunder-der-stadt.com\/#website\",\"url\":\"https:\/\/www.wunder-der-stadt.com\/\",\"name\":\"{:de}Wunder der Stadt - Stadtf\u00fchrungen in M\u00fcnchen und Oberbayern{:}{:fr}Wunder der Stadt - Visites guid\u00e9es \u00e0 Munich et en Bavi\u00e8re{:}\",\"description\":\"Ihre Agentur f\u00fcr Incomingreisen, Gesch\u00e4ftreisen, Stadtf\u00fchrungen und Privatreisen in M\u00fcnchen und Bayern\",\"publisher\":{\"@id\":\"https:\/\/www.wunder-der-stadt.com\/#\/schema\/person\/7ac5370c8e8a38b0625e279f3af2d701\"},\"potentialAction\":[{\"@type\":\"SearchAction\",\"target\":{\"@type\":\"EntryPoint\",\"urlTemplate\":\"https:\/\/www.wunder-der-stadt.com\/?s={search_term_string}\"},\"query-input\":\"required name=search_term_string\"}],\"inLanguage\":\"en-US\"},{\"@type\":[\"Person\",\"Organization\"],\"@id\":\"https:\/\/www.wunder-der-stadt.com\/#\/schema\/person\/7ac5370c8e8a38b0625e279f3af2d701\",\"name\":\"Admin\",\"logo\":{\"@id\":\"https:\/\/www.wunder-der-stadt.com\/#\/schema\/person\/image\/\"}}]}<\/script>\n<!-- \/ Yoast SEO plugin. -->","yoast_head_json":{"title":"Das Oktoberfest - Ein Prosit der Gem\u00fctlichkeit! - Wunder der Stadt - Stadtf\u00fchrungen in M\u00fcnchen und Oberbayern","robots":{"index":"index","follow":"follow","max-snippet":"max-snippet:-1","max-image-preview":"max-image-preview:large","max-video-preview":"max-video-preview:-1"},"canonical":"https:\/\/www.wunder-der-stadt.com\/tours\/das-oktoberfest-ein-prosit-der-gemuetlichkeit\/","og_locale":"en_US","og_type":"article","og_title":"Das Oktoberfest - Ein Prosit der Gem\u00fctlichkeit! - Wunder der Stadt - Stadtf\u00fchrungen in M\u00fcnchen und Oberbayern","og_url":"https:\/\/www.wunder-der-stadt.com\/tours\/das-oktoberfest-ein-prosit-der-gemuetlichkeit\/","og_site_name":"Wunder der Stadt - Stadtf\u00fchrungen in M\u00fcnchen und Oberbayern","article_modified_time":"2025-01-20T13:26:02+00:00","og_image":[{"width":2560,"height":1920,"url":"https:\/\/www.wunder-der-stadt.com\/wp-content\/uploads\/2015-09-20-15.36.03-scaled.jpg","type":"image\/jpeg"}],"twitter_card":"summary_large_image","twitter_misc":{"Est. reading time":"2 minutes"},"schema":{"@context":"https:\/\/schema.org","@graph":[{"@type":"WebPage","@id":"https:\/\/www.wunder-der-stadt.com\/tours\/das-oktoberfest-ein-prosit-der-gemuetlichkeit\/","url":"https:\/\/www.wunder-der-stadt.com\/tours\/das-oktoberfest-ein-prosit-der-gemuetlichkeit\/","name":"Das Oktoberfest - Ein Prosit der Gem\u00fctlichkeit! - Wunder der Stadt - Stadtf\u00fchrungen in M\u00fcnchen und Oberbayern","isPartOf":{"@id":"https:\/\/www.wunder-der-stadt.com\/#website"},"datePublished":"2018-09-20T14:40:25+00:00","dateModified":"2025-01-20T13:26:02+00:00","description":"Das Oktoberfest - Ein Prosit der Gem\u00fctlichkeit, ein St\u00fcck M\u00fcnchner und Bayerische Kultur seit \u00fcber 200 Jahre. Die Geschichte der Wiesn in 2 Stunden.","breadcrumb":{"@id":"https:\/\/www.wunder-der-stadt.com\/tours\/das-oktoberfest-ein-prosit-der-gemuetlichkeit\/#breadcrumb"},"inLanguage":"en-US","potentialAction":[{"@type":"ReadAction","target":["https:\/\/www.wunder-der-stadt.com\/tours\/das-oktoberfest-ein-prosit-der-gemuetlichkeit\/"]}]},{"@type":"BreadcrumbList","@id":"https:\/\/www.wunder-der-stadt.com\/tours\/das-oktoberfest-ein-prosit-der-gemuetlichkeit\/#breadcrumb","itemListElement":[{"@type":"ListItem","position":1,"name":"Startseite","item":"https:\/\/www.wunder-der-stadt.com\/"},{"@type":"ListItem","position":2,"name":"Produkte","item":"https:\/\/www.wunder-der-stadt.com\/shop\/"},{"@type":"ListItem","position":3,"name":"Das Oktoberfest &#8211; Ein Prosit der Gem\u00fctlichkeit!"}]},{"@type":"WebSite","@id":"https:\/\/www.wunder-der-stadt.com\/#website","url":"https:\/\/www.wunder-der-stadt.com\/","name":"{:de}Wunder der Stadt - Stadtf\u00fchrungen in M\u00fcnchen und Oberbayern{:}{:fr}Wunder der Stadt - Visites guid\u00e9es \u00e0 Munich et en Bavi\u00e8re{:}","description":"Ihre Agentur f\u00fcr Incomingreisen, Gesch\u00e4ftreisen, Stadtf\u00fchrungen und Privatreisen in M\u00fcnchen und Bayern","publisher":{"@id":"https:\/\/www.wunder-der-stadt.com\/#\/schema\/person\/7ac5370c8e8a38b0625e279f3af2d701"},"potentialAction":[{"@type":"SearchAction","target":{"@type":"EntryPoint","urlTemplate":"https:\/\/www.wunder-der-stadt.com\/?s={search_term_string}"},"query-input":"required name=search_term_string"}],"inLanguage":"en-US"},{"@type":["Person","Organization"],"@id":"https:\/\/www.wunder-der-stadt.com\/#\/schema\/person\/7ac5370c8e8a38b0625e279f3af2d701","name":"Admin","logo":{"@id":"https:\/\/www.wunder-der-stadt.com\/#\/schema\/person\/image\/"}}]}},"_links":{"self":[{"href":"https:\/\/www.wunder-der-stadt.com\/en\/wp-json\/wp\/v2\/product\/1882"}],"collection":[{"href":"https:\/\/www.wunder-der-stadt.com\/en\/wp-json\/wp\/v2\/product"}],"about":[{"href":"https:\/\/www.wunder-der-stadt.com\/en\/wp-json\/wp\/v2\/types\/product"}],"wp:featuredmedia":[{"embeddable":true,"href":"https:\/\/www.wunder-der-stadt.com\/en\/wp-json\/wp\/v2\/media\/1888"}],"wp:attachment":[{"href":"https:\/\/www.wunder-der-stadt.com\/en\/wp-json\/wp\/v2\/media?parent=1882"}],"wp:term":[{"taxonomy":"product_cat","embeddable":true,"href":"https:\/\/www.wunder-der-stadt.com\/en\/wp-json\/wp\/v2\/product_cat?post=1882"},{"taxonomy":"product_tag","embeddable":true,"href":"https:\/\/www.wunder-der-stadt.com\/en\/wp-json\/wp\/v2\/product_tag?post=1882"}],"curies":[{"name":"wp","href":"https:\/\/api.w.org\/{rel}","templated":true}]}}