{"id":1959,"date":"2019-11-07T18:04:58","date_gmt":"2019-11-07T17:04:58","guid":{"rendered":"https:\/\/www.wunder-der-stadt.com\/?post_type=product&#038;p=1959"},"modified":"2025-11-20T16:38:47","modified_gmt":"2025-11-20T15:38:47","slug":"fuehrung-ueber-die-advents-und-weihnachtstraditionen-in-muenchen","status":"publish","type":"product","link":"https:\/\/www.wunder-der-stadt.com\/en\/tours\/fuehrung-ueber-die-advents-und-weihnachtstraditionen-in-muenchen\/","title":{"rendered":"Eine F\u00fchrung \u00fcber die Advents- und Weihnachtstraditionen in M\u00fcnchen"},"content":{"rendered":"<p><strong>Eine F\u00fchrung \u00fcber die Advents- und Weihnachtstraditionen in M\u00fcnchen<\/strong> mit lustigen Geschichten, Legenden und Leckereien auf <a href=\"https:\/\/www.muenchen.de\/veranstaltungen\/muenchner-christkindlmarkt\/muenchner-christkindlmarkt-2022-infos-zum-programm\">M\u00fcnchens Weihnachtsmarkt<\/a><\/p>\n<p>Es weihnachtet&#8230;! Wenn der 30 Meter hohe Christbaum in voller Pracht mit 2500 Kerzen auf dem Marienplatz erstrahlt, der Gl\u00fchwein duftet und das Engelshaar schimmert, dann erf\u00fcllt vorweihnachtlicher Zauber die gute Stube M\u00fcnchens. Die ganze Stadt wird feierlich geschm\u00fcckt. Alles gl\u00e4nzt und glitzert in der Bayerische Hauptstadt. Wir freuen uns alle sehr \u00fcber diese Zeit, heuer mehr denn je.<\/p>\n<p>Von der Nikolaidult zum Weihnachtsmarkt war es ein sehr langer weg. Diesen Weg gehen wir zusammen und flanieren gemeinsam \u00fcber den <a href=\"https:\/\/www.muenchen.de\/veranstaltungen\/event\/15626.html#:~:text=Der%20M%C3%BCnchner%20Christkindlmarkt%20ist%20in,wenn%20sich%20das%20Infektionsgeschehen%20verschlechtert.\">Christkindlmarkt<\/a> auf dem Marienplatz, besuchen die umliegenden Kirchen um die Christliche Traditionen zu erleben. Wir bummeln \u00fcber den \u00e4ltestem Kripperlmarkt M\u00fcnchens und den Viktualienmarkt.<\/p>\n<p>Es gibt so viel zu erz\u00e4hlen und zu erfahren. Wo kommen die Weihnachts- und Adventstraditionen her , wie kam der Weihnachtsbaum nach M\u00fcnchen und was ist mit dem Adventskranz? Wer bringt die Geschenke &#8211; Weihnachtsmann oder Nikolaus? Seit wann gibt es Krippen und was hat Oberammergau damit zu tun? Warum wird am Weihnachten eine Gans gegessen oder doch lieber die traditionellen W\u00fcrstchen mit Kartoffelsalat?\u00a0 Spekulatius, Christstollen und Lebkuchen&#8230; einfach himmlisch. Weihnachtskugeln, Sterne oder \u00c4pfel&#8230; mit was wurden die gr\u00fcne Zweige dekoriert?<\/p>\n<p>Und um uns Aufw\u00e4rmen gibt&#8217;s eine Tasse Gl\u00fchwein dazu.<\/p>\n<p>Engelamt und Adventskranz &#8211; Wir warten auf die Ankunft des Heiland und k\u00f6nnen uns die Zeit ein bisschen mit einer <strong>F\u00fchrung \u00fcber die Advents- und Weihnachtstraditionen in M\u00fcnchen<\/strong> verk\u00fcrzen.<\/p>\n<p>Dieser 2-st\u00fcndige Rundgang auf dem M\u00fcnchner Weihnachtsmarkt wird vom 24.11. bis 24.12.2025 angeboten.<\/p>\n<p>&nbsp;<\/p>\n<p><strong><span style=\"font-size: 14pt;\">Sondertermine f\u00fcr Gruppen auf Anfrage<\/span><\/strong><\/p>\n<p>Preis pro Gruppe f\u00fcr bis zu 15 Personen: 360.- Euro inkl. MwSt. und eine Tasse Gl\u00fchwein! Jeder weitere Teilnehmer wird mit 25.- Euro zus\u00e4tzlich berechnet.<\/p>\n<p class=\"p1\"><span class=\"s1\">Auch f\u00fcr <a href=\"https:\/\/www.wunder-der-stadt.com\/schulklassen\/\">Schulklassen<\/a> geeignet!<\/span><\/p>\n<p><!--more--><\/p>\n<table class=\"table table-bordered tours-tabs__table\" style=\"height: 233px; width: 70.6549%;\" width=\"862\">\n<tbody>\n<tr>\n<td style=\"width: 54.662%;\"><strong>STARTPUNKT<\/strong><\/td>\n<td style=\"width: 44.4056%;\">\n<p class=\"p1\">Marienplatz-M\u00fcnchen<\/p>\n<\/td>\n<\/tr>\n<tr>\n<td style=\"width: 54.662%;\"><b>DAUER<\/b><\/td>\n<td style=\"width: 44.4056%;\">max. 2 Stunden<\/td>\n<\/tr>\n<tr>\n<td style=\"width: 54.662%;\"><strong>PREIS<\/strong><\/td>\n<td style=\"width: 44.4056%;\">360,00\u20ac \/ Gruppe inkl. MwSt. und 1 Tasse Gl\u00fchwein<\/td>\n<\/tr>\n<tr>\n<td style=\"width: 54.662%;\"><strong>TEILNEHMERZAHL<\/strong><\/td>\n<td style=\"width: 44.4056%;\">\n<p class=\"p1\"><span class=\"s1\">max. 15 Personen \/ Gruppe<\/span><\/p>\n<\/td>\n<\/tr>\n<\/tbody>\n<\/table>\n<p>&nbsp;<\/p>\n","protected":false},"excerpt":{"rendered":"<p>Eine F\u00fchrung \u00fcber die Advents- und Weihnachtstraditionen in M\u00fcnchen mit lustigen Geschichten, Legenden und Leckereien auf M\u00fcnchens Weihnachtsmarkt Es weihnachtet&#8230;! Wenn der 30 Meter hohe Christbaum in voller Pracht mit 2500 Kerzen auf dem Marienplatz erstrahlt, der Gl\u00fchwein duftet und das Engelshaar schimmert, dann erf\u00fcllt vorweihnachtlicher Zauber die gute Stube M\u00fcnchens. Die ganze Stadt wird<\/p>\n<div class=\"padding-top text-center\"><a href=\"https:\/\/www.wunder-der-stadt.com\/en\/tours\/fuehrung-ueber-die-advents-und-weihnachtstraditionen-in-muenchen\/\" class=\"atbtn atbtn--medium atbtn--rounded atbtn--transparent\">Weiterlesen<i class=\"atbtn__icon atbtn__icon--right fa fa-long-arrow-right\"><\/i><\/a><\/div>\n","protected":false},"featured_media":1902,"template":"","meta":[],"product_cat":[103],"product_tag":[76,215,123,124,75,112,113],"translation":{"provider":"WPGlobus","version":"3.0.2","language":"en","enabled_languages":["de","en","fr","es"],"languages":{"de":{"title":true,"content":true,"excerpt":false},"en":{"title":false,"content":false,"excerpt":false},"fr":{"title":false,"content":false,"excerpt":false},"es":{"title":false,"content":false,"excerpt":false}}},"yoast_head":"<!-- This site is optimized with the Yoast SEO plugin v22.0 - https:\/\/yoast.com\/wordpress\/plugins\/seo\/ -->\n<title>F\u00fchrung \u00fcber die Advents- und Weihnachtstraditionen in M\u00fcnchen<\/title>\n<meta name=\"robots\" content=\"index, follow, max-snippet:-1, max-image-preview:large, max-video-preview:-1\" \/>\n<link rel=\"canonical\" href=\"https:\/\/www.wunder-der-stadt.com\/tours\/fuehrung-ueber-die-advents-und-weihnachtstraditionen-in-muenchen\/\" \/>\n<meta property=\"og:locale\" content=\"en_US\" \/>\n<meta property=\"og:type\" content=\"article\" \/>\n<meta property=\"og:title\" content=\"Eine F\u00fchrung \u00fcber die Advents- und Weihnachtstraditionen in M\u00fcnchen - Wunder der Stadt - Stadtf\u00fchrungen in M\u00fcnchen und Oberbayern\" \/>\n<meta property=\"og:url\" content=\"https:\/\/www.wunder-der-stadt.com\/tours\/fuehrung-ueber-die-advents-und-weihnachtstraditionen-in-muenchen\/\" \/>\n<meta property=\"og:site_name\" content=\"Wunder der Stadt - Stadtf\u00fchrungen in M\u00fcnchen und Oberbayern\" \/>\n<meta property=\"article:modified_time\" content=\"2025-11-20T15:38:47+00:00\" \/>\n<meta property=\"og:image\" content=\"https:\/\/www.wunder-der-stadt.com\/wp-content\/uploads\/weihnachtsmarkt-marienplatz.jpg\" \/>\n\t<meta property=\"og:image:width\" content=\"694\" \/>\n\t<meta property=\"og:image:height\" content=\"492\" \/>\n\t<meta property=\"og:image:type\" content=\"image\/jpeg\" \/>\n<meta name=\"twitter:card\" content=\"summary_large_image\" \/>\n<meta name=\"twitter:label1\" content=\"Est. reading time\" \/>\n\t<meta name=\"twitter:data1\" content=\"2 minutes\" \/>\n<script type=\"application\/ld+json\" class=\"yoast-schema-graph\">{\"@context\":\"https:\/\/schema.org\",\"@graph\":[{\"@type\":\"WebPage\",\"@id\":\"https:\/\/www.wunder-der-stadt.com\/tours\/fuehrung-ueber-die-advents-und-weihnachtstraditionen-in-muenchen\/\",\"url\":\"https:\/\/www.wunder-der-stadt.com\/tours\/fuehrung-ueber-die-advents-und-weihnachtstraditionen-in-muenchen\/\",\"name\":\"F\u00fchrung \u00fcber die Advents- und Weihnachtstraditionen in M\u00fcnchen\",\"isPartOf\":{\"@id\":\"https:\/\/www.wunder-der-stadt.com\/#website\"},\"datePublished\":\"2019-11-07T17:04:58+00:00\",\"dateModified\":\"2025-11-20T15:38:47+00:00\",\"description\":\"Eine F\u00fchrung \u00fcber Advents- und Weihnachtstraditionen in M\u00fcnchen. Ein Rundgang \u00fcber den Christkindlmarkt mit lustige Legenden und Leckereien.\",\"breadcrumb\":{\"@id\":\"https:\/\/www.wunder-der-stadt.com\/tours\/fuehrung-ueber-die-advents-und-weihnachtstraditionen-in-muenchen\/#breadcrumb\"},\"inLanguage\":\"en-US\",\"potentialAction\":[{\"@type\":\"ReadAction\",\"target\":[\"https:\/\/www.wunder-der-stadt.com\/tours\/fuehrung-ueber-die-advents-und-weihnachtstraditionen-in-muenchen\/\"]}]},{\"@type\":\"BreadcrumbList\",\"@id\":\"https:\/\/www.wunder-der-stadt.com\/tours\/fuehrung-ueber-die-advents-und-weihnachtstraditionen-in-muenchen\/#breadcrumb\",\"itemListElement\":[{\"@type\":\"ListItem\",\"position\":1,\"name\":\"Startseite\",\"item\":\"https:\/\/www.wunder-der-stadt.com\/\"},{\"@type\":\"ListItem\",\"position\":2,\"name\":\"Produkte\",\"item\":\"https:\/\/www.wunder-der-stadt.com\/shop\/\"},{\"@type\":\"ListItem\",\"position\":3,\"name\":\"Eine F\u00fchrung \u00fcber die Advents- und Weihnachtstraditionen in M\u00fcnchen\"}]},{\"@type\":\"WebSite\",\"@id\":\"https:\/\/www.wunder-der-stadt.com\/#website\",\"url\":\"https:\/\/www.wunder-der-stadt.com\/\",\"name\":\"{:de}Wunder der Stadt - Stadtf\u00fchrungen in M\u00fcnchen und Oberbayern{:}{:fr}Wunder der Stadt - Visites guid\u00e9es \u00e0 Munich et en Bavi\u00e8re{:}\",\"description\":\"Ihre Agentur f\u00fcr Incomingreisen, Gesch\u00e4ftreisen, Stadtf\u00fchrungen und Privatreisen in M\u00fcnchen und Bayern\",\"publisher\":{\"@id\":\"https:\/\/www.wunder-der-stadt.com\/#\/schema\/person\/7ac5370c8e8a38b0625e279f3af2d701\"},\"potentialAction\":[{\"@type\":\"SearchAction\",\"target\":{\"@type\":\"EntryPoint\",\"urlTemplate\":\"https:\/\/www.wunder-der-stadt.com\/?s={search_term_string}\"},\"query-input\":\"required name=search_term_string\"}],\"inLanguage\":\"en-US\"},{\"@type\":[\"Person\",\"Organization\"],\"@id\":\"https:\/\/www.wunder-der-stadt.com\/#\/schema\/person\/7ac5370c8e8a38b0625e279f3af2d701\",\"name\":\"Admin\",\"logo\":{\"@id\":\"https:\/\/www.wunder-der-stadt.com\/#\/schema\/person\/image\/\"}}]}<\/script>\n<!-- \/ Yoast SEO plugin. -->","yoast_head_json":{"title":"F\u00fchrung \u00fcber die Advents- und Weihnachtstraditionen in M\u00fcnchen","robots":{"index":"index","follow":"follow","max-snippet":"max-snippet:-1","max-image-preview":"max-image-preview:large","max-video-preview":"max-video-preview:-1"},"canonical":"https:\/\/www.wunder-der-stadt.com\/tours\/fuehrung-ueber-die-advents-und-weihnachtstraditionen-in-muenchen\/","og_locale":"en_US","og_type":"article","og_title":"Eine F\u00fchrung \u00fcber die Advents- und Weihnachtstraditionen in M\u00fcnchen - Wunder der Stadt - Stadtf\u00fchrungen in M\u00fcnchen und Oberbayern","og_url":"https:\/\/www.wunder-der-stadt.com\/tours\/fuehrung-ueber-die-advents-und-weihnachtstraditionen-in-muenchen\/","og_site_name":"Wunder der Stadt - Stadtf\u00fchrungen in M\u00fcnchen und Oberbayern","article_modified_time":"2025-11-20T15:38:47+00:00","og_image":[{"width":694,"height":492,"url":"https:\/\/www.wunder-der-stadt.com\/wp-content\/uploads\/weihnachtsmarkt-marienplatz.jpg","type":"image\/jpeg"}],"twitter_card":"summary_large_image","twitter_misc":{"Est. reading time":"2 minutes"},"schema":{"@context":"https:\/\/schema.org","@graph":[{"@type":"WebPage","@id":"https:\/\/www.wunder-der-stadt.com\/tours\/fuehrung-ueber-die-advents-und-weihnachtstraditionen-in-muenchen\/","url":"https:\/\/www.wunder-der-stadt.com\/tours\/fuehrung-ueber-die-advents-und-weihnachtstraditionen-in-muenchen\/","name":"F\u00fchrung \u00fcber die Advents- und Weihnachtstraditionen in M\u00fcnchen","isPartOf":{"@id":"https:\/\/www.wunder-der-stadt.com\/#website"},"datePublished":"2019-11-07T17:04:58+00:00","dateModified":"2025-11-20T15:38:47+00:00","description":"Eine F\u00fchrung \u00fcber Advents- und Weihnachtstraditionen in M\u00fcnchen. Ein Rundgang \u00fcber den Christkindlmarkt mit lustige Legenden und Leckereien.","breadcrumb":{"@id":"https:\/\/www.wunder-der-stadt.com\/tours\/fuehrung-ueber-die-advents-und-weihnachtstraditionen-in-muenchen\/#breadcrumb"},"inLanguage":"en-US","potentialAction":[{"@type":"ReadAction","target":["https:\/\/www.wunder-der-stadt.com\/tours\/fuehrung-ueber-die-advents-und-weihnachtstraditionen-in-muenchen\/"]}]},{"@type":"BreadcrumbList","@id":"https:\/\/www.wunder-der-stadt.com\/tours\/fuehrung-ueber-die-advents-und-weihnachtstraditionen-in-muenchen\/#breadcrumb","itemListElement":[{"@type":"ListItem","position":1,"name":"Startseite","item":"https:\/\/www.wunder-der-stadt.com\/"},{"@type":"ListItem","position":2,"name":"Produkte","item":"https:\/\/www.wunder-der-stadt.com\/shop\/"},{"@type":"ListItem","position":3,"name":"Eine F\u00fchrung \u00fcber die Advents- und Weihnachtstraditionen in M\u00fcnchen"}]},{"@type":"WebSite","@id":"https:\/\/www.wunder-der-stadt.com\/#website","url":"https:\/\/www.wunder-der-stadt.com\/","name":"{:de}Wunder der Stadt - Stadtf\u00fchrungen in M\u00fcnchen und Oberbayern{:}{:fr}Wunder der Stadt - Visites guid\u00e9es \u00e0 Munich et en Bavi\u00e8re{:}","description":"Ihre Agentur f\u00fcr Incomingreisen, Gesch\u00e4ftreisen, Stadtf\u00fchrungen und Privatreisen in M\u00fcnchen und Bayern","publisher":{"@id":"https:\/\/www.wunder-der-stadt.com\/#\/schema\/person\/7ac5370c8e8a38b0625e279f3af2d701"},"potentialAction":[{"@type":"SearchAction","target":{"@type":"EntryPoint","urlTemplate":"https:\/\/www.wunder-der-stadt.com\/?s={search_term_string}"},"query-input":"required name=search_term_string"}],"inLanguage":"en-US"},{"@type":["Person","Organization"],"@id":"https:\/\/www.wunder-der-stadt.com\/#\/schema\/person\/7ac5370c8e8a38b0625e279f3af2d701","name":"Admin","logo":{"@id":"https:\/\/www.wunder-der-stadt.com\/#\/schema\/person\/image\/"}}]}},"_links":{"self":[{"href":"https:\/\/www.wunder-der-stadt.com\/en\/wp-json\/wp\/v2\/product\/1959"}],"collection":[{"href":"https:\/\/www.wunder-der-stadt.com\/en\/wp-json\/wp\/v2\/product"}],"about":[{"href":"https:\/\/www.wunder-der-stadt.com\/en\/wp-json\/wp\/v2\/types\/product"}],"wp:featuredmedia":[{"embeddable":true,"href":"https:\/\/www.wunder-der-stadt.com\/en\/wp-json\/wp\/v2\/media\/1902"}],"wp:attachment":[{"href":"https:\/\/www.wunder-der-stadt.com\/en\/wp-json\/wp\/v2\/media?parent=1959"}],"wp:term":[{"taxonomy":"product_cat","embeddable":true,"href":"https:\/\/www.wunder-der-stadt.com\/en\/wp-json\/wp\/v2\/product_cat?post=1959"},{"taxonomy":"product_tag","embeddable":true,"href":"https:\/\/www.wunder-der-stadt.com\/en\/wp-json\/wp\/v2\/product_tag?post=1959"}],"curies":[{"name":"wp","href":"https:\/\/api.w.org\/{rel}","templated":true}]}}