{"id":2257,"date":"2020-01-16T10:13:38","date_gmt":"2020-01-16T09:13:38","guid":{"rendered":"https:\/\/www.wunder-der-stadt.com\/?post_type=product&#038;p=2257"},"modified":"2026-03-07T15:24:16","modified_gmt":"2026-03-07T14:24:16","slug":"groupes-scolaires-visite-guidee-munich","status":"publish","type":"product","link":"https:\/\/www.wunder-der-stadt.com\/en\/tours\/groupes-scolaires-visite-guidee-munich\/","title":{"rendered":"Pour groupes scolaires : Munich &#8211; 870 ans d&#8217;histoire"},"content":{"rendered":"<div id=\"conteneur\">\n<div id=\"visite\">\n<div id=\"texte_visite\">\n<h2 class=\"text-text-100 mt-3 -mb-1 text-[1.125rem] font-bold\">Pour les groupes scolaires : Visite guid\u00e9e Munich \u2013 870 ans d&#8217;histoire<\/h2>\n<p><span style=\"font-size: 14pt;\"><strong>Munich, c&#8217;est bien plus que la f\u00eate de la bi\u00e8re&#8230;<\/strong><\/span><\/p>\n<p>Faites d\u00e9couvrir Munich \u00e0 vos \u00e9l\u00e8ves avec une visite guid\u00e9e en francais \u00e0 pied dans le centre historique. Une visite sp\u00e9cialement concue pour les groupes scolaires. La visite guid\u00e9e Munich &#8211; 870 ans d&#8217;histoire est adapt\u00e9e aux coll\u00e9giens et lyc\u00e9ens en voyage de d\u00e9couverte.<\/p>\n<p class=\"font-claude-response-body break-words whitespace-normal leading-[1.7]\"><strong>Munich en fran\u00e7ais \u2013 parce que l&#8217;histoire peut \u00eatre dr\u00f4le, dramatique et passionnante \u00e0 la fois !<\/strong><\/p>\n<p>Avec humour et savoir-faire, nous pr\u00e9sentons les monuments les plus c\u00e9l\u00e8bres de la capitale Bavaroise : la place Ste Marie (Marienplatz) avec son h\u00f4tel de ville, le march\u00e9 aux victuailles, la fameuse Hofbr\u00e4uhaus, la cath\u00e9drale Notre-Dame, la place de l&#8217;Od\u00e9on et la <a href=\"https:\/\/www.residenz-muenchen.de\/englisch\/tourist\/index.htm\">R\u00e9sidence<\/a>&#8230; mais aussi ses petits coins et recoins pleins d&#8217;anecdotes et d&#8217;histoires dr\u00f4les. Nous parlons culture, gastronomie, culotte de cuire et bi\u00e8re. Napol\u00e9on et le roi Louis II sont au rendez-vous, mais aussi l&#8217;\u00e9quipe de foot du Bayern de Munich et ses joueurs fran\u00e7ais !<\/p>\n<p><strong>Histoire, culture et pages sombres \u2013 une visite compl\u00e8te<\/strong><\/p>\n<p>Nous abordons aussi au cours de cette visite guid\u00e9e les \u00e9v\u00e8ments dramatiques des pages sombres de l&#8217;histoire de Munich &#8211; <a href=\"https:\/\/www.wunder-der-stadt.com\/fr\/tours\/pour-groupes-scolaire-le-nazisme-a-munich\/\">la mont\u00e9e du nazisme<\/a> et le d\u00e9veloppement de la plus grande catastrophe politique du XX\u00e8me si\u00e8cle.<\/p>\n<h3 class=\"text-text-100 mt-2 -mb-1 text-base font-bold\">Objectifs p\u00e9dagogiques : id\u00e9al pour les cours d&#8217;histoire et d&#8217;allemand<\/h3>\n<p class=\"font-claude-response-body break-words whitespace-normal leading-[1.7]\">Cette <strong>visite guid\u00e9e Munich pour groupes scolaires<\/strong> est parfaite dans le cadre d&#8217;un voyage de d\u00e9couverte :<\/p>\n<ul class=\"[li_&amp;]:mb-0 [li_&amp;]:mt-1 [li_&amp;]:gap-1 [&amp;:not(:last-child)_ul]:pb-1 [&amp;:not(:last-child)_ol]:pb-1 list-disc flex flex-col gap-1 pl-8 mb-3\">\n<li class=\"whitespace-normal break-words pl-2\">D\u00e9couverte de la <strong>culture et de l&#8217;histoire bavaroise<\/strong> en fran\u00e7ais<\/li>\n<li class=\"whitespace-normal break-words pl-2\">D\u00e9veloppement de la <strong>curiosit\u00e9 et de l&#8217;ouverture culturelle<\/strong><\/li>\n<li class=\"whitespace-normal break-words pl-2\">Abord <strong>ludique et humoristique<\/strong> de l&#8217;histoire \u2013 pour que \u00e7a reste !<\/li>\n<li class=\"whitespace-normal break-words pl-2\">Adapt\u00e9e aux <strong>coll\u00e9giens et lyc\u00e9ens<\/strong> de tous niveaux<\/li>\n<\/ul>\n<p>Parce que vos \u00e9l\u00e8ves m\u00e9ritent une visite qui les fait <strong>rire, r\u00e9fl\u00e9chir et se souvenir<\/strong>. Nos guides savent exactement comment captiver un jeune public \u2013 avec des anecdotes surprenantes, des histoires vraies et une bonne dose d&#8217;humour. Une visite de ville id\u00e9ale pour comprendre Munich, son histoire et sa culture !<\/p>\n<\/div>\n<\/div>\n<\/div>\n<p>Munich &#8211; 870 ans d&#8217;histoire, und visite guid\u00e9e pour les groupes scolaires.<\/p>\n<p class=\"font-claude-response-body break-words whitespace-normal leading-[1.7]\">\n<\/p><p>[vc_row][vc_column][vc_btn title=&#8221;CONTACTEZ-NOUS&#8221; shape=&#8221;square&#8221; align=&#8221;left&#8221; link=&#8221;url:http%3A%2F%2Fwww.wunder-der-stadt.com%2Fkontakt%2F|||&#8221;]<\/p>\n<p><!--more--><\/p>\n<table class=\"table table-bordered tours-tabs__table\" style=\"height: 233px;\" width=\"862\">\n<tbody>\n<tr>\n<td><strong>D\u00e9part<\/strong><\/td>\n<td><span class=\"s1\">Marienplatz &#8211; Fontaine au poisson<\/span><\/td>\n<\/tr>\n<tr>\n<td><b>Dur\u00e9e<\/b><\/td>\n<td>max. 2 heures<\/td>\n<\/tr>\n<tr>\n<td><b>Tarif<\/b><\/td>\n<td>\n<p class=\"p1\"><span class=\"s1\">210,00\u20ac<span class=\"Apple-converted-space\">\u00a0 \/ Groupe <\/span>\u2013 19% MwSt de TVA inclue<br \/>\n<\/span><\/p>\n<\/td>\n<\/tr>\n<tr>\n<td><strong>Nombre de participants<br \/>\n<\/strong><\/td>\n<td>\n<p class=\"p1\"><span class=\"s1\">max. 25 personnes<\/span><\/p>\n<\/td>\n<\/tr>\n<tr>\n<td><\/td>\n<td><\/td>\n<\/tr>\n<\/tbody>\n<\/table>\n<p>&nbsp;<\/p>\n","protected":false},"excerpt":{"rendered":"<p>Pour les groupes scolaires : Visite guid\u00e9e Munich \u2013 870 ans d&#8217;histoire Munich, c&#8217;est bien plus que la f\u00eate de la bi\u00e8re&#8230; Faites d\u00e9couvrir Munich \u00e0 vos \u00e9l\u00e8ves avec une visite guid\u00e9e en francais \u00e0 pied dans le centre historique. Une visite sp\u00e9cialement concue pour les groupes scolaires. La visite guid\u00e9e Munich &#8211; 870 ans<\/p>\n<div class=\"padding-top text-center\"><a href=\"https:\/\/www.wunder-der-stadt.com\/en\/tours\/groupes-scolaires-visite-guidee-munich\/\" class=\"atbtn atbtn--medium atbtn--rounded atbtn--transparent\">Weiterlesen<i class=\"atbtn__icon atbtn__icon--right fa fa-long-arrow-right\"><\/i><\/a><\/div>\n","protected":false},"featured_media":1382,"template":"","meta":[],"product_cat":[103],"product_tag":[115,160,159,106],"translation":{"provider":"WPGlobus","version":"3.0.2","language":"en","enabled_languages":["de","en","fr","es"],"languages":{"de":{"title":true,"content":true,"excerpt":false},"en":{"title":false,"content":false,"excerpt":false},"fr":{"title":false,"content":false,"excerpt":false},"es":{"title":false,"content":false,"excerpt":false}}},"yoast_head":"<!-- This site is optimized with the Yoast SEO plugin v22.0 - https:\/\/yoast.com\/wordpress\/plugins\/seo\/ -->\n<title>groupes-scolaires-visite-guid\u00e9e-munich<\/title>\n<meta name=\"robots\" content=\"index, follow, max-snippet:-1, max-image-preview:large, max-video-preview:-1\" \/>\n<link rel=\"canonical\" href=\"https:\/\/www.wunder-der-stadt.com\/tours\/groupes-scolaires-visite-guidee-munich\/\" \/>\n<meta property=\"og:locale\" content=\"en_US\" \/>\n<meta property=\"og:type\" content=\"article\" \/>\n<meta property=\"og:title\" content=\"Pour groupes scolaires : Munich - 870 ans d&#039;histoire - Wunder der Stadt - Stadtf\u00fchrungen in M\u00fcnchen und Oberbayern\" \/>\n<meta property=\"og:url\" content=\"https:\/\/www.wunder-der-stadt.com\/tours\/groupes-scolaires-visite-guidee-munich\/\" \/>\n<meta property=\"og:site_name\" content=\"Wunder der Stadt - Stadtf\u00fchrungen in M\u00fcnchen und Oberbayern\" \/>\n<meta property=\"article:modified_time\" content=\"2026-03-07T14:24:16+00:00\" \/>\n<meta property=\"og:image\" content=\"https:\/\/www.wunder-der-stadt.com\/wp-content\/uploads\/Kombi_Stadtrundfahrt_Stadtrundgang.jpg\" \/>\n\t<meta property=\"og:image:width\" content=\"1400\" \/>\n\t<meta property=\"og:image:height\" content=\"600\" \/>\n\t<meta property=\"og:image:type\" content=\"image\/jpeg\" \/>\n<meta name=\"twitter:card\" content=\"summary_large_image\" \/>\n<meta name=\"twitter:label1\" content=\"Est. reading time\" \/>\n\t<meta name=\"twitter:data1\" content=\"3 minutes\" \/>\n<script type=\"application\/ld+json\" class=\"yoast-schema-graph\">{\"@context\":\"https:\/\/schema.org\",\"@graph\":[{\"@type\":\"WebPage\",\"@id\":\"https:\/\/www.wunder-der-stadt.com\/tours\/groupes-scolaires-visite-guidee-munich\/\",\"url\":\"https:\/\/www.wunder-der-stadt.com\/tours\/groupes-scolaires-visite-guidee-munich\/\",\"name\":\"groupes-scolaires-visite-guid\u00e9e-munich\",\"isPartOf\":{\"@id\":\"https:\/\/www.wunder-der-stadt.com\/#website\"},\"datePublished\":\"2020-01-16T09:13:38+00:00\",\"dateModified\":\"2026-03-07T14:24:16+00:00\",\"description\":\"Munich - 860 ans d'histoire est une visite guid\u00e9e sp\u00e9cialement concue pour les groupes scolaires, dapt\u00e9e aux coll\u00e9giens et lyc\u00e9ens\",\"breadcrumb\":{\"@id\":\"https:\/\/www.wunder-der-stadt.com\/tours\/groupes-scolaires-visite-guidee-munich\/#breadcrumb\"},\"inLanguage\":\"en-US\",\"potentialAction\":[{\"@type\":\"ReadAction\",\"target\":[\"https:\/\/www.wunder-der-stadt.com\/tours\/groupes-scolaires-visite-guidee-munich\/\"]}]},{\"@type\":\"BreadcrumbList\",\"@id\":\"https:\/\/www.wunder-der-stadt.com\/tours\/groupes-scolaires-visite-guidee-munich\/#breadcrumb\",\"itemListElement\":[{\"@type\":\"ListItem\",\"position\":1,\"name\":\"Startseite\",\"item\":\"https:\/\/www.wunder-der-stadt.com\/\"},{\"@type\":\"ListItem\",\"position\":2,\"name\":\"Produkte\",\"item\":\"https:\/\/www.wunder-der-stadt.com\/shop\/\"},{\"@type\":\"ListItem\",\"position\":3,\"name\":\"Pour groupes scolaires : Munich &#8211; 870 ans d&#8217;histoire\"}]},{\"@type\":\"WebSite\",\"@id\":\"https:\/\/www.wunder-der-stadt.com\/#website\",\"url\":\"https:\/\/www.wunder-der-stadt.com\/\",\"name\":\"{:de}Wunder der Stadt - Stadtf\u00fchrungen in M\u00fcnchen und Oberbayern{:}{:fr}Wunder der Stadt - Visites guid\u00e9es \u00e0 Munich et en Bavi\u00e8re{:}\",\"description\":\"Ihre Agentur f\u00fcr Incomingreisen, Gesch\u00e4ftreisen, Stadtf\u00fchrungen und Privatreisen in M\u00fcnchen und Bayern\",\"publisher\":{\"@id\":\"https:\/\/www.wunder-der-stadt.com\/#\/schema\/person\/7ac5370c8e8a38b0625e279f3af2d701\"},\"potentialAction\":[{\"@type\":\"SearchAction\",\"target\":{\"@type\":\"EntryPoint\",\"urlTemplate\":\"https:\/\/www.wunder-der-stadt.com\/?s={search_term_string}\"},\"query-input\":\"required name=search_term_string\"}],\"inLanguage\":\"en-US\"},{\"@type\":[\"Person\",\"Organization\"],\"@id\":\"https:\/\/www.wunder-der-stadt.com\/#\/schema\/person\/7ac5370c8e8a38b0625e279f3af2d701\",\"name\":\"Admin\",\"logo\":{\"@id\":\"https:\/\/www.wunder-der-stadt.com\/#\/schema\/person\/image\/\"}}]}<\/script>\n<!-- \/ Yoast SEO plugin. -->","yoast_head_json":{"title":"groupes-scolaires-visite-guid\u00e9e-munich","robots":{"index":"index","follow":"follow","max-snippet":"max-snippet:-1","max-image-preview":"max-image-preview:large","max-video-preview":"max-video-preview:-1"},"canonical":"https:\/\/www.wunder-der-stadt.com\/tours\/groupes-scolaires-visite-guidee-munich\/","og_locale":"en_US","og_type":"article","og_title":"Pour groupes scolaires : Munich - 870 ans d'histoire - Wunder der Stadt - Stadtf\u00fchrungen in M\u00fcnchen und Oberbayern","og_url":"https:\/\/www.wunder-der-stadt.com\/tours\/groupes-scolaires-visite-guidee-munich\/","og_site_name":"Wunder der Stadt - Stadtf\u00fchrungen in M\u00fcnchen und Oberbayern","article_modified_time":"2026-03-07T14:24:16+00:00","og_image":[{"width":1400,"height":600,"url":"https:\/\/www.wunder-der-stadt.com\/wp-content\/uploads\/Kombi_Stadtrundfahrt_Stadtrundgang.jpg","type":"image\/jpeg"}],"twitter_card":"summary_large_image","twitter_misc":{"Est. reading time":"3 minutes"},"schema":{"@context":"https:\/\/schema.org","@graph":[{"@type":"WebPage","@id":"https:\/\/www.wunder-der-stadt.com\/tours\/groupes-scolaires-visite-guidee-munich\/","url":"https:\/\/www.wunder-der-stadt.com\/tours\/groupes-scolaires-visite-guidee-munich\/","name":"groupes-scolaires-visite-guid\u00e9e-munich","isPartOf":{"@id":"https:\/\/www.wunder-der-stadt.com\/#website"},"datePublished":"2020-01-16T09:13:38+00:00","dateModified":"2026-03-07T14:24:16+00:00","description":"Munich - 860 ans d'histoire est une visite guid\u00e9e sp\u00e9cialement concue pour les groupes scolaires, dapt\u00e9e aux coll\u00e9giens et lyc\u00e9ens","breadcrumb":{"@id":"https:\/\/www.wunder-der-stadt.com\/tours\/groupes-scolaires-visite-guidee-munich\/#breadcrumb"},"inLanguage":"en-US","potentialAction":[{"@type":"ReadAction","target":["https:\/\/www.wunder-der-stadt.com\/tours\/groupes-scolaires-visite-guidee-munich\/"]}]},{"@type":"BreadcrumbList","@id":"https:\/\/www.wunder-der-stadt.com\/tours\/groupes-scolaires-visite-guidee-munich\/#breadcrumb","itemListElement":[{"@type":"ListItem","position":1,"name":"Startseite","item":"https:\/\/www.wunder-der-stadt.com\/"},{"@type":"ListItem","position":2,"name":"Produkte","item":"https:\/\/www.wunder-der-stadt.com\/shop\/"},{"@type":"ListItem","position":3,"name":"Pour groupes scolaires : Munich &#8211; 870 ans d&#8217;histoire"}]},{"@type":"WebSite","@id":"https:\/\/www.wunder-der-stadt.com\/#website","url":"https:\/\/www.wunder-der-stadt.com\/","name":"{:de}Wunder der Stadt - Stadtf\u00fchrungen in M\u00fcnchen und Oberbayern{:}{:fr}Wunder der Stadt - Visites guid\u00e9es \u00e0 Munich et en Bavi\u00e8re{:}","description":"Ihre Agentur f\u00fcr Incomingreisen, Gesch\u00e4ftreisen, Stadtf\u00fchrungen und Privatreisen in M\u00fcnchen und Bayern","publisher":{"@id":"https:\/\/www.wunder-der-stadt.com\/#\/schema\/person\/7ac5370c8e8a38b0625e279f3af2d701"},"potentialAction":[{"@type":"SearchAction","target":{"@type":"EntryPoint","urlTemplate":"https:\/\/www.wunder-der-stadt.com\/?s={search_term_string}"},"query-input":"required name=search_term_string"}],"inLanguage":"en-US"},{"@type":["Person","Organization"],"@id":"https:\/\/www.wunder-der-stadt.com\/#\/schema\/person\/7ac5370c8e8a38b0625e279f3af2d701","name":"Admin","logo":{"@id":"https:\/\/www.wunder-der-stadt.com\/#\/schema\/person\/image\/"}}]}},"_links":{"self":[{"href":"https:\/\/www.wunder-der-stadt.com\/en\/wp-json\/wp\/v2\/product\/2257"}],"collection":[{"href":"https:\/\/www.wunder-der-stadt.com\/en\/wp-json\/wp\/v2\/product"}],"about":[{"href":"https:\/\/www.wunder-der-stadt.com\/en\/wp-json\/wp\/v2\/types\/product"}],"wp:featuredmedia":[{"embeddable":true,"href":"https:\/\/www.wunder-der-stadt.com\/en\/wp-json\/wp\/v2\/media\/1382"}],"wp:attachment":[{"href":"https:\/\/www.wunder-der-stadt.com\/en\/wp-json\/wp\/v2\/media?parent=2257"}],"wp:term":[{"taxonomy":"product_cat","embeddable":true,"href":"https:\/\/www.wunder-der-stadt.com\/en\/wp-json\/wp\/v2\/product_cat?post=2257"},{"taxonomy":"product_tag","embeddable":true,"href":"https:\/\/www.wunder-der-stadt.com\/en\/wp-json\/wp\/v2\/product_tag?post=2257"}],"curies":[{"name":"wp","href":"https:\/\/api.w.org\/{rel}","templated":true}]}}