{"id":2260,"date":"2020-01-16T10:34:10","date_gmt":"2020-01-16T09:34:10","guid":{"rendered":"https:\/\/www.wunder-der-stadt.com\/?post_type=product&#038;p=2260"},"modified":"2026-01-10T16:55:42","modified_gmt":"2026-01-10T15:55:42","slug":"pour-groupes-scolaires-visite-du-memorial-de-dachau-camp-de-concentration","status":"publish","type":"product","link":"https:\/\/www.wunder-der-stadt.com\/en\/tours\/pour-groupes-scolaires-visite-du-memorial-de-dachau-camp-de-concentration\/","title":{"rendered":"Pour groupes scolaires : Visite du m\u00e9morial de Dachau &#8211; Camp de concentration"},"content":{"rendered":"<div id=\"conteneur\">\n<div id=\"visite\">\n<div id=\"texte_visite\"><strong style=\"font-size: 14pt;\">Visite guid\u00e9e en francais du m\u00e9morial du camp de concentration de Dachau<\/strong><\/div>\n<\/div>\n<\/div>\n<div id=\"conteneur\">\n<div id=\"visite\">\n<div id=\"texte_visite\">\n<p>80 ans apr\u00e8s la lib\u00e9ration du camp de concentration de Dachau, les rangs des survivants se sont fortement clairsem\u00e9s.<\/p>\n<p>Le m\u00e9morial de Dachau est un legs aux g\u00e9n\u00e9rations futures. Il en est donc d&#8217;une importance fondamentale et d&#8217;autant plus forte.<\/p>\n<p>Le 20 mars 1933, il y a 100ans aujourd&#8217;hui, Heinrich Himmler annon\u00e7ait dans une conf\u00e9rence de presse internationale l&#8217;ouverture du premier camp de concentration en Allemagne : Dachau. Deux jours plus tard les 140 premiers prisonniers arrivaient.<\/p>\n<p>Dans ce camp qui fut le prototype, mod\u00e8le suivit pour la construction et l&#8217;organisation des autres centres de concentration et d&#8217;extermination, plus de 35.000 personnes trouv\u00e8rent la mort. Dachau est aujourd&#8217;hui encore, pour la majorit\u00e9 d&#8217;entre nous le synonyme de la terreur SS, de torture et d&#8217;humiliation.<\/p>\n<p>Ce lieu nous permet de comprendre comment ces atrocit\u00e9s ont pu survenir dans le pass\u00e9. Plus encore il nous force plus que jamais \u00e0 en tirer des le\u00e7ons pour l&#8217;avenir. <a href=\"https:\/\/www.kz-gedenkstaette-dachau.de\/\">La nouvelle exposition du m\u00e9morial<\/a> nous donne les r\u00e9ponses \u00e0 bien des questions. Elle oblige les nouvelles g\u00e9n\u00e9rations \u00e0 r\u00e9fl\u00e9chir sur notre pass\u00e9 et surtout \u00e0 notre avenir.<\/p>\n<\/div>\n<\/div>\n<\/div>\n<p><strong><em>Ce th\u00e8me vous int\u00e9resse particuli\u00e8rement ?<br \/>\n<\/em><\/strong><\/p>\n<p>Vous \u00eates professeur et vous voulez approfondir ce th\u00e9me sur lequel vous avez d\u00e9j\u00e0 travaill\u00e9 avec vos \u00e9l\u00e8ves ? Vous voulez l\u2019abord\u00e9 de fa\u00e7on concr\u00e8te et palpable ?\u00a0 Nous vous proposons une journ\u00e9e \u00e0 th\u00e8me sur <a href=\"https:\/\/www.wunder-der-stadt.com\/fr\/tours\/pour-groupes-scolaire-le-nazisme-a-munich\/\">l\u2019histoire de la mont\u00e9e de nazisme<\/a> et sur le groupe de <a href=\"https:\/\/www.wunder-der-stadt.com\/fr\/tours\/pour-groupes-scolaires-la-rose-blanche-la-resistance-munichoise-pendant-la-dictature-nazi\/\">r\u00e9sistance &#8220;la Rose Blanche&#8221; \u00e0 Munich<\/a> puis une visite du m\u00e9morial du camp de concentration de Dachau.<\/p>\n<p>&nbsp;<\/p>\n<p>[vc_row][vc_column][vc_btn title=&#8221;CONTACTEZ-NOUS&#8221; shape=&#8221;square&#8221; align=&#8221;left&#8221; link=&#8221;url:http%3A%2F%2Fwww.wunder-der-stadt.com%2Fkontakt%2F|||&#8221;]<br \/>\n<!--more--><\/p>\n<table class=\"table table-bordered tours-tabs__table\" style=\"height: 233px;\" width=\"862\">\n<tbody>\n<tr>\n<td><strong>D\u00e9part<\/strong><\/td>\n<td>Centre d&#8217;acceuil du m\u00e9morial \u00e0 Dachau<\/td>\n<\/tr>\n<tr>\n<td><b>Dur\u00e9e<\/b><\/td>\n<td>max. 2 heure<\/td>\n<\/tr>\n<tr>\n<td><b>Tarif<\/b><\/td>\n<td>250,00\u20ac \/ groupe- 19% TVA inclue<\/td>\n<\/tr>\n<tr>\n<td><strong>Nombre de participants<br \/>\n<\/strong><\/td>\n<td>\n<p class=\"p1\"><span class=\"s1\"> max. 25 participants par groupe<br \/>\n<\/span><\/p>\n<\/td>\n<\/tr>\n<\/tbody>\n<\/table>\n<p>&nbsp;<\/p>\n","protected":false},"excerpt":{"rendered":"<p>Sp\u00e9cialement concue pour les groupes scolaires,<\/p>\n<p>Visite guid\u00e9e du m\u00e9morial du Camp de concentration de Dachau,<\/p>\n<p>Pour apprendre, comprendre et se souvenir !<\/p>\n","protected":false},"featured_media":2504,"template":"","meta":[],"product_cat":[103],"product_tag":[116,117,114,77,120,119,115,118,121],"translation":{"provider":"WPGlobus","version":"3.0.2","language":"en","enabled_languages":["de","en","fr","es"],"languages":{"de":{"title":true,"content":true,"excerpt":true},"en":{"title":false,"content":false,"excerpt":false},"fr":{"title":false,"content":false,"excerpt":false},"es":{"title":false,"content":false,"excerpt":false}}},"yoast_head":"<!-- This site is optimized with the Yoast SEO plugin v22.0 - https:\/\/yoast.com\/wordpress\/plugins\/seo\/ -->\n<title>Visite du m\u00e9morial du camp de concentration de Dachau<\/title>\n<meta name=\"robots\" content=\"index, follow, max-snippet:-1, max-image-preview:large, max-video-preview:-1\" \/>\n<link rel=\"canonical\" href=\"https:\/\/www.wunder-der-stadt.com\/tours\/pour-groupes-scolaires-visite-du-memorial-de-dachau-camp-de-concentration\/\" \/>\n<meta property=\"og:locale\" content=\"en_US\" \/>\n<meta property=\"og:type\" content=\"article\" \/>\n<meta property=\"og:title\" content=\"Pour groupes scolaires : Visite du m\u00e9morial de Dachau - Camp de concentration - Wunder der Stadt - Stadtf\u00fchrungen in M\u00fcnchen und Oberbayern\" \/>\n<meta property=\"og:url\" content=\"https:\/\/www.wunder-der-stadt.com\/tours\/pour-groupes-scolaires-visite-du-memorial-de-dachau-camp-de-concentration\/\" \/>\n<meta property=\"og:site_name\" content=\"Wunder der Stadt - Stadtf\u00fchrungen in M\u00fcnchen und Oberbayern\" \/>\n<meta property=\"article:modified_time\" content=\"2026-01-10T15:55:42+00:00\" \/>\n<meta property=\"og:image\" content=\"https:\/\/www.wunder-der-stadt.com\/wp-content\/uploads\/Dachau-camp-de-concentration-4.jpg\" \/>\n\t<meta property=\"og:image:width\" content=\"2048\" \/>\n\t<meta property=\"og:image:height\" content=\"1536\" \/>\n\t<meta property=\"og:image:type\" content=\"image\/jpeg\" \/>\n<meta name=\"twitter:card\" content=\"summary_large_image\" \/>\n<meta name=\"twitter:label1\" content=\"Est. reading time\" \/>\n\t<meta name=\"twitter:data1\" content=\"2 minutes\" \/>\n<script type=\"application\/ld+json\" class=\"yoast-schema-graph\">{\"@context\":\"https:\/\/schema.org\",\"@graph\":[{\"@type\":\"WebPage\",\"@id\":\"https:\/\/www.wunder-der-stadt.com\/tours\/pour-groupes-scolaires-visite-du-memorial-de-dachau-camp-de-concentration\/\",\"url\":\"https:\/\/www.wunder-der-stadt.com\/tours\/pour-groupes-scolaires-visite-du-memorial-de-dachau-camp-de-concentration\/\",\"name\":\"Visite du m\u00e9morial du camp de concentration de Dachau\",\"isPartOf\":{\"@id\":\"https:\/\/www.wunder-der-stadt.com\/#website\"},\"datePublished\":\"2020-01-16T09:34:10+00:00\",\"dateModified\":\"2026-01-10T15:55:42+00:00\",\"description\":\"visite guid\u00e9e du m\u00e9morial du camp de concentration de Dachau, lieu aujourd'hui encore synonyme de la terreur SS et de la dictature nazi.\",\"breadcrumb\":{\"@id\":\"https:\/\/www.wunder-der-stadt.com\/tours\/pour-groupes-scolaires-visite-du-memorial-de-dachau-camp-de-concentration\/#breadcrumb\"},\"inLanguage\":\"en-US\",\"potentialAction\":[{\"@type\":\"ReadAction\",\"target\":[\"https:\/\/www.wunder-der-stadt.com\/tours\/pour-groupes-scolaires-visite-du-memorial-de-dachau-camp-de-concentration\/\"]}]},{\"@type\":\"BreadcrumbList\",\"@id\":\"https:\/\/www.wunder-der-stadt.com\/tours\/pour-groupes-scolaires-visite-du-memorial-de-dachau-camp-de-concentration\/#breadcrumb\",\"itemListElement\":[{\"@type\":\"ListItem\",\"position\":1,\"name\":\"Startseite\",\"item\":\"https:\/\/www.wunder-der-stadt.com\/\"},{\"@type\":\"ListItem\",\"position\":2,\"name\":\"Produkte\",\"item\":\"https:\/\/www.wunder-der-stadt.com\/shop\/\"},{\"@type\":\"ListItem\",\"position\":3,\"name\":\"Pour groupes scolaires : Visite du m\u00e9morial de Dachau &#8211; Camp de concentration\"}]},{\"@type\":\"WebSite\",\"@id\":\"https:\/\/www.wunder-der-stadt.com\/#website\",\"url\":\"https:\/\/www.wunder-der-stadt.com\/\",\"name\":\"{:de}Wunder der Stadt - Stadtf\u00fchrungen in M\u00fcnchen und Oberbayern{:}{:fr}Wunder der Stadt - Visites guid\u00e9es \u00e0 Munich et en Bavi\u00e8re{:}\",\"description\":\"Ihre Agentur f\u00fcr Incomingreisen, Gesch\u00e4ftreisen, Stadtf\u00fchrungen und Privatreisen in M\u00fcnchen und Bayern\",\"publisher\":{\"@id\":\"https:\/\/www.wunder-der-stadt.com\/#\/schema\/person\/7ac5370c8e8a38b0625e279f3af2d701\"},\"potentialAction\":[{\"@type\":\"SearchAction\",\"target\":{\"@type\":\"EntryPoint\",\"urlTemplate\":\"https:\/\/www.wunder-der-stadt.com\/?s={search_term_string}\"},\"query-input\":\"required name=search_term_string\"}],\"inLanguage\":\"en-US\"},{\"@type\":[\"Person\",\"Organization\"],\"@id\":\"https:\/\/www.wunder-der-stadt.com\/#\/schema\/person\/7ac5370c8e8a38b0625e279f3af2d701\",\"name\":\"Admin\",\"logo\":{\"@id\":\"https:\/\/www.wunder-der-stadt.com\/#\/schema\/person\/image\/\"}}]}<\/script>\n<!-- \/ Yoast SEO plugin. -->","yoast_head_json":{"title":"Visite du m\u00e9morial du camp de concentration de Dachau","robots":{"index":"index","follow":"follow","max-snippet":"max-snippet:-1","max-image-preview":"max-image-preview:large","max-video-preview":"max-video-preview:-1"},"canonical":"https:\/\/www.wunder-der-stadt.com\/tours\/pour-groupes-scolaires-visite-du-memorial-de-dachau-camp-de-concentration\/","og_locale":"en_US","og_type":"article","og_title":"Pour groupes scolaires : Visite du m\u00e9morial de Dachau - Camp de concentration - Wunder der Stadt - Stadtf\u00fchrungen in M\u00fcnchen und Oberbayern","og_url":"https:\/\/www.wunder-der-stadt.com\/tours\/pour-groupes-scolaires-visite-du-memorial-de-dachau-camp-de-concentration\/","og_site_name":"Wunder der Stadt - Stadtf\u00fchrungen in M\u00fcnchen und Oberbayern","article_modified_time":"2026-01-10T15:55:42+00:00","og_image":[{"width":2048,"height":1536,"url":"https:\/\/www.wunder-der-stadt.com\/wp-content\/uploads\/Dachau-camp-de-concentration-4.jpg","type":"image\/jpeg"}],"twitter_card":"summary_large_image","twitter_misc":{"Est. reading time":"2 minutes"},"schema":{"@context":"https:\/\/schema.org","@graph":[{"@type":"WebPage","@id":"https:\/\/www.wunder-der-stadt.com\/tours\/pour-groupes-scolaires-visite-du-memorial-de-dachau-camp-de-concentration\/","url":"https:\/\/www.wunder-der-stadt.com\/tours\/pour-groupes-scolaires-visite-du-memorial-de-dachau-camp-de-concentration\/","name":"Visite du m\u00e9morial du camp de concentration de Dachau","isPartOf":{"@id":"https:\/\/www.wunder-der-stadt.com\/#website"},"datePublished":"2020-01-16T09:34:10+00:00","dateModified":"2026-01-10T15:55:42+00:00","description":"visite guid\u00e9e du m\u00e9morial du camp de concentration de Dachau, lieu aujourd'hui encore synonyme de la terreur SS et de la dictature nazi.","breadcrumb":{"@id":"https:\/\/www.wunder-der-stadt.com\/tours\/pour-groupes-scolaires-visite-du-memorial-de-dachau-camp-de-concentration\/#breadcrumb"},"inLanguage":"en-US","potentialAction":[{"@type":"ReadAction","target":["https:\/\/www.wunder-der-stadt.com\/tours\/pour-groupes-scolaires-visite-du-memorial-de-dachau-camp-de-concentration\/"]}]},{"@type":"BreadcrumbList","@id":"https:\/\/www.wunder-der-stadt.com\/tours\/pour-groupes-scolaires-visite-du-memorial-de-dachau-camp-de-concentration\/#breadcrumb","itemListElement":[{"@type":"ListItem","position":1,"name":"Startseite","item":"https:\/\/www.wunder-der-stadt.com\/"},{"@type":"ListItem","position":2,"name":"Produkte","item":"https:\/\/www.wunder-der-stadt.com\/shop\/"},{"@type":"ListItem","position":3,"name":"Pour groupes scolaires : Visite du m\u00e9morial de Dachau &#8211; Camp de concentration"}]},{"@type":"WebSite","@id":"https:\/\/www.wunder-der-stadt.com\/#website","url":"https:\/\/www.wunder-der-stadt.com\/","name":"{:de}Wunder der Stadt - Stadtf\u00fchrungen in M\u00fcnchen und Oberbayern{:}{:fr}Wunder der Stadt - Visites guid\u00e9es \u00e0 Munich et en Bavi\u00e8re{:}","description":"Ihre Agentur f\u00fcr Incomingreisen, Gesch\u00e4ftreisen, Stadtf\u00fchrungen und Privatreisen in M\u00fcnchen und Bayern","publisher":{"@id":"https:\/\/www.wunder-der-stadt.com\/#\/schema\/person\/7ac5370c8e8a38b0625e279f3af2d701"},"potentialAction":[{"@type":"SearchAction","target":{"@type":"EntryPoint","urlTemplate":"https:\/\/www.wunder-der-stadt.com\/?s={search_term_string}"},"query-input":"required name=search_term_string"}],"inLanguage":"en-US"},{"@type":["Person","Organization"],"@id":"https:\/\/www.wunder-der-stadt.com\/#\/schema\/person\/7ac5370c8e8a38b0625e279f3af2d701","name":"Admin","logo":{"@id":"https:\/\/www.wunder-der-stadt.com\/#\/schema\/person\/image\/"}}]}},"_links":{"self":[{"href":"https:\/\/www.wunder-der-stadt.com\/en\/wp-json\/wp\/v2\/product\/2260"}],"collection":[{"href":"https:\/\/www.wunder-der-stadt.com\/en\/wp-json\/wp\/v2\/product"}],"about":[{"href":"https:\/\/www.wunder-der-stadt.com\/en\/wp-json\/wp\/v2\/types\/product"}],"wp:featuredmedia":[{"embeddable":true,"href":"https:\/\/www.wunder-der-stadt.com\/en\/wp-json\/wp\/v2\/media\/2504"}],"wp:attachment":[{"href":"https:\/\/www.wunder-der-stadt.com\/en\/wp-json\/wp\/v2\/media?parent=2260"}],"wp:term":[{"taxonomy":"product_cat","embeddable":true,"href":"https:\/\/www.wunder-der-stadt.com\/en\/wp-json\/wp\/v2\/product_cat?post=2260"},{"taxonomy":"product_tag","embeddable":true,"href":"https:\/\/www.wunder-der-stadt.com\/en\/wp-json\/wp\/v2\/product_tag?post=2260"}],"curies":[{"name":"wp","href":"https:\/\/api.w.org\/{rel}","templated":true}]}}