{"id":2302,"date":"2020-03-07T15:26:51","date_gmt":"2020-03-07T14:26:51","guid":{"rendered":"https:\/\/www.wunder-der-stadt.com\/?post_type=product&#038;p=2302"},"modified":"2023-12-01T11:17:40","modified_gmt":"2023-12-01T10:17:40","slug":"munich-national-socialism-city-tour","status":"publish","type":"product","link":"https:\/\/www.wunder-der-stadt.com\/en\/tours\/munich-national-socialism-city-tour\/","title":{"rendered":"Munich &#038; the National Socialism &#8211; the dark side of the history"},"content":{"rendered":"<div id=\"conteneur\">\n<div id=\"visite\">\n<div id=\"texte_visite\">\n<p><span style=\"font-size: 14pt;\"><strong>A guided city tour about the National Socialism in Munich<\/strong><\/span><\/p>\n<p>&nbsp;<\/p>\n<p style=\"text-align: left;\">A guided city tour that takes us to the historical places of Munich&#8217;s Nazi past, the &#8220;capital of the movement&#8221; as Hitler himself called it then.<\/p>\n<p style=\"text-align: left;\">1923 Adolf Hitler tried in Munich for the first time to gain the polical power. His military coup failed on the Odeon Square. Ten years later, he was elected in Berlin on January 30, 1933 Chancellor of Germany. In Munich, the Nazi propaganda and Hitler&#8217;s tourism are in full swing.<\/p>\n<p style=\"text-align: left;\">We follow in the trail of the dictator, from his first steps during speeches at the brewery. &#8220;Zum Sternecker&#8221;, passing by the house of photographer Hoffman where the first propaganda photos were taken. It will be the place where Hitler will meet the one who will become at the end his wife: Eva Brauen. We stop at the\u00a0 Bruckmann&#8217;s villa, who supported the future dictator from the start. We go under the old city hall, where the &#8220;crystal night&#8221; started. A city tour that also takes us to the &#8220;F\u00fchrerbau&#8221; &#8211; Hitler&#8217;s office and to the site of the &#8220;Brown House&#8221; &#8211; the headquarter of the Nazi party &#8211; that the new documentation center, which had long been the subject of controversy, opened his doors.<\/p>\n<p style=\"text-align: left;\">A guided city tour &#8211; to learn and remember &#8211; &#8220;Munich &amp; the National Socialism&#8221;.<\/p>\n<p style=\"text-align: left;\">You are particularly interested in the theme? You are a teacher, and you want to deepen this topic\u00a0with your students? We suggest you a themed day on the history of the rise of Nazism, the resistance in Munich and a visit to the Dachau concentration camp memorial site.<\/p>\n<\/div>\n<\/div>\n<\/div>\n<div id=\"tw-target-rmn-container\" class=\"tw-ta-container tw-nfl\" style=\"text-align: left;\">\n<pre id=\"tw-target-rmn\" class=\"tw-data-placeholder tw-text-small tw-ta\" dir=\"ltr\" data-placeholder=\"\"><\/pre>\n<\/div>\n<p>[vc_row][vc_column][vc_btn title=&#8221;GET IN\u00a0 TOUCH WITHE US&#8221; shape=&#8221;square&#8221; align=&#8221;left&#8221; link=&#8221;url:http%3A%2F%2Fwww.wunder-der-stadt.com%2Fkontakt%2F|||&#8221;]<br \/>\n<!--more--><\/p>\n<table class=\"table table-bordered tours-tabs__table\" style=\"height: 233px;\" width=\"862\">\n<tbody>\n<tr>\n<td><strong>Start<\/strong><\/td>\n<td>Munich &#8211; Platzl in front of the brewery Hofbr\u00e4uhaus<\/td>\n<\/tr>\n<tr>\n<td><b>Duration<\/b><\/td>\n<td>max. 2 hours<\/td>\n<\/tr>\n<tr>\n<td><b>Fare<\/b><\/td>\n<td>\n<p class=\"p1\"><span class=\"s1\">220,00\u20ac \/Group &#8211; 19% VAT included<\/span><\/p>\n<\/td>\n<\/tr>\n<tr>\n<td><strong>Number of participants<br \/>\n<\/strong><\/td>\n<td><span class=\"s1\">\u00a0max. 25 persons<\/span><\/td>\n<\/tr>\n<\/tbody>\n<\/table>\n<p>&nbsp;<\/p>\n","protected":false},"excerpt":{"rendered":"<p>A guided city tour about the National Socialism in Munich &nbsp; A guided city tour that takes us to the historical places of Munich&#8217;s Nazi past, the &#8220;capital of the movement&#8221; as Hitler himself called it then. 1923 Adolf Hitler tried in Munich for the first time to gain the polical power. His military coup<\/p>\n<div class=\"padding-top text-center\"><a href=\"https:\/\/www.wunder-der-stadt.com\/en\/tours\/munich-national-socialism-city-tour\/\" class=\"atbtn atbtn--medium atbtn--rounded atbtn--transparent\">Weiterlesen<i class=\"atbtn__icon atbtn__icon--right fa fa-long-arrow-right\"><\/i><\/a><\/div>\n","protected":false},"featured_media":2466,"template":"","meta":[],"product_cat":[103],"product_tag":[77,136,115,135,133],"translation":{"provider":"WPGlobus","version":"3.0.2","language":"en","enabled_languages":["de","en","fr","es"],"languages":{"de":{"title":true,"content":true,"excerpt":false},"en":{"title":false,"content":false,"excerpt":false},"fr":{"title":false,"content":false,"excerpt":false},"es":{"title":false,"content":false,"excerpt":false}}},"yoast_head":"<!-- This site is optimized with the Yoast SEO plugin v22.0 - https:\/\/yoast.com\/wordpress\/plugins\/seo\/ -->\n<title>Munich &amp; the National Socialism - City tour Wunder der Stadt<\/title>\n<meta name=\"robots\" content=\"index, follow, max-snippet:-1, max-image-preview:large, max-video-preview:-1\" \/>\n<link rel=\"canonical\" href=\"https:\/\/www.wunder-der-stadt.com\/tours\/munich-national-socialism-city-tour\/\" \/>\n<meta property=\"og:locale\" content=\"en_US\" \/>\n<meta property=\"og:type\" content=\"article\" \/>\n<meta property=\"og:title\" content=\"Munich &amp; the National Socialism - the dark side of the history - Wunder der Stadt - Stadtf\u00fchrungen in M\u00fcnchen und Oberbayern\" \/>\n<meta property=\"og:url\" content=\"https:\/\/www.wunder-der-stadt.com\/tours\/munich-national-socialism-city-tour\/\" \/>\n<meta property=\"og:site_name\" content=\"Wunder der Stadt - Stadtf\u00fchrungen in M\u00fcnchen und Oberbayern\" \/>\n<meta property=\"article:modified_time\" content=\"2023-12-01T10:17:40+00:00\" \/>\n<meta property=\"og:image\" content=\"https:\/\/www.wunder-der-stadt.com\/wp-content\/uploads\/032-1.jpg\" \/>\n\t<meta property=\"og:image:width\" content=\"1936\" \/>\n\t<meta property=\"og:image:height\" content=\"1288\" \/>\n\t<meta property=\"og:image:type\" content=\"image\/jpeg\" \/>\n<meta name=\"twitter:card\" content=\"summary_large_image\" \/>\n<meta name=\"twitter:label1\" content=\"Est. reading time\" \/>\n\t<meta name=\"twitter:data1\" content=\"2 minutes\" \/>\n<script type=\"application\/ld+json\" class=\"yoast-schema-graph\">{\"@context\":\"https:\/\/schema.org\",\"@graph\":[{\"@type\":\"WebPage\",\"@id\":\"https:\/\/www.wunder-der-stadt.com\/tours\/munich-national-socialism-city-tour\/\",\"url\":\"https:\/\/www.wunder-der-stadt.com\/tours\/munich-national-socialism-city-tour\/\",\"name\":\"Munich & the National Socialism - City tour Wunder der Stadt\",\"isPartOf\":{\"@id\":\"https:\/\/www.wunder-der-stadt.com\/#website\"},\"datePublished\":\"2020-03-07T14:26:51+00:00\",\"dateModified\":\"2023-12-01T10:17:40+00:00\",\"description\":\"An informativ city tour about the dark side of Munich history - National Socialism in Munich, the rise and the consequences of the dictature\",\"breadcrumb\":{\"@id\":\"https:\/\/www.wunder-der-stadt.com\/tours\/munich-national-socialism-city-tour\/#breadcrumb\"},\"inLanguage\":\"en-US\",\"potentialAction\":[{\"@type\":\"ReadAction\",\"target\":[\"https:\/\/www.wunder-der-stadt.com\/tours\/munich-national-socialism-city-tour\/\"]}]},{\"@type\":\"BreadcrumbList\",\"@id\":\"https:\/\/www.wunder-der-stadt.com\/tours\/munich-national-socialism-city-tour\/#breadcrumb\",\"itemListElement\":[{\"@type\":\"ListItem\",\"position\":1,\"name\":\"Startseite\",\"item\":\"https:\/\/www.wunder-der-stadt.com\/\"},{\"@type\":\"ListItem\",\"position\":2,\"name\":\"Produkte\",\"item\":\"https:\/\/www.wunder-der-stadt.com\/shop\/\"},{\"@type\":\"ListItem\",\"position\":3,\"name\":\"Munich &#038; the National Socialism &#8211; the dark side of the history\"}]},{\"@type\":\"WebSite\",\"@id\":\"https:\/\/www.wunder-der-stadt.com\/#website\",\"url\":\"https:\/\/www.wunder-der-stadt.com\/\",\"name\":\"{:de}Wunder der Stadt - Stadtf\u00fchrungen in M\u00fcnchen und Oberbayern{:}{:fr}Wunder der Stadt - Visites guid\u00e9es \u00e0 Munich et en Bavi\u00e8re{:}\",\"description\":\"Ihre Agentur f\u00fcr Incomingreisen, Gesch\u00e4ftreisen, Stadtf\u00fchrungen und Privatreisen in M\u00fcnchen und Bayern\",\"publisher\":{\"@id\":\"https:\/\/www.wunder-der-stadt.com\/#\/schema\/person\/7ac5370c8e8a38b0625e279f3af2d701\"},\"potentialAction\":[{\"@type\":\"SearchAction\",\"target\":{\"@type\":\"EntryPoint\",\"urlTemplate\":\"https:\/\/www.wunder-der-stadt.com\/?s={search_term_string}\"},\"query-input\":\"required name=search_term_string\"}],\"inLanguage\":\"en-US\"},{\"@type\":[\"Person\",\"Organization\"],\"@id\":\"https:\/\/www.wunder-der-stadt.com\/#\/schema\/person\/7ac5370c8e8a38b0625e279f3af2d701\",\"name\":\"Admin\",\"logo\":{\"@id\":\"https:\/\/www.wunder-der-stadt.com\/#\/schema\/person\/image\/\"}}]}<\/script>\n<!-- \/ Yoast SEO plugin. -->","yoast_head_json":{"title":"Munich & the National Socialism - City tour Wunder der Stadt","robots":{"index":"index","follow":"follow","max-snippet":"max-snippet:-1","max-image-preview":"max-image-preview:large","max-video-preview":"max-video-preview:-1"},"canonical":"https:\/\/www.wunder-der-stadt.com\/tours\/munich-national-socialism-city-tour\/","og_locale":"en_US","og_type":"article","og_title":"Munich & the National Socialism - the dark side of the history - Wunder der Stadt - Stadtf\u00fchrungen in M\u00fcnchen und Oberbayern","og_url":"https:\/\/www.wunder-der-stadt.com\/tours\/munich-national-socialism-city-tour\/","og_site_name":"Wunder der Stadt - Stadtf\u00fchrungen in M\u00fcnchen und Oberbayern","article_modified_time":"2023-12-01T10:17:40+00:00","og_image":[{"width":1936,"height":1288,"url":"https:\/\/www.wunder-der-stadt.com\/wp-content\/uploads\/032-1.jpg","type":"image\/jpeg"}],"twitter_card":"summary_large_image","twitter_misc":{"Est. reading time":"2 minutes"},"schema":{"@context":"https:\/\/schema.org","@graph":[{"@type":"WebPage","@id":"https:\/\/www.wunder-der-stadt.com\/tours\/munich-national-socialism-city-tour\/","url":"https:\/\/www.wunder-der-stadt.com\/tours\/munich-national-socialism-city-tour\/","name":"Munich & the National Socialism - City tour Wunder der Stadt","isPartOf":{"@id":"https:\/\/www.wunder-der-stadt.com\/#website"},"datePublished":"2020-03-07T14:26:51+00:00","dateModified":"2023-12-01T10:17:40+00:00","description":"An informativ city tour about the dark side of Munich history - National Socialism in Munich, the rise and the consequences of the dictature","breadcrumb":{"@id":"https:\/\/www.wunder-der-stadt.com\/tours\/munich-national-socialism-city-tour\/#breadcrumb"},"inLanguage":"en-US","potentialAction":[{"@type":"ReadAction","target":["https:\/\/www.wunder-der-stadt.com\/tours\/munich-national-socialism-city-tour\/"]}]},{"@type":"BreadcrumbList","@id":"https:\/\/www.wunder-der-stadt.com\/tours\/munich-national-socialism-city-tour\/#breadcrumb","itemListElement":[{"@type":"ListItem","position":1,"name":"Startseite","item":"https:\/\/www.wunder-der-stadt.com\/"},{"@type":"ListItem","position":2,"name":"Produkte","item":"https:\/\/www.wunder-der-stadt.com\/shop\/"},{"@type":"ListItem","position":3,"name":"Munich &#038; the National Socialism &#8211; the dark side of the history"}]},{"@type":"WebSite","@id":"https:\/\/www.wunder-der-stadt.com\/#website","url":"https:\/\/www.wunder-der-stadt.com\/","name":"{:de}Wunder der Stadt - Stadtf\u00fchrungen in M\u00fcnchen und Oberbayern{:}{:fr}Wunder der Stadt - Visites guid\u00e9es \u00e0 Munich et en Bavi\u00e8re{:}","description":"Ihre Agentur f\u00fcr Incomingreisen, Gesch\u00e4ftreisen, Stadtf\u00fchrungen und Privatreisen in M\u00fcnchen und Bayern","publisher":{"@id":"https:\/\/www.wunder-der-stadt.com\/#\/schema\/person\/7ac5370c8e8a38b0625e279f3af2d701"},"potentialAction":[{"@type":"SearchAction","target":{"@type":"EntryPoint","urlTemplate":"https:\/\/www.wunder-der-stadt.com\/?s={search_term_string}"},"query-input":"required name=search_term_string"}],"inLanguage":"en-US"},{"@type":["Person","Organization"],"@id":"https:\/\/www.wunder-der-stadt.com\/#\/schema\/person\/7ac5370c8e8a38b0625e279f3af2d701","name":"Admin","logo":{"@id":"https:\/\/www.wunder-der-stadt.com\/#\/schema\/person\/image\/"}}]}},"_links":{"self":[{"href":"https:\/\/www.wunder-der-stadt.com\/en\/wp-json\/wp\/v2\/product\/2302"}],"collection":[{"href":"https:\/\/www.wunder-der-stadt.com\/en\/wp-json\/wp\/v2\/product"}],"about":[{"href":"https:\/\/www.wunder-der-stadt.com\/en\/wp-json\/wp\/v2\/types\/product"}],"wp:featuredmedia":[{"embeddable":true,"href":"https:\/\/www.wunder-der-stadt.com\/en\/wp-json\/wp\/v2\/media\/2466"}],"wp:attachment":[{"href":"https:\/\/www.wunder-der-stadt.com\/en\/wp-json\/wp\/v2\/media?parent=2302"}],"wp:term":[{"taxonomy":"product_cat","embeddable":true,"href":"https:\/\/www.wunder-der-stadt.com\/en\/wp-json\/wp\/v2\/product_cat?post=2302"},{"taxonomy":"product_tag","embeddable":true,"href":"https:\/\/www.wunder-der-stadt.com\/en\/wp-json\/wp\/v2\/product_tag?post=2302"}],"curies":[{"name":"wp","href":"https:\/\/api.w.org\/{rel}","templated":true}]}}