{"id":2320,"date":"2020-03-09T18:00:09","date_gmt":"2020-03-09T17:00:09","guid":{"rendered":"https:\/\/www.wunder-der-stadt.com\/?post_type=product&#038;p=2320"},"modified":"2023-11-14T13:05:07","modified_gmt":"2023-11-14T12:05:07","slug":"munich-classic-sightseeing-bus-tour-2","status":"publish","type":"product","link":"https:\/\/www.wunder-der-stadt.com\/en\/tours\/munich-classic-sightseeing-bus-tour-2\/","title":{"rendered":"SPECIAL FOR SCHOOLS &#8211; Munich classic, Sightseeing bus tour"},"content":{"rendered":"<div id=\"conteneur\">\n<div id=\"visite\">\n<div id=\"texte_visite\">\n<p><span style=\"font-size: 14pt;\">Munich classic, Sightseeing bus tour: Explore Munich with a private bus tour\u00a0<\/span><\/p>\n<p>Your studen will experience the highlights and landmarks of Munich during a 2,5 hours sightseeing tour including a photo stop at the <a href=\"https:\/\/www.wunder-der-stadt.com\/en\/tours\/the-palace-of-nymphenburg-and-the-hunting-lodge-of-amalienburg\/\">castle of Nymphenburg.<\/a> This is just perfect for anyone who wants to get a quick overview of our city. With fun and humor, you will discover the Bavarian life style, its traditions and future perspectives. This tour also brings you to the places where Hitler started his political carrier and Nazi movement was born. On your way you will also drive pass the <a href=\"https:\/\/www.bmw-welt.com\/de.html\">BMW World<\/a> and the Olympic Park of 1972.<\/p>\n<p>You enjoy the most famous sights of the city with a professional and official Munich tour guide.<\/p>\n<\/div>\n<div id=\"texte_visite\">\n<p>SPECIAL FARE FOR SCHOOL TRIPS<\/p>\n<\/div>\n<\/div>\n<\/div>\n<p>&nbsp;<\/p>\n<p><!--more--><\/p>\n<table class=\"table table-bordered tours-tabs__table\" style=\"height: 233px;\" width=\"862\">\n<tbody>\n<tr>\n<td><strong>Start<\/strong><\/td>\n<td>any location in Munich<\/td>\n<\/tr>\n<tr>\n<td><b>Duration<\/b><\/td>\n<td>max. 2,5 hours<\/td>\n<\/tr>\n<tr>\n<td><b>Fare<\/b><\/td>\n<td>220,00\u20ac \u2013 19% de VAT included<\/td>\n<\/tr>\n<tr>\n<td><strong>Number of participant<br \/>\n<\/strong><\/td>\n<td>max 50 persons<\/td>\n<\/tr>\n<tr>\n<td><b>not included<br \/>\n<\/b><\/td>\n<td>\n<table class=\"table table-bordered\" style=\"height: 62px;\" width=\"300\">\n<tbody>\n<tr>\n<td><i class=\"fa fa-times icon-tick icon-tick--off\"><\/i> private bus or coach on demand<\/td>\n<\/tr>\n<\/tbody>\n<\/table>\n<\/td>\n<\/tr>\n<\/tbody>\n<\/table>\n<p>&nbsp;<\/p>\n","protected":false},"excerpt":{"rendered":"<p>Munich classic, Sightseeing bus tour: Explore Munich with a private bus tour\u00a0 Your studen will experience the highlights and landmarks of Munich during a 2,5 hours sightseeing tour including a photo stop at the castle of Nymphenburg. This is just perfect for anyone who wants to get a quick overview of our city. With fun<\/p>\n<div class=\"padding-top text-center\"><a href=\"https:\/\/www.wunder-der-stadt.com\/en\/tours\/munich-classic-sightseeing-bus-tour-2\/\" class=\"atbtn atbtn--medium atbtn--rounded atbtn--transparent\">Weiterlesen<i class=\"atbtn__icon atbtn__icon--right fa fa-long-arrow-right\"><\/i><\/a><\/div>\n","protected":false},"featured_media":1372,"template":"","meta":[],"product_cat":[103],"product_tag":[115,183,179,182],"translation":{"provider":"WPGlobus","version":"3.0.2","language":"en","enabled_languages":["de","en","fr","es"],"languages":{"de":{"title":true,"content":true,"excerpt":false},"en":{"title":false,"content":false,"excerpt":false},"fr":{"title":false,"content":false,"excerpt":false},"es":{"title":false,"content":false,"excerpt":false}}},"yoast_head":"<!-- This site is optimized with the Yoast SEO plugin v22.0 - https:\/\/yoast.com\/wordpress\/plugins\/seo\/ -->\n<title>Munich sightseeing bus tour munich sightseeing bus tour - bus tour munich<\/title>\n<meta name=\"robots\" content=\"index, follow, max-snippet:-1, max-image-preview:large, max-video-preview:-1\" \/>\n<link rel=\"canonical\" href=\"https:\/\/www.wunder-der-stadt.com\/tours\/munich-classic-sightseeing-bus-tour-2\/\" \/>\n<meta property=\"og:locale\" content=\"en_US\" \/>\n<meta property=\"og:type\" content=\"article\" \/>\n<meta property=\"og:title\" content=\"SPECIAL FOR SCHOOLS - Munich classic, Sightseeing bus tour - Wunder der Stadt - Stadtf\u00fchrungen in M\u00fcnchen und Oberbayern\" \/>\n<meta property=\"og:url\" content=\"https:\/\/www.wunder-der-stadt.com\/tours\/munich-classic-sightseeing-bus-tour-2\/\" \/>\n<meta property=\"og:site_name\" content=\"Wunder der Stadt - Stadtf\u00fchrungen in M\u00fcnchen und Oberbayern\" \/>\n<meta property=\"article:modified_time\" content=\"2023-11-14T12:05:07+00:00\" \/>\n<meta property=\"og:image\" content=\"https:\/\/www.wunder-der-stadt.com\/wp-content\/uploads\/Nr.-0614-Muenchner-Marienplatz-mit-Neuem-Rathaus-und-Frauenkirche-C.-Reiter-scaled.jpg\" \/>\n\t<meta property=\"og:image:width\" content=\"2525\" \/>\n\t<meta property=\"og:image:height\" content=\"2560\" \/>\n\t<meta property=\"og:image:type\" content=\"image\/jpeg\" \/>\n<meta name=\"twitter:card\" content=\"summary_large_image\" \/>\n<meta name=\"twitter:label1\" content=\"Est. reading time\" \/>\n\t<meta name=\"twitter:data1\" content=\"1 minute\" \/>\n<script type=\"application\/ld+json\" class=\"yoast-schema-graph\">{\"@context\":\"https:\/\/schema.org\",\"@graph\":[{\"@type\":\"WebPage\",\"@id\":\"https:\/\/www.wunder-der-stadt.com\/tours\/munich-classic-sightseeing-bus-tour-2\/\",\"url\":\"https:\/\/www.wunder-der-stadt.com\/tours\/munich-classic-sightseeing-bus-tour-2\/\",\"name\":\"Munich sightseeing bus tour munich sightseeing bus tour - bus tour munich\",\"isPartOf\":{\"@id\":\"https:\/\/www.wunder-der-stadt.com\/#website\"},\"datePublished\":\"2020-03-09T17:00:09+00:00\",\"dateModified\":\"2023-11-14T12:05:07+00:00\",\"description\":\"This Munich classic Sightseeing bus tour is the perfect way to discover the city and enjoy the most famous landmarks of the city\",\"breadcrumb\":{\"@id\":\"https:\/\/www.wunder-der-stadt.com\/tours\/munich-classic-sightseeing-bus-tour-2\/#breadcrumb\"},\"inLanguage\":\"en-US\",\"potentialAction\":[{\"@type\":\"ReadAction\",\"target\":[\"https:\/\/www.wunder-der-stadt.com\/tours\/munich-classic-sightseeing-bus-tour-2\/\"]}]},{\"@type\":\"BreadcrumbList\",\"@id\":\"https:\/\/www.wunder-der-stadt.com\/tours\/munich-classic-sightseeing-bus-tour-2\/#breadcrumb\",\"itemListElement\":[{\"@type\":\"ListItem\",\"position\":1,\"name\":\"Startseite\",\"item\":\"https:\/\/www.wunder-der-stadt.com\/\"},{\"@type\":\"ListItem\",\"position\":2,\"name\":\"Produkte\",\"item\":\"https:\/\/www.wunder-der-stadt.com\/shop\/\"},{\"@type\":\"ListItem\",\"position\":3,\"name\":\"SPECIAL FOR SCHOOLS &#8211; Munich classic, Sightseeing bus tour\"}]},{\"@type\":\"WebSite\",\"@id\":\"https:\/\/www.wunder-der-stadt.com\/#website\",\"url\":\"https:\/\/www.wunder-der-stadt.com\/\",\"name\":\"{:de}Wunder der Stadt - Stadtf\u00fchrungen in M\u00fcnchen und Oberbayern{:}{:fr}Wunder der Stadt - Visites guid\u00e9es \u00e0 Munich et en Bavi\u00e8re{:}\",\"description\":\"Ihre Agentur f\u00fcr Incomingreisen, Gesch\u00e4ftreisen, Stadtf\u00fchrungen und Privatreisen in M\u00fcnchen und Bayern\",\"publisher\":{\"@id\":\"https:\/\/www.wunder-der-stadt.com\/#\/schema\/person\/7ac5370c8e8a38b0625e279f3af2d701\"},\"potentialAction\":[{\"@type\":\"SearchAction\",\"target\":{\"@type\":\"EntryPoint\",\"urlTemplate\":\"https:\/\/www.wunder-der-stadt.com\/?s={search_term_string}\"},\"query-input\":\"required name=search_term_string\"}],\"inLanguage\":\"en-US\"},{\"@type\":[\"Person\",\"Organization\"],\"@id\":\"https:\/\/www.wunder-der-stadt.com\/#\/schema\/person\/7ac5370c8e8a38b0625e279f3af2d701\",\"name\":\"Admin\",\"logo\":{\"@id\":\"https:\/\/www.wunder-der-stadt.com\/#\/schema\/person\/image\/\"}}]}<\/script>\n<!-- \/ Yoast SEO plugin. -->","yoast_head_json":{"title":"Munich sightseeing bus tour munich sightseeing bus tour - bus tour munich","robots":{"index":"index","follow":"follow","max-snippet":"max-snippet:-1","max-image-preview":"max-image-preview:large","max-video-preview":"max-video-preview:-1"},"canonical":"https:\/\/www.wunder-der-stadt.com\/tours\/munich-classic-sightseeing-bus-tour-2\/","og_locale":"en_US","og_type":"article","og_title":"SPECIAL FOR SCHOOLS - Munich classic, Sightseeing bus tour - Wunder der Stadt - Stadtf\u00fchrungen in M\u00fcnchen und Oberbayern","og_url":"https:\/\/www.wunder-der-stadt.com\/tours\/munich-classic-sightseeing-bus-tour-2\/","og_site_name":"Wunder der Stadt - Stadtf\u00fchrungen in M\u00fcnchen und Oberbayern","article_modified_time":"2023-11-14T12:05:07+00:00","og_image":[{"width":2525,"height":2560,"url":"https:\/\/www.wunder-der-stadt.com\/wp-content\/uploads\/Nr.-0614-Muenchner-Marienplatz-mit-Neuem-Rathaus-und-Frauenkirche-C.-Reiter-scaled.jpg","type":"image\/jpeg"}],"twitter_card":"summary_large_image","twitter_misc":{"Est. reading time":"1 minute"},"schema":{"@context":"https:\/\/schema.org","@graph":[{"@type":"WebPage","@id":"https:\/\/www.wunder-der-stadt.com\/tours\/munich-classic-sightseeing-bus-tour-2\/","url":"https:\/\/www.wunder-der-stadt.com\/tours\/munich-classic-sightseeing-bus-tour-2\/","name":"Munich sightseeing bus tour munich sightseeing bus tour - bus tour munich","isPartOf":{"@id":"https:\/\/www.wunder-der-stadt.com\/#website"},"datePublished":"2020-03-09T17:00:09+00:00","dateModified":"2023-11-14T12:05:07+00:00","description":"This Munich classic Sightseeing bus tour is the perfect way to discover the city and enjoy the most famous landmarks of the city","breadcrumb":{"@id":"https:\/\/www.wunder-der-stadt.com\/tours\/munich-classic-sightseeing-bus-tour-2\/#breadcrumb"},"inLanguage":"en-US","potentialAction":[{"@type":"ReadAction","target":["https:\/\/www.wunder-der-stadt.com\/tours\/munich-classic-sightseeing-bus-tour-2\/"]}]},{"@type":"BreadcrumbList","@id":"https:\/\/www.wunder-der-stadt.com\/tours\/munich-classic-sightseeing-bus-tour-2\/#breadcrumb","itemListElement":[{"@type":"ListItem","position":1,"name":"Startseite","item":"https:\/\/www.wunder-der-stadt.com\/"},{"@type":"ListItem","position":2,"name":"Produkte","item":"https:\/\/www.wunder-der-stadt.com\/shop\/"},{"@type":"ListItem","position":3,"name":"SPECIAL FOR SCHOOLS &#8211; Munich classic, Sightseeing bus tour"}]},{"@type":"WebSite","@id":"https:\/\/www.wunder-der-stadt.com\/#website","url":"https:\/\/www.wunder-der-stadt.com\/","name":"{:de}Wunder der Stadt - Stadtf\u00fchrungen in M\u00fcnchen und Oberbayern{:}{:fr}Wunder der Stadt - Visites guid\u00e9es \u00e0 Munich et en Bavi\u00e8re{:}","description":"Ihre Agentur f\u00fcr Incomingreisen, Gesch\u00e4ftreisen, Stadtf\u00fchrungen und Privatreisen in M\u00fcnchen und Bayern","publisher":{"@id":"https:\/\/www.wunder-der-stadt.com\/#\/schema\/person\/7ac5370c8e8a38b0625e279f3af2d701"},"potentialAction":[{"@type":"SearchAction","target":{"@type":"EntryPoint","urlTemplate":"https:\/\/www.wunder-der-stadt.com\/?s={search_term_string}"},"query-input":"required name=search_term_string"}],"inLanguage":"en-US"},{"@type":["Person","Organization"],"@id":"https:\/\/www.wunder-der-stadt.com\/#\/schema\/person\/7ac5370c8e8a38b0625e279f3af2d701","name":"Admin","logo":{"@id":"https:\/\/www.wunder-der-stadt.com\/#\/schema\/person\/image\/"}}]}},"_links":{"self":[{"href":"https:\/\/www.wunder-der-stadt.com\/en\/wp-json\/wp\/v2\/product\/2320"}],"collection":[{"href":"https:\/\/www.wunder-der-stadt.com\/en\/wp-json\/wp\/v2\/product"}],"about":[{"href":"https:\/\/www.wunder-der-stadt.com\/en\/wp-json\/wp\/v2\/types\/product"}],"wp:featuredmedia":[{"embeddable":true,"href":"https:\/\/www.wunder-der-stadt.com\/en\/wp-json\/wp\/v2\/media\/1372"}],"wp:attachment":[{"href":"https:\/\/www.wunder-der-stadt.com\/en\/wp-json\/wp\/v2\/media?parent=2320"}],"wp:term":[{"taxonomy":"product_cat","embeddable":true,"href":"https:\/\/www.wunder-der-stadt.com\/en\/wp-json\/wp\/v2\/product_cat?post=2320"},{"taxonomy":"product_tag","embeddable":true,"href":"https:\/\/www.wunder-der-stadt.com\/en\/wp-json\/wp\/v2\/product_tag?post=2320"}],"curies":[{"name":"wp","href":"https:\/\/api.w.org\/{rel}","templated":true}]}}