{"id":2322,"date":"2020-03-09T18:21:27","date_gmt":"2020-03-09T17:21:27","guid":{"rendered":"https:\/\/www.wunder-der-stadt.com\/?post_type=product&#038;p=2322"},"modified":"2026-03-07T13:19:42","modified_gmt":"2026-03-07T12:19:42","slug":"special-for-schools-dachau-concentration-camp-memorial-site","status":"publish","type":"product","link":"https:\/\/www.wunder-der-stadt.com\/en\/tours\/special-for-schools-dachau-concentration-camp-memorial-site\/","title":{"rendered":"SPECIAL FOR SCHOOLS : Dachau Concentration Camp Memorial Site"},"content":{"rendered":"<div id=\"conteneur\">\n<div id=\"visite\">\n<div id=\"texte_visite\">\n<h2 class=\"text-text-100 mt-3 -mb-1 text-[1.125rem] font-bold\">For School Groups: Dachau Concentration Camp Tour<\/h2>\n<h3 class=\"text-text-100 mt-2 -mb-1 text-base font-bold\">Guided Tour for School Groups \u2013 Dachau Memorial Site<\/h3>\n<p class=\"font-claude-response-body break-words whitespace-normal leading-[1.7]\"><strong>Understanding history \u2013 at the place where it happened.<\/strong><\/p>\n<p class=\"font-claude-response-body break-words whitespace-normal leading-[1.7]\">Join us on a <strong>Dachau concentration camp tour<\/strong> and visit one of the most important historical memorial sites in Germany. When Munich&#8217;s Police President Heinrich Himmler announced the opening of Dachau concentration camp on 20 March 1933, few people could have imagined that this name would forever become synonymous with SS violence and Nazi terror. Dachau was the <strong>first concentration camp in Germany<\/strong> \u2013 and the model for all those that followed.<\/p>\n<blockquote class=\"ml-2 border-l-4 border-border-300\/10 pl-4 text-text-300\">\n<p class=\"font-claude-response-body break-words whitespace-normal leading-[1.7]\"><em>&#8220;Dachau \u2013 the significance of this name cannot be erased from German history. It stands for all the concentration camps the National Socialists established throughout their territory.&#8221;<\/em> <strong>\u2013 Eugen Kogon, survivor and author<\/strong><\/p>\n<\/blockquote>\n<hr class=\"border-border-200 border-t-0.5 my-3 mx-1.5\" \/>\n<h3 class=\"text-text-100 mt-2 -mb-1 text-base font-bold\">Dachau Concentration Camp Tour \u2013 What to Expect<\/h3>\n<p class=\"font-claude-response-body break-words whitespace-normal leading-[1.7]\">Nearly 90 years later, the voices of the survivors are slowly fading. The <strong>Dachau Concentration Camp Memorial Site<\/strong> is their legacy to future generations.<\/p>\n<blockquote class=\"ml-2 border-l-4 border-border-300\/10 pl-4 text-text-300\">\n<p class=\"font-claude-response-body break-words whitespace-normal leading-[1.7]\"><em>&#8220;It should help spare humanity the repetition of a similar catastrophe.&#8221;<\/em> <strong>\u2013 General Andr\u00e9 Delpech, survivor<\/strong><\/p>\n<\/blockquote>\n<p class=\"font-claude-response-body break-words whitespace-normal leading-[1.7]\">This guided tour through the <strong>Dachau memorial site and exhibition<\/strong> covers:<\/p>\n<ul class=\"[li_&amp;]:mb-0 [li_&amp;]:mt-1 [li_&amp;]:gap-1 [&amp;:not(:last-child)_ul]:pb-1 [&amp;:not(:last-child)_ol]:pb-1 list-disc flex flex-col gap-1 pl-8 mb-3\">\n<li class=\"whitespace-normal break-words pl-2\">The <strong>living conditions of prisoners<\/strong> in the camp<\/li>\n<li class=\"whitespace-normal break-words pl-2\">The <strong>political and social circumstances<\/strong> that allowed the Nazi dictatorship to rise<\/li>\n<li class=\"whitespace-normal break-words pl-2\">The historical context from the <strong>first concentration camp to the end of World War II<\/strong><\/li>\n<li class=\"whitespace-normal break-words pl-2\"><strong>Individual stories and fates<\/strong> \u2013 to make history tangible and human<\/li>\n<\/ul>\n<p class=\"font-claude-response-body break-words whitespace-normal leading-[1.7]\">The tour is conducted exclusively by <strong>trained and certified guides of the Dachau Memorial Site<\/strong>.<\/p>\n<hr class=\"border-border-200 border-t-0.5 my-3 mx-1.5\" \/>\n<h3 class=\"text-text-100 mt-2 -mb-1 text-base font-bold\">Educational Focus: Perfect for History Classes<\/h3>\n<p class=\"font-claude-response-body break-words whitespace-normal leading-[1.7]\">This <strong>Dachau concentration camp tour for school groups<\/strong> is highly recommended as a school trip within the framework of history education:<\/p>\n<ul class=\"[li_&amp;]:mb-0 [li_&amp;]:mt-1 [li_&amp;]:gap-1 [&amp;:not(:last-child)_ul]:pb-1 [&amp;:not(:last-child)_ol]:pb-1 list-disc flex flex-col gap-1 pl-8 mb-3\">\n<li class=\"whitespace-normal break-words pl-2\">Exploration of <strong>human dignity, injustice and the culture of remembrance<\/strong><\/li>\n<li class=\"whitespace-normal break-words pl-2\">Development of <strong>historical understanding and a sense of responsibility<\/strong><\/li>\n<li class=\"whitespace-normal break-words pl-2\"><strong>Individual stories<\/strong> that make the past tangible for young people<\/li>\n<li class=\"whitespace-normal break-words pl-2\">Recommended for <strong>secondary schools from Year 9 onwards<\/strong><\/li>\n<\/ul>\n<hr class=\"border-border-200 border-t-0.5 my-3 mx-1.5\" \/>\n<h3 class=\"text-text-100 mt-2 -mb-1 text-base font-bold\">Why This Tour for Your School Group?<\/h3>\n<p class=\"font-claude-response-body break-words whitespace-normal leading-[1.7]\">A visit to Dachau is more than a school trip \u2013 it is an act of remembrance and responsibility. Located just outside Munich, the memorial site is one of the most important <strong>historical learning sites in Germany<\/strong>. This <strong>Dachau concentration camp tour<\/strong> leaves a lasting impression that no textbook can replace.<\/p>\n<hr class=\"border-border-200 border-t-0.5 my-3 mx-1.5\" \/>\n<p class=\"font-claude-response-body break-words whitespace-normal leading-[1.7]\"><strong>Dachau Concentration Camp Tour for School Groups<\/strong> A historical guided tour \u2013 so we never forget.<\/p>\n<p class=\"font-claude-response-body break-words whitespace-normal leading-[1.7]\"><em>Recommended for secondary schools from Year 9 onwards<\/em><\/p>\n<hr class=\"border-border-200 border-t-0.5 my-3 mx-1.5\" \/>\n<p class=\"font-claude-response-body break-words whitespace-normal leading-[1.7]\"><em><strong>Particularly interested in this topic?<\/strong><\/em><\/p>\n<p class=\"font-claude-response-body break-words whitespace-normal leading-[1.7]\">Are you a teacher looking to combine the visit to Dachau with a city tour of Munich? We offer a <strong>full-day programme<\/strong> combining a morning walking tour <a class=\"underline underline underline-offset-2 decoration-1 decoration-current\/40 hover:decoration-current focus:decoration-current\" href=\"https:\/\/www.wunder-der-stadt.com\/tours\/schulklassen-muenchen-im-nationalsozialismus\/\">\u201eMunich Nazi History Tour&#8221;<\/a> with an afternoon visit to the Dachau Memorial Site \u2013 an unforgettable day of learning for your class.<\/p>\n<\/div>\n<\/div>\n<\/div>\n<p>[vc_row][vc_column][vc_btn title=&#8221;GET IN TOUCH WITH US&#8221; shape=&#8221;square&#8221; align=&#8221;left&#8221; link=&#8221;url:http%3A%2F%2Fwww.wunder-der-stadt.com%2Fkontakt%2F|||&#8221;]<br \/>\n<!--more--><\/p>\n<table class=\"table table-bordered tours-tabs__table\" style=\"height: 233px;\" width=\"862\">\n<tbody>\n<tr>\n<td><strong>Start<\/strong><\/td>\n<td>Visitor center at the Dachau Memorial Site<\/td>\n<\/tr>\n<tr>\n<td><b>Duration<\/b><\/td>\n<td>2,5 hours<\/td>\n<\/tr>\n<tr>\n<td><b>Fare<\/b><\/td>\n<td>250,00\u20ac \/ group &#8211; 19% VAT incl.<\/td>\n<\/tr>\n<tr>\n<td><strong>Number of participants<br \/>\n<\/strong><\/td>\n<td>\n<p class=\"p1\"><span class=\"s1\"> max. 25 persons \/ group<br \/>\n<\/span><\/p>\n<\/td>\n<\/tr>\n<\/tbody>\n<\/table>\n<p>&nbsp;<\/p>\n","protected":false},"excerpt":{"rendered":"<p>For School Groups: Dachau Concentration Camp Tour Guided Tour for School Groups \u2013 Dachau Memorial Site Understanding history \u2013 at the place where it happened. Join us on a Dachau concentration camp tour and visit one of the most important historical memorial sites in Germany. When Munich&#8217;s Police President Heinrich Himmler announced the opening of<\/p>\n<div class=\"padding-top text-center\"><a href=\"https:\/\/www.wunder-der-stadt.com\/en\/tours\/special-for-schools-dachau-concentration-camp-memorial-site\/\" class=\"atbtn atbtn--medium atbtn--rounded atbtn--transparent\">Weiterlesen<i class=\"atbtn__icon atbtn__icon--right fa fa-long-arrow-right\"><\/i><\/a><\/div>\n","protected":false},"featured_media":2614,"template":"","meta":[],"product_cat":[103],"product_tag":[116,117,77,119,195,115,196,198,197],"translation":{"provider":"WPGlobus","version":"3.0.2","language":"en","enabled_languages":["de","en","fr","es"],"languages":{"de":{"title":true,"content":true,"excerpt":false},"en":{"title":false,"content":false,"excerpt":false},"fr":{"title":false,"content":false,"excerpt":false},"es":{"title":false,"content":false,"excerpt":false}}},"yoast_head":"<!-- This site is optimized with the Yoast SEO plugin v22.0 - https:\/\/yoast.com\/wordpress\/plugins\/seo\/ -->\n<title>Guided tour at the Dachau Concentration Camp Memorial Site<\/title>\n<meta name=\"robots\" content=\"index, follow, max-snippet:-1, max-image-preview:large, max-video-preview:-1\" \/>\n<link rel=\"canonical\" href=\"https:\/\/www.wunder-der-stadt.com\/tours\/special-for-schools-dachau-concentration-camp-memorial-site\/\" \/>\n<meta property=\"og:locale\" content=\"en_US\" \/>\n<meta property=\"og:type\" content=\"article\" \/>\n<meta property=\"og:title\" content=\"SPECIAL FOR SCHOOLS : Dachau Concentration Camp Memorial Site - Wunder der Stadt - Stadtf\u00fchrungen in M\u00fcnchen und Oberbayern\" \/>\n<meta property=\"og:url\" content=\"https:\/\/www.wunder-der-stadt.com\/tours\/special-for-schools-dachau-concentration-camp-memorial-site\/\" \/>\n<meta property=\"og:site_name\" content=\"Wunder der Stadt - Stadtf\u00fchrungen in M\u00fcnchen und Oberbayern\" \/>\n<meta property=\"article:modified_time\" content=\"2026-03-07T12:19:42+00:00\" \/>\n<meta property=\"og:image\" content=\"https:\/\/www.wunder-der-stadt.com\/wp-content\/uploads\/Dachau-KZ-007-1.jpg\" \/>\n\t<meta property=\"og:image:width\" content=\"2048\" \/>\n\t<meta property=\"og:image:height\" content=\"1536\" \/>\n\t<meta property=\"og:image:type\" content=\"image\/jpeg\" \/>\n<meta name=\"twitter:card\" content=\"summary_large_image\" \/>\n<meta name=\"twitter:label1\" content=\"Est. reading time\" \/>\n\t<meta name=\"twitter:data1\" content=\"3 minutes\" \/>\n<script type=\"application\/ld+json\" class=\"yoast-schema-graph\">{\"@context\":\"https:\/\/schema.org\",\"@graph\":[{\"@type\":\"WebPage\",\"@id\":\"https:\/\/www.wunder-der-stadt.com\/tours\/special-for-schools-dachau-concentration-camp-memorial-site\/\",\"url\":\"https:\/\/www.wunder-der-stadt.com\/tours\/special-for-schools-dachau-concentration-camp-memorial-site\/\",\"name\":\"Guided tour at the Dachau Concentration Camp Memorial Site\",\"isPartOf\":{\"@id\":\"https:\/\/www.wunder-der-stadt.com\/#website\"},\"datePublished\":\"2020-03-09T17:21:27+00:00\",\"dateModified\":\"2026-03-07T12:19:42+00:00\",\"description\":\"Dachau concentration camp tour for school groups: guided visit to Germany's first Nazi camp. Educational, memorable and moving. Enquire now!\",\"breadcrumb\":{\"@id\":\"https:\/\/www.wunder-der-stadt.com\/tours\/special-for-schools-dachau-concentration-camp-memorial-site\/#breadcrumb\"},\"inLanguage\":\"en-US\",\"potentialAction\":[{\"@type\":\"ReadAction\",\"target\":[\"https:\/\/www.wunder-der-stadt.com\/tours\/special-for-schools-dachau-concentration-camp-memorial-site\/\"]}]},{\"@type\":\"BreadcrumbList\",\"@id\":\"https:\/\/www.wunder-der-stadt.com\/tours\/special-for-schools-dachau-concentration-camp-memorial-site\/#breadcrumb\",\"itemListElement\":[{\"@type\":\"ListItem\",\"position\":1,\"name\":\"Startseite\",\"item\":\"https:\/\/www.wunder-der-stadt.com\/\"},{\"@type\":\"ListItem\",\"position\":2,\"name\":\"Produkte\",\"item\":\"https:\/\/www.wunder-der-stadt.com\/shop\/\"},{\"@type\":\"ListItem\",\"position\":3,\"name\":\"SPECIAL FOR SCHOOLS : Dachau Concentration Camp Memorial Site\"}]},{\"@type\":\"WebSite\",\"@id\":\"https:\/\/www.wunder-der-stadt.com\/#website\",\"url\":\"https:\/\/www.wunder-der-stadt.com\/\",\"name\":\"{:de}Wunder der Stadt - Stadtf\u00fchrungen in M\u00fcnchen und Oberbayern{:}{:fr}Wunder der Stadt - Visites guid\u00e9es \u00e0 Munich et en Bavi\u00e8re{:}\",\"description\":\"Ihre Agentur f\u00fcr Incomingreisen, Gesch\u00e4ftreisen, Stadtf\u00fchrungen und Privatreisen in M\u00fcnchen und Bayern\",\"publisher\":{\"@id\":\"https:\/\/www.wunder-der-stadt.com\/#\/schema\/person\/7ac5370c8e8a38b0625e279f3af2d701\"},\"potentialAction\":[{\"@type\":\"SearchAction\",\"target\":{\"@type\":\"EntryPoint\",\"urlTemplate\":\"https:\/\/www.wunder-der-stadt.com\/?s={search_term_string}\"},\"query-input\":\"required name=search_term_string\"}],\"inLanguage\":\"en-US\"},{\"@type\":[\"Person\",\"Organization\"],\"@id\":\"https:\/\/www.wunder-der-stadt.com\/#\/schema\/person\/7ac5370c8e8a38b0625e279f3af2d701\",\"name\":\"Admin\",\"logo\":{\"@id\":\"https:\/\/www.wunder-der-stadt.com\/#\/schema\/person\/image\/\"}}]}<\/script>\n<!-- \/ Yoast SEO plugin. -->","yoast_head_json":{"title":"Guided tour at the Dachau Concentration Camp Memorial Site","robots":{"index":"index","follow":"follow","max-snippet":"max-snippet:-1","max-image-preview":"max-image-preview:large","max-video-preview":"max-video-preview:-1"},"canonical":"https:\/\/www.wunder-der-stadt.com\/tours\/special-for-schools-dachau-concentration-camp-memorial-site\/","og_locale":"en_US","og_type":"article","og_title":"SPECIAL FOR SCHOOLS : Dachau Concentration Camp Memorial Site - Wunder der Stadt - Stadtf\u00fchrungen in M\u00fcnchen und Oberbayern","og_url":"https:\/\/www.wunder-der-stadt.com\/tours\/special-for-schools-dachau-concentration-camp-memorial-site\/","og_site_name":"Wunder der Stadt - Stadtf\u00fchrungen in M\u00fcnchen und Oberbayern","article_modified_time":"2026-03-07T12:19:42+00:00","og_image":[{"width":2048,"height":1536,"url":"https:\/\/www.wunder-der-stadt.com\/wp-content\/uploads\/Dachau-KZ-007-1.jpg","type":"image\/jpeg"}],"twitter_card":"summary_large_image","twitter_misc":{"Est. reading time":"3 minutes"},"schema":{"@context":"https:\/\/schema.org","@graph":[{"@type":"WebPage","@id":"https:\/\/www.wunder-der-stadt.com\/tours\/special-for-schools-dachau-concentration-camp-memorial-site\/","url":"https:\/\/www.wunder-der-stadt.com\/tours\/special-for-schools-dachau-concentration-camp-memorial-site\/","name":"Guided tour at the Dachau Concentration Camp Memorial Site","isPartOf":{"@id":"https:\/\/www.wunder-der-stadt.com\/#website"},"datePublished":"2020-03-09T17:21:27+00:00","dateModified":"2026-03-07T12:19:42+00:00","description":"Dachau concentration camp tour for school groups: guided visit to Germany's first Nazi camp. Educational, memorable and moving. Enquire now!","breadcrumb":{"@id":"https:\/\/www.wunder-der-stadt.com\/tours\/special-for-schools-dachau-concentration-camp-memorial-site\/#breadcrumb"},"inLanguage":"en-US","potentialAction":[{"@type":"ReadAction","target":["https:\/\/www.wunder-der-stadt.com\/tours\/special-for-schools-dachau-concentration-camp-memorial-site\/"]}]},{"@type":"BreadcrumbList","@id":"https:\/\/www.wunder-der-stadt.com\/tours\/special-for-schools-dachau-concentration-camp-memorial-site\/#breadcrumb","itemListElement":[{"@type":"ListItem","position":1,"name":"Startseite","item":"https:\/\/www.wunder-der-stadt.com\/"},{"@type":"ListItem","position":2,"name":"Produkte","item":"https:\/\/www.wunder-der-stadt.com\/shop\/"},{"@type":"ListItem","position":3,"name":"SPECIAL FOR SCHOOLS : Dachau Concentration Camp Memorial Site"}]},{"@type":"WebSite","@id":"https:\/\/www.wunder-der-stadt.com\/#website","url":"https:\/\/www.wunder-der-stadt.com\/","name":"{:de}Wunder der Stadt - Stadtf\u00fchrungen in M\u00fcnchen und Oberbayern{:}{:fr}Wunder der Stadt - Visites guid\u00e9es \u00e0 Munich et en Bavi\u00e8re{:}","description":"Ihre Agentur f\u00fcr Incomingreisen, Gesch\u00e4ftreisen, Stadtf\u00fchrungen und Privatreisen in M\u00fcnchen und Bayern","publisher":{"@id":"https:\/\/www.wunder-der-stadt.com\/#\/schema\/person\/7ac5370c8e8a38b0625e279f3af2d701"},"potentialAction":[{"@type":"SearchAction","target":{"@type":"EntryPoint","urlTemplate":"https:\/\/www.wunder-der-stadt.com\/?s={search_term_string}"},"query-input":"required name=search_term_string"}],"inLanguage":"en-US"},{"@type":["Person","Organization"],"@id":"https:\/\/www.wunder-der-stadt.com\/#\/schema\/person\/7ac5370c8e8a38b0625e279f3af2d701","name":"Admin","logo":{"@id":"https:\/\/www.wunder-der-stadt.com\/#\/schema\/person\/image\/"}}]}},"_links":{"self":[{"href":"https:\/\/www.wunder-der-stadt.com\/en\/wp-json\/wp\/v2\/product\/2322"}],"collection":[{"href":"https:\/\/www.wunder-der-stadt.com\/en\/wp-json\/wp\/v2\/product"}],"about":[{"href":"https:\/\/www.wunder-der-stadt.com\/en\/wp-json\/wp\/v2\/types\/product"}],"wp:featuredmedia":[{"embeddable":true,"href":"https:\/\/www.wunder-der-stadt.com\/en\/wp-json\/wp\/v2\/media\/2614"}],"wp:attachment":[{"href":"https:\/\/www.wunder-der-stadt.com\/en\/wp-json\/wp\/v2\/media?parent=2322"}],"wp:term":[{"taxonomy":"product_cat","embeddable":true,"href":"https:\/\/www.wunder-der-stadt.com\/en\/wp-json\/wp\/v2\/product_cat?post=2322"},{"taxonomy":"product_tag","embeddable":true,"href":"https:\/\/www.wunder-der-stadt.com\/en\/wp-json\/wp\/v2\/product_tag?post=2322"}],"curies":[{"name":"wp","href":"https:\/\/api.w.org\/{rel}","templated":true}]}}