{"id":2330,"date":"2020-05-08T11:25:21","date_gmt":"2020-05-08T09:25:21","guid":{"rendered":"https:\/\/www.wunder-der-stadt.com\/?post_type=product&#038;p=2330"},"modified":"2024-01-04T21:05:39","modified_gmt":"2024-01-04T20:05:39","slug":"lola-montez-ludwig-i-stadtfuehrung-muenchen","status":"publish","type":"product","link":"https:\/\/www.wunder-der-stadt.com\/en\/tours\/lola-montez-ludwig-i-stadtfuehrung-muenchen\/","title":{"rendered":"\u201eLola Montez und Ludwig I. &#8211; eine verh\u00e4ngnisvolle Aff\u00e4re\u201e"},"content":{"rendered":"<p>Eine Stadtf\u00fchrung an die historischen Schaupl\u00e4tze der verh\u00e4ngnisvolle Aff\u00e4re zwischen Lola Montez und der bayerische K\u00f6nig Ludwig I.<\/p>\n<p>Niemand hat die Bayerische Geschichte so durcheinander gewirbelt, wie die Lola Montez, und niemand war so verhasst und verteufelt wie sie. Lola Montez lebte nur 495 Tage in M\u00fcnchen, aber auf das betuliche M\u00fcnchen wirkte die selbstbewusst auftretende, englisch und franz\u00f6sisch sprechende Sch\u00f6nheit nach einem Chronisten-Wort \u201ewie die fleischgewordene Ketzerei wider Sitte und Gesittung&#8221;. Lolas Auftreten war eine einzige Provokation und die M\u00fcnchener sch\u00e4umten und schimpften lauthals auf das \u201eLuder&#8221; und die \u201eHure&#8221;.<\/p>\n<p>Wer war diese Sch\u00f6nheit, wo kam sie her und was passierte wirklich zwischen der feurige \u201eSpanierin\u201c und dem Bayerischen K\u00f6nig Ludwig I.? Wir besch\u00e4ftigen uns mit der echten Geschichte der T\u00e4nzerin Lola Montez, die K\u00f6nig Ludwigs Herz eroberte und ihn seine Krone kostete.<\/p>\n<p>Wussten Sie schon, dass ohne Lola Montez die L\u00f6wen der M\u00fcnchener <a href=\"https:\/\/www.wunder-der-stadt.com\/tours\/die-residenz-muenchen\/\">Residenz<\/a> uns kein Gl\u00fcck bringen w\u00fcrden? Und dass der k\u00f6nigliche Brief\u00f6ffner durch einen &#8220;Ratsch&#8221; den K\u00f6nig vor &#8220;nackte Tatsachen&#8221; stellte? Es gibt so viel \u00fcber die Montez zu erz\u00e4hlen \u2026<\/p>\n<p>Termine<\/p>\n<p>F\u00fcr eine Privatf\u00fchrung erfolgt die Anmeldung unter <strong><a href=\"mailto:info@wunder-der-stadt.de\">info@wunder-der-stadt.de<\/a><\/strong> (siehe unten)<\/p>\n<p>Dauer: 1,5 Std<\/p>\n<p>Teilnehmerzahl: Maximum 25 Personen<\/p>\n<p>&nbsp;<\/p>\n<p><span style=\"font-size: 14pt;\"><strong>Zur F\u00fchrung \u201eLola Montez und Ludwig I. &#8211; eine verh\u00e4ngnisvolle Aff\u00e4re\u201e\u00a0 gibt es auch den passendem Buch \u201e<a href=\"http:\/\/sabine-voehringer.com\/category\/krimis\/die-montez-juwelen\/\">Die Montez-Juwelen &#8211; Tom Perlingers 1. Fall<\/a>\u201c<\/strong><\/span><\/p>\n<p>Die Kriminalromane der M\u00fcnchner Autorin <a href=\"http:\/\/sabine-voehringer.com\/\">Sabine V\u00f6hringer<\/a> mit ihrem Hauptkommissar Tom Perlinger sind die perfekte Alternative in dieser, kalten und feuchten Herbst!<\/p>\n<p>Ihre Krimis spielen an bekannten Orten der M\u00fcnchner Innenstadt und verbinden Gegenwart und Historie auf raffinierte Art und Weise. Der Leser geht mit auf Entdeckungsreise durch die Kulissen der bayerischen Hauptstadt. Sabine V\u00f6hringer versteht es bestens, die bayerische Kultur und Lebensart mit dem Mordfall um die Montez Juwelen zu verkn\u00fcpfen.<\/p>\n<p>Ihr erster Roman \u201e<a href=\"http:\/\/sabine-voehringer.com\/category\/krimis\/die-montez-juwelen\/\"><strong>Die Montez-Juwelen &#8211; Tom Perlingers 1. Fall<\/strong><\/a>\u201c dreht sich um ein Geschenk von unsch\u00e4tzbarem Wert\u2026<\/p>\n<p>\u00bbIhre Sch\u00f6nheit verzaubert, ihr Glanz weckt Begierde\u00ab. Als Geschenk Ludwigs\u00a0I. an seine Maitresse Lola Montez verf\u00fchrten die Juwelen schon im 19. Jahrhundert zu\u00a0verh\u00e4ngnisvoller Liebe und t\u00f6dlicher Leidenschaft. Tats\u00e4chlich taucht kurz\u00a0nach der Schmuckpr\u00e4sentation eine Leiche im Fischbrunnen des Marienplatzes\u00a0auf.<br \/>\nHauptkommissar Tom Perlinger, halbamerikanischer Sonnyboy mit\u00a0bayerischen Wurzeln, trifft im Alten Hackerhaus nicht nur auf famili\u00e4res Chaos und seine\u00a0Jugendliebe, sondern ausgerechnet sein Halbbruder Max wird des Mordes an der\u00a0\u00bbFischbrunnenleiche\u00ab verd\u00e4chtigt. Doch Tom will zun\u00e4chst\u00a0nicht glauben, dass es einen Zusammenhang gibt. Er ist gerade von einem\u00a0Sabbatjahr nach M\u00fcnchen zur\u00fcckgekehrt und noch nicht wieder im Amt. Als\u00a0er \u00fcberraschend auf seine Jugendliebe Christiane trifft, wird alles noch\u00a0viel komplizierter. Zumal sich die Spuren immer weiter verzweigen \u2026<\/p>\n<p><strong>Buch + Ticket f\u00fcr die F\u00fchrung k\u00f6nnen Sie unkompliziert per Mail unter <a href=\"mailto:info@wunder-der-stadt.de\">info@wunder-der-stadt.de<\/a> auf Rechnung bestellen<\/strong><\/p>\n<p>Packetpreis: 30,00\u20ac\/Person mit Buch oder 20,00\u20ac\/Person ohne Buch<\/p>\n<p>Sie haben das Buch gelesen!\u00a0 Dann begeben wir uns auf die Spuren des Kommissars Tom Perlinger, besuchen die Schaupl\u00e4tze des Romans und besch\u00e4ftigen uns mit der echten Geschichte der Lola Montez, die K\u00f6nig Ludwigs Herz eroberte.<\/p>\n<p>Bis dahin empfehle ich die Lekt\u00fcre dieses spannenden Romans.<\/p>\n<p>&nbsp;<\/p>\n<p>In der Reihe &#8220;Ber\u00fchmte P\u00e4rchen in M\u00fcnchen&#8221; gibt es auch<\/p>\n<p><span style=\"font-size: 14pt;\"><strong>&#8211; <a href=\"https:\/\/www.wunder-der-stadt.com\/tours\/karl-valentin-und-liesl-karlstadt\/\">\u201eKarl Valentin und Liesl Karlstadt \u2013 Hinter einem ber\u00fchmten Mann, steht immer <\/a><\/strong><strong>eine starke Frau\u201c<\/strong><\/span><\/p>\n<p><!--more--><\/p>\n<table class=\"table table-bordered tours-tabs__table\" style=\"height: 233px;\" width=\"862\">\n<tbody>\n<tr>\n<td><strong>DATUM<\/strong><\/td>\n<td>nach Absprache<\/td>\n<\/tr>\n<tr>\n<td><b>UHRZEIT<\/b><\/td>\n<td>siehe oben<\/td>\n<\/tr>\n<tr>\n<td><strong>STARTPUNKT<\/strong><\/td>\n<td>Promenadeplatz am Fu\u00df der Graf von Montgelas-Statue<\/td>\n<\/tr>\n<tr>\n<td><strong>DAUER<\/strong><\/td>\n<td>1,5 Stunde<\/td>\n<\/tr>\n<tr>\n<td><b>PAKET-PREIS<\/b><\/td>\n<td>20,00\u20ac \/ Person &#8211; ohne Buch\n<p class=\"p1\">28,00\u20ac \/ Person\u2013 inkl. Buch &#8220;Die Montez-Juwelen&#8221;, Ticket f\u00fcr die F\u00fchrung und MwSt.<\/p>\n<\/td>\n<\/tr>\n<tr>\n<td><strong>TEILNEHMERZAHL<\/strong><\/td>\n<td>\n<p class=\"p1\"><span class=\"s1\">max. 20 Personen<\/span><\/p>\n<\/td>\n<\/tr>\n<\/tbody>\n<\/table>\n","protected":false},"excerpt":{"rendered":"<p>Eine Stadtf\u00fchrung an die historischen Schaupl\u00e4tze der verh\u00e4ngnisvolle Aff\u00e4re zwischen Lola Montez und der bayerische K\u00f6nig Ludwig I. Niemand hat die Bayerische Geschichte so durcheinander gewirbelt, wie die Lola Montez, und niemand war so verhasst und verteufelt wie sie. Lola Montez lebte nur 495 Tage in M\u00fcnchen, aber auf das betuliche M\u00fcnchen wirkte die selbstbewusst<\/p>\n<div class=\"padding-top text-center\"><a href=\"https:\/\/www.wunder-der-stadt.com\/en\/tours\/lola-montez-ludwig-i-stadtfuehrung-muenchen\/\" class=\"atbtn atbtn--medium atbtn--rounded atbtn--transparent\">Weiterlesen<i class=\"atbtn__icon atbtn__icon--right fa fa-long-arrow-right\"><\/i><\/a><\/div>\n","protected":false},"featured_media":2331,"template":"","meta":[],"product_cat":[103],"product_tag":[199,200,201,165,202,204,139,203],"translation":{"provider":"WPGlobus","version":"3.0.2","language":"en","enabled_languages":["de","en","fr","es"],"languages":{"de":{"title":true,"content":true,"excerpt":false},"en":{"title":false,"content":false,"excerpt":false},"fr":{"title":false,"content":false,"excerpt":false},"es":{"title":false,"content":false,"excerpt":false}}},"yoast_head":"<!-- This site is optimized with the Yoast SEO plugin v22.0 - https:\/\/yoast.com\/wordpress\/plugins\/seo\/ -->\n<title>Stadtf\u00fchfung \u00fcber Lola Montez und Ludwig I. - eine verh\u00e4ngnisvolle Aff\u00e4re<\/title>\n<meta name=\"robots\" content=\"index, follow, max-snippet:-1, max-image-preview:large, max-video-preview:-1\" \/>\n<link rel=\"canonical\" href=\"https:\/\/www.wunder-der-stadt.com\/tours\/lola-montez-ludwig-i-stadtfuehrung-muenchen\/\" \/>\n<meta property=\"og:locale\" content=\"en_US\" \/>\n<meta property=\"og:type\" content=\"article\" \/>\n<meta property=\"og:title\" content=\"\u201eLola Montez und Ludwig I. - eine verh\u00e4ngnisvolle Aff\u00e4re\u201e - Wunder der Stadt - Stadtf\u00fchrungen in M\u00fcnchen und Oberbayern\" \/>\n<meta property=\"og:url\" content=\"https:\/\/www.wunder-der-stadt.com\/tours\/lola-montez-ludwig-i-stadtfuehrung-muenchen\/\" \/>\n<meta property=\"og:site_name\" content=\"Wunder der Stadt - Stadtf\u00fchrungen in M\u00fcnchen und Oberbayern\" \/>\n<meta property=\"article:modified_time\" content=\"2024-01-04T20:05:39+00:00\" \/>\n<meta property=\"og:image\" content=\"https:\/\/www.wunder-der-stadt.com\/wp-content\/uploads\/Kg-Ludwig-und-Lola-Montez-1.jpg\" \/>\n\t<meta property=\"og:image:width\" content=\"956\" \/>\n\t<meta property=\"og:image:height\" content=\"476\" \/>\n\t<meta property=\"og:image:type\" content=\"image\/jpeg\" \/>\n<meta name=\"twitter:card\" content=\"summary_large_image\" \/>\n<meta name=\"twitter:label1\" content=\"Est. reading time\" \/>\n\t<meta name=\"twitter:data1\" content=\"4 minutes\" \/>\n<script type=\"application\/ld+json\" class=\"yoast-schema-graph\">{\"@context\":\"https:\/\/schema.org\",\"@graph\":[{\"@type\":\"WebPage\",\"@id\":\"https:\/\/www.wunder-der-stadt.com\/tours\/lola-montez-ludwig-i-stadtfuehrung-muenchen\/\",\"url\":\"https:\/\/www.wunder-der-stadt.com\/tours\/lola-montez-ludwig-i-stadtfuehrung-muenchen\/\",\"name\":\"Stadtf\u00fchfung \u00fcber Lola Montez und Ludwig I. - eine verh\u00e4ngnisvolle Aff\u00e4re\",\"isPartOf\":{\"@id\":\"https:\/\/www.wunder-der-stadt.com\/#website\"},\"datePublished\":\"2020-05-08T09:25:21+00:00\",\"dateModified\":\"2024-01-04T20:05:39+00:00\",\"description\":\"Eine Stadtf\u00fchrung an die historischen Schaupl\u00e4tze der verh\u00e4ngnisvolle Aff\u00e4re zwischen Lola Montez und der bayerische K\u00f6nig Ludwig I.\",\"breadcrumb\":{\"@id\":\"https:\/\/www.wunder-der-stadt.com\/tours\/lola-montez-ludwig-i-stadtfuehrung-muenchen\/#breadcrumb\"},\"inLanguage\":\"en-US\",\"potentialAction\":[{\"@type\":\"ReadAction\",\"target\":[\"https:\/\/www.wunder-der-stadt.com\/tours\/lola-montez-ludwig-i-stadtfuehrung-muenchen\/\"]}]},{\"@type\":\"BreadcrumbList\",\"@id\":\"https:\/\/www.wunder-der-stadt.com\/tours\/lola-montez-ludwig-i-stadtfuehrung-muenchen\/#breadcrumb\",\"itemListElement\":[{\"@type\":\"ListItem\",\"position\":1,\"name\":\"Startseite\",\"item\":\"https:\/\/www.wunder-der-stadt.com\/\"},{\"@type\":\"ListItem\",\"position\":2,\"name\":\"Produkte\",\"item\":\"https:\/\/www.wunder-der-stadt.com\/shop\/\"},{\"@type\":\"ListItem\",\"position\":3,\"name\":\"\u201eLola Montez und Ludwig I. &#8211; eine verh\u00e4ngnisvolle Aff\u00e4re\u201e\"}]},{\"@type\":\"WebSite\",\"@id\":\"https:\/\/www.wunder-der-stadt.com\/#website\",\"url\":\"https:\/\/www.wunder-der-stadt.com\/\",\"name\":\"{:de}Wunder der Stadt - Stadtf\u00fchrungen in M\u00fcnchen und Oberbayern{:}{:fr}Wunder der Stadt - Visites guid\u00e9es \u00e0 Munich et en Bavi\u00e8re{:}\",\"description\":\"Ihre Agentur f\u00fcr Incomingreisen, Gesch\u00e4ftreisen, Stadtf\u00fchrungen und Privatreisen in M\u00fcnchen und Bayern\",\"publisher\":{\"@id\":\"https:\/\/www.wunder-der-stadt.com\/#\/schema\/person\/7ac5370c8e8a38b0625e279f3af2d701\"},\"potentialAction\":[{\"@type\":\"SearchAction\",\"target\":{\"@type\":\"EntryPoint\",\"urlTemplate\":\"https:\/\/www.wunder-der-stadt.com\/?s={search_term_string}\"},\"query-input\":\"required name=search_term_string\"}],\"inLanguage\":\"en-US\"},{\"@type\":[\"Person\",\"Organization\"],\"@id\":\"https:\/\/www.wunder-der-stadt.com\/#\/schema\/person\/7ac5370c8e8a38b0625e279f3af2d701\",\"name\":\"Admin\",\"logo\":{\"@id\":\"https:\/\/www.wunder-der-stadt.com\/#\/schema\/person\/image\/\"}}]}<\/script>\n<!-- \/ Yoast SEO plugin. -->","yoast_head_json":{"title":"Stadtf\u00fchfung \u00fcber Lola Montez und Ludwig I. - eine verh\u00e4ngnisvolle Aff\u00e4re","robots":{"index":"index","follow":"follow","max-snippet":"max-snippet:-1","max-image-preview":"max-image-preview:large","max-video-preview":"max-video-preview:-1"},"canonical":"https:\/\/www.wunder-der-stadt.com\/tours\/lola-montez-ludwig-i-stadtfuehrung-muenchen\/","og_locale":"en_US","og_type":"article","og_title":"\u201eLola Montez und Ludwig I. - eine verh\u00e4ngnisvolle Aff\u00e4re\u201e - Wunder der Stadt - Stadtf\u00fchrungen in M\u00fcnchen und Oberbayern","og_url":"https:\/\/www.wunder-der-stadt.com\/tours\/lola-montez-ludwig-i-stadtfuehrung-muenchen\/","og_site_name":"Wunder der Stadt - Stadtf\u00fchrungen in M\u00fcnchen und Oberbayern","article_modified_time":"2024-01-04T20:05:39+00:00","og_image":[{"width":956,"height":476,"url":"https:\/\/www.wunder-der-stadt.com\/wp-content\/uploads\/Kg-Ludwig-und-Lola-Montez-1.jpg","type":"image\/jpeg"}],"twitter_card":"summary_large_image","twitter_misc":{"Est. reading time":"4 minutes"},"schema":{"@context":"https:\/\/schema.org","@graph":[{"@type":"WebPage","@id":"https:\/\/www.wunder-der-stadt.com\/tours\/lola-montez-ludwig-i-stadtfuehrung-muenchen\/","url":"https:\/\/www.wunder-der-stadt.com\/tours\/lola-montez-ludwig-i-stadtfuehrung-muenchen\/","name":"Stadtf\u00fchfung \u00fcber Lola Montez und Ludwig I. - eine verh\u00e4ngnisvolle Aff\u00e4re","isPartOf":{"@id":"https:\/\/www.wunder-der-stadt.com\/#website"},"datePublished":"2020-05-08T09:25:21+00:00","dateModified":"2024-01-04T20:05:39+00:00","description":"Eine Stadtf\u00fchrung an die historischen Schaupl\u00e4tze der verh\u00e4ngnisvolle Aff\u00e4re zwischen Lola Montez und der bayerische K\u00f6nig Ludwig I.","breadcrumb":{"@id":"https:\/\/www.wunder-der-stadt.com\/tours\/lola-montez-ludwig-i-stadtfuehrung-muenchen\/#breadcrumb"},"inLanguage":"en-US","potentialAction":[{"@type":"ReadAction","target":["https:\/\/www.wunder-der-stadt.com\/tours\/lola-montez-ludwig-i-stadtfuehrung-muenchen\/"]}]},{"@type":"BreadcrumbList","@id":"https:\/\/www.wunder-der-stadt.com\/tours\/lola-montez-ludwig-i-stadtfuehrung-muenchen\/#breadcrumb","itemListElement":[{"@type":"ListItem","position":1,"name":"Startseite","item":"https:\/\/www.wunder-der-stadt.com\/"},{"@type":"ListItem","position":2,"name":"Produkte","item":"https:\/\/www.wunder-der-stadt.com\/shop\/"},{"@type":"ListItem","position":3,"name":"\u201eLola Montez und Ludwig I. &#8211; eine verh\u00e4ngnisvolle Aff\u00e4re\u201e"}]},{"@type":"WebSite","@id":"https:\/\/www.wunder-der-stadt.com\/#website","url":"https:\/\/www.wunder-der-stadt.com\/","name":"{:de}Wunder der Stadt - Stadtf\u00fchrungen in M\u00fcnchen und Oberbayern{:}{:fr}Wunder der Stadt - Visites guid\u00e9es \u00e0 Munich et en Bavi\u00e8re{:}","description":"Ihre Agentur f\u00fcr Incomingreisen, Gesch\u00e4ftreisen, Stadtf\u00fchrungen und Privatreisen in M\u00fcnchen und Bayern","publisher":{"@id":"https:\/\/www.wunder-der-stadt.com\/#\/schema\/person\/7ac5370c8e8a38b0625e279f3af2d701"},"potentialAction":[{"@type":"SearchAction","target":{"@type":"EntryPoint","urlTemplate":"https:\/\/www.wunder-der-stadt.com\/?s={search_term_string}"},"query-input":"required name=search_term_string"}],"inLanguage":"en-US"},{"@type":["Person","Organization"],"@id":"https:\/\/www.wunder-der-stadt.com\/#\/schema\/person\/7ac5370c8e8a38b0625e279f3af2d701","name":"Admin","logo":{"@id":"https:\/\/www.wunder-der-stadt.com\/#\/schema\/person\/image\/"}}]}},"_links":{"self":[{"href":"https:\/\/www.wunder-der-stadt.com\/en\/wp-json\/wp\/v2\/product\/2330"}],"collection":[{"href":"https:\/\/www.wunder-der-stadt.com\/en\/wp-json\/wp\/v2\/product"}],"about":[{"href":"https:\/\/www.wunder-der-stadt.com\/en\/wp-json\/wp\/v2\/types\/product"}],"wp:featuredmedia":[{"embeddable":true,"href":"https:\/\/www.wunder-der-stadt.com\/en\/wp-json\/wp\/v2\/media\/2331"}],"wp:attachment":[{"href":"https:\/\/www.wunder-der-stadt.com\/en\/wp-json\/wp\/v2\/media?parent=2330"}],"wp:term":[{"taxonomy":"product_cat","embeddable":true,"href":"https:\/\/www.wunder-der-stadt.com\/en\/wp-json\/wp\/v2\/product_cat?post=2330"},{"taxonomy":"product_tag","embeddable":true,"href":"https:\/\/www.wunder-der-stadt.com\/en\/wp-json\/wp\/v2\/product_tag?post=2330"}],"curies":[{"name":"wp","href":"https:\/\/api.w.org\/{rel}","templated":true}]}}