{"id":2369,"date":"2020-06-25T18:25:13","date_gmt":"2020-06-25T16:25:13","guid":{"rendered":"https:\/\/www.wunder-der-stadt.com\/?post_type=product&#038;p=2369"},"modified":"2023-02-25T12:53:53","modified_gmt":"2023-02-25T11:53:53","slug":"dachau-concentration-camp-memorial-site","status":"publish","type":"product","link":"https:\/\/www.wunder-der-stadt.com\/en\/tours\/dachau-concentration-camp-memorial-site\/","title":{"rendered":"Dachau concentration camp memorial site"},"content":{"rendered":"<div id=\"conteneur\">\n<div id=\"visite\">\n<div id=\"texte_visite\">\n<p>Guided tour in the Dachau concentration camp memorial site<\/p>\n<p>As the Munich police chief Heinrich Himmler announced the opening of the Dachau concentration camp on March 20, 1933, few suspected that this name would forever become synonymous with SS violence and National Socialist terror.<\/p>\n<p>75\u00a0 years after the liberation of the camp on April 45, the voice of the survivors slowly but surely disappears. The <a href=\"http:\/\/www.kz-gedenkstaette-dachau.de\">concentration camp memorial site<\/a> is a legacy for future generations. &#8220;It is designed to help save mankind from having to repeat a similar disaster,&#8221; said General Andr\u00e9 Delpech, a survivor.<\/p>\n<p>2020 the words of Max Manheimer remind us&#8230; &#8220;<span lang=\"en\">You are not to blame for what was but you are responsible that it happened anymore.&#8221;<\/span><\/p>\n<p>This guided tour of the memorial and the exhibition gives an idea of \u200b\u200bthe conditions that prisoners had to endure in the camp.<\/p>\n<p><em><span lang=\"en\">Are you particularly interested in this theme ?<\/span><\/em><\/p>\n<p><span lang=\"en\">You want to deepen this theme on which you have already worked with your students ? And you want to approach it in a concrete and tangible way ? We suggest a themed day on the r<a href=\"https:\/\/www.wunder-der-stadt.com\/en\/tours\/munich-the-national-socialism-the-dark-side-of-the-history\/\">ise of Nazism including a city tour in Munich<\/a>, visiting the most important historical place, the resistance student&#8217;s group &#8220;the White Rose&#8221;, then a visit to the Dachau concentration camp memorial.<\/span><\/p>\n<\/div>\n<\/div>\n<\/div>\n<p>[vc_row][vc_column][vc_btn title=&#8221;GET IN TOUCH WITH US&#8221; shape=&#8221;square&#8221; align=&#8221;left&#8221; link=&#8221;url:http%3A%2F%2Fwww.wunder-der-stadt.com%2Fkontakt%2F|||&#8221;]<br \/>\n<!--more--><\/p>\n<table class=\"table table-bordered tours-tabs__table\" style=\"height: 233px;\" width=\"862\">\n<tbody>\n<tr>\n<td><strong>Start<\/strong><\/td>\n<td>Visitor center at the Dachau Memorial Site<\/td>\n<\/tr>\n<tr>\n<td><b>Duration<\/b><\/td>\n<td>2 hours<\/td>\n<\/tr>\n<tr>\n<td><b>Fare<\/b><\/td>\n<td>250,00\u20ac \/ group &#8211; 19% VAT included<\/td>\n<\/tr>\n<tr>\n<td><strong>Number of participants<br \/>\n<\/strong><\/td>\n<td>\n<p class=\"p1\"><span class=\"s1\"> max. 25 persons \/ group<br \/>\n<\/span><\/p>\n<\/td>\n<\/tr>\n<\/tbody>\n<\/table>\n<p>&nbsp;<\/p>\n","protected":false},"excerpt":{"rendered":"<p>Guided tour in the Dachau concentration camp memorial site As the Munich police chief Heinrich Himmler announced the opening of the Dachau concentration camp on March 20, 1933, few suspected that this name would forever become synonymous with SS violence and National Socialist terror. 75\u00a0 years after the liberation of the camp on April 45,<\/p>\n<div class=\"padding-top text-center\"><a href=\"https:\/\/www.wunder-der-stadt.com\/en\/tours\/dachau-concentration-camp-memorial-site\/\" class=\"atbtn atbtn--medium atbtn--rounded atbtn--transparent\">Weiterlesen<i class=\"atbtn__icon atbtn__icon--right fa fa-long-arrow-right\"><\/i><\/a><\/div>\n","protected":false},"featured_media":1388,"template":"","meta":[],"product_cat":[103],"product_tag":[116,117,77,119,195,115,196,198,197],"translation":{"provider":"WPGlobus","version":"3.0.2","language":"en","enabled_languages":["de","en","fr","es"],"languages":{"de":{"title":true,"content":true,"excerpt":false},"en":{"title":false,"content":false,"excerpt":false},"fr":{"title":false,"content":false,"excerpt":false},"es":{"title":false,"content":false,"excerpt":false}}},"yoast_head":"<!-- This site is optimized with the Yoast SEO plugin v22.0 - https:\/\/yoast.com\/wordpress\/plugins\/seo\/ -->\n<title>Dachau Concentration Camp Memorial Site - Wunder der Stadt<\/title>\n<meta name=\"robots\" content=\"index, follow, max-snippet:-1, max-image-preview:large, max-video-preview:-1\" \/>\n<link rel=\"canonical\" href=\"https:\/\/www.wunder-der-stadt.com\/tours\/dachau-concentration-camp-memorial-site\/\" \/>\n<meta property=\"og:locale\" content=\"en_US\" \/>\n<meta property=\"og:type\" content=\"article\" \/>\n<meta property=\"og:title\" content=\"Dachau concentration camp memorial site - Wunder der Stadt - Stadtf\u00fchrungen in M\u00fcnchen und Oberbayern\" \/>\n<meta property=\"og:url\" content=\"https:\/\/www.wunder-der-stadt.com\/tours\/dachau-concentration-camp-memorial-site\/\" \/>\n<meta property=\"og:site_name\" content=\"Wunder der Stadt - Stadtf\u00fchrungen in M\u00fcnchen und Oberbayern\" \/>\n<meta property=\"article:modified_time\" content=\"2023-02-25T11:53:53+00:00\" \/>\n<meta property=\"og:image\" content=\"https:\/\/www.wunder-der-stadt.com\/wp-content\/uploads\/Schueler_Dachau.jpg\" \/>\n\t<meta property=\"og:image:width\" content=\"1400\" \/>\n\t<meta property=\"og:image:height\" content=\"600\" \/>\n\t<meta property=\"og:image:type\" content=\"image\/jpeg\" \/>\n<meta name=\"twitter:card\" content=\"summary_large_image\" \/>\n<meta name=\"twitter:label1\" content=\"Est. reading time\" \/>\n\t<meta name=\"twitter:data1\" content=\"2 minutes\" \/>\n<script type=\"application\/ld+json\" class=\"yoast-schema-graph\">{\"@context\":\"https:\/\/schema.org\",\"@graph\":[{\"@type\":\"WebPage\",\"@id\":\"https:\/\/www.wunder-der-stadt.com\/tours\/dachau-concentration-camp-memorial-site\/\",\"url\":\"https:\/\/www.wunder-der-stadt.com\/tours\/dachau-concentration-camp-memorial-site\/\",\"name\":\"Dachau Concentration Camp Memorial Site - Wunder der Stadt\",\"isPartOf\":{\"@id\":\"https:\/\/www.wunder-der-stadt.com\/#website\"},\"datePublished\":\"2020-06-25T16:25:13+00:00\",\"dateModified\":\"2023-02-25T11:53:53+00:00\",\"description\":\"Guided tour at the Dachau Concentration Camp Memorial Site, a place that is still today a synonim for the nazi dictaturship ans SS terror.\",\"breadcrumb\":{\"@id\":\"https:\/\/www.wunder-der-stadt.com\/tours\/dachau-concentration-camp-memorial-site\/#breadcrumb\"},\"inLanguage\":\"en-US\",\"potentialAction\":[{\"@type\":\"ReadAction\",\"target\":[\"https:\/\/www.wunder-der-stadt.com\/tours\/dachau-concentration-camp-memorial-site\/\"]}]},{\"@type\":\"BreadcrumbList\",\"@id\":\"https:\/\/www.wunder-der-stadt.com\/tours\/dachau-concentration-camp-memorial-site\/#breadcrumb\",\"itemListElement\":[{\"@type\":\"ListItem\",\"position\":1,\"name\":\"Startseite\",\"item\":\"https:\/\/www.wunder-der-stadt.com\/\"},{\"@type\":\"ListItem\",\"position\":2,\"name\":\"Produkte\",\"item\":\"https:\/\/www.wunder-der-stadt.com\/shop\/\"},{\"@type\":\"ListItem\",\"position\":3,\"name\":\"Dachau concentration camp memorial site\"}]},{\"@type\":\"WebSite\",\"@id\":\"https:\/\/www.wunder-der-stadt.com\/#website\",\"url\":\"https:\/\/www.wunder-der-stadt.com\/\",\"name\":\"{:de}Wunder der Stadt - Stadtf\u00fchrungen in M\u00fcnchen und Oberbayern{:}{:fr}Wunder der Stadt - Visites guid\u00e9es \u00e0 Munich et en Bavi\u00e8re{:}\",\"description\":\"Ihre Agentur f\u00fcr Incomingreisen, Gesch\u00e4ftreisen, Stadtf\u00fchrungen und Privatreisen in M\u00fcnchen und Bayern\",\"publisher\":{\"@id\":\"https:\/\/www.wunder-der-stadt.com\/#\/schema\/person\/7ac5370c8e8a38b0625e279f3af2d701\"},\"potentialAction\":[{\"@type\":\"SearchAction\",\"target\":{\"@type\":\"EntryPoint\",\"urlTemplate\":\"https:\/\/www.wunder-der-stadt.com\/?s={search_term_string}\"},\"query-input\":\"required name=search_term_string\"}],\"inLanguage\":\"en-US\"},{\"@type\":[\"Person\",\"Organization\"],\"@id\":\"https:\/\/www.wunder-der-stadt.com\/#\/schema\/person\/7ac5370c8e8a38b0625e279f3af2d701\",\"name\":\"Admin\",\"logo\":{\"@id\":\"https:\/\/www.wunder-der-stadt.com\/#\/schema\/person\/image\/\"}}]}<\/script>\n<!-- \/ Yoast SEO plugin. -->","yoast_head_json":{"title":"Dachau Concentration Camp Memorial Site - Wunder der Stadt","robots":{"index":"index","follow":"follow","max-snippet":"max-snippet:-1","max-image-preview":"max-image-preview:large","max-video-preview":"max-video-preview:-1"},"canonical":"https:\/\/www.wunder-der-stadt.com\/tours\/dachau-concentration-camp-memorial-site\/","og_locale":"en_US","og_type":"article","og_title":"Dachau concentration camp memorial site - Wunder der Stadt - Stadtf\u00fchrungen in M\u00fcnchen und Oberbayern","og_url":"https:\/\/www.wunder-der-stadt.com\/tours\/dachau-concentration-camp-memorial-site\/","og_site_name":"Wunder der Stadt - Stadtf\u00fchrungen in M\u00fcnchen und Oberbayern","article_modified_time":"2023-02-25T11:53:53+00:00","og_image":[{"width":1400,"height":600,"url":"https:\/\/www.wunder-der-stadt.com\/wp-content\/uploads\/Schueler_Dachau.jpg","type":"image\/jpeg"}],"twitter_card":"summary_large_image","twitter_misc":{"Est. reading time":"2 minutes"},"schema":{"@context":"https:\/\/schema.org","@graph":[{"@type":"WebPage","@id":"https:\/\/www.wunder-der-stadt.com\/tours\/dachau-concentration-camp-memorial-site\/","url":"https:\/\/www.wunder-der-stadt.com\/tours\/dachau-concentration-camp-memorial-site\/","name":"Dachau Concentration Camp Memorial Site - Wunder der Stadt","isPartOf":{"@id":"https:\/\/www.wunder-der-stadt.com\/#website"},"datePublished":"2020-06-25T16:25:13+00:00","dateModified":"2023-02-25T11:53:53+00:00","description":"Guided tour at the Dachau Concentration Camp Memorial Site, a place that is still today a synonim for the nazi dictaturship ans SS terror.","breadcrumb":{"@id":"https:\/\/www.wunder-der-stadt.com\/tours\/dachau-concentration-camp-memorial-site\/#breadcrumb"},"inLanguage":"en-US","potentialAction":[{"@type":"ReadAction","target":["https:\/\/www.wunder-der-stadt.com\/tours\/dachau-concentration-camp-memorial-site\/"]}]},{"@type":"BreadcrumbList","@id":"https:\/\/www.wunder-der-stadt.com\/tours\/dachau-concentration-camp-memorial-site\/#breadcrumb","itemListElement":[{"@type":"ListItem","position":1,"name":"Startseite","item":"https:\/\/www.wunder-der-stadt.com\/"},{"@type":"ListItem","position":2,"name":"Produkte","item":"https:\/\/www.wunder-der-stadt.com\/shop\/"},{"@type":"ListItem","position":3,"name":"Dachau concentration camp memorial site"}]},{"@type":"WebSite","@id":"https:\/\/www.wunder-der-stadt.com\/#website","url":"https:\/\/www.wunder-der-stadt.com\/","name":"{:de}Wunder der Stadt - Stadtf\u00fchrungen in M\u00fcnchen und Oberbayern{:}{:fr}Wunder der Stadt - Visites guid\u00e9es \u00e0 Munich et en Bavi\u00e8re{:}","description":"Ihre Agentur f\u00fcr Incomingreisen, Gesch\u00e4ftreisen, Stadtf\u00fchrungen und Privatreisen in M\u00fcnchen und Bayern","publisher":{"@id":"https:\/\/www.wunder-der-stadt.com\/#\/schema\/person\/7ac5370c8e8a38b0625e279f3af2d701"},"potentialAction":[{"@type":"SearchAction","target":{"@type":"EntryPoint","urlTemplate":"https:\/\/www.wunder-der-stadt.com\/?s={search_term_string}"},"query-input":"required name=search_term_string"}],"inLanguage":"en-US"},{"@type":["Person","Organization"],"@id":"https:\/\/www.wunder-der-stadt.com\/#\/schema\/person\/7ac5370c8e8a38b0625e279f3af2d701","name":"Admin","logo":{"@id":"https:\/\/www.wunder-der-stadt.com\/#\/schema\/person\/image\/"}}]}},"_links":{"self":[{"href":"https:\/\/www.wunder-der-stadt.com\/en\/wp-json\/wp\/v2\/product\/2369"}],"collection":[{"href":"https:\/\/www.wunder-der-stadt.com\/en\/wp-json\/wp\/v2\/product"}],"about":[{"href":"https:\/\/www.wunder-der-stadt.com\/en\/wp-json\/wp\/v2\/types\/product"}],"wp:featuredmedia":[{"embeddable":true,"href":"https:\/\/www.wunder-der-stadt.com\/en\/wp-json\/wp\/v2\/media\/1388"}],"wp:attachment":[{"href":"https:\/\/www.wunder-der-stadt.com\/en\/wp-json\/wp\/v2\/media?parent=2369"}],"wp:term":[{"taxonomy":"product_cat","embeddable":true,"href":"https:\/\/www.wunder-der-stadt.com\/en\/wp-json\/wp\/v2\/product_cat?post=2369"},{"taxonomy":"product_tag","embeddable":true,"href":"https:\/\/www.wunder-der-stadt.com\/en\/wp-json\/wp\/v2\/product_tag?post=2369"}],"curies":[{"name":"wp","href":"https:\/\/api.w.org\/{rel}","templated":true}]}}