{"id":2475,"date":"2022-05-02T17:21:40","date_gmt":"2022-05-02T15:21:40","guid":{"rendered":"https:\/\/www.wunder-der-stadt.com\/?post_type=product&#038;p=2475"},"modified":"2024-01-04T21:04:10","modified_gmt":"2024-01-04T20:04:10","slug":"henriette-adelaide-ferdinand-maria-wie-der-barock-nach-muenchen-kam","status":"publish","type":"product","link":"https:\/\/www.wunder-der-stadt.com\/en\/tours\/henriette-adelaide-ferdinand-maria-wie-der-barock-nach-muenchen-kam\/","title":{"rendered":"\u201eHenriette-Adelaide &#038; Ferdinand Maria &#8211; Wie der Barock nach M\u00fcnchen kam&#8221;"},"content":{"rendered":"<div><span style=\"font-size: 14pt;\"><strong>\u201eDie Kurf\u00fcrsten Henriette-Adelaide von Savoyen-Piemont &amp; Ferdinand-Maria von Wittelsbach oder wie der Barock nach M\u00fcnchen kam\u201c<\/strong><\/span><\/div>\n<div><\/div>\n<div>Die Reihe &#8220;Ber\u00fchmte P\u00e4rchen in M\u00fcnchen&#8221; beleuchtet die Geschichte Pers\u00f6nlichkeiten, die die Stadt durch ihr Leben gepr\u00e4gt haben. Dieses Mal erfahren Sie wie vor ca. 370 Jahre zwei Teenager M\u00fcnchen aus seine Lethargie geweckt haben&#8230;<\/div>\n<div><\/div>\n<div>Im 17. Jahrhundert sind junge Adelige Spielb\u00e4lle der europ\u00e4ischen Politik. Mit 13 verlobt, mit 14 per-procura verheiratet, werden sich Henriette-Adelaide von Savoyen-Piemont &amp; Ferdinand-Maria von Wittelsbach erst mit 16 Jahren in <a href=\"https:\/\/www.wunder-der-stadt.com\/tours\/stadtrundgang-in-die-altstadt\/\">M\u00fcnchen<\/a> kennenlernen.<\/div>\n<div><\/div>\n<div>Die verw\u00f6hnte und temperamentvolle Prinzessin aus Turin trifft bei ihrer Ankunft auf einen sch\u00fcchternen, kindlichen und zudem kurzsichtigen k\u00fcnftigen bayerischen Kurf\u00fcrsten, sowie auf seine \u00fcberm\u00e4chtige Mutter.<\/div>\n<div><\/div>\n<div>Obwohl sie so jung, so unerfahren und vor allem so unterschiedlich waren, werden sie sich mit Intelligenz und unerwartetem Geschick einander ann\u00e4hern und gemeinsam das biedere, langweilige und strenge bayerische Hofleben auf den Kopf stellen. Mit Henriette-Adelaide zieht sprudelnde Lebensfreude, k\u00fcnstlerisches Talent und die Barock-Kunst mit ihrer ganzen Pracht in M\u00fcnchen ein. Ihr unerm\u00fcdlicher Unternehmungsgeist macht die M\u00fcnchner Hofgesellschaft zum repr\u00e4sentativen Mittelpunkt des Landes.<\/div>\n<div><\/div>\n<div>Mit der <a href=\"http:\/\/www.theatinerkirche.de\/uploads\/1\/Theatinerkirche_Innenraum.jpg\">Theatiner-Kirche<\/a> wird die Kurf\u00fcrstin Henriette-Adelaide Gott f\u00fcr den lang ersehnt Sohn danken, mit dem <a href=\"https:\/\/www.wunder-der-stadt.com\/fr\/tours\/les-chateaux-de-nymphenbourg-et-damalienburg\/\">Schloss Nymphenburg<\/a> wird der Kurf\u00fcrst Ferdinand-Maria ihr ein Traum erf\u00fcllen&#8230; Bis heute, 370 Jahre sp\u00e4ter, sind ihre Spuren an jeder Ecke der Stadt zu sp\u00fcren.<\/div>\n<div><\/div>\n<div>Wie die Kurf\u00fcrsten Henriette-Adelaide &amp; Ferdinand-Maria der Barock nach M\u00fcnchen brachte erfahren Sie in der kurzweilig und humorvolle F\u00fchrung zu den historischen Schaupl\u00e4tze.<\/div>\n<div><\/div>\n<div>\n<p><strong><span style=\"font-size: 14pt;\">Termine<\/span><\/strong><\/p>\n<p>Auf Anfrage<\/p>\n<p>F\u00fcr eine Privatf\u00fchrung erfolgt die Anmeldung unter\u00a0<strong><a href=\"mailto:info@wunder-der-stadt.de\">info@wunder-der-stadt.de<\/a><\/strong>\u00a0(siehe unten)<\/p>\n<p>Dauer: 2 Std<\/p>\n<p>Teilnehmerzahl: Maximum 15 Personen<\/p>\n<\/div>\n<p>&nbsp;<\/p>\n<p>In der Reihe &#8220;Ber\u00fchmte P\u00e4rchen in M\u00fcnchen&#8221; gibt es auch<\/p>\n<h3 class=\"atgrid__item__title\"><a href=\"https:\/\/www.wunder-der-stadt.com\/tours\/lola-montez\/\">&#8211; \u201eLola Montez und Ludwig I. &#8211; eine verh\u00e4ngnisvolle Aff\u00e4re\u201e<\/a><\/h3>\n<p><span style=\"font-size: 14pt;\">&#8211; <strong><a href=\"https:\/\/www.wunder-der-stadt.com\/tours\/karl-valentin-und-liesl-karlstadt\/\">\u201eKarl Valentin und Liesl Karlstadt \u2013 Hinter einem ber\u00fchmten Mann, steht immer\u00a0<\/a><\/strong><strong>eine starke Frau\u201c<\/strong><\/span><\/p>\n<p><!--more--><\/p>\n<table class=\"table table-bordered tours-tabs__table\" style=\"height: 233px;\" width=\"862\">\n<tbody>\n<tr>\n<td><strong>DATUM<\/strong><\/td>\n<td>nach Absprache<\/td>\n<\/tr>\n<tr>\n<td><b>UHRZEIT<\/b><\/td>\n<td>siehe oben<\/td>\n<\/tr>\n<tr>\n<td><strong>STARTPUNKT<\/strong><\/td>\n<td>Hofgarten der M\u00fcnchener Residenz am Dianatempel<\/td>\n<\/tr>\n<tr>\n<td><strong>DAUER<\/strong><\/td>\n<td>2 Stunde<\/td>\n<\/tr>\n<tr>\n<td><b>PAKET-PREIS<\/b><\/td>\n<td>20,00\u20ac \/ Person &#8211; inkl. MwSt<\/td>\n<\/tr>\n<tr>\n<td><strong>TEILNEHMERZAHL<\/strong><\/td>\n<td>\n<p class=\"p1\"><span class=\"s1\">max. 15 Personen<\/span><\/p>\n<\/td>\n<\/tr>\n<\/tbody>\n<\/table>\n","protected":false},"excerpt":{"rendered":"<p>\u201eDie Kurf\u00fcrsten Henriette-Adelaide von Savoyen-Piemont &amp; Ferdinand-Maria von Wittelsbach oder wie der Barock nach M\u00fcnchen kam\u201c Die Reihe &#8220;Ber\u00fchmte P\u00e4rchen in M\u00fcnchen&#8221; beleuchtet die Geschichte Pers\u00f6nlichkeiten, die die Stadt durch ihr Leben gepr\u00e4gt haben. Dieses Mal erfahren Sie wie vor ca. 370 Jahre zwei Teenager M\u00fcnchen aus seine Lethargie geweckt haben&#8230; Im 17. Jahrhundert sind<\/p>\n<div class=\"padding-top text-center\"><a href=\"https:\/\/www.wunder-der-stadt.com\/en\/tours\/henriette-adelaide-ferdinand-maria-wie-der-barock-nach-muenchen-kam\/\" class=\"atbtn atbtn--medium atbtn--rounded atbtn--transparent\">Weiterlesen<i class=\"atbtn__icon atbtn__icon--right fa fa-long-arrow-right\"><\/i><\/a><\/div>\n","protected":false},"featured_media":2477,"template":"","meta":[],"product_cat":[103],"product_tag":[221,220,139,75],"translation":{"provider":"WPGlobus","version":"3.0.2","language":"en","enabled_languages":["de","en","fr","es"],"languages":{"de":{"title":true,"content":true,"excerpt":false},"en":{"title":false,"content":false,"excerpt":false},"fr":{"title":false,"content":false,"excerpt":false},"es":{"title":false,"content":false,"excerpt":false}}},"yoast_head":"<!-- This site is optimized with the Yoast SEO plugin v22.0 - https:\/\/yoast.com\/wordpress\/plugins\/seo\/ -->\n<title>Kurf\u00fcrsten Henriette-Adelaide &amp; Ferdinand-Maria<\/title>\n<meta name=\"robots\" content=\"index, follow, max-snippet:-1, max-image-preview:large, max-video-preview:-1\" \/>\n<link rel=\"canonical\" href=\"https:\/\/www.wunder-der-stadt.com\/tours\/henriette-adelaide-ferdinand-maria-wie-der-barock-nach-muenchen-kam\/\" \/>\n<meta property=\"og:locale\" content=\"en_US\" \/>\n<meta property=\"og:type\" content=\"article\" \/>\n<meta property=\"og:title\" content=\"\u201eHenriette-Adelaide &amp; Ferdinand Maria - Wie der Barock nach M\u00fcnchen kam&quot; - Wunder der Stadt - Stadtf\u00fchrungen in M\u00fcnchen und Oberbayern\" \/>\n<meta property=\"og:url\" content=\"https:\/\/www.wunder-der-stadt.com\/tours\/henriette-adelaide-ferdinand-maria-wie-der-barock-nach-muenchen-kam\/\" \/>\n<meta property=\"og:site_name\" content=\"Wunder der Stadt - Stadtf\u00fchrungen in M\u00fcnchen und Oberbayern\" \/>\n<meta property=\"article:modified_time\" content=\"2024-01-04T20:04:10+00:00\" \/>\n<meta property=\"og:image\" content=\"https:\/\/www.wunder-der-stadt.com\/wp-content\/uploads\/Henriette-Adelaide-e1651509112387.jpg\" \/>\n\t<meta property=\"og:image:width\" content=\"707\" \/>\n\t<meta property=\"og:image:height\" content=\"559\" \/>\n\t<meta property=\"og:image:type\" content=\"image\/jpeg\" \/>\n<meta name=\"twitter:card\" content=\"summary_large_image\" \/>\n<meta name=\"twitter:label1\" content=\"Est. reading time\" \/>\n\t<meta name=\"twitter:data1\" content=\"2 minutes\" \/>\n<script type=\"application\/ld+json\" class=\"yoast-schema-graph\">{\"@context\":\"https:\/\/schema.org\",\"@graph\":[{\"@type\":\"WebPage\",\"@id\":\"https:\/\/www.wunder-der-stadt.com\/tours\/henriette-adelaide-ferdinand-maria-wie-der-barock-nach-muenchen-kam\/\",\"url\":\"https:\/\/www.wunder-der-stadt.com\/tours\/henriette-adelaide-ferdinand-maria-wie-der-barock-nach-muenchen-kam\/\",\"name\":\"Kurf\u00fcrsten Henriette-Adelaide & Ferdinand-Maria\",\"isPartOf\":{\"@id\":\"https:\/\/www.wunder-der-stadt.com\/#website\"},\"datePublished\":\"2022-05-02T15:21:40+00:00\",\"dateModified\":\"2024-01-04T20:04:10+00:00\",\"description\":\"Wie die lebenslustige Kurf\u00fcrstin Henriette-Adelaide der Barock nach M\u00fcnchen brachte erfahren Sie in der F\u00fchrung zu den originale Schaupl\u00e4tze.\",\"breadcrumb\":{\"@id\":\"https:\/\/www.wunder-der-stadt.com\/tours\/henriette-adelaide-ferdinand-maria-wie-der-barock-nach-muenchen-kam\/#breadcrumb\"},\"inLanguage\":\"en-US\",\"potentialAction\":[{\"@type\":\"ReadAction\",\"target\":[\"https:\/\/www.wunder-der-stadt.com\/tours\/henriette-adelaide-ferdinand-maria-wie-der-barock-nach-muenchen-kam\/\"]}]},{\"@type\":\"BreadcrumbList\",\"@id\":\"https:\/\/www.wunder-der-stadt.com\/tours\/henriette-adelaide-ferdinand-maria-wie-der-barock-nach-muenchen-kam\/#breadcrumb\",\"itemListElement\":[{\"@type\":\"ListItem\",\"position\":1,\"name\":\"Startseite\",\"item\":\"https:\/\/www.wunder-der-stadt.com\/\"},{\"@type\":\"ListItem\",\"position\":2,\"name\":\"Produkte\",\"item\":\"https:\/\/www.wunder-der-stadt.com\/shop\/\"},{\"@type\":\"ListItem\",\"position\":3,\"name\":\"\u201eHenriette-Adelaide &#038; Ferdinand Maria &#8211; Wie der Barock nach M\u00fcnchen kam&#8220;\"}]},{\"@type\":\"WebSite\",\"@id\":\"https:\/\/www.wunder-der-stadt.com\/#website\",\"url\":\"https:\/\/www.wunder-der-stadt.com\/\",\"name\":\"{:de}Wunder der Stadt - Stadtf\u00fchrungen in M\u00fcnchen und Oberbayern{:}{:fr}Wunder der Stadt - Visites guid\u00e9es \u00e0 Munich et en Bavi\u00e8re{:}\",\"description\":\"Ihre Agentur f\u00fcr Incomingreisen, Gesch\u00e4ftreisen, Stadtf\u00fchrungen und Privatreisen in M\u00fcnchen und Bayern\",\"publisher\":{\"@id\":\"https:\/\/www.wunder-der-stadt.com\/#\/schema\/person\/7ac5370c8e8a38b0625e279f3af2d701\"},\"potentialAction\":[{\"@type\":\"SearchAction\",\"target\":{\"@type\":\"EntryPoint\",\"urlTemplate\":\"https:\/\/www.wunder-der-stadt.com\/?s={search_term_string}\"},\"query-input\":\"required name=search_term_string\"}],\"inLanguage\":\"en-US\"},{\"@type\":[\"Person\",\"Organization\"],\"@id\":\"https:\/\/www.wunder-der-stadt.com\/#\/schema\/person\/7ac5370c8e8a38b0625e279f3af2d701\",\"name\":\"Admin\",\"logo\":{\"@id\":\"https:\/\/www.wunder-der-stadt.com\/#\/schema\/person\/image\/\"}}]}<\/script>\n<!-- \/ Yoast SEO plugin. -->","yoast_head_json":{"title":"Kurf\u00fcrsten Henriette-Adelaide & Ferdinand-Maria","robots":{"index":"index","follow":"follow","max-snippet":"max-snippet:-1","max-image-preview":"max-image-preview:large","max-video-preview":"max-video-preview:-1"},"canonical":"https:\/\/www.wunder-der-stadt.com\/tours\/henriette-adelaide-ferdinand-maria-wie-der-barock-nach-muenchen-kam\/","og_locale":"en_US","og_type":"article","og_title":"\u201eHenriette-Adelaide & Ferdinand Maria - Wie der Barock nach M\u00fcnchen kam\" - Wunder der Stadt - Stadtf\u00fchrungen in M\u00fcnchen und Oberbayern","og_url":"https:\/\/www.wunder-der-stadt.com\/tours\/henriette-adelaide-ferdinand-maria-wie-der-barock-nach-muenchen-kam\/","og_site_name":"Wunder der Stadt - Stadtf\u00fchrungen in M\u00fcnchen und Oberbayern","article_modified_time":"2024-01-04T20:04:10+00:00","og_image":[{"width":707,"height":559,"url":"https:\/\/www.wunder-der-stadt.com\/wp-content\/uploads\/Henriette-Adelaide-e1651509112387.jpg","type":"image\/jpeg"}],"twitter_card":"summary_large_image","twitter_misc":{"Est. reading time":"2 minutes"},"schema":{"@context":"https:\/\/schema.org","@graph":[{"@type":"WebPage","@id":"https:\/\/www.wunder-der-stadt.com\/tours\/henriette-adelaide-ferdinand-maria-wie-der-barock-nach-muenchen-kam\/","url":"https:\/\/www.wunder-der-stadt.com\/tours\/henriette-adelaide-ferdinand-maria-wie-der-barock-nach-muenchen-kam\/","name":"Kurf\u00fcrsten Henriette-Adelaide & Ferdinand-Maria","isPartOf":{"@id":"https:\/\/www.wunder-der-stadt.com\/#website"},"datePublished":"2022-05-02T15:21:40+00:00","dateModified":"2024-01-04T20:04:10+00:00","description":"Wie die lebenslustige Kurf\u00fcrstin Henriette-Adelaide der Barock nach M\u00fcnchen brachte erfahren Sie in der F\u00fchrung zu den originale Schaupl\u00e4tze.","breadcrumb":{"@id":"https:\/\/www.wunder-der-stadt.com\/tours\/henriette-adelaide-ferdinand-maria-wie-der-barock-nach-muenchen-kam\/#breadcrumb"},"inLanguage":"en-US","potentialAction":[{"@type":"ReadAction","target":["https:\/\/www.wunder-der-stadt.com\/tours\/henriette-adelaide-ferdinand-maria-wie-der-barock-nach-muenchen-kam\/"]}]},{"@type":"BreadcrumbList","@id":"https:\/\/www.wunder-der-stadt.com\/tours\/henriette-adelaide-ferdinand-maria-wie-der-barock-nach-muenchen-kam\/#breadcrumb","itemListElement":[{"@type":"ListItem","position":1,"name":"Startseite","item":"https:\/\/www.wunder-der-stadt.com\/"},{"@type":"ListItem","position":2,"name":"Produkte","item":"https:\/\/www.wunder-der-stadt.com\/shop\/"},{"@type":"ListItem","position":3,"name":"\u201eHenriette-Adelaide &#038; Ferdinand Maria &#8211; Wie der Barock nach M\u00fcnchen kam&#8220;"}]},{"@type":"WebSite","@id":"https:\/\/www.wunder-der-stadt.com\/#website","url":"https:\/\/www.wunder-der-stadt.com\/","name":"{:de}Wunder der Stadt - Stadtf\u00fchrungen in M\u00fcnchen und Oberbayern{:}{:fr}Wunder der Stadt - Visites guid\u00e9es \u00e0 Munich et en Bavi\u00e8re{:}","description":"Ihre Agentur f\u00fcr Incomingreisen, Gesch\u00e4ftreisen, Stadtf\u00fchrungen und Privatreisen in M\u00fcnchen und Bayern","publisher":{"@id":"https:\/\/www.wunder-der-stadt.com\/#\/schema\/person\/7ac5370c8e8a38b0625e279f3af2d701"},"potentialAction":[{"@type":"SearchAction","target":{"@type":"EntryPoint","urlTemplate":"https:\/\/www.wunder-der-stadt.com\/?s={search_term_string}"},"query-input":"required name=search_term_string"}],"inLanguage":"en-US"},{"@type":["Person","Organization"],"@id":"https:\/\/www.wunder-der-stadt.com\/#\/schema\/person\/7ac5370c8e8a38b0625e279f3af2d701","name":"Admin","logo":{"@id":"https:\/\/www.wunder-der-stadt.com\/#\/schema\/person\/image\/"}}]}},"_links":{"self":[{"href":"https:\/\/www.wunder-der-stadt.com\/en\/wp-json\/wp\/v2\/product\/2475"}],"collection":[{"href":"https:\/\/www.wunder-der-stadt.com\/en\/wp-json\/wp\/v2\/product"}],"about":[{"href":"https:\/\/www.wunder-der-stadt.com\/en\/wp-json\/wp\/v2\/types\/product"}],"wp:featuredmedia":[{"embeddable":true,"href":"https:\/\/www.wunder-der-stadt.com\/en\/wp-json\/wp\/v2\/media\/2477"}],"wp:attachment":[{"href":"https:\/\/www.wunder-der-stadt.com\/en\/wp-json\/wp\/v2\/media?parent=2475"}],"wp:term":[{"taxonomy":"product_cat","embeddable":true,"href":"https:\/\/www.wunder-der-stadt.com\/en\/wp-json\/wp\/v2\/product_cat?post=2475"},{"taxonomy":"product_tag","embeddable":true,"href":"https:\/\/www.wunder-der-stadt.com\/en\/wp-json\/wp\/v2\/product_tag?post=2475"}],"curies":[{"name":"wp","href":"https:\/\/api.w.org\/{rel}","templated":true}]}}