{"id":2525,"date":"2024-01-04T18:16:55","date_gmt":"2024-01-04T17:16:55","guid":{"rendered":"https:\/\/www.wunder-der-stadt.com\/?post_type=product&#038;p=2525"},"modified":"2026-03-07T11:42:27","modified_gmt":"2026-03-07T10:42:27","slug":"die-weisse-rose-muenchner-widerstand-stadtfuehrung-fuer-schulklassen","status":"publish","type":"product","link":"https:\/\/www.wunder-der-stadt.com\/en\/tours\/die-weisse-rose-muenchner-widerstand-stadtfuehrung-fuer-schulklassen\/","title":{"rendered":"F\u00fcr Schulklassen: Die Wei\u00dfe Rose &#8211; Der M\u00fcnchner Widerstand"},"content":{"rendered":"<h2 class=\"text-text-100 mt-3 -mb-1 text-[1.125rem] font-bold\">Die Wei\u00dfe Rose \u2013 Der M\u00fcnchner Widerstand<\/h2>\n<h3 class=\"text-text-100 mt-2 -mb-1 text-base font-bold\">Stadtf\u00fchrung f\u00fcr Schulklassen in M\u00fcnchen<\/h3>\n<p class=\"font-claude-response-body break-words whitespace-normal leading-[1.7]\"><strong>Widerstand gegen den Nationalsozialismus verstehen \u2013 am historischen Ort.<\/strong><\/p>\n<p class=\"font-claude-response-body break-words whitespace-normal leading-[1.7]\">M\u00fcnchen, die sp\u00e4tere \u201eHauptstadt der Bewegung&#8221;, war nicht nur ein zentraler Schauplatz des Nationalsozialismus, sondern auch Ort mutigen Widerstands. M\u00fcnchen war nicht nur ein zentraler Schauplatz des Nationalsozialismus, sondern auch Ort mutigen Widerstands. Diese Stadtf\u00fchrung <strong>Wei\u00dfe Rose M\u00fcnchen f\u00fcr Schulklassen<\/strong> macht Geschichte am Originalschauplatz erlebbar \u2013 ideal als Exkursion f\u00fcr den Geschichtsunterricht ab Klasse 9. Im Mittelpunkt steht die Widerstandsgruppe <strong>Wei\u00dfe Rose<\/strong> um <strong>Sophie und Hans Scholl<\/strong> \u2013 doch die F\u00fchrung zeigt auch: Sie waren nicht allein.<\/p>\n<hr class=\"border-border-200 border-t-0.5 my-3 mx-1.5\" \/>\n<h3 class=\"text-text-100 mt-2 -mb-1 text-base font-bold\">Inhalt der Stadtf\u00fchrung Wei\u00dfe Rose M\u00fcnchen<\/h3>\n<p class=\"font-claude-response-body break-words whitespace-normal leading-[1.7]\">Im <strong>Februar 1943<\/strong> wurde die Wei\u00dfe Rose von den Nationalsozialisten brutal zerschlagen. Die F\u00fchrung setzt diesen Wendepunkt in den historischen Kontext M\u00fcnchens:<\/p>\n<ul class=\"[li_&amp;]:mb-0 [li_&amp;]:mt-1 [li_&amp;]:gap-1 [&amp;:not(:last-child)_ul]:pb-1 [&amp;:not(:last-child)_ol]:pb-1 list-disc flex flex-col gap-1 pl-8 mb-3\">\n<li class=\"whitespace-normal break-words pl-2\">Hitlers gescheiterter <strong>Putsch von 1923<\/strong> am Odeonsplatz<\/li>\n<li class=\"whitespace-normal break-words pl-2\">M\u00fcnchen als ideologisches Zentrum des <strong>NS-Regimes ab 1933<\/strong><\/li>\n<li class=\"whitespace-normal break-words pl-2\">Entstehung, Aktionen und Verfolgung der <strong>Wei\u00dfen Rose<\/strong><\/li>\n<li class=\"whitespace-normal break-words pl-2\">Weitere Formen und Personen des Widerstands in M\u00fcnchen<\/li>\n<\/ul>\n<p class=\"font-claude-response-body break-words whitespace-normal leading-[1.7]\">Wir folgen den Spuren der jungen Widerstandsk\u00e4mpferinnen und -k\u00e4mpfer und besuchen zentrale Orte in M\u00fcnchen, an denen sie lebten, studierten, arbeiteten und verhaftet wurden. Diese <strong>historische Stadtf\u00fchrung f\u00fcr Sch\u00fclerinnen und Sch\u00fcler in M\u00fcnchen<\/strong> verbindet Biografien, Orte und Ereignisse der NS-Diktatur \u2013 anschaulich und nachhaltig.<\/p>\n<hr class=\"border-border-200 border-t-0.5 my-3 mx-1.5\" \/>\n<h3 class=\"text-text-100 mt-2 -mb-1 text-base font-bold\">Die Vielfalt des Widerstands \u2013 mehr als die Wei\u00dfe Rose<\/h3>\n<p class=\"font-claude-response-body break-words whitespace-normal leading-[1.7]\">Der Schwerpunkt der F\u00fchrung liegt auf der Wei\u00dfen Rose \u2013 erg\u00e4nzend werden aber auch weitere Formen und Personen des Widerstands thematisiert, um die <strong>Vielfalt oppositioneller Haltungen<\/strong> sichtbar zu machen:<\/p>\n<ul class=\"[li_&amp;]:mb-0 [li_&amp;]:mt-1 [li_&amp;]:gap-1 [&amp;:not(:last-child)_ul]:pb-1 [&amp;:not(:last-child)_ol]:pb-1 list-disc flex flex-col gap-1 pl-8 mb-3\">\n<li class=\"whitespace-normal break-words pl-2\"><a href=\"https:\/\/www.georg-elser-gedenkstaette.de\/veranstaltungen\/szenische-lesungen\/archiv-lesungen\/m%C3%BCnchen-2019\/\"><strong>Georg Elser<\/strong><\/a> \u2013 individueller Widerstand<\/li>\n<li class=\"whitespace-normal break-words pl-2\"><strong>Hans Beimler und Centa Beimler<\/strong> \u2013 kommunistischer Widerstand<\/li>\n<li class=\"whitespace-normal break-words pl-2\"><strong>Walter Klingenbeck<\/strong> \u2013 jugendlicher Widerstand<\/li>\n<li class=\"whitespace-normal break-words pl-2\"><strong>Pater Rupert Mayer SJ und Fritz Gerlich<\/strong> \u2013 kirchlicher Widerstand<\/li>\n<li class=\"whitespace-normal break-words pl-2\"><strong>Oskar Maria Graf<\/strong> \u2013 Widerstand in der Kunst<\/li>\n<\/ul>\n<p class=\"font-claude-response-body break-words whitespace-normal leading-[1.7]\">Die F\u00fchrung ordnet jeden dieser Akteure historisch ein, zeigt Gemeinsamkeiten und Unterschiede ihrer Motive auf und thematisiert die <strong>Risiken und Konsequenzen ihres Handelns<\/strong>. Ziel ist eine differenzierte Auseinandersetzung mit Zivilcourage, Verantwortung und Handlungsspielr\u00e4umen in der Diktatur.<\/p>\n<hr class=\"border-border-200 border-t-0.5 my-3 mx-1.5\" \/>\n<h3 class=\"text-text-100 mt-2 -mb-1 text-base font-bold\">P\u00e4dagogischer Fokus: Ideal f\u00fcr den Geschichtsunterricht<\/h3>\n<p class=\"font-claude-response-body break-words whitespace-normal leading-[1.7]\">Die <strong>Stadtf\u00fchrung \u201eWei\u00dfe Rose M\u00fcnchen&#8221;<\/strong> richtet sich speziell an <strong>Schulklassen<\/strong> und vermittelt Geschichte <strong>anschaulich, altersgerecht und dialogorientiert<\/strong>:<\/p>\n<ul class=\"[li_&amp;]:mb-0 [li_&amp;]:mt-1 [li_&amp;]:gap-1 [&amp;:not(:last-child)_ul]:pb-1 [&amp;:not(:last-child)_ol]:pb-1 list-disc flex flex-col gap-1 pl-8 mb-3\">\n<li class=\"whitespace-normal break-words pl-2\">F\u00f6rderung von <strong>historischem Verst\u00e4ndnis<\/strong><\/li>\n<li class=\"whitespace-normal break-words pl-2\">Auseinandersetzung mit <strong>Zivilcourage, Moral und Verantwortung<\/strong><\/li>\n<li class=\"whitespace-normal break-words pl-2\">Verbindung von lokalen Orten mit \u00fcbergreifenden <strong>Lehrplanthemen<\/strong><\/li>\n<li class=\"whitespace-normal break-words pl-2\">Differenzierter Blick auf <strong>verschiedene Formen des Widerstands<\/strong><\/li>\n<\/ul>\n<p class=\"font-claude-response-body break-words whitespace-normal leading-[1.7]\">Der Mut der Mitglieder der Wei\u00dfen Rose und der vielen anderen Widerstandsk\u00e4mpferinnen und -k\u00e4mpfer zeigt eindr\u00fccklich, dass es Menschen gab, die ihr Leben riskierten \u2013 und oft verloren \u2013, um sich dem Unrechtsstaat entgegenzustellen.<\/p>\n<hr class=\"border-border-200 border-t-0.5 my-3 mx-1.5\" \/>\n<h3 class=\"text-text-100 mt-2 -mb-1 text-base font-bold\">Warum diese F\u00fchrung f\u00fcr Ihre Schulklasse?<\/h3>\n<p class=\"font-claude-response-body break-words whitespace-normal leading-[1.7]\">Die <strong>F\u00fchrung Wei\u00dfe Rose M\u00fcnchen<\/strong> f\u00fchrt in die dunkle Vergangenheit der Stadt \u2013 erz\u00e4hlt aber zugleich von Hoffnung, Gewissen und geistiger Unabh\u00e4ngigkeit. Sie l\u00e4dt zum <strong>Lernen, Verstehen und Erinnern<\/strong> ein \u2013 direkt dort, wo Geschichte passiert ist.<\/p>\n<hr class=\"border-border-200 border-t-0.5 my-3 mx-1.5\" \/>\n<p class=\"font-claude-response-body break-words whitespace-normal leading-[1.7]\"><strong>Die Wei\u00dfe Rose \u2013 Der M\u00fcnchner Widerstand<\/strong> Eine historische Stadtf\u00fchrung f\u00fcr Schulklassen in M\u00fcnchen \u2013 gegen das Vergessen.<\/p>\n<p class=\"font-claude-response-body break-words whitespace-normal leading-[1.7]\"><em>Geeignet f\u00fcr weiterf\u00fchrende Schulen ab Klasse 9<\/em><\/p>\n<hr class=\"border-border-200 border-t-0.5 my-3 mx-1.5\" \/>\n<p class=\"font-claude-response-body break-words whitespace-normal leading-[1.7]\"><em><strong>Dieses Thema interessiert Sie besonders?<\/strong><\/em><\/p>\n<p class=\"font-claude-response-body break-words whitespace-normal leading-[1.7]\">Sie sind Lehrerin oder Lehrer und m\u00f6chten Ihren Sch\u00fclerinnen und Sch\u00fclern den bereits im Unterricht behandelten Stoff vertiefen? Wir bieten Ihnen den <strong>Thementag<\/strong> mit einer Stadtf\u00fchrung durch M\u00fcnchen am Vormittag und einer anschlie\u00dfenden Besichtigung der <a class=\"underline underline underline-offset-2 decoration-1 decoration-current\/40 hover:decoration-current focus:decoration-current\" href=\"https:\/\/www.wunder-der-stadt.com\/tours\/fuehrung-in-die-kz-gedenkstaette-dachau\/\">KZ-Gedenkst\u00e4tte Dachau<\/a> an \u2013 ein unvergesslicher Lerntag f\u00fcr Ihre Klasse.<\/p>\n<h2 class=\"text-text-100 mt-3 -mb-1 text-[1.125rem] font-bold\"><span style=\"font-size: 16px;\"> Klasse.<\/span><\/h2>\n<p>[vc_row][vc_column][vc_btn title=&#8221;ANFRAGE SENDEN&#8221; shape=&#8221;square&#8221; align=&#8221;left&#8221; link=&#8221;url:http%3A%2F%2Fwww.wunder-der-stadt.com%2Fkontakt%2F|||&#8221;]<br \/>\n<!--more--><\/p>\n<table class=\"table table-bordered tours-tabs__table\" style=\"height: 233px;\" width=\"862\">\n<tbody>\n<tr>\n<td><strong>ABFAHRTSORT<\/strong><\/td>\n<td>variabel<\/td>\n<\/tr>\n<tr>\n<td><b>DAUER<\/b><\/td>\n<td><span class=\"s1\">max. 2 Stunden<\/span><\/td>\n<\/tr>\n<tr>\n<td><b>PREIS<\/b><\/td>\n<td>\n<p class=\"p1\"><span class=\"s1\">210,00\u20ac &#8211; inkl. 19% MwSt. Spezial Tarif f\u00fcr Schulklassen<\/span><\/p>\n<\/td>\n<\/tr>\n<tr>\n<td><strong>TEILNEHMERZAHL<\/strong><\/td>\n<td><span class=\"s1\">Schulklasse von max. 30 Sch\u00fcler und Sch\u00fclerinnen\u00a0<\/span><\/td>\n<\/tr>\n<\/tbody>\n<\/table>\n<p>&nbsp;<\/p>\n","protected":false},"excerpt":{"rendered":"<p><strong>Die Wei\u00dfe Rose \u2013 Der M\u00fcnchner Widerstand<\/strong> ist eine historische Stadtf\u00fchrung f\u00fcr <strong>Schulklassen in M\u00fcnchen<\/strong>. Am Originalschauplatz lernen Sch\u00fclerinnen und Sch\u00fcler die Widerstandsgruppe um <strong>Sophie und Hans Scholl<\/strong> kennen und setzen sich mit <strong>Zivilcourage, Verantwortung und Widerstand im Nationalsozialismus<\/strong> auseinander. Die F\u00fchrung ist altersgerecht, dialogorientiert und lehrplanrelevant.<\/p>\n<p><em>Geeignet f\u00fcr weiterf\u00fchrende Schulen\u00a0<\/em><\/p>\n","protected":false},"featured_media":1452,"template":"","meta":[],"product_cat":[103],"product_tag":[77,227,233,232,230],"translation":{"provider":"WPGlobus","version":"3.0.2","language":"en","enabled_languages":["de","en","fr","es"],"languages":{"de":{"title":true,"content":true,"excerpt":true},"en":{"title":false,"content":false,"excerpt":false},"fr":{"title":false,"content":false,"excerpt":false},"es":{"title":false,"content":false,"excerpt":false}}},"yoast_head":"<!-- This site is optimized with the Yoast SEO plugin v22.0 - https:\/\/yoast.com\/wordpress\/plugins\/seo\/ -->\n<title>Wei\u00dfe Rose M\u00fcnchen Schulklassen \u2013 Wunder der Stadt<\/title>\n<meta name=\"robots\" content=\"index, follow, max-snippet:-1, max-image-preview:large, max-video-preview:-1\" \/>\n<link rel=\"canonical\" href=\"https:\/\/www.wunder-der-stadt.com\/tours\/die-weisse-rose-muenchner-widerstand-stadtfuehrung-fuer-schulklassen\/\" \/>\n<meta property=\"og:locale\" content=\"en_US\" \/>\n<meta property=\"og:type\" content=\"article\" \/>\n<meta property=\"og:title\" content=\"F\u00fcr Schulklassen: Die Wei\u00dfe Rose - Der M\u00fcnchner Widerstand - Wunder der Stadt - Stadtf\u00fchrungen in M\u00fcnchen und Oberbayern\" \/>\n<meta property=\"og:url\" content=\"https:\/\/www.wunder-der-stadt.com\/tours\/die-weisse-rose-muenchner-widerstand-stadtfuehrung-fuer-schulklassen\/\" \/>\n<meta property=\"og:site_name\" content=\"Wunder der Stadt - Stadtf\u00fchrungen in M\u00fcnchen und Oberbayern\" \/>\n<meta property=\"article:modified_time\" content=\"2026-03-07T10:42:27+00:00\" \/>\n<meta property=\"og:image\" content=\"https:\/\/www.wunder-der-stadt.com\/wp-content\/uploads\/Weisse_Rose.jpg\" \/>\n\t<meta property=\"og:image:width\" content=\"1400\" \/>\n\t<meta property=\"og:image:height\" content=\"600\" \/>\n\t<meta property=\"og:image:type\" content=\"image\/jpeg\" \/>\n<meta name=\"twitter:card\" content=\"summary_large_image\" \/>\n<meta name=\"twitter:label1\" content=\"Est. reading time\" \/>\n\t<meta name=\"twitter:data1\" content=\"4 minutes\" \/>\n<script type=\"application\/ld+json\" class=\"yoast-schema-graph\">{\"@context\":\"https:\/\/schema.org\",\"@graph\":[{\"@type\":\"WebPage\",\"@id\":\"https:\/\/www.wunder-der-stadt.com\/tours\/die-weisse-rose-muenchner-widerstand-stadtfuehrung-fuer-schulklassen\/\",\"url\":\"https:\/\/www.wunder-der-stadt.com\/tours\/die-weisse-rose-muenchner-widerstand-stadtfuehrung-fuer-schulklassen\/\",\"name\":\"Wei\u00dfe Rose M\u00fcnchen Schulklassen \u2013 Wunder der Stadt\",\"isPartOf\":{\"@id\":\"https:\/\/www.wunder-der-stadt.com\/#website\"},\"datePublished\":\"2024-01-04T17:16:55+00:00\",\"dateModified\":\"2026-03-07T10:42:27+00:00\",\"description\":\"Wei\u00dfe Rose M\u00fcnchen Schulklassen: Widerstand am Originalschauplatz erleben. P\u00e4dagogisch aufbereitet, ideal f\u00fcr den Geschichtsunterricht. Jetzt anfragen!\",\"breadcrumb\":{\"@id\":\"https:\/\/www.wunder-der-stadt.com\/tours\/die-weisse-rose-muenchner-widerstand-stadtfuehrung-fuer-schulklassen\/#breadcrumb\"},\"inLanguage\":\"en-US\",\"potentialAction\":[{\"@type\":\"ReadAction\",\"target\":[\"https:\/\/www.wunder-der-stadt.com\/tours\/die-weisse-rose-muenchner-widerstand-stadtfuehrung-fuer-schulklassen\/\"]}]},{\"@type\":\"BreadcrumbList\",\"@id\":\"https:\/\/www.wunder-der-stadt.com\/tours\/die-weisse-rose-muenchner-widerstand-stadtfuehrung-fuer-schulklassen\/#breadcrumb\",\"itemListElement\":[{\"@type\":\"ListItem\",\"position\":1,\"name\":\"Startseite\",\"item\":\"https:\/\/www.wunder-der-stadt.com\/\"},{\"@type\":\"ListItem\",\"position\":2,\"name\":\"Produkte\",\"item\":\"https:\/\/www.wunder-der-stadt.com\/shop\/\"},{\"@type\":\"ListItem\",\"position\":3,\"name\":\"F\u00fcr Schulklassen: Die Wei\u00dfe Rose &#8211; Der M\u00fcnchner Widerstand\"}]},{\"@type\":\"WebSite\",\"@id\":\"https:\/\/www.wunder-der-stadt.com\/#website\",\"url\":\"https:\/\/www.wunder-der-stadt.com\/\",\"name\":\"{:de}Wunder der Stadt - Stadtf\u00fchrungen in M\u00fcnchen und Oberbayern{:}{:fr}Wunder der Stadt - Visites guid\u00e9es \u00e0 Munich et en Bavi\u00e8re{:}\",\"description\":\"Ihre Agentur f\u00fcr Incomingreisen, Gesch\u00e4ftreisen, Stadtf\u00fchrungen und Privatreisen in M\u00fcnchen und Bayern\",\"publisher\":{\"@id\":\"https:\/\/www.wunder-der-stadt.com\/#\/schema\/person\/7ac5370c8e8a38b0625e279f3af2d701\"},\"potentialAction\":[{\"@type\":\"SearchAction\",\"target\":{\"@type\":\"EntryPoint\",\"urlTemplate\":\"https:\/\/www.wunder-der-stadt.com\/?s={search_term_string}\"},\"query-input\":\"required name=search_term_string\"}],\"inLanguage\":\"en-US\"},{\"@type\":[\"Person\",\"Organization\"],\"@id\":\"https:\/\/www.wunder-der-stadt.com\/#\/schema\/person\/7ac5370c8e8a38b0625e279f3af2d701\",\"name\":\"Admin\",\"logo\":{\"@id\":\"https:\/\/www.wunder-der-stadt.com\/#\/schema\/person\/image\/\"}}]}<\/script>\n<!-- \/ Yoast SEO plugin. -->","yoast_head_json":{"title":"Wei\u00dfe Rose M\u00fcnchen Schulklassen \u2013 Wunder der Stadt","robots":{"index":"index","follow":"follow","max-snippet":"max-snippet:-1","max-image-preview":"max-image-preview:large","max-video-preview":"max-video-preview:-1"},"canonical":"https:\/\/www.wunder-der-stadt.com\/tours\/die-weisse-rose-muenchner-widerstand-stadtfuehrung-fuer-schulklassen\/","og_locale":"en_US","og_type":"article","og_title":"F\u00fcr Schulklassen: Die Wei\u00dfe Rose - Der M\u00fcnchner Widerstand - Wunder der Stadt - Stadtf\u00fchrungen in M\u00fcnchen und Oberbayern","og_url":"https:\/\/www.wunder-der-stadt.com\/tours\/die-weisse-rose-muenchner-widerstand-stadtfuehrung-fuer-schulklassen\/","og_site_name":"Wunder der Stadt - Stadtf\u00fchrungen in M\u00fcnchen und Oberbayern","article_modified_time":"2026-03-07T10:42:27+00:00","og_image":[{"width":1400,"height":600,"url":"https:\/\/www.wunder-der-stadt.com\/wp-content\/uploads\/Weisse_Rose.jpg","type":"image\/jpeg"}],"twitter_card":"summary_large_image","twitter_misc":{"Est. reading time":"4 minutes"},"schema":{"@context":"https:\/\/schema.org","@graph":[{"@type":"WebPage","@id":"https:\/\/www.wunder-der-stadt.com\/tours\/die-weisse-rose-muenchner-widerstand-stadtfuehrung-fuer-schulklassen\/","url":"https:\/\/www.wunder-der-stadt.com\/tours\/die-weisse-rose-muenchner-widerstand-stadtfuehrung-fuer-schulklassen\/","name":"Wei\u00dfe Rose M\u00fcnchen Schulklassen \u2013 Wunder der Stadt","isPartOf":{"@id":"https:\/\/www.wunder-der-stadt.com\/#website"},"datePublished":"2024-01-04T17:16:55+00:00","dateModified":"2026-03-07T10:42:27+00:00","description":"Wei\u00dfe Rose M\u00fcnchen Schulklassen: Widerstand am Originalschauplatz erleben. P\u00e4dagogisch aufbereitet, ideal f\u00fcr den Geschichtsunterricht. Jetzt anfragen!","breadcrumb":{"@id":"https:\/\/www.wunder-der-stadt.com\/tours\/die-weisse-rose-muenchner-widerstand-stadtfuehrung-fuer-schulklassen\/#breadcrumb"},"inLanguage":"en-US","potentialAction":[{"@type":"ReadAction","target":["https:\/\/www.wunder-der-stadt.com\/tours\/die-weisse-rose-muenchner-widerstand-stadtfuehrung-fuer-schulklassen\/"]}]},{"@type":"BreadcrumbList","@id":"https:\/\/www.wunder-der-stadt.com\/tours\/die-weisse-rose-muenchner-widerstand-stadtfuehrung-fuer-schulklassen\/#breadcrumb","itemListElement":[{"@type":"ListItem","position":1,"name":"Startseite","item":"https:\/\/www.wunder-der-stadt.com\/"},{"@type":"ListItem","position":2,"name":"Produkte","item":"https:\/\/www.wunder-der-stadt.com\/shop\/"},{"@type":"ListItem","position":3,"name":"F\u00fcr Schulklassen: Die Wei\u00dfe Rose &#8211; Der M\u00fcnchner Widerstand"}]},{"@type":"WebSite","@id":"https:\/\/www.wunder-der-stadt.com\/#website","url":"https:\/\/www.wunder-der-stadt.com\/","name":"{:de}Wunder der Stadt - Stadtf\u00fchrungen in M\u00fcnchen und Oberbayern{:}{:fr}Wunder der Stadt - Visites guid\u00e9es \u00e0 Munich et en Bavi\u00e8re{:}","description":"Ihre Agentur f\u00fcr Incomingreisen, Gesch\u00e4ftreisen, Stadtf\u00fchrungen und Privatreisen in M\u00fcnchen und Bayern","publisher":{"@id":"https:\/\/www.wunder-der-stadt.com\/#\/schema\/person\/7ac5370c8e8a38b0625e279f3af2d701"},"potentialAction":[{"@type":"SearchAction","target":{"@type":"EntryPoint","urlTemplate":"https:\/\/www.wunder-der-stadt.com\/?s={search_term_string}"},"query-input":"required name=search_term_string"}],"inLanguage":"en-US"},{"@type":["Person","Organization"],"@id":"https:\/\/www.wunder-der-stadt.com\/#\/schema\/person\/7ac5370c8e8a38b0625e279f3af2d701","name":"Admin","logo":{"@id":"https:\/\/www.wunder-der-stadt.com\/#\/schema\/person\/image\/"}}]}},"_links":{"self":[{"href":"https:\/\/www.wunder-der-stadt.com\/en\/wp-json\/wp\/v2\/product\/2525"}],"collection":[{"href":"https:\/\/www.wunder-der-stadt.com\/en\/wp-json\/wp\/v2\/product"}],"about":[{"href":"https:\/\/www.wunder-der-stadt.com\/en\/wp-json\/wp\/v2\/types\/product"}],"wp:featuredmedia":[{"embeddable":true,"href":"https:\/\/www.wunder-der-stadt.com\/en\/wp-json\/wp\/v2\/media\/1452"}],"wp:attachment":[{"href":"https:\/\/www.wunder-der-stadt.com\/en\/wp-json\/wp\/v2\/media?parent=2525"}],"wp:term":[{"taxonomy":"product_cat","embeddable":true,"href":"https:\/\/www.wunder-der-stadt.com\/en\/wp-json\/wp\/v2\/product_cat?post=2525"},{"taxonomy":"product_tag","embeddable":true,"href":"https:\/\/www.wunder-der-stadt.com\/en\/wp-json\/wp\/v2\/product_tag?post=2525"}],"curies":[{"name":"wp","href":"https:\/\/api.w.org\/{rel}","templated":true}]}}