{"id":1272,"date":"2017-11-23T20:58:10","date_gmt":"2017-11-23T19:58:10","guid":{"rendered":"http:\/\/www.wunder-der-stadt.com\/?page_id=1272"},"modified":"2024-01-04T19:11:50","modified_gmt":"2024-01-04T18:11:50","slug":"stadtfuehrungen-in-muenchen-fuer-geschaeftsreisen","status":"publish","type":"page","link":"https:\/\/www.wunder-der-stadt.com\/es\/stadtfuehrungen-in-muenchen-fuer-geschaeftsreisen\/","title":{"rendered":"Stadtf\u00fchrungen in M\u00fcnchen f\u00fcr Gesch\u00e4ftsreisen"},"content":{"rendered":"<p>[vc_row][vc_column][vc_column_text]<img loading=\"lazy\" decoding=\"async\" class=\"alignright wp-image-1616 size-large\" src=\"https:\/\/www.wunder-der-stadt.com\/wp-content\/uploads\/weisswurst-2577747_1920-1024x576.jpg\" alt=\"Gesch\u00e4ftsreisen M\u00fcnchen\" width=\"748\" height=\"421\" srcset=\"https:\/\/www.wunder-der-stadt.com\/wp-content\/uploads\/weisswurst-2577747_1920-1024x576.jpg 1024w, https:\/\/www.wunder-der-stadt.com\/wp-content\/uploads\/weisswurst-2577747_1920-600x338.jpg 600w, https:\/\/www.wunder-der-stadt.com\/wp-content\/uploads\/weisswurst-2577747_1920-300x169.jpg 300w, https:\/\/www.wunder-der-stadt.com\/wp-content\/uploads\/weisswurst-2577747_1920-768x432.jpg 768w, https:\/\/www.wunder-der-stadt.com\/wp-content\/uploads\/weisswurst-2577747_1920.jpg 1920w\" sizes=\"(max-width: 748px) 100vw, 748px\" \/><\/p>\n<p>Die besten Gesch\u00e4fte macht man in harmonischer Atmosph\u00e4re, die f\u00fcr die Position des Anderen sensibilisiert und in der man das gegenseitige Verst\u00e4ndnis mehrt.<\/p>\n<p>Ein kulturell anregender Rahmen um einen wichtigen Gesch\u00e4ftstermin, der Unterhaltung bietet und eine kurze Auszeit zum Durchatmen, f\u00f6rdert solch eine Stimmung.<\/p>\n<p><strong>Wir bieten Ihnen die Chance, Business und St\u00e4dtebesichtigung zu verbinden.<\/strong> Gemeinsam mit Ihren Kunden, Gesch\u00e4ftspartnern und Mitarbeitern erleben Sie was Au\u00dfergew\u00f6hnliches: die sch\u00f6nsten M\u00fcnchner Sehensw\u00fcrdigkeiten.<\/p>\n<p>Dabei k\u00f6nnen Sie die Stadt zu Fu\u00df erschlie\u00dfen, eine Tour per Fahrrad unternehmen oder auch die M\u00fcnchner Ecken bequem auf einem Segway entdecken.<\/p>\n<p>Nat\u00fcrlich zeigen wir Ihnen und Ihren Gesch\u00e4ftspartnern auch die Stadt auf einer Bus-Rundfahrt. Sie erleben gemeinsam Werksbesichtigungen und besuchen in einer Gruppe die M\u00fcnchner Museen, die zweifellos zur Weltklasse z\u00e4hlen. Wenn Sie einen Blick \u00fcber die D\u00e4cher des Olympiastadions werfen, bekommen Sie G\u00e4nsehaut \u2013 garantiert. Alternativ begleiten wir Sie bei einer Shopping-Tour durch die sehenswertesten Boutiquen an der Maximilianstra\u00dfen.<\/p>\n<p><strong>Vielleicht haben Sie sich gefragt: Wie kann ich meinen Partnern oder Mitarbeitern mal eine besondere Weihnachtsfeier anbieten?<\/strong><\/p>\n<p>Wir haben die Antwort \u2013 mit einer f\u00fcr Sie ma\u00dfgeschneiderten Gesch\u00e4ftsreise durch M\u00fcnchen! Wir planen und organisieren alle einzelnen Besichtigungs-Stationen, wir \u00fcbernehmen gerne die Reservierungen und Buchungen von Hotels und Restaurants. Auf Wunsch besorgen wir f\u00fcr Sie einen Shuttleservice und Chauffeure. Eine exklusive Betreuung stellen wir Ihnen selbstverst\u00e4ndlich w\u00e4hrend Ihres M\u00fcnchen-Besuches zur Seite.<\/p>\n<p>Weitere Details kl\u00e4ren wir gerne mit Ihnen pers\u00f6nlich \u2013 bitte setzen Sie sich dazu mit uns in Kontakt.[\/vc_column_text][vc_empty_space height=&#8221;10px&#8221;][\/vc_column][\/vc_row][vc_row][vc_column][vc_btn title=&#8221;ANFRAGE SENDEN&#8221; shape=&#8221;square&#8221; align=&#8221;center&#8221; link=&#8221;url:http%3A%2F%2Fwww.wunder-der-stadt.com%2Fkontakt%2F|||&#8221;][\/vc_column][\/vc_row]<\/p>\n","protected":false},"excerpt":{"rendered":"<p>[vc_row][vc_column][vc_column_text] Die besten Gesch\u00e4fte macht man in harmonischer Atmosph\u00e4re, die f\u00fcr die Position des Anderen sensibilisiert und in der man das gegenseitige Verst\u00e4ndnis mehrt. Ein kulturell anregender Rahmen um einen wichtigen Gesch\u00e4ftstermin, der Unterhaltung bietet und eine kurze Auszeit zum Durchatmen, f\u00f6rdert solch eine Stimmung. Wir bieten Ihnen die Chance, Business und St\u00e4dtebesichtigung zu verbinden.<\/p>\n<div class=\"padding-top text-center\"><a href=\"https:\/\/www.wunder-der-stadt.com\/es\/stadtfuehrungen-in-muenchen-fuer-geschaeftsreisen\/\" class=\"atbtn atbtn--medium atbtn--rounded atbtn--transparent\">Weiterlesen<i class=\"atbtn__icon atbtn__icon--right fa fa-long-arrow-right\"><\/i><\/a><\/div>\n","protected":false},"author":1,"featured_media":0,"parent":0,"menu_order":0,"comment_status":"closed","ping_status":"closed","template":"","meta":{"footnotes":""},"translation":{"provider":"WPGlobus","version":"3.0.2","language":"es","enabled_languages":["de","en","fr","es"],"languages":{"de":{"title":true,"content":true,"excerpt":false},"en":{"title":true,"content":true,"excerpt":false},"fr":{"title":true,"content":true,"excerpt":false},"es":{"title":false,"content":false,"excerpt":false}}},"yoast_head":"<!-- This site is optimized with the Yoast SEO plugin v22.0 - https:\/\/yoast.com\/wordpress\/plugins\/seo\/ -->\n<title>Guided city tours in Munich for business trips<\/title>\n<meta name=\"robots\" content=\"index, follow, max-snippet:-1, max-image-preview:large, max-video-preview:-1\" \/>\n<link rel=\"canonical\" href=\"https:\/\/www.wunder-der-stadt.com\/stadtfuehrungen-in-muenchen-fuer-geschaeftsreisen\/\" \/>\n<meta property=\"og:locale\" content=\"es_ES\" \/>\n<meta property=\"og:type\" content=\"article\" \/>\n<meta property=\"og:title\" content=\"- Wunder der Stadt - Stadtf\u00fchrungen in M\u00fcnchen und Oberbayern\" \/>\n<meta property=\"og:url\" content=\"https:\/\/www.wunder-der-stadt.com\/stadtfuehrungen-in-muenchen-fuer-geschaeftsreisen\/\" \/>\n<meta property=\"og:site_name\" content=\"Wunder der Stadt - Stadtf\u00fchrungen in M\u00fcnchen und Oberbayern\" \/>\n<meta property=\"article:modified_time\" content=\"2024-01-04T18:11:50+00:00\" \/>\n<meta property=\"og:image\" content=\"https:\/\/www.wunder-der-stadt.com\/wp-content\/uploads\/weisswurst-2577747_1920-1024x576.jpg\" \/>\n<meta name=\"twitter:card\" content=\"summary_large_image\" \/>\n<meta name=\"twitter:label1\" content=\"Est. reading time\" \/>\n\t<meta name=\"twitter:data1\" content=\"2 minutes\" \/>\n<script type=\"application\/ld+json\" class=\"yoast-schema-graph\">{\"@context\":\"https:\/\/schema.org\",\"@graph\":[{\"@type\":\"WebPage\",\"@id\":\"https:\/\/www.wunder-der-stadt.com\/stadtfuehrungen-in-muenchen-fuer-geschaeftsreisen\/\",\"url\":\"https:\/\/www.wunder-der-stadt.com\/stadtfuehrungen-in-muenchen-fuer-geschaeftsreisen\/\",\"name\":\"Guided city tours in Munich for business trips\",\"isPartOf\":{\"@id\":\"https:\/\/www.wunder-der-stadt.com\/#website\"},\"datePublished\":\"2017-11-23T19:58:10+00:00\",\"dateModified\":\"2024-01-04T18:11:50+00:00\",\"description\":\"Guided city tours in Munich for business trips with Wunder der Stadt by Val\u00e9rie Kieffer\",\"breadcrumb\":{\"@id\":\"https:\/\/www.wunder-der-stadt.com\/stadtfuehrungen-in-muenchen-fuer-geschaeftsreisen\/#breadcrumb\"},\"inLanguage\":\"es-ES\",\"potentialAction\":[{\"@type\":\"ReadAction\",\"target\":[\"https:\/\/www.wunder-der-stadt.com\/stadtfuehrungen-in-muenchen-fuer-geschaeftsreisen\/\"]}]},{\"@type\":\"BreadcrumbList\",\"@id\":\"https:\/\/www.wunder-der-stadt.com\/stadtfuehrungen-in-muenchen-fuer-geschaeftsreisen\/#breadcrumb\",\"itemListElement\":[{\"@type\":\"ListItem\",\"position\":1,\"name\":\"Startseite\",\"item\":\"https:\/\/www.wunder-der-stadt.com\/\"},{\"@type\":\"ListItem\",\"position\":2,\"name\":\"Stadtf\u00fchrungen in M\u00fcnchen f\u00fcr Gesch\u00e4ftsreisen\"}]},{\"@type\":\"WebSite\",\"@id\":\"https:\/\/www.wunder-der-stadt.com\/#website\",\"url\":\"https:\/\/www.wunder-der-stadt.com\/\",\"name\":\"{:de}Wunder der Stadt - Stadtf\u00fchrungen in M\u00fcnchen und Oberbayern{:}{:fr}Wunder der Stadt - Visites guid\u00e9es \u00e0 Munich et en Bavi\u00e8re{:}\",\"description\":\"Ihre Agentur f\u00fcr Incomingreisen, Gesch\u00e4ftreisen, Stadtf\u00fchrungen und Privatreisen in M\u00fcnchen und Bayern\",\"publisher\":{\"@id\":\"https:\/\/www.wunder-der-stadt.com\/#\/schema\/person\/7ac5370c8e8a38b0625e279f3af2d701\"},\"potentialAction\":[{\"@type\":\"SearchAction\",\"target\":{\"@type\":\"EntryPoint\",\"urlTemplate\":\"https:\/\/www.wunder-der-stadt.com\/?s={search_term_string}\"},\"query-input\":\"required name=search_term_string\"}],\"inLanguage\":\"es-ES\"},{\"@type\":[\"Person\",\"Organization\"],\"@id\":\"https:\/\/www.wunder-der-stadt.com\/#\/schema\/person\/7ac5370c8e8a38b0625e279f3af2d701\",\"name\":\"Admin\",\"logo\":{\"@id\":\"https:\/\/www.wunder-der-stadt.com\/#\/schema\/person\/image\/\"}}]}<\/script>\n<!-- \/ Yoast SEO plugin. -->","yoast_head_json":{"title":"Guided city tours in Munich for business trips","robots":{"index":"index","follow":"follow","max-snippet":"max-snippet:-1","max-image-preview":"max-image-preview:large","max-video-preview":"max-video-preview:-1"},"canonical":"https:\/\/www.wunder-der-stadt.com\/stadtfuehrungen-in-muenchen-fuer-geschaeftsreisen\/","og_locale":"es_ES","og_type":"article","og_title":"- Wunder der Stadt - Stadtf\u00fchrungen in M\u00fcnchen und Oberbayern","og_url":"https:\/\/www.wunder-der-stadt.com\/stadtfuehrungen-in-muenchen-fuer-geschaeftsreisen\/","og_site_name":"Wunder der Stadt - Stadtf\u00fchrungen in M\u00fcnchen und Oberbayern","article_modified_time":"2024-01-04T18:11:50+00:00","og_image":[{"url":"https:\/\/www.wunder-der-stadt.com\/wp-content\/uploads\/weisswurst-2577747_1920-1024x576.jpg"}],"twitter_card":"summary_large_image","twitter_misc":{"Est. reading time":"2 minutes"},"schema":{"@context":"https:\/\/schema.org","@graph":[{"@type":"WebPage","@id":"https:\/\/www.wunder-der-stadt.com\/stadtfuehrungen-in-muenchen-fuer-geschaeftsreisen\/","url":"https:\/\/www.wunder-der-stadt.com\/stadtfuehrungen-in-muenchen-fuer-geschaeftsreisen\/","name":"Guided city tours in Munich for business trips","isPartOf":{"@id":"https:\/\/www.wunder-der-stadt.com\/#website"},"datePublished":"2017-11-23T19:58:10+00:00","dateModified":"2024-01-04T18:11:50+00:00","description":"Guided city tours in Munich for business trips with Wunder der Stadt by Val\u00e9rie Kieffer","breadcrumb":{"@id":"https:\/\/www.wunder-der-stadt.com\/stadtfuehrungen-in-muenchen-fuer-geschaeftsreisen\/#breadcrumb"},"inLanguage":"es-ES","potentialAction":[{"@type":"ReadAction","target":["https:\/\/www.wunder-der-stadt.com\/stadtfuehrungen-in-muenchen-fuer-geschaeftsreisen\/"]}]},{"@type":"BreadcrumbList","@id":"https:\/\/www.wunder-der-stadt.com\/stadtfuehrungen-in-muenchen-fuer-geschaeftsreisen\/#breadcrumb","itemListElement":[{"@type":"ListItem","position":1,"name":"Startseite","item":"https:\/\/www.wunder-der-stadt.com\/"},{"@type":"ListItem","position":2,"name":"Stadtf\u00fchrungen in M\u00fcnchen f\u00fcr Gesch\u00e4ftsreisen"}]},{"@type":"WebSite","@id":"https:\/\/www.wunder-der-stadt.com\/#website","url":"https:\/\/www.wunder-der-stadt.com\/","name":"{:de}Wunder der Stadt - Stadtf\u00fchrungen in M\u00fcnchen und Oberbayern{:}{:fr}Wunder der Stadt - Visites guid\u00e9es \u00e0 Munich et en Bavi\u00e8re{:}","description":"Ihre Agentur f\u00fcr Incomingreisen, Gesch\u00e4ftreisen, Stadtf\u00fchrungen und Privatreisen in M\u00fcnchen und Bayern","publisher":{"@id":"https:\/\/www.wunder-der-stadt.com\/#\/schema\/person\/7ac5370c8e8a38b0625e279f3af2d701"},"potentialAction":[{"@type":"SearchAction","target":{"@type":"EntryPoint","urlTemplate":"https:\/\/www.wunder-der-stadt.com\/?s={search_term_string}"},"query-input":"required name=search_term_string"}],"inLanguage":"es-ES"},{"@type":["Person","Organization"],"@id":"https:\/\/www.wunder-der-stadt.com\/#\/schema\/person\/7ac5370c8e8a38b0625e279f3af2d701","name":"Admin","logo":{"@id":"https:\/\/www.wunder-der-stadt.com\/#\/schema\/person\/image\/"}}]}},"_links":{"self":[{"href":"https:\/\/www.wunder-der-stadt.com\/es\/wp-json\/wp\/v2\/pages\/1272"}],"collection":[{"href":"https:\/\/www.wunder-der-stadt.com\/es\/wp-json\/wp\/v2\/pages"}],"about":[{"href":"https:\/\/www.wunder-der-stadt.com\/es\/wp-json\/wp\/v2\/types\/page"}],"author":[{"embeddable":true,"href":"https:\/\/www.wunder-der-stadt.com\/es\/wp-json\/wp\/v2\/users\/1"}],"replies":[{"embeddable":true,"href":"https:\/\/www.wunder-der-stadt.com\/es\/wp-json\/wp\/v2\/comments?post=1272"}],"version-history":[{"count":19,"href":"https:\/\/www.wunder-der-stadt.com\/es\/wp-json\/wp\/v2\/pages\/1272\/revisions"}],"predecessor-version":[{"id":2533,"href":"https:\/\/www.wunder-der-stadt.com\/es\/wp-json\/wp\/v2\/pages\/1272\/revisions\/2533"}],"wp:attachment":[{"href":"https:\/\/www.wunder-der-stadt.com\/es\/wp-json\/wp\/v2\/media?parent=1272"}],"curies":[{"name":"wp","href":"https:\/\/api.w.org\/{rel}","templated":true}]}}