{"id":1330,"date":"2017-12-18T13:02:48","date_gmt":"2017-12-18T12:02:48","guid":{"rendered":"http:\/\/www.wunder-der-stadt.com\/?page_id=1330"},"modified":"2022-01-05T18:42:46","modified_gmt":"2022-01-05T17:42:46","slug":"visites-guidees-munich-baviere-valerie-kieffer-wunder-der-stadt","status":"publish","type":"page","link":"https:\/\/www.wunder-der-stadt.com\/es\/visites-guidees-munich-baviere-valerie-kieffer-wunder-der-stadt\/","title":{"rendered":"Val\u00e9rie Kieffer &#8211; About"},"content":{"rendered":"<p>[vc_row][vc_column width=&#8221;1\/4&#8243;][vc_column_text]<img loading=\"lazy\" decoding=\"async\" class=\"alignnone wp-image-1646 size-large\" src=\"https:\/\/www.wunder-der-stadt.com\/wp-content\/uploads\/Vale\u0301rie-1024x683.jpg\" alt=\"Val\u00e9rie Kieffer\" width=\"748\" height=\"499\" srcset=\"https:\/\/www.wunder-der-stadt.com\/wp-content\/uploads\/Vale\u0301rie.jpg 1024w, https:\/\/www.wunder-der-stadt.com\/wp-content\/uploads\/Vale\u0301rie-531x354.jpg 531w, https:\/\/www.wunder-der-stadt.com\/wp-content\/uploads\/Vale\u0301rie-180x120.jpg 180w, https:\/\/www.wunder-der-stadt.com\/wp-content\/uploads\/Vale\u0301rie-600x400.jpg 600w, https:\/\/www.wunder-der-stadt.com\/wp-content\/uploads\/Vale\u0301rie-300x200.jpg 300w, https:\/\/www.wunder-der-stadt.com\/wp-content\/uploads\/Vale\u0301rie-768x512.jpg 768w\" sizes=\"(max-width: 748px) 100vw, 748px\" \/><\/p>\n<p>[\/vc_column_text][\/vc_column][vc_column width=&#8221;3\/4&#8243;][vc_column_text]<\/p>\n<h3>Val\u00e9rie Kieffer<\/h3>\n<ul>\n<li><img loading=\"lazy\" decoding=\"async\" class=\"wp-image-1697 size-full alignright\" src=\"https:\/\/www.wunder-der-stadt.com\/wp-content\/uploads\/BVGD.jpg\" alt=\"BVGD\" width=\"117\" height=\"106\" \/>Offizielle G\u00e4stef\u00fchrerin der Landeshauptstadt M\u00fcnchen &#8211;\u00a0<a href=\"http:\/\/www.muenchen.de\/\">www.muenchen.de<\/a><\/li>\n<li>Referentin der KZ-Gedenkst\u00e4tte Dachau<\/li>\n<li>Mitglied des G\u00e4stef\u00fchrerverein M\u00fcnchens &#8211;\u00a0<a href=\"http:\/\/mgv-muenchen.de\/\">http:\/\/mgv-muenchen.de<\/a><\/li>\n<li>Mitglied im Bundesverband der G\u00e4stef\u00fchrer in Deutschland e.V. &#8211;\u00a0<a href=\"http:\/\/www.bvgd.org\/\">www.bvgd.org<\/a><\/li>\n<\/ul>\n<p>[\/vc_column_text][\/vc_column][\/vc_row][vc_row][vc_column][vc_column_text]Nach meinem Touristikstudium in Paris (Frankreich) habe ich mehrere Jahre in London (England) und Madrid (Spanien) gelebt und gearbeitet. Als Reiseleiterin zeigte ich dort meinen G\u00e4sten Flamenco-Shows und britische Pubs.<\/p>\n<p>Vor 30 Jahren f\u00fchrte mich die Liebe nach Deutschland. Ich arbeitete zun\u00e4chst in der Medienbranche, in leitenden Positionen eines internationalen Unternehmens im Kommunikationsbereich.<\/p>\n<p>Kultur, Kunst und Geschichte \u2013 das alles hat mich in all der Zeit nie losgelassen. Nach der Geburt meiner zwei Kinder griff ich diese Leidenschaft wieder auf und gr\u00fcndete WUNDER DER STADT, meine Agentur f\u00fcr Stadtf\u00fchrungen in M\u00fcnchen und Bayern.<\/p>\n<p>Jetzt erkl\u00e4re ich meinen G\u00e4sten die Bayerische Kultur und teile mit ihnen die Leidenschaft f\u00fcr meine Wahlheimat M\u00fcnchen.<\/p>\n<p>Meine Touren biete ich in deutscher, franz\u00f6sischer, spanischer und englischer Sprache an.<\/p>\n<h2>Mein Tour-Tipp f\u00fcr jeden Erstbesuch in M\u00fcnchen:<\/h2>\n<p>[\/vc_column_text]\n<div class=\"atlist\">\n\t\t<div class=\"atlist__item margin-bottom\">\n\t\t<div class=\"atlist__item__image\">\n\t\t<a class=\"atlist__item__image-wrap\" href=\"https:\/\/www.wunder-der-stadt.com\/es\/tours\/stadtrundfahrt-rundgang-durch-die-altstadt\/\"><img loading=\"lazy\" decoding=\"async\" width=\"720\" height=\"600\" src=\"https:\/\/www.wunder-der-stadt.com\/wp-content\/uploads\/Banner_Muenchner-Hofbraeuhaus-Foto-Friedrich-Mueller-720x600.jpg\" class=\"attachment-thumb_tour_box size-thumb_tour_box wp-post-image\" alt=\"M\u00fcnchener Hofbr\u00e4uhaus\" \/><\/a>\t\t\t\t\t\t<\/div>\n\t\t<div class=\"atlist__item__content atlist__item__content--full-height\">\n\t\t\t<div class=\"atlist__item__content__items\">\n\t\t\t\t<div class=\"atlist__item__content__item\">\n\t\t\t\t\t<h2 class=\"atlist__item__title\"><a href=\"https:\/\/www.wunder-der-stadt.com\/es\/tours\/stadtrundfahrt-rundgang-durch-die-altstadt\/\">Stadtrundfahrt &amp; Rundgang durch die Altstadt<\/a><\/h2>\n\t\t\t\t\t\t\t\t\t\t\t<div class=\"atlist__item__description\">Diese Busrundfahrt und Rundgang f\u00fchren Sie an die wichtigsten Pl\u00e4tze in und um M\u00fcnchen herum. Sie besuchen den K\u00f6nigsplatz, das<\/div>\n\t\t\t\t\t\t\t\t\t<\/div>\n\t\t\t\t<div class=\"atlist__item__content__item atlist__item__content__item--alternative\">\n\t\t\t\t\t\t\t\t\t\t<div class=\"atlist__item__price\"><a href=\"https:\/\/www.wunder-der-stadt.com\/es\/tours\/stadtrundfahrt-rundgang-durch-die-altstadt\/\"><span class=\"woocommerce-Price-amount amount\"><bdi>240,00&nbsp;<span class=\"woocommerce-Price-currencySymbol\">&euro;<\/span><\/bdi><\/span><\/a><\/div>\t\t\t\t\t<div class=\"atlist__item__price-label\">per person<\/div>\t\t\t\t\t<div class=\"atlist__item__read-more\"><a href=\"https:\/\/www.wunder-der-stadt.com\/es\/tours\/stadtrundfahrt-rundgang-durch-die-altstadt\/\" class=\"atbtn atbtn--small atbtn--rounded atbtn--light\">view tour<\/a><\/div>\n\t\t\t\t<\/div>\n\t\t\t<\/div>\n\t\t\t\t\t<\/div>\n\t<\/div>\n<\/div>[\/vc_column][\/vc_row]<\/p>\n","protected":false},"excerpt":{"rendered":"<p>[vc_row][vc_column width=&#8221;1\/4&#8243;][vc_column_text] [\/vc_column_text][\/vc_column][vc_column width=&#8221;3\/4&#8243;][vc_column_text] Val\u00e9rie Kieffer Offizielle G\u00e4stef\u00fchrerin der Landeshauptstadt M\u00fcnchen &#8211;\u00a0www.muenchen.de Referentin der KZ-Gedenkst\u00e4tte Dachau Mitglied des G\u00e4stef\u00fchrerverein M\u00fcnchens &#8211;\u00a0http:\/\/mgv-muenchen.de Mitglied im Bundesverband der G\u00e4stef\u00fchrer in Deutschland e.V. &#8211;\u00a0www.bvgd.org [\/vc_column_text][\/vc_column][\/vc_row][vc_row][vc_column][vc_column_text]Nach meinem Touristikstudium in Paris (Frankreich) habe ich mehrere Jahre in London (England) und Madrid (Spanien) gelebt und gearbeitet. Als Reiseleiterin zeigte ich dort meinen<\/p>\n<div class=\"padding-top text-center\"><a href=\"https:\/\/www.wunder-der-stadt.com\/es\/tours\/stadtrundfahrt-rundgang-durch-die-altstadt\/\" class=\"atbtn atbtn--medium atbtn--rounded atbtn--transparent\">Weiterlesen<i class=\"atbtn__icon atbtn__icon--right fa fa-long-arrow-right\"><\/i><\/a><\/div>\n","protected":false},"author":1,"featured_media":0,"parent":0,"menu_order":0,"comment_status":"closed","ping_status":"closed","template":"","meta":{"footnotes":""},"translation":{"provider":"WPGlobus","version":"3.0.2","language":"es","enabled_languages":["de","en","fr","es"],"languages":{"de":{"title":true,"content":true,"excerpt":false},"en":{"title":false,"content":true,"excerpt":false},"fr":{"title":true,"content":true,"excerpt":false},"es":{"title":false,"content":false,"excerpt":false}}},"yoast_head":"<!-- This site is optimized with the Yoast SEO plugin v22.0 - https:\/\/yoast.com\/wordpress\/plugins\/seo\/ -->\n<title>Val\u00e9rie Kieffer - Wunder der Stadt - Stadtf\u00fchrungen in M\u00fcnchen<\/title>\n<meta name=\"robots\" content=\"index, follow, max-snippet:-1, max-image-preview:large, max-video-preview:-1\" \/>\n<link rel=\"canonical\" href=\"https:\/\/www.wunder-der-stadt.com\/visites-guidees-munich-baviere-valerie-kieffer-wunder-der-stadt\/\" \/>\n<meta property=\"og:locale\" content=\"es_ES\" \/>\n<meta property=\"og:type\" content=\"article\" \/>\n<meta property=\"og:title\" content=\"Val\u00e9rie Kieffer - Wunder der Stadt - Stadtf\u00fchrungen in M\u00fcnchen\" \/>\n<meta property=\"og:url\" content=\"https:\/\/www.wunder-der-stadt.com\/visites-guidees-munich-baviere-valerie-kieffer-wunder-der-stadt\/\" \/>\n<meta property=\"og:site_name\" content=\"Wunder der Stadt - Stadtf\u00fchrungen in M\u00fcnchen und Oberbayern\" \/>\n<meta property=\"article:modified_time\" content=\"2022-01-05T17:42:46+00:00\" \/>\n<meta property=\"og:image\" content=\"https:\/\/www.wunder-der-stadt.com\/wp-content\/uploads\/Vale\u0301rie-1024x683.jpg\" \/>\n<meta name=\"twitter:card\" content=\"summary_large_image\" \/>\n<meta name=\"twitter:label1\" content=\"Est. reading time\" \/>\n\t<meta name=\"twitter:data1\" content=\"2 minutes\" \/>\n<script type=\"application\/ld+json\" class=\"yoast-schema-graph\">{\"@context\":\"https:\/\/schema.org\",\"@graph\":[{\"@type\":\"WebPage\",\"@id\":\"https:\/\/www.wunder-der-stadt.com\/visites-guidees-munich-baviere-valerie-kieffer-wunder-der-stadt\/\",\"url\":\"https:\/\/www.wunder-der-stadt.com\/visites-guidees-munich-baviere-valerie-kieffer-wunder-der-stadt\/\",\"name\":\"Val\u00e9rie Kieffer - About - Wunder der Stadt - Stadtf\u00fchrungen in M\u00fcnchen und Oberbayern\",\"isPartOf\":{\"@id\":\"https:\/\/www.wunder-der-stadt.com\/#website\"},\"datePublished\":\"2017-12-18T12:02:48+00:00\",\"dateModified\":\"2022-01-05T17:42:46+00:00\",\"description\":\"Guide-conf\u00e9renci\u00e8re par passion, je vous propose des visites guid\u00e9es enrichissantes et divertissantes \u00e0 Munich et en Bavi\u00e8re\",\"breadcrumb\":{\"@id\":\"https:\/\/www.wunder-der-stadt.com\/visites-guidees-munich-baviere-valerie-kieffer-wunder-der-stadt\/#breadcrumb\"},\"inLanguage\":\"es-ES\",\"potentialAction\":[{\"@type\":\"ReadAction\",\"target\":[\"https:\/\/www.wunder-der-stadt.com\/visites-guidees-munich-baviere-valerie-kieffer-wunder-der-stadt\/\"]}]},{\"@type\":\"BreadcrumbList\",\"@id\":\"https:\/\/www.wunder-der-stadt.com\/visites-guidees-munich-baviere-valerie-kieffer-wunder-der-stadt\/#breadcrumb\",\"itemListElement\":[{\"@type\":\"ListItem\",\"position\":1,\"name\":\"Startseite\",\"item\":\"https:\/\/www.wunder-der-stadt.com\/\"},{\"@type\":\"ListItem\",\"position\":2,\"name\":\"Val\u00e9rie Kieffer &#8211; About\"}]},{\"@type\":\"WebSite\",\"@id\":\"https:\/\/www.wunder-der-stadt.com\/#website\",\"url\":\"https:\/\/www.wunder-der-stadt.com\/\",\"name\":\"{:de}Wunder der Stadt - Stadtf\u00fchrungen in M\u00fcnchen und Oberbayern{:}{:fr}Wunder der Stadt - Visites guid\u00e9es \u00e0 Munich et en Bavi\u00e8re{:}\",\"description\":\"Ihre Agentur f\u00fcr Incomingreisen, Gesch\u00e4ftreisen, Stadtf\u00fchrungen und Privatreisen in M\u00fcnchen und Bayern\",\"publisher\":{\"@id\":\"https:\/\/www.wunder-der-stadt.com\/#\/schema\/person\/7ac5370c8e8a38b0625e279f3af2d701\"},\"potentialAction\":[{\"@type\":\"SearchAction\",\"target\":{\"@type\":\"EntryPoint\",\"urlTemplate\":\"https:\/\/www.wunder-der-stadt.com\/?s={search_term_string}\"},\"query-input\":\"required name=search_term_string\"}],\"inLanguage\":\"es-ES\"},{\"@type\":[\"Person\",\"Organization\"],\"@id\":\"https:\/\/www.wunder-der-stadt.com\/#\/schema\/person\/7ac5370c8e8a38b0625e279f3af2d701\",\"name\":\"Admin\",\"logo\":{\"@id\":\"https:\/\/www.wunder-der-stadt.com\/#\/schema\/person\/image\/\"}}]}<\/script>\n<!-- \/ Yoast SEO plugin. -->","yoast_head_json":{"title":"Val\u00e9rie Kieffer - Wunder der Stadt - Stadtf\u00fchrungen in M\u00fcnchen","robots":{"index":"index","follow":"follow","max-snippet":"max-snippet:-1","max-image-preview":"max-image-preview:large","max-video-preview":"max-video-preview:-1"},"canonical":"https:\/\/www.wunder-der-stadt.com\/visites-guidees-munich-baviere-valerie-kieffer-wunder-der-stadt\/","og_locale":"es_ES","og_type":"article","og_title":"Val\u00e9rie Kieffer - Wunder der Stadt - Stadtf\u00fchrungen in M\u00fcnchen","og_url":"https:\/\/www.wunder-der-stadt.com\/visites-guidees-munich-baviere-valerie-kieffer-wunder-der-stadt\/","og_site_name":"Wunder der Stadt - Stadtf\u00fchrungen in M\u00fcnchen und Oberbayern","article_modified_time":"2022-01-05T17:42:46+00:00","og_image":[{"url":"https:\/\/www.wunder-der-stadt.com\/wp-content\/uploads\/Vale\u0301rie-1024x683.jpg"}],"twitter_card":"summary_large_image","twitter_misc":{"Est. reading time":"2 minutes"},"schema":{"@context":"https:\/\/schema.org","@graph":[{"@type":"WebPage","@id":"https:\/\/www.wunder-der-stadt.com\/visites-guidees-munich-baviere-valerie-kieffer-wunder-der-stadt\/","url":"https:\/\/www.wunder-der-stadt.com\/visites-guidees-munich-baviere-valerie-kieffer-wunder-der-stadt\/","name":"Val\u00e9rie Kieffer - About - Wunder der Stadt - Stadtf\u00fchrungen in M\u00fcnchen und Oberbayern","isPartOf":{"@id":"https:\/\/www.wunder-der-stadt.com\/#website"},"datePublished":"2017-12-18T12:02:48+00:00","dateModified":"2022-01-05T17:42:46+00:00","description":"Guide-conf\u00e9renci\u00e8re par passion, je vous propose des visites guid\u00e9es enrichissantes et divertissantes \u00e0 Munich et en Bavi\u00e8re","breadcrumb":{"@id":"https:\/\/www.wunder-der-stadt.com\/visites-guidees-munich-baviere-valerie-kieffer-wunder-der-stadt\/#breadcrumb"},"inLanguage":"es-ES","potentialAction":[{"@type":"ReadAction","target":["https:\/\/www.wunder-der-stadt.com\/visites-guidees-munich-baviere-valerie-kieffer-wunder-der-stadt\/"]}]},{"@type":"BreadcrumbList","@id":"https:\/\/www.wunder-der-stadt.com\/visites-guidees-munich-baviere-valerie-kieffer-wunder-der-stadt\/#breadcrumb","itemListElement":[{"@type":"ListItem","position":1,"name":"Startseite","item":"https:\/\/www.wunder-der-stadt.com\/"},{"@type":"ListItem","position":2,"name":"Val\u00e9rie Kieffer &#8211; About"}]},{"@type":"WebSite","@id":"https:\/\/www.wunder-der-stadt.com\/#website","url":"https:\/\/www.wunder-der-stadt.com\/","name":"{:de}Wunder der Stadt - Stadtf\u00fchrungen in M\u00fcnchen und Oberbayern{:}{:fr}Wunder der Stadt - Visites guid\u00e9es \u00e0 Munich et en Bavi\u00e8re{:}","description":"Ihre Agentur f\u00fcr Incomingreisen, Gesch\u00e4ftreisen, Stadtf\u00fchrungen und Privatreisen in M\u00fcnchen und Bayern","publisher":{"@id":"https:\/\/www.wunder-der-stadt.com\/#\/schema\/person\/7ac5370c8e8a38b0625e279f3af2d701"},"potentialAction":[{"@type":"SearchAction","target":{"@type":"EntryPoint","urlTemplate":"https:\/\/www.wunder-der-stadt.com\/?s={search_term_string}"},"query-input":"required name=search_term_string"}],"inLanguage":"es-ES"},{"@type":["Person","Organization"],"@id":"https:\/\/www.wunder-der-stadt.com\/#\/schema\/person\/7ac5370c8e8a38b0625e279f3af2d701","name":"Admin","logo":{"@id":"https:\/\/www.wunder-der-stadt.com\/#\/schema\/person\/image\/"}}]}},"_links":{"self":[{"href":"https:\/\/www.wunder-der-stadt.com\/es\/wp-json\/wp\/v2\/pages\/1330"}],"collection":[{"href":"https:\/\/www.wunder-der-stadt.com\/es\/wp-json\/wp\/v2\/pages"}],"about":[{"href":"https:\/\/www.wunder-der-stadt.com\/es\/wp-json\/wp\/v2\/types\/page"}],"author":[{"embeddable":true,"href":"https:\/\/www.wunder-der-stadt.com\/es\/wp-json\/wp\/v2\/users\/1"}],"replies":[{"embeddable":true,"href":"https:\/\/www.wunder-der-stadt.com\/es\/wp-json\/wp\/v2\/comments?post=1330"}],"version-history":[{"count":18,"href":"https:\/\/www.wunder-der-stadt.com\/es\/wp-json\/wp\/v2\/pages\/1330\/revisions"}],"predecessor-version":[{"id":2445,"href":"https:\/\/www.wunder-der-stadt.com\/es\/wp-json\/wp\/v2\/pages\/1330\/revisions\/2445"}],"wp:attachment":[{"href":"https:\/\/www.wunder-der-stadt.com\/es\/wp-json\/wp\/v2\/media?parent=1330"}],"curies":[{"name":"wp","href":"https:\/\/api.w.org\/{rel}","templated":true}]}}