{"id":1340,"date":"2017-12-18T13:16:49","date_gmt":"2017-12-18T12:16:49","guid":{"rendered":"http:\/\/www.wunder-der-stadt.com\/?page_id=1340"},"modified":"2019-11-29T09:17:15","modified_gmt":"2019-11-29T08:17:15","slug":"agbs","status":"publish","type":"page","link":"https:\/\/www.wunder-der-stadt.com\/es\/agbs\/","title":{"rendered":"Allgemeine Gesch\u00e4ftsbedingungen von Wunder der Stadt ES"},"content":{"rendered":"<p>[vc_row][vc_column][vc_column_text]<\/p>\n<div id=\"introduction_programme\">\n<h3 id=\"titre1\">Allgemeine Gesch\u00e4ftsbedingungen und Berufshaftpflichtversicherung<\/h3>\n<div id=\"titre2\"><\/div>\n<ol>\n<li>Die Gruppengr\u00f6\u00dfe bei Stadtrundg\u00e4ngen betr\u00e4gt maximal 25 Teilnehmer.<\/li>\n<li id=\"titre2\">Die Gruppengr\u00f6\u00dfe bei Museumsf\u00fchrungen betr\u00e4gt maximal 20 Teilnehmer.<\/li>\n<li id=\"titre2\">Eintrittsgelder sind nicht im Honorar enthalten.<\/li>\n<li id=\"titre2\">Bei Auftragsstornierungen zwischen 2 Wochen und 5 Werktagen vor dem vereinbarten Termin wird ein Ausfallhonorar von 50 % berechnet.<\/li>\n<li id=\"titre2\">Bei Auftragsstornierungen von weniger als 5 Werktagen vor dem vereinbarten Termin wird das volle vereinbarte Honorar in Rechnung gestellt.<\/li>\n<li id=\"titre2\">Bei Auftragsstornierungen von ausgearbeiteten Tagesprogrammen wird eine Bearbeitungsgeb\u00fchr von 120 Euro inkl. 19 % MwSt. in Rechnung gestellt.<\/li>\n<li id=\"titre2\">Bei Versp\u00e4tung der Gruppe wartet der G\u00e4stef\u00fchrer 30 Minuten am vereinbarten Treffpunkt. Sollten die Teilnehmer zum vereinbarten Termin nicht erscheinen, wird das vereinbarte Honorar berechnet.<\/li>\n<li id=\"titre2\">Die F\u00fchrungen finden bei jedem Wetter statt. Gegebenenfalls kann nach individueller Absprache ein Schlechtwetterprogramm als Alternative vereinbart werden.<\/li>\n<li id=\"titre2\">Bild- und Tonaufnahmen w\u00e4hrend der F\u00fchrung sind nicht gestattet.<\/li>\n<li id=\"titre2\">Die Teilnahme an F\u00fchrungen erfolgt auf eigene Gefahr und eigenes Risiko. Der G\u00e4stef\u00fchrer ist von jeglicher Haftung freigestellt.<\/li>\n<li id=\"titre2\">Ihr G\u00e4stef\u00fchrer ist gesch\u00fctzt durch eine Berufshaftpflichtversicherung und Verm\u00f6gensschadenversicherung durch den Bundesverband der G\u00e4stef\u00fchrer in Deutschland BVGD. Die Berufshaftpflichtversicherung wurde abgeschlossen bei der Generali Versicherung AG, 81731 M\u00fcnchen. Ausf\u00fchrliche Informationen zur Berufshaftpflichtversicherung finden Sie unter www.bvgd.org.<\/li>\n<\/ol>\n<\/div>\n<div id=\"introduction_programme\"><\/div>\n<p>[\/vc_column_text][\/vc_column][\/vc_row]<\/p>\n","protected":false},"excerpt":{"rendered":"<p>[vc_row][vc_column][vc_column_text] Allgemeine Gesch\u00e4ftsbedingungen und Berufshaftpflichtversicherung Die Gruppengr\u00f6\u00dfe bei Stadtrundg\u00e4ngen betr\u00e4gt maximal 25 Teilnehmer. Die Gruppengr\u00f6\u00dfe bei Museumsf\u00fchrungen betr\u00e4gt maximal 20 Teilnehmer. Eintrittsgelder sind nicht im Honorar enthalten. Bei Auftragsstornierungen zwischen 2 Wochen und 5 Werktagen vor dem vereinbarten Termin wird ein Ausfallhonorar von 50 % berechnet. Bei Auftragsstornierungen von weniger als 5 Werktagen vor dem<\/p>\n<div class=\"padding-top text-center\"><a href=\"https:\/\/www.wunder-der-stadt.com\/es\/agbs\/\" class=\"atbtn atbtn--medium atbtn--rounded atbtn--transparent\">Weiterlesen<i class=\"atbtn__icon atbtn__icon--right fa fa-long-arrow-right\"><\/i><\/a><\/div>\n","protected":false},"author":1,"featured_media":0,"parent":0,"menu_order":0,"comment_status":"closed","ping_status":"closed","template":"","meta":{"footnotes":""},"translation":{"provider":"WPGlobus","version":"3.0.2","language":"es","enabled_languages":["de","en","fr","es"],"languages":{"de":{"title":true,"content":true,"excerpt":false},"en":{"title":false,"content":true,"excerpt":false},"fr":{"title":true,"content":true,"excerpt":false},"es":{"title":true,"content":true,"excerpt":false}}},"yoast_head":"<!-- This site is optimized with the Yoast SEO plugin v22.0 - https:\/\/yoast.com\/wordpress\/plugins\/seo\/ -->\n<title>Allgemeine Gesch\u00e4ftsbedingungen (AGB) - Wunder der Stadt<\/title>\n<meta name=\"robots\" content=\"index, follow, max-snippet:-1, max-image-preview:large, max-video-preview:-1\" \/>\n<link rel=\"canonical\" href=\"https:\/\/www.wunder-der-stadt.com\/agbs\/\" \/>\n<meta property=\"og:locale\" content=\"es_ES\" \/>\n<meta property=\"og:type\" content=\"article\" \/>\n<meta property=\"og:title\" content=\"Allgemeine Gesch\u00e4ftsbedingungen von Wunder der Stadt ES - Wunder der Stadt - Stadtf\u00fchrungen in M\u00fcnchen und Oberbayern\" \/>\n<meta property=\"og:url\" content=\"https:\/\/www.wunder-der-stadt.com\/agbs\/\" \/>\n<meta property=\"og:site_name\" content=\"Wunder der Stadt - Stadtf\u00fchrungen in M\u00fcnchen und Oberbayern\" \/>\n<meta property=\"article:modified_time\" content=\"2019-11-29T08:17:15+00:00\" \/>\n<meta property=\"og:image\" content=\"https:\/\/www.wunder-der-stadt.com\/wp-content\/uploads\/WDS_logo2.png\" \/>\n\t<meta property=\"og:image:width\" content=\"292\" \/>\n\t<meta property=\"og:image:height\" content=\"157\" \/>\n\t<meta property=\"og:image:type\" content=\"image\/png\" \/>\n<meta name=\"twitter:card\" content=\"summary_large_image\" \/>\n<meta name=\"twitter:label1\" content=\"Est. reading time\" \/>\n\t<meta name=\"twitter:data1\" content=\"4 minutes\" \/>\n<script type=\"application\/ld+json\" class=\"yoast-schema-graph\">{\"@context\":\"https:\/\/schema.org\",\"@graph\":[{\"@type\":\"WebPage\",\"@id\":\"https:\/\/www.wunder-der-stadt.com\/agbs\/\",\"url\":\"https:\/\/www.wunder-der-stadt.com\/agbs\/\",\"name\":\"Allgemeine Gesch\u00e4ftsbedingungen (AGB) - Wunder der Stadt\",\"isPartOf\":{\"@id\":\"https:\/\/www.wunder-der-stadt.com\/#website\"},\"datePublished\":\"2017-12-18T12:16:49+00:00\",\"dateModified\":\"2019-11-29T08:17:15+00:00\",\"description\":\"Hier finden Sie die Allgemeine Gesch\u00e4ftsbedingungen (AGB) von Wunder der Stadt, der Agentur f\u00fcr Stadtf\u00fchrungen in M\u00fcnchen von Val\u00e9rie Kieffer.\",\"breadcrumb\":{\"@id\":\"https:\/\/www.wunder-der-stadt.com\/agbs\/#breadcrumb\"},\"inLanguage\":\"es-ES\",\"potentialAction\":[{\"@type\":\"ReadAction\",\"target\":[\"https:\/\/www.wunder-der-stadt.com\/agbs\/\"]}]},{\"@type\":\"BreadcrumbList\",\"@id\":\"https:\/\/www.wunder-der-stadt.com\/agbs\/#breadcrumb\",\"itemListElement\":[{\"@type\":\"ListItem\",\"position\":1,\"name\":\"Startseite\",\"item\":\"https:\/\/www.wunder-der-stadt.com\/\"},{\"@type\":\"ListItem\",\"position\":2,\"name\":\"Allgemeine Gesch\u00e4ftsbedingungen von Wunder der Stadt\"}]},{\"@type\":\"WebSite\",\"@id\":\"https:\/\/www.wunder-der-stadt.com\/#website\",\"url\":\"https:\/\/www.wunder-der-stadt.com\/\",\"name\":\"{:de}Wunder der Stadt - Stadtf\u00fchrungen in M\u00fcnchen und Oberbayern{:}{:fr}Wunder der Stadt - Visites guid\u00e9es \u00e0 Munich et en Bavi\u00e8re{:}\",\"description\":\"Ihre Agentur f\u00fcr Incomingreisen, Gesch\u00e4ftreisen, Stadtf\u00fchrungen und Privatreisen in M\u00fcnchen und Bayern\",\"publisher\":{\"@id\":\"https:\/\/www.wunder-der-stadt.com\/#\/schema\/person\/7ac5370c8e8a38b0625e279f3af2d701\"},\"potentialAction\":[{\"@type\":\"SearchAction\",\"target\":{\"@type\":\"EntryPoint\",\"urlTemplate\":\"https:\/\/www.wunder-der-stadt.com\/?s={search_term_string}\"},\"query-input\":\"required name=search_term_string\"}],\"inLanguage\":\"es-ES\"},{\"@type\":[\"Person\",\"Organization\"],\"@id\":\"https:\/\/www.wunder-der-stadt.com\/#\/schema\/person\/7ac5370c8e8a38b0625e279f3af2d701\",\"name\":\"Admin\",\"logo\":{\"@id\":\"https:\/\/www.wunder-der-stadt.com\/#\/schema\/person\/image\/\"}}]}<\/script>\n<!-- \/ Yoast SEO plugin. -->","yoast_head_json":{"title":"Allgemeine Gesch\u00e4ftsbedingungen (AGB) - Wunder der Stadt","robots":{"index":"index","follow":"follow","max-snippet":"max-snippet:-1","max-image-preview":"max-image-preview:large","max-video-preview":"max-video-preview:-1"},"canonical":"https:\/\/www.wunder-der-stadt.com\/agbs\/","og_locale":"es_ES","og_type":"article","og_title":"Allgemeine Gesch\u00e4ftsbedingungen von Wunder der Stadt ES - Wunder der Stadt - Stadtf\u00fchrungen in M\u00fcnchen und Oberbayern","og_url":"https:\/\/www.wunder-der-stadt.com\/agbs\/","og_site_name":"Wunder der Stadt - Stadtf\u00fchrungen in M\u00fcnchen und Oberbayern","article_modified_time":"2019-11-29T08:17:15+00:00","og_image":[{"width":292,"height":157,"url":"https:\/\/www.wunder-der-stadt.com\/wp-content\/uploads\/WDS_logo2.png","type":"image\/png"}],"twitter_card":"summary_large_image","twitter_misc":{"Est. reading time":"4 minutes"},"schema":{"@context":"https:\/\/schema.org","@graph":[{"@type":"WebPage","@id":"https:\/\/www.wunder-der-stadt.com\/agbs\/","url":"https:\/\/www.wunder-der-stadt.com\/agbs\/","name":"Allgemeine Gesch\u00e4ftsbedingungen (AGB) - Wunder der Stadt","isPartOf":{"@id":"https:\/\/www.wunder-der-stadt.com\/#website"},"datePublished":"2017-12-18T12:16:49+00:00","dateModified":"2019-11-29T08:17:15+00:00","description":"Hier finden Sie die Allgemeine Gesch\u00e4ftsbedingungen (AGB) von Wunder der Stadt, der Agentur f\u00fcr Stadtf\u00fchrungen in M\u00fcnchen von Val\u00e9rie Kieffer.","breadcrumb":{"@id":"https:\/\/www.wunder-der-stadt.com\/agbs\/#breadcrumb"},"inLanguage":"es-ES","potentialAction":[{"@type":"ReadAction","target":["https:\/\/www.wunder-der-stadt.com\/agbs\/"]}]},{"@type":"BreadcrumbList","@id":"https:\/\/www.wunder-der-stadt.com\/agbs\/#breadcrumb","itemListElement":[{"@type":"ListItem","position":1,"name":"Startseite","item":"https:\/\/www.wunder-der-stadt.com\/"},{"@type":"ListItem","position":2,"name":"Allgemeine Gesch\u00e4ftsbedingungen von Wunder der Stadt"}]},{"@type":"WebSite","@id":"https:\/\/www.wunder-der-stadt.com\/#website","url":"https:\/\/www.wunder-der-stadt.com\/","name":"{:de}Wunder der Stadt - Stadtf\u00fchrungen in M\u00fcnchen und Oberbayern{:}{:fr}Wunder der Stadt - Visites guid\u00e9es \u00e0 Munich et en Bavi\u00e8re{:}","description":"Ihre Agentur f\u00fcr Incomingreisen, Gesch\u00e4ftreisen, Stadtf\u00fchrungen und Privatreisen in M\u00fcnchen und Bayern","publisher":{"@id":"https:\/\/www.wunder-der-stadt.com\/#\/schema\/person\/7ac5370c8e8a38b0625e279f3af2d701"},"potentialAction":[{"@type":"SearchAction","target":{"@type":"EntryPoint","urlTemplate":"https:\/\/www.wunder-der-stadt.com\/?s={search_term_string}"},"query-input":"required name=search_term_string"}],"inLanguage":"es-ES"},{"@type":["Person","Organization"],"@id":"https:\/\/www.wunder-der-stadt.com\/#\/schema\/person\/7ac5370c8e8a38b0625e279f3af2d701","name":"Admin","logo":{"@id":"https:\/\/www.wunder-der-stadt.com\/#\/schema\/person\/image\/"}}]}},"_links":{"self":[{"href":"https:\/\/www.wunder-der-stadt.com\/es\/wp-json\/wp\/v2\/pages\/1340"}],"collection":[{"href":"https:\/\/www.wunder-der-stadt.com\/es\/wp-json\/wp\/v2\/pages"}],"about":[{"href":"https:\/\/www.wunder-der-stadt.com\/es\/wp-json\/wp\/v2\/types\/page"}],"author":[{"embeddable":true,"href":"https:\/\/www.wunder-der-stadt.com\/es\/wp-json\/wp\/v2\/users\/1"}],"replies":[{"embeddable":true,"href":"https:\/\/www.wunder-der-stadt.com\/es\/wp-json\/wp\/v2\/comments?post=1340"}],"version-history":[{"count":9,"href":"https:\/\/www.wunder-der-stadt.com\/es\/wp-json\/wp\/v2\/pages\/1340\/revisions"}],"predecessor-version":[{"id":2211,"href":"https:\/\/www.wunder-der-stadt.com\/es\/wp-json\/wp\/v2\/pages\/1340\/revisions\/2211"}],"wp:attachment":[{"href":"https:\/\/www.wunder-der-stadt.com\/es\/wp-json\/wp\/v2\/media?parent=1340"}],"curies":[{"name":"wp","href":"https:\/\/api.w.org\/{rel}","templated":true}]}}