{"id":1391,"date":"2018-01-18T18:15:23","date_gmt":"2018-01-18T17:15:23","guid":{"rendered":"http:\/\/www.wunder-der-stadt.com\/?post_type=product&#038;p=1391"},"modified":"2026-03-07T11:45:57","modified_gmt":"2026-03-07T10:45:57","slug":"fuehrung-in-die-kz-gedenkstaette-dachau","status":"publish","type":"product","link":"https:\/\/www.wunder-der-stadt.com\/es\/tours\/fuehrung-in-die-kz-gedenkstaette-dachau\/","title":{"rendered":"KZ-Gedenkst\u00e4tte Dachau &#8211; F\u00fchrung"},"content":{"rendered":"<h2 class=\"text-text-100 mt-3 -mb-1 text-[1.125rem] font-bold\">F\u00fchrung in die KZ-Gedenkst\u00e4tte Dachau<\/h2>\n<h3 class=\"text-text-100 mt-2 -mb-1 text-base font-bold\">Gef\u00fchrte Tour f\u00fcr Schulklassen und Gruppen in M\u00fcnchen<\/h3>\n<p class=\"font-claude-response-body break-words whitespace-normal leading-[1.7]\"><strong>Geschichte begreifen \u2013 am Ort, wo sie geschah.<\/strong><\/p>\n<p class=\"font-claude-response-body break-words whitespace-normal leading-[1.7]\">Als M\u00fcnchens damaliger Polizeipr\u00e4sident Heinrich Himmler am 20. M\u00e4rz 1933 die Er\u00f6ffnung des Konzentrationslagers Dachau ank\u00fcndigte, ahnte kaum jemand, dass dieser Name f\u00fcr immer zum Synonym f\u00fcr SS-Gewalt und nationalsozialistischen Terror werden w\u00fcrde. Dachau war das <strong>erste Konzentrationslager in Deutschland<\/strong> \u2013 und das Vorbild f\u00fcr den Bau und die Organisation aller weiteren Konzentrations- und Vernichtungslager.<\/p>\n<blockquote class=\"ml-2 border-l-4 border-border-300\/10 pl-4 text-text-300\">\n<p class=\"font-claude-response-body break-words whitespace-normal leading-[1.7]\"><em>\u201eDachau \u2013 die Bedeutung dieses Namens ist aus der deutschen Geschichte nicht auszul\u00f6schen. Er steht f\u00fcr alle Konzentrationslager, die die Nationalsozialisten in ihrem Herrschaftsbereich errichtet haben.&#8221;<\/em> <strong>\u2013 Eugen Kogon, \u00dcberlebender und Publizist<\/strong><\/p>\n<\/blockquote>\n<hr class=\"border-border-200 border-t-0.5 my-3 mx-1.5\" \/>\n<h3 class=\"text-text-100 mt-2 -mb-1 text-base font-bold\">Inhalt der F\u00fchrung<\/h3>\n<p class=\"font-claude-response-body break-words whitespace-normal leading-[1.7]\">Fast 90 Jahre sp\u00e4ter verstummen langsam die Stimmen der \u00dcberlebenden. Die <strong>KZ-Gedenkst\u00e4tte Dachau<\/strong> ist ihr Verm\u00e4chtnis an die nachfolgenden Generationen.<\/p>\n<blockquote class=\"ml-2 border-l-4 border-border-300\/10 pl-4 text-text-300\">\n<p class=\"font-claude-response-body break-words whitespace-normal leading-[1.7]\"><em>\u201eEs soll dazu beitragen, der Menschheit die Wiederholung einer \u00e4hnlichen Katastrophe zu ersparen.&#8221;<\/em> <strong>\u2013 General Andr\u00e9 Delpech, \u00dcberlebender<\/strong><\/p>\n<\/blockquote>\n<p class=\"font-claude-response-body break-words whitespace-normal leading-[1.7]\">Die gef\u00fchrte Tour durch die <strong>KZ-Gedenkst\u00e4tte und die Ausstellung in Dachau<\/strong> vermittelt:<\/p>\n<ul class=\"[li_&amp;]:mb-0 [li_&amp;]:mt-1 [li_&amp;]:gap-1 [&amp;:not(:last-child)_ul]:pb-1 [&amp;:not(:last-child)_ol]:pb-1 list-disc flex flex-col gap-1 pl-8 mb-3\">\n<li class=\"whitespace-normal break-words pl-2\">Die <strong>Lebensbedingungen der Gefangenen<\/strong> im Lager<\/li>\n<li class=\"whitespace-normal break-words pl-2\">Die <strong>politischen und gesellschaftlichen Ursachen<\/strong>, die den Aufstieg der NS-Diktatur erm\u00f6glichten<\/li>\n<li class=\"whitespace-normal break-words pl-2\">Den historischen Kontext vom ersten Lager bis zum Ende des Zweiten Weltkriegs<\/li>\n<\/ul>\n<p class=\"font-claude-response-body break-words whitespace-normal leading-[1.7]\">Die F\u00fchrung erfolgt ausschlie\u00dflich in Begleitung von <strong>ausgebildeten und gepr\u00fcften Referentinnen und Referenten der Gedenkst\u00e4tte Dachau<\/strong>.<\/p>\n<hr class=\"border-border-200 border-t-0.5 my-3 mx-1.5\" \/>\n<h3 class=\"text-text-100 mt-2 -mb-1 text-base font-bold\">P\u00e4dagogischer Fokus<\/h3>\n<p class=\"font-claude-response-body break-words whitespace-normal leading-[1.7]\">Die <strong>F\u00fchrung in der KZ-Gedenkst\u00e4tte Dachau f\u00fcr Schulklassen<\/strong> ist besonders empfehlenswert als Exkursion im Rahmen des Geschichtsunterrichts:<\/p>\n<ul class=\"[li_&amp;]:mb-0 [li_&amp;]:mt-1 [li_&amp;]:gap-1 [&amp;:not(:last-child)_ul]:pb-1 [&amp;:not(:last-child)_ol]:pb-1 list-disc flex flex-col gap-1 pl-8 mb-3\">\n<li class=\"whitespace-normal break-words pl-2\">Auseinandersetzung mit <strong>Menschenw\u00fcrde, Unrecht und Erinnerungskultur<\/strong><\/li>\n<li class=\"whitespace-normal break-words pl-2\">F\u00f6rderung von <strong>historischem Verst\u00e4ndnis und Verantwortungsbewusstsein<\/strong><\/li>\n<li class=\"whitespace-normal break-words pl-2\">Geeignet f\u00fcr <strong>weiterf\u00fchrende Schulen ab Klasse 9<\/strong><\/li>\n<\/ul>\n<hr class=\"border-border-200 border-t-0.5 my-3 mx-1.5\" \/>\n<h3 class=\"text-text-100 mt-2 -mb-1 text-base font-bold\">Warum diese F\u00fchrung?<\/h3>\n<p class=\"font-claude-response-body break-words whitespace-normal leading-[1.7]\">Ein Besuch in Dachau ist mehr als ein Ausflug \u2013 er ist ein Akt des Erinnerns und der Verantwortung. Direkt vor den Toren M\u00fcnchens gelegen, ist die Gedenkst\u00e4tte einer der wichtigsten <strong>historischen Lernorte Deutschlands<\/strong>.<\/p>\n<hr class=\"border-border-200 border-t-0.5 my-3 mx-1.5\" \/>\n<p class=\"font-claude-response-body break-words whitespace-normal leading-[1.7]\"><strong>F\u00fchrung KZ-Gedenkst\u00e4tte Dachau<\/strong><\/p>\n<p class=\"font-claude-response-body break-words whitespace-normal leading-[1.7]\">Eine historische F\u00fchrung f\u00fcr Schulklassen und Gruppen \u2013 gegen das Vergessen.<\/p>\n<hr class=\"border-border-200 border-t-0.5 my-3 mx-1.5\" \/>\n<p class=\"font-claude-response-body break-words whitespace-normal leading-[1.7]\"><em>Geeignet f\u00fcr weiterf\u00fchrende Schulen<\/em><\/p>\n<p class=\"font-claude-response-body break-words whitespace-normal leading-[1.7]\"><em><strong>Dieses Thema interessiert Sie besonders?<\/strong><\/em><\/p>\n<p class=\"font-claude-response-body break-words whitespace-normal leading-[1.7]\">Sie sind Lehrerin oder Lehrer und m\u00f6chten den Besuch in Dachau mit einer Stadtf\u00fchrung durch M\u00fcnchen verbinden? Wir bieten Ihnen als Erg\u00e4nzung die F\u00fchrung <a class=\"underline underline underline-offset-2 decoration-1 decoration-current\/40 hover:decoration-current focus:decoration-current\" href=\"https:\/\/www.wunder-der-stadt.com\/tours\/schulklassen-muenchen-im-nationalsozialismus\/\">\u201eM\u00fcnchen im Nationalsozialismus&#8221;<\/a> an \u2013 ideal als <strong>ganzt\u00e4giger Thementag<\/strong> f\u00fcr Ihre Klasse.<\/p>\n<p>[vc_row][vc_column][vc_btn title=&#8221;ANFRAGE SENDEN&#8221; shape=&#8221;square&#8221; align=&#8221;left&#8221; link=&#8221;url:http%3A%2F%2Fwww.wunder-der-stadt.com%2Fkontakt%2F|||&#8221;]<br \/>\n<!--more--><\/p>\n<table class=\"table table-bordered tours-tabs__table\" style=\"height: 233px;\" width=\"862\">\n<tbody>\n<tr>\n<td><strong>ABFAHRTSORT<\/strong><\/td>\n<td>variabel<\/td>\n<\/tr>\n<tr>\n<td><b>DAUER<\/b><\/td>\n<td>max. 2 Stunden<\/td>\n<\/tr>\n<tr>\n<td><b>PREIS<\/b><\/td>\n<td>210,00\u20ac &#8211; inkl. 19%\u00a0<span style=\"font-family: inherit; font-size: inherit;\">MwSt<\/span><\/td>\n<\/tr>\n<tr>\n<td><strong>TEILNEHMERZAHL<\/strong><\/td>\n<td>\n<p class=\"p1\"><span class=\"s1\"> Schulklasse von max. 30 Sch\u00fcler<\/span><\/p>\n<\/td>\n<\/tr>\n<\/tbody>\n<\/table>\n<p>&nbsp;<\/p>\n","protected":false},"excerpt":{"rendered":"<p>F\u00fchrung in die KZ-Gedenkst\u00e4tte Dachau Gef\u00fchrte Tour f\u00fcr Schulklassen und Gruppen in M\u00fcnchen Geschichte begreifen \u2013 am Ort, wo sie geschah. Als M\u00fcnchens damaliger Polizeipr\u00e4sident Heinrich Himmler am 20. M\u00e4rz 1933 die Er\u00f6ffnung des Konzentrationslagers Dachau ank\u00fcndigte, ahnte kaum jemand, dass dieser Name f\u00fcr immer zum Synonym f\u00fcr SS-Gewalt und nationalsozialistischen Terror werden w\u00fcrde. Dachau<\/p>\n<div class=\"padding-top text-center\"><a href=\"https:\/\/www.wunder-der-stadt.com\/es\/tours\/fuehrung-in-die-kz-gedenkstaette-dachau\/\" class=\"atbtn atbtn--medium atbtn--rounded atbtn--transparent\">Weiterlesen<i class=\"atbtn__icon atbtn__icon--right fa fa-long-arrow-right\"><\/i><\/a><\/div>\n","protected":false},"featured_media":1388,"template":"","meta":[],"product_cat":[103],"product_tag":[77,219],"translation":{"provider":"WPGlobus","version":"3.0.2","language":"es","enabled_languages":["de","en","fr","es"],"languages":{"de":{"title":true,"content":true,"excerpt":false},"en":{"title":false,"content":false,"excerpt":false},"fr":{"title":false,"content":false,"excerpt":false},"es":{"title":false,"content":false,"excerpt":false}}},"yoast_head":"<!-- This site is optimized with the Yoast SEO plugin v22.0 - https:\/\/yoast.com\/wordpress\/plugins\/seo\/ -->\n<title>F\u00fchrung in die KZ-Gedenkst\u00e4tte Dachau<\/title>\n<meta name=\"robots\" content=\"index, follow, max-snippet:-1, max-image-preview:large, max-video-preview:-1\" \/>\n<link rel=\"canonical\" href=\"https:\/\/www.wunder-der-stadt.com\/tours\/fuehrung-in-die-kz-gedenkstaette-dachau\/\" \/>\n<meta property=\"og:locale\" content=\"es_ES\" \/>\n<meta property=\"og:type\" content=\"article\" \/>\n<meta property=\"og:title\" content=\"KZ-Gedenkst\u00e4tte Dachau - F\u00fchrung - Wunder der Stadt - Stadtf\u00fchrungen in M\u00fcnchen und Oberbayern\" \/>\n<meta property=\"og:url\" content=\"https:\/\/www.wunder-der-stadt.com\/tours\/fuehrung-in-die-kz-gedenkstaette-dachau\/\" \/>\n<meta property=\"og:site_name\" content=\"Wunder der Stadt - Stadtf\u00fchrungen in M\u00fcnchen und Oberbayern\" \/>\n<meta property=\"article:modified_time\" content=\"2026-03-07T10:45:57+00:00\" \/>\n<meta property=\"og:image\" content=\"https:\/\/www.wunder-der-stadt.com\/wp-content\/uploads\/Schueler_Dachau.jpg\" \/>\n\t<meta property=\"og:image:width\" content=\"1400\" \/>\n\t<meta property=\"og:image:height\" content=\"600\" \/>\n\t<meta property=\"og:image:type\" content=\"image\/jpeg\" \/>\n<meta name=\"twitter:card\" content=\"summary_large_image\" \/>\n<meta name=\"twitter:label1\" content=\"Est. reading time\" \/>\n\t<meta name=\"twitter:data1\" content=\"2 minutes\" \/>\n<script type=\"application\/ld+json\" class=\"yoast-schema-graph\">{\"@context\":\"https:\/\/schema.org\",\"@graph\":[{\"@type\":\"WebPage\",\"@id\":\"https:\/\/www.wunder-der-stadt.com\/tours\/fuehrung-in-die-kz-gedenkstaette-dachau\/\",\"url\":\"https:\/\/www.wunder-der-stadt.com\/tours\/fuehrung-in-die-kz-gedenkstaette-dachau\/\",\"name\":\"F\u00fchrung in die KZ-Gedenkst\u00e4tte Dachau\",\"isPartOf\":{\"@id\":\"https:\/\/www.wunder-der-stadt.com\/#website\"},\"datePublished\":\"2018-01-18T17:15:23+00:00\",\"dateModified\":\"2026-03-07T10:45:57+00:00\",\"description\":\"Diese F\u00fchrung in der KZ-Gedenkst\u00e4tte Dachau mit einem Referenten vermittelt eine Vorstellung der Lebensbedingungen, die Gefangene im Lager\",\"breadcrumb\":{\"@id\":\"https:\/\/www.wunder-der-stadt.com\/tours\/fuehrung-in-die-kz-gedenkstaette-dachau\/#breadcrumb\"},\"inLanguage\":\"es-ES\",\"potentialAction\":[{\"@type\":\"ReadAction\",\"target\":[\"https:\/\/www.wunder-der-stadt.com\/tours\/fuehrung-in-die-kz-gedenkstaette-dachau\/\"]}]},{\"@type\":\"BreadcrumbList\",\"@id\":\"https:\/\/www.wunder-der-stadt.com\/tours\/fuehrung-in-die-kz-gedenkstaette-dachau\/#breadcrumb\",\"itemListElement\":[{\"@type\":\"ListItem\",\"position\":1,\"name\":\"Startseite\",\"item\":\"https:\/\/www.wunder-der-stadt.com\/\"},{\"@type\":\"ListItem\",\"position\":2,\"name\":\"Produkte\",\"item\":\"https:\/\/www.wunder-der-stadt.com\/shop\/\"},{\"@type\":\"ListItem\",\"position\":3,\"name\":\"KZ-Gedenkst\u00e4tte Dachau &#8211; F\u00fchrung\"}]},{\"@type\":\"WebSite\",\"@id\":\"https:\/\/www.wunder-der-stadt.com\/#website\",\"url\":\"https:\/\/www.wunder-der-stadt.com\/\",\"name\":\"{:de}Wunder der Stadt - Stadtf\u00fchrungen in M\u00fcnchen und Oberbayern{:}{:fr}Wunder der Stadt - Visites guid\u00e9es \u00e0 Munich et en Bavi\u00e8re{:}\",\"description\":\"Ihre Agentur f\u00fcr Incomingreisen, Gesch\u00e4ftreisen, Stadtf\u00fchrungen und Privatreisen in M\u00fcnchen und Bayern\",\"publisher\":{\"@id\":\"https:\/\/www.wunder-der-stadt.com\/#\/schema\/person\/7ac5370c8e8a38b0625e279f3af2d701\"},\"potentialAction\":[{\"@type\":\"SearchAction\",\"target\":{\"@type\":\"EntryPoint\",\"urlTemplate\":\"https:\/\/www.wunder-der-stadt.com\/?s={search_term_string}\"},\"query-input\":\"required name=search_term_string\"}],\"inLanguage\":\"es-ES\"},{\"@type\":[\"Person\",\"Organization\"],\"@id\":\"https:\/\/www.wunder-der-stadt.com\/#\/schema\/person\/7ac5370c8e8a38b0625e279f3af2d701\",\"name\":\"Admin\",\"logo\":{\"@id\":\"https:\/\/www.wunder-der-stadt.com\/#\/schema\/person\/image\/\"}}]}<\/script>\n<!-- \/ Yoast SEO plugin. -->","yoast_head_json":{"title":"F\u00fchrung in die KZ-Gedenkst\u00e4tte Dachau","robots":{"index":"index","follow":"follow","max-snippet":"max-snippet:-1","max-image-preview":"max-image-preview:large","max-video-preview":"max-video-preview:-1"},"canonical":"https:\/\/www.wunder-der-stadt.com\/tours\/fuehrung-in-die-kz-gedenkstaette-dachau\/","og_locale":"es_ES","og_type":"article","og_title":"KZ-Gedenkst\u00e4tte Dachau - F\u00fchrung - Wunder der Stadt - Stadtf\u00fchrungen in M\u00fcnchen und Oberbayern","og_url":"https:\/\/www.wunder-der-stadt.com\/tours\/fuehrung-in-die-kz-gedenkstaette-dachau\/","og_site_name":"Wunder der Stadt - Stadtf\u00fchrungen in M\u00fcnchen und Oberbayern","article_modified_time":"2026-03-07T10:45:57+00:00","og_image":[{"width":1400,"height":600,"url":"https:\/\/www.wunder-der-stadt.com\/wp-content\/uploads\/Schueler_Dachau.jpg","type":"image\/jpeg"}],"twitter_card":"summary_large_image","twitter_misc":{"Est. reading time":"2 minutes"},"schema":{"@context":"https:\/\/schema.org","@graph":[{"@type":"WebPage","@id":"https:\/\/www.wunder-der-stadt.com\/tours\/fuehrung-in-die-kz-gedenkstaette-dachau\/","url":"https:\/\/www.wunder-der-stadt.com\/tours\/fuehrung-in-die-kz-gedenkstaette-dachau\/","name":"F\u00fchrung in die KZ-Gedenkst\u00e4tte Dachau","isPartOf":{"@id":"https:\/\/www.wunder-der-stadt.com\/#website"},"datePublished":"2018-01-18T17:15:23+00:00","dateModified":"2026-03-07T10:45:57+00:00","description":"Diese F\u00fchrung in der KZ-Gedenkst\u00e4tte Dachau mit einem Referenten vermittelt eine Vorstellung der Lebensbedingungen, die Gefangene im Lager","breadcrumb":{"@id":"https:\/\/www.wunder-der-stadt.com\/tours\/fuehrung-in-die-kz-gedenkstaette-dachau\/#breadcrumb"},"inLanguage":"es-ES","potentialAction":[{"@type":"ReadAction","target":["https:\/\/www.wunder-der-stadt.com\/tours\/fuehrung-in-die-kz-gedenkstaette-dachau\/"]}]},{"@type":"BreadcrumbList","@id":"https:\/\/www.wunder-der-stadt.com\/tours\/fuehrung-in-die-kz-gedenkstaette-dachau\/#breadcrumb","itemListElement":[{"@type":"ListItem","position":1,"name":"Startseite","item":"https:\/\/www.wunder-der-stadt.com\/"},{"@type":"ListItem","position":2,"name":"Produkte","item":"https:\/\/www.wunder-der-stadt.com\/shop\/"},{"@type":"ListItem","position":3,"name":"KZ-Gedenkst\u00e4tte Dachau &#8211; F\u00fchrung"}]},{"@type":"WebSite","@id":"https:\/\/www.wunder-der-stadt.com\/#website","url":"https:\/\/www.wunder-der-stadt.com\/","name":"{:de}Wunder der Stadt - Stadtf\u00fchrungen in M\u00fcnchen und Oberbayern{:}{:fr}Wunder der Stadt - Visites guid\u00e9es \u00e0 Munich et en Bavi\u00e8re{:}","description":"Ihre Agentur f\u00fcr Incomingreisen, Gesch\u00e4ftreisen, Stadtf\u00fchrungen und Privatreisen in M\u00fcnchen und Bayern","publisher":{"@id":"https:\/\/www.wunder-der-stadt.com\/#\/schema\/person\/7ac5370c8e8a38b0625e279f3af2d701"},"potentialAction":[{"@type":"SearchAction","target":{"@type":"EntryPoint","urlTemplate":"https:\/\/www.wunder-der-stadt.com\/?s={search_term_string}"},"query-input":"required name=search_term_string"}],"inLanguage":"es-ES"},{"@type":["Person","Organization"],"@id":"https:\/\/www.wunder-der-stadt.com\/#\/schema\/person\/7ac5370c8e8a38b0625e279f3af2d701","name":"Admin","logo":{"@id":"https:\/\/www.wunder-der-stadt.com\/#\/schema\/person\/image\/"}}]}},"_links":{"self":[{"href":"https:\/\/www.wunder-der-stadt.com\/es\/wp-json\/wp\/v2\/product\/1391"}],"collection":[{"href":"https:\/\/www.wunder-der-stadt.com\/es\/wp-json\/wp\/v2\/product"}],"about":[{"href":"https:\/\/www.wunder-der-stadt.com\/es\/wp-json\/wp\/v2\/types\/product"}],"wp:featuredmedia":[{"embeddable":true,"href":"https:\/\/www.wunder-der-stadt.com\/es\/wp-json\/wp\/v2\/media\/1388"}],"wp:attachment":[{"href":"https:\/\/www.wunder-der-stadt.com\/es\/wp-json\/wp\/v2\/media?parent=1391"}],"wp:term":[{"taxonomy":"product_cat","embeddable":true,"href":"https:\/\/www.wunder-der-stadt.com\/es\/wp-json\/wp\/v2\/product_cat?post=1391"},{"taxonomy":"product_tag","embeddable":true,"href":"https:\/\/www.wunder-der-stadt.com\/es\/wp-json\/wp\/v2\/product_tag?post=1391"}],"curies":[{"name":"wp","href":"https:\/\/api.w.org\/{rel}","templated":true}]}}