{"id":1393,"date":"2018-01-02T18:23:43","date_gmt":"2018-01-02T17:23:43","guid":{"rendered":"http:\/\/www.wunder-der-stadt.com\/?post_type=product&#038;p=1393"},"modified":"2026-01-10T17:03:50","modified_gmt":"2026-01-10T16:03:50","slug":"stadtrallye-schulklasse-muenchen","status":"publish","type":"product","link":"https:\/\/www.wunder-der-stadt.com\/es\/tours\/stadtrallye-schulklasse-muenchen\/","title":{"rendered":"F\u00fcr Schulklasse: Stadtrallye in M\u00fcnchen"},"content":{"rendered":"<p><span style=\"font-size: 14pt;\"><strong>F\u00fcr Schulklasse: Stadtrallye in M\u00fcnchen<\/strong><\/span><\/p>\n<p>Um M\u00fcnchen kennen zu lernen ist die Stadtrallye f\u00fcr Schulklasse eine perfekte Alternative zur <a href=\"https:\/\/www.wunder-der-stadt.com\/tours\/stadtrundgang-altstadt-muenchen\/\">klassische Stadtf\u00fchrung<\/a>. Dabei erkunden die Sch\u00fcler und Sch\u00fclerinnen die Stadt auf eigene Faust und entdecken die sch\u00f6nen und spannenden Ecken der bayrischen Landeshauptstadt!<\/p>\n<p>Die Schulklasse wird in kleine Gruppe von maximum 4-5 Sch\u00fcler und Sch\u00fclerinnen aufgeteilt.<br \/>\nJede Gruppe wird f\u00fcr die Stadtrallye mit einem Umschlag ausgestattet. Dieser enth\u00e4lt: Stadtplan, Fragebogen, eventuell Eintrittskarten f\u00fcr ein Museum bzw. f\u00fcr <a href=\"https:\/\/alterpeter.de\/turmbesteigung-alter-peter\/\">einen Turm<\/a> oder ein paar Euros. Die Teilnehmer und Teilnehmerinnen m\u00fcssen als kleine Gruppe Fragen beantworten, Dingen erledigen oder Beweise (Fotos mit dem Handy, Kassenbons&#8230;) sammeln.<\/p>\n<p>F\u00fcr viele Sch\u00fcler und Sch\u00fclerinnen ist dies die beste Art eine Stadt zu entdecken und sich einzupr\u00e4gen. Sehr beliebt bei den Jugendlichen ist die Stadtrallye, eine spielerische Entdeckungstour bei der jeder seine St\u00e4rke einbringen kann. Die Mitglieder einer Gruppe m\u00fcssen sowohl miteinander als auch selbst\u00e4ndig arbeiten.<\/p>\n<p>Sie haben Fragen zur Stadtrallye in M\u00fcnchen f\u00fcr Schulklasse, senden uns eine Anfrage. Wir beantworten gerne Ihre Fragen.<\/p>\n<p class=\"p1\"><span style=\"line-height: inherit;\">[vc_row][vc_column][vc_btn title=&#8221;ANFRAGE SENDEN&#8221; shape=&#8221;square&#8221; align=&#8221;left&#8221; link=&#8221;url:http%3A%2F%2Fwww.wunder-der-stadt.com%2Fkontakt%2F|||&#8221;]<\/span><\/p>\n<p><!--more--><\/p>\n<table class=\"table table-bordered tours-tabs__table\" style=\"height: 233px; width: 53.8619%;\" width=\"862\">\n<tbody>\n<tr>\n<td style=\"width: 34.4186%;\"><strong>ABFAHRTSORT<\/strong><\/td>\n<td style=\"width: 64.8837%;\">M\u00fcnchen, Marienplatz-Fischbrunnen<\/td>\n<\/tr>\n<tr>\n<td style=\"width: 34.4186%;\"><b>DAUER<\/b><\/td>\n<td style=\"width: 64.8837%;\">max. 2 Stunden<\/td>\n<\/tr>\n<tr>\n<td style=\"width: 34.4186%;\"><b>PREIS<\/b><\/td>\n<td style=\"width: 64.8837%;\">\n<p class=\"p1\"><span class=\"s1\">45,00\u20ac \/ Gruppen von 5 Sch\u00fcler &#8211; inkl. MwSt<\/span><span class=\"s2\">.<\/span><\/p>\n<\/td>\n<\/tr>\n<tr>\n<td style=\"width: 34.4186%;\"><strong>TEILNEHMERZAHL<\/strong><\/td>\n<td style=\"width: 64.8837%;\"><span class=\"s1\">Gruppen von 5 Sch\u00fcler<\/span><\/td>\n<\/tr>\n<\/tbody>\n<\/table>\n<p>&nbsp;<\/p>\n","protected":false},"excerpt":{"rendered":"<p>F\u00fcr Schulklasse: Stadtrallye in M\u00fcnchen Um M\u00fcnchen kennen zu lernen ist die Stadtrallye f\u00fcr Schulklasse eine perfekte Alternative zur klassische Stadtf\u00fchrung. Dabei erkunden die Sch\u00fcler und Sch\u00fclerinnen die Stadt auf eigene Faust und entdecken die sch\u00f6nen und spannenden Ecken der bayrischen Landeshauptstadt! Die Schulklasse wird in kleine Gruppe von maximum 4-5 Sch\u00fcler und Sch\u00fclerinnen aufgeteilt.<\/p>\n<div class=\"padding-top text-center\"><a href=\"https:\/\/www.wunder-der-stadt.com\/es\/tours\/stadtrallye-schulklasse-muenchen\/\" class=\"atbtn atbtn--medium atbtn--rounded atbtn--transparent\">Weiterlesen<i class=\"atbtn__icon atbtn__icon--right fa fa-long-arrow-right\"><\/i><\/a><\/div>\n","protected":false},"featured_media":2484,"template":"","meta":[],"product_cat":[103],"product_tag":[77,79,157,80],"translation":{"provider":"WPGlobus","version":"3.0.2","language":"es","enabled_languages":["de","en","fr","es"],"languages":{"de":{"title":true,"content":true,"excerpt":false},"en":{"title":false,"content":false,"excerpt":false},"fr":{"title":false,"content":false,"excerpt":false},"es":{"title":false,"content":false,"excerpt":false}}},"yoast_head":"<!-- This site is optimized with the Yoast SEO plugin v22.0 - https:\/\/yoast.com\/wordpress\/plugins\/seo\/ -->\n<title>F\u00fcr Schulklasse: Stadtrallye in M\u00fcnchen -<\/title>\n<meta name=\"robots\" content=\"index, follow, max-snippet:-1, max-image-preview:large, max-video-preview:-1\" \/>\n<link rel=\"canonical\" href=\"https:\/\/www.wunder-der-stadt.com\/tours\/stadtrallye-schulklasse-muenchen\/\" \/>\n<meta property=\"og:locale\" content=\"es_ES\" \/>\n<meta property=\"og:type\" content=\"article\" \/>\n<meta property=\"og:title\" content=\"F\u00fcr Schulklasse: Stadtrallye in M\u00fcnchen - Wunder der Stadt - Stadtf\u00fchrungen in M\u00fcnchen und Oberbayern\" \/>\n<meta property=\"og:url\" content=\"https:\/\/www.wunder-der-stadt.com\/tours\/stadtrallye-schulklasse-muenchen\/\" \/>\n<meta property=\"og:site_name\" content=\"Wunder der Stadt - Stadtf\u00fchrungen in M\u00fcnchen und Oberbayern\" \/>\n<meta property=\"article:modified_time\" content=\"2026-01-10T16:03:50+00:00\" \/>\n<meta property=\"og:image\" content=\"https:\/\/www.wunder-der-stadt.com\/wp-content\/uploads\/20220328_151721-scaled.jpg\" \/>\n\t<meta property=\"og:image:width\" content=\"2560\" \/>\n\t<meta property=\"og:image:height\" content=\"1920\" \/>\n\t<meta property=\"og:image:type\" content=\"image\/jpeg\" \/>\n<meta name=\"twitter:card\" content=\"summary_large_image\" \/>\n<meta name=\"twitter:label1\" content=\"Est. reading time\" \/>\n\t<meta name=\"twitter:data1\" content=\"2 minutes\" \/>\n<script type=\"application\/ld+json\" class=\"yoast-schema-graph\">{\"@context\":\"https:\/\/schema.org\",\"@graph\":[{\"@type\":\"WebPage\",\"@id\":\"https:\/\/www.wunder-der-stadt.com\/tours\/stadtrallye-schulklasse-muenchen\/\",\"url\":\"https:\/\/www.wunder-der-stadt.com\/tours\/stadtrallye-schulklasse-muenchen\/\",\"name\":\"F\u00fcr Schulklasse: Stadtrallye in M\u00fcnchen -\",\"isPartOf\":{\"@id\":\"https:\/\/www.wunder-der-stadt.com\/#website\"},\"datePublished\":\"2018-01-02T17:23:43+00:00\",\"dateModified\":\"2026-01-10T16:03:50+00:00\",\"description\":\"Um M\u00fcnchen kennen zu lernen ist die Stadtrallye f\u00fcr Schulklasse eine perfekte Alternative zur klassische Stadtf\u00fchrungen\",\"breadcrumb\":{\"@id\":\"https:\/\/www.wunder-der-stadt.com\/tours\/stadtrallye-schulklasse-muenchen\/#breadcrumb\"},\"inLanguage\":\"es-ES\",\"potentialAction\":[{\"@type\":\"ReadAction\",\"target\":[\"https:\/\/www.wunder-der-stadt.com\/tours\/stadtrallye-schulklasse-muenchen\/\"]}]},{\"@type\":\"BreadcrumbList\",\"@id\":\"https:\/\/www.wunder-der-stadt.com\/tours\/stadtrallye-schulklasse-muenchen\/#breadcrumb\",\"itemListElement\":[{\"@type\":\"ListItem\",\"position\":1,\"name\":\"Startseite\",\"item\":\"https:\/\/www.wunder-der-stadt.com\/\"},{\"@type\":\"ListItem\",\"position\":2,\"name\":\"Produkte\",\"item\":\"https:\/\/www.wunder-der-stadt.com\/shop\/\"},{\"@type\":\"ListItem\",\"position\":3,\"name\":\"F\u00fcr Schulklasse: Stadtrallye in M\u00fcnchen\"}]},{\"@type\":\"WebSite\",\"@id\":\"https:\/\/www.wunder-der-stadt.com\/#website\",\"url\":\"https:\/\/www.wunder-der-stadt.com\/\",\"name\":\"{:de}Wunder der Stadt - Stadtf\u00fchrungen in M\u00fcnchen und Oberbayern{:}{:fr}Wunder der Stadt - Visites guid\u00e9es \u00e0 Munich et en Bavi\u00e8re{:}\",\"description\":\"Ihre Agentur f\u00fcr Incomingreisen, Gesch\u00e4ftreisen, Stadtf\u00fchrungen und Privatreisen in M\u00fcnchen und Bayern\",\"publisher\":{\"@id\":\"https:\/\/www.wunder-der-stadt.com\/#\/schema\/person\/7ac5370c8e8a38b0625e279f3af2d701\"},\"potentialAction\":[{\"@type\":\"SearchAction\",\"target\":{\"@type\":\"EntryPoint\",\"urlTemplate\":\"https:\/\/www.wunder-der-stadt.com\/?s={search_term_string}\"},\"query-input\":\"required name=search_term_string\"}],\"inLanguage\":\"es-ES\"},{\"@type\":[\"Person\",\"Organization\"],\"@id\":\"https:\/\/www.wunder-der-stadt.com\/#\/schema\/person\/7ac5370c8e8a38b0625e279f3af2d701\",\"name\":\"Admin\",\"logo\":{\"@id\":\"https:\/\/www.wunder-der-stadt.com\/#\/schema\/person\/image\/\"}}]}<\/script>\n<!-- \/ Yoast SEO plugin. -->","yoast_head_json":{"title":"F\u00fcr Schulklasse: Stadtrallye in M\u00fcnchen -","robots":{"index":"index","follow":"follow","max-snippet":"max-snippet:-1","max-image-preview":"max-image-preview:large","max-video-preview":"max-video-preview:-1"},"canonical":"https:\/\/www.wunder-der-stadt.com\/tours\/stadtrallye-schulklasse-muenchen\/","og_locale":"es_ES","og_type":"article","og_title":"F\u00fcr Schulklasse: Stadtrallye in M\u00fcnchen - Wunder der Stadt - Stadtf\u00fchrungen in M\u00fcnchen und Oberbayern","og_url":"https:\/\/www.wunder-der-stadt.com\/tours\/stadtrallye-schulklasse-muenchen\/","og_site_name":"Wunder der Stadt - Stadtf\u00fchrungen in M\u00fcnchen und Oberbayern","article_modified_time":"2026-01-10T16:03:50+00:00","og_image":[{"width":2560,"height":1920,"url":"https:\/\/www.wunder-der-stadt.com\/wp-content\/uploads\/20220328_151721-scaled.jpg","type":"image\/jpeg"}],"twitter_card":"summary_large_image","twitter_misc":{"Est. reading time":"2 minutes"},"schema":{"@context":"https:\/\/schema.org","@graph":[{"@type":"WebPage","@id":"https:\/\/www.wunder-der-stadt.com\/tours\/stadtrallye-schulklasse-muenchen\/","url":"https:\/\/www.wunder-der-stadt.com\/tours\/stadtrallye-schulklasse-muenchen\/","name":"F\u00fcr Schulklasse: Stadtrallye in M\u00fcnchen -","isPartOf":{"@id":"https:\/\/www.wunder-der-stadt.com\/#website"},"datePublished":"2018-01-02T17:23:43+00:00","dateModified":"2026-01-10T16:03:50+00:00","description":"Um M\u00fcnchen kennen zu lernen ist die Stadtrallye f\u00fcr Schulklasse eine perfekte Alternative zur klassische Stadtf\u00fchrungen","breadcrumb":{"@id":"https:\/\/www.wunder-der-stadt.com\/tours\/stadtrallye-schulklasse-muenchen\/#breadcrumb"},"inLanguage":"es-ES","potentialAction":[{"@type":"ReadAction","target":["https:\/\/www.wunder-der-stadt.com\/tours\/stadtrallye-schulklasse-muenchen\/"]}]},{"@type":"BreadcrumbList","@id":"https:\/\/www.wunder-der-stadt.com\/tours\/stadtrallye-schulklasse-muenchen\/#breadcrumb","itemListElement":[{"@type":"ListItem","position":1,"name":"Startseite","item":"https:\/\/www.wunder-der-stadt.com\/"},{"@type":"ListItem","position":2,"name":"Produkte","item":"https:\/\/www.wunder-der-stadt.com\/shop\/"},{"@type":"ListItem","position":3,"name":"F\u00fcr Schulklasse: Stadtrallye in M\u00fcnchen"}]},{"@type":"WebSite","@id":"https:\/\/www.wunder-der-stadt.com\/#website","url":"https:\/\/www.wunder-der-stadt.com\/","name":"{:de}Wunder der Stadt - Stadtf\u00fchrungen in M\u00fcnchen und Oberbayern{:}{:fr}Wunder der Stadt - Visites guid\u00e9es \u00e0 Munich et en Bavi\u00e8re{:}","description":"Ihre Agentur f\u00fcr Incomingreisen, Gesch\u00e4ftreisen, Stadtf\u00fchrungen und Privatreisen in M\u00fcnchen und Bayern","publisher":{"@id":"https:\/\/www.wunder-der-stadt.com\/#\/schema\/person\/7ac5370c8e8a38b0625e279f3af2d701"},"potentialAction":[{"@type":"SearchAction","target":{"@type":"EntryPoint","urlTemplate":"https:\/\/www.wunder-der-stadt.com\/?s={search_term_string}"},"query-input":"required name=search_term_string"}],"inLanguage":"es-ES"},{"@type":["Person","Organization"],"@id":"https:\/\/www.wunder-der-stadt.com\/#\/schema\/person\/7ac5370c8e8a38b0625e279f3af2d701","name":"Admin","logo":{"@id":"https:\/\/www.wunder-der-stadt.com\/#\/schema\/person\/image\/"}}]}},"_links":{"self":[{"href":"https:\/\/www.wunder-der-stadt.com\/es\/wp-json\/wp\/v2\/product\/1393"}],"collection":[{"href":"https:\/\/www.wunder-der-stadt.com\/es\/wp-json\/wp\/v2\/product"}],"about":[{"href":"https:\/\/www.wunder-der-stadt.com\/es\/wp-json\/wp\/v2\/types\/product"}],"wp:featuredmedia":[{"embeddable":true,"href":"https:\/\/www.wunder-der-stadt.com\/es\/wp-json\/wp\/v2\/media\/2484"}],"wp:attachment":[{"href":"https:\/\/www.wunder-der-stadt.com\/es\/wp-json\/wp\/v2\/media?parent=1393"}],"wp:term":[{"taxonomy":"product_cat","embeddable":true,"href":"https:\/\/www.wunder-der-stadt.com\/es\/wp-json\/wp\/v2\/product_cat?post=1393"},{"taxonomy":"product_tag","embeddable":true,"href":"https:\/\/www.wunder-der-stadt.com\/es\/wp-json\/wp\/v2\/product_tag?post=1393"}],"curies":[{"name":"wp","href":"https:\/\/api.w.org\/{rel}","templated":true}]}}