{"id":1397,"date":"2018-01-02T19:03:15","date_gmt":"2018-01-02T18:03:15","guid":{"rendered":"http:\/\/www.wunder-der-stadt.com\/?post_type=product&#038;p=1397"},"modified":"2020-01-16T11:39:59","modified_gmt":"2020-01-16T10:39:59","slug":"stadtrundgang-in-die-altstadt","status":"publish","type":"product","link":"https:\/\/www.wunder-der-stadt.com\/es\/tours\/stadtrundgang-in-die-altstadt\/","title":{"rendered":"860 Jahre M\u00fcnchner Geschichte &#8211; Ein Rundgang in der Altstadt"},"content":{"rendered":"<p>Auf dieser sch\u00f6nen Tour in der Altstadt entdecken Sie die wichtigsten Orte M\u00fcnchens!<\/p>\n<p>M\u00fcnchen \u2013 das sind 860 Jahre Geschichte, mit Herz\u00f6gen, Kurf\u00fcrsten und K\u00f6nigen. Mit zahlreichen Kirchen und historischen Pl\u00e4tzen, mit Fu\u00dfball, Dirndl und Wei\u00dfw\u00fcrste&#8230;<\/p>\n<p>Bei diesem Rundgang durch die M\u00fcnchner Altstadt lassen wir nichts aus. Wir entdecken dabei die unterschiedlichen Facetten der bayrischen Landeshauptstadt: der Marienplatz, der \u201eAlte Peter\u201c, der Viktualienmarkt, das Hofbr\u00e4uhaus, die Residenz, der Odeonsplatz, die F\u00fcnf-H\u00f6fe und die Frauenkirche sind nur einige von den viele Gesichtern M\u00fcnchens.<\/p>\n<p>Der Rundgang durch die Altstadt ist ideal, um die wichtigsten Highlights der M\u00fcnchen Innenstadt mit einem anderen Blick zu ergr\u00fcnden.<\/p>\n<p><!--more--><\/p>\n<table class=\"table table-bordered tours-tabs__table\" style=\"height: 233px;\" width=\"862\">\n<tbody>\n<tr>\n<td><strong>STARTPUNKT<\/strong><\/td>\n<td>variabel<\/td>\n<\/tr>\n<tr>\n<td><b>DAUER<\/b><\/td>\n<td>max. 2 Stunden<\/td>\n<\/tr>\n<tr>\n<td><b>PREIS<\/b><\/td>\n<td>\n<p class=\"p1\"><span class=\"s1\">210,00\u20ac<span class=\"Apple-converted-space\">\u00a0 <\/span>\u2013 inkl. 19% MwSt<\/span><\/p>\n<\/td>\n<\/tr>\n<tr>\n<td><strong>TEILNEHMERZAHL<\/strong><\/td>\n<td>\n<p class=\"p1\"><span class=\"s1\">max. 30 Personen<\/span><\/p>\n<\/td>\n<\/tr>\n<\/tbody>\n<\/table>\n<p>&nbsp;<\/p>\n","protected":false},"excerpt":{"rendered":"<p>Auf dieser sch\u00f6nen Tour in der Altstadt entdecken Sie die wichtigsten Orte M\u00fcnchens! M\u00fcnchen \u2013 das sind 860 Jahre Geschichte, mit Herz\u00f6gen, Kurf\u00fcrsten und K\u00f6nigen. Mit zahlreichen Kirchen und historischen Pl\u00e4tzen, mit Fu\u00dfball, Dirndl und Wei\u00dfw\u00fcrste&#8230; Bei diesem Rundgang durch die M\u00fcnchner Altstadt lassen wir nichts aus. Wir entdecken dabei die unterschiedlichen Facetten der bayrischen<\/p>\n<div class=\"padding-top text-center\"><a href=\"https:\/\/www.wunder-der-stadt.com\/es\/tours\/stadtrundgang-in-die-altstadt\/\" class=\"atbtn atbtn--medium atbtn--rounded atbtn--transparent\">Weiterlesen<i class=\"atbtn__icon atbtn__icon--right fa fa-long-arrow-right\"><\/i><\/a><\/div>\n","protected":false},"featured_media":1382,"template":"","meta":[],"product_cat":[103],"product_tag":[76,81],"translation":{"provider":"WPGlobus","version":"3.0.2","language":"es","enabled_languages":["de","en","fr","es"],"languages":{"de":{"title":true,"content":true,"excerpt":false},"en":{"title":false,"content":false,"excerpt":false},"fr":{"title":false,"content":false,"excerpt":false},"es":{"title":false,"content":false,"excerpt":false}}},"yoast_head":"<!-- This site is optimized with the Yoast SEO plugin v22.0 - https:\/\/yoast.com\/wordpress\/plugins\/seo\/ -->\n<title>860 Jahre M\u00fcnchen - Ein Stadtrundgang in der Altstadt - Wunder der Stadt<\/title>\n<meta name=\"robots\" content=\"index, follow, max-snippet:-1, max-image-preview:large, max-video-preview:-1\" \/>\n<link rel=\"canonical\" href=\"https:\/\/www.wunder-der-stadt.com\/tours\/stadtrundgang-in-die-altstadt\/\" \/>\n<meta property=\"og:locale\" content=\"es_ES\" \/>\n<meta property=\"og:type\" content=\"article\" \/>\n<meta property=\"og:title\" content=\"860 Jahre M\u00fcnchner Geschichte - Ein Rundgang in der Altstadt - Wunder der Stadt - Stadtf\u00fchrungen in M\u00fcnchen und Oberbayern\" \/>\n<meta property=\"og:url\" content=\"https:\/\/www.wunder-der-stadt.com\/tours\/stadtrundgang-in-die-altstadt\/\" \/>\n<meta property=\"og:site_name\" content=\"Wunder der Stadt - Stadtf\u00fchrungen in M\u00fcnchen und Oberbayern\" \/>\n<meta property=\"article:modified_time\" content=\"2020-01-16T10:39:59+00:00\" \/>\n<meta property=\"og:image\" content=\"https:\/\/www.wunder-der-stadt.com\/wp-content\/uploads\/Kombi_Stadtrundfahrt_Stadtrundgang.jpg\" \/>\n\t<meta property=\"og:image:width\" content=\"1400\" \/>\n\t<meta property=\"og:image:height\" content=\"600\" \/>\n\t<meta property=\"og:image:type\" content=\"image\/jpeg\" \/>\n<meta name=\"twitter:card\" content=\"summary_large_image\" \/>\n<meta name=\"twitter:label1\" content=\"Est. reading time\" \/>\n\t<meta name=\"twitter:data1\" content=\"1 minute\" \/>\n<script type=\"application\/ld+json\" class=\"yoast-schema-graph\">{\"@context\":\"https:\/\/schema.org\",\"@graph\":[{\"@type\":\"WebPage\",\"@id\":\"https:\/\/www.wunder-der-stadt.com\/tours\/stadtrundgang-in-die-altstadt\/\",\"url\":\"https:\/\/www.wunder-der-stadt.com\/tours\/stadtrundgang-in-die-altstadt\/\",\"name\":\"860 Jahre M\u00fcnchen - Ein Stadtrundgang in der Altstadt - Wunder der Stadt\",\"isPartOf\":{\"@id\":\"https:\/\/www.wunder-der-stadt.com\/#website\"},\"datePublished\":\"2018-01-02T18:03:15+00:00\",\"dateModified\":\"2020-01-16T10:39:59+00:00\",\"description\":\"Besichtigen Sie bei einer Besuch der Altstadt in M\u00fcnchen die spannenden Orte der Geschichte, die gut 860 Jahre umfasst: mit Herz\u00f6gen, Kurf\u00fcrsten und K\u00f6nigen, mit zahlreichen Kirchen und historischen Pl\u00e4tzen, mit Fu\u00dfball, Dirndl und Wei\u00dfw\u00fcrste...\",\"breadcrumb\":{\"@id\":\"https:\/\/www.wunder-der-stadt.com\/tours\/stadtrundgang-in-die-altstadt\/#breadcrumb\"},\"inLanguage\":\"es-ES\",\"potentialAction\":[{\"@type\":\"ReadAction\",\"target\":[\"https:\/\/www.wunder-der-stadt.com\/tours\/stadtrundgang-in-die-altstadt\/\"]}]},{\"@type\":\"BreadcrumbList\",\"@id\":\"https:\/\/www.wunder-der-stadt.com\/tours\/stadtrundgang-in-die-altstadt\/#breadcrumb\",\"itemListElement\":[{\"@type\":\"ListItem\",\"position\":1,\"name\":\"Startseite\",\"item\":\"https:\/\/www.wunder-der-stadt.com\/\"},{\"@type\":\"ListItem\",\"position\":2,\"name\":\"Produkte\",\"item\":\"https:\/\/www.wunder-der-stadt.com\/shop\/\"},{\"@type\":\"ListItem\",\"position\":3,\"name\":\"860 Jahre M\u00fcnchner Geschichte &#8211; Ein Rundgang in der Altstadt\"}]},{\"@type\":\"WebSite\",\"@id\":\"https:\/\/www.wunder-der-stadt.com\/#website\",\"url\":\"https:\/\/www.wunder-der-stadt.com\/\",\"name\":\"{:de}Wunder der Stadt - Stadtf\u00fchrungen in M\u00fcnchen und Oberbayern{:}{:fr}Wunder der Stadt - Visites guid\u00e9es \u00e0 Munich et en Bavi\u00e8re{:}\",\"description\":\"Ihre Agentur f\u00fcr Incomingreisen, Gesch\u00e4ftreisen, Stadtf\u00fchrungen und Privatreisen in M\u00fcnchen und Bayern\",\"publisher\":{\"@id\":\"https:\/\/www.wunder-der-stadt.com\/#\/schema\/person\/7ac5370c8e8a38b0625e279f3af2d701\"},\"potentialAction\":[{\"@type\":\"SearchAction\",\"target\":{\"@type\":\"EntryPoint\",\"urlTemplate\":\"https:\/\/www.wunder-der-stadt.com\/?s={search_term_string}\"},\"query-input\":\"required name=search_term_string\"}],\"inLanguage\":\"es-ES\"},{\"@type\":[\"Person\",\"Organization\"],\"@id\":\"https:\/\/www.wunder-der-stadt.com\/#\/schema\/person\/7ac5370c8e8a38b0625e279f3af2d701\",\"name\":\"Admin\",\"logo\":{\"@id\":\"https:\/\/www.wunder-der-stadt.com\/#\/schema\/person\/image\/\"}}]}<\/script>\n<!-- \/ Yoast SEO plugin. -->","yoast_head_json":{"title":"860 Jahre M\u00fcnchen - Ein Stadtrundgang in der Altstadt - Wunder der Stadt","robots":{"index":"index","follow":"follow","max-snippet":"max-snippet:-1","max-image-preview":"max-image-preview:large","max-video-preview":"max-video-preview:-1"},"canonical":"https:\/\/www.wunder-der-stadt.com\/tours\/stadtrundgang-in-die-altstadt\/","og_locale":"es_ES","og_type":"article","og_title":"860 Jahre M\u00fcnchner Geschichte - Ein Rundgang in der Altstadt - Wunder der Stadt - Stadtf\u00fchrungen in M\u00fcnchen und Oberbayern","og_url":"https:\/\/www.wunder-der-stadt.com\/tours\/stadtrundgang-in-die-altstadt\/","og_site_name":"Wunder der Stadt - Stadtf\u00fchrungen in M\u00fcnchen und Oberbayern","article_modified_time":"2020-01-16T10:39:59+00:00","og_image":[{"width":1400,"height":600,"url":"https:\/\/www.wunder-der-stadt.com\/wp-content\/uploads\/Kombi_Stadtrundfahrt_Stadtrundgang.jpg","type":"image\/jpeg"}],"twitter_card":"summary_large_image","twitter_misc":{"Est. reading time":"1 minute"},"schema":{"@context":"https:\/\/schema.org","@graph":[{"@type":"WebPage","@id":"https:\/\/www.wunder-der-stadt.com\/tours\/stadtrundgang-in-die-altstadt\/","url":"https:\/\/www.wunder-der-stadt.com\/tours\/stadtrundgang-in-die-altstadt\/","name":"860 Jahre M\u00fcnchen - Ein Stadtrundgang in der Altstadt - Wunder der Stadt","isPartOf":{"@id":"https:\/\/www.wunder-der-stadt.com\/#website"},"datePublished":"2018-01-02T18:03:15+00:00","dateModified":"2020-01-16T10:39:59+00:00","description":"Besichtigen Sie bei einer Besuch der Altstadt in M\u00fcnchen die spannenden Orte der Geschichte, die gut 860 Jahre umfasst: mit Herz\u00f6gen, Kurf\u00fcrsten und K\u00f6nigen, mit zahlreichen Kirchen und historischen Pl\u00e4tzen, mit Fu\u00dfball, Dirndl und Wei\u00dfw\u00fcrste...","breadcrumb":{"@id":"https:\/\/www.wunder-der-stadt.com\/tours\/stadtrundgang-in-die-altstadt\/#breadcrumb"},"inLanguage":"es-ES","potentialAction":[{"@type":"ReadAction","target":["https:\/\/www.wunder-der-stadt.com\/tours\/stadtrundgang-in-die-altstadt\/"]}]},{"@type":"BreadcrumbList","@id":"https:\/\/www.wunder-der-stadt.com\/tours\/stadtrundgang-in-die-altstadt\/#breadcrumb","itemListElement":[{"@type":"ListItem","position":1,"name":"Startseite","item":"https:\/\/www.wunder-der-stadt.com\/"},{"@type":"ListItem","position":2,"name":"Produkte","item":"https:\/\/www.wunder-der-stadt.com\/shop\/"},{"@type":"ListItem","position":3,"name":"860 Jahre M\u00fcnchner Geschichte &#8211; Ein Rundgang in der Altstadt"}]},{"@type":"WebSite","@id":"https:\/\/www.wunder-der-stadt.com\/#website","url":"https:\/\/www.wunder-der-stadt.com\/","name":"{:de}Wunder der Stadt - Stadtf\u00fchrungen in M\u00fcnchen und Oberbayern{:}{:fr}Wunder der Stadt - Visites guid\u00e9es \u00e0 Munich et en Bavi\u00e8re{:}","description":"Ihre Agentur f\u00fcr Incomingreisen, Gesch\u00e4ftreisen, Stadtf\u00fchrungen und Privatreisen in M\u00fcnchen und Bayern","publisher":{"@id":"https:\/\/www.wunder-der-stadt.com\/#\/schema\/person\/7ac5370c8e8a38b0625e279f3af2d701"},"potentialAction":[{"@type":"SearchAction","target":{"@type":"EntryPoint","urlTemplate":"https:\/\/www.wunder-der-stadt.com\/?s={search_term_string}"},"query-input":"required name=search_term_string"}],"inLanguage":"es-ES"},{"@type":["Person","Organization"],"@id":"https:\/\/www.wunder-der-stadt.com\/#\/schema\/person\/7ac5370c8e8a38b0625e279f3af2d701","name":"Admin","logo":{"@id":"https:\/\/www.wunder-der-stadt.com\/#\/schema\/person\/image\/"}}]}},"_links":{"self":[{"href":"https:\/\/www.wunder-der-stadt.com\/es\/wp-json\/wp\/v2\/product\/1397"}],"collection":[{"href":"https:\/\/www.wunder-der-stadt.com\/es\/wp-json\/wp\/v2\/product"}],"about":[{"href":"https:\/\/www.wunder-der-stadt.com\/es\/wp-json\/wp\/v2\/types\/product"}],"wp:featuredmedia":[{"embeddable":true,"href":"https:\/\/www.wunder-der-stadt.com\/es\/wp-json\/wp\/v2\/media\/1382"}],"wp:attachment":[{"href":"https:\/\/www.wunder-der-stadt.com\/es\/wp-json\/wp\/v2\/media?parent=1397"}],"wp:term":[{"taxonomy":"product_cat","embeddable":true,"href":"https:\/\/www.wunder-der-stadt.com\/es\/wp-json\/wp\/v2\/product_cat?post=1397"},{"taxonomy":"product_tag","embeddable":true,"href":"https:\/\/www.wunder-der-stadt.com\/es\/wp-json\/wp\/v2\/product_tag?post=1397"}],"curies":[{"name":"wp","href":"https:\/\/api.w.org\/{rel}","templated":true}]}}