{"id":1485,"date":"2018-01-26T14:26:25","date_gmt":"2018-01-26T13:26:25","guid":{"rendered":"http:\/\/www.wunder-der-stadt.com\/?post_type=product&#038;p=1485"},"modified":"2024-01-05T12:19:39","modified_gmt":"2024-01-05T11:19:39","slug":"die-grossen-meister-der-kunst","status":"publish","type":"product","link":"https:\/\/www.wunder-der-stadt.com\/es\/tours\/die-grossen-meister-der-kunst\/","title":{"rendered":"Die Alte Pinakothek und die gro\u00dfen Meister der Kunst"},"content":{"rendered":"<p>Das Museum beherbergt eine der sch\u00f6nste und beeindruckendsten Gem\u00e4ldesammlungen Europas. Was f\u00fcr Kunstliebhaber!<\/p>\n<p>Hier werden Gem\u00e4lde aus vier Jahrhunderten gezeigt. Einst geboren aus der Sammelleidenschaft der Wittelsbacher und auf Wunsch von K\u00f6nig Ludwig I, pr\u00e4sentiert die Alte Pinakothek Meisterwerke der Welt bis ins 18. Jahrhundert hinein. Nach f\u00fcnf Jahren Restaurierung er\u00f6ffnet die Alte Pinakothek nun ihre R\u00e4ume in neuem Glanz.<\/p>\n<p>Unsere F\u00fchrung beleuchtet eine Auswahl an bedeutenden Gem\u00e4lden weltber\u00fchmter Meister der Malerei wie etwa Albrecht D\u00fcrer, Raffael, Rubens oder Rembrandt. Durch die Bilder erhalten wir einen Einblick in das Leben und die Zeit, in der die Maler wirkten.<\/p>\n<p><!--more--><\/p>\n<table class=\"table table-bordered tours-tabs__table\" style=\"height: 233px;\" width=\"862\">\n<tbody>\n<tr>\n<td><strong>AUSSTELLUNGSORT<\/strong><\/td>\n<td>\n<p class=\"p1\"><span class=\"s1\">Alte Pinakothek<\/span><\/p>\n<\/td>\n<\/tr>\n<tr>\n<td><b>DAUER<\/b><\/td>\n<td>max. 1,5 Stunden<\/td>\n<\/tr>\n<tr>\n<td><b>PREIS<\/b><\/td>\n<td>\n<p class=\"p1\"><span class=\"s1\">220,00 \u20ac &#8211; inkl. 19% MwSt.<br \/>\nplus Eintrittspreis\u00a0<\/span><a href=\"http:\/\/www.pinakothek.de\"><span class=\"s1\">www.pinakothek.de<\/span><\/a><\/p>\n<\/td>\n<\/tr>\n<tr>\n<td><strong>TEILNEHMERZAHL<\/strong><\/td>\n<td>\n<p class=\"p1\"><span class=\"s1\">max. 20 Personen<\/span><\/p>\n<\/td>\n<\/tr>\n<\/tbody>\n<\/table>\n<p>&nbsp;<\/p>\n","protected":false},"excerpt":{"rendered":"<p>Das Museum beherbergt eine der sch\u00f6nste und beeindruckendsten Gem\u00e4ldesammlungen Europas. Was f\u00fcr Kunstliebhaber! Hier werden Gem\u00e4lde aus vier Jahrhunderten gezeigt. Einst geboren aus der Sammelleidenschaft der Wittelsbacher und auf Wunsch von K\u00f6nig Ludwig I, pr\u00e4sentiert die Alte Pinakothek Meisterwerke der Welt bis ins 18. Jahrhundert hinein. Nach f\u00fcnf Jahren Restaurierung er\u00f6ffnet die Alte Pinakothek nun<\/p>\n<div class=\"padding-top text-center\"><a href=\"https:\/\/www.wunder-der-stadt.com\/es\/tours\/die-grossen-meister-der-kunst\/\" class=\"atbtn atbtn--medium atbtn--rounded atbtn--transparent\">Weiterlesen<i class=\"atbtn__icon atbtn__icon--right fa fa-long-arrow-right\"><\/i><\/a><\/div>\n","protected":false},"featured_media":1694,"template":"","meta":[],"product_cat":[103],"product_tag":[95],"translation":{"provider":"WPGlobus","version":"3.0.2","language":"es","enabled_languages":["de","en","fr","es"],"languages":{"de":{"title":true,"content":true,"excerpt":false},"en":{"title":false,"content":false,"excerpt":false},"fr":{"title":false,"content":false,"excerpt":false},"es":{"title":false,"content":false,"excerpt":false}}},"yoast_head":"<!-- This site is optimized with the Yoast SEO plugin v22.0 - https:\/\/yoast.com\/wordpress\/plugins\/seo\/ -->\n<title>Die Alte Pinakothek und die gro\u00dfen Meister der Kunst<\/title>\n<meta name=\"robots\" content=\"index, follow, max-snippet:-1, max-image-preview:large, max-video-preview:-1\" \/>\n<link rel=\"canonical\" href=\"https:\/\/www.wunder-der-stadt.com\/tours\/die-grossen-meister-der-kunst\/\" \/>\n<meta property=\"og:locale\" content=\"es_ES\" \/>\n<meta property=\"og:type\" content=\"article\" \/>\n<meta property=\"og:title\" content=\"Die Alte Pinakothek und die gro\u00dfen Meister der Kunst - Wunder der Stadt - Stadtf\u00fchrungen in M\u00fcnchen und Oberbayern\" \/>\n<meta property=\"og:url\" content=\"https:\/\/www.wunder-der-stadt.com\/tours\/die-grossen-meister-der-kunst\/\" \/>\n<meta property=\"og:site_name\" content=\"Wunder der Stadt - Stadtf\u00fchrungen in M\u00fcnchen und Oberbayern\" \/>\n<meta property=\"article:modified_time\" content=\"2024-01-05T11:19:39+00:00\" \/>\n<meta property=\"og:image\" content=\"https:\/\/www.wunder-der-stadt.com\/wp-content\/uploads\/Alte-Pinakothek-scaled.jpg\" \/>\n\t<meta property=\"og:image:width\" content=\"2560\" \/>\n\t<meta property=\"og:image:height\" content=\"1491\" \/>\n\t<meta property=\"og:image:type\" content=\"image\/jpeg\" \/>\n<meta name=\"twitter:card\" content=\"summary_large_image\" \/>\n<meta name=\"twitter:label1\" content=\"Est. reading time\" \/>\n\t<meta name=\"twitter:data1\" content=\"1 minute\" \/>\n<script type=\"application\/ld+json\" class=\"yoast-schema-graph\">{\"@context\":\"https:\/\/schema.org\",\"@graph\":[{\"@type\":\"WebPage\",\"@id\":\"https:\/\/www.wunder-der-stadt.com\/tours\/die-grossen-meister-der-kunst\/\",\"url\":\"https:\/\/www.wunder-der-stadt.com\/tours\/die-grossen-meister-der-kunst\/\",\"name\":\"Die Alte Pinakothek und die gro\u00dfen Meister der Kunst\",\"isPartOf\":{\"@id\":\"https:\/\/www.wunder-der-stadt.com\/#website\"},\"datePublished\":\"2018-01-26T13:26:25+00:00\",\"dateModified\":\"2024-01-05T11:19:39+00:00\",\"description\":\"Das M\u00fcnchner Museum Alte Pinakothek beherbergt eine der sch\u00f6nste und beeindruckendsten Gem\u00e4ldesammlungen Europas. Was f\u00fcr Kunstliebhaber!\",\"breadcrumb\":{\"@id\":\"https:\/\/www.wunder-der-stadt.com\/tours\/die-grossen-meister-der-kunst\/#breadcrumb\"},\"inLanguage\":\"es-ES\",\"potentialAction\":[{\"@type\":\"ReadAction\",\"target\":[\"https:\/\/www.wunder-der-stadt.com\/tours\/die-grossen-meister-der-kunst\/\"]}]},{\"@type\":\"BreadcrumbList\",\"@id\":\"https:\/\/www.wunder-der-stadt.com\/tours\/die-grossen-meister-der-kunst\/#breadcrumb\",\"itemListElement\":[{\"@type\":\"ListItem\",\"position\":1,\"name\":\"Startseite\",\"item\":\"https:\/\/www.wunder-der-stadt.com\/\"},{\"@type\":\"ListItem\",\"position\":2,\"name\":\"Produkte\",\"item\":\"https:\/\/www.wunder-der-stadt.com\/shop\/\"},{\"@type\":\"ListItem\",\"position\":3,\"name\":\"Die Alte Pinakothek und die gro\u00dfen Meister der Kunst\"}]},{\"@type\":\"WebSite\",\"@id\":\"https:\/\/www.wunder-der-stadt.com\/#website\",\"url\":\"https:\/\/www.wunder-der-stadt.com\/\",\"name\":\"{:de}Wunder der Stadt - Stadtf\u00fchrungen in M\u00fcnchen und Oberbayern{:}{:fr}Wunder der Stadt - Visites guid\u00e9es \u00e0 Munich et en Bavi\u00e8re{:}\",\"description\":\"Ihre Agentur f\u00fcr Incomingreisen, Gesch\u00e4ftreisen, Stadtf\u00fchrungen und Privatreisen in M\u00fcnchen und Bayern\",\"publisher\":{\"@id\":\"https:\/\/www.wunder-der-stadt.com\/#\/schema\/person\/7ac5370c8e8a38b0625e279f3af2d701\"},\"potentialAction\":[{\"@type\":\"SearchAction\",\"target\":{\"@type\":\"EntryPoint\",\"urlTemplate\":\"https:\/\/www.wunder-der-stadt.com\/?s={search_term_string}\"},\"query-input\":\"required name=search_term_string\"}],\"inLanguage\":\"es-ES\"},{\"@type\":[\"Person\",\"Organization\"],\"@id\":\"https:\/\/www.wunder-der-stadt.com\/#\/schema\/person\/7ac5370c8e8a38b0625e279f3af2d701\",\"name\":\"Admin\",\"logo\":{\"@id\":\"https:\/\/www.wunder-der-stadt.com\/#\/schema\/person\/image\/\"}}]}<\/script>\n<!-- \/ Yoast SEO plugin. -->","yoast_head_json":{"title":"Die Alte Pinakothek und die gro\u00dfen Meister der Kunst","robots":{"index":"index","follow":"follow","max-snippet":"max-snippet:-1","max-image-preview":"max-image-preview:large","max-video-preview":"max-video-preview:-1"},"canonical":"https:\/\/www.wunder-der-stadt.com\/tours\/die-grossen-meister-der-kunst\/","og_locale":"es_ES","og_type":"article","og_title":"Die Alte Pinakothek und die gro\u00dfen Meister der Kunst - Wunder der Stadt - Stadtf\u00fchrungen in M\u00fcnchen und Oberbayern","og_url":"https:\/\/www.wunder-der-stadt.com\/tours\/die-grossen-meister-der-kunst\/","og_site_name":"Wunder der Stadt - Stadtf\u00fchrungen in M\u00fcnchen und Oberbayern","article_modified_time":"2024-01-05T11:19:39+00:00","og_image":[{"width":2560,"height":1491,"url":"https:\/\/www.wunder-der-stadt.com\/wp-content\/uploads\/Alte-Pinakothek-scaled.jpg","type":"image\/jpeg"}],"twitter_card":"summary_large_image","twitter_misc":{"Est. reading time":"1 minute"},"schema":{"@context":"https:\/\/schema.org","@graph":[{"@type":"WebPage","@id":"https:\/\/www.wunder-der-stadt.com\/tours\/die-grossen-meister-der-kunst\/","url":"https:\/\/www.wunder-der-stadt.com\/tours\/die-grossen-meister-der-kunst\/","name":"Die Alte Pinakothek und die gro\u00dfen Meister der Kunst","isPartOf":{"@id":"https:\/\/www.wunder-der-stadt.com\/#website"},"datePublished":"2018-01-26T13:26:25+00:00","dateModified":"2024-01-05T11:19:39+00:00","description":"Das M\u00fcnchner Museum Alte Pinakothek beherbergt eine der sch\u00f6nste und beeindruckendsten Gem\u00e4ldesammlungen Europas. Was f\u00fcr Kunstliebhaber!","breadcrumb":{"@id":"https:\/\/www.wunder-der-stadt.com\/tours\/die-grossen-meister-der-kunst\/#breadcrumb"},"inLanguage":"es-ES","potentialAction":[{"@type":"ReadAction","target":["https:\/\/www.wunder-der-stadt.com\/tours\/die-grossen-meister-der-kunst\/"]}]},{"@type":"BreadcrumbList","@id":"https:\/\/www.wunder-der-stadt.com\/tours\/die-grossen-meister-der-kunst\/#breadcrumb","itemListElement":[{"@type":"ListItem","position":1,"name":"Startseite","item":"https:\/\/www.wunder-der-stadt.com\/"},{"@type":"ListItem","position":2,"name":"Produkte","item":"https:\/\/www.wunder-der-stadt.com\/shop\/"},{"@type":"ListItem","position":3,"name":"Die Alte Pinakothek und die gro\u00dfen Meister der Kunst"}]},{"@type":"WebSite","@id":"https:\/\/www.wunder-der-stadt.com\/#website","url":"https:\/\/www.wunder-der-stadt.com\/","name":"{:de}Wunder der Stadt - Stadtf\u00fchrungen in M\u00fcnchen und Oberbayern{:}{:fr}Wunder der Stadt - Visites guid\u00e9es \u00e0 Munich et en Bavi\u00e8re{:}","description":"Ihre Agentur f\u00fcr Incomingreisen, Gesch\u00e4ftreisen, Stadtf\u00fchrungen und Privatreisen in M\u00fcnchen und Bayern","publisher":{"@id":"https:\/\/www.wunder-der-stadt.com\/#\/schema\/person\/7ac5370c8e8a38b0625e279f3af2d701"},"potentialAction":[{"@type":"SearchAction","target":{"@type":"EntryPoint","urlTemplate":"https:\/\/www.wunder-der-stadt.com\/?s={search_term_string}"},"query-input":"required name=search_term_string"}],"inLanguage":"es-ES"},{"@type":["Person","Organization"],"@id":"https:\/\/www.wunder-der-stadt.com\/#\/schema\/person\/7ac5370c8e8a38b0625e279f3af2d701","name":"Admin","logo":{"@id":"https:\/\/www.wunder-der-stadt.com\/#\/schema\/person\/image\/"}}]}},"_links":{"self":[{"href":"https:\/\/www.wunder-der-stadt.com\/es\/wp-json\/wp\/v2\/product\/1485"}],"collection":[{"href":"https:\/\/www.wunder-der-stadt.com\/es\/wp-json\/wp\/v2\/product"}],"about":[{"href":"https:\/\/www.wunder-der-stadt.com\/es\/wp-json\/wp\/v2\/types\/product"}],"wp:featuredmedia":[{"embeddable":true,"href":"https:\/\/www.wunder-der-stadt.com\/es\/wp-json\/wp\/v2\/media\/1694"}],"wp:attachment":[{"href":"https:\/\/www.wunder-der-stadt.com\/es\/wp-json\/wp\/v2\/media?parent=1485"}],"wp:term":[{"taxonomy":"product_cat","embeddable":true,"href":"https:\/\/www.wunder-der-stadt.com\/es\/wp-json\/wp\/v2\/product_cat?post=1485"},{"taxonomy":"product_tag","embeddable":true,"href":"https:\/\/www.wunder-der-stadt.com\/es\/wp-json\/wp\/v2\/product_tag?post=1485"}],"curies":[{"name":"wp","href":"https:\/\/api.w.org\/{rel}","templated":true}]}}