{"id":1508,"date":"2018-01-26T14:59:53","date_gmt":"2018-01-26T13:59:53","guid":{"rendered":"http:\/\/www.wunder-der-stadt.com\/?post_type=product&#038;p=1508"},"modified":"2024-01-04T21:02:40","modified_gmt":"2024-01-04T20:02:40","slug":"die-residenz-muenchen","status":"publish","type":"product","link":"https:\/\/www.wunder-der-stadt.com\/es\/tours\/die-residenz-muenchen\/","title":{"rendered":"Die Residenz M\u00fcnchen &#8211; 450 Jahre Wittelsbacher Herrschaft"},"content":{"rendered":"<p><span style=\"font-size: 14pt;\"><strong>Die Residenz M\u00fcnchen &#8211; 450 Jahre Wittelsbacher Herrschaft<\/strong><\/span><\/p>\n<p><span style=\"font-size: 12pt;\">Der Schauplatz der wechselreichen M\u00fcnchner Geschichte war einst der glamour\u00f6se Sitz der Wittelsbacher Familie!<\/span><\/p>\n<p>Von einer mittelalterlichen Burg im 14. Jahrhundert entwickelte sich <a href=\"https:\/\/www.residenz-muenchen.de\/\">die Residenz<\/a> im 17. und 18. Jahrhundert zu einer der pr\u00e4chtigsten Pal\u00e4ste in Europa.<\/p>\n<p>Das Stadtschloss war Hauptsitz der Wittelsbacher bis 1919, Residenz der Herz\u00f6ge, Kurf\u00fcrsten und K\u00f6nige von Bayern aber auch von Kaiser Karl VII. Deutsche und franz\u00f6sische Kaiser, ausl\u00e4ndische K\u00f6nige, K\u00fcnstler von Weltrang und sp\u00e4ter bedeutsame Politiker waren hier zu Besuch.<\/p>\n<p>Im Zweiten Weltkrieg wurde die Residenz komplett zerst\u00f6rt und dann mit sehr viel Liebe zum Detail und der Hilfe der M\u00fcnchner B\u00fcrger in seiner Gesamtheit wieder aufgebaut. Die Pracht des einst bedeutsamen Geb\u00e4udes kann heute wieder bewundert werden.<\/p>\n<p>Das Museum bietet heute ungef\u00e4hr 150 R\u00e4ume mit Kunst und Architektur aus vier Jahrhunderten. Das wei\u00df-rot-goldene Cuvilli\u00e9s-Theater aus der Mitte des <span class=\"umbruch\">18. Jahrhunderts<\/span> mit seinem \u00fcberbordenden fig\u00fcrlichen und ornamentalen Dekor stellt ein Hauptwerk des kurbayerischen Rokoko und ein einzigartiges Gesamtkunstwerk von europ\u00e4ischem Rang dar. Die weltber\u00fchmte\u00a0 <a href=\"https:\/\/www.residenz-muenchen.de\/deutsch\/skammer\/index.htm\">Schatzkammer<\/a> mit \u00fcber 1200 Einzelst\u00fccke geh\u00f6rt zu den beeindr\u00fccksten Museen der Welt.<\/p>\n<p>Die F\u00fchrung &#8220;Die Residenz M\u00fcnchen &#8211; 450 Jahre Wittelsbacher Herrschaft&#8221; ist a<span class=\"s1\">uch f\u00fcr <a href=\"https:\/\/www.wunder-der-stadt.com\/schulklassen\/\">Schulklassen<\/a> geeignet!<br \/>\n<\/span><\/p>\n<p><!--more--><\/p>\n<table class=\"table table-bordered tours-tabs__table\" style=\"height: 233px;\" width=\"862\">\n<tbody>\n<tr>\n<td><strong>LOCATION<\/strong><\/td>\n<td>\n<p class=\"p1\">Residenz M\u00fcnchen<\/p>\n<\/td>\n<\/tr>\n<tr>\n<td><b>DAUER<\/b><\/td>\n<td>max. 2 Stunden<\/td>\n<\/tr>\n<tr>\n<td><b>PREIS<\/b><\/td>\n<td>\n<p class=\"p1\"><span class=\"s1\">220,00 \u20ac &#8211; inkl. 19% MwSt.<br \/>\nplus Eintrittspreis\u00a0<\/span><a href=\"http:\/\/www.residenz-muenchen.de\"><span class=\"s1\">www.residenz-muenchen.de<\/span><\/a><\/p>\n<\/td>\n<\/tr>\n<tr>\n<td><strong>TEILNEHMERZAHL<\/strong><\/td>\n<td>\n<p class=\"p1\"><span class=\"s1\">max. 20 Personen \/ Gruppe <\/span><a href=\"https:\/\/www.residenz-muenchen.de\/\">www.residenz-muenchen.de<\/a><\/p>\n<\/td>\n<\/tr>\n<\/tbody>\n<\/table>\n<p>&nbsp;<\/p>\n","protected":false},"excerpt":{"rendered":"<p>Die Residenz M\u00fcnchen &#8211; 450 Jahre Wittelsbacher Herrschaft Der Schauplatz der wechselreichen M\u00fcnchner Geschichte war einst der glamour\u00f6se Sitz der Wittelsbacher Familie! Von einer mittelalterlichen Burg im 14. Jahrhundert entwickelte sich die Residenz im 17. und 18. Jahrhundert zu einer der pr\u00e4chtigsten Pal\u00e4ste in Europa. Das Stadtschloss war Hauptsitz der Wittelsbacher bis 1919, Residenz der<\/p>\n<div class=\"padding-top text-center\"><a href=\"https:\/\/www.wunder-der-stadt.com\/es\/tours\/die-residenz-muenchen\/\" class=\"atbtn atbtn--medium atbtn--rounded atbtn--transparent\">Weiterlesen<i class=\"atbtn__icon atbtn__icon--right fa fa-long-arrow-right\"><\/i><\/a><\/div>\n","protected":false},"featured_media":1583,"template":"","meta":[],"product_cat":[103],"product_tag":[100],"translation":{"provider":"WPGlobus","version":"3.0.2","language":"es","enabled_languages":["de","en","fr","es"],"languages":{"de":{"title":true,"content":true,"excerpt":false},"en":{"title":false,"content":false,"excerpt":false},"fr":{"title":false,"content":false,"excerpt":false},"es":{"title":false,"content":false,"excerpt":false}}},"yoast_head":"<!-- This site is optimized with the Yoast SEO plugin v22.0 - https:\/\/yoast.com\/wordpress\/plugins\/seo\/ -->\n<title>Die Residenz M\u00fcnchen - 450 Jahre Wittelsbacher Herrschaft<\/title>\n<meta name=\"robots\" content=\"index, follow, max-snippet:-1, max-image-preview:large, max-video-preview:-1\" \/>\n<link rel=\"canonical\" href=\"https:\/\/www.wunder-der-stadt.com\/tours\/die-residenz-muenchen\/\" \/>\n<meta property=\"og:locale\" content=\"es_ES\" \/>\n<meta property=\"og:type\" content=\"article\" \/>\n<meta property=\"og:title\" content=\"Die Residenz M\u00fcnchen - 450 Jahre Wittelsbacher Herrschaft - Wunder der Stadt - Stadtf\u00fchrungen in M\u00fcnchen und Oberbayern\" \/>\n<meta property=\"og:url\" content=\"https:\/\/www.wunder-der-stadt.com\/tours\/die-residenz-muenchen\/\" \/>\n<meta property=\"og:site_name\" content=\"Wunder der Stadt - Stadtf\u00fchrungen in M\u00fcnchen und Oberbayern\" \/>\n<meta property=\"article:modified_time\" content=\"2024-01-04T20:02:40+00:00\" \/>\n<meta property=\"og:image\" content=\"https:\/\/www.wunder-der-stadt.com\/wp-content\/uploads\/Banner_Koenigsbau_der_Residenz-Foto_Fritz_Mader.jpg\" \/>\n\t<meta property=\"og:image:width\" content=\"1400\" \/>\n\t<meta property=\"og:image:height\" content=\"600\" \/>\n\t<meta property=\"og:image:type\" content=\"image\/jpeg\" \/>\n<meta name=\"twitter:card\" content=\"summary_large_image\" \/>\n<meta name=\"twitter:label1\" content=\"Est. reading time\" \/>\n\t<meta name=\"twitter:data1\" content=\"2 minutes\" \/>\n<script type=\"application\/ld+json\" class=\"yoast-schema-graph\">{\"@context\":\"https:\/\/schema.org\",\"@graph\":[{\"@type\":\"WebPage\",\"@id\":\"https:\/\/www.wunder-der-stadt.com\/tours\/die-residenz-muenchen\/\",\"url\":\"https:\/\/www.wunder-der-stadt.com\/tours\/die-residenz-muenchen\/\",\"name\":\"Die Residenz M\u00fcnchen - 450 Jahre Wittelsbacher Herrschaft\",\"isPartOf\":{\"@id\":\"https:\/\/www.wunder-der-stadt.com\/#website\"},\"datePublished\":\"2018-01-26T13:59:53+00:00\",\"dateModified\":\"2024-01-04T20:02:40+00:00\",\"description\":\"Die Residenz M\u00fcnchen - der Schauplatz der wechselreichen M\u00fcnchner Geschichte war einst der glamour\u00f6se Sitz der Wittelsbacher Herrschaft!\",\"breadcrumb\":{\"@id\":\"https:\/\/www.wunder-der-stadt.com\/tours\/die-residenz-muenchen\/#breadcrumb\"},\"inLanguage\":\"es-ES\",\"potentialAction\":[{\"@type\":\"ReadAction\",\"target\":[\"https:\/\/www.wunder-der-stadt.com\/tours\/die-residenz-muenchen\/\"]}]},{\"@type\":\"BreadcrumbList\",\"@id\":\"https:\/\/www.wunder-der-stadt.com\/tours\/die-residenz-muenchen\/#breadcrumb\",\"itemListElement\":[{\"@type\":\"ListItem\",\"position\":1,\"name\":\"Startseite\",\"item\":\"https:\/\/www.wunder-der-stadt.com\/\"},{\"@type\":\"ListItem\",\"position\":2,\"name\":\"Produkte\",\"item\":\"https:\/\/www.wunder-der-stadt.com\/shop\/\"},{\"@type\":\"ListItem\",\"position\":3,\"name\":\"Die Residenz M\u00fcnchen &#8211; 450 Jahre Wittelsbacher Herrschaft\"}]},{\"@type\":\"WebSite\",\"@id\":\"https:\/\/www.wunder-der-stadt.com\/#website\",\"url\":\"https:\/\/www.wunder-der-stadt.com\/\",\"name\":\"{:de}Wunder der Stadt - Stadtf\u00fchrungen in M\u00fcnchen und Oberbayern{:}{:fr}Wunder der Stadt - Visites guid\u00e9es \u00e0 Munich et en Bavi\u00e8re{:}\",\"description\":\"Ihre Agentur f\u00fcr Incomingreisen, Gesch\u00e4ftreisen, Stadtf\u00fchrungen und Privatreisen in M\u00fcnchen und Bayern\",\"publisher\":{\"@id\":\"https:\/\/www.wunder-der-stadt.com\/#\/schema\/person\/7ac5370c8e8a38b0625e279f3af2d701\"},\"potentialAction\":[{\"@type\":\"SearchAction\",\"target\":{\"@type\":\"EntryPoint\",\"urlTemplate\":\"https:\/\/www.wunder-der-stadt.com\/?s={search_term_string}\"},\"query-input\":\"required name=search_term_string\"}],\"inLanguage\":\"es-ES\"},{\"@type\":[\"Person\",\"Organization\"],\"@id\":\"https:\/\/www.wunder-der-stadt.com\/#\/schema\/person\/7ac5370c8e8a38b0625e279f3af2d701\",\"name\":\"Admin\",\"logo\":{\"@id\":\"https:\/\/www.wunder-der-stadt.com\/#\/schema\/person\/image\/\"}}]}<\/script>\n<!-- \/ Yoast SEO plugin. -->","yoast_head_json":{"title":"Die Residenz M\u00fcnchen - 450 Jahre Wittelsbacher Herrschaft","robots":{"index":"index","follow":"follow","max-snippet":"max-snippet:-1","max-image-preview":"max-image-preview:large","max-video-preview":"max-video-preview:-1"},"canonical":"https:\/\/www.wunder-der-stadt.com\/tours\/die-residenz-muenchen\/","og_locale":"es_ES","og_type":"article","og_title":"Die Residenz M\u00fcnchen - 450 Jahre Wittelsbacher Herrschaft - Wunder der Stadt - Stadtf\u00fchrungen in M\u00fcnchen und Oberbayern","og_url":"https:\/\/www.wunder-der-stadt.com\/tours\/die-residenz-muenchen\/","og_site_name":"Wunder der Stadt - Stadtf\u00fchrungen in M\u00fcnchen und Oberbayern","article_modified_time":"2024-01-04T20:02:40+00:00","og_image":[{"width":1400,"height":600,"url":"https:\/\/www.wunder-der-stadt.com\/wp-content\/uploads\/Banner_Koenigsbau_der_Residenz-Foto_Fritz_Mader.jpg","type":"image\/jpeg"}],"twitter_card":"summary_large_image","twitter_misc":{"Est. reading time":"2 minutes"},"schema":{"@context":"https:\/\/schema.org","@graph":[{"@type":"WebPage","@id":"https:\/\/www.wunder-der-stadt.com\/tours\/die-residenz-muenchen\/","url":"https:\/\/www.wunder-der-stadt.com\/tours\/die-residenz-muenchen\/","name":"Die Residenz M\u00fcnchen - 450 Jahre Wittelsbacher Herrschaft","isPartOf":{"@id":"https:\/\/www.wunder-der-stadt.com\/#website"},"datePublished":"2018-01-26T13:59:53+00:00","dateModified":"2024-01-04T20:02:40+00:00","description":"Die Residenz M\u00fcnchen - der Schauplatz der wechselreichen M\u00fcnchner Geschichte war einst der glamour\u00f6se Sitz der Wittelsbacher Herrschaft!","breadcrumb":{"@id":"https:\/\/www.wunder-der-stadt.com\/tours\/die-residenz-muenchen\/#breadcrumb"},"inLanguage":"es-ES","potentialAction":[{"@type":"ReadAction","target":["https:\/\/www.wunder-der-stadt.com\/tours\/die-residenz-muenchen\/"]}]},{"@type":"BreadcrumbList","@id":"https:\/\/www.wunder-der-stadt.com\/tours\/die-residenz-muenchen\/#breadcrumb","itemListElement":[{"@type":"ListItem","position":1,"name":"Startseite","item":"https:\/\/www.wunder-der-stadt.com\/"},{"@type":"ListItem","position":2,"name":"Produkte","item":"https:\/\/www.wunder-der-stadt.com\/shop\/"},{"@type":"ListItem","position":3,"name":"Die Residenz M\u00fcnchen &#8211; 450 Jahre Wittelsbacher Herrschaft"}]},{"@type":"WebSite","@id":"https:\/\/www.wunder-der-stadt.com\/#website","url":"https:\/\/www.wunder-der-stadt.com\/","name":"{:de}Wunder der Stadt - Stadtf\u00fchrungen in M\u00fcnchen und Oberbayern{:}{:fr}Wunder der Stadt - Visites guid\u00e9es \u00e0 Munich et en Bavi\u00e8re{:}","description":"Ihre Agentur f\u00fcr Incomingreisen, Gesch\u00e4ftreisen, Stadtf\u00fchrungen und Privatreisen in M\u00fcnchen und Bayern","publisher":{"@id":"https:\/\/www.wunder-der-stadt.com\/#\/schema\/person\/7ac5370c8e8a38b0625e279f3af2d701"},"potentialAction":[{"@type":"SearchAction","target":{"@type":"EntryPoint","urlTemplate":"https:\/\/www.wunder-der-stadt.com\/?s={search_term_string}"},"query-input":"required name=search_term_string"}],"inLanguage":"es-ES"},{"@type":["Person","Organization"],"@id":"https:\/\/www.wunder-der-stadt.com\/#\/schema\/person\/7ac5370c8e8a38b0625e279f3af2d701","name":"Admin","logo":{"@id":"https:\/\/www.wunder-der-stadt.com\/#\/schema\/person\/image\/"}}]}},"_links":{"self":[{"href":"https:\/\/www.wunder-der-stadt.com\/es\/wp-json\/wp\/v2\/product\/1508"}],"collection":[{"href":"https:\/\/www.wunder-der-stadt.com\/es\/wp-json\/wp\/v2\/product"}],"about":[{"href":"https:\/\/www.wunder-der-stadt.com\/es\/wp-json\/wp\/v2\/types\/product"}],"wp:featuredmedia":[{"embeddable":true,"href":"https:\/\/www.wunder-der-stadt.com\/es\/wp-json\/wp\/v2\/media\/1583"}],"wp:attachment":[{"href":"https:\/\/www.wunder-der-stadt.com\/es\/wp-json\/wp\/v2\/media?parent=1508"}],"wp:term":[{"taxonomy":"product_cat","embeddable":true,"href":"https:\/\/www.wunder-der-stadt.com\/es\/wp-json\/wp\/v2\/product_cat?post=1508"},{"taxonomy":"product_tag","embeddable":true,"href":"https:\/\/www.wunder-der-stadt.com\/es\/wp-json\/wp\/v2\/product_tag?post=1508"}],"curies":[{"name":"wp","href":"https:\/\/api.w.org\/{rel}","templated":true}]}}