{"id":1767,"date":"2018-03-21T17:39:22","date_gmt":"2018-03-21T16:39:22","guid":{"rendered":"http:\/\/www.wunder-der-stadt.com\/?post_type=product&#038;p=1767"},"modified":"2024-01-05T12:18:10","modified_gmt":"2024-01-05T11:18:10","slug":"das-muenchner-stadtmuseum-2","status":"publish","type":"product","link":"https:\/\/www.wunder-der-stadt.com\/es\/tours\/das-muenchner-stadtmuseum-2\/","title":{"rendered":"Das M\u00fcnchner Stadtmuseum"},"content":{"rendered":"<p><span style=\"font-size: 14pt;\"><strong>Das M\u00fcnchner Stadtmuseum<\/strong><\/span><\/p>\n<p>Entdecken Sie die Stadt anhand ihrer historischen, witzigen Protagonisten. Gibt\u2019s nur in <a href=\"https:\/\/www.wunder-der-stadt.com\/tours\/stadtrundgang-in-die-altstadt\/\">M\u00fcnchen<\/a>!<\/p>\n<p>Mit der Ausstellung \u00abTypisch M\u00fcnchen\u00bb hat sich die Landeshauptstadt ein Denkmal gesetzt, voller Humor und Witz. Und das begr\u00fcndet zu Recht einen Besuch des Stadtmuseums!<\/p>\n<p>Denn hier entdeckt man die Historie M\u00fcnchens durch einzelne Geschichtchen ihrer Einwohner und lustigen Figuren.<\/p>\n<p>Eine Kostprobe: Kennen Sie die Moriskent\u00e4nzer und die Katastrophe mit den Elefanten? Erinnern Sie sich an Waldi, den Dackel? Wussten Sie, dass Heinrich der L\u00f6we, Gr\u00fcnder der Stadt, drei Schl\u00fcsselbeine hatte? Sie kennen den Ritter Caspar III Notthafft von Wernberg, &#8211; aber Sie wissen nicht wer er ist?<\/p>\n<p>Kein Problem, diese und weitere Figuren warten im Stadtmuseum auf Ihren Besuch.<\/p>\n<p class=\"p1\"><span class=\"s1\">Auch sehr gut f\u00fcr <a href=\"https:\/\/www.wunder-der-stadt.com\/schulklassen\/\">Schulklassen<\/a> geeignet!<\/span><\/p>\n<p><!--more--><\/p>\n<table class=\"table table-bordered tours-tabs__table\" style=\"height: 233px;\" width=\"862\">\n<tbody>\n<tr>\n<td><strong>LOCATION<\/strong><\/td>\n<td>\n<p class=\"p1\">Stadtmuseum M\u00fcnchen<\/p>\n<\/td>\n<\/tr>\n<tr>\n<td><b>DAUER<\/b><\/td>\n<td>max. 2 Stunden<\/td>\n<\/tr>\n<tr>\n<td><b>PREIS<\/b><\/td>\n<td>\n<p class=\"p1\"><span class=\"s1\">210,00 \u20ac &#8211; inkl. 19% MwSt.<br \/>\nplus Eintrittspreis\u00a0<\/span><a href=\"http:\/\/www.muenchner-stadtmuseum.de\"><span class=\"s1\">www.muenchner-stadtmuseum.de<\/span><\/a><\/p>\n<\/td>\n<\/tr>\n<tr>\n<td><strong>TEILNEHMERZAHL<\/strong><\/td>\n<td>\n<p class=\"p1\"><span class=\"s1\">max. 20 Personen<\/span><\/p>\n<\/td>\n<\/tr>\n<\/tbody>\n<\/table>\n<p>&nbsp;<\/p>\n","protected":false},"excerpt":{"rendered":"<p>Das M\u00fcnchner Stadtmuseum Entdecken Sie die Stadt anhand ihrer historischen, witzigen Protagonisten. Gibt\u2019s nur in M\u00fcnchen! Mit der Ausstellung \u00abTypisch M\u00fcnchen\u00bb hat sich die Landeshauptstadt ein Denkmal gesetzt, voller Humor und Witz. Und das begr\u00fcndet zu Recht einen Besuch des Stadtmuseums! Denn hier entdeckt man die Historie M\u00fcnchens durch einzelne Geschichtchen ihrer Einwohner und lustigen<\/p>\n<div class=\"padding-top text-center\"><a href=\"https:\/\/www.wunder-der-stadt.com\/es\/tours\/das-muenchner-stadtmuseum-2\/\" class=\"atbtn atbtn--medium atbtn--rounded atbtn--transparent\">Weiterlesen<i class=\"atbtn__icon atbtn__icon--right fa fa-long-arrow-right\"><\/i><\/a><\/div>\n","protected":false},"featured_media":1593,"template":"","meta":[],"product_cat":[103],"product_tag":[99],"translation":{"provider":"WPGlobus","version":"3.0.2","language":"es","enabled_languages":["de","en","fr","es"],"languages":{"de":{"title":true,"content":true,"excerpt":false},"en":{"title":false,"content":false,"excerpt":false},"fr":{"title":false,"content":false,"excerpt":false},"es":{"title":false,"content":false,"excerpt":false}}},"yoast_head":"<!-- This site is optimized with the Yoast SEO plugin v22.0 - https:\/\/yoast.com\/wordpress\/plugins\/seo\/ -->\n<title>Das M\u00fcnchner Stadtmuseum - Wunder der Stadt - Stadtf\u00fchrungen in M\u00fcnchen und Oberbayern<\/title>\n<meta name=\"robots\" content=\"index, follow, max-snippet:-1, max-image-preview:large, max-video-preview:-1\" \/>\n<link rel=\"canonical\" href=\"https:\/\/www.wunder-der-stadt.com\/tours\/das-muenchner-stadtmuseum-2\/\" \/>\n<meta property=\"og:locale\" content=\"es_ES\" \/>\n<meta property=\"og:type\" content=\"article\" \/>\n<meta property=\"og:title\" content=\"Das M\u00fcnchner Stadtmuseum - Wunder der Stadt - Stadtf\u00fchrungen in M\u00fcnchen und Oberbayern\" \/>\n<meta property=\"og:url\" content=\"https:\/\/www.wunder-der-stadt.com\/tours\/das-muenchner-stadtmuseum-2\/\" \/>\n<meta property=\"og:site_name\" content=\"Wunder der Stadt - Stadtf\u00fchrungen in M\u00fcnchen und Oberbayern\" \/>\n<meta property=\"article:modified_time\" content=\"2024-01-05T11:18:10+00:00\" \/>\n<meta property=\"og:image\" content=\"https:\/\/www.wunder-der-stadt.com\/wp-content\/uploads\/Banner_Stadtmuseum_Muenchen.jpg\" \/>\n\t<meta property=\"og:image:width\" content=\"1400\" \/>\n\t<meta property=\"og:image:height\" content=\"600\" \/>\n\t<meta property=\"og:image:type\" content=\"image\/jpeg\" \/>\n<meta name=\"twitter:card\" content=\"summary_large_image\" \/>\n<meta name=\"twitter:label1\" content=\"Est. reading time\" \/>\n\t<meta name=\"twitter:data1\" content=\"1 minute\" \/>\n<script type=\"application\/ld+json\" class=\"yoast-schema-graph\">{\"@context\":\"https:\/\/schema.org\",\"@graph\":[{\"@type\":\"WebPage\",\"@id\":\"https:\/\/www.wunder-der-stadt.com\/tours\/das-muenchner-stadtmuseum-2\/\",\"url\":\"https:\/\/www.wunder-der-stadt.com\/tours\/das-muenchner-stadtmuseum-2\/\",\"name\":\"Das M\u00fcnchner Stadtmuseum - Wunder der Stadt - Stadtf\u00fchrungen in M\u00fcnchen und Oberbayern\",\"isPartOf\":{\"@id\":\"https:\/\/www.wunder-der-stadt.com\/#website\"},\"datePublished\":\"2018-03-21T16:39:22+00:00\",\"dateModified\":\"2024-01-05T11:18:10+00:00\",\"description\":\"Das M\u00fcnchner Stadtmuseum hat sich mit der Ausstellung \u00abTypisch M\u00fcnchen\u00bb ein Denkmal gesetzt, voller Humor und Witz.\",\"breadcrumb\":{\"@id\":\"https:\/\/www.wunder-der-stadt.com\/tours\/das-muenchner-stadtmuseum-2\/#breadcrumb\"},\"inLanguage\":\"es-ES\",\"potentialAction\":[{\"@type\":\"ReadAction\",\"target\":[\"https:\/\/www.wunder-der-stadt.com\/tours\/das-muenchner-stadtmuseum-2\/\"]}]},{\"@type\":\"BreadcrumbList\",\"@id\":\"https:\/\/www.wunder-der-stadt.com\/tours\/das-muenchner-stadtmuseum-2\/#breadcrumb\",\"itemListElement\":[{\"@type\":\"ListItem\",\"position\":1,\"name\":\"Startseite\",\"item\":\"https:\/\/www.wunder-der-stadt.com\/\"},{\"@type\":\"ListItem\",\"position\":2,\"name\":\"Produkte\",\"item\":\"https:\/\/www.wunder-der-stadt.com\/shop\/\"},{\"@type\":\"ListItem\",\"position\":3,\"name\":\"Das M\u00fcnchner Stadtmuseum\"}]},{\"@type\":\"WebSite\",\"@id\":\"https:\/\/www.wunder-der-stadt.com\/#website\",\"url\":\"https:\/\/www.wunder-der-stadt.com\/\",\"name\":\"{:de}Wunder der Stadt - Stadtf\u00fchrungen in M\u00fcnchen und Oberbayern{:}{:fr}Wunder der Stadt - Visites guid\u00e9es \u00e0 Munich et en Bavi\u00e8re{:}\",\"description\":\"Ihre Agentur f\u00fcr Incomingreisen, Gesch\u00e4ftreisen, Stadtf\u00fchrungen und Privatreisen in M\u00fcnchen und Bayern\",\"publisher\":{\"@id\":\"https:\/\/www.wunder-der-stadt.com\/#\/schema\/person\/7ac5370c8e8a38b0625e279f3af2d701\"},\"potentialAction\":[{\"@type\":\"SearchAction\",\"target\":{\"@type\":\"EntryPoint\",\"urlTemplate\":\"https:\/\/www.wunder-der-stadt.com\/?s={search_term_string}\"},\"query-input\":\"required name=search_term_string\"}],\"inLanguage\":\"es-ES\"},{\"@type\":[\"Person\",\"Organization\"],\"@id\":\"https:\/\/www.wunder-der-stadt.com\/#\/schema\/person\/7ac5370c8e8a38b0625e279f3af2d701\",\"name\":\"Admin\",\"logo\":{\"@id\":\"https:\/\/www.wunder-der-stadt.com\/#\/schema\/person\/image\/\"}}]}<\/script>\n<!-- \/ Yoast SEO plugin. -->","yoast_head_json":{"title":"Das M\u00fcnchner Stadtmuseum - Wunder der Stadt - Stadtf\u00fchrungen in M\u00fcnchen und Oberbayern","robots":{"index":"index","follow":"follow","max-snippet":"max-snippet:-1","max-image-preview":"max-image-preview:large","max-video-preview":"max-video-preview:-1"},"canonical":"https:\/\/www.wunder-der-stadt.com\/tours\/das-muenchner-stadtmuseum-2\/","og_locale":"es_ES","og_type":"article","og_title":"Das M\u00fcnchner Stadtmuseum - Wunder der Stadt - Stadtf\u00fchrungen in M\u00fcnchen und Oberbayern","og_url":"https:\/\/www.wunder-der-stadt.com\/tours\/das-muenchner-stadtmuseum-2\/","og_site_name":"Wunder der Stadt - Stadtf\u00fchrungen in M\u00fcnchen und Oberbayern","article_modified_time":"2024-01-05T11:18:10+00:00","og_image":[{"width":1400,"height":600,"url":"https:\/\/www.wunder-der-stadt.com\/wp-content\/uploads\/Banner_Stadtmuseum_Muenchen.jpg","type":"image\/jpeg"}],"twitter_card":"summary_large_image","twitter_misc":{"Est. reading time":"1 minute"},"schema":{"@context":"https:\/\/schema.org","@graph":[{"@type":"WebPage","@id":"https:\/\/www.wunder-der-stadt.com\/tours\/das-muenchner-stadtmuseum-2\/","url":"https:\/\/www.wunder-der-stadt.com\/tours\/das-muenchner-stadtmuseum-2\/","name":"Das M\u00fcnchner Stadtmuseum - Wunder der Stadt - Stadtf\u00fchrungen in M\u00fcnchen und Oberbayern","isPartOf":{"@id":"https:\/\/www.wunder-der-stadt.com\/#website"},"datePublished":"2018-03-21T16:39:22+00:00","dateModified":"2024-01-05T11:18:10+00:00","description":"Das M\u00fcnchner Stadtmuseum hat sich mit der Ausstellung \u00abTypisch M\u00fcnchen\u00bb ein Denkmal gesetzt, voller Humor und Witz.","breadcrumb":{"@id":"https:\/\/www.wunder-der-stadt.com\/tours\/das-muenchner-stadtmuseum-2\/#breadcrumb"},"inLanguage":"es-ES","potentialAction":[{"@type":"ReadAction","target":["https:\/\/www.wunder-der-stadt.com\/tours\/das-muenchner-stadtmuseum-2\/"]}]},{"@type":"BreadcrumbList","@id":"https:\/\/www.wunder-der-stadt.com\/tours\/das-muenchner-stadtmuseum-2\/#breadcrumb","itemListElement":[{"@type":"ListItem","position":1,"name":"Startseite","item":"https:\/\/www.wunder-der-stadt.com\/"},{"@type":"ListItem","position":2,"name":"Produkte","item":"https:\/\/www.wunder-der-stadt.com\/shop\/"},{"@type":"ListItem","position":3,"name":"Das M\u00fcnchner Stadtmuseum"}]},{"@type":"WebSite","@id":"https:\/\/www.wunder-der-stadt.com\/#website","url":"https:\/\/www.wunder-der-stadt.com\/","name":"{:de}Wunder der Stadt - Stadtf\u00fchrungen in M\u00fcnchen und Oberbayern{:}{:fr}Wunder der Stadt - Visites guid\u00e9es \u00e0 Munich et en Bavi\u00e8re{:}","description":"Ihre Agentur f\u00fcr Incomingreisen, Gesch\u00e4ftreisen, Stadtf\u00fchrungen und Privatreisen in M\u00fcnchen und Bayern","publisher":{"@id":"https:\/\/www.wunder-der-stadt.com\/#\/schema\/person\/7ac5370c8e8a38b0625e279f3af2d701"},"potentialAction":[{"@type":"SearchAction","target":{"@type":"EntryPoint","urlTemplate":"https:\/\/www.wunder-der-stadt.com\/?s={search_term_string}"},"query-input":"required name=search_term_string"}],"inLanguage":"es-ES"},{"@type":["Person","Organization"],"@id":"https:\/\/www.wunder-der-stadt.com\/#\/schema\/person\/7ac5370c8e8a38b0625e279f3af2d701","name":"Admin","logo":{"@id":"https:\/\/www.wunder-der-stadt.com\/#\/schema\/person\/image\/"}}]}},"_links":{"self":[{"href":"https:\/\/www.wunder-der-stadt.com\/es\/wp-json\/wp\/v2\/product\/1767"}],"collection":[{"href":"https:\/\/www.wunder-der-stadt.com\/es\/wp-json\/wp\/v2\/product"}],"about":[{"href":"https:\/\/www.wunder-der-stadt.com\/es\/wp-json\/wp\/v2\/types\/product"}],"wp:featuredmedia":[{"embeddable":true,"href":"https:\/\/www.wunder-der-stadt.com\/es\/wp-json\/wp\/v2\/media\/1593"}],"wp:attachment":[{"href":"https:\/\/www.wunder-der-stadt.com\/es\/wp-json\/wp\/v2\/media?parent=1767"}],"wp:term":[{"taxonomy":"product_cat","embeddable":true,"href":"https:\/\/www.wunder-der-stadt.com\/es\/wp-json\/wp\/v2\/product_cat?post=1767"},{"taxonomy":"product_tag","embeddable":true,"href":"https:\/\/www.wunder-der-stadt.com\/es\/wp-json\/wp\/v2\/product_tag?post=1767"}],"curies":[{"name":"wp","href":"https:\/\/api.w.org\/{rel}","templated":true}]}}