{"id":1808,"date":"2018-03-22T12:15:42","date_gmt":"2018-03-22T11:15:42","guid":{"rendered":"http:\/\/www.wunder-der-stadt.com\/?post_type=product&#038;p=1808"},"modified":"2024-01-03T16:34:10","modified_gmt":"2024-01-03T15:34:10","slug":"munich-860-ans-dhistoire-en-2-heures-de-visite","status":"publish","type":"product","link":"https:\/\/www.wunder-der-stadt.com\/es\/tours\/munich-860-ans-dhistoire-en-2-heures-de-visite\/","title":{"rendered":"Munich &#8211; 860 ans d&#8217;histoire en 2 heures de visite"},"content":{"rendered":"<div id=\"conteneur\">\n<div id=\"visite\">\n<div id=\"texte_visite\">\n<p><span style=\"font-size: 14pt;\"><strong>Munich &#8211; 860 ans d&#8217;histoire en 2 heures de visite<\/strong><\/span><\/p>\n<p>Munich c&#8217;est bien plus que <a href=\"https:\/\/www.oktoberfest2024.de\/\">la f\u00eate de la bi\u00e8re<\/a> ! La capitale de la Bavi\u00e8re va vous surprendre<\/p>\n<p>Afin de d\u00e9couvrir cette ville n\u00e9e il y a plus de 860 ans nous vous proposons une visite p\u00e9destre du centre historique.<\/p>\n<p>Nous vous pr\u00e9sentons les monuments les plus c\u00e9l\u00e8bres de la capile Bavaroise : la place Ste Marie (Marienplatz) et son magnifique h\u00f4tel de ville avec le carillon, le march\u00e9 aux victuailles et son &#8220;Maibaum&#8221;, la fameuse Hofbr\u00e4uhaus, la cath\u00e9drale Notre-Dame, la place de l&#8217;Od\u00e9on et la R\u00e9sidence&#8230;<\/p>\n<p>Mais nous d\u00e9couvrons aussi ses petits coins et recoins pleins d&#8217;anecdotes et d&#8217;histoires dr\u00f4les, ses jardins de la bi\u00e8re. Nous parlons culture, culotte de cuir et bi\u00e8re, nous retrouvons Lola Montez et Napol\u00e9on, sans oublier l&#8217;\u00e9quipe de football du Bayern de Munich !<\/p>\n<p>Nous nous rendons sur les lieux historiques qui aident \u00e0 comprendre l&#8217;histoire plus ou moins glorieuse et le d\u00e9veloppement d&#8217;un village devenu capitale de la Bavi\u00e8re.<\/p>\n<p>Voici un tour de ville id\u00e9ale pour compendre et aimer Munich !<\/p>\n<p><a href=\"https:\/\/www.wunder-der-stadt.com\/fr\/tours\/visite-panoramique-en-autocar\/\">Munich<\/a>, c&#8217;est bien plus que la f\u00eate de la bi\u00e8re.<\/p>\n<\/div>\n<\/div>\n<\/div>\n<p>&nbsp;<\/p>\n<p><!--more--><\/p>\n<table class=\"table table-bordered tours-tabs__table\" style=\"height: 233px;\" width=\"862\">\n<tbody>\n<tr>\n<td><strong>D\u00e9part<\/strong><\/td>\n<td>variable<\/td>\n<\/tr>\n<tr>\n<td><b>Dur\u00e9e<\/b><\/td>\n<td>max. 2 heures<\/td>\n<\/tr>\n<tr>\n<td><b>Tarif<\/b><\/td>\n<td>\n<p class=\"p1\"><span class=\"s1\">220,00\u20ac<span class=\"Apple-converted-space\">\u00a0 \/ Groupe <\/span>\u2013 19% MwSt de TVA inclue<br \/>\n<\/span><\/p>\n<\/td>\n<\/tr>\n<tr>\n<td><strong>Nombre de participants<br \/>\n<\/strong><\/td>\n<td>\n<p class=\"p1\"><span class=\"s1\">max. 25 personnes<\/span><\/p>\n<\/td>\n<\/tr>\n<\/tbody>\n<\/table>\n<p>&nbsp;<\/p>\n","protected":false},"excerpt":{"rendered":"<p>Munich &#8211; 860 ans d&#8217;histoire en 2 heures de visite Munich c&#8217;est bien plus que la f\u00eate de la bi\u00e8re ! La capitale de la Bavi\u00e8re va vous surprendre Afin de d\u00e9couvrir cette ville n\u00e9e il y a plus de 860 ans nous vous proposons une visite p\u00e9destre du centre historique. Nous vous pr\u00e9sentons les<\/p>\n<div class=\"padding-top text-center\"><a href=\"https:\/\/www.wunder-der-stadt.com\/es\/tours\/munich-860-ans-dhistoire-en-2-heures-de-visite\/\" class=\"atbtn atbtn--medium atbtn--rounded atbtn--transparent\">Weiterlesen<i class=\"atbtn__icon atbtn__icon--right fa fa-long-arrow-right\"><\/i><\/a><\/div>\n","protected":false},"featured_media":1382,"template":"","meta":[],"product_cat":[103],"product_tag":[170,115,160,159,106],"translation":{"provider":"WPGlobus","version":"3.0.2","language":"es","enabled_languages":["de","en","fr","es"],"languages":{"de":{"title":true,"content":true,"excerpt":false},"en":{"title":false,"content":false,"excerpt":false},"fr":{"title":false,"content":false,"excerpt":false},"es":{"title":false,"content":false,"excerpt":false}}},"yoast_head":"<!-- This site is optimized with the Yoast SEO plugin v22.0 - https:\/\/yoast.com\/wordpress\/plugins\/seo\/ -->\n<title>Munich - 860 ans d&#039;histoire en 2 heures de visite - Wunder der Stadt - Stadtf\u00fchrungen in M\u00fcnchen und Oberbayern<\/title>\n<meta name=\"robots\" content=\"index, follow, max-snippet:-1, max-image-preview:large, max-video-preview:-1\" \/>\n<link rel=\"canonical\" href=\"https:\/\/www.wunder-der-stadt.com\/tours\/munich-860-ans-dhistoire-en-2-heures-de-visite\/\" \/>\n<meta property=\"og:locale\" content=\"es_ES\" \/>\n<meta property=\"og:type\" content=\"article\" \/>\n<meta property=\"og:title\" content=\"Munich - 860 ans d&#039;histoire en 2 heures de visite - Wunder der Stadt - Stadtf\u00fchrungen in M\u00fcnchen und Oberbayern\" \/>\n<meta property=\"og:url\" content=\"https:\/\/www.wunder-der-stadt.com\/tours\/munich-860-ans-dhistoire-en-2-heures-de-visite\/\" \/>\n<meta property=\"og:site_name\" content=\"Wunder der Stadt - Stadtf\u00fchrungen in M\u00fcnchen und Oberbayern\" \/>\n<meta property=\"article:modified_time\" content=\"2024-01-03T15:34:10+00:00\" \/>\n<meta property=\"og:image\" content=\"https:\/\/www.wunder-der-stadt.com\/wp-content\/uploads\/Kombi_Stadtrundfahrt_Stadtrundgang.jpg\" \/>\n\t<meta property=\"og:image:width\" content=\"1400\" \/>\n\t<meta property=\"og:image:height\" content=\"600\" \/>\n\t<meta property=\"og:image:type\" content=\"image\/jpeg\" \/>\n<meta name=\"twitter:card\" content=\"summary_large_image\" \/>\n<meta name=\"twitter:label1\" content=\"Est. reading time\" \/>\n\t<meta name=\"twitter:data1\" content=\"2 minutes\" \/>\n<script type=\"application\/ld+json\" class=\"yoast-schema-graph\">{\"@context\":\"https:\/\/schema.org\",\"@graph\":[{\"@type\":\"WebPage\",\"@id\":\"https:\/\/www.wunder-der-stadt.com\/tours\/munich-860-ans-dhistoire-en-2-heures-de-visite\/\",\"url\":\"https:\/\/www.wunder-der-stadt.com\/tours\/munich-860-ans-dhistoire-en-2-heures-de-visite\/\",\"name\":\"Munich - 860 ans d'histoire en 2 heures de visite - Wunder der Stadt - Stadtf\u00fchrungen in M\u00fcnchen und Oberbayern\",\"isPartOf\":{\"@id\":\"https:\/\/www.wunder-der-stadt.com\/#website\"},\"datePublished\":\"2018-03-22T11:15:42+00:00\",\"dateModified\":\"2024-01-03T15:34:10+00:00\",\"description\":\"Munich - 860 ans d'histoire en 2 heures de visite ! C'est bien plus que la f\u00eate de la bi\u00e8re... la capitale de la Bavi\u00e8re va vous surprendre\",\"breadcrumb\":{\"@id\":\"https:\/\/www.wunder-der-stadt.com\/tours\/munich-860-ans-dhistoire-en-2-heures-de-visite\/#breadcrumb\"},\"inLanguage\":\"es-ES\",\"potentialAction\":[{\"@type\":\"ReadAction\",\"target\":[\"https:\/\/www.wunder-der-stadt.com\/tours\/munich-860-ans-dhistoire-en-2-heures-de-visite\/\"]}]},{\"@type\":\"BreadcrumbList\",\"@id\":\"https:\/\/www.wunder-der-stadt.com\/tours\/munich-860-ans-dhistoire-en-2-heures-de-visite\/#breadcrumb\",\"itemListElement\":[{\"@type\":\"ListItem\",\"position\":1,\"name\":\"Startseite\",\"item\":\"https:\/\/www.wunder-der-stadt.com\/\"},{\"@type\":\"ListItem\",\"position\":2,\"name\":\"Produkte\",\"item\":\"https:\/\/www.wunder-der-stadt.com\/shop\/\"},{\"@type\":\"ListItem\",\"position\":3,\"name\":\"Munich &#8211; 860 ans d&#8217;histoire en 2 heures de visite\"}]},{\"@type\":\"WebSite\",\"@id\":\"https:\/\/www.wunder-der-stadt.com\/#website\",\"url\":\"https:\/\/www.wunder-der-stadt.com\/\",\"name\":\"{:de}Wunder der Stadt - Stadtf\u00fchrungen in M\u00fcnchen und Oberbayern{:}{:fr}Wunder der Stadt - Visites guid\u00e9es \u00e0 Munich et en Bavi\u00e8re{:}\",\"description\":\"Ihre Agentur f\u00fcr Incomingreisen, Gesch\u00e4ftreisen, Stadtf\u00fchrungen und Privatreisen in M\u00fcnchen und Bayern\",\"publisher\":{\"@id\":\"https:\/\/www.wunder-der-stadt.com\/#\/schema\/person\/7ac5370c8e8a38b0625e279f3af2d701\"},\"potentialAction\":[{\"@type\":\"SearchAction\",\"target\":{\"@type\":\"EntryPoint\",\"urlTemplate\":\"https:\/\/www.wunder-der-stadt.com\/?s={search_term_string}\"},\"query-input\":\"required name=search_term_string\"}],\"inLanguage\":\"es-ES\"},{\"@type\":[\"Person\",\"Organization\"],\"@id\":\"https:\/\/www.wunder-der-stadt.com\/#\/schema\/person\/7ac5370c8e8a38b0625e279f3af2d701\",\"name\":\"Admin\",\"logo\":{\"@id\":\"https:\/\/www.wunder-der-stadt.com\/#\/schema\/person\/image\/\"}}]}<\/script>\n<!-- \/ Yoast SEO plugin. -->","yoast_head_json":{"title":"Munich - 860 ans d'histoire en 2 heures de visite - Wunder der Stadt - Stadtf\u00fchrungen in M\u00fcnchen und Oberbayern","robots":{"index":"index","follow":"follow","max-snippet":"max-snippet:-1","max-image-preview":"max-image-preview:large","max-video-preview":"max-video-preview:-1"},"canonical":"https:\/\/www.wunder-der-stadt.com\/tours\/munich-860-ans-dhistoire-en-2-heures-de-visite\/","og_locale":"es_ES","og_type":"article","og_title":"Munich - 860 ans d'histoire en 2 heures de visite - Wunder der Stadt - Stadtf\u00fchrungen in M\u00fcnchen und Oberbayern","og_url":"https:\/\/www.wunder-der-stadt.com\/tours\/munich-860-ans-dhistoire-en-2-heures-de-visite\/","og_site_name":"Wunder der Stadt - Stadtf\u00fchrungen in M\u00fcnchen und Oberbayern","article_modified_time":"2024-01-03T15:34:10+00:00","og_image":[{"width":1400,"height":600,"url":"https:\/\/www.wunder-der-stadt.com\/wp-content\/uploads\/Kombi_Stadtrundfahrt_Stadtrundgang.jpg","type":"image\/jpeg"}],"twitter_card":"summary_large_image","twitter_misc":{"Est. reading time":"2 minutes"},"schema":{"@context":"https:\/\/schema.org","@graph":[{"@type":"WebPage","@id":"https:\/\/www.wunder-der-stadt.com\/tours\/munich-860-ans-dhistoire-en-2-heures-de-visite\/","url":"https:\/\/www.wunder-der-stadt.com\/tours\/munich-860-ans-dhistoire-en-2-heures-de-visite\/","name":"Munich - 860 ans d'histoire en 2 heures de visite - Wunder der Stadt - Stadtf\u00fchrungen in M\u00fcnchen und Oberbayern","isPartOf":{"@id":"https:\/\/www.wunder-der-stadt.com\/#website"},"datePublished":"2018-03-22T11:15:42+00:00","dateModified":"2024-01-03T15:34:10+00:00","description":"Munich - 860 ans d'histoire en 2 heures de visite ! C'est bien plus que la f\u00eate de la bi\u00e8re... la capitale de la Bavi\u00e8re va vous surprendre","breadcrumb":{"@id":"https:\/\/www.wunder-der-stadt.com\/tours\/munich-860-ans-dhistoire-en-2-heures-de-visite\/#breadcrumb"},"inLanguage":"es-ES","potentialAction":[{"@type":"ReadAction","target":["https:\/\/www.wunder-der-stadt.com\/tours\/munich-860-ans-dhistoire-en-2-heures-de-visite\/"]}]},{"@type":"BreadcrumbList","@id":"https:\/\/www.wunder-der-stadt.com\/tours\/munich-860-ans-dhistoire-en-2-heures-de-visite\/#breadcrumb","itemListElement":[{"@type":"ListItem","position":1,"name":"Startseite","item":"https:\/\/www.wunder-der-stadt.com\/"},{"@type":"ListItem","position":2,"name":"Produkte","item":"https:\/\/www.wunder-der-stadt.com\/shop\/"},{"@type":"ListItem","position":3,"name":"Munich &#8211; 860 ans d&#8217;histoire en 2 heures de visite"}]},{"@type":"WebSite","@id":"https:\/\/www.wunder-der-stadt.com\/#website","url":"https:\/\/www.wunder-der-stadt.com\/","name":"{:de}Wunder der Stadt - Stadtf\u00fchrungen in M\u00fcnchen und Oberbayern{:}{:fr}Wunder der Stadt - Visites guid\u00e9es \u00e0 Munich et en Bavi\u00e8re{:}","description":"Ihre Agentur f\u00fcr Incomingreisen, Gesch\u00e4ftreisen, Stadtf\u00fchrungen und Privatreisen in M\u00fcnchen und Bayern","publisher":{"@id":"https:\/\/www.wunder-der-stadt.com\/#\/schema\/person\/7ac5370c8e8a38b0625e279f3af2d701"},"potentialAction":[{"@type":"SearchAction","target":{"@type":"EntryPoint","urlTemplate":"https:\/\/www.wunder-der-stadt.com\/?s={search_term_string}"},"query-input":"required name=search_term_string"}],"inLanguage":"es-ES"},{"@type":["Person","Organization"],"@id":"https:\/\/www.wunder-der-stadt.com\/#\/schema\/person\/7ac5370c8e8a38b0625e279f3af2d701","name":"Admin","logo":{"@id":"https:\/\/www.wunder-der-stadt.com\/#\/schema\/person\/image\/"}}]}},"_links":{"self":[{"href":"https:\/\/www.wunder-der-stadt.com\/es\/wp-json\/wp\/v2\/product\/1808"}],"collection":[{"href":"https:\/\/www.wunder-der-stadt.com\/es\/wp-json\/wp\/v2\/product"}],"about":[{"href":"https:\/\/www.wunder-der-stadt.com\/es\/wp-json\/wp\/v2\/types\/product"}],"wp:featuredmedia":[{"embeddable":true,"href":"https:\/\/www.wunder-der-stadt.com\/es\/wp-json\/wp\/v2\/media\/1382"}],"wp:attachment":[{"href":"https:\/\/www.wunder-der-stadt.com\/es\/wp-json\/wp\/v2\/media?parent=1808"}],"wp:term":[{"taxonomy":"product_cat","embeddable":true,"href":"https:\/\/www.wunder-der-stadt.com\/es\/wp-json\/wp\/v2\/product_cat?post=1808"},{"taxonomy":"product_tag","embeddable":true,"href":"https:\/\/www.wunder-der-stadt.com\/es\/wp-json\/wp\/v2\/product_tag?post=1808"}],"curies":[{"name":"wp","href":"https:\/\/api.w.org\/{rel}","templated":true}]}}