{"id":1812,"date":"2018-03-22T12:36:47","date_gmt":"2018-03-22T11:36:47","guid":{"rendered":"http:\/\/www.wunder-der-stadt.com\/?post_type=product&#038;p=1812"},"modified":"2026-01-10T16:59:51","modified_gmt":"2026-01-10T15:59:51","slug":"rallye-dans-munich","status":"publish","type":"product","link":"https:\/\/www.wunder-der-stadt.com\/es\/tours\/rallye-dans-munich\/","title":{"rendered":"Pour groupes scolaires : Rallye dans Munich"},"content":{"rendered":"<p>Pour les groupes scolaires &#8211; Le rallye dans Munich<\/p>\n<p>Depuis la perspective de beaucoup d&#8217;\u00e9l\u00e8ves une visite de ville avec un guide, c&#8217;est\u00a0 comme un cours d&#8217;histoire en plein air&#8230; pas plus passionnant ! Une d\u00e9couverte ludique et active de Munich &#8211; voila la r\u00e9ponse !<\/p>\n<p>Nous vous proposons de surprendre vos \u00e9l\u00e8ves avec un rallye dans Munich. Ils devront prendre les choses en main, faire preuve de bon sens et de curiosit\u00e9.<\/p>\n<p>Les participants d\u00e9couvrent par eux m\u00eame <a href=\"https:\/\/www.sueddeutsche.de\/muenchen\/muenchen-weisswurst-fruehstueck-empfehlungen-1.5636099\">les sp\u00e9cialit\u00e9s culinaires<\/a>, l&#8217;histoire de la ville et les plus grands monuments touristiques au travers d&#8217;un parcours dans le <a href=\"https:\/\/www.wunder-der-stadt.com\/fr\/tours\/visite-guidee-groupes-scolaires-munich\/\">centre historique de la ville<\/a>. Ils arpentent les tours et clochers, prennent des photos comme preuves de leurs actions et se mettent dans la peau d&#8217;un Munichois.<\/p>\n<p>Arm\u00e9s d&#8217;un questionnaire, d&#8217;un plan de ville, de tickets d&#8217;entr\u00e9es dans les mus\u00e9es et \u00e9ventuellement de quelques euros, ils doivent r\u00e9pondre aux questions avec l&#8217;aide de leur ingeniosit\u00e9 et connaissances linguistiques. A leur c\u00f4t\u00e9, ils auront les Munichois, toujours pr\u00eats \u00e0 partager leur savoir et les marchands du march\u00e9 aux victuailles.<\/p>\n<p>Il repartiront avec la t\u00eate pleine de souvenirs&#8230;<\/p>\n<p>Chaque groupe est compos\u00e9 de 5 participants maximum.<\/p>\n<p>&nbsp;<\/p>\n<p class=\"p1\"><span style=\"line-height: inherit;\">[vc_row][vc_column][vc_btn title=&#8221;CONTACTEZ-NOUS&#8221; shape=&#8221;square&#8221; align=&#8221;left&#8221; link=&#8221;url:http%3A%2F%2Fwww.wunder-der-stadt.com%2Fkontakt%2F|||&#8221;]<\/span><\/p>\n<p><!--more--><\/p>\n<table class=\"table table-bordered tours-tabs__table\" style=\"height: 233px;\" width=\"862\">\n<tbody>\n<tr>\n<td><strong>D\u00e9part<\/strong><\/td>\n<td>Marienplatz &#8211; M\u00fcnchen \/ Place Ste Marie &#8211; Munich<\/td>\n<\/tr>\n<tr>\n<td><b>Dur\u00e9e<\/b><\/td>\n<td>max. 2 heures<\/td>\n<\/tr>\n<tr>\n<td><b>Tarif<\/b><\/td>\n<td>\n<p class=\"p1\"><span class=\"s1\">45,00\u20ac \/ groupe de 5 participants -19% TVA inclue<\/span><span class=\"s2\">.<\/span><\/p>\n<\/td>\n<\/tr>\n<tr>\n<td><strong>Nombre de participants<br \/>\n<\/strong><\/td>\n<td><span class=\"s1\">autant que vous voulez !<\/span><\/td>\n<\/tr>\n<\/tbody>\n<\/table>\n<p>&nbsp;<\/p>\n","protected":false},"excerpt":{"rendered":"<p>Pour les groupes scolaires &#8211; Le rallye dans Munich Depuis la perspective de beaucoup d&#8217;\u00e9l\u00e8ves une visite de ville avec un guide, c&#8217;est\u00a0 comme un cours d&#8217;histoire en plein air&#8230; pas plus passionnant ! Une d\u00e9couverte ludique et active de Munich &#8211; voila la r\u00e9ponse ! Nous vous proposons de surprendre vos \u00e9l\u00e8ves avec un<\/p>\n<div class=\"padding-top text-center\"><a href=\"https:\/\/www.wunder-der-stadt.com\/es\/tours\/rallye-dans-munich\/\" class=\"atbtn atbtn--medium atbtn--rounded atbtn--transparent\">Weiterlesen<i class=\"atbtn__icon atbtn__icon--right fa fa-long-arrow-right\"><\/i><\/a><\/div>\n","protected":false},"featured_media":1587,"template":"","meta":[],"product_cat":[103],"product_tag":[108,107,105,106],"translation":{"provider":"WPGlobus","version":"3.0.2","language":"es","enabled_languages":["de","en","fr","es"],"languages":{"de":{"title":true,"content":true,"excerpt":false},"en":{"title":false,"content":false,"excerpt":false},"fr":{"title":false,"content":false,"excerpt":false},"es":{"title":false,"content":false,"excerpt":false}}},"yoast_head":"<!-- This site is optimized with the Yoast SEO plugin v22.0 - https:\/\/yoast.com\/wordpress\/plugins\/seo\/ -->\n<title>Pour groupes scolaire : Rallye dans Munich<\/title>\n<meta name=\"robots\" content=\"index, follow, max-snippet:-1, max-image-preview:large, max-video-preview:-1\" \/>\n<link rel=\"canonical\" href=\"https:\/\/www.wunder-der-stadt.com\/tours\/rallye-dans-munich\/\" \/>\n<meta property=\"og:locale\" content=\"es_ES\" \/>\n<meta property=\"og:type\" content=\"article\" \/>\n<meta property=\"og:title\" content=\"Pour groupes scolaires : Rallye dans Munich - Wunder der Stadt - Stadtf\u00fchrungen in M\u00fcnchen und Oberbayern\" \/>\n<meta property=\"og:url\" content=\"https:\/\/www.wunder-der-stadt.com\/tours\/rallye-dans-munich\/\" \/>\n<meta property=\"og:site_name\" content=\"Wunder der Stadt - Stadtf\u00fchrungen in M\u00fcnchen und Oberbayern\" \/>\n<meta property=\"article:modified_time\" content=\"2026-01-10T15:59:51+00:00\" \/>\n<meta property=\"og:image\" content=\"https:\/\/www.wunder-der-stadt.com\/wp-content\/uploads\/Banner_Muenchner-Innenstadt-W.-O.-Hausmann.jpg\" \/>\n\t<meta property=\"og:image:width\" content=\"1400\" \/>\n\t<meta property=\"og:image:height\" content=\"600\" \/>\n\t<meta property=\"og:image:type\" content=\"image\/jpeg\" \/>\n<meta name=\"twitter:card\" content=\"summary_large_image\" \/>\n<meta name=\"twitter:label1\" content=\"Est. reading time\" \/>\n\t<meta name=\"twitter:data1\" content=\"2 minutes\" \/>\n<script type=\"application\/ld+json\" class=\"yoast-schema-graph\">{\"@context\":\"https:\/\/schema.org\",\"@graph\":[{\"@type\":\"WebPage\",\"@id\":\"https:\/\/www.wunder-der-stadt.com\/tours\/rallye-dans-munich\/\",\"url\":\"https:\/\/www.wunder-der-stadt.com\/tours\/rallye-dans-munich\/\",\"name\":\"Pour groupes scolaire : Rallye dans Munich\",\"isPartOf\":{\"@id\":\"https:\/\/www.wunder-der-stadt.com\/#website\"},\"datePublished\":\"2018-03-22T11:36:47+00:00\",\"dateModified\":\"2026-01-10T15:59:51+00:00\",\"description\":\"Ce rallye est une d\u00e9couverte ludique et active de Munich qui prouvera \u00e0 vos \u00e9l\u00e8ves que la culture et l'histoire sont dr\u00f4les et passionnants.\",\"breadcrumb\":{\"@id\":\"https:\/\/www.wunder-der-stadt.com\/tours\/rallye-dans-munich\/#breadcrumb\"},\"inLanguage\":\"es-ES\",\"potentialAction\":[{\"@type\":\"ReadAction\",\"target\":[\"https:\/\/www.wunder-der-stadt.com\/tours\/rallye-dans-munich\/\"]}]},{\"@type\":\"BreadcrumbList\",\"@id\":\"https:\/\/www.wunder-der-stadt.com\/tours\/rallye-dans-munich\/#breadcrumb\",\"itemListElement\":[{\"@type\":\"ListItem\",\"position\":1,\"name\":\"Startseite\",\"item\":\"https:\/\/www.wunder-der-stadt.com\/\"},{\"@type\":\"ListItem\",\"position\":2,\"name\":\"Produkte\",\"item\":\"https:\/\/www.wunder-der-stadt.com\/shop\/\"},{\"@type\":\"ListItem\",\"position\":3,\"name\":\"Pour groupes scolaires : Rallye dans Munich\"}]},{\"@type\":\"WebSite\",\"@id\":\"https:\/\/www.wunder-der-stadt.com\/#website\",\"url\":\"https:\/\/www.wunder-der-stadt.com\/\",\"name\":\"{:de}Wunder der Stadt - Stadtf\u00fchrungen in M\u00fcnchen und Oberbayern{:}{:fr}Wunder der Stadt - Visites guid\u00e9es \u00e0 Munich et en Bavi\u00e8re{:}\",\"description\":\"Ihre Agentur f\u00fcr Incomingreisen, Gesch\u00e4ftreisen, Stadtf\u00fchrungen und Privatreisen in M\u00fcnchen und Bayern\",\"publisher\":{\"@id\":\"https:\/\/www.wunder-der-stadt.com\/#\/schema\/person\/7ac5370c8e8a38b0625e279f3af2d701\"},\"potentialAction\":[{\"@type\":\"SearchAction\",\"target\":{\"@type\":\"EntryPoint\",\"urlTemplate\":\"https:\/\/www.wunder-der-stadt.com\/?s={search_term_string}\"},\"query-input\":\"required name=search_term_string\"}],\"inLanguage\":\"es-ES\"},{\"@type\":[\"Person\",\"Organization\"],\"@id\":\"https:\/\/www.wunder-der-stadt.com\/#\/schema\/person\/7ac5370c8e8a38b0625e279f3af2d701\",\"name\":\"Admin\",\"logo\":{\"@id\":\"https:\/\/www.wunder-der-stadt.com\/#\/schema\/person\/image\/\"}}]}<\/script>\n<!-- \/ Yoast SEO plugin. -->","yoast_head_json":{"title":"Pour groupes scolaire : Rallye dans Munich","robots":{"index":"index","follow":"follow","max-snippet":"max-snippet:-1","max-image-preview":"max-image-preview:large","max-video-preview":"max-video-preview:-1"},"canonical":"https:\/\/www.wunder-der-stadt.com\/tours\/rallye-dans-munich\/","og_locale":"es_ES","og_type":"article","og_title":"Pour groupes scolaires : Rallye dans Munich - Wunder der Stadt - Stadtf\u00fchrungen in M\u00fcnchen und Oberbayern","og_url":"https:\/\/www.wunder-der-stadt.com\/tours\/rallye-dans-munich\/","og_site_name":"Wunder der Stadt - Stadtf\u00fchrungen in M\u00fcnchen und Oberbayern","article_modified_time":"2026-01-10T15:59:51+00:00","og_image":[{"width":1400,"height":600,"url":"https:\/\/www.wunder-der-stadt.com\/wp-content\/uploads\/Banner_Muenchner-Innenstadt-W.-O.-Hausmann.jpg","type":"image\/jpeg"}],"twitter_card":"summary_large_image","twitter_misc":{"Est. reading time":"2 minutes"},"schema":{"@context":"https:\/\/schema.org","@graph":[{"@type":"WebPage","@id":"https:\/\/www.wunder-der-stadt.com\/tours\/rallye-dans-munich\/","url":"https:\/\/www.wunder-der-stadt.com\/tours\/rallye-dans-munich\/","name":"Pour groupes scolaire : Rallye dans Munich","isPartOf":{"@id":"https:\/\/www.wunder-der-stadt.com\/#website"},"datePublished":"2018-03-22T11:36:47+00:00","dateModified":"2026-01-10T15:59:51+00:00","description":"Ce rallye est une d\u00e9couverte ludique et active de Munich qui prouvera \u00e0 vos \u00e9l\u00e8ves que la culture et l'histoire sont dr\u00f4les et passionnants.","breadcrumb":{"@id":"https:\/\/www.wunder-der-stadt.com\/tours\/rallye-dans-munich\/#breadcrumb"},"inLanguage":"es-ES","potentialAction":[{"@type":"ReadAction","target":["https:\/\/www.wunder-der-stadt.com\/tours\/rallye-dans-munich\/"]}]},{"@type":"BreadcrumbList","@id":"https:\/\/www.wunder-der-stadt.com\/tours\/rallye-dans-munich\/#breadcrumb","itemListElement":[{"@type":"ListItem","position":1,"name":"Startseite","item":"https:\/\/www.wunder-der-stadt.com\/"},{"@type":"ListItem","position":2,"name":"Produkte","item":"https:\/\/www.wunder-der-stadt.com\/shop\/"},{"@type":"ListItem","position":3,"name":"Pour groupes scolaires : Rallye dans Munich"}]},{"@type":"WebSite","@id":"https:\/\/www.wunder-der-stadt.com\/#website","url":"https:\/\/www.wunder-der-stadt.com\/","name":"{:de}Wunder der Stadt - Stadtf\u00fchrungen in M\u00fcnchen und Oberbayern{:}{:fr}Wunder der Stadt - Visites guid\u00e9es \u00e0 Munich et en Bavi\u00e8re{:}","description":"Ihre Agentur f\u00fcr Incomingreisen, Gesch\u00e4ftreisen, Stadtf\u00fchrungen und Privatreisen in M\u00fcnchen und Bayern","publisher":{"@id":"https:\/\/www.wunder-der-stadt.com\/#\/schema\/person\/7ac5370c8e8a38b0625e279f3af2d701"},"potentialAction":[{"@type":"SearchAction","target":{"@type":"EntryPoint","urlTemplate":"https:\/\/www.wunder-der-stadt.com\/?s={search_term_string}"},"query-input":"required name=search_term_string"}],"inLanguage":"es-ES"},{"@type":["Person","Organization"],"@id":"https:\/\/www.wunder-der-stadt.com\/#\/schema\/person\/7ac5370c8e8a38b0625e279f3af2d701","name":"Admin","logo":{"@id":"https:\/\/www.wunder-der-stadt.com\/#\/schema\/person\/image\/"}}]}},"_links":{"self":[{"href":"https:\/\/www.wunder-der-stadt.com\/es\/wp-json\/wp\/v2\/product\/1812"}],"collection":[{"href":"https:\/\/www.wunder-der-stadt.com\/es\/wp-json\/wp\/v2\/product"}],"about":[{"href":"https:\/\/www.wunder-der-stadt.com\/es\/wp-json\/wp\/v2\/types\/product"}],"wp:featuredmedia":[{"embeddable":true,"href":"https:\/\/www.wunder-der-stadt.com\/es\/wp-json\/wp\/v2\/media\/1587"}],"wp:attachment":[{"href":"https:\/\/www.wunder-der-stadt.com\/es\/wp-json\/wp\/v2\/media?parent=1812"}],"wp:term":[{"taxonomy":"product_cat","embeddable":true,"href":"https:\/\/www.wunder-der-stadt.com\/es\/wp-json\/wp\/v2\/product_cat?post=1812"},{"taxonomy":"product_tag","embeddable":true,"href":"https:\/\/www.wunder-der-stadt.com\/es\/wp-json\/wp\/v2\/product_tag?post=1812"}],"curies":[{"name":"wp","href":"https:\/\/api.w.org\/{rel}","templated":true}]}}