{"id":1974,"date":"2019-11-07T20:59:16","date_gmt":"2019-11-07T19:59:16","guid":{"rendered":"https:\/\/www.wunder-der-stadt.com\/?post_type=product&#038;p=1974"},"modified":"2024-01-12T17:51:03","modified_gmt":"2024-01-12T16:51:03","slug":"bis-feb-2022-futuro-a-flying-saucer-in-town-in-der-pinakothek-der-moderne","status":"publish","type":"product","link":"https:\/\/www.wunder-der-stadt.com\/es\/tours\/bis-feb-2022-futuro-a-flying-saucer-in-town-in-der-pinakothek-der-moderne\/","title":{"rendered":"FUTURO. A Flying Saucer in Town in der Pinakothek der Moderne"},"content":{"rendered":"<figure id=\"attachment_1976\" aria-describedby=\"caption-attachment-1976\" style=\"width: 608px\" class=\"wp-caption alignright\"><img loading=\"lazy\" decoding=\"async\" class=\"size-full wp-image-1976\" src=\"https:\/\/www.wunder-der-stadt.com\/wp-content\/uploads\/Futuro-Pinakotek-der-Moderne.jpg\" alt=\"\" width=\"608\" height=\"405\" srcset=\"https:\/\/www.wunder-der-stadt.com\/wp-content\/uploads\/Futuro-Pinakotek-der-Moderne.jpg 608w, https:\/\/www.wunder-der-stadt.com\/wp-content\/uploads\/Futuro-Pinakotek-der-Moderne-531x354.jpg 531w, https:\/\/www.wunder-der-stadt.com\/wp-content\/uploads\/Futuro-Pinakotek-der-Moderne-180x120.jpg 180w, https:\/\/www.wunder-der-stadt.com\/wp-content\/uploads\/Futuro-Pinakotek-der-Moderne-600x400.jpg 600w, https:\/\/www.wunder-der-stadt.com\/wp-content\/uploads\/Futuro-Pinakotek-der-Moderne-300x200.jpg 300w\" sizes=\"(max-width: 608px) 100vw, 608px\" \/><figcaption id=\"caption-attachment-1976\" class=\"wp-caption-text\">Futuro &#8211; Au\u00dfenbereich der Pinakotek der Moderne<\/figcaption><\/figure>\n<p>Die Neue Sammlung pr\u00e4sentiert ihren Ankauf des spektakul\u00e4ren FUTURO im Au\u00dfenraum der Pinakothek der Moderne.<\/p>\n<p>Kein anderes Objekt verk\u00f6rpert den Glauben an den technologischen Fortschritt und an die Zukunft des Raumfahrtzeitalters der sp\u00e4ten 1960er-Jahre besser als das FUTURO. Nicht umsonst sollte es zum Inbegriff des utopischen Designs werden.<br \/>\nDas in Segmentbauweise aus glasfaserverst\u00e4rktem Polyester bestehende Haus war f\u00fcr unterschiedliche Verwendungszwecke vorgesehen. Urspr\u00fcnglich als Skih\u00fctte f\u00fcr unwegsames Gel\u00e4nde geplant, konnte es aber auch als Wochenendhaus, Unterrichtsraum oder gar als Bankfiliale dienen. In seiner Form, Ausstattung und durch seine vielseitigen Verwendungsm\u00f6glichkeiten veranschaulicht das FUTURO exemplarisch die vision\u00e4ren Designideen jener Epoche zwischen Pop und Sozialrevolution, die letztendlich die Idee des Funktionalismus spaltete.<\/p>\n<p><span class=\"location\">Pinakothek der Moderne<br \/>\nDie Neue Sammlung &#8211; The Design Museum | Au\u00dfenraum <\/span><br \/>\n<span class=\"date\"> <time datetime=\"2017-06-02T14:00:00+02:00\">02.06.2017<\/time> \u00a0\u2010\u00a0 <time datetime=\"2022-02-22T13:00:00+01:00\">22.02.2022<\/time> <\/span><\/p>\n<p>&nbsp;<\/p>\n<p>&nbsp;<\/p>\n<p><!--more--><\/p>\n<table class=\"table table-bordered tours-tabs__table\" style=\"height: 233px;\" width=\"862\">\n<tbody>\n<tr>\n<td><strong>Austellungsort<\/strong><\/td>\n<td>\n<p class=\"p1\"><span class=\"s1\">Pinakothek der Moderne &#8211; Au\u00dfen Bereich<br \/>\n<\/span><\/p>\n<\/td>\n<\/tr>\n<tr>\n<td><b>Dauer<\/b><\/td>\n<td>max. 1,5 Stunde<\/td>\n<\/tr>\n<tr>\n<td><b>Preis<\/b><\/td>\n<td>\n<p class=\"p1\"><span class=\"s1\">210,00 \u20ac &#8211; 19% inkl. 19% MwSt<br \/>\nzzg. Eintrittskarte <\/span><a href=\"http:\/\/www.pinakothek.de\"><span class=\"s1\">www.pinakothek.de<\/span><\/a><\/p>\n<\/td>\n<\/tr>\n<tr>\n<td><strong>Teilnehmeranzahl<br \/>\n<\/strong><\/td>\n<td>\n<p class=\"p1\"><span class=\"s1\">max. 20 personnes<\/span><\/p>\n<\/td>\n<\/tr>\n<\/tbody>\n<\/table>\n","protected":false},"excerpt":{"rendered":"<p>Die Neue Sammlung pr\u00e4sentiert ihren Ankauf des spektakul\u00e4ren FUTURO im Au\u00dfenraum der Pinakothek der Moderne. Kein anderes Objekt verk\u00f6rpert den Glauben an den technologischen Fortschritt und an die Zukunft des Raumfahrtzeitalters der sp\u00e4ten 1960er-Jahre besser als das FUTURO. Nicht umsonst sollte es zum Inbegriff des utopischen Designs werden. Das in Segmentbauweise aus glasfaserverst\u00e4rktem Polyester bestehende<\/p>\n<div class=\"padding-top text-center\"><a href=\"https:\/\/www.wunder-der-stadt.com\/es\/tours\/bis-feb-2022-futuro-a-flying-saucer-in-town-in-der-pinakothek-der-moderne\/\" class=\"atbtn atbtn--medium atbtn--rounded atbtn--transparent\">Weiterlesen<i class=\"atbtn__icon atbtn__icon--right fa fa-long-arrow-right\"><\/i><\/a><\/div>\n","protected":false},"featured_media":1975,"template":"","meta":[],"product_cat":[103],"product_tag":[95,96],"translation":{"provider":"WPGlobus","version":"3.0.2","language":"es","enabled_languages":["de","en","fr","es"],"languages":{"de":{"title":true,"content":true,"excerpt":false},"en":{"title":false,"content":false,"excerpt":false},"fr":{"title":false,"content":false,"excerpt":false},"es":{"title":false,"content":false,"excerpt":false}}},"yoast_head":"<!-- This site is optimized with the Yoast SEO plugin v22.0 - https:\/\/yoast.com\/wordpress\/plugins\/seo\/ -->\n<title>FUTURO. A Flying Saucer in Town in der Pinakothek der Moderne<\/title>\n<meta name=\"robots\" content=\"index, follow, max-snippet:-1, max-image-preview:large, max-video-preview:-1\" \/>\n<link rel=\"canonical\" href=\"https:\/\/www.wunder-der-stadt.com\/tours\/bis-feb-2022-futuro-a-flying-saucer-in-town-in-der-pinakothek-der-moderne\/\" \/>\n<meta property=\"og:locale\" content=\"es_ES\" \/>\n<meta property=\"og:type\" content=\"article\" \/>\n<meta property=\"og:title\" content=\"FUTURO. A Flying Saucer in Town in der Pinakothek der Moderne - Wunder der Stadt - Stadtf\u00fchrungen in M\u00fcnchen und Oberbayern\" \/>\n<meta property=\"og:url\" content=\"https:\/\/www.wunder-der-stadt.com\/tours\/bis-feb-2022-futuro-a-flying-saucer-in-town-in-der-pinakothek-der-moderne\/\" \/>\n<meta property=\"og:site_name\" content=\"Wunder der Stadt - Stadtf\u00fchrungen in M\u00fcnchen und Oberbayern\" \/>\n<meta property=\"article:modified_time\" content=\"2024-01-12T16:51:03+00:00\" \/>\n<meta property=\"og:image\" content=\"https:\/\/www.wunder-der-stadt.com\/wp-content\/uploads\/Futuro-Au\u00dfen-Bereich-der-Pinakotek-der-Moderne.jpg\" \/>\n\t<meta property=\"og:image:width\" content=\"916\" \/>\n\t<meta property=\"og:image:height\" content=\"768\" \/>\n\t<meta property=\"og:image:type\" content=\"image\/jpeg\" \/>\n<meta name=\"twitter:card\" content=\"summary_large_image\" \/>\n<meta name=\"twitter:label1\" content=\"Est. reading time\" \/>\n\t<meta name=\"twitter:data1\" content=\"2 minutes\" \/>\n<script type=\"application\/ld+json\" class=\"yoast-schema-graph\">{\"@context\":\"https:\/\/schema.org\",\"@graph\":[{\"@type\":\"WebPage\",\"@id\":\"https:\/\/www.wunder-der-stadt.com\/tours\/bis-feb-2022-futuro-a-flying-saucer-in-town-in-der-pinakothek-der-moderne\/\",\"url\":\"https:\/\/www.wunder-der-stadt.com\/tours\/bis-feb-2022-futuro-a-flying-saucer-in-town-in-der-pinakothek-der-moderne\/\",\"name\":\"FUTURO. A Flying Saucer in Town in der Pinakothek der Moderne\",\"isPartOf\":{\"@id\":\"https:\/\/www.wunder-der-stadt.com\/#website\"},\"datePublished\":\"2019-11-07T19:59:16+00:00\",\"dateModified\":\"2024-01-12T16:51:03+00:00\",\"description\":\"Das FUTURO ist nicht nur das bekannteste und innovativste, sondern auch eines der ersten in Serie produzierten Kunststoffh\u00e4user der Welt. Eine F\u00fchrung ist dieses Objekt wert!\",\"breadcrumb\":{\"@id\":\"https:\/\/www.wunder-der-stadt.com\/tours\/bis-feb-2022-futuro-a-flying-saucer-in-town-in-der-pinakothek-der-moderne\/#breadcrumb\"},\"inLanguage\":\"es-ES\",\"potentialAction\":[{\"@type\":\"ReadAction\",\"target\":[\"https:\/\/www.wunder-der-stadt.com\/tours\/bis-feb-2022-futuro-a-flying-saucer-in-town-in-der-pinakothek-der-moderne\/\"]}]},{\"@type\":\"BreadcrumbList\",\"@id\":\"https:\/\/www.wunder-der-stadt.com\/tours\/bis-feb-2022-futuro-a-flying-saucer-in-town-in-der-pinakothek-der-moderne\/#breadcrumb\",\"itemListElement\":[{\"@type\":\"ListItem\",\"position\":1,\"name\":\"Startseite\",\"item\":\"https:\/\/www.wunder-der-stadt.com\/\"},{\"@type\":\"ListItem\",\"position\":2,\"name\":\"Produkte\",\"item\":\"https:\/\/www.wunder-der-stadt.com\/shop\/\"},{\"@type\":\"ListItem\",\"position\":3,\"name\":\"FUTURO. A Flying Saucer in Town in der Pinakothek der Moderne\"}]},{\"@type\":\"WebSite\",\"@id\":\"https:\/\/www.wunder-der-stadt.com\/#website\",\"url\":\"https:\/\/www.wunder-der-stadt.com\/\",\"name\":\"{:de}Wunder der Stadt - Stadtf\u00fchrungen in M\u00fcnchen und Oberbayern{:}{:fr}Wunder der Stadt - Visites guid\u00e9es \u00e0 Munich et en Bavi\u00e8re{:}\",\"description\":\"Ihre Agentur f\u00fcr Incomingreisen, Gesch\u00e4ftreisen, Stadtf\u00fchrungen und Privatreisen in M\u00fcnchen und Bayern\",\"publisher\":{\"@id\":\"https:\/\/www.wunder-der-stadt.com\/#\/schema\/person\/7ac5370c8e8a38b0625e279f3af2d701\"},\"potentialAction\":[{\"@type\":\"SearchAction\",\"target\":{\"@type\":\"EntryPoint\",\"urlTemplate\":\"https:\/\/www.wunder-der-stadt.com\/?s={search_term_string}\"},\"query-input\":\"required name=search_term_string\"}],\"inLanguage\":\"es-ES\"},{\"@type\":[\"Person\",\"Organization\"],\"@id\":\"https:\/\/www.wunder-der-stadt.com\/#\/schema\/person\/7ac5370c8e8a38b0625e279f3af2d701\",\"name\":\"Admin\",\"logo\":{\"@id\":\"https:\/\/www.wunder-der-stadt.com\/#\/schema\/person\/image\/\"}}]}<\/script>\n<!-- \/ Yoast SEO plugin. -->","yoast_head_json":{"title":"FUTURO. A Flying Saucer in Town in der Pinakothek der Moderne","robots":{"index":"index","follow":"follow","max-snippet":"max-snippet:-1","max-image-preview":"max-image-preview:large","max-video-preview":"max-video-preview:-1"},"canonical":"https:\/\/www.wunder-der-stadt.com\/tours\/bis-feb-2022-futuro-a-flying-saucer-in-town-in-der-pinakothek-der-moderne\/","og_locale":"es_ES","og_type":"article","og_title":"FUTURO. A Flying Saucer in Town in der Pinakothek der Moderne - Wunder der Stadt - Stadtf\u00fchrungen in M\u00fcnchen und Oberbayern","og_url":"https:\/\/www.wunder-der-stadt.com\/tours\/bis-feb-2022-futuro-a-flying-saucer-in-town-in-der-pinakothek-der-moderne\/","og_site_name":"Wunder der Stadt - Stadtf\u00fchrungen in M\u00fcnchen und Oberbayern","article_modified_time":"2024-01-12T16:51:03+00:00","og_image":[{"width":916,"height":768,"url":"https:\/\/www.wunder-der-stadt.com\/wp-content\/uploads\/Futuro-Au\u00dfen-Bereich-der-Pinakotek-der-Moderne.jpg","type":"image\/jpeg"}],"twitter_card":"summary_large_image","twitter_misc":{"Est. reading time":"2 minutes"},"schema":{"@context":"https:\/\/schema.org","@graph":[{"@type":"WebPage","@id":"https:\/\/www.wunder-der-stadt.com\/tours\/bis-feb-2022-futuro-a-flying-saucer-in-town-in-der-pinakothek-der-moderne\/","url":"https:\/\/www.wunder-der-stadt.com\/tours\/bis-feb-2022-futuro-a-flying-saucer-in-town-in-der-pinakothek-der-moderne\/","name":"FUTURO. A Flying Saucer in Town in der Pinakothek der Moderne","isPartOf":{"@id":"https:\/\/www.wunder-der-stadt.com\/#website"},"datePublished":"2019-11-07T19:59:16+00:00","dateModified":"2024-01-12T16:51:03+00:00","description":"Das FUTURO ist nicht nur das bekannteste und innovativste, sondern auch eines der ersten in Serie produzierten Kunststoffh\u00e4user der Welt. Eine F\u00fchrung ist dieses Objekt wert!","breadcrumb":{"@id":"https:\/\/www.wunder-der-stadt.com\/tours\/bis-feb-2022-futuro-a-flying-saucer-in-town-in-der-pinakothek-der-moderne\/#breadcrumb"},"inLanguage":"es-ES","potentialAction":[{"@type":"ReadAction","target":["https:\/\/www.wunder-der-stadt.com\/tours\/bis-feb-2022-futuro-a-flying-saucer-in-town-in-der-pinakothek-der-moderne\/"]}]},{"@type":"BreadcrumbList","@id":"https:\/\/www.wunder-der-stadt.com\/tours\/bis-feb-2022-futuro-a-flying-saucer-in-town-in-der-pinakothek-der-moderne\/#breadcrumb","itemListElement":[{"@type":"ListItem","position":1,"name":"Startseite","item":"https:\/\/www.wunder-der-stadt.com\/"},{"@type":"ListItem","position":2,"name":"Produkte","item":"https:\/\/www.wunder-der-stadt.com\/shop\/"},{"@type":"ListItem","position":3,"name":"FUTURO. A Flying Saucer in Town in der Pinakothek der Moderne"}]},{"@type":"WebSite","@id":"https:\/\/www.wunder-der-stadt.com\/#website","url":"https:\/\/www.wunder-der-stadt.com\/","name":"{:de}Wunder der Stadt - Stadtf\u00fchrungen in M\u00fcnchen und Oberbayern{:}{:fr}Wunder der Stadt - Visites guid\u00e9es \u00e0 Munich et en Bavi\u00e8re{:}","description":"Ihre Agentur f\u00fcr Incomingreisen, Gesch\u00e4ftreisen, Stadtf\u00fchrungen und Privatreisen in M\u00fcnchen und Bayern","publisher":{"@id":"https:\/\/www.wunder-der-stadt.com\/#\/schema\/person\/7ac5370c8e8a38b0625e279f3af2d701"},"potentialAction":[{"@type":"SearchAction","target":{"@type":"EntryPoint","urlTemplate":"https:\/\/www.wunder-der-stadt.com\/?s={search_term_string}"},"query-input":"required name=search_term_string"}],"inLanguage":"es-ES"},{"@type":["Person","Organization"],"@id":"https:\/\/www.wunder-der-stadt.com\/#\/schema\/person\/7ac5370c8e8a38b0625e279f3af2d701","name":"Admin","logo":{"@id":"https:\/\/www.wunder-der-stadt.com\/#\/schema\/person\/image\/"}}]}},"_links":{"self":[{"href":"https:\/\/www.wunder-der-stadt.com\/es\/wp-json\/wp\/v2\/product\/1974"}],"collection":[{"href":"https:\/\/www.wunder-der-stadt.com\/es\/wp-json\/wp\/v2\/product"}],"about":[{"href":"https:\/\/www.wunder-der-stadt.com\/es\/wp-json\/wp\/v2\/types\/product"}],"wp:featuredmedia":[{"embeddable":true,"href":"https:\/\/www.wunder-der-stadt.com\/es\/wp-json\/wp\/v2\/media\/1975"}],"wp:attachment":[{"href":"https:\/\/www.wunder-der-stadt.com\/es\/wp-json\/wp\/v2\/media?parent=1974"}],"wp:term":[{"taxonomy":"product_cat","embeddable":true,"href":"https:\/\/www.wunder-der-stadt.com\/es\/wp-json\/wp\/v2\/product_cat?post=1974"},{"taxonomy":"product_tag","embeddable":true,"href":"https:\/\/www.wunder-der-stadt.com\/es\/wp-json\/wp\/v2\/product_tag?post=1974"}],"curies":[{"name":"wp","href":"https:\/\/api.w.org\/{rel}","templated":true}]}}