{"id":2259,"date":"2020-01-16T10:29:48","date_gmt":"2020-01-16T09:29:48","guid":{"rendered":"https:\/\/www.wunder-der-stadt.com\/?post_type=product&#038;p=2259"},"modified":"2026-03-07T14:11:21","modified_gmt":"2026-03-07T13:11:21","slug":"pour-groupes-scolaires-la-rose-blanche-la-resistance-munichoise-pendant-la-dictature-nazi","status":"publish","type":"product","link":"https:\/\/www.wunder-der-stadt.com\/es\/tours\/pour-groupes-scolaires-la-rose-blanche-la-resistance-munichoise-pendant-la-dictature-nazi\/","title":{"rendered":"Pour groupes scolaires : La Rose Blanche \u2013 La r\u00e9sistance munichoise"},"content":{"rendered":"<h2 class=\"text-text-100 mt-3 -mb-1 text-[1.125rem] font-bold\">Pour les groupes scolaires : La Rose Blanche \u2013 La R\u00e9sistance munichoise<\/h2>\n<h3 class=\"text-text-100 mt-2 -mb-1 text-base font-bold\">Visite guid\u00e9e pour groupes scolaires \u00e0 Munich<\/h3>\n<p class=\"font-claude-response-body break-words whitespace-normal leading-[1.7]\"><strong>Comprendre la r\u00e9sistance \u00e0 la dictature nazie \u2013 sur les lieux m\u00eames de l&#8217;histoire.<\/strong><\/p>\n<p class=\"font-claude-response-body break-words whitespace-normal leading-[1.7]\">C&#8217;est \u00e0 Munich, capitale bavaroise qui joua un r\u00f4le fondamental dans la mont\u00e9e du nazisme, que naquit ce mouvement de r\u00e9sistance <strong>la Rose Blanche<\/strong>. Cette <strong>visite guid\u00e9e <\/strong>nous enm\u00e8ne sur les traces de ceux qui eurent le courage de se battre contre le r\u00e9gime nazi. D\u00e8s 1923, Adolf Hitler tenta pour la premi\u00e8re fois de s&#8217;emparer du pouvoir \u00e0 Munich. Sa tentative de coup d&#8217;\u00c9tat \u00e9choua place de l&#8217;Od\u00e9on. Nomm\u00e9e \u00ab Capitale du Mouvement Nazi \u00bb, Munich devint \u00e0 partir de 1933 le centre id\u00e9ologique du nazisme \u2013 et pourtant, c&#8217;est ici que naquit l&#8217;une des plus c\u00e9l\u00e8bres mouvements de r\u00e9sistances.<\/p>\n<hr class=\"border-border-200 border-t-0.5 my-3 mx-1.5\" \/>\n<h3 class=\"text-text-100 mt-2 -mb-1 text-base font-bold\">Visite guid\u00e9e &#8220;la Rose Blanche Munich&#8221; \u2013 Au programme<\/h3>\n<p class=\"font-claude-response-body break-words whitespace-normal leading-[1.7]\">Fond\u00e9e par les \u00e9tudiants <strong>Sophie et Hans Scholl<\/strong> et soutenue par de nombreux activistes, les membres de la Rose Blanche prirent des risques consid\u00e9rables pour d\u00e9noncer les atrocit\u00e9s du nazisme. Mais il y a plus de 80 ans, en <strong>f\u00e9vrier 1943<\/strong>, la Rose Blanche fut violemment r\u00e9prim\u00e9 par le r\u00e9gime nazi.<\/p>\n<p class=\"font-claude-response-body break-words whitespace-normal leading-[1.7]\">Au fil de cette visite, nous partons sur les lieux de leurs actions pour r\u00e9pondre ensemble \u00e0 ces questions :<\/p>\n<ul class=\"[li_&amp;]:mb-0 [li_&amp;]:mt-1 [li_&amp;]:gap-1 [&amp;:not(:last-child)_ul]:pb-1 [&amp;:not(:last-child)_ol]:pb-1 list-disc flex flex-col gap-1 pl-8 mb-3\">\n<li class=\"whitespace-normal break-words pl-2\">Qui \u00e9taient ces jeunes r\u00e9sistants ?<\/li>\n<li class=\"whitespace-normal break-words pl-2\">D&#8217;o\u00f9 leur venaient cette volont\u00e9 et ce courage extraordinaire ?<\/li>\n<li class=\"whitespace-normal break-words pl-2\">Qui les a soutenus durant les ann\u00e9es de leur lutte ?<\/li>\n<li class=\"whitespace-normal break-words pl-2\">Quel fut l&#8217;h\u00e9ritage et l&#8217;efficacit\u00e9 de leurs actions ?<\/li>\n<\/ul>\n<p class=\"font-claude-response-body break-words whitespace-normal leading-[1.7]\">Nous suivons leurs traces \u00e0 travers Munich et visitons les lieux o\u00f9 ils ont v\u00e9cu, \u00e9tudi\u00e9, agi et ont \u00e9t\u00e9 arr\u00eat\u00e9s. Cette <strong>visite historique pour groupes scolaire<\/strong>\u00a0relie biographies, lieux et \u00e9v\u00e9nements de la dictature nazie \u2013 de mani\u00e8re vivante et durable.<\/p>\n<hr class=\"border-border-200 border-t-0.5 my-3 mx-1.5\" \/>\n<h3 class=\"text-text-100 mt-2 -mb-1 text-base font-bold\">La r\u00e9sistance munichoise \u2013 bien plus que la Rose Blanche<\/h3>\n<p class=\"font-claude-response-body break-words whitespace-normal leading-[1.7]\">La visite se concentre sur la <a href=\"https:\/\/www.weisse-rose-stiftung.de\/ausstellungsverleih\/exposition-la-rose-blanche\/\">Rose Blanche<\/a> \u2013 mais d&#8217;autres formes et figures de r\u00e9sistance sont \u00e9galement abord\u00e9es, afin de mettre en lumi\u00e8re la <strong>diversit\u00e9 des oppositions<\/strong> au r\u00e9gime nazi :<\/p>\n<ul class=\"[li_&amp;]:mb-0 [li_&amp;]:mt-1 [li_&amp;]:gap-1 [&amp;:not(:last-child)_ul]:pb-1 [&amp;:not(:last-child)_ol]:pb-1 list-disc flex flex-col gap-1 pl-8 mb-3\">\n<li class=\"whitespace-normal break-words pl-2\"><strong>Georg Elser<\/strong> \u2013 r\u00e9sistance individuelle<\/li>\n<li class=\"whitespace-normal break-words pl-2\"><strong>Hans Beimler et Centa Beimler<\/strong> \u2013 r\u00e9sistance communiste<\/li>\n<li class=\"whitespace-normal break-words pl-2\"><strong>Walter Klingenbeck<\/strong> \u2013 r\u00e9sistance des jeunes<\/li>\n<li class=\"whitespace-normal break-words pl-2\"><strong>Le P\u00e8re Rupert Mayer SJ et Fritz Gerlich<\/strong> \u2013 r\u00e9sistance religieuse<\/li>\n<li class=\"whitespace-normal break-words pl-2\"><strong>Oskar Maria Graf<\/strong> \u2013 r\u00e9sistance dans l&#8217;art<\/li>\n<\/ul>\n<p class=\"font-claude-response-body break-words whitespace-normal leading-[1.7]\">Au cours de la visite chacun de ces acteurs est replac\u00e9 dans son contexte historique, met en lumi\u00e8re les points communs et les diff\u00e9rences de leurs motivations, et aborde les <strong>risques et les cons\u00e9quences de leurs actes<\/strong>.<\/p>\n<hr class=\"border-border-200 border-t-0.5 my-3 mx-1.5\" \/>\n<h3 class=\"text-text-100 mt-2 -mb-1 text-base font-bold\">Objectifs p\u00e9dagogiques : id\u00e9al pour les cours d&#8217;histoire<\/h3>\n<p class=\"font-claude-response-body break-words whitespace-normal leading-[1.7]\">La <strong>visite guid\u00e9e Rose Blanche Munich pour groupes scolaires<\/strong> s&#8217;adresse sp\u00e9cifiquement aux classes et transmet l&#8217;histoire de mani\u00e8re <strong>vivante, adapt\u00e9e \u00e0 l&#8217;\u00e2ge et orient\u00e9e vers le dialogue<\/strong> :<\/p>\n<ul class=\"[li_&amp;]:mb-0 [li_&amp;]:mt-1 [li_&amp;]:gap-1 [&amp;:not(:last-child)_ul]:pb-1 [&amp;:not(:last-child)_ol]:pb-1 list-disc flex flex-col gap-1 pl-8 mb-3\">\n<li class=\"whitespace-normal break-words pl-2\">D\u00e9veloppement de la <strong>compr\u00e9hension historique<\/strong><\/li>\n<li class=\"whitespace-normal break-words pl-2\">R\u00e9flexion sur le <strong>courage civique, la morale et la responsabilit\u00e9<\/strong><\/li>\n<li class=\"whitespace-normal break-words pl-2\">Lien entre les lieux locaux et les <strong>th\u00e8mes du programme scolaire<\/strong><\/li>\n<li class=\"whitespace-normal break-words pl-2\">Regard approfondi sur les <strong>diff\u00e9rentes formes de r\u00e9sistance<\/strong><\/li>\n<\/ul>\n<p class=\"font-claude-response-body break-words whitespace-normal leading-[1.7]\">Le courage et la t\u00e9m\u00e9rit\u00e9 de ces jeunes sous la dictature hitl\u00e9rienne nous rappellent que de nombreux Allemands ont risqu\u00e9 \u2013 et souvent perdu \u2013 leur vie pour sauvegarder la libert\u00e9.<\/p>\n<hr class=\"border-border-200 border-t-0.5 my-3 mx-1.5\" \/>\n<h3 class=\"text-text-100 mt-2 -mb-1 text-base font-bold\">Pourquoi cette visite pour votre classe ?<\/h3>\n<p class=\"font-claude-response-body break-words whitespace-normal leading-[1.7]\">La <strong>visite Rose Blanche Munich<\/strong> plonge dans le pass\u00e9 sombre de la ville \u2013 un pass\u00e9 illumin\u00e9 par l&#8217;espoir de ceux qui refus\u00e8rent de sacrifier leur ind\u00e9pendance d&#8217;esprit. Elle invite \u00e0 <strong>apprendre, comprendre et se souvenir<\/strong> \u2013 l\u00e0 o\u00f9 l&#8217;histoire s&#8217;est r\u00e9ellement pass\u00e9e.<\/p>\n<hr class=\"border-border-200 border-t-0.5 my-3 mx-1.5\" \/>\n<p class=\"font-claude-response-body break-words whitespace-normal leading-[1.7]\"><strong>La Rose Blanche \u2013 La R\u00e9sistance munichoise<\/strong> Une visite guid\u00e9e historique pour groupes scolaires \u00e0 Munich \u2013 pour ne jamais oublier.<\/p>\n<p class=\"font-claude-response-body break-words whitespace-normal leading-[1.7]\"><em>Recommand\u00e9 pour les lyc\u00e9es et coll\u00e8ges<\/em><\/p>\n<hr class=\"border-border-200 border-t-0.5 my-3 mx-1.5\" \/>\n<p class=\"font-claude-response-body break-words whitespace-normal leading-[1.7]\"><em><strong>Ce th\u00e8me vous int\u00e9resse particuli\u00e8rement ?<\/strong><\/em><\/p>\n<p class=\"font-claude-response-body break-words whitespace-normal leading-[1.7]\">Vous \u00eates professeur et souhaitez approfondir avec vos \u00e9l\u00e8ves un sujet d\u00e9j\u00e0 abord\u00e9 en classe ? Vous voulez l&#8217;aborder de fa\u00e7on concr\u00e8te et palpable ? Nous vous proposons une <strong>journ\u00e9e th\u00e9matique<\/strong> consacr\u00e9e \u00e0 la mont\u00e9e du nazisme et \u00e0 la r\u00e9sistance \u00e0 Munich, suivie d&#8217;une visite du <a class=\"underline underline underline-offset-2 decoration-1 decoration-current\/40 hover:decoration-current focus:decoration-current\" href=\"https:\/\/www.wunder-der-stadt.com\/tours\/fuehrung-in-die-kz-gedenkstaette-dachau\/\">M\u00e9morial du camp de concentration de Dachau<\/a> \u2013 une journ\u00e9e d&#8217;apprentissage inoubliable pour votre classe.<\/p>\n<p>[vc_row][vc_column][vc_btn title=&#8221;CONTACTEZ-NOUS&#8221; shape=&#8221;square&#8221; align=&#8221;left&#8221; link=&#8221;url:http%3A%2F%2Fwww.wunder-der-stadt.com%2Fkontakt%2F|||&#8221;]<br \/>\n<!--more--><\/p>\n<table class=\"table table-bordered tours-tabs__table\" style=\"height: 233px;\" width=\"862\">\n<tbody>\n<tr>\n<td><strong>D\u00e9part<\/strong><\/td>\n<td>Odeonsplatz &#8211; M\u00fcnchen<\/td>\n<\/tr>\n<tr>\n<td><b>Dur\u00e9e<\/b><\/td>\n<td><span class=\"s1\">max. 2 heures<\/span><\/td>\n<\/tr>\n<tr>\n<td><b>Tarif<\/b><\/td>\n<td>\n<p class=\"p1\"><span class=\"s1\">210,00\u20ac \/ groupe- 19% TVA inclue<br \/>\n<\/span><\/p>\n<\/td>\n<\/tr>\n<tr>\n<td><strong>Nombre de participants<br \/>\n<\/strong><\/td>\n<td><span class=\"s1\">max. 25 personnes<\/span><\/td>\n<\/tr>\n<\/tbody>\n<\/table>\n","protected":false},"excerpt":{"rendered":"<p>Pour les groupes scolaires : La Rose Blanche \u2013 La R\u00e9sistance munichoise Visite guid\u00e9e pour groupes scolaires \u00e0 Munich Comprendre la r\u00e9sistance \u00e0 la dictature nazie \u2013 sur les lieux m\u00eames de l&#8217;histoire. C&#8217;est \u00e0 Munich, capitale bavaroise qui joua un r\u00f4le fondamental dans la mont\u00e9e du nazisme, que naquit ce mouvement de r\u00e9sistance la<\/p>\n<div class=\"padding-top text-center\"><a href=\"https:\/\/www.wunder-der-stadt.com\/es\/tours\/pour-groupes-scolaires-la-rose-blanche-la-resistance-munichoise-pendant-la-dictature-nazi\/\" class=\"atbtn atbtn--medium atbtn--rounded atbtn--transparent\">Weiterlesen<i class=\"atbtn__icon atbtn__icon--right fa fa-long-arrow-right\"><\/i><\/a><\/div>\n","protected":false},"featured_media":1452,"template":"","meta":[],"product_cat":[103],"product_tag":[77,78],"translation":{"provider":"WPGlobus","version":"3.0.2","language":"es","enabled_languages":["de","en","fr","es"],"languages":{"de":{"title":true,"content":true,"excerpt":false},"en":{"title":false,"content":false,"excerpt":false},"fr":{"title":false,"content":false,"excerpt":false},"es":{"title":false,"content":false,"excerpt":false}}},"yoast_head":"<!-- This site is optimized with the Yoast SEO plugin v22.0 - https:\/\/yoast.com\/wordpress\/plugins\/seo\/ -->\n<title>Visite guid\u00e9e Rose Blanche Munich groupes scolaires<\/title>\n<meta name=\"robots\" content=\"index, follow, max-snippet:-1, max-image-preview:large, max-video-preview:-1\" \/>\n<link rel=\"canonical\" href=\"https:\/\/www.wunder-der-stadt.com\/tours\/pour-groupes-scolaires-la-rose-blanche-la-resistance-munichoise-pendant-la-dictature-nazi\/\" \/>\n<meta property=\"og:locale\" content=\"es_ES\" \/>\n<meta property=\"og:type\" content=\"article\" \/>\n<meta property=\"og:title\" content=\"Pour groupes scolaires : La Rose Blanche \u2013 La r\u00e9sistance munichoise - Wunder der Stadt - Stadtf\u00fchrungen in M\u00fcnchen und Oberbayern\" \/>\n<meta property=\"og:url\" content=\"https:\/\/www.wunder-der-stadt.com\/tours\/pour-groupes-scolaires-la-rose-blanche-la-resistance-munichoise-pendant-la-dictature-nazi\/\" \/>\n<meta property=\"og:site_name\" content=\"Wunder der Stadt - Stadtf\u00fchrungen in M\u00fcnchen und Oberbayern\" \/>\n<meta property=\"article:modified_time\" content=\"2026-03-07T13:11:21+00:00\" \/>\n<meta property=\"og:image\" content=\"https:\/\/www.wunder-der-stadt.com\/wp-content\/uploads\/Weisse_Rose.jpg\" \/>\n\t<meta property=\"og:image:width\" content=\"1400\" \/>\n\t<meta property=\"og:image:height\" content=\"600\" \/>\n\t<meta property=\"og:image:type\" content=\"image\/jpeg\" \/>\n<meta name=\"twitter:card\" content=\"summary_large_image\" \/>\n<meta name=\"twitter:label1\" content=\"Est. reading time\" \/>\n\t<meta name=\"twitter:data1\" content=\"4 minutes\" \/>\n<script type=\"application\/ld+json\" class=\"yoast-schema-graph\">{\"@context\":\"https:\/\/schema.org\",\"@graph\":[{\"@type\":\"WebPage\",\"@id\":\"https:\/\/www.wunder-der-stadt.com\/tours\/pour-groupes-scolaires-la-rose-blanche-la-resistance-munichoise-pendant-la-dictature-nazi\/\",\"url\":\"https:\/\/www.wunder-der-stadt.com\/tours\/pour-groupes-scolaires-la-rose-blanche-la-resistance-munichoise-pendant-la-dictature-nazi\/\",\"name\":\"Visite guid\u00e9e Rose Blanche Munich groupes scolaires\",\"isPartOf\":{\"@id\":\"https:\/\/www.wunder-der-stadt.com\/#website\"},\"datePublished\":\"2020-01-16T09:29:48+00:00\",\"dateModified\":\"2026-03-07T13:11:21+00:00\",\"description\":\"Visite guid\u00e9e Rose Blanche Munich pour groupes scolaires : la r\u00e9sistance contre le nazisme sur les lieux historiques. P\u00e9dagogique et inoubliable.\",\"breadcrumb\":{\"@id\":\"https:\/\/www.wunder-der-stadt.com\/tours\/pour-groupes-scolaires-la-rose-blanche-la-resistance-munichoise-pendant-la-dictature-nazi\/#breadcrumb\"},\"inLanguage\":\"es-ES\",\"potentialAction\":[{\"@type\":\"ReadAction\",\"target\":[\"https:\/\/www.wunder-der-stadt.com\/tours\/pour-groupes-scolaires-la-rose-blanche-la-resistance-munichoise-pendant-la-dictature-nazi\/\"]}]},{\"@type\":\"BreadcrumbList\",\"@id\":\"https:\/\/www.wunder-der-stadt.com\/tours\/pour-groupes-scolaires-la-rose-blanche-la-resistance-munichoise-pendant-la-dictature-nazi\/#breadcrumb\",\"itemListElement\":[{\"@type\":\"ListItem\",\"position\":1,\"name\":\"Startseite\",\"item\":\"https:\/\/www.wunder-der-stadt.com\/\"},{\"@type\":\"ListItem\",\"position\":2,\"name\":\"Produkte\",\"item\":\"https:\/\/www.wunder-der-stadt.com\/shop\/\"},{\"@type\":\"ListItem\",\"position\":3,\"name\":\"Pour groupes scolaires : La Rose Blanche \u2013 La r\u00e9sistance munichoise\"}]},{\"@type\":\"WebSite\",\"@id\":\"https:\/\/www.wunder-der-stadt.com\/#website\",\"url\":\"https:\/\/www.wunder-der-stadt.com\/\",\"name\":\"{:de}Wunder der Stadt - Stadtf\u00fchrungen in M\u00fcnchen und Oberbayern{:}{:fr}Wunder der Stadt - Visites guid\u00e9es \u00e0 Munich et en Bavi\u00e8re{:}\",\"description\":\"Ihre Agentur f\u00fcr Incomingreisen, Gesch\u00e4ftreisen, Stadtf\u00fchrungen und Privatreisen in M\u00fcnchen und Bayern\",\"publisher\":{\"@id\":\"https:\/\/www.wunder-der-stadt.com\/#\/schema\/person\/7ac5370c8e8a38b0625e279f3af2d701\"},\"potentialAction\":[{\"@type\":\"SearchAction\",\"target\":{\"@type\":\"EntryPoint\",\"urlTemplate\":\"https:\/\/www.wunder-der-stadt.com\/?s={search_term_string}\"},\"query-input\":\"required name=search_term_string\"}],\"inLanguage\":\"es-ES\"},{\"@type\":[\"Person\",\"Organization\"],\"@id\":\"https:\/\/www.wunder-der-stadt.com\/#\/schema\/person\/7ac5370c8e8a38b0625e279f3af2d701\",\"name\":\"Admin\",\"logo\":{\"@id\":\"https:\/\/www.wunder-der-stadt.com\/#\/schema\/person\/image\/\"}}]}<\/script>\n<!-- \/ Yoast SEO plugin. -->","yoast_head_json":{"title":"Visite guid\u00e9e Rose Blanche Munich groupes scolaires","robots":{"index":"index","follow":"follow","max-snippet":"max-snippet:-1","max-image-preview":"max-image-preview:large","max-video-preview":"max-video-preview:-1"},"canonical":"https:\/\/www.wunder-der-stadt.com\/tours\/pour-groupes-scolaires-la-rose-blanche-la-resistance-munichoise-pendant-la-dictature-nazi\/","og_locale":"es_ES","og_type":"article","og_title":"Pour groupes scolaires : La Rose Blanche \u2013 La r\u00e9sistance munichoise - Wunder der Stadt - Stadtf\u00fchrungen in M\u00fcnchen und Oberbayern","og_url":"https:\/\/www.wunder-der-stadt.com\/tours\/pour-groupes-scolaires-la-rose-blanche-la-resistance-munichoise-pendant-la-dictature-nazi\/","og_site_name":"Wunder der Stadt - Stadtf\u00fchrungen in M\u00fcnchen und Oberbayern","article_modified_time":"2026-03-07T13:11:21+00:00","og_image":[{"width":1400,"height":600,"url":"https:\/\/www.wunder-der-stadt.com\/wp-content\/uploads\/Weisse_Rose.jpg","type":"image\/jpeg"}],"twitter_card":"summary_large_image","twitter_misc":{"Est. reading time":"4 minutes"},"schema":{"@context":"https:\/\/schema.org","@graph":[{"@type":"WebPage","@id":"https:\/\/www.wunder-der-stadt.com\/tours\/pour-groupes-scolaires-la-rose-blanche-la-resistance-munichoise-pendant-la-dictature-nazi\/","url":"https:\/\/www.wunder-der-stadt.com\/tours\/pour-groupes-scolaires-la-rose-blanche-la-resistance-munichoise-pendant-la-dictature-nazi\/","name":"Visite guid\u00e9e Rose Blanche Munich groupes scolaires","isPartOf":{"@id":"https:\/\/www.wunder-der-stadt.com\/#website"},"datePublished":"2020-01-16T09:29:48+00:00","dateModified":"2026-03-07T13:11:21+00:00","description":"Visite guid\u00e9e Rose Blanche Munich pour groupes scolaires : la r\u00e9sistance contre le nazisme sur les lieux historiques. P\u00e9dagogique et inoubliable.","breadcrumb":{"@id":"https:\/\/www.wunder-der-stadt.com\/tours\/pour-groupes-scolaires-la-rose-blanche-la-resistance-munichoise-pendant-la-dictature-nazi\/#breadcrumb"},"inLanguage":"es-ES","potentialAction":[{"@type":"ReadAction","target":["https:\/\/www.wunder-der-stadt.com\/tours\/pour-groupes-scolaires-la-rose-blanche-la-resistance-munichoise-pendant-la-dictature-nazi\/"]}]},{"@type":"BreadcrumbList","@id":"https:\/\/www.wunder-der-stadt.com\/tours\/pour-groupes-scolaires-la-rose-blanche-la-resistance-munichoise-pendant-la-dictature-nazi\/#breadcrumb","itemListElement":[{"@type":"ListItem","position":1,"name":"Startseite","item":"https:\/\/www.wunder-der-stadt.com\/"},{"@type":"ListItem","position":2,"name":"Produkte","item":"https:\/\/www.wunder-der-stadt.com\/shop\/"},{"@type":"ListItem","position":3,"name":"Pour groupes scolaires : La Rose Blanche \u2013 La r\u00e9sistance munichoise"}]},{"@type":"WebSite","@id":"https:\/\/www.wunder-der-stadt.com\/#website","url":"https:\/\/www.wunder-der-stadt.com\/","name":"{:de}Wunder der Stadt - Stadtf\u00fchrungen in M\u00fcnchen und Oberbayern{:}{:fr}Wunder der Stadt - Visites guid\u00e9es \u00e0 Munich et en Bavi\u00e8re{:}","description":"Ihre Agentur f\u00fcr Incomingreisen, Gesch\u00e4ftreisen, Stadtf\u00fchrungen und Privatreisen in M\u00fcnchen und Bayern","publisher":{"@id":"https:\/\/www.wunder-der-stadt.com\/#\/schema\/person\/7ac5370c8e8a38b0625e279f3af2d701"},"potentialAction":[{"@type":"SearchAction","target":{"@type":"EntryPoint","urlTemplate":"https:\/\/www.wunder-der-stadt.com\/?s={search_term_string}"},"query-input":"required name=search_term_string"}],"inLanguage":"es-ES"},{"@type":["Person","Organization"],"@id":"https:\/\/www.wunder-der-stadt.com\/#\/schema\/person\/7ac5370c8e8a38b0625e279f3af2d701","name":"Admin","logo":{"@id":"https:\/\/www.wunder-der-stadt.com\/#\/schema\/person\/image\/"}}]}},"_links":{"self":[{"href":"https:\/\/www.wunder-der-stadt.com\/es\/wp-json\/wp\/v2\/product\/2259"}],"collection":[{"href":"https:\/\/www.wunder-der-stadt.com\/es\/wp-json\/wp\/v2\/product"}],"about":[{"href":"https:\/\/www.wunder-der-stadt.com\/es\/wp-json\/wp\/v2\/types\/product"}],"wp:featuredmedia":[{"embeddable":true,"href":"https:\/\/www.wunder-der-stadt.com\/es\/wp-json\/wp\/v2\/media\/1452"}],"wp:attachment":[{"href":"https:\/\/www.wunder-der-stadt.com\/es\/wp-json\/wp\/v2\/media?parent=2259"}],"wp:term":[{"taxonomy":"product_cat","embeddable":true,"href":"https:\/\/www.wunder-der-stadt.com\/es\/wp-json\/wp\/v2\/product_cat?post=2259"},{"taxonomy":"product_tag","embeddable":true,"href":"https:\/\/www.wunder-der-stadt.com\/es\/wp-json\/wp\/v2\/product_tag?post=2259"}],"curies":[{"name":"wp","href":"https:\/\/api.w.org\/{rel}","templated":true}]}}