{"id":2397,"date":"2020-11-02T18:06:19","date_gmt":"2020-11-02T17:06:19","guid":{"rendered":"https:\/\/www.wunder-der-stadt.com\/?post_type=product&#038;p=2397"},"modified":"2024-02-16T10:54:22","modified_gmt":"2024-02-16T09:54:22","slug":"karl-valentin-und-liesl-karlstadt","status":"publish","type":"product","link":"https:\/\/www.wunder-der-stadt.com\/es\/tours\/karl-valentin-und-liesl-karlstadt\/","title":{"rendered":"Karl Valentin und Liesl Karlstadt &#8211; Stadtf\u00fchrung"},"content":{"rendered":"<p><span style=\"font-size: 14pt;\"><strong>Karl Valentin und Liesl Karlstadt \u2013 Hinter einem ber\u00fchmten Mann, steht immer <\/strong><strong>eine starke Frau\u201c<\/strong><\/span><\/p>\n<p>Vor Karl Valentin und Liesl Karlstadt war nichts sicher. Mit der unerbittlichen Sch\u00e4rfe ihres Witzes durchbohrten sie s\u00e4mtliche Kategorien der Wirklichkeit. Mit absurder Komik und Logik zertr\u00fcmmernder Sprachakrobatik demontierten sie alle Regeln der Kunst. B\u00fcrgerliche Werte und Lachmuskeln wurden gleicherma\u00dfen ersch\u00fcttert.<\/p>\n<p>Jahrzehntelang wurde Valentin als Komikergenie gefeiert, w\u00e4hrend Karlstadt zum Teil nicht einmal erw\u00e4hnt wurde. Das spiegelt aber keineswegs die tats\u00e4chliche Rollenverteilung wider, denn erst mit ihr zusammen kam der Erfolg. Sie war schlagfertig, konnte improvisieren und traute sich problemlos, in M\u00e4nnerrollen zu schl\u00fcpfen.<\/p>\n<p>Nur die Wenigsten wissen, dass sie diejenige war, die die gemeinsamen Ideen aufs Papier brachte, denn Valentin hatte daf\u00fcr keine Geduld. Sie war es auch, die alles\u00a0zu Recht biegen musste, woran der hypochondrisch veranlagte Valentin litt.<\/p>\n<p>Liesl Karlstadt war in einer Person Geliebte, Managerin, Seelen\u00e4rztin, Mitautorin, Souffleuse, Maskenbildnerin&#8230;<\/p>\n<p>In einer Widmung schrieb sie: \u201eMeinem komischen Partner und Patienten Karl Valentin in nie versagender Geduld gewidmet von Liesl Karlstadt. Beruf: Nerven\u00e4rztin. Nebenberuf: Komikerin.\u201c Mehr zu dieser komplizierten Beziehung erfahren Sie in meiner F\u00fchrung.<\/p>\n<p><strong>\u201eKarl Valentin und Liesl Karlstadt \u2013 Hinter einem ber\u00fchmten Mann, steht immer <\/strong><strong>eine starke Frau\u201c<\/strong><\/p>\n<p>Reservierung direkt unter <strong><a href=\"mailto:info@wunder-der-stadt.de\">info@wunder-der-stadt.de<\/a><\/strong><\/p>\n<p>F\u00fcr eine Privatf\u00fchrung erfolgt die Anmeldung unter <strong><a href=\"mailto:info@wunder-der-stadt.de\">info@wunder-der-stadt.de<\/a><\/strong> (siehe unten)<\/p>\n<p>&nbsp;<\/p>\n<p><span style=\"font-size: 14pt;\"><strong>Zur F\u00fchrung \u201eKarl Valentin und Liesl Karlstadt \u2013 Hinter einem ber\u00fchmten Mann, steht immer eine starke Frau\u201e\u00a0 gibt es auch den passendem Buch &#8220;<a href=\"http:\/\/sabine-voehringer.com\/category\/krimis\/karl-valentin-ist-tot\/\">Karl Valentin ist tot<\/a>&#8220;.\u00a0<\/strong><\/span><\/p>\n<p>Die Kriminalromane der M\u00fcnchner Autorin <a href=\"http:\/\/sabine-voehringer.com\/\">Sabine V\u00f6hringer<\/a> mit ihrem Hauptkommissar Tom Perlinger sind die perfekten Begleiter zu dieser F\u00fchrung!<\/p>\n<p><span style=\"font-size: 12pt;\">Der 3. Fall der Kultserie rund um Hauptkommissar Tom Perlinger erweckt den Komiker Karl Valentin zu neuem Leben und jagt den Leser in rasantem Tempo durch die sch\u00f6nsten Gassen der Altstadt.<\/span><\/p>\n<p>Zum Inhalt<em>: Ein tragischer Selbstmord.<\/em>\u00a0Der Sch\u00fcler Fabian, Sohn des Schauspielers Sascha Br\u00fchl, st\u00fcrzt kurz vor dem Abitur aus dem dritten Stock des Karl Valentin Gymnasiums in den Tod.<br \/>\n<em>Ein Jahr sp\u00e4ter steht die Schule in Flammen.<\/em>\u00a0Im Keller wird die Leiche der stellvertretenden Direktorin Marianne Eichst\u00e4tt geborgen.<br \/>\n<em>Welches Geheimnis verbindet die Toten?<\/em> Je tiefer Tom gr\u00e4bt, desto mehr F\u00e4den laufen zusammen. Tom muss erfahren, dass ihn der Fall pers\u00f6nlich betrifft. Gerade als er die entscheidende Spur entdeckt, brennt es erneut. Ein Wettlauf mit der Zeit beginnt, bevor der Feuerteufel auch Toms Schicksal bestimmt\u2026<br \/>\nEin raffinierter Krimi, dessen feingewobenes Netz aus Intrigen und Beziehungen den Leser von der ersten Minute an ganz in seinen Bann zieht.<\/p>\n<p>Ihre Krimis spielen an bekannten Orten der M\u00fcnchner Innenstadt und verbinden Gegenwart und Historie auf raffinierte Art und Weise. Der Leser geht mit auf Entdeckungsreise durch die Kulissen der bayerischen Hauptstadt. Sabine V\u00f6hringer versteht es bestens, die bayerische Kultur und Lebensart mit dem Mordfall um den ??? zu verkn\u00fcpfen.<\/p>\n<p>&nbsp;<\/p>\n<p><strong>Buch + Ticket f\u00fcr die F\u00fchrung k\u00f6nnen Sie unkompliziert per Mail unter <a href=\"mailto:info@wunder-der-stadt.de\">info@wunder-der-stadt.de<\/a> auf Rechnung bestellen<\/strong><\/p>\n<p>Packetpreis: 30,00\u20ac\/Person mit Buch oder 20,00\u20ac\/Person ohne Buch<\/p>\n<p>Sie haben das Buch gelesen!\u00a0 Dann begeben wir uns auf die Spuren des Kommissars Tom Perlinger.<\/p>\n<p>Bis dahin empfehle ich die Lekt\u00fcre dieses spannenden Romans.<\/p>\n<p>&nbsp;<\/p>\n<p>In der Reihe &#8220;Ber\u00fchmte P\u00e4rchen in M\u00fcnchen&#8221; gibt es auch<\/p>\n<h3 class=\"atgrid__item__title\"><a href=\"https:\/\/www.wunder-der-stadt.com\/tours\/lola-montez\/\">&#8211; \u201eLola Montez und Ludwig I. &#8211; eine verh\u00e4ngnisvolle Aff\u00e4re\u201e<\/a><\/h3>\n<p><!--more--><\/p>\n<table class=\"table table-bordered tours-tabs__table\" style=\"height: 248px; width: 61.5842%;\" width=\"862\">\n<tbody>\n<tr style=\"height: 24px;\">\n<td style=\"height: 24px;\"><strong>DATUM<\/strong><\/td>\n<td style=\"height: 24px;\">nach Absprache<\/td>\n<\/tr>\n<tr style=\"height: 24px;\">\n<td style=\"height: 24px;\"><b>UHRZEIT<\/b><\/td>\n<td style=\"height: 24px;\">nach Absprache<\/td>\n<\/tr>\n<tr style=\"height: 24px;\">\n<td style=\"height: 24px;\"><strong>STARTPUNKT<\/strong><\/td>\n<td style=\"height: 24px;\">Viktualienmarkt &#8211; Karl Valentin Brunnen<\/td>\n<\/tr>\n<tr style=\"height: 24px;\">\n<td style=\"height: 24px;\"><strong>DAUER<\/strong><\/td>\n<td style=\"height: 24px;\">1,5-2 Stunde<\/td>\n<\/tr>\n<tr style=\"height: 96px;\">\n<td style=\"height: 96px;\"><b>PAKET-PREIS<\/b><\/td>\n<td style=\"height: 96px;\">\n<p class=\"p1\">30,00\u20ac \/ Person\u2013 inkl. Buch &#8220;Karl Valentin ist Tod&#8221;, Ticket f\u00fcr die F\u00fchrung und MwSt.<\/p>\n<p>20,00\u20ac \/ Person &#8211; inkl. MwSt. aber ohne Buch<\/p><\/td>\n<\/tr>\n<tr style=\"height: 56px;\">\n<td style=\"height: 56px;\"><strong>TEILNEHMERZAHL<\/strong><\/td>\n<td style=\"height: 56px;\">\n<p class=\"p1\"><span class=\"s1\">max. 15 Personen<\/span><\/p>\n<\/td>\n<\/tr>\n<\/tbody>\n<\/table>\n","protected":false},"excerpt":{"rendered":"<p>Karl Valentin und Liesl Karlstadt \u2013 Hinter einem ber\u00fchmten Mann, steht immer eine starke Frau\u201c Vor Karl Valentin und Liesl Karlstadt war nichts sicher. Mit der unerbittlichen Sch\u00e4rfe ihres Witzes durchbohrten sie s\u00e4mtliche Kategorien der Wirklichkeit. Mit absurder Komik und Logik zertr\u00fcmmernder Sprachakrobatik demontierten sie alle Regeln der Kunst. B\u00fcrgerliche Werte und Lachmuskeln wurden gleicherma\u00dfen<\/p>\n<div class=\"padding-top text-center\"><a href=\"https:\/\/www.wunder-der-stadt.com\/es\/tours\/karl-valentin-und-liesl-karlstadt\/\" class=\"atbtn atbtn--medium atbtn--rounded atbtn--transparent\">Weiterlesen<i class=\"atbtn__icon atbtn__icon--right fa fa-long-arrow-right\"><\/i><\/a><\/div>\n","protected":false},"featured_media":2405,"template":"","meta":[],"product_cat":[103],"product_tag":[210,212,211,204,139,203],"translation":{"provider":"WPGlobus","version":"3.0.2","language":"es","enabled_languages":["de","en","fr","es"],"languages":{"de":{"title":true,"content":true,"excerpt":false},"en":{"title":false,"content":false,"excerpt":false},"fr":{"title":false,"content":false,"excerpt":false},"es":{"title":false,"content":false,"excerpt":false}}},"yoast_head":"<!-- This site is optimized with the Yoast SEO plugin v22.0 - https:\/\/yoast.com\/wordpress\/plugins\/seo\/ -->\n<title>Karl Valentin und Liesl Karlstadt<\/title>\n<meta name=\"robots\" content=\"index, follow, max-snippet:-1, max-image-preview:large, max-video-preview:-1\" \/>\n<link rel=\"canonical\" href=\"https:\/\/www.wunder-der-stadt.com\/tours\/karl-valentin-und-liesl-karlstadt\/\" \/>\n<meta property=\"og:locale\" content=\"es_ES\" \/>\n<meta property=\"og:type\" content=\"article\" \/>\n<meta property=\"og:title\" content=\"Karl Valentin und Liesl Karlstadt - Stadtf\u00fchrung - Wunder der Stadt - Stadtf\u00fchrungen in M\u00fcnchen und Oberbayern\" \/>\n<meta property=\"og:url\" content=\"https:\/\/www.wunder-der-stadt.com\/tours\/karl-valentin-und-liesl-karlstadt\/\" \/>\n<meta property=\"og:site_name\" content=\"Wunder der Stadt - Stadtf\u00fchrungen in M\u00fcnchen und Oberbayern\" \/>\n<meta property=\"article:modified_time\" content=\"2024-02-16T09:54:22+00:00\" \/>\n<meta property=\"og:image\" content=\"https:\/\/www.wunder-der-stadt.com\/wp-content\/uploads\/Karl-Valentin-und-Liesl-Karlstadt-Viktualienmarkt-M\u00fcnchen.jpg\" \/>\n\t<meta property=\"og:image:width\" content=\"1486\" \/>\n\t<meta property=\"og:image:height\" content=\"561\" \/>\n\t<meta property=\"og:image:type\" content=\"image\/jpeg\" \/>\n<meta name=\"twitter:card\" content=\"summary_large_image\" \/>\n<meta name=\"twitter:label1\" content=\"Est. reading time\" \/>\n\t<meta name=\"twitter:data1\" content=\"4 minutes\" \/>\n<script type=\"application\/ld+json\" class=\"yoast-schema-graph\">{\"@context\":\"https:\/\/schema.org\",\"@graph\":[{\"@type\":\"WebPage\",\"@id\":\"https:\/\/www.wunder-der-stadt.com\/tours\/karl-valentin-und-liesl-karlstadt\/\",\"url\":\"https:\/\/www.wunder-der-stadt.com\/tours\/karl-valentin-und-liesl-karlstadt\/\",\"name\":\"Karl Valentin und Liesl Karlstadt\",\"isPartOf\":{\"@id\":\"https:\/\/www.wunder-der-stadt.com\/#website\"},\"datePublished\":\"2020-11-02T17:06:19+00:00\",\"dateModified\":\"2024-02-16T09:54:22+00:00\",\"description\":\"Zu dieser komplizierten Beziehung zwischen Karl Valentin und Liesl Karlstadt erfahren Sie mehr in der F\u00fchrung zu den historischen Schaupl\u00e4tze\",\"breadcrumb\":{\"@id\":\"https:\/\/www.wunder-der-stadt.com\/tours\/karl-valentin-und-liesl-karlstadt\/#breadcrumb\"},\"inLanguage\":\"es-ES\",\"potentialAction\":[{\"@type\":\"ReadAction\",\"target\":[\"https:\/\/www.wunder-der-stadt.com\/tours\/karl-valentin-und-liesl-karlstadt\/\"]}]},{\"@type\":\"BreadcrumbList\",\"@id\":\"https:\/\/www.wunder-der-stadt.com\/tours\/karl-valentin-und-liesl-karlstadt\/#breadcrumb\",\"itemListElement\":[{\"@type\":\"ListItem\",\"position\":1,\"name\":\"Startseite\",\"item\":\"https:\/\/www.wunder-der-stadt.com\/\"},{\"@type\":\"ListItem\",\"position\":2,\"name\":\"Produkte\",\"item\":\"https:\/\/www.wunder-der-stadt.com\/shop\/\"},{\"@type\":\"ListItem\",\"position\":3,\"name\":\"Karl Valentin und Liesl Karlstadt &#8211; Stadtf\u00fchrung\"}]},{\"@type\":\"WebSite\",\"@id\":\"https:\/\/www.wunder-der-stadt.com\/#website\",\"url\":\"https:\/\/www.wunder-der-stadt.com\/\",\"name\":\"{:de}Wunder der Stadt - Stadtf\u00fchrungen in M\u00fcnchen und Oberbayern{:}{:fr}Wunder der Stadt - Visites guid\u00e9es \u00e0 Munich et en Bavi\u00e8re{:}\",\"description\":\"Ihre Agentur f\u00fcr Incomingreisen, Gesch\u00e4ftreisen, Stadtf\u00fchrungen und Privatreisen in M\u00fcnchen und Bayern\",\"publisher\":{\"@id\":\"https:\/\/www.wunder-der-stadt.com\/#\/schema\/person\/7ac5370c8e8a38b0625e279f3af2d701\"},\"potentialAction\":[{\"@type\":\"SearchAction\",\"target\":{\"@type\":\"EntryPoint\",\"urlTemplate\":\"https:\/\/www.wunder-der-stadt.com\/?s={search_term_string}\"},\"query-input\":\"required name=search_term_string\"}],\"inLanguage\":\"es-ES\"},{\"@type\":[\"Person\",\"Organization\"],\"@id\":\"https:\/\/www.wunder-der-stadt.com\/#\/schema\/person\/7ac5370c8e8a38b0625e279f3af2d701\",\"name\":\"Admin\",\"logo\":{\"@id\":\"https:\/\/www.wunder-der-stadt.com\/#\/schema\/person\/image\/\"}}]}<\/script>\n<!-- \/ Yoast SEO plugin. -->","yoast_head_json":{"title":"Karl Valentin und Liesl Karlstadt","robots":{"index":"index","follow":"follow","max-snippet":"max-snippet:-1","max-image-preview":"max-image-preview:large","max-video-preview":"max-video-preview:-1"},"canonical":"https:\/\/www.wunder-der-stadt.com\/tours\/karl-valentin-und-liesl-karlstadt\/","og_locale":"es_ES","og_type":"article","og_title":"Karl Valentin und Liesl Karlstadt - Stadtf\u00fchrung - Wunder der Stadt - Stadtf\u00fchrungen in M\u00fcnchen und Oberbayern","og_url":"https:\/\/www.wunder-der-stadt.com\/tours\/karl-valentin-und-liesl-karlstadt\/","og_site_name":"Wunder der Stadt - Stadtf\u00fchrungen in M\u00fcnchen und Oberbayern","article_modified_time":"2024-02-16T09:54:22+00:00","og_image":[{"width":1486,"height":561,"url":"https:\/\/www.wunder-der-stadt.com\/wp-content\/uploads\/Karl-Valentin-und-Liesl-Karlstadt-Viktualienmarkt-M\u00fcnchen.jpg","type":"image\/jpeg"}],"twitter_card":"summary_large_image","twitter_misc":{"Est. reading time":"4 minutes"},"schema":{"@context":"https:\/\/schema.org","@graph":[{"@type":"WebPage","@id":"https:\/\/www.wunder-der-stadt.com\/tours\/karl-valentin-und-liesl-karlstadt\/","url":"https:\/\/www.wunder-der-stadt.com\/tours\/karl-valentin-und-liesl-karlstadt\/","name":"Karl Valentin und Liesl Karlstadt","isPartOf":{"@id":"https:\/\/www.wunder-der-stadt.com\/#website"},"datePublished":"2020-11-02T17:06:19+00:00","dateModified":"2024-02-16T09:54:22+00:00","description":"Zu dieser komplizierten Beziehung zwischen Karl Valentin und Liesl Karlstadt erfahren Sie mehr in der F\u00fchrung zu den historischen Schaupl\u00e4tze","breadcrumb":{"@id":"https:\/\/www.wunder-der-stadt.com\/tours\/karl-valentin-und-liesl-karlstadt\/#breadcrumb"},"inLanguage":"es-ES","potentialAction":[{"@type":"ReadAction","target":["https:\/\/www.wunder-der-stadt.com\/tours\/karl-valentin-und-liesl-karlstadt\/"]}]},{"@type":"BreadcrumbList","@id":"https:\/\/www.wunder-der-stadt.com\/tours\/karl-valentin-und-liesl-karlstadt\/#breadcrumb","itemListElement":[{"@type":"ListItem","position":1,"name":"Startseite","item":"https:\/\/www.wunder-der-stadt.com\/"},{"@type":"ListItem","position":2,"name":"Produkte","item":"https:\/\/www.wunder-der-stadt.com\/shop\/"},{"@type":"ListItem","position":3,"name":"Karl Valentin und Liesl Karlstadt &#8211; Stadtf\u00fchrung"}]},{"@type":"WebSite","@id":"https:\/\/www.wunder-der-stadt.com\/#website","url":"https:\/\/www.wunder-der-stadt.com\/","name":"{:de}Wunder der Stadt - Stadtf\u00fchrungen in M\u00fcnchen und Oberbayern{:}{:fr}Wunder der Stadt - Visites guid\u00e9es \u00e0 Munich et en Bavi\u00e8re{:}","description":"Ihre Agentur f\u00fcr Incomingreisen, Gesch\u00e4ftreisen, Stadtf\u00fchrungen und Privatreisen in M\u00fcnchen und Bayern","publisher":{"@id":"https:\/\/www.wunder-der-stadt.com\/#\/schema\/person\/7ac5370c8e8a38b0625e279f3af2d701"},"potentialAction":[{"@type":"SearchAction","target":{"@type":"EntryPoint","urlTemplate":"https:\/\/www.wunder-der-stadt.com\/?s={search_term_string}"},"query-input":"required name=search_term_string"}],"inLanguage":"es-ES"},{"@type":["Person","Organization"],"@id":"https:\/\/www.wunder-der-stadt.com\/#\/schema\/person\/7ac5370c8e8a38b0625e279f3af2d701","name":"Admin","logo":{"@id":"https:\/\/www.wunder-der-stadt.com\/#\/schema\/person\/image\/"}}]}},"_links":{"self":[{"href":"https:\/\/www.wunder-der-stadt.com\/es\/wp-json\/wp\/v2\/product\/2397"}],"collection":[{"href":"https:\/\/www.wunder-der-stadt.com\/es\/wp-json\/wp\/v2\/product"}],"about":[{"href":"https:\/\/www.wunder-der-stadt.com\/es\/wp-json\/wp\/v2\/types\/product"}],"wp:featuredmedia":[{"embeddable":true,"href":"https:\/\/www.wunder-der-stadt.com\/es\/wp-json\/wp\/v2\/media\/2405"}],"wp:attachment":[{"href":"https:\/\/www.wunder-der-stadt.com\/es\/wp-json\/wp\/v2\/media?parent=2397"}],"wp:term":[{"taxonomy":"product_cat","embeddable":true,"href":"https:\/\/www.wunder-der-stadt.com\/es\/wp-json\/wp\/v2\/product_cat?post=2397"},{"taxonomy":"product_tag","embeddable":true,"href":"https:\/\/www.wunder-der-stadt.com\/es\/wp-json\/wp\/v2\/product_tag?post=2397"}],"curies":[{"name":"wp","href":"https:\/\/api.w.org\/{rel}","templated":true}]}}