{"id":1272,"date":"2017-11-23T20:58:10","date_gmt":"2017-11-23T19:58:10","guid":{"rendered":"http:\/\/www.wunder-der-stadt.com\/?page_id=1272"},"modified":"2024-01-04T19:11:50","modified_gmt":"2024-01-04T18:11:50","slug":"stadtfuehrungen-in-muenchen-fuer-geschaeftsreisen","status":"publish","type":"page","link":"https:\/\/www.wunder-der-stadt.com\/fr\/stadtfuehrungen-in-muenchen-fuer-geschaeftsreisen\/","title":{"rendered":"Voyages d\u2019affaires, visitez Munich ou la Bavi\u00e8re !"},"content":{"rendered":"<p>[vc_row][vc_column][vc_column_text]<img loading=\"lazy\" decoding=\"async\" class=\"alignright wp-image-1616 size-large\" src=\"https:\/\/www.wunder-der-stadt.com\/wp-content\/uploads\/weisswurst-2577747_1920-1024x576.jpg\" alt=\"Gesch\u00e4ftsreisen M\u00fcnchen\" width=\"748\" height=\"421\" srcset=\"https:\/\/www.wunder-der-stadt.com\/wp-content\/uploads\/weisswurst-2577747_1920-1024x576.jpg 1024w, https:\/\/www.wunder-der-stadt.com\/wp-content\/uploads\/weisswurst-2577747_1920-600x338.jpg 600w, https:\/\/www.wunder-der-stadt.com\/wp-content\/uploads\/weisswurst-2577747_1920-300x169.jpg 300w, https:\/\/www.wunder-der-stadt.com\/wp-content\/uploads\/weisswurst-2577747_1920-768x432.jpg 768w, https:\/\/www.wunder-der-stadt.com\/wp-content\/uploads\/weisswurst-2577747_1920.jpg 1920w\" sizes=\"(max-width: 748px) 100vw, 748px\" \/><\/p>\n<p>Les meilleurs r\u00e9sultats se font dans une atmosph\u00e8re harmonieuse qui vous sensibilise \u00e0 la position de l&#8217;autre et accro\u00eet la compr\u00e9hension mutuelle. Par exemple, lors de voyages d\u2019affaires bien organis\u00e9s.<\/p>\n<p>Un cadre culturellement stimulant autour d\u2019une r\u00e9union d\u2019affaires importante offrant divertissement et pauses relaxantes permettent de favoriser une telle ambiance.<\/p>\n<p>Nous vous offrons la possibilit\u00e9 de combiner affaires et visites touristiques. Avec vos clients, partenaires commerciaux et employ\u00e9s, vous vivrez une exp\u00e9rience qui sort de l\u2019ordinaire: les plus belles visites de Munich et des tours vraiment diff\u00e9rents.<\/p>\n<p>Vous pouvez explorer la ville \u00e0 pied, en v\u00e9lo ou d\u00e9couvrir Munich en Segway ou en bus.<\/p>\n<p>Ensemble nous vous proposons des visites d\u2019usines (industrie automobile, la bi\u00e8re ou la visite d\u2019une ferme\u2026) des visitent d\u2019art dans les mus\u00e9es de la ville, qui font partis sans aucun doute \u00e0 la classe mondiale. Si vous jetez un coup d&#8217;\u0153il par-dessus les toits du stade olympique, vous aurez la chair de poule garantie. Vous voulez\u00a0 proposer \u00e0 vos clients ou partenaires commerciaux une apr\u00e8s-midi shopping, nous vous accompagnons dans les magasins les plus attrayants de la Maximilianstrasse.<\/p>\n<p>Peut-\u00eatre vous \u00eates-vous demand\u00e9: Comment puis-je offrir \u00e0 mes partenaires ou \u00e0 mes employ\u00e9s une f\u00eate de No\u00ebl sp\u00e9ciale ?<\/p>\n<p>Nous avons la solution &#8211; avec un voyage d\u2019affaires sur mesure \u00e0 Munich! Nous planifions et organisons les demandes de nos clients individuellement, nous sommes heureux de prendre en charge vos r\u00e9servations d&#8217;h\u00f4tels et de restaurants. Sur demande, nous organiserons un service de limousines et mini-vans avec chauffeurs. Bien entendu, nous vous fournissons une assistance exclusive lors de votre visite \u00e0 Munich.<\/p>\n<p>Contactez-nous personnellement, nous sommes \u00e0 votre disposition\u00a0!<\/p>\n<p>[\/vc_column_text][vc_empty_space height=&#8221;10px&#8221;][\/vc_column][\/vc_row][vc_row][vc_column][vc_btn title=&#8221;ENVOYEZ VOTRE DEMANDE&#8221; shape=&#8221;square&#8221; align=&#8221;center&#8221; link=&#8221;url:http%3A%2F%2Fwww.wunder-der-stadt.com%2Fkontakt%2F|||&#8221;][\/vc_column][\/vc_row]<\/p>\n","protected":false},"excerpt":{"rendered":"<p>[vc_row][vc_column][vc_column_text] Les meilleurs r\u00e9sultats se font dans une atmosph\u00e8re harmonieuse qui vous sensibilise \u00e0 la position de l&#8217;autre et accro\u00eet la compr\u00e9hension mutuelle. Par exemple, lors de voyages d\u2019affaires bien organis\u00e9s. Un cadre culturellement stimulant autour d\u2019une r\u00e9union d\u2019affaires importante offrant divertissement et pauses relaxantes permettent de favoriser une telle ambiance. Nous vous offrons la<\/p>\n<div class=\"padding-top text-center\"><a href=\"https:\/\/www.wunder-der-stadt.com\/fr\/stadtfuehrungen-in-muenchen-fuer-geschaeftsreisen\/\" class=\"atbtn atbtn--medium atbtn--rounded atbtn--transparent\">Weiterlesen<i class=\"atbtn__icon atbtn__icon--right fa fa-long-arrow-right\"><\/i><\/a><\/div>\n","protected":false},"author":1,"featured_media":0,"parent":0,"menu_order":0,"comment_status":"closed","ping_status":"closed","template":"","meta":{"footnotes":""},"translation":{"provider":"WPGlobus","version":"3.0.2","language":"fr","enabled_languages":["de","en","fr","es"],"languages":{"de":{"title":true,"content":true,"excerpt":false},"en":{"title":true,"content":true,"excerpt":false},"fr":{"title":true,"content":true,"excerpt":false},"es":{"title":false,"content":false,"excerpt":false}}},"yoast_head":"<!-- This site is optimized with the Yoast SEO plugin v22.0 - https:\/\/yoast.com\/wordpress\/plugins\/seo\/ -->\n<title>Voyages d\u2019affaires, visites de Munich ou en Bavi\u00e8re<\/title>\n<meta name=\"description\" content=\"Les voyages d&#039;affaires peuvent avoir besoin d&#039;un cadre culturel stimulant et de pauses relaxantes. Munich et la Bavi\u00e8re mettent \u00e0 disposision de nombreuses oportunit\u00e9es pour des visites insolites ! Avec Val\u00e9rie Kieffer vous aurez le soutient dont vous avez besoin.\" \/>\n<meta name=\"robots\" content=\"index, follow, max-snippet:-1, max-image-preview:large, max-video-preview:-1\" \/>\n<link rel=\"canonical\" href=\"https:\/\/www.wunder-der-stadt.com\/stadtfuehrungen-in-muenchen-fuer-geschaeftsreisen\/\" \/>\n<meta property=\"og:locale\" content=\"fr_FR\" \/>\n<meta property=\"og:type\" content=\"article\" \/>\n<meta property=\"og:title\" content=\"Voyages d\u2019affaires, visites de Munich ou en Bavi\u00e8re\" \/>\n<meta property=\"og:description\" content=\"Les voyages d&#039;affaires peuvent avoir besoin d&#039;un cadre culturel stimulant et de pauses relaxantes. Munich et la Bavi\u00e8re mettent \u00e0 disposision de nombreuses oportunit\u00e9es pour des visites insolites ! Avec Val\u00e9rie Kieffer vous aurez le soutient dont vous avez besoin.\" \/>\n<meta property=\"og:url\" content=\"https:\/\/www.wunder-der-stadt.com\/stadtfuehrungen-in-muenchen-fuer-geschaeftsreisen\/\" \/>\n<meta property=\"og:site_name\" content=\"Wunder der Stadt - Visites guid\u00e9es \u00e0 Munich et en Bavi\u00e8re\" \/>\n<meta property=\"article:modified_time\" content=\"2024-01-04T18:11:50+00:00\" \/>\n<meta property=\"og:image\" content=\"https:\/\/www.wunder-der-stadt.com\/wp-content\/uploads\/weisswurst-2577747_1920-1024x576.jpg\" \/>\n<meta name=\"twitter:card\" content=\"summary_large_image\" \/>\n<meta name=\"twitter:label1\" content=\"Est. reading time\" \/>\n\t<meta name=\"twitter:data1\" content=\"2 minutes\" \/>\n<script type=\"application\/ld+json\" class=\"yoast-schema-graph\">{\"@context\":\"https:\/\/schema.org\",\"@graph\":[{\"@type\":\"WebPage\",\"@id\":\"https:\/\/www.wunder-der-stadt.com\/stadtfuehrungen-in-muenchen-fuer-geschaeftsreisen\/\",\"url\":\"https:\/\/www.wunder-der-stadt.com\/stadtfuehrungen-in-muenchen-fuer-geschaeftsreisen\/\",\"name\":\"Guided city tours in Munich for business trips\",\"isPartOf\":{\"@id\":\"https:\/\/www.wunder-der-stadt.com\/#website\"},\"datePublished\":\"2017-11-23T19:58:10+00:00\",\"dateModified\":\"2024-01-04T18:11:50+00:00\",\"description\":\"Guided city tours in Munich for business trips with Wunder der Stadt by Val\u00e9rie Kieffer\",\"breadcrumb\":{\"@id\":\"https:\/\/www.wunder-der-stadt.com\/stadtfuehrungen-in-muenchen-fuer-geschaeftsreisen\/#breadcrumb\"},\"inLanguage\":\"fr-FR\",\"potentialAction\":[{\"@type\":\"ReadAction\",\"target\":[\"https:\/\/www.wunder-der-stadt.com\/stadtfuehrungen-in-muenchen-fuer-geschaeftsreisen\/\"]}]},{\"@type\":\"BreadcrumbList\",\"@id\":\"https:\/\/www.wunder-der-stadt.com\/stadtfuehrungen-in-muenchen-fuer-geschaeftsreisen\/#breadcrumb\",\"itemListElement\":[{\"@type\":\"ListItem\",\"position\":1,\"name\":\"Startseite\",\"item\":\"https:\/\/www.wunder-der-stadt.com\/\"},{\"@type\":\"ListItem\",\"position\":2,\"name\":\"Stadtf\u00fchrungen in M\u00fcnchen f\u00fcr Gesch\u00e4ftsreisen\"}]},{\"@type\":\"WebSite\",\"@id\":\"https:\/\/www.wunder-der-stadt.com\/#website\",\"url\":\"https:\/\/www.wunder-der-stadt.com\/\",\"name\":\"{:de}Wunder der Stadt - Stadtf\u00fchrungen in M\u00fcnchen und Oberbayern{:}{:fr}Wunder der Stadt - Visites guid\u00e9es \u00e0 Munich et en Bavi\u00e8re{:}\",\"description\":\"Votre partenaire pour vos voyages d&#039;affaires, voyages priv\u00e9s \u00e0 Munich et en Bavi\u00e8re\",\"publisher\":{\"@id\":\"https:\/\/www.wunder-der-stadt.com\/#\/schema\/person\/7ac5370c8e8a38b0625e279f3af2d701\"},\"potentialAction\":[{\"@type\":\"SearchAction\",\"target\":{\"@type\":\"EntryPoint\",\"urlTemplate\":\"https:\/\/www.wunder-der-stadt.com\/?s={search_term_string}\"},\"query-input\":\"required name=search_term_string\"}],\"inLanguage\":\"fr-FR\"},{\"@type\":[\"Person\",\"Organization\"],\"@id\":\"https:\/\/www.wunder-der-stadt.com\/#\/schema\/person\/7ac5370c8e8a38b0625e279f3af2d701\",\"name\":\"Admin\",\"logo\":{\"@id\":\"https:\/\/www.wunder-der-stadt.com\/#\/schema\/person\/image\/\"}}]}<\/script>\n<!-- \/ Yoast SEO plugin. -->","yoast_head_json":{"title":"Voyages d\u2019affaires, visites de Munich ou en Bavi\u00e8re","description":"Les voyages d'affaires peuvent avoir besoin d'un cadre culturel stimulant et de pauses relaxantes. Munich et la Bavi\u00e8re mettent \u00e0 disposision de nombreuses oportunit\u00e9es pour des visites insolites ! Avec Val\u00e9rie Kieffer vous aurez le soutient dont vous avez besoin.","robots":{"index":"index","follow":"follow","max-snippet":"max-snippet:-1","max-image-preview":"max-image-preview:large","max-video-preview":"max-video-preview:-1"},"canonical":"https:\/\/www.wunder-der-stadt.com\/stadtfuehrungen-in-muenchen-fuer-geschaeftsreisen\/","og_locale":"fr_FR","og_type":"article","og_title":"Voyages d\u2019affaires, visites de Munich ou en Bavi\u00e8re","og_description":"Les voyages d'affaires peuvent avoir besoin d'un cadre culturel stimulant et de pauses relaxantes. Munich et la Bavi\u00e8re mettent \u00e0 disposision de nombreuses oportunit\u00e9es pour des visites insolites ! Avec Val\u00e9rie Kieffer vous aurez le soutient dont vous avez besoin.","og_url":"https:\/\/www.wunder-der-stadt.com\/stadtfuehrungen-in-muenchen-fuer-geschaeftsreisen\/","og_site_name":"Wunder der Stadt - Visites guid\u00e9es \u00e0 Munich et en Bavi\u00e8re","article_modified_time":"2024-01-04T18:11:50+00:00","og_image":[{"url":"https:\/\/www.wunder-der-stadt.com\/wp-content\/uploads\/weisswurst-2577747_1920-1024x576.jpg"}],"twitter_card":"summary_large_image","twitter_misc":{"Est. reading time":"2 minutes"},"schema":{"@context":"https:\/\/schema.org","@graph":[{"@type":"WebPage","@id":"https:\/\/www.wunder-der-stadt.com\/stadtfuehrungen-in-muenchen-fuer-geschaeftsreisen\/","url":"https:\/\/www.wunder-der-stadt.com\/stadtfuehrungen-in-muenchen-fuer-geschaeftsreisen\/","name":"Guided city tours in Munich for business trips","isPartOf":{"@id":"https:\/\/www.wunder-der-stadt.com\/#website"},"datePublished":"2017-11-23T19:58:10+00:00","dateModified":"2024-01-04T18:11:50+00:00","description":"Guided city tours in Munich for business trips with Wunder der Stadt by Val\u00e9rie Kieffer","breadcrumb":{"@id":"https:\/\/www.wunder-der-stadt.com\/stadtfuehrungen-in-muenchen-fuer-geschaeftsreisen\/#breadcrumb"},"inLanguage":"fr-FR","potentialAction":[{"@type":"ReadAction","target":["https:\/\/www.wunder-der-stadt.com\/stadtfuehrungen-in-muenchen-fuer-geschaeftsreisen\/"]}]},{"@type":"BreadcrumbList","@id":"https:\/\/www.wunder-der-stadt.com\/stadtfuehrungen-in-muenchen-fuer-geschaeftsreisen\/#breadcrumb","itemListElement":[{"@type":"ListItem","position":1,"name":"Startseite","item":"https:\/\/www.wunder-der-stadt.com\/"},{"@type":"ListItem","position":2,"name":"Stadtf\u00fchrungen in M\u00fcnchen f\u00fcr Gesch\u00e4ftsreisen"}]},{"@type":"WebSite","@id":"https:\/\/www.wunder-der-stadt.com\/#website","url":"https:\/\/www.wunder-der-stadt.com\/","name":"{:de}Wunder der Stadt - Stadtf\u00fchrungen in M\u00fcnchen und Oberbayern{:}{:fr}Wunder der Stadt - Visites guid\u00e9es \u00e0 Munich et en Bavi\u00e8re{:}","description":"Votre partenaire pour vos voyages d&#039;affaires, voyages priv\u00e9s \u00e0 Munich et en Bavi\u00e8re","publisher":{"@id":"https:\/\/www.wunder-der-stadt.com\/#\/schema\/person\/7ac5370c8e8a38b0625e279f3af2d701"},"potentialAction":[{"@type":"SearchAction","target":{"@type":"EntryPoint","urlTemplate":"https:\/\/www.wunder-der-stadt.com\/?s={search_term_string}"},"query-input":"required name=search_term_string"}],"inLanguage":"fr-FR"},{"@type":["Person","Organization"],"@id":"https:\/\/www.wunder-der-stadt.com\/#\/schema\/person\/7ac5370c8e8a38b0625e279f3af2d701","name":"Admin","logo":{"@id":"https:\/\/www.wunder-der-stadt.com\/#\/schema\/person\/image\/"}}]}},"_links":{"self":[{"href":"https:\/\/www.wunder-der-stadt.com\/fr\/wp-json\/wp\/v2\/pages\/1272"}],"collection":[{"href":"https:\/\/www.wunder-der-stadt.com\/fr\/wp-json\/wp\/v2\/pages"}],"about":[{"href":"https:\/\/www.wunder-der-stadt.com\/fr\/wp-json\/wp\/v2\/types\/page"}],"author":[{"embeddable":true,"href":"https:\/\/www.wunder-der-stadt.com\/fr\/wp-json\/wp\/v2\/users\/1"}],"replies":[{"embeddable":true,"href":"https:\/\/www.wunder-der-stadt.com\/fr\/wp-json\/wp\/v2\/comments?post=1272"}],"version-history":[{"count":19,"href":"https:\/\/www.wunder-der-stadt.com\/fr\/wp-json\/wp\/v2\/pages\/1272\/revisions"}],"predecessor-version":[{"id":2533,"href":"https:\/\/www.wunder-der-stadt.com\/fr\/wp-json\/wp\/v2\/pages\/1272\/revisions\/2533"}],"wp:attachment":[{"href":"https:\/\/www.wunder-der-stadt.com\/fr\/wp-json\/wp\/v2\/media?parent=1272"}],"curies":[{"name":"wp","href":"https:\/\/api.w.org\/{rel}","templated":true}]}}