{"id":1330,"date":"2017-12-18T13:02:48","date_gmt":"2017-12-18T12:02:48","guid":{"rendered":"http:\/\/www.wunder-der-stadt.com\/?page_id=1330"},"modified":"2022-01-05T18:42:46","modified_gmt":"2022-01-05T17:42:46","slug":"visites-guidees-munich-baviere-valerie-kieffer-wunder-der-stadt","status":"publish","type":"page","link":"https:\/\/www.wunder-der-stadt.com\/fr\/visites-guidees-munich-baviere-valerie-kieffer-wunder-der-stadt\/","title":{"rendered":"Val\u00e9rie Kieffer &#8211; A propos"},"content":{"rendered":"<p>[vc_row][vc_column width=&#8221;1\/4&#8243;][vc_column_text]<img loading=\"lazy\" decoding=\"async\" class=\"alignnone size-large wp-image-1646\" src=\"https:\/\/www.wunder-der-stadt.com\/wp-content\/uploads\/Vale\u0301rie-1024x683.jpg\" alt=\"\" width=\"748\" height=\"499\" srcset=\"https:\/\/www.wunder-der-stadt.com\/wp-content\/uploads\/Vale\u0301rie.jpg 1024w, https:\/\/www.wunder-der-stadt.com\/wp-content\/uploads\/Vale\u0301rie-531x354.jpg 531w, https:\/\/www.wunder-der-stadt.com\/wp-content\/uploads\/Vale\u0301rie-180x120.jpg 180w, https:\/\/www.wunder-der-stadt.com\/wp-content\/uploads\/Vale\u0301rie-600x400.jpg 600w, https:\/\/www.wunder-der-stadt.com\/wp-content\/uploads\/Vale\u0301rie-300x200.jpg 300w, https:\/\/www.wunder-der-stadt.com\/wp-content\/uploads\/Vale\u0301rie-768x512.jpg 768w\" sizes=\"(max-width: 748px) 100vw, 748px\" \/>[\/vc_column_text][\/vc_column][vc_column width=&#8221;3\/4&#8243;][vc_column_text]<\/p>\n<h3>Val\u00e9rie Kieffer<\/h3>\n<ul>\n<li><img loading=\"lazy\" decoding=\"async\" class=\"wp-image-1697 size-full alignright\" src=\"https:\/\/www.wunder-der-stadt.com\/wp-content\/uploads\/BVGD.jpg\" alt=\"BVGD\" width=\"117\" height=\"106\" \/>Guide officielle de l&#8217;office du tourisme de Munich &#8211;\u00a0<a href=\"http:\/\/www.muenchen.de\/\">www.muenchen.de<\/a><\/li>\n<li>Guide officielle du m\u00e9morial du camp de concentration de Dachau<\/li>\n<li>Membre de l&#8217;association des guides de Munich &#8211;\u00a0<a href=\"http:\/\/mgv-muenchen.de\/\">http:\/\/mgv-muenchen.de<\/a><\/li>\n<li>Membre de la f\u00e9d\u00e9ration des guides d&#8217;Allemagne &#8211;\u00a0<a href=\"http:\/\/www.bvgd.org\/\">www.bvgd.org<\/a><\/li>\n<\/ul>\n<p>[\/vc_column_text][\/vc_column][\/vc_row][vc_row][vc_column][vc_column_text]Je me pr\u00e9sente, je m&#8217;appelle Val\u00e9rie Kieffer et je suis la fondatrice de WUNDER DER STADT.<\/p>\n<p>Je suis n\u00e9e en France o\u00f9 j&#8217;ai pass\u00e9 toute mon enfance. Apr\u00e8s des \u00e9tudes de tourisme \u00e0 Paris, l&#8217;envie des voyages et la curiosit\u00e9 m&#8217;a pouss\u00e9 jusqu&#8217;\u00e0 Londres puis \u00e0 Madrid o\u00f9 j&#8217;ai travaill\u00e9 comme guide-conf\u00e9rencier pendant plusieurs ann\u00e9es !<\/p>\n<p>Il y a 30 ans l&#8217;amour m&#8217;a conduit en Allemagne&#8230; \u00e0 Berlin d&#8217;abord, puis \u00e0 Munich o\u00f9 j&#8217;ai pos\u00e9 mes valises. J&#8217;ai d&#8217;abord travaill\u00e9 pendant 10 ans pour une compagnie am\u00e9ricaine comme manager dans le service communication.<\/p>\n<p>Mais durant toutes ses ann\u00e9es ma passion pour l\u2019histoire, la culture et l\u2019art ne m&#8217;a jamais quitter. Apr\u00e8s la naissance de mes enfants, j&#8217;ai refais de ma passion mon m\u00e9tier et j&#8217;ai fond\u00e9 WUNDER DER STADT !<\/p>\n<p>C\u2019est avec toujours autant de plaisir et d\u2019engagement qu&#8217;aujourd\u2019hui je fait d\u00e9couvrir Munich de Bavi\u00e8re \u00e0 mes clients&#8230;<\/p>\n<h2>Vous \u00eates pour la premi\u00e8re fois \u00e0 Munich ? Voila mon conseil :<\/h2>\n<p>[\/vc_column_text]\n<div class=\"atlist\">\n\t\t<div class=\"atlist__item margin-bottom\">\n\t\t<div class=\"atlist__item__image\">\n\t\t<a class=\"atlist__item__image-wrap\" href=\"https:\/\/www.wunder-der-stadt.com\/fr\/tours\/munich-860-ans-dhistoire-en-2-heures-de-visite\/\"><img loading=\"lazy\" decoding=\"async\" width=\"720\" height=\"600\" src=\"https:\/\/www.wunder-der-stadt.com\/wp-content\/uploads\/Kombi_Stadtrundfahrt_Stadtrundgang-720x600.jpg\" class=\"attachment-thumb_tour_box size-thumb_tour_box wp-post-image\" alt=\"Munich city tour school groups walking tour - The &quot;Fischbrunnen&quot; on the Marienplatz\" \/><\/a>\t\t\t\t\t\t<\/div>\n\t\t<div class=\"atlist__item__content atlist__item__content--full-height\">\n\t\t\t<div class=\"atlist__item__content__items\">\n\t\t\t\t<div class=\"atlist__item__content__item\">\n\t\t\t\t\t<h2 class=\"atlist__item__title\"><a href=\"https:\/\/www.wunder-der-stadt.com\/fr\/tours\/munich-860-ans-dhistoire-en-2-heures-de-visite\/\">Munich - 860 ans d&#039;histoire en 2 heures de visite<\/a><\/h2>\n\t\t\t\t\t\t\t\t\t\t\t<div class=\"atlist__item__description\">Munich - 860 ans d'histoire en 2 heures de visite Munich c'est bien plus que la f\u00eate de la bi\u00e8re<\/div>\n\t\t\t\t\t\t\t\t\t<\/div>\n\t\t\t\t<div class=\"atlist__item__content__item atlist__item__content__item--alternative\">\n\t\t\t\t\t\t\t\t\t\t<div class=\"atlist__item__price\"><a href=\"https:\/\/www.wunder-der-stadt.com\/fr\/tours\/munich-860-ans-dhistoire-en-2-heures-de-visite\/\"><span class=\"woocommerce-Price-amount amount\"><bdi>220,00&nbsp;<span class=\"woocommerce-Price-currencySymbol\">&euro;<\/span><\/bdi><\/span><\/a><\/div>\t\t\t\t\t<div class=\"atlist__item__price-label\">per person<\/div>\t\t\t\t\t<div class=\"atlist__item__read-more\"><a href=\"https:\/\/www.wunder-der-stadt.com\/fr\/tours\/munich-860-ans-dhistoire-en-2-heures-de-visite\/\" class=\"atbtn atbtn--small atbtn--rounded atbtn--light\">view tour<\/a><\/div>\n\t\t\t\t<\/div>\n\t\t\t<\/div>\n\t\t\t\t\t<\/div>\n\t<\/div>\n<\/div>[\/vc_column][\/vc_row]<\/p>\n","protected":false},"excerpt":{"rendered":"<p>[vc_row][vc_column width=&#8221;1\/4&#8243;][vc_column_text][\/vc_column_text][\/vc_column][vc_column width=&#8221;3\/4&#8243;][vc_column_text] Val\u00e9rie Kieffer Guide officielle de l&#8217;office du tourisme de Munich &#8211;\u00a0www.muenchen.de Guide officielle du m\u00e9morial du camp de concentration de Dachau Membre de l&#8217;association des guides de Munich &#8211;\u00a0http:\/\/mgv-muenchen.de Membre de la f\u00e9d\u00e9ration des guides d&#8217;Allemagne &#8211;\u00a0www.bvgd.org [\/vc_column_text][\/vc_column][\/vc_row][vc_row][vc_column][vc_column_text]Je me pr\u00e9sente, je m&#8217;appelle Val\u00e9rie Kieffer et je suis la fondatrice de WUNDER DER<\/p>\n<div class=\"padding-top text-center\"><a href=\"https:\/\/www.wunder-der-stadt.com\/fr\/tours\/munich-860-ans-dhistoire-en-2-heures-de-visite\/\" class=\"atbtn atbtn--medium atbtn--rounded atbtn--transparent\">Weiterlesen<i class=\"atbtn__icon atbtn__icon--right fa fa-long-arrow-right\"><\/i><\/a><\/div>\n","protected":false},"author":1,"featured_media":0,"parent":0,"menu_order":0,"comment_status":"closed","ping_status":"closed","template":"","meta":{"footnotes":""},"translation":{"provider":"WPGlobus","version":"3.0.2","language":"fr","enabled_languages":["de","en","fr","es"],"languages":{"de":{"title":true,"content":true,"excerpt":false},"en":{"title":false,"content":true,"excerpt":false},"fr":{"title":true,"content":true,"excerpt":false},"es":{"title":false,"content":false,"excerpt":false}}},"yoast_head":"<!-- This site is optimized with the Yoast SEO plugin v22.0 - https:\/\/yoast.com\/wordpress\/plugins\/seo\/ -->\n<title>Val\u00e9rie Kieffer - Wunder der Stadt - Stadtf\u00fchrungen in M\u00fcnchen<\/title>\n<meta name=\"robots\" content=\"index, follow, max-snippet:-1, max-image-preview:large, max-video-preview:-1\" \/>\n<link rel=\"canonical\" href=\"https:\/\/www.wunder-der-stadt.com\/visites-guidees-munich-baviere-valerie-kieffer-wunder-der-stadt\/\" \/>\n<meta property=\"og:locale\" content=\"fr_FR\" \/>\n<meta property=\"og:type\" content=\"article\" \/>\n<meta property=\"og:title\" content=\"Val\u00e9rie Kieffer - Wunder der Stadt - Stadtf\u00fchrungen in M\u00fcnchen\" \/>\n<meta property=\"og:url\" content=\"https:\/\/www.wunder-der-stadt.com\/visites-guidees-munich-baviere-valerie-kieffer-wunder-der-stadt\/\" \/>\n<meta property=\"og:site_name\" content=\"Wunder der Stadt - Visites guid\u00e9es \u00e0 Munich et en Bavi\u00e8re\" \/>\n<meta property=\"article:modified_time\" content=\"2022-01-05T17:42:46+00:00\" \/>\n<meta property=\"og:image\" content=\"https:\/\/www.wunder-der-stadt.com\/wp-content\/uploads\/Vale\u0301rie-1024x683.jpg\" \/>\n<meta name=\"twitter:card\" content=\"summary_large_image\" \/>\n<meta name=\"twitter:label1\" content=\"Est. reading time\" \/>\n\t<meta name=\"twitter:data1\" content=\"2 minutes\" \/>\n<script type=\"application\/ld+json\" class=\"yoast-schema-graph\">{\"@context\":\"https:\/\/schema.org\",\"@graph\":[{\"@type\":\"WebPage\",\"@id\":\"https:\/\/www.wunder-der-stadt.com\/visites-guidees-munich-baviere-valerie-kieffer-wunder-der-stadt\/\",\"url\":\"https:\/\/www.wunder-der-stadt.com\/visites-guidees-munich-baviere-valerie-kieffer-wunder-der-stadt\/\",\"name\":\"Val\u00e9rie Kieffer - A propos - Wunder der Stadt - Visites guid\u00e9es \u00e0 Munich et en Bavi\u00e8re\",\"isPartOf\":{\"@id\":\"https:\/\/www.wunder-der-stadt.com\/#website\"},\"datePublished\":\"2017-12-18T12:02:48+00:00\",\"dateModified\":\"2022-01-05T17:42:46+00:00\",\"description\":\"Guide-conf\u00e9renci\u00e8re par passion, je vous propose des visites guid\u00e9es enrichissantes et divertissantes \u00e0 Munich et en Bavi\u00e8re\",\"breadcrumb\":{\"@id\":\"https:\/\/www.wunder-der-stadt.com\/visites-guidees-munich-baviere-valerie-kieffer-wunder-der-stadt\/#breadcrumb\"},\"inLanguage\":\"fr-FR\",\"potentialAction\":[{\"@type\":\"ReadAction\",\"target\":[\"https:\/\/www.wunder-der-stadt.com\/visites-guidees-munich-baviere-valerie-kieffer-wunder-der-stadt\/\"]}]},{\"@type\":\"BreadcrumbList\",\"@id\":\"https:\/\/www.wunder-der-stadt.com\/visites-guidees-munich-baviere-valerie-kieffer-wunder-der-stadt\/#breadcrumb\",\"itemListElement\":[{\"@type\":\"ListItem\",\"position\":1,\"name\":\"Startseite\",\"item\":\"https:\/\/www.wunder-der-stadt.com\/\"},{\"@type\":\"ListItem\",\"position\":2,\"name\":\"Val\u00e9rie Kieffer &#8211; About\"}]},{\"@type\":\"WebSite\",\"@id\":\"https:\/\/www.wunder-der-stadt.com\/#website\",\"url\":\"https:\/\/www.wunder-der-stadt.com\/\",\"name\":\"{:de}Wunder der Stadt - Stadtf\u00fchrungen in M\u00fcnchen und Oberbayern{:}{:fr}Wunder der Stadt - Visites guid\u00e9es \u00e0 Munich et en Bavi\u00e8re{:}\",\"description\":\"Votre partenaire pour vos voyages d&#039;affaires, voyages priv\u00e9s \u00e0 Munich et en Bavi\u00e8re\",\"publisher\":{\"@id\":\"https:\/\/www.wunder-der-stadt.com\/#\/schema\/person\/7ac5370c8e8a38b0625e279f3af2d701\"},\"potentialAction\":[{\"@type\":\"SearchAction\",\"target\":{\"@type\":\"EntryPoint\",\"urlTemplate\":\"https:\/\/www.wunder-der-stadt.com\/?s={search_term_string}\"},\"query-input\":\"required name=search_term_string\"}],\"inLanguage\":\"fr-FR\"},{\"@type\":[\"Person\",\"Organization\"],\"@id\":\"https:\/\/www.wunder-der-stadt.com\/#\/schema\/person\/7ac5370c8e8a38b0625e279f3af2d701\",\"name\":\"Admin\",\"logo\":{\"@id\":\"https:\/\/www.wunder-der-stadt.com\/#\/schema\/person\/image\/\"}}]}<\/script>\n<!-- \/ Yoast SEO plugin. -->","yoast_head_json":{"title":"Val\u00e9rie Kieffer - Wunder der Stadt - Stadtf\u00fchrungen in M\u00fcnchen","robots":{"index":"index","follow":"follow","max-snippet":"max-snippet:-1","max-image-preview":"max-image-preview:large","max-video-preview":"max-video-preview:-1"},"canonical":"https:\/\/www.wunder-der-stadt.com\/visites-guidees-munich-baviere-valerie-kieffer-wunder-der-stadt\/","og_locale":"fr_FR","og_type":"article","og_title":"Val\u00e9rie Kieffer - Wunder der Stadt - Stadtf\u00fchrungen in M\u00fcnchen","og_url":"https:\/\/www.wunder-der-stadt.com\/visites-guidees-munich-baviere-valerie-kieffer-wunder-der-stadt\/","og_site_name":"Wunder der Stadt - Visites guid\u00e9es \u00e0 Munich et en Bavi\u00e8re","article_modified_time":"2022-01-05T17:42:46+00:00","og_image":[{"url":"https:\/\/www.wunder-der-stadt.com\/wp-content\/uploads\/Vale\u0301rie-1024x683.jpg"}],"twitter_card":"summary_large_image","twitter_misc":{"Est. reading time":"2 minutes"},"schema":{"@context":"https:\/\/schema.org","@graph":[{"@type":"WebPage","@id":"https:\/\/www.wunder-der-stadt.com\/visites-guidees-munich-baviere-valerie-kieffer-wunder-der-stadt\/","url":"https:\/\/www.wunder-der-stadt.com\/visites-guidees-munich-baviere-valerie-kieffer-wunder-der-stadt\/","name":"Val\u00e9rie Kieffer - A propos - Wunder der Stadt - Visites guid\u00e9es \u00e0 Munich et en Bavi\u00e8re","isPartOf":{"@id":"https:\/\/www.wunder-der-stadt.com\/#website"},"datePublished":"2017-12-18T12:02:48+00:00","dateModified":"2022-01-05T17:42:46+00:00","description":"Guide-conf\u00e9renci\u00e8re par passion, je vous propose des visites guid\u00e9es enrichissantes et divertissantes \u00e0 Munich et en Bavi\u00e8re","breadcrumb":{"@id":"https:\/\/www.wunder-der-stadt.com\/visites-guidees-munich-baviere-valerie-kieffer-wunder-der-stadt\/#breadcrumb"},"inLanguage":"fr-FR","potentialAction":[{"@type":"ReadAction","target":["https:\/\/www.wunder-der-stadt.com\/visites-guidees-munich-baviere-valerie-kieffer-wunder-der-stadt\/"]}]},{"@type":"BreadcrumbList","@id":"https:\/\/www.wunder-der-stadt.com\/visites-guidees-munich-baviere-valerie-kieffer-wunder-der-stadt\/#breadcrumb","itemListElement":[{"@type":"ListItem","position":1,"name":"Startseite","item":"https:\/\/www.wunder-der-stadt.com\/"},{"@type":"ListItem","position":2,"name":"Val\u00e9rie Kieffer &#8211; About"}]},{"@type":"WebSite","@id":"https:\/\/www.wunder-der-stadt.com\/#website","url":"https:\/\/www.wunder-der-stadt.com\/","name":"{:de}Wunder der Stadt - Stadtf\u00fchrungen in M\u00fcnchen und Oberbayern{:}{:fr}Wunder der Stadt - Visites guid\u00e9es \u00e0 Munich et en Bavi\u00e8re{:}","description":"Votre partenaire pour vos voyages d&#039;affaires, voyages priv\u00e9s \u00e0 Munich et en Bavi\u00e8re","publisher":{"@id":"https:\/\/www.wunder-der-stadt.com\/#\/schema\/person\/7ac5370c8e8a38b0625e279f3af2d701"},"potentialAction":[{"@type":"SearchAction","target":{"@type":"EntryPoint","urlTemplate":"https:\/\/www.wunder-der-stadt.com\/?s={search_term_string}"},"query-input":"required name=search_term_string"}],"inLanguage":"fr-FR"},{"@type":["Person","Organization"],"@id":"https:\/\/www.wunder-der-stadt.com\/#\/schema\/person\/7ac5370c8e8a38b0625e279f3af2d701","name":"Admin","logo":{"@id":"https:\/\/www.wunder-der-stadt.com\/#\/schema\/person\/image\/"}}]}},"_links":{"self":[{"href":"https:\/\/www.wunder-der-stadt.com\/fr\/wp-json\/wp\/v2\/pages\/1330"}],"collection":[{"href":"https:\/\/www.wunder-der-stadt.com\/fr\/wp-json\/wp\/v2\/pages"}],"about":[{"href":"https:\/\/www.wunder-der-stadt.com\/fr\/wp-json\/wp\/v2\/types\/page"}],"author":[{"embeddable":true,"href":"https:\/\/www.wunder-der-stadt.com\/fr\/wp-json\/wp\/v2\/users\/1"}],"replies":[{"embeddable":true,"href":"https:\/\/www.wunder-der-stadt.com\/fr\/wp-json\/wp\/v2\/comments?post=1330"}],"version-history":[{"count":18,"href":"https:\/\/www.wunder-der-stadt.com\/fr\/wp-json\/wp\/v2\/pages\/1330\/revisions"}],"predecessor-version":[{"id":2445,"href":"https:\/\/www.wunder-der-stadt.com\/fr\/wp-json\/wp\/v2\/pages\/1330\/revisions\/2445"}],"wp:attachment":[{"href":"https:\/\/www.wunder-der-stadt.com\/fr\/wp-json\/wp\/v2\/media?parent=1330"}],"curies":[{"name":"wp","href":"https:\/\/api.w.org\/{rel}","templated":true}]}}