{"id":1340,"date":"2017-12-18T13:16:49","date_gmt":"2017-12-18T12:16:49","guid":{"rendered":"http:\/\/www.wunder-der-stadt.com\/?page_id=1340"},"modified":"2019-11-29T09:17:15","modified_gmt":"2019-11-29T08:17:15","slug":"agbs","status":"publish","type":"page","link":"https:\/\/www.wunder-der-stadt.com\/fr\/agbs\/","title":{"rendered":"Conditions g\u00e9n\u00e9rales de vente et assurance responsabilit\u00e9 professionnelle"},"content":{"rendered":"<p>[vc_row][vc_column][vc_column_text]<\/p>\n<ol>\n<li>La taille du groupe pour les visites pedestres de la ville est de maximum de 25 participants.<\/li>\n<li>La taille du groupe pour les visites de mus\u00e9es est un maximum de 20 participants.<\/li>\n<li>Les frais d&#8217;entr\u00e9e dans les ch\u00e2teaux et mus\u00e9es ne sont pas inclus dans les tarifs et sont \u00e0 payer s\u00e9par\u00e9ment.<\/li>\n<li>En cas d&#8217;annulation entre 2 semaines et 5 jours ouvrables de visites avant la date convenue, des frais d&#8217;annulation de 50% seront factur\u00e9s.<\/li>\n<li>En cas d\u2019annulations de programmes sur plusieurs d\u00e9j\u00e0 \u00e9labor\u00e9s, des frais de traitement de 150 euros + TVA 19% seront factur\u00e9s.<\/li>\n<li>En cas de retard du groupe, le guide touristique attend 30 minutes au point de rendez-vous convenu. Si les participants ne se pr\u00e9sentent pas \u00e0 la date convenue, les frais convenus seront factur\u00e9s.<\/li>\n<li>Les visites ont lieu par tous les temps. Si n\u00e9cessaire, un programme d&#8217;intemp\u00e9ries peut \u00eatre convenu apr\u00e8s accord individuel.<\/li>\n<li>Les enregistrements d&#8217;images et de sons pendant les visites ne sont pas autoris\u00e9s.<\/li>\n<li>La participation \u00e0 des visites est \u00e0 vos risques et p\u00e9rils. Le guide est d\u00e9gag\u00e9 de toute responsabilit\u00e9.<\/li>\n<li>10. Votre guide est prot\u00e9g\u00e9 par une assurance responsabilit\u00e9 professionnelle et une assurance pertes financi\u00e8res de l&#8217;Association f\u00e9d\u00e9rale des guides touristiques en Allemagne BVGD. L\u2019assurance responsabilit\u00e9 professionnelle a \u00e9t\u00e9 contract\u00e9e chez Generali Versicherung AG, 81731 Munich. Des informations d\u00e9taill\u00e9es sur l\u2019assurance responsabilit\u00e9 professionnelle sont disponibles sur <a href=\"http:\/\/www.bvgd.org\">www.bvgd.org<\/a>.<\/li>\n<\/ol>\n<p>[\/vc_column_text][\/vc_column][\/vc_row]<\/p>\n","protected":false},"excerpt":{"rendered":"<p>[vc_row][vc_column][vc_column_text] La taille du groupe pour les visites pedestres de la ville est de maximum de 25 participants. La taille du groupe pour les visites de mus\u00e9es est un maximum de 20 participants. Les frais d&#8217;entr\u00e9e dans les ch\u00e2teaux et mus\u00e9es ne sont pas inclus dans les tarifs et sont \u00e0 payer s\u00e9par\u00e9ment. En cas<\/p>\n<div class=\"padding-top text-center\"><a href=\"https:\/\/www.wunder-der-stadt.com\/fr\/agbs\/\" class=\"atbtn atbtn--medium atbtn--rounded atbtn--transparent\">Weiterlesen<i class=\"atbtn__icon atbtn__icon--right fa fa-long-arrow-right\"><\/i><\/a><\/div>\n","protected":false},"author":1,"featured_media":0,"parent":0,"menu_order":0,"comment_status":"closed","ping_status":"closed","template":"","meta":{"footnotes":""},"translation":{"provider":"WPGlobus","version":"3.0.2","language":"fr","enabled_languages":["de","en","fr","es"],"languages":{"de":{"title":true,"content":true,"excerpt":false},"en":{"title":false,"content":true,"excerpt":false},"fr":{"title":true,"content":true,"excerpt":false},"es":{"title":true,"content":true,"excerpt":false}}},"yoast_head":"<!-- This site is optimized with the Yoast SEO plugin v22.0 - https:\/\/yoast.com\/wordpress\/plugins\/seo\/ -->\n<title>Conditions g\u00e9n\u00e9rales de vente et assurance responsabilit\u00e9 professionnelle<\/title>\n<meta name=\"description\" content=\"Link et page conditions g\u00e9n\u00e9rales de vente et assurance responsabilit\u00e9 professionnelle\" \/>\n<meta name=\"robots\" content=\"index, follow, max-snippet:-1, max-image-preview:large, max-video-preview:-1\" \/>\n<link rel=\"canonical\" href=\"https:\/\/www.wunder-der-stadt.com\/agbs\/\" \/>\n<meta property=\"og:locale\" content=\"fr_FR\" \/>\n<meta property=\"og:type\" content=\"article\" \/>\n<meta property=\"og:title\" content=\"Conditions g\u00e9n\u00e9rales de vente et assurance responsabilit\u00e9 professionnelle\" \/>\n<meta property=\"og:description\" content=\"Link et page conditions g\u00e9n\u00e9rales de vente et assurance responsabilit\u00e9 professionnelle\" \/>\n<meta property=\"og:url\" content=\"https:\/\/www.wunder-der-stadt.com\/agbs\/\" \/>\n<meta property=\"og:site_name\" content=\"Wunder der Stadt - Visites guid\u00e9es \u00e0 Munich et en Bavi\u00e8re\" \/>\n<meta property=\"article:modified_time\" content=\"2019-11-29T08:17:15+00:00\" \/>\n<meta property=\"og:image\" content=\"https:\/\/www.wunder-der-stadt.com\/wp-content\/uploads\/WDS_logo2.png\" \/>\n\t<meta property=\"og:image:width\" content=\"292\" \/>\n\t<meta property=\"og:image:height\" content=\"157\" \/>\n\t<meta property=\"og:image:type\" content=\"image\/png\" \/>\n<meta name=\"twitter:card\" content=\"summary_large_image\" \/>\n<meta name=\"twitter:label1\" content=\"Est. reading time\" \/>\n\t<meta name=\"twitter:data1\" content=\"4 minutes\" \/>\n<script type=\"application\/ld+json\" class=\"yoast-schema-graph\">{\"@context\":\"https:\/\/schema.org\",\"@graph\":[{\"@type\":\"WebPage\",\"@id\":\"https:\/\/www.wunder-der-stadt.com\/agbs\/\",\"url\":\"https:\/\/www.wunder-der-stadt.com\/agbs\/\",\"name\":\"Allgemeine Gesch\u00e4ftsbedingungen (AGB) - Wunder der Stadt\",\"isPartOf\":{\"@id\":\"https:\/\/www.wunder-der-stadt.com\/#website\"},\"datePublished\":\"2017-12-18T12:16:49+00:00\",\"dateModified\":\"2019-11-29T08:17:15+00:00\",\"description\":\"Hier finden Sie die Allgemeine Gesch\u00e4ftsbedingungen (AGB) von Wunder der Stadt, der Agentur f\u00fcr Stadtf\u00fchrungen in M\u00fcnchen von Val\u00e9rie Kieffer.\",\"breadcrumb\":{\"@id\":\"https:\/\/www.wunder-der-stadt.com\/agbs\/#breadcrumb\"},\"inLanguage\":\"fr-FR\",\"potentialAction\":[{\"@type\":\"ReadAction\",\"target\":[\"https:\/\/www.wunder-der-stadt.com\/agbs\/\"]}]},{\"@type\":\"BreadcrumbList\",\"@id\":\"https:\/\/www.wunder-der-stadt.com\/agbs\/#breadcrumb\",\"itemListElement\":[{\"@type\":\"ListItem\",\"position\":1,\"name\":\"Startseite\",\"item\":\"https:\/\/www.wunder-der-stadt.com\/\"},{\"@type\":\"ListItem\",\"position\":2,\"name\":\"Allgemeine Gesch\u00e4ftsbedingungen von Wunder der Stadt\"}]},{\"@type\":\"WebSite\",\"@id\":\"https:\/\/www.wunder-der-stadt.com\/#website\",\"url\":\"https:\/\/www.wunder-der-stadt.com\/\",\"name\":\"{:de}Wunder der Stadt - Stadtf\u00fchrungen in M\u00fcnchen und Oberbayern{:}{:fr}Wunder der Stadt - Visites guid\u00e9es \u00e0 Munich et en Bavi\u00e8re{:}\",\"description\":\"Votre partenaire pour vos voyages d&#039;affaires, voyages priv\u00e9s \u00e0 Munich et en Bavi\u00e8re\",\"publisher\":{\"@id\":\"https:\/\/www.wunder-der-stadt.com\/#\/schema\/person\/7ac5370c8e8a38b0625e279f3af2d701\"},\"potentialAction\":[{\"@type\":\"SearchAction\",\"target\":{\"@type\":\"EntryPoint\",\"urlTemplate\":\"https:\/\/www.wunder-der-stadt.com\/?s={search_term_string}\"},\"query-input\":\"required name=search_term_string\"}],\"inLanguage\":\"fr-FR\"},{\"@type\":[\"Person\",\"Organization\"],\"@id\":\"https:\/\/www.wunder-der-stadt.com\/#\/schema\/person\/7ac5370c8e8a38b0625e279f3af2d701\",\"name\":\"Admin\",\"logo\":{\"@id\":\"https:\/\/www.wunder-der-stadt.com\/#\/schema\/person\/image\/\"}}]}<\/script>\n<!-- \/ Yoast SEO plugin. -->","yoast_head_json":{"title":"Conditions g\u00e9n\u00e9rales de vente et assurance responsabilit\u00e9 professionnelle","description":"Link et page conditions g\u00e9n\u00e9rales de vente et assurance responsabilit\u00e9 professionnelle","robots":{"index":"index","follow":"follow","max-snippet":"max-snippet:-1","max-image-preview":"max-image-preview:large","max-video-preview":"max-video-preview:-1"},"canonical":"https:\/\/www.wunder-der-stadt.com\/agbs\/","og_locale":"fr_FR","og_type":"article","og_title":"Conditions g\u00e9n\u00e9rales de vente et assurance responsabilit\u00e9 professionnelle","og_description":"Link et page conditions g\u00e9n\u00e9rales de vente et assurance responsabilit\u00e9 professionnelle","og_url":"https:\/\/www.wunder-der-stadt.com\/agbs\/","og_site_name":"Wunder der Stadt - Visites guid\u00e9es \u00e0 Munich et en Bavi\u00e8re","article_modified_time":"2019-11-29T08:17:15+00:00","og_image":[{"width":292,"height":157,"url":"https:\/\/www.wunder-der-stadt.com\/wp-content\/uploads\/WDS_logo2.png","type":"image\/png"}],"twitter_card":"summary_large_image","twitter_misc":{"Est. reading time":"4 minutes"},"schema":{"@context":"https:\/\/schema.org","@graph":[{"@type":"WebPage","@id":"https:\/\/www.wunder-der-stadt.com\/agbs\/","url":"https:\/\/www.wunder-der-stadt.com\/agbs\/","name":"Allgemeine Gesch\u00e4ftsbedingungen (AGB) - Wunder der Stadt","isPartOf":{"@id":"https:\/\/www.wunder-der-stadt.com\/#website"},"datePublished":"2017-12-18T12:16:49+00:00","dateModified":"2019-11-29T08:17:15+00:00","description":"Hier finden Sie die Allgemeine Gesch\u00e4ftsbedingungen (AGB) von Wunder der Stadt, der Agentur f\u00fcr Stadtf\u00fchrungen in M\u00fcnchen von Val\u00e9rie Kieffer.","breadcrumb":{"@id":"https:\/\/www.wunder-der-stadt.com\/agbs\/#breadcrumb"},"inLanguage":"fr-FR","potentialAction":[{"@type":"ReadAction","target":["https:\/\/www.wunder-der-stadt.com\/agbs\/"]}]},{"@type":"BreadcrumbList","@id":"https:\/\/www.wunder-der-stadt.com\/agbs\/#breadcrumb","itemListElement":[{"@type":"ListItem","position":1,"name":"Startseite","item":"https:\/\/www.wunder-der-stadt.com\/"},{"@type":"ListItem","position":2,"name":"Allgemeine Gesch\u00e4ftsbedingungen von Wunder der Stadt"}]},{"@type":"WebSite","@id":"https:\/\/www.wunder-der-stadt.com\/#website","url":"https:\/\/www.wunder-der-stadt.com\/","name":"{:de}Wunder der Stadt - Stadtf\u00fchrungen in M\u00fcnchen und Oberbayern{:}{:fr}Wunder der Stadt - Visites guid\u00e9es \u00e0 Munich et en Bavi\u00e8re{:}","description":"Votre partenaire pour vos voyages d&#039;affaires, voyages priv\u00e9s \u00e0 Munich et en Bavi\u00e8re","publisher":{"@id":"https:\/\/www.wunder-der-stadt.com\/#\/schema\/person\/7ac5370c8e8a38b0625e279f3af2d701"},"potentialAction":[{"@type":"SearchAction","target":{"@type":"EntryPoint","urlTemplate":"https:\/\/www.wunder-der-stadt.com\/?s={search_term_string}"},"query-input":"required name=search_term_string"}],"inLanguage":"fr-FR"},{"@type":["Person","Organization"],"@id":"https:\/\/www.wunder-der-stadt.com\/#\/schema\/person\/7ac5370c8e8a38b0625e279f3af2d701","name":"Admin","logo":{"@id":"https:\/\/www.wunder-der-stadt.com\/#\/schema\/person\/image\/"}}]}},"_links":{"self":[{"href":"https:\/\/www.wunder-der-stadt.com\/fr\/wp-json\/wp\/v2\/pages\/1340"}],"collection":[{"href":"https:\/\/www.wunder-der-stadt.com\/fr\/wp-json\/wp\/v2\/pages"}],"about":[{"href":"https:\/\/www.wunder-der-stadt.com\/fr\/wp-json\/wp\/v2\/types\/page"}],"author":[{"embeddable":true,"href":"https:\/\/www.wunder-der-stadt.com\/fr\/wp-json\/wp\/v2\/users\/1"}],"replies":[{"embeddable":true,"href":"https:\/\/www.wunder-der-stadt.com\/fr\/wp-json\/wp\/v2\/comments?post=1340"}],"version-history":[{"count":9,"href":"https:\/\/www.wunder-der-stadt.com\/fr\/wp-json\/wp\/v2\/pages\/1340\/revisions"}],"predecessor-version":[{"id":2211,"href":"https:\/\/www.wunder-der-stadt.com\/fr\/wp-json\/wp\/v2\/pages\/1340\/revisions\/2211"}],"wp:attachment":[{"href":"https:\/\/www.wunder-der-stadt.com\/fr\/wp-json\/wp\/v2\/media?parent=1340"}],"curies":[{"name":"wp","href":"https:\/\/api.w.org\/{rel}","templated":true}]}}