{"id":9,"date":"2015-07-16T16:00:39","date_gmt":"2015-07-16T14:00:39","guid":{"rendered":"http:\/\/adventure-tours.themedelight.com\/?page_id=9"},"modified":"2022-10-20T13:46:36","modified_gmt":"2022-10-20T11:46:36","slug":"kontakt","status":"publish","type":"page","link":"https:\/\/www.wunder-der-stadt.com\/fr\/kontakt\/","title":{"rendered":"Contacter Wunder der Stadt"},"content":{"rendered":"<p>[vc_row el_class=&#8221;margin-bottom&#8221;][vc_column][vc_empty_space height=&#8221;40px&#8221; el_class=&#8221;visible-sm visible-xs&#8221;]<div class=\"title\">\n\t\t\t<div class=\"title__subtitle\">Vous avez une question ? Vous voulez reserver une visite ? <\/div>\n\t\t<h3 class=\"title__primary\">contactez votre specialiste pour les visites guid\u00e9es scolaires \u00e0 Munich<\/h3>\n<\/div>\n[\/vc_column][vc_column offset=&#8221;vc_col-md-6&#8243;]<div class=\"wpforms-container wpforms-container-full\" id=\"wpforms-1852\"><form id=\"wpforms-form-1852\" class=\"wpforms-validate wpforms-form\" data-formid=\"1852\" method=\"post\" enctype=\"multipart\/form-data\" action=\"\/fr\/wp-json\/wp\/v2\/pages\/9\" data-token=\"c17bda6a0e0d904ec66bbb54d5016389\" data-token-time=\"1777802637\"><noscript class=\"wpforms-error-noscript\">Please enable JavaScript in your browser to complete this form.<\/noscript><div class=\"wpforms-field-container\"><div id=\"wpforms-1852-field_0-container\" class=\"wpforms-field wpforms-field-name\" data-field-id=\"0\"><label class=\"wpforms-field-label\" for=\"wpforms-1852-field_0\">Name<\/label><input type=\"text\" id=\"wpforms-1852-field_0\" class=\"wpforms-field-medium\" name=\"wpforms[fields][0]\"\/><\/div><div id=\"wpforms-1852-field_1-container\" class=\"wpforms-field wpforms-field-email\" data-field-id=\"1\"><label class=\"wpforms-field-label\" for=\"wpforms-1852-field_1\">E-Mail-Adresse <span class=\"wpforms-required-label\">*<\/span><\/label><input type=\"email\" id=\"wpforms-1852-field_1\" class=\"wpforms-field-medium wpforms-field-required\" name=\"wpforms[fields][1]\" spellcheck=\"false\" required\/><\/div><div id=\"wpforms-1852-field_4-container\" class=\"wpforms-field wpforms-field-text\" data-field-id=\"4\"><label class=\"wpforms-field-label\" for=\"wpforms-1852-field_4\">Betreff<\/label><input type=\"text\" id=\"wpforms-1852-field_4\" class=\"wpforms-field-medium\" name=\"wpforms[fields][4]\"\/><\/div><div id=\"wpforms-1852-field_2-container\" class=\"wpforms-field wpforms-field-textarea\" data-field-id=\"2\"><label class=\"wpforms-field-label\" for=\"wpforms-1852-field_2\">Ihre Nachricht <span class=\"wpforms-required-label\">*<\/span><\/label><textarea id=\"wpforms-1852-field_2\" class=\"wpforms-field-medium wpforms-field-required\" name=\"wpforms[fields][2]\" required><\/textarea><\/div><div id=\"wpforms-1852-field_3-container\" class=\"wpforms-field wpforms-field-checkbox\" data-field-id=\"3\"><label class=\"wpforms-field-label\">Datenschutz <span class=\"wpforms-required-label\">*<\/span><\/label><ul id=\"wpforms-1852-field_3\" class=\"wpforms-field-required\"><li class=\"choice-1 depth-1\"><input type=\"checkbox\" id=\"wpforms-1852-field_3_1\" name=\"wpforms[fields][3][]\" value=\"Ich habe die &lt;a href=&quot;: https:\/\/www.wunder-der-stadt.com\/datenschutz\/&quot;&gt;Hinweise zum Datenschutz&lt;\/a&gt; gelesen und akzeptiere diese.\" required\/><label class=\"wpforms-field-label-inline\" for=\"wpforms-1852-field_3_1\">Ich habe die <a href=\"https:\/\/www.wunder-der-stadt.com\/datenschutz\/\">Hinweise zum Datenschutz<\/a> gelesen und akzeptiere diese.<\/label><\/li><\/ul><div class=\"wpforms-field-description\">Ich stimme zu, dass meine Angaben aus dem Kontaktformular zur Beantwortung\r\nmeiner Anfrage erhoben und verarbeitet werden. Die Daten werden nach\r\nabgeschlossener Bearbeitung Ihrer Anfrage gel\u00f6scht. Hinweis: Sie k\u00f6nnen Ihre\r\nEinwilligung jederzeit f\u00fcr die Zukunft per E-Mail an info@wunder-der-stadt.de widerrufen.\r\nDetaillierte Informationen zum Umgang mit Nutzerdaten finden Sie in unserer <a href=\": https:\/\/www.wunder-der-stadt.com\/datenschutz\/\">Datenschutzerkl\u00e4rung<\/a>.\r\n<br \/><br \/>\r\nDie mit<span style=\"color: #ff0000;\">\u00a0*\u00a0<\/span>gekennzeichneten Felder sind Pflichtfelder. <\/div><\/div><\/div><!-- .wpforms-field-container --><div class=\"wpforms-field wpforms-field-hp\"><label for=\"wpforms-1852-field-hp\" class=\"wpforms-field-label\">Name<\/label><input type=\"text\" name=\"wpforms[hp]\" id=\"wpforms-1852-field-hp\" class=\"wpforms-field-medium\"\/><\/div><div class=\"wpforms-submit-container\"><input type=\"hidden\" name=\"wpforms[id]\" value=\"1852\"\/><input type=\"hidden\" name=\"page_title\" value=\"\"\/><input type=\"hidden\" name=\"page_url\" value=\"https:\/\/www.wunder-der-stadt.com\/fr\/wp-json\/wp\/v2\/pages\/9\"\/><input type=\"hidden\" name=\"url_referer\" value=\"\"\/><button type=\"submit\" name=\"wpforms[submit]\" id=\"wpforms-submit-1852\" class=\"wpforms-submit\" data-alt-text=\"Sende...\" data-submit-text=\"Senden\" aria-live=\"assertive\" value=\"wpforms-submit\">Senden<\/button><\/div><\/form><\/div>  <!-- .wpforms-container -->[\/vc_column][vc_column offset=&#8221;vc_col-md-6&#8243;][vc_empty_space height=&#8221;140px&#8221; el_class=&#8221;visible-sm visible-xs&#8221;][vc_column_text]Vous avez besoin d&#8217;un compl\u00e9ment d&#8217;information ? Vous ne trouvez pas le programme id\u00e9al sur www.wunder-der-stadt.com ? Envoyez nous un message, nous sommes \u00e0 votre disposition. Nous vous r\u00e9pondrons aussi rapidement que possible ![\/vc_column_text]<div class=\"contact-info\">\n\t\t\t<div class=\"contact-info__item\">\n\t\t\t<div class=\"contact-info__item__icon\"><i class=\"fa fa-map-marker\"><\/i><\/div>\n\t\t\t<div class=\"contact-info__item__text\">Heinrich-Vogl-Stra\u00dfe 6, 81479 M\u00fcnchen<\/div>\n\t\t<\/div>\n\t\n\t\n\t<div class=\"contact-info__item\"><a href=\"tel:+491704378948\"><span class=\"contact-info__item__icon\"><i class=\"fa fa-mobile contact-info__item__icon__mobile\"><\/i><\/span><span class=\"contact-info__item__text\">+49 170 43 78 948<\/span><\/a><\/div>\n\t<div class=\"contact-info__item\"><a href=\"mailto:info@wunder-der-stadt.de\"><span class=\"contact-info__item__icon\"><i class=\"fa fa-envelope contact-info__item__icon__email\"><\/i><\/span><span class=\"contact-info__item__text\">info@wunder-der-stadt.de<\/span><\/a><\/div>\n\t<\/div>\n[vc_empty_space height=&#8221;20px&#8221;]<div class=\"social-icons social-icons--square\">\n\t<div class=\"social-icons__icons\">\n\t<a href=\"https:\/\/www.facebook.com\/WUNDER-DER-STADT-209931209147573\/\" class=\"social-icons__icon social-icons__icon--facebook\"><i class=\"fa fa-facebook\"><\/i><\/a>\t<\/div>\n<\/div>\n[\/vc_column][\/vc_row][vc_row][vc_column]<div id=\"googleMapCanvas1\" class=\"google-map stick-to-bottom\"><\/div>[\/vc_column][\/vc_row]<\/p>\n","protected":false},"excerpt":{"rendered":"<p>[vc_row el_class=&#8221;margin-bottom&#8221;][vc_column][vc_empty_space height=&#8221;40px&#8221; el_class=&#8221;visible-sm visible-xs&#8221;][\/vc_column][vc_column offset=&#8221;vc_col-md-6&#8243;][\/vc_column][vc_column offset=&#8221;vc_col-md-6&#8243;][vc_empty_space height=&#8221;140px&#8221; el_class=&#8221;visible-sm visible-xs&#8221;][vc_column_text]Vous avez besoin d&#8217;un compl\u00e9ment d&#8217;information ? Vous ne trouvez pas le programme id\u00e9al sur www.wunder-der-stadt.com ? Envoyez nous un message, nous sommes \u00e0 votre disposition. Nous vous r\u00e9pondrons aussi rapidement que possible ![\/vc_column_text][vc_empty_space height=&#8221;20px&#8221;][\/vc_column][\/vc_row][vc_row][vc_column][\/vc_column][\/vc_row]<\/p>\n","protected":false},"author":1,"featured_media":0,"parent":0,"menu_order":0,"comment_status":"open","ping_status":"closed","template":"","meta":{"footnotes":""},"translation":{"provider":"WPGlobus","version":"3.0.2","language":"fr","enabled_languages":["de","en","fr","es"],"languages":{"de":{"title":true,"content":true,"excerpt":false},"en":{"title":true,"content":true,"excerpt":false},"fr":{"title":true,"content":true,"excerpt":false},"es":{"title":false,"content":false,"excerpt":false}}},"yoast_head":"<!-- This site is optimized with the Yoast SEO plugin v22.0 - https:\/\/yoast.com\/wordpress\/plugins\/seo\/ -->\n<title>Contact Wunder der Stadt - Val\u00e9rie Kieffer. Contactez nous, nous vous aiderons avec plaisir \u00e0 r\u00e9pondre \u00e0 vos questions. !<\/title>\n<meta name=\"description\" content=\"N&#039;hesitez pas \u00e0 prendre contact avec Val\u00e9rie Kieffer, Je suis \u00e0 votre disposition pour r\u00e9pondre \u00e0 vos questions et demandes compl\u00e9mentaires d&#039;informations.\" \/>\n<meta name=\"robots\" content=\"index, follow, max-snippet:-1, max-image-preview:large, max-video-preview:-1\" \/>\n<link rel=\"canonical\" href=\"https:\/\/www.wunder-der-stadt.com\/kontakt\/\" \/>\n<meta property=\"og:locale\" content=\"fr_FR\" \/>\n<meta property=\"og:type\" content=\"article\" \/>\n<meta property=\"og:title\" content=\"Contact Wunder der Stadt - Val\u00e9rie Kieffer. Contactez nous, nous vous aiderons avec plaisir \u00e0 r\u00e9pondre \u00e0 vos questions. !\" \/>\n<meta property=\"og:description\" content=\"N&#039;hesitez pas \u00e0 prendre contact avec Val\u00e9rie Kieffer, Je suis \u00e0 votre disposition pour r\u00e9pondre \u00e0 vos questions et demandes compl\u00e9mentaires d&#039;informations.\" \/>\n<meta property=\"og:url\" content=\"https:\/\/www.wunder-der-stadt.com\/kontakt\/\" \/>\n<meta property=\"og:site_name\" content=\"Wunder der Stadt - Visites guid\u00e9es \u00e0 Munich et en Bavi\u00e8re\" \/>\n<meta property=\"article:modified_time\" content=\"2022-10-20T11:46:36+00:00\" \/>\n<meta property=\"og:image\" content=\"https:\/\/www.wunder-der-stadt.com\/wp-content\/uploads\/WDS_logo2.png\" \/>\n\t<meta property=\"og:image:width\" content=\"292\" \/>\n\t<meta property=\"og:image:height\" content=\"157\" \/>\n\t<meta property=\"og:image:type\" content=\"image\/png\" \/>\n<meta name=\"twitter:card\" content=\"summary_large_image\" \/>\n<meta name=\"twitter:label1\" content=\"Est. reading time\" \/>\n\t<meta name=\"twitter:data1\" content=\"3 minutes\" \/>\n<script type=\"application\/ld+json\" class=\"yoast-schema-graph\">{\"@context\":\"https:\/\/schema.org\",\"@graph\":[{\"@type\":\"WebPage\",\"@id\":\"https:\/\/www.wunder-der-stadt.com\/kontakt\/\",\"url\":\"https:\/\/www.wunder-der-stadt.com\/kontakt\/\",\"name\":\"Kontakt - Wunder der Stadt\",\"isPartOf\":{\"@id\":\"https:\/\/www.wunder-der-stadt.com\/#website\"},\"datePublished\":\"2015-07-16T14:00:39+00:00\",\"dateModified\":\"2022-10-20T11:46:36+00:00\",\"description\":\"Treten Sie mit Val\u00e9rie Kieffer und Wunder der Stadt in Kontakt. Wir antworten Ihre Fragen zu unseren Touren und Stadtf\u00fchrungen in M\u00fcnchen und Umgebung.\",\"breadcrumb\":{\"@id\":\"https:\/\/www.wunder-der-stadt.com\/kontakt\/#breadcrumb\"},\"inLanguage\":\"fr-FR\",\"potentialAction\":[{\"@type\":\"ReadAction\",\"target\":[\"https:\/\/www.wunder-der-stadt.com\/kontakt\/\"]}]},{\"@type\":\"BreadcrumbList\",\"@id\":\"https:\/\/www.wunder-der-stadt.com\/kontakt\/#breadcrumb\",\"itemListElement\":[{\"@type\":\"ListItem\",\"position\":1,\"name\":\"Startseite\",\"item\":\"https:\/\/www.wunder-der-stadt.com\/\"},{\"@type\":\"ListItem\",\"position\":2,\"name\":\"Kontakt mit Wunder der Stadt\"}]},{\"@type\":\"WebSite\",\"@id\":\"https:\/\/www.wunder-der-stadt.com\/#website\",\"url\":\"https:\/\/www.wunder-der-stadt.com\/\",\"name\":\"{:de}Wunder der Stadt - Stadtf\u00fchrungen in M\u00fcnchen und Oberbayern{:}{:fr}Wunder der Stadt - Visites guid\u00e9es \u00e0 Munich et en Bavi\u00e8re{:}\",\"description\":\"Votre partenaire pour vos voyages d&#039;affaires, voyages priv\u00e9s \u00e0 Munich et en Bavi\u00e8re\",\"publisher\":{\"@id\":\"https:\/\/www.wunder-der-stadt.com\/#\/schema\/person\/7ac5370c8e8a38b0625e279f3af2d701\"},\"potentialAction\":[{\"@type\":\"SearchAction\",\"target\":{\"@type\":\"EntryPoint\",\"urlTemplate\":\"https:\/\/www.wunder-der-stadt.com\/?s={search_term_string}\"},\"query-input\":\"required name=search_term_string\"}],\"inLanguage\":\"fr-FR\"},{\"@type\":[\"Person\",\"Organization\"],\"@id\":\"https:\/\/www.wunder-der-stadt.com\/#\/schema\/person\/7ac5370c8e8a38b0625e279f3af2d701\",\"name\":\"Admin\",\"logo\":{\"@id\":\"https:\/\/www.wunder-der-stadt.com\/#\/schema\/person\/image\/\"}}]}<\/script>\n<!-- \/ Yoast SEO plugin. -->","yoast_head_json":{"title":"Contact Wunder der Stadt - Val\u00e9rie Kieffer. Contactez nous, nous vous aiderons avec plaisir \u00e0 r\u00e9pondre \u00e0 vos questions. !","description":"N'hesitez pas \u00e0 prendre contact avec Val\u00e9rie Kieffer, Je suis \u00e0 votre disposition pour r\u00e9pondre \u00e0 vos questions et demandes compl\u00e9mentaires d'informations.","robots":{"index":"index","follow":"follow","max-snippet":"max-snippet:-1","max-image-preview":"max-image-preview:large","max-video-preview":"max-video-preview:-1"},"canonical":"https:\/\/www.wunder-der-stadt.com\/kontakt\/","og_locale":"fr_FR","og_type":"article","og_title":"Contact Wunder der Stadt - Val\u00e9rie Kieffer. Contactez nous, nous vous aiderons avec plaisir \u00e0 r\u00e9pondre \u00e0 vos questions. !","og_description":"N'hesitez pas \u00e0 prendre contact avec Val\u00e9rie Kieffer, Je suis \u00e0 votre disposition pour r\u00e9pondre \u00e0 vos questions et demandes compl\u00e9mentaires d'informations.","og_url":"https:\/\/www.wunder-der-stadt.com\/kontakt\/","og_site_name":"Wunder der Stadt - Visites guid\u00e9es \u00e0 Munich et en Bavi\u00e8re","article_modified_time":"2022-10-20T11:46:36+00:00","og_image":[{"width":292,"height":157,"url":"https:\/\/www.wunder-der-stadt.com\/wp-content\/uploads\/WDS_logo2.png","type":"image\/png"}],"twitter_card":"summary_large_image","twitter_misc":{"Est. reading time":"3 minutes"},"schema":{"@context":"https:\/\/schema.org","@graph":[{"@type":"WebPage","@id":"https:\/\/www.wunder-der-stadt.com\/kontakt\/","url":"https:\/\/www.wunder-der-stadt.com\/kontakt\/","name":"Kontakt - Wunder der Stadt","isPartOf":{"@id":"https:\/\/www.wunder-der-stadt.com\/#website"},"datePublished":"2015-07-16T14:00:39+00:00","dateModified":"2022-10-20T11:46:36+00:00","description":"Treten Sie mit Val\u00e9rie Kieffer und Wunder der Stadt in Kontakt. Wir antworten Ihre Fragen zu unseren Touren und Stadtf\u00fchrungen in M\u00fcnchen und Umgebung.","breadcrumb":{"@id":"https:\/\/www.wunder-der-stadt.com\/kontakt\/#breadcrumb"},"inLanguage":"fr-FR","potentialAction":[{"@type":"ReadAction","target":["https:\/\/www.wunder-der-stadt.com\/kontakt\/"]}]},{"@type":"BreadcrumbList","@id":"https:\/\/www.wunder-der-stadt.com\/kontakt\/#breadcrumb","itemListElement":[{"@type":"ListItem","position":1,"name":"Startseite","item":"https:\/\/www.wunder-der-stadt.com\/"},{"@type":"ListItem","position":2,"name":"Kontakt mit Wunder der Stadt"}]},{"@type":"WebSite","@id":"https:\/\/www.wunder-der-stadt.com\/#website","url":"https:\/\/www.wunder-der-stadt.com\/","name":"{:de}Wunder der Stadt - Stadtf\u00fchrungen in M\u00fcnchen und Oberbayern{:}{:fr}Wunder der Stadt - Visites guid\u00e9es \u00e0 Munich et en Bavi\u00e8re{:}","description":"Votre partenaire pour vos voyages d&#039;affaires, voyages priv\u00e9s \u00e0 Munich et en Bavi\u00e8re","publisher":{"@id":"https:\/\/www.wunder-der-stadt.com\/#\/schema\/person\/7ac5370c8e8a38b0625e279f3af2d701"},"potentialAction":[{"@type":"SearchAction","target":{"@type":"EntryPoint","urlTemplate":"https:\/\/www.wunder-der-stadt.com\/?s={search_term_string}"},"query-input":"required name=search_term_string"}],"inLanguage":"fr-FR"},{"@type":["Person","Organization"],"@id":"https:\/\/www.wunder-der-stadt.com\/#\/schema\/person\/7ac5370c8e8a38b0625e279f3af2d701","name":"Admin","logo":{"@id":"https:\/\/www.wunder-der-stadt.com\/#\/schema\/person\/image\/"}}]}},"_links":{"self":[{"href":"https:\/\/www.wunder-der-stadt.com\/fr\/wp-json\/wp\/v2\/pages\/9"}],"collection":[{"href":"https:\/\/www.wunder-der-stadt.com\/fr\/wp-json\/wp\/v2\/pages"}],"about":[{"href":"https:\/\/www.wunder-der-stadt.com\/fr\/wp-json\/wp\/v2\/types\/page"}],"author":[{"embeddable":true,"href":"https:\/\/www.wunder-der-stadt.com\/fr\/wp-json\/wp\/v2\/users\/1"}],"replies":[{"embeddable":true,"href":"https:\/\/www.wunder-der-stadt.com\/fr\/wp-json\/wp\/v2\/comments?post=9"}],"version-history":[{"count":21,"href":"https:\/\/www.wunder-der-stadt.com\/fr\/wp-json\/wp\/v2\/pages\/9\/revisions"}],"predecessor-version":[{"id":2489,"href":"https:\/\/www.wunder-der-stadt.com\/fr\/wp-json\/wp\/v2\/pages\/9\/revisions\/2489"}],"wp:attachment":[{"href":"https:\/\/www.wunder-der-stadt.com\/fr\/wp-json\/wp\/v2\/media?parent=9"}],"curies":[{"name":"wp","href":"https:\/\/api.w.org\/{rel}","templated":true}]}}