{"id":1269,"date":"2017-11-23T20:49:29","date_gmt":"2017-11-23T19:49:29","guid":{"rendered":"http:\/\/www.wunder-der-stadt.com\/?post_type=product&#038;p=1269"},"modified":"2025-01-20T14:38:13","modified_gmt":"2025-01-20T13:38:13","slug":"stadtfuehrung-frauen-muenchen","status":"publish","type":"product","link":"https:\/\/www.wunder-der-stadt.com\/fr\/tours\/stadtfuehrung-frauen-muenchen\/","title":{"rendered":"Ohne Frauen geht nichts"},"content":{"rendered":"<p><strong>Ohne Frauen geht in M\u00fcnchen gar nichts<\/strong>&#8230; Nicht nur M\u00e4nner pr\u00e4gten <a href=\"https:\/\/www.wunder-der-stadt.com\/tours\/stadtrundgang-in-die-altstadt\/\">M\u00fcnchen<\/a> &#8211; entdecken sie mit einer Stadtf\u00fchrung die wichtigsten Frauen der Stadtgeschichte.<\/p>\n<p>In den Geschichtsb\u00fcchern geht es fast immer um die gro\u00dfen Staatsm\u00e4nner. Aber welche Rolle haben die Frauen in M\u00fcnchen gespielt?<\/p>\n<p>Wir entdecken eine ganz neue Seite der Stadt. Eine K\u00f6nigin bot den franz\u00f6sischen Kaiser Napoleon die Stirn, eine Hochstaplerin \u201eerfand\u201c lange vor den Lehmann Brothers die Finanzkrise, eine <a href=\"https:\/\/www.wunder-der-stadt.com\/tours\/fuehrung-in-das-lenbachhaus-der-blaue-reiter\/\">Malerin<\/a> rettete einen unermesslichen Schatz an Gem\u00e4lden und eine <a href=\"https:\/\/www.wunder-der-stadt.com\/tours\/karl-valentin-und-liesl-karlstadt\/\">kongeniale Partnerin<\/a> verhalf dem wohl ber\u00fchmtesten bayerischen Komiker zum Ruhm&#8230; und da ist noch diese &#8220;Spanische T\u00e4nzerin&#8221;, die K\u00f6nig Ludwig I. ihn Krone kostete!<\/p>\n<p>Wir begeben uns auf die Spuren mutiger, aber auch frecher und urkomischer Frauen, die in M\u00fcnchen gelebt und gearbeitet haben&#8230; Adele Spitzeder, Lisel Karlstadt, Karoline von Baden, Maria Leopoldine von \u00d6sterreich-Este, <a href=\"https:\/\/www.wunder-der-stadt.com\/tours\/lola-montez-ludwig-i-stadtfuehrung-muenchen\/\">Lola Montez<\/a>, <a href=\"https:\/\/www.lenbachhaus.de\/entdecken\/ausstellungen\/detail\/der-blaue-reiter-1024\">Gabriele M\u00fcnter<\/a> sind nur einige von denen!<\/p>\n<p><strong>Ohne Frauen geht in M\u00fcnchen gar nichts<\/strong>&#8230; ist die Stadtf\u00fchrung f\u00fcr Frauen!<\/p>\n<p><!--more--><\/p>\n<table class=\"table table-bordered tours-tabs__table\" style=\"height: 233px;\" width=\"862\">\n<tbody>\n<tr>\n<td><strong>STARTPUNKT<\/strong><\/td>\n<td>M\u00fcnchen &#8211; Marien-Platz \/ Fischbrunnen<\/td>\n<\/tr>\n<tr>\n<td><b>DAUER<\/b><\/td>\n<td>max. 2 Stunden<\/td>\n<\/tr>\n<tr>\n<td><b>PREIS<\/b><\/td>\n<td>\n<p class=\"p1\"><span class=\"s1\">220,00\u20ac \u2013 inkl. 19% MwSt.<\/span><\/p>\n<\/td>\n<\/tr>\n<tr>\n<td><strong>TEILNEHMERZAHL<\/strong><\/td>\n<td>\n<p class=\"p1\"><span class=\"s1\">max. 15 Personen<\/span><\/p>\n<\/td>\n<\/tr>\n<\/tbody>\n<\/table>\n<p>&nbsp;<\/p>\n","protected":false},"excerpt":{"rendered":"<p>Ohne Frauen geht in M\u00fcnchen gar nichts&#8230; Nicht nur M\u00e4nner pr\u00e4gten M\u00fcnchen &#8211; entdecken sie mit einer Stadtf\u00fchrung die wichtigsten Frauen der Stadtgeschichte. In den Geschichtsb\u00fcchern geht es fast immer um die gro\u00dfen Staatsm\u00e4nner. Aber welche Rolle haben die Frauen in M\u00fcnchen gespielt? Wir entdecken eine ganz neue Seite der Stadt. Eine K\u00f6nigin bot den<\/p>\n<div class=\"padding-top text-center\"><a href=\"https:\/\/www.wunder-der-stadt.com\/fr\/tours\/stadtfuehrung-frauen-muenchen\/\" class=\"atbtn atbtn--medium atbtn--rounded atbtn--transparent\">Weiterlesen<i class=\"atbtn__icon atbtn__icon--right fa fa-long-arrow-right\"><\/i><\/a><\/div>\n","protected":false},"featured_media":1375,"template":"","meta":[],"product_cat":[103],"product_tag":[168,169,84,139],"translation":{"provider":"WPGlobus","version":"3.0.2","language":"fr","enabled_languages":["de","en","fr","es"],"languages":{"de":{"title":true,"content":true,"excerpt":false},"en":{"title":false,"content":false,"excerpt":false},"fr":{"title":false,"content":false,"excerpt":false},"es":{"title":false,"content":false,"excerpt":false}}},"yoast_head":"<!-- This site is optimized with the Yoast SEO plugin v22.0 - https:\/\/yoast.com\/wordpress\/plugins\/seo\/ -->\n<title>Ohne Frauen geht nichts - Stadtf\u00fchrung in M\u00fcnchen<\/title>\n<meta name=\"robots\" content=\"index, follow, max-snippet:-1, max-image-preview:large, max-video-preview:-1\" \/>\n<link rel=\"canonical\" href=\"https:\/\/www.wunder-der-stadt.com\/tours\/stadtfuehrung-frauen-muenchen\/\" \/>\n<meta property=\"og:locale\" content=\"fr_FR\" \/>\n<meta property=\"og:type\" content=\"article\" \/>\n<meta property=\"og:title\" content=\"Ohne Frauen geht nichts - Wunder der Stadt - Visites guid\u00e9es \u00e0 Munich et en Bavi\u00e8re\" \/>\n<meta property=\"og:url\" content=\"https:\/\/www.wunder-der-stadt.com\/tours\/stadtfuehrung-frauen-muenchen\/\" \/>\n<meta property=\"og:site_name\" content=\"Wunder der Stadt - Visites guid\u00e9es \u00e0 Munich et en Bavi\u00e8re\" \/>\n<meta property=\"article:modified_time\" content=\"2025-01-20T13:38:13+00:00\" \/>\n<meta property=\"og:image\" content=\"https:\/\/www.wunder-der-stadt.com\/wp-content\/uploads\/Nr.-1416-Theresienwiese-im-Winter-Foto-L.png\" \/>\n\t<meta property=\"og:image:width\" content=\"1400\" \/>\n\t<meta property=\"og:image:height\" content=\"600\" \/>\n\t<meta property=\"og:image:type\" content=\"image\/png\" \/>\n<meta name=\"twitter:card\" content=\"summary_large_image\" \/>\n<meta name=\"twitter:label1\" content=\"Est. reading time\" \/>\n\t<meta name=\"twitter:data1\" content=\"2 minutes\" \/>\n<script type=\"application\/ld+json\" class=\"yoast-schema-graph\">{\"@context\":\"https:\/\/schema.org\",\"@graph\":[{\"@type\":\"WebPage\",\"@id\":\"https:\/\/www.wunder-der-stadt.com\/tours\/stadtfuehrung-frauen-muenchen\/\",\"url\":\"https:\/\/www.wunder-der-stadt.com\/tours\/stadtfuehrung-frauen-muenchen\/\",\"name\":\"Ohne Frauen geht nichts - Stadtf\u00fchrung in M\u00fcnchen\",\"isPartOf\":{\"@id\":\"https:\/\/www.wunder-der-stadt.com\/#website\"},\"datePublished\":\"2017-11-23T19:49:29+00:00\",\"dateModified\":\"2025-01-20T13:38:13+00:00\",\"description\":\"Ohne Frauen geht nichts - Stadtf\u00fchrung in M\u00fcnchen. Ob K\u00f6nigin, Komikerin, K\u00fcnstlerin oder Hochstaplerin, die M\u00fcnchnerinnen werden Sie begeistern...\",\"breadcrumb\":{\"@id\":\"https:\/\/www.wunder-der-stadt.com\/tours\/stadtfuehrung-frauen-muenchen\/#breadcrumb\"},\"inLanguage\":\"fr-FR\",\"potentialAction\":[{\"@type\":\"ReadAction\",\"target\":[\"https:\/\/www.wunder-der-stadt.com\/tours\/stadtfuehrung-frauen-muenchen\/\"]}]},{\"@type\":\"BreadcrumbList\",\"@id\":\"https:\/\/www.wunder-der-stadt.com\/tours\/stadtfuehrung-frauen-muenchen\/#breadcrumb\",\"itemListElement\":[{\"@type\":\"ListItem\",\"position\":1,\"name\":\"Startseite\",\"item\":\"https:\/\/www.wunder-der-stadt.com\/\"},{\"@type\":\"ListItem\",\"position\":2,\"name\":\"Produkte\",\"item\":\"https:\/\/www.wunder-der-stadt.com\/shop\/\"},{\"@type\":\"ListItem\",\"position\":3,\"name\":\"Ohne Frauen geht nichts\"}]},{\"@type\":\"WebSite\",\"@id\":\"https:\/\/www.wunder-der-stadt.com\/#website\",\"url\":\"https:\/\/www.wunder-der-stadt.com\/\",\"name\":\"{:de}Wunder der Stadt - Stadtf\u00fchrungen in M\u00fcnchen und Oberbayern{:}{:fr}Wunder der Stadt - Visites guid\u00e9es \u00e0 Munich et en Bavi\u00e8re{:}\",\"description\":\"Votre partenaire pour vos voyages d&#039;affaires, voyages priv\u00e9s \u00e0 Munich et en Bavi\u00e8re\",\"publisher\":{\"@id\":\"https:\/\/www.wunder-der-stadt.com\/#\/schema\/person\/7ac5370c8e8a38b0625e279f3af2d701\"},\"potentialAction\":[{\"@type\":\"SearchAction\",\"target\":{\"@type\":\"EntryPoint\",\"urlTemplate\":\"https:\/\/www.wunder-der-stadt.com\/?s={search_term_string}\"},\"query-input\":\"required name=search_term_string\"}],\"inLanguage\":\"fr-FR\"},{\"@type\":[\"Person\",\"Organization\"],\"@id\":\"https:\/\/www.wunder-der-stadt.com\/#\/schema\/person\/7ac5370c8e8a38b0625e279f3af2d701\",\"name\":\"Admin\",\"logo\":{\"@id\":\"https:\/\/www.wunder-der-stadt.com\/#\/schema\/person\/image\/\"}}]}<\/script>\n<!-- \/ Yoast SEO plugin. -->","yoast_head_json":{"title":"Ohne Frauen geht nichts - Stadtf\u00fchrung in M\u00fcnchen","robots":{"index":"index","follow":"follow","max-snippet":"max-snippet:-1","max-image-preview":"max-image-preview:large","max-video-preview":"max-video-preview:-1"},"canonical":"https:\/\/www.wunder-der-stadt.com\/tours\/stadtfuehrung-frauen-muenchen\/","og_locale":"fr_FR","og_type":"article","og_title":"Ohne Frauen geht nichts - Wunder der Stadt - Visites guid\u00e9es \u00e0 Munich et en Bavi\u00e8re","og_url":"https:\/\/www.wunder-der-stadt.com\/tours\/stadtfuehrung-frauen-muenchen\/","og_site_name":"Wunder der Stadt - Visites guid\u00e9es \u00e0 Munich et en Bavi\u00e8re","article_modified_time":"2025-01-20T13:38:13+00:00","og_image":[{"width":1400,"height":600,"url":"https:\/\/www.wunder-der-stadt.com\/wp-content\/uploads\/Nr.-1416-Theresienwiese-im-Winter-Foto-L.png","type":"image\/png"}],"twitter_card":"summary_large_image","twitter_misc":{"Est. reading time":"2 minutes"},"schema":{"@context":"https:\/\/schema.org","@graph":[{"@type":"WebPage","@id":"https:\/\/www.wunder-der-stadt.com\/tours\/stadtfuehrung-frauen-muenchen\/","url":"https:\/\/www.wunder-der-stadt.com\/tours\/stadtfuehrung-frauen-muenchen\/","name":"Ohne Frauen geht nichts - Stadtf\u00fchrung in M\u00fcnchen","isPartOf":{"@id":"https:\/\/www.wunder-der-stadt.com\/#website"},"datePublished":"2017-11-23T19:49:29+00:00","dateModified":"2025-01-20T13:38:13+00:00","description":"Ohne Frauen geht nichts - Stadtf\u00fchrung in M\u00fcnchen. Ob K\u00f6nigin, Komikerin, K\u00fcnstlerin oder Hochstaplerin, die M\u00fcnchnerinnen werden Sie begeistern...","breadcrumb":{"@id":"https:\/\/www.wunder-der-stadt.com\/tours\/stadtfuehrung-frauen-muenchen\/#breadcrumb"},"inLanguage":"fr-FR","potentialAction":[{"@type":"ReadAction","target":["https:\/\/www.wunder-der-stadt.com\/tours\/stadtfuehrung-frauen-muenchen\/"]}]},{"@type":"BreadcrumbList","@id":"https:\/\/www.wunder-der-stadt.com\/tours\/stadtfuehrung-frauen-muenchen\/#breadcrumb","itemListElement":[{"@type":"ListItem","position":1,"name":"Startseite","item":"https:\/\/www.wunder-der-stadt.com\/"},{"@type":"ListItem","position":2,"name":"Produkte","item":"https:\/\/www.wunder-der-stadt.com\/shop\/"},{"@type":"ListItem","position":3,"name":"Ohne Frauen geht nichts"}]},{"@type":"WebSite","@id":"https:\/\/www.wunder-der-stadt.com\/#website","url":"https:\/\/www.wunder-der-stadt.com\/","name":"{:de}Wunder der Stadt - Stadtf\u00fchrungen in M\u00fcnchen und Oberbayern{:}{:fr}Wunder der Stadt - Visites guid\u00e9es \u00e0 Munich et en Bavi\u00e8re{:}","description":"Votre partenaire pour vos voyages d&#039;affaires, voyages priv\u00e9s \u00e0 Munich et en Bavi\u00e8re","publisher":{"@id":"https:\/\/www.wunder-der-stadt.com\/#\/schema\/person\/7ac5370c8e8a38b0625e279f3af2d701"},"potentialAction":[{"@type":"SearchAction","target":{"@type":"EntryPoint","urlTemplate":"https:\/\/www.wunder-der-stadt.com\/?s={search_term_string}"},"query-input":"required name=search_term_string"}],"inLanguage":"fr-FR"},{"@type":["Person","Organization"],"@id":"https:\/\/www.wunder-der-stadt.com\/#\/schema\/person\/7ac5370c8e8a38b0625e279f3af2d701","name":"Admin","logo":{"@id":"https:\/\/www.wunder-der-stadt.com\/#\/schema\/person\/image\/"}}]}},"_links":{"self":[{"href":"https:\/\/www.wunder-der-stadt.com\/fr\/wp-json\/wp\/v2\/product\/1269"}],"collection":[{"href":"https:\/\/www.wunder-der-stadt.com\/fr\/wp-json\/wp\/v2\/product"}],"about":[{"href":"https:\/\/www.wunder-der-stadt.com\/fr\/wp-json\/wp\/v2\/types\/product"}],"wp:featuredmedia":[{"embeddable":true,"href":"https:\/\/www.wunder-der-stadt.com\/fr\/wp-json\/wp\/v2\/media\/1375"}],"wp:attachment":[{"href":"https:\/\/www.wunder-der-stadt.com\/fr\/wp-json\/wp\/v2\/media?parent=1269"}],"wp:term":[{"taxonomy":"product_cat","embeddable":true,"href":"https:\/\/www.wunder-der-stadt.com\/fr\/wp-json\/wp\/v2\/product_cat?post=1269"},{"taxonomy":"product_tag","embeddable":true,"href":"https:\/\/www.wunder-der-stadt.com\/fr\/wp-json\/wp\/v2\/product_tag?post=1269"}],"curies":[{"name":"wp","href":"https:\/\/api.w.org\/{rel}","templated":true}]}}