{"id":1392,"date":"2018-01-18T18:20:47","date_gmt":"2018-01-18T17:20:47","guid":{"rendered":"http:\/\/www.wunder-der-stadt.com\/?post_type=product&#038;p=1392"},"modified":"2024-01-04T18:34:07","modified_gmt":"2024-01-04T17:34:07","slug":"die-weisse-rose-der-muenchner-widerstand","status":"publish","type":"product","link":"https:\/\/www.wunder-der-stadt.com\/fr\/tours\/die-weisse-rose-der-muenchner-widerstand\/","title":{"rendered":"Die Wei\u00dfe Rose &#8211; Der M\u00fcnchner Widerstand"},"content":{"rendered":"<p>Die \u201eHauptstadt der Bewegung\u201c ist auch Schauplatz f\u00fcr eine wichtige Widerstandsgruppe der NS-Zeit.<\/p>\n<p>Im Februar 1943 wird die \u201eWei\u00dfe Rose\u201c, die von Sophie und Hans Scholl gegr\u00fcndete Widerstandsgruppe, mit aller Gewalt von den Nationalsozialisten in M\u00fcnchen niedergeschlagen. Die bayerische Landeshauptstadt spielt w\u00e4hrend der Nazi-Diktatur eine besondere Rolle. Bereits 1923 versucht Adolf Hitler hier zum ersten Mal an die Macht zu kommen. Doch der \u201eHitlerputsch\u201c scheitert am Odeonsplatz. Die sp\u00e4ter sogenannte \u201eHauptstadt der Bewegung\u201c wird 1933 das ideologische Zentrum des Nationalsozialismus.<\/p>\n<p>In diesem Umfeld wurde die \u201eWei\u00dfe Rose\u201c aktiv. Der Mut und die Tollk\u00fchnheit ihrer Mitglieder erinnert uns daran, dass einige Deutsche ihr Leben aufs Spiel setzten und oft auch verloren, um sich dem Nazi-Regime zu widersetzen.<\/p>\n<p>Wir folgen den Spuren den jungen Widerstandsk\u00e4mpfer der \u201eWei\u00dfen Rose\u201c und besuchen die Orte ihrer Taten. Es ist ein Rundgang, der uns in die dunkle Vergangenheit M\u00fcnchens f\u00fchrt. Eine Vergangenheit, die aber auch von der Hoffnung derer gepr\u00e4gt ist, die ihre Unabh\u00e4ngigkeit des Geistes nicht Preis geben wollten.<\/p>\n<p><strong><em>Dieses Thema interessiert Sie besonders?<\/em><\/strong><\/p>\n<p>Sie sind Lehrerin oder Lehrer und m\u00f6chten Ihren Sch\u00fclern den schon im Unterricht durchgenommenen Stoff konkretisieren? Wir bieten Ihnen den Thementag mit einer dreist\u00fcndigen Stadtf\u00fchrung durch M\u00fcnchen am Vormittag an und einer anschlie\u00dfenden Besichtigung der KZ-Gedenkst\u00e4tte Dachau, inklusive gemeinsames Mittagessen.<\/p>\n<p>[vc_row][vc_column][vc_btn title=&#8221;ANFRAGE SENDEN&#8221; shape=&#8221;square&#8221; align=&#8221;left&#8221; link=&#8221;url:http%3A%2F%2Fwww.wunder-der-stadt.com%2Fkontakt%2F|||&#8221;]<br \/>\n<!--more--><\/p>\n<table class=\"table table-bordered tours-tabs__table\" style=\"height: 233px;\" width=\"862\">\n<tbody>\n<tr>\n<td><strong>ABFAHRTSORT<\/strong><\/td>\n<td>variabel<\/td>\n<\/tr>\n<tr>\n<td><b>DAUER<\/b><\/td>\n<td><span class=\"s1\">max. 2 Stunden<\/span><\/td>\n<\/tr>\n<tr>\n<td><b>PREIS<\/b><\/td>\n<td>\n<p class=\"p1\"><span class=\"s1\">210,00\u20ac\u00a0&#8211; inkl. 19% MwSt<\/span><\/p>\n<\/td>\n<\/tr>\n<tr>\n<td><strong>TEILNEHMERZAHL<\/strong><\/td>\n<td><span class=\"s1\">Schulklasse von max. 30 Sch\u00fcler<\/span><\/td>\n<\/tr>\n<\/tbody>\n<\/table>\n<p>&nbsp;<\/p>\n","protected":false},"excerpt":{"rendered":"<p>Die \u201eHauptstadt der Bewegung\u201c ist auch Schauplatz f\u00fcr eine wichtige Widerstandsgruppe der NS-Zeit. Im Februar 1943 wird die \u201eWei\u00dfe Rose\u201c, die von Sophie und Hans Scholl gegr\u00fcndete Widerstandsgruppe, mit aller Gewalt von den Nationalsozialisten in M\u00fcnchen niedergeschlagen. Die bayerische Landeshauptstadt spielt w\u00e4hrend der Nazi-Diktatur eine besondere Rolle. Bereits 1923 versucht Adolf Hitler hier zum ersten<\/p>\n<div class=\"padding-top text-center\"><a href=\"https:\/\/www.wunder-der-stadt.com\/fr\/tours\/die-weisse-rose-der-muenchner-widerstand\/\" class=\"atbtn atbtn--medium atbtn--rounded atbtn--transparent\">Weiterlesen<i class=\"atbtn__icon atbtn__icon--right fa fa-long-arrow-right\"><\/i><\/a><\/div>\n","protected":false},"featured_media":1452,"template":"","meta":[],"product_cat":[103],"product_tag":[77,78],"translation":{"provider":"WPGlobus","version":"3.0.2","language":"fr","enabled_languages":["de","en","fr","es"],"languages":{"de":{"title":true,"content":true,"excerpt":false},"en":{"title":false,"content":false,"excerpt":false},"fr":{"title":false,"content":false,"excerpt":false},"es":{"title":false,"content":false,"excerpt":false}}},"yoast_head":"<!-- This site is optimized with the Yoast SEO plugin v22.0 - https:\/\/yoast.com\/wordpress\/plugins\/seo\/ -->\n<title>Die Wei\u00dfe Rose: der M\u00fcnchner Widerstand - Wunder der Stadt<\/title>\n<meta name=\"robots\" content=\"index, follow, max-snippet:-1, max-image-preview:large, max-video-preview:-1\" \/>\n<link rel=\"canonical\" href=\"https:\/\/www.wunder-der-stadt.com\/tours\/die-weisse-rose-der-muenchner-widerstand\/\" \/>\n<meta property=\"og:locale\" content=\"fr_FR\" \/>\n<meta property=\"og:type\" content=\"article\" \/>\n<meta property=\"og:title\" content=\"Die Wei\u00dfe Rose - Der M\u00fcnchner Widerstand - Wunder der Stadt - Visites guid\u00e9es \u00e0 Munich et en Bavi\u00e8re\" \/>\n<meta property=\"og:url\" content=\"https:\/\/www.wunder-der-stadt.com\/tours\/die-weisse-rose-der-muenchner-widerstand\/\" \/>\n<meta property=\"og:site_name\" content=\"Wunder der Stadt - Visites guid\u00e9es \u00e0 Munich et en Bavi\u00e8re\" \/>\n<meta property=\"article:modified_time\" content=\"2024-01-04T17:34:07+00:00\" \/>\n<meta property=\"og:image\" content=\"https:\/\/www.wunder-der-stadt.com\/wp-content\/uploads\/Weisse_Rose.jpg\" \/>\n\t<meta property=\"og:image:width\" content=\"1400\" \/>\n\t<meta property=\"og:image:height\" content=\"600\" \/>\n\t<meta property=\"og:image:type\" content=\"image\/jpeg\" \/>\n<meta name=\"twitter:card\" content=\"summary_large_image\" \/>\n<meta name=\"twitter:label1\" content=\"Est. reading time\" \/>\n\t<meta name=\"twitter:data1\" content=\"1 minute\" \/>\n<script type=\"application\/ld+json\" class=\"yoast-schema-graph\">{\"@context\":\"https:\/\/schema.org\",\"@graph\":[{\"@type\":\"WebPage\",\"@id\":\"https:\/\/www.wunder-der-stadt.com\/tours\/die-weisse-rose-der-muenchner-widerstand\/\",\"url\":\"https:\/\/www.wunder-der-stadt.com\/tours\/die-weisse-rose-der-muenchner-widerstand\/\",\"name\":\"Die Wei\u00dfe Rose: der M\u00fcnchner Widerstand - Wunder der Stadt\",\"isPartOf\":{\"@id\":\"https:\/\/www.wunder-der-stadt.com\/#website\"},\"datePublished\":\"2018-01-18T17:20:47+00:00\",\"dateModified\":\"2024-01-04T17:34:07+00:00\",\"description\":\"Sie war eine wichtige Widerstandsgruppe der NS-Zeit: Die \u201eWei\u00dfe Rose\u201c wurde von Sophie und Hans Scholl gegr\u00fcndet - und mit aller Gewalt von den Nationalsozialisten in M\u00fcnchen niedergeschlagen. Diese Stadtf\u00fchrung f\u00fchrt an die Orte ihrer Taten.\",\"breadcrumb\":{\"@id\":\"https:\/\/www.wunder-der-stadt.com\/tours\/die-weisse-rose-der-muenchner-widerstand\/#breadcrumb\"},\"inLanguage\":\"fr-FR\",\"potentialAction\":[{\"@type\":\"ReadAction\",\"target\":[\"https:\/\/www.wunder-der-stadt.com\/tours\/die-weisse-rose-der-muenchner-widerstand\/\"]}]},{\"@type\":\"BreadcrumbList\",\"@id\":\"https:\/\/www.wunder-der-stadt.com\/tours\/die-weisse-rose-der-muenchner-widerstand\/#breadcrumb\",\"itemListElement\":[{\"@type\":\"ListItem\",\"position\":1,\"name\":\"Startseite\",\"item\":\"https:\/\/www.wunder-der-stadt.com\/\"},{\"@type\":\"ListItem\",\"position\":2,\"name\":\"Produkte\",\"item\":\"https:\/\/www.wunder-der-stadt.com\/shop\/\"},{\"@type\":\"ListItem\",\"position\":3,\"name\":\"Die Wei\u00dfe Rose &#8211; Der M\u00fcnchner Widerstand\"}]},{\"@type\":\"WebSite\",\"@id\":\"https:\/\/www.wunder-der-stadt.com\/#website\",\"url\":\"https:\/\/www.wunder-der-stadt.com\/\",\"name\":\"{:de}Wunder der Stadt - Stadtf\u00fchrungen in M\u00fcnchen und Oberbayern{:}{:fr}Wunder der Stadt - Visites guid\u00e9es \u00e0 Munich et en Bavi\u00e8re{:}\",\"description\":\"Votre partenaire pour vos voyages d&#039;affaires, voyages priv\u00e9s \u00e0 Munich et en Bavi\u00e8re\",\"publisher\":{\"@id\":\"https:\/\/www.wunder-der-stadt.com\/#\/schema\/person\/7ac5370c8e8a38b0625e279f3af2d701\"},\"potentialAction\":[{\"@type\":\"SearchAction\",\"target\":{\"@type\":\"EntryPoint\",\"urlTemplate\":\"https:\/\/www.wunder-der-stadt.com\/?s={search_term_string}\"},\"query-input\":\"required name=search_term_string\"}],\"inLanguage\":\"fr-FR\"},{\"@type\":[\"Person\",\"Organization\"],\"@id\":\"https:\/\/www.wunder-der-stadt.com\/#\/schema\/person\/7ac5370c8e8a38b0625e279f3af2d701\",\"name\":\"Admin\",\"logo\":{\"@id\":\"https:\/\/www.wunder-der-stadt.com\/#\/schema\/person\/image\/\"}}]}<\/script>\n<!-- \/ Yoast SEO plugin. -->","yoast_head_json":{"title":"Die Wei\u00dfe Rose: der M\u00fcnchner Widerstand - Wunder der Stadt","robots":{"index":"index","follow":"follow","max-snippet":"max-snippet:-1","max-image-preview":"max-image-preview:large","max-video-preview":"max-video-preview:-1"},"canonical":"https:\/\/www.wunder-der-stadt.com\/tours\/die-weisse-rose-der-muenchner-widerstand\/","og_locale":"fr_FR","og_type":"article","og_title":"Die Wei\u00dfe Rose - Der M\u00fcnchner Widerstand - Wunder der Stadt - Visites guid\u00e9es \u00e0 Munich et en Bavi\u00e8re","og_url":"https:\/\/www.wunder-der-stadt.com\/tours\/die-weisse-rose-der-muenchner-widerstand\/","og_site_name":"Wunder der Stadt - Visites guid\u00e9es \u00e0 Munich et en Bavi\u00e8re","article_modified_time":"2024-01-04T17:34:07+00:00","og_image":[{"width":1400,"height":600,"url":"https:\/\/www.wunder-der-stadt.com\/wp-content\/uploads\/Weisse_Rose.jpg","type":"image\/jpeg"}],"twitter_card":"summary_large_image","twitter_misc":{"Est. reading time":"1 minute"},"schema":{"@context":"https:\/\/schema.org","@graph":[{"@type":"WebPage","@id":"https:\/\/www.wunder-der-stadt.com\/tours\/die-weisse-rose-der-muenchner-widerstand\/","url":"https:\/\/www.wunder-der-stadt.com\/tours\/die-weisse-rose-der-muenchner-widerstand\/","name":"Die Wei\u00dfe Rose: der M\u00fcnchner Widerstand - Wunder der Stadt","isPartOf":{"@id":"https:\/\/www.wunder-der-stadt.com\/#website"},"datePublished":"2018-01-18T17:20:47+00:00","dateModified":"2024-01-04T17:34:07+00:00","description":"Sie war eine wichtige Widerstandsgruppe der NS-Zeit: Die \u201eWei\u00dfe Rose\u201c wurde von Sophie und Hans Scholl gegr\u00fcndet - und mit aller Gewalt von den Nationalsozialisten in M\u00fcnchen niedergeschlagen. Diese Stadtf\u00fchrung f\u00fchrt an die Orte ihrer Taten.","breadcrumb":{"@id":"https:\/\/www.wunder-der-stadt.com\/tours\/die-weisse-rose-der-muenchner-widerstand\/#breadcrumb"},"inLanguage":"fr-FR","potentialAction":[{"@type":"ReadAction","target":["https:\/\/www.wunder-der-stadt.com\/tours\/die-weisse-rose-der-muenchner-widerstand\/"]}]},{"@type":"BreadcrumbList","@id":"https:\/\/www.wunder-der-stadt.com\/tours\/die-weisse-rose-der-muenchner-widerstand\/#breadcrumb","itemListElement":[{"@type":"ListItem","position":1,"name":"Startseite","item":"https:\/\/www.wunder-der-stadt.com\/"},{"@type":"ListItem","position":2,"name":"Produkte","item":"https:\/\/www.wunder-der-stadt.com\/shop\/"},{"@type":"ListItem","position":3,"name":"Die Wei\u00dfe Rose &#8211; Der M\u00fcnchner Widerstand"}]},{"@type":"WebSite","@id":"https:\/\/www.wunder-der-stadt.com\/#website","url":"https:\/\/www.wunder-der-stadt.com\/","name":"{:de}Wunder der Stadt - Stadtf\u00fchrungen in M\u00fcnchen und Oberbayern{:}{:fr}Wunder der Stadt - Visites guid\u00e9es \u00e0 Munich et en Bavi\u00e8re{:}","description":"Votre partenaire pour vos voyages d&#039;affaires, voyages priv\u00e9s \u00e0 Munich et en Bavi\u00e8re","publisher":{"@id":"https:\/\/www.wunder-der-stadt.com\/#\/schema\/person\/7ac5370c8e8a38b0625e279f3af2d701"},"potentialAction":[{"@type":"SearchAction","target":{"@type":"EntryPoint","urlTemplate":"https:\/\/www.wunder-der-stadt.com\/?s={search_term_string}"},"query-input":"required name=search_term_string"}],"inLanguage":"fr-FR"},{"@type":["Person","Organization"],"@id":"https:\/\/www.wunder-der-stadt.com\/#\/schema\/person\/7ac5370c8e8a38b0625e279f3af2d701","name":"Admin","logo":{"@id":"https:\/\/www.wunder-der-stadt.com\/#\/schema\/person\/image\/"}}]}},"_links":{"self":[{"href":"https:\/\/www.wunder-der-stadt.com\/fr\/wp-json\/wp\/v2\/product\/1392"}],"collection":[{"href":"https:\/\/www.wunder-der-stadt.com\/fr\/wp-json\/wp\/v2\/product"}],"about":[{"href":"https:\/\/www.wunder-der-stadt.com\/fr\/wp-json\/wp\/v2\/types\/product"}],"wp:featuredmedia":[{"embeddable":true,"href":"https:\/\/www.wunder-der-stadt.com\/fr\/wp-json\/wp\/v2\/media\/1452"}],"wp:attachment":[{"href":"https:\/\/www.wunder-der-stadt.com\/fr\/wp-json\/wp\/v2\/media?parent=1392"}],"wp:term":[{"taxonomy":"product_cat","embeddable":true,"href":"https:\/\/www.wunder-der-stadt.com\/fr\/wp-json\/wp\/v2\/product_cat?post=1392"},{"taxonomy":"product_tag","embeddable":true,"href":"https:\/\/www.wunder-der-stadt.com\/fr\/wp-json\/wp\/v2\/product_tag?post=1392"}],"curies":[{"name":"wp","href":"https:\/\/api.w.org\/{rel}","templated":true}]}}