{"id":1395,"date":"2018-01-18T18:53:13","date_gmt":"2018-01-18T17:53:13","guid":{"rendered":"http:\/\/www.wunder-der-stadt.com\/?post_type=product&#038;p=1395"},"modified":"2020-01-16T11:25:00","modified_gmt":"2020-01-16T10:25:00","slug":"mehrtaegige-reise-nach-muenchen","status":"publish","type":"product","link":"https:\/\/www.wunder-der-stadt.com\/fr\/tours\/mehrtaegige-reise-nach-muenchen\/","title":{"rendered":"M\u00fcnchen &#8211; 3 Tage \/ 2 N\u00e4chte"},"content":{"rendered":"<p>Erleben Sie eine 3-t\u00e4gige Tour in M\u00fcnchen, inklusive 2 \u00dcbernachtungen!<\/p>\n<h3><span class=\"s1\">1. Tag &#8211; Ankunft am Mittag<\/span><\/h3>\n<ul>\n<li class=\"p4\"><span class=\"s1\">Mittagstisch in einem traditionellen Restaurant in der M\u00fcnchner Innenstadt mit bayerisch-gem\u00fctlicher Atmosph\u00e4re.<\/span><\/li>\n<li class=\"p4\"><span class=\"s1\">Nachmittag &#8211; Die Entdeckung der Altstadt<\/span><\/li>\n<li class=\"p4\"><span class=\"s1\">Der klassische Rundgang gibt einen idealen \u00dcberblick \u00fcber die wichtigsten Sehensw\u00fcrdigkeiten der Innenstadt. &#8211; Marienplatz, Viktualienmarkt, Hofbr\u00e4uhaus, Alter Hof, Dallmayr, Maximilianstrasse, Opernplatz (Bayerisches Nationaltheater, Residenz), Odeonsplatz (Theatinerkirche, Hitler-Putsch), F\u00fcnf H\u00f6fe, Frauenkirche, Michaelskirche.<\/span><\/li>\n<\/ul>\n<h3>2. Tag &#8211; M\u00fcnchen<\/h3>\n<ul>\n<li class=\"p4\"><span class=\"s1\">Vormittag &#8211; Stadtrundfahrt<br \/>\n<\/span><span class=\"s1\">Die Rundfahrt mit dem Bus komplettiert der Rundgang vom Vortag. Wir entdecken die Sehensw\u00fcrdigkeiten, die sich au\u00dferhalb der Innenstadt befinden, und werfen dabei einen Blick auf den Karlsplatz\/Stachus und weitere mittelalterliche Stadttore, auf die pr\u00e4chtigen Bauten des 19. Jahrhunderts, die Pinakotheken und Museen, den K\u00f6nigsplatz mit seiner nationalsozialistischen Vergangenheit, den Olympiapark, die BMW-Welt, die repr\u00e4sentative Ludwigstra\u00dfe und vieles mehr.<\/span><\/li>\n<li class=\"p4\"><span class=\"s1\">Mittagessen<\/span><\/li>\n<li class=\"p4\"><span class=\"s1\">Nachmittag &#8211; Besichtigung Schloss Nymphenburg inklusive Schlosspark und Amalienburg<\/span><br \/>\n<h3><img loading=\"lazy\" decoding=\"async\" class=\"size-full wp-image-1210 alignright\" src=\"https:\/\/www.wunder-der-stadt.com\/wp-content\/uploads\/Schloss_Nymphenburg-e1579169619339.png\" alt=\"\" width=\"357\" height=\"153\" \/><\/h3>\n<p><span class=\"s1\">Wir verbringen den Nachmittag in der Sommerresidenz der Wittelsbacher. Das Schloss Nymphenburg war das Geschenk Ferdinand-Maria von Wittelsbach f\u00fcr seine Frau Henriette-Adelaide zur Geburt des Prinzen. Sie erf\u00fcllte sich mit dem Bau des Palastes einen Traum, f\u00fcr dessen Realisierung sie keine Kosten und M\u00fchen scheute. Nur die besten K\u00fcnstler, Baumeister und Architekten aus Italien und Frankreich waren ihr gut genug. Der prachtvoll angelegte Park l\u00e4dt zu einem erholsamen Spaziergang ein, bei dem die versteckten Pagoden und Pal\u00e4stchen nur darauf warten, von Ihnen entdeckt zu werden!<\/span><span class=\"s1\"><br \/>\n<\/span><\/p><\/li>\n<\/ul>\n<h3><span class=\"s1\">3. Tag &#8211; Sie Entscheiden!<\/span><\/h3>\n<p class=\"p4\"><strong><span class=\"s2\">Variante 1: Ein Tag f\u00fcr die Kunst<\/span><\/strong><\/p>\n<ul>\n<li class=\"p4\"><span class=\"s1\">Die Alte und Neue Pinakothek &#8211; Geboren aus der Sammelleidenschaft der Wittelsbacher und dem Wunsch K\u00f6nig Ludwig I, diese Meisterwerke der Welt zu pr\u00e4sentieren, beherbergen die Pinakotheken eine der sch\u00f6nsten und beeindruckendsten Gem\u00e4ldes-ammlungen aus f\u00fcnf Jahrhunderten &#8211; bis ins 19. Jahrhundert hinein. Die F\u00fchrung beleuchtet eine Auswahl an bedeutenden Gem\u00e4lden weltber\u00fchmter Meister der Malerei wie Albrecht D\u00fcrer, Raffael, Rubens oder Rembrandt, aber auch die Impressionisten oder Van Gogh und Paul Gaugin.<\/span><\/li>\n<li class=\"p4\"><span class=\"s1\">Mittagessen<\/span><\/li>\n<li class=\"p4\"><span class=\"s1\">Das Lenbachhaus &#8211; Als Ironie des Schicksals kann man es bezeichnen, dass heute die weltgr\u00f6\u00dfte Sammlung der Kunstbewegung &#8220;Der Blaue Reiter&#8221; ausgerechnet in der Villa des im 19.Jahrhundert weltber\u00fchmten Malerf\u00fcrsts Franz von Lenbach beheimatet ist. DIE Instanz in M\u00fcnchen f\u00fcr Kunst, das Oberhaupt der K\u00fcnstlervereinigung Allotria, hatte n\u00e4mlich die avantgardistischen Maler des &#8220;Blauen Reiter&#8221; aus der Vereinigung hinausgeekelt. Heute ist das Lenbachhaus eines der meistbesuchten Museen M\u00fcnchens. Der wegen der \u00fcberbordenden Anzahl an Besuchern notwendig gewordene Anbau wurde von Star-Architekt Norman Foster realisiert und 2013 fertiggestellt. Die goldene &#8220;Schatulle&#8221; ist jetzt Heimat der Gabriele M\u00fcnter-Schenkung, eine der aufregendsten Sammlungen der Kunstrevolution\u00e4re und Pioniere der modernen Malerei. Mehr als 300 Werke von Wassili Kandinsky, Franz Marc, Gabriele M\u00fcnter, Alexej Jawlensky u.a. sind dort ausgestellt.<\/span><\/li>\n<\/ul>\n<p class=\"p4\"><span class=\"s2\"><b>Variante 2: Tagesausflug zum K\u00f6nig-Ludwig Schloss Neuschwanstein<\/b><\/span><\/p>\n<ul>\n<li class=\"p4\"><span class=\"s1\">Neuschwanstein &#8211; Ein Traum wird Wirklichkeit<\/span><\/li>\n<li><span class=\"s1\">K\u00f6nig Ludwig II ist 18 Jahre alt, als er Richard Wagner zum ersten Mal in M\u00fcnchen trifft. Diese Begegnung war das Pr\u00e9lude zu seiner unendlichen Bewunderung f\u00fcr den Komponisten und seiner Musik. Bald reicht die finanzielle Unterst\u00fctzung Wagners dem K\u00f6nig nicht mehr aus. Was er will, ist die Verwirklichung einer eigenen Welt, in der die Musik und seine Phantasie verschmelzen. Zwischen 1869 und 1886 realisiert Ludwig II seinen Traum und lie\u00df das Schloss Neuschwanstein erbauen, ein faszinierendes Beispiel deutscher Romantik und eine Hommage an den Helden seiner Kindheit: Parzival.<\/span><\/li>\n<li class=\"p4\"><span class=\"s1\">Mittagessen<\/span><\/li>\n<li><img loading=\"lazy\" decoding=\"async\" class=\"size-full wp-image-1630 alignright\" src=\"https:\/\/www.wunder-der-stadt.com\/wp-content\/uploads\/Banner_Start2-e1579169795321.jpg\" alt=\"\" width=\"357\" height=\"153\" \/><\/li>\n<li class=\"p4\"><span class=\"s1\">Der Tagesausflug f\u00fchrt uns weiter durch Oberammergau, das f\u00fcr seine mit Luftmalerei verzierten H\u00e4user und seine Passionsspiele weltber\u00fchmte Dorf. Wir machen einen letzten Stopp an der Wieskirche und nehmen uns die Zeit, diese beeindruckende kleine Kirche zu besichtigen. Barock pur!<\/span><\/li>\n<li class=\"p4\">Zur\u00fcck zum Hotel \/ Abendessen im Hotel<\/li>\n<\/ul>\n<p class=\"p4\"><strong>Variante 3: &#8220;Laptop und Lederhosen&#8221;<\/strong><\/p>\n<ul>\n<li class=\"p4\"><span class=\"s1\">Brauereibesichtigung &#8211; Der Vormittag geh\u00f6rt allein dem Bier! Mit der Besichtigung einer typischen M\u00fcnchner Brauerei geht&#8217;s los. Der Braumeister erkl\u00e4rt alles Wissenswerte \u00fcber das bayerische Bier und was es so besonders macht. Vertiefen Sie ihr Gelerntes dann bei der anschlie\u00dfenden Bierprobe.<\/span><\/li>\n<li class=\"p4\"><span class=\"s1\">Mittagessen<\/span><\/li>\n<li class=\"p4\"><span class=\"s1\"><span class=\"s1\">Besichtigung der BMW Welt mit Werkf\u00fchrung und Museum<\/span><\/span><br \/>\n<h3><span class=\"s1\"><img loading=\"lazy\" decoding=\"async\" class=\"size-full wp-image-1989 alignright\" src=\"https:\/\/www.wunder-der-stadt.com\/wp-content\/uploads\/BMW-KOMPLET-1.jpg\" alt=\"\" width=\"357\" height=\"154\" srcset=\"https:\/\/www.wunder-der-stadt.com\/wp-content\/uploads\/BMW-KOMPLET-1.jpg 357w, https:\/\/www.wunder-der-stadt.com\/wp-content\/uploads\/BMW-KOMPLET-1-300x129.jpg 300w\" sizes=\"(max-width: 357px) 100vw, 357px\" \/><\/span><\/h3>\n<p><span class=\"s1\">Die BMW Welt ist das futuristische Aush\u00e4ngeschild des Weltkonzerns. Hier werden u.a. die Neuwagen an die stolzen Besitzer ausgeh\u00e4ndigt. Bei der anschlie\u00dfenden BMW Werksbesichtigung erhalten Sie spannende Einblicke in den modernen Automobilbau: die F\u00fchrung im BMW Stammwerk zieht sich durch alle Produktionsbereiche &#8211; vom Presswerk bis zur End-Montage.<\/span><\/p><\/li>\n<li class=\"p4\"><span class=\"s1\">Im Museum k\u00f6nnen Sie schlie\u00dflich die Zeit nochmals Revue passieren lassen. Erfreuen Sie sich an den Kultmodellen der verschiedenen Automobil-Epochen in den komplett neugestalteten Ausstellungsr\u00e4umen.<\/span><\/li>\n<\/ul>\n<p class=\"p4\"><strong><span class=\"s1\">Anschlie\u00dfend Abfahrt<\/span><\/strong><\/p>\n<p>[vc_row][vc_column][vc_btn title=&#8221;ANFRAGE SENDEN&#8221; shape=&#8221;square&#8221; align=&#8221;left&#8221; link=&#8221;url:http%3A%2F%2Fwww.wunder-der-stadt.com%2Fkontakt%2F|||&#8221;]<br \/>\n<!--more--><\/p>\n<table class=\"table table-bordered tours-tabs__table\" style=\"height: 233px;\" width=\"862\">\n<tbody>\n<tr>\n<td><strong>ABFAHRTSORT<\/strong><\/td>\n<td><\/td>\n<\/tr>\n<tr>\n<td><b>DAUER<\/b><\/td>\n<td>3 Tage \/ 2 N\u00e4chte<\/td>\n<\/tr>\n<tr>\n<td><b>PREIS<\/b><\/td>\n<td>Angebot nach angefragte Leistungen<\/td>\n<\/tr>\n<tr>\n<td><strong>TEILNEHMERZAHL<\/strong><\/td>\n<td><\/td>\n<\/tr>\n<tr>\n<td><strong>INKLUSIVE<\/strong><\/td>\n<td>\n<table class=\"table table-bordered\" style=\"height: 62px;\" width=\"300\">\n<tbody>\n<tr>\n<td><i class=\"fa fa-check icon-tick icon-tick--on\"><\/i>Professionelle Stadtf\u00fchrung<\/td>\n<td><\/td>\n<\/tr>\n<\/tbody>\n<\/table>\n<\/td>\n<\/tr>\n<tr>\n<td><b>NICHT ENTHALTEN<\/b><\/td>\n<td>\n<table class=\"table table-bordered\" style=\"height: 62px;\" width=\"300\">\n<tbody>\n<tr>\n<td><i class=\"fa fa-times icon-tick icon-tick--off\"><\/i><\/td>\n<\/tr>\n<\/tbody>\n<\/table>\n<\/td>\n<\/tr>\n<\/tbody>\n<\/table>\n","protected":false},"excerpt":{"rendered":"<p>Erleben Sie eine 3-t\u00e4gige Tour in M\u00fcnchen, inklusive 2 \u00dcbernachtungen! 1. Tag &#8211; Ankunft am Mittag Mittagstisch in einem traditionellen Restaurant in der M\u00fcnchner Innenstadt mit bayerisch-gem\u00fctlicher Atmosph\u00e4re. Nachmittag &#8211; Die Entdeckung der Altstadt Der klassische Rundgang gibt einen idealen \u00dcberblick \u00fcber die wichtigsten Sehensw\u00fcrdigkeiten der Innenstadt. &#8211; Marienplatz, Viktualienmarkt, Hofbr\u00e4uhaus, Alter Hof, Dallmayr, Maximilianstrasse,<\/p>\n<div class=\"padding-top text-center\"><a href=\"https:\/\/www.wunder-der-stadt.com\/fr\/tours\/mehrtaegige-reise-nach-muenchen\/\" class=\"atbtn atbtn--medium atbtn--rounded atbtn--transparent\">Weiterlesen<i class=\"atbtn__icon atbtn__icon--right fa fa-long-arrow-right\"><\/i><\/a><\/div>\n","protected":false},"featured_media":1208,"template":"","meta":[],"product_cat":[103],"product_tag":[],"translation":{"provider":"WPGlobus","version":"3.0.2","language":"fr","enabled_languages":["de","en","fr","es"],"languages":{"de":{"title":true,"content":true,"excerpt":false},"en":{"title":false,"content":false,"excerpt":false},"fr":{"title":false,"content":false,"excerpt":false},"es":{"title":false,"content":false,"excerpt":false}}},"yoast_head":"<!-- This site is optimized with the Yoast SEO plugin v22.0 - https:\/\/yoast.com\/wordpress\/plugins\/seo\/ -->\n<title>3-t\u00e4gige Stadf\u00fchrung in M\u00fcnchen - Wunder der Stadt<\/title>\n<meta name=\"robots\" content=\"index, follow, max-snippet:-1, max-image-preview:large, max-video-preview:-1\" \/>\n<link rel=\"canonical\" href=\"https:\/\/www.wunder-der-stadt.com\/tours\/mehrtaegige-reise-nach-muenchen\/\" \/>\n<meta property=\"og:locale\" content=\"fr_FR\" \/>\n<meta property=\"og:type\" content=\"article\" \/>\n<meta property=\"og:title\" content=\"M\u00fcnchen - 3 Tage \/ 2 N\u00e4chte - Wunder der Stadt - Visites guid\u00e9es \u00e0 Munich et en Bavi\u00e8re\" \/>\n<meta property=\"og:url\" content=\"https:\/\/www.wunder-der-stadt.com\/tours\/mehrtaegige-reise-nach-muenchen\/\" \/>\n<meta property=\"og:site_name\" content=\"Wunder der Stadt - Visites guid\u00e9es \u00e0 Munich et en Bavi\u00e8re\" \/>\n<meta property=\"article:modified_time\" content=\"2020-01-16T10:25:00+00:00\" \/>\n<meta property=\"og:image\" content=\"https:\/\/www.wunder-der-stadt.com\/wp-content\/uploads\/Alpen.png\" \/>\n\t<meta property=\"og:image:width\" content=\"1400\" \/>\n\t<meta property=\"og:image:height\" content=\"600\" \/>\n\t<meta property=\"og:image:type\" content=\"image\/png\" \/>\n<meta name=\"twitter:card\" content=\"summary_large_image\" \/>\n<meta name=\"twitter:label1\" content=\"Est. reading time\" \/>\n\t<meta name=\"twitter:data1\" content=\"4 minutes\" \/>\n<script type=\"application\/ld+json\" class=\"yoast-schema-graph\">{\"@context\":\"https:\/\/schema.org\",\"@graph\":[{\"@type\":\"WebPage\",\"@id\":\"https:\/\/www.wunder-der-stadt.com\/tours\/mehrtaegige-reise-nach-muenchen\/\",\"url\":\"https:\/\/www.wunder-der-stadt.com\/tours\/mehrtaegige-reise-nach-muenchen\/\",\"name\":\"3-t\u00e4gige Stadf\u00fchrung in M\u00fcnchen - Wunder der Stadt\",\"isPartOf\":{\"@id\":\"https:\/\/www.wunder-der-stadt.com\/#website\"},\"datePublished\":\"2018-01-18T17:53:13+00:00\",\"dateModified\":\"2020-01-16T10:25:00+00:00\",\"description\":\"Erleben Sie eine 3-t\u00e4gige Tour in M\u00fcnchen, inklusive 2 \u00dcbernachtungen. Organisiert und durchgef\u00fchrt von Wunder der Stadt, Ihre Agentur f\u00fcr Stadtf\u00fchrungen in M\u00fcnchen.\",\"breadcrumb\":{\"@id\":\"https:\/\/www.wunder-der-stadt.com\/tours\/mehrtaegige-reise-nach-muenchen\/#breadcrumb\"},\"inLanguage\":\"fr-FR\",\"potentialAction\":[{\"@type\":\"ReadAction\",\"target\":[\"https:\/\/www.wunder-der-stadt.com\/tours\/mehrtaegige-reise-nach-muenchen\/\"]}]},{\"@type\":\"BreadcrumbList\",\"@id\":\"https:\/\/www.wunder-der-stadt.com\/tours\/mehrtaegige-reise-nach-muenchen\/#breadcrumb\",\"itemListElement\":[{\"@type\":\"ListItem\",\"position\":1,\"name\":\"Startseite\",\"item\":\"https:\/\/www.wunder-der-stadt.com\/\"},{\"@type\":\"ListItem\",\"position\":2,\"name\":\"Produkte\",\"item\":\"https:\/\/www.wunder-der-stadt.com\/shop\/\"},{\"@type\":\"ListItem\",\"position\":3,\"name\":\"M\u00fcnchen &#8211; 3 Tage \/ 2 N\u00e4chte\"}]},{\"@type\":\"WebSite\",\"@id\":\"https:\/\/www.wunder-der-stadt.com\/#website\",\"url\":\"https:\/\/www.wunder-der-stadt.com\/\",\"name\":\"{:de}Wunder der Stadt - Stadtf\u00fchrungen in M\u00fcnchen und Oberbayern{:}{:fr}Wunder der Stadt - Visites guid\u00e9es \u00e0 Munich et en Bavi\u00e8re{:}\",\"description\":\"Votre partenaire pour vos voyages d&#039;affaires, voyages priv\u00e9s \u00e0 Munich et en Bavi\u00e8re\",\"publisher\":{\"@id\":\"https:\/\/www.wunder-der-stadt.com\/#\/schema\/person\/7ac5370c8e8a38b0625e279f3af2d701\"},\"potentialAction\":[{\"@type\":\"SearchAction\",\"target\":{\"@type\":\"EntryPoint\",\"urlTemplate\":\"https:\/\/www.wunder-der-stadt.com\/?s={search_term_string}\"},\"query-input\":\"required name=search_term_string\"}],\"inLanguage\":\"fr-FR\"},{\"@type\":[\"Person\",\"Organization\"],\"@id\":\"https:\/\/www.wunder-der-stadt.com\/#\/schema\/person\/7ac5370c8e8a38b0625e279f3af2d701\",\"name\":\"Admin\",\"logo\":{\"@id\":\"https:\/\/www.wunder-der-stadt.com\/#\/schema\/person\/image\/\"}}]}<\/script>\n<!-- \/ Yoast SEO plugin. -->","yoast_head_json":{"title":"3-t\u00e4gige Stadf\u00fchrung in M\u00fcnchen - Wunder der Stadt","robots":{"index":"index","follow":"follow","max-snippet":"max-snippet:-1","max-image-preview":"max-image-preview:large","max-video-preview":"max-video-preview:-1"},"canonical":"https:\/\/www.wunder-der-stadt.com\/tours\/mehrtaegige-reise-nach-muenchen\/","og_locale":"fr_FR","og_type":"article","og_title":"M\u00fcnchen - 3 Tage \/ 2 N\u00e4chte - Wunder der Stadt - Visites guid\u00e9es \u00e0 Munich et en Bavi\u00e8re","og_url":"https:\/\/www.wunder-der-stadt.com\/tours\/mehrtaegige-reise-nach-muenchen\/","og_site_name":"Wunder der Stadt - Visites guid\u00e9es \u00e0 Munich et en Bavi\u00e8re","article_modified_time":"2020-01-16T10:25:00+00:00","og_image":[{"width":1400,"height":600,"url":"https:\/\/www.wunder-der-stadt.com\/wp-content\/uploads\/Alpen.png","type":"image\/png"}],"twitter_card":"summary_large_image","twitter_misc":{"Est. reading time":"4 minutes"},"schema":{"@context":"https:\/\/schema.org","@graph":[{"@type":"WebPage","@id":"https:\/\/www.wunder-der-stadt.com\/tours\/mehrtaegige-reise-nach-muenchen\/","url":"https:\/\/www.wunder-der-stadt.com\/tours\/mehrtaegige-reise-nach-muenchen\/","name":"3-t\u00e4gige Stadf\u00fchrung in M\u00fcnchen - Wunder der Stadt","isPartOf":{"@id":"https:\/\/www.wunder-der-stadt.com\/#website"},"datePublished":"2018-01-18T17:53:13+00:00","dateModified":"2020-01-16T10:25:00+00:00","description":"Erleben Sie eine 3-t\u00e4gige Tour in M\u00fcnchen, inklusive 2 \u00dcbernachtungen. Organisiert und durchgef\u00fchrt von Wunder der Stadt, Ihre Agentur f\u00fcr Stadtf\u00fchrungen in M\u00fcnchen.","breadcrumb":{"@id":"https:\/\/www.wunder-der-stadt.com\/tours\/mehrtaegige-reise-nach-muenchen\/#breadcrumb"},"inLanguage":"fr-FR","potentialAction":[{"@type":"ReadAction","target":["https:\/\/www.wunder-der-stadt.com\/tours\/mehrtaegige-reise-nach-muenchen\/"]}]},{"@type":"BreadcrumbList","@id":"https:\/\/www.wunder-der-stadt.com\/tours\/mehrtaegige-reise-nach-muenchen\/#breadcrumb","itemListElement":[{"@type":"ListItem","position":1,"name":"Startseite","item":"https:\/\/www.wunder-der-stadt.com\/"},{"@type":"ListItem","position":2,"name":"Produkte","item":"https:\/\/www.wunder-der-stadt.com\/shop\/"},{"@type":"ListItem","position":3,"name":"M\u00fcnchen &#8211; 3 Tage \/ 2 N\u00e4chte"}]},{"@type":"WebSite","@id":"https:\/\/www.wunder-der-stadt.com\/#website","url":"https:\/\/www.wunder-der-stadt.com\/","name":"{:de}Wunder der Stadt - Stadtf\u00fchrungen in M\u00fcnchen und Oberbayern{:}{:fr}Wunder der Stadt - Visites guid\u00e9es \u00e0 Munich et en Bavi\u00e8re{:}","description":"Votre partenaire pour vos voyages d&#039;affaires, voyages priv\u00e9s \u00e0 Munich et en Bavi\u00e8re","publisher":{"@id":"https:\/\/www.wunder-der-stadt.com\/#\/schema\/person\/7ac5370c8e8a38b0625e279f3af2d701"},"potentialAction":[{"@type":"SearchAction","target":{"@type":"EntryPoint","urlTemplate":"https:\/\/www.wunder-der-stadt.com\/?s={search_term_string}"},"query-input":"required name=search_term_string"}],"inLanguage":"fr-FR"},{"@type":["Person","Organization"],"@id":"https:\/\/www.wunder-der-stadt.com\/#\/schema\/person\/7ac5370c8e8a38b0625e279f3af2d701","name":"Admin","logo":{"@id":"https:\/\/www.wunder-der-stadt.com\/#\/schema\/person\/image\/"}}]}},"_links":{"self":[{"href":"https:\/\/www.wunder-der-stadt.com\/fr\/wp-json\/wp\/v2\/product\/1395"}],"collection":[{"href":"https:\/\/www.wunder-der-stadt.com\/fr\/wp-json\/wp\/v2\/product"}],"about":[{"href":"https:\/\/www.wunder-der-stadt.com\/fr\/wp-json\/wp\/v2\/types\/product"}],"wp:featuredmedia":[{"embeddable":true,"href":"https:\/\/www.wunder-der-stadt.com\/fr\/wp-json\/wp\/v2\/media\/1208"}],"wp:attachment":[{"href":"https:\/\/www.wunder-der-stadt.com\/fr\/wp-json\/wp\/v2\/media?parent=1395"}],"wp:term":[{"taxonomy":"product_cat","embeddable":true,"href":"https:\/\/www.wunder-der-stadt.com\/fr\/wp-json\/wp\/v2\/product_cat?post=1395"},{"taxonomy":"product_tag","embeddable":true,"href":"https:\/\/www.wunder-der-stadt.com\/fr\/wp-json\/wp\/v2\/product_tag?post=1395"}],"curies":[{"name":"wp","href":"https:\/\/api.w.org\/{rel}","templated":true}]}}