{"id":1398,"date":"2018-01-18T19:04:39","date_gmt":"2018-01-18T18:04:39","guid":{"rendered":"http:\/\/www.wunder-der-stadt.com\/?post_type=product&#038;p=1398"},"modified":"2025-01-20T14:50:44","modified_gmt":"2025-01-20T13:50:44","slug":"themenfuehrung-olympiastadt-muenchen-1972","status":"publish","type":"product","link":"https:\/\/www.wunder-der-stadt.com\/fr\/tours\/themenfuehrung-olympiastadt-muenchen-1972\/","title":{"rendered":"1972 Schneller, weiter, h\u00f6her &#8211; M\u00fcnchen Olympiastadt"},"content":{"rendered":"<p><span style=\"font-size: 14pt;\"><strong>1972 Schneller, weiter, h\u00f6her &#8211; M\u00fcnchen Olympiastadt<\/strong><\/span><\/p>\n<p><span style=\"font-size: 12pt;\">Im<\/span> Sommer<span style=\"font-size: 12pt;\"> 1972 schaut die Welt auf M\u00fcnchen.<\/span><\/p>\n<p><span style=\"font-family: georgia, palatino, serif;\">\u201eDie heiteren Spiele\u201c sollen die braune NS-Vergangenheit der Stadt sowie die Olympische Spiele von 1936 f\u00fcr immer im den Hintergrund r\u00fccken lassen. E<span class=\"Y2IQFc\" lang=\"de\">s ist mehr als ein Traum, es ist eine Pflicht! <\/span>Die \u201eWeltstadt mit Herz\u201c empf\u00e4ngt die Welt des Sports mit offenen Armen und tollk\u00fcnige Architektur. <span class=\"Y2IQFc\" lang=\"de\">Das ist die au\u00dfergew\u00f6hnliche Herausforderung der XX. Olympischen Spiele 1972.<\/span><\/span><\/p>\n<p><span class=\"Y2IQFc\" lang=\"de\" style=\"font-family: georgia, palatino, serif;\"><span style=\"font-size: 14pt;\"><strong>Ein noch nie dagewesenes architektonisches und \u00f6kologisches Konzept<\/strong><\/span><\/span><\/p>\n<p><span lang=\"de\" style=\"font-family: georgia, palatino, serif; font-size: 12pt;\">F\u00fcr diese Veranstaltung wird die Stadt umgestaltet und grundlegend modernisiert. Die Geschichte des Sportkomplexes, in dem die Spiele stattfinden, beginnt mit einem Seidenstrumpf. Das Team junger Architekten aus dem B\u00fcro Josef Benisch bietet ein noch nie dagewesenes Konzept. Eine transparentes Zeltdach-Konstrucktion getragen von Pylonen, die den gesamten Olympiapark bedeckt&#8230; Ein gewagtes und hochmodernes Konzept. In einer Zeit, in der \u00d6kologie noch niemanden ber\u00fchrt, bieten Fritz Auer, Josef Benisch und Frey Otto ein h\u00f6chst nachhaltiges Architekturkonzept. Der Olympiapark wird zu einem der dichtesten und modernsten seiner Zeit.<\/span><\/p>\n<p><strong><span class=\"Y2IQFc\" lang=\"de\" style=\"font-family: georgia, palatino, serif; font-size: 14pt;\">Diese F\u00fchrung erm\u00f6glicht uns, die au\u00dfergew\u00f6hnlichen Eins\u00e4tze der XX. Olympischen Spiele 1972 und die gro\u00dfen Sportereignisse noch einmal zu erleben.<\/span><\/strong><\/p>\n<p><span style=\"font-family: georgia, palatino, serif; font-size: 12pt;\">Zun\u00e4chst halten die Spiele das, was sie versprechen: gro\u00dfe Triumphe und bis heute ungeschlagene Rekorde.<\/span><\/p>\n<p><span class=\"Y2IQFc\" lang=\"de\" style=\"font-family: georgia, palatino, serif;\">W\u00e4hrend der F\u00fchrung betreten Sie das Olympiastadion und erleben noch einmal das Kunstst\u00fcck der j\u00fcngsten Medaillengewinnerin der Spiele, Ulrike Meyfarth, die mit ihren 16 Jahren den Weltrekord im Hochsprung einstellt und die Goldmedaille gewinnt. Sie sitzen auf der Trib\u00fcne im Olympia-Schwimmbad, wo der Held der Spiele, der Amerikaner Marc Spitz mit 7 Weltrekorden und 7 olympischen Goldmedaillen erfolgreichste Athlet dieser Spiele wird. Eine Leistung, die bis heute un\u00fcbertroffen ist. Sie schlie\u00dfen die Augen in der Olympiahalle und erleben, wie &#8220;Der Spatz von Minsk&#8221; die belarussische Turnerin Olga Korbut \u00fcber 12.000 Zuschauer bezaubert. Schneller, weiter, h\u00f6her&#8230; Der 3. September 1972 wird zu einem Meilenstein der Deutschen Leichtathletik-Geschichte: innerhalb von einer Stunde holt die deutsche Mannschaft drei Goldmedaillen! Die Stimme des Stadionsprechers Joachim \u201eBlacky\u201c Fuchsberger und die des Fernsehmoderators Harry Val\u00e9rien klingen noch heute in vielen Ohren.<\/span><\/p>\n<p><span style=\"font-size: 14pt;\"><strong>Im Sommer 1972 schaut die Welt auf <a href=\"https:\/\/www.wunder-der-stadt.com\/tours\/stadtrundfahrt-rundgang-durch-die-altstadt\/\">M\u00fcnchen<\/a>.<\/strong><\/span><\/p>\n<p>Im Sommer 1972 schaut die Welt auf M\u00fcnchen. W\u00e4hrend die Stadt die Sporthelden feiert und zum olympischen Himmel tr\u00e4gt, dringen pal\u00e4stinensische Terroristen ins Olympiadorf und nehmen die israelischen Olympioniken samt Betreuer als Geiseln. Der Traum der M\u00fcnchner wird zum Alptraum. Und einer der schw\u00e4rzesten Momente der deutschen Nachkriegsgeschichte nimmt seinen Lauf.<\/p>\n<p>Wir zeichnen die sportliche Ereignisse dieser Tage nach und besuchen die Schaupl\u00e4tze der Trag\u00f6die. Von den beeindruckenden Anlagen des Olympiaparks geht es hin\u00fcber zum Olympischen Dorf, wo die Athleten untergebracht waren.<\/p>\n<p>Die F\u00fchrung M\u00fcnchen Olympiastadt zeigt die historischen Schaupl\u00e4tze der sportlichen Ereignisse und des Attentats w\u00e4hrend der Olympischen Spiele in M\u00fcnchen 1972.<\/p>\n<p>Schneller, weiter, h\u00f6her &#8211; 1972 M\u00fcnchen Olympiastadt!<\/p>\n<p><!--more--><\/p>\n<table class=\"table table-bordered tours-tabs__table\" style=\"height: 233px;\" width=\"862\">\n<tbody>\n<tr>\n<td><strong>STARTPUNKT<\/strong><\/td>\n<td>Olympia Park<\/td>\n<\/tr>\n<tr>\n<td><b>DAUER<\/b><\/td>\n<td>max. 2,5 Stunden<\/td>\n<\/tr>\n<tr>\n<td><b>PREIS pro GRUPPE<\/b><\/td>\n<td>270,00\u20ac \u2013 inkl. 19% MwSt<\/td>\n<\/tr>\n<tr>\n<td><strong>TEILNEHMERZAHL<\/strong><\/td>\n<td>\n<p class=\"p1\"><span class=\"s1\">max. 15 Personen<\/span><\/p>\n<\/td>\n<\/tr>\n<\/tbody>\n<\/table>\n","protected":false},"excerpt":{"rendered":"<p>1972 Schneller, weiter, h\u00f6her &#8211; M\u00fcnchen Olympiastadt Im Sommer 1972 schaut die Welt auf M\u00fcnchen. \u201eDie heiteren Spiele\u201c sollen die braune NS-Vergangenheit der Stadt sowie die Olympische Spiele von 1936 f\u00fcr immer im den Hintergrund r\u00fccken lassen. Es ist mehr als ein Traum, es ist eine Pflicht! Die \u201eWeltstadt mit Herz\u201c empf\u00e4ngt die Welt des<\/p>\n<div class=\"padding-top text-center\"><a href=\"https:\/\/www.wunder-der-stadt.com\/fr\/tours\/themenfuehrung-olympiastadt-muenchen-1972\/\" class=\"atbtn atbtn--medium atbtn--rounded atbtn--transparent\">Weiterlesen<i class=\"atbtn__icon atbtn__icon--right fa fa-long-arrow-right\"><\/i><\/a><\/div>\n","protected":false},"featured_media":1411,"template":"","meta":[],"product_cat":[103],"product_tag":[166,167,165,82,83,164],"translation":{"provider":"WPGlobus","version":"3.0.2","language":"fr","enabled_languages":["de","en","fr","es"],"languages":{"de":{"title":true,"content":true,"excerpt":false},"en":{"title":false,"content":false,"excerpt":false},"fr":{"title":false,"content":false,"excerpt":false},"es":{"title":false,"content":false,"excerpt":false}}},"yoast_head":"<!-- This site is optimized with the Yoast SEO plugin v22.0 - https:\/\/yoast.com\/wordpress\/plugins\/seo\/ -->\n<title>1972 Schneller, weiter, h\u00f6her - M\u00fcnchen Olympiastadt<\/title>\n<meta name=\"robots\" content=\"index, follow, max-snippet:-1, max-image-preview:large, max-video-preview:-1\" \/>\n<link rel=\"canonical\" href=\"https:\/\/www.wunder-der-stadt.com\/tours\/themenfuehrung-olympiastadt-muenchen-1972\/\" \/>\n<meta property=\"og:locale\" content=\"fr_FR\" \/>\n<meta property=\"og:type\" content=\"article\" \/>\n<meta property=\"og:title\" content=\"1972 Schneller, weiter, h\u00f6her - M\u00fcnchen Olympiastadt - Wunder der Stadt - Visites guid\u00e9es \u00e0 Munich et en Bavi\u00e8re\" \/>\n<meta property=\"og:url\" content=\"https:\/\/www.wunder-der-stadt.com\/tours\/themenfuehrung-olympiastadt-muenchen-1972\/\" \/>\n<meta property=\"og:site_name\" content=\"Wunder der Stadt - Visites guid\u00e9es \u00e0 Munich et en Bavi\u00e8re\" \/>\n<meta property=\"article:modified_time\" content=\"2025-01-20T13:50:44+00:00\" \/>\n<meta property=\"og:image\" content=\"https:\/\/www.wunder-der-stadt.com\/wp-content\/uploads\/Olympiapark.jpg\" \/>\n\t<meta property=\"og:image:width\" content=\"1400\" \/>\n\t<meta property=\"og:image:height\" content=\"600\" \/>\n\t<meta property=\"og:image:type\" content=\"image\/jpeg\" \/>\n<meta name=\"twitter:card\" content=\"summary_large_image\" \/>\n<meta name=\"twitter:label1\" content=\"Est. reading time\" \/>\n\t<meta name=\"twitter:data1\" content=\"3 minutes\" \/>\n<script type=\"application\/ld+json\" class=\"yoast-schema-graph\">{\"@context\":\"https:\/\/schema.org\",\"@graph\":[{\"@type\":\"WebPage\",\"@id\":\"https:\/\/www.wunder-der-stadt.com\/tours\/themenfuehrung-olympiastadt-muenchen-1972\/\",\"url\":\"https:\/\/www.wunder-der-stadt.com\/tours\/themenfuehrung-olympiastadt-muenchen-1972\/\",\"name\":\"1972 Schneller, weiter, h\u00f6her - M\u00fcnchen Olympiastadt\",\"isPartOf\":{\"@id\":\"https:\/\/www.wunder-der-stadt.com\/#website\"},\"datePublished\":\"2018-01-18T18:04:39+00:00\",\"dateModified\":\"2025-01-20T13:50:44+00:00\",\"description\":\"1972 Schneller, weiter, h\u00f6her - M\u00fcnchen Olympiastadt. Die F\u00fchrung l\u00e4sst die historischen Schaupl\u00e4tze des Olympischen Spiele in M\u00fcnchen 1972 wieder aufleben.\",\"breadcrumb\":{\"@id\":\"https:\/\/www.wunder-der-stadt.com\/tours\/themenfuehrung-olympiastadt-muenchen-1972\/#breadcrumb\"},\"inLanguage\":\"fr-FR\",\"potentialAction\":[{\"@type\":\"ReadAction\",\"target\":[\"https:\/\/www.wunder-der-stadt.com\/tours\/themenfuehrung-olympiastadt-muenchen-1972\/\"]}]},{\"@type\":\"BreadcrumbList\",\"@id\":\"https:\/\/www.wunder-der-stadt.com\/tours\/themenfuehrung-olympiastadt-muenchen-1972\/#breadcrumb\",\"itemListElement\":[{\"@type\":\"ListItem\",\"position\":1,\"name\":\"Startseite\",\"item\":\"https:\/\/www.wunder-der-stadt.com\/\"},{\"@type\":\"ListItem\",\"position\":2,\"name\":\"Produkte\",\"item\":\"https:\/\/www.wunder-der-stadt.com\/shop\/\"},{\"@type\":\"ListItem\",\"position\":3,\"name\":\"1972 Schneller, weiter, h\u00f6her &#8211; M\u00fcnchen Olympiastadt\"}]},{\"@type\":\"WebSite\",\"@id\":\"https:\/\/www.wunder-der-stadt.com\/#website\",\"url\":\"https:\/\/www.wunder-der-stadt.com\/\",\"name\":\"{:de}Wunder der Stadt - Stadtf\u00fchrungen in M\u00fcnchen und Oberbayern{:}{:fr}Wunder der Stadt - Visites guid\u00e9es \u00e0 Munich et en Bavi\u00e8re{:}\",\"description\":\"Votre partenaire pour vos voyages d&#039;affaires, voyages priv\u00e9s \u00e0 Munich et en Bavi\u00e8re\",\"publisher\":{\"@id\":\"https:\/\/www.wunder-der-stadt.com\/#\/schema\/person\/7ac5370c8e8a38b0625e279f3af2d701\"},\"potentialAction\":[{\"@type\":\"SearchAction\",\"target\":{\"@type\":\"EntryPoint\",\"urlTemplate\":\"https:\/\/www.wunder-der-stadt.com\/?s={search_term_string}\"},\"query-input\":\"required name=search_term_string\"}],\"inLanguage\":\"fr-FR\"},{\"@type\":[\"Person\",\"Organization\"],\"@id\":\"https:\/\/www.wunder-der-stadt.com\/#\/schema\/person\/7ac5370c8e8a38b0625e279f3af2d701\",\"name\":\"Admin\",\"logo\":{\"@id\":\"https:\/\/www.wunder-der-stadt.com\/#\/schema\/person\/image\/\"}}]}<\/script>\n<!-- \/ Yoast SEO plugin. -->","yoast_head_json":{"title":"1972 Schneller, weiter, h\u00f6her - M\u00fcnchen Olympiastadt","robots":{"index":"index","follow":"follow","max-snippet":"max-snippet:-1","max-image-preview":"max-image-preview:large","max-video-preview":"max-video-preview:-1"},"canonical":"https:\/\/www.wunder-der-stadt.com\/tours\/themenfuehrung-olympiastadt-muenchen-1972\/","og_locale":"fr_FR","og_type":"article","og_title":"1972 Schneller, weiter, h\u00f6her - M\u00fcnchen Olympiastadt - Wunder der Stadt - Visites guid\u00e9es \u00e0 Munich et en Bavi\u00e8re","og_url":"https:\/\/www.wunder-der-stadt.com\/tours\/themenfuehrung-olympiastadt-muenchen-1972\/","og_site_name":"Wunder der Stadt - Visites guid\u00e9es \u00e0 Munich et en Bavi\u00e8re","article_modified_time":"2025-01-20T13:50:44+00:00","og_image":[{"width":1400,"height":600,"url":"https:\/\/www.wunder-der-stadt.com\/wp-content\/uploads\/Olympiapark.jpg","type":"image\/jpeg"}],"twitter_card":"summary_large_image","twitter_misc":{"Est. reading time":"3 minutes"},"schema":{"@context":"https:\/\/schema.org","@graph":[{"@type":"WebPage","@id":"https:\/\/www.wunder-der-stadt.com\/tours\/themenfuehrung-olympiastadt-muenchen-1972\/","url":"https:\/\/www.wunder-der-stadt.com\/tours\/themenfuehrung-olympiastadt-muenchen-1972\/","name":"1972 Schneller, weiter, h\u00f6her - M\u00fcnchen Olympiastadt","isPartOf":{"@id":"https:\/\/www.wunder-der-stadt.com\/#website"},"datePublished":"2018-01-18T18:04:39+00:00","dateModified":"2025-01-20T13:50:44+00:00","description":"1972 Schneller, weiter, h\u00f6her - M\u00fcnchen Olympiastadt. Die F\u00fchrung l\u00e4sst die historischen Schaupl\u00e4tze des Olympischen Spiele in M\u00fcnchen 1972 wieder aufleben.","breadcrumb":{"@id":"https:\/\/www.wunder-der-stadt.com\/tours\/themenfuehrung-olympiastadt-muenchen-1972\/#breadcrumb"},"inLanguage":"fr-FR","potentialAction":[{"@type":"ReadAction","target":["https:\/\/www.wunder-der-stadt.com\/tours\/themenfuehrung-olympiastadt-muenchen-1972\/"]}]},{"@type":"BreadcrumbList","@id":"https:\/\/www.wunder-der-stadt.com\/tours\/themenfuehrung-olympiastadt-muenchen-1972\/#breadcrumb","itemListElement":[{"@type":"ListItem","position":1,"name":"Startseite","item":"https:\/\/www.wunder-der-stadt.com\/"},{"@type":"ListItem","position":2,"name":"Produkte","item":"https:\/\/www.wunder-der-stadt.com\/shop\/"},{"@type":"ListItem","position":3,"name":"1972 Schneller, weiter, h\u00f6her &#8211; M\u00fcnchen Olympiastadt"}]},{"@type":"WebSite","@id":"https:\/\/www.wunder-der-stadt.com\/#website","url":"https:\/\/www.wunder-der-stadt.com\/","name":"{:de}Wunder der Stadt - Stadtf\u00fchrungen in M\u00fcnchen und Oberbayern{:}{:fr}Wunder der Stadt - Visites guid\u00e9es \u00e0 Munich et en Bavi\u00e8re{:}","description":"Votre partenaire pour vos voyages d&#039;affaires, voyages priv\u00e9s \u00e0 Munich et en Bavi\u00e8re","publisher":{"@id":"https:\/\/www.wunder-der-stadt.com\/#\/schema\/person\/7ac5370c8e8a38b0625e279f3af2d701"},"potentialAction":[{"@type":"SearchAction","target":{"@type":"EntryPoint","urlTemplate":"https:\/\/www.wunder-der-stadt.com\/?s={search_term_string}"},"query-input":"required name=search_term_string"}],"inLanguage":"fr-FR"},{"@type":["Person","Organization"],"@id":"https:\/\/www.wunder-der-stadt.com\/#\/schema\/person\/7ac5370c8e8a38b0625e279f3af2d701","name":"Admin","logo":{"@id":"https:\/\/www.wunder-der-stadt.com\/#\/schema\/person\/image\/"}}]}},"_links":{"self":[{"href":"https:\/\/www.wunder-der-stadt.com\/fr\/wp-json\/wp\/v2\/product\/1398"}],"collection":[{"href":"https:\/\/www.wunder-der-stadt.com\/fr\/wp-json\/wp\/v2\/product"}],"about":[{"href":"https:\/\/www.wunder-der-stadt.com\/fr\/wp-json\/wp\/v2\/types\/product"}],"wp:featuredmedia":[{"embeddable":true,"href":"https:\/\/www.wunder-der-stadt.com\/fr\/wp-json\/wp\/v2\/media\/1411"}],"wp:attachment":[{"href":"https:\/\/www.wunder-der-stadt.com\/fr\/wp-json\/wp\/v2\/media?parent=1398"}],"wp:term":[{"taxonomy":"product_cat","embeddable":true,"href":"https:\/\/www.wunder-der-stadt.com\/fr\/wp-json\/wp\/v2\/product_cat?post=1398"},{"taxonomy":"product_tag","embeddable":true,"href":"https:\/\/www.wunder-der-stadt.com\/fr\/wp-json\/wp\/v2\/product_tag?post=1398"}],"curies":[{"name":"wp","href":"https:\/\/api.w.org\/{rel}","templated":true}]}}