{"id":1509,"date":"2018-01-26T15:03:31","date_gmt":"2018-01-26T14:03:31","guid":{"rendered":"http:\/\/www.wunder-der-stadt.com\/?post_type=product&#038;p=1509"},"modified":"2020-03-02T13:12:55","modified_gmt":"2020-03-02T12:12:55","slug":"muenchen-visionaere-welten-zu-hause","status":"publish","type":"product","link":"https:\/\/www.wunder-der-stadt.com\/fr\/tours\/muenchen-visionaere-welten-zu-hause\/","title":{"rendered":"M\u00fcnchen &#8211; Vision\u00e4re Welten zu Hause"},"content":{"rendered":"<p>Namhafte, internationale Architekten haben der Isarstadt einen modernen Stempel aufgedr\u00fcckt &#8211; mit\u00a0zeitgen\u00f6ssischen Geb\u00e4uden.<\/p>\n<p><span style=\"line-height: inherit;\">Die Moderne ist in M\u00fcnchen angekommen. Die Verbundenheit mit ihrer Vergangenheit und ihrer Tradition hat die bayerische Hauptstadt nicht daran gehindert, mit der Zeit zu gehen. Mit spektakul\u00e4ren Geb\u00e4uden namhafter nationaler und internationaler Architekturb\u00fcros wie Coophimmelb(l)au (Schweiz), Herzog &amp; De Meuron (Schweiz), Murphy\/Jahn (USA), Gewers K\u00fchn und K\u00fchn (Berlin), Richard Meier &amp; Partner (New York), Sauerbruch &amp; Hutton (Berlin) hat sich M\u00fcnchen den Geist der Avantgarde einverleibt.<\/span><\/p>\n<p>Wir besuchen die Highlights der modernen Architektur u.a. die BMW-Welt, das Geb\u00e4ude der Max-Planck Gesellschaft, das Museum Brandhorst, die Pinakothek der Moderne, die Highlight Munich Business Towers und wir machen einen Stop bei der Herz-Jesu-Kirche.<\/p>\n<p class=\"p1\"><span class=\"s1\">Auch f\u00fcr <a href=\"https:\/\/www.wunder-der-stadt.com\/schulklassen\/\">Schulklassen<\/a> geeignet!<\/span><\/p>\n<p><!--more--><\/p>\n<table class=\"table table-bordered tours-tabs__table\" style=\"height: 233px;\" width=\"862\">\n<tbody>\n<tr>\n<td><strong>STARTPUNKT<\/strong><\/td>\n<td>\n<p class=\"p1\">Variabel<\/p>\n<\/td>\n<\/tr>\n<tr>\n<td><b>DAUER<\/b><\/td>\n<td>max. 3 Stunden<\/td>\n<\/tr>\n<tr>\n<td><b>PREIS<\/b><\/td>\n<td>\n<p class=\"p1\"><span class=\"s1\">240,00\u20ac inkl. 19% MwSt. ohne Bus (Bus auf Anfrage)<\/span><\/p>\n<\/td>\n<\/tr>\n<tr>\n<td><strong>TEILNEHMERZAHL<\/strong><\/td>\n<td>\n<p class=\"p1\"><span class=\"s1\">max. 30 Personen<\/span><\/p>\n<\/td>\n<\/tr>\n<\/tbody>\n<\/table>\n<p>&nbsp;<\/p>\n","protected":false},"excerpt":{"rendered":"<p>Namhafte, internationale Architekten haben der Isarstadt einen modernen Stempel aufgedr\u00fcckt &#8211; mit\u00a0zeitgen\u00f6ssischen Geb\u00e4uden. Die Moderne ist in M\u00fcnchen angekommen. Die Verbundenheit mit ihrer Vergangenheit und ihrer Tradition hat die bayerische Hauptstadt nicht daran gehindert, mit der Zeit zu gehen. Mit spektakul\u00e4ren Geb\u00e4uden namhafter nationaler und internationaler Architekturb\u00fcros wie Coophimmelb(l)au (Schweiz), Herzog &amp; De Meuron (Schweiz),<\/p>\n<div class=\"padding-top text-center\"><a href=\"https:\/\/www.wunder-der-stadt.com\/fr\/tours\/muenchen-visionaere-welten-zu-hause\/\" class=\"atbtn atbtn--medium atbtn--rounded atbtn--transparent\">Weiterlesen<i class=\"atbtn__icon atbtn__icon--right fa fa-long-arrow-right\"><\/i><\/a><\/div>\n","protected":false},"featured_media":1505,"template":"","meta":[],"product_cat":[103],"product_tag":[101,102,81],"translation":{"provider":"WPGlobus","version":"3.0.2","language":"fr","enabled_languages":["de","en","fr","es"],"languages":{"de":{"title":true,"content":true,"excerpt":false},"en":{"title":false,"content":false,"excerpt":false},"fr":{"title":false,"content":false,"excerpt":false},"es":{"title":false,"content":false,"excerpt":false}}},"yoast_head":"<!-- This site is optimized with the Yoast SEO plugin v22.0 - https:\/\/yoast.com\/wordpress\/plugins\/seo\/ -->\n<title>Entdecken Sie moderne Architektur in M\u00fcnchen - Wunder der Stadt<\/title>\n<meta name=\"robots\" content=\"index, follow, max-snippet:-1, max-image-preview:large, max-video-preview:-1\" \/>\n<link rel=\"canonical\" href=\"https:\/\/www.wunder-der-stadt.com\/tours\/muenchen-visionaere-welten-zu-hause\/\" \/>\n<meta property=\"og:locale\" content=\"fr_FR\" \/>\n<meta property=\"og:type\" content=\"article\" \/>\n<meta property=\"og:title\" content=\"M\u00fcnchen - Vision\u00e4re Welten zu Hause - Wunder der Stadt - Visites guid\u00e9es \u00e0 Munich et en Bavi\u00e8re\" \/>\n<meta property=\"og:url\" content=\"https:\/\/www.wunder-der-stadt.com\/tours\/muenchen-visionaere-welten-zu-hause\/\" \/>\n<meta property=\"og:site_name\" content=\"Wunder der Stadt - Visites guid\u00e9es \u00e0 Munich et en Bavi\u00e8re\" \/>\n<meta property=\"article:modified_time\" content=\"2020-03-02T12:12:55+00:00\" \/>\n<meta property=\"og:image\" content=\"https:\/\/www.wunder-der-stadt.com\/wp-content\/uploads\/Winter3.jpg\" \/>\n\t<meta property=\"og:image:width\" content=\"1400\" \/>\n\t<meta property=\"og:image:height\" content=\"600\" \/>\n\t<meta property=\"og:image:type\" content=\"image\/jpeg\" \/>\n<meta name=\"twitter:card\" content=\"summary_large_image\" \/>\n<meta name=\"twitter:label1\" content=\"Est. reading time\" \/>\n\t<meta name=\"twitter:data1\" content=\"1 minute\" \/>\n<script type=\"application\/ld+json\" class=\"yoast-schema-graph\">{\"@context\":\"https:\/\/schema.org\",\"@graph\":[{\"@type\":\"WebPage\",\"@id\":\"https:\/\/www.wunder-der-stadt.com\/tours\/muenchen-visionaere-welten-zu-hause\/\",\"url\":\"https:\/\/www.wunder-der-stadt.com\/tours\/muenchen-visionaere-welten-zu-hause\/\",\"name\":\"Entdecken Sie moderne Architektur in M\u00fcnchen - Wunder der Stadt\",\"isPartOf\":{\"@id\":\"https:\/\/www.wunder-der-stadt.com\/#website\"},\"datePublished\":\"2018-01-26T14:03:31+00:00\",\"dateModified\":\"2020-03-02T12:12:55+00:00\",\"description\":\"Spektakul\u00e4re Geb\u00e4ude und vision\u00e4re Bauten - M\u00fcnchen ist Schauplatz f\u00fcr moderne Architektur. Entdecken Sie diese Schaupl\u00e4tze w\u00e4hrend einer Stadtf\u00fchrung in M\u00fcnchen.\",\"breadcrumb\":{\"@id\":\"https:\/\/www.wunder-der-stadt.com\/tours\/muenchen-visionaere-welten-zu-hause\/#breadcrumb\"},\"inLanguage\":\"fr-FR\",\"potentialAction\":[{\"@type\":\"ReadAction\",\"target\":[\"https:\/\/www.wunder-der-stadt.com\/tours\/muenchen-visionaere-welten-zu-hause\/\"]}]},{\"@type\":\"BreadcrumbList\",\"@id\":\"https:\/\/www.wunder-der-stadt.com\/tours\/muenchen-visionaere-welten-zu-hause\/#breadcrumb\",\"itemListElement\":[{\"@type\":\"ListItem\",\"position\":1,\"name\":\"Startseite\",\"item\":\"https:\/\/www.wunder-der-stadt.com\/\"},{\"@type\":\"ListItem\",\"position\":2,\"name\":\"Produkte\",\"item\":\"https:\/\/www.wunder-der-stadt.com\/shop\/\"},{\"@type\":\"ListItem\",\"position\":3,\"name\":\"M\u00fcnchen &#8211; Vision\u00e4re Welten zu Hause\"}]},{\"@type\":\"WebSite\",\"@id\":\"https:\/\/www.wunder-der-stadt.com\/#website\",\"url\":\"https:\/\/www.wunder-der-stadt.com\/\",\"name\":\"{:de}Wunder der Stadt - Stadtf\u00fchrungen in M\u00fcnchen und Oberbayern{:}{:fr}Wunder der Stadt - Visites guid\u00e9es \u00e0 Munich et en Bavi\u00e8re{:}\",\"description\":\"Votre partenaire pour vos voyages d&#039;affaires, voyages priv\u00e9s \u00e0 Munich et en Bavi\u00e8re\",\"publisher\":{\"@id\":\"https:\/\/www.wunder-der-stadt.com\/#\/schema\/person\/7ac5370c8e8a38b0625e279f3af2d701\"},\"potentialAction\":[{\"@type\":\"SearchAction\",\"target\":{\"@type\":\"EntryPoint\",\"urlTemplate\":\"https:\/\/www.wunder-der-stadt.com\/?s={search_term_string}\"},\"query-input\":\"required name=search_term_string\"}],\"inLanguage\":\"fr-FR\"},{\"@type\":[\"Person\",\"Organization\"],\"@id\":\"https:\/\/www.wunder-der-stadt.com\/#\/schema\/person\/7ac5370c8e8a38b0625e279f3af2d701\",\"name\":\"Admin\",\"logo\":{\"@id\":\"https:\/\/www.wunder-der-stadt.com\/#\/schema\/person\/image\/\"}}]}<\/script>\n<!-- \/ Yoast SEO plugin. -->","yoast_head_json":{"title":"Entdecken Sie moderne Architektur in M\u00fcnchen - Wunder der Stadt","robots":{"index":"index","follow":"follow","max-snippet":"max-snippet:-1","max-image-preview":"max-image-preview:large","max-video-preview":"max-video-preview:-1"},"canonical":"https:\/\/www.wunder-der-stadt.com\/tours\/muenchen-visionaere-welten-zu-hause\/","og_locale":"fr_FR","og_type":"article","og_title":"M\u00fcnchen - Vision\u00e4re Welten zu Hause - Wunder der Stadt - Visites guid\u00e9es \u00e0 Munich et en Bavi\u00e8re","og_url":"https:\/\/www.wunder-der-stadt.com\/tours\/muenchen-visionaere-welten-zu-hause\/","og_site_name":"Wunder der Stadt - Visites guid\u00e9es \u00e0 Munich et en Bavi\u00e8re","article_modified_time":"2020-03-02T12:12:55+00:00","og_image":[{"width":1400,"height":600,"url":"https:\/\/www.wunder-der-stadt.com\/wp-content\/uploads\/Winter3.jpg","type":"image\/jpeg"}],"twitter_card":"summary_large_image","twitter_misc":{"Est. reading time":"1 minute"},"schema":{"@context":"https:\/\/schema.org","@graph":[{"@type":"WebPage","@id":"https:\/\/www.wunder-der-stadt.com\/tours\/muenchen-visionaere-welten-zu-hause\/","url":"https:\/\/www.wunder-der-stadt.com\/tours\/muenchen-visionaere-welten-zu-hause\/","name":"Entdecken Sie moderne Architektur in M\u00fcnchen - Wunder der Stadt","isPartOf":{"@id":"https:\/\/www.wunder-der-stadt.com\/#website"},"datePublished":"2018-01-26T14:03:31+00:00","dateModified":"2020-03-02T12:12:55+00:00","description":"Spektakul\u00e4re Geb\u00e4ude und vision\u00e4re Bauten - M\u00fcnchen ist Schauplatz f\u00fcr moderne Architektur. Entdecken Sie diese Schaupl\u00e4tze w\u00e4hrend einer Stadtf\u00fchrung in M\u00fcnchen.","breadcrumb":{"@id":"https:\/\/www.wunder-der-stadt.com\/tours\/muenchen-visionaere-welten-zu-hause\/#breadcrumb"},"inLanguage":"fr-FR","potentialAction":[{"@type":"ReadAction","target":["https:\/\/www.wunder-der-stadt.com\/tours\/muenchen-visionaere-welten-zu-hause\/"]}]},{"@type":"BreadcrumbList","@id":"https:\/\/www.wunder-der-stadt.com\/tours\/muenchen-visionaere-welten-zu-hause\/#breadcrumb","itemListElement":[{"@type":"ListItem","position":1,"name":"Startseite","item":"https:\/\/www.wunder-der-stadt.com\/"},{"@type":"ListItem","position":2,"name":"Produkte","item":"https:\/\/www.wunder-der-stadt.com\/shop\/"},{"@type":"ListItem","position":3,"name":"M\u00fcnchen &#8211; Vision\u00e4re Welten zu Hause"}]},{"@type":"WebSite","@id":"https:\/\/www.wunder-der-stadt.com\/#website","url":"https:\/\/www.wunder-der-stadt.com\/","name":"{:de}Wunder der Stadt - Stadtf\u00fchrungen in M\u00fcnchen und Oberbayern{:}{:fr}Wunder der Stadt - Visites guid\u00e9es \u00e0 Munich et en Bavi\u00e8re{:}","description":"Votre partenaire pour vos voyages d&#039;affaires, voyages priv\u00e9s \u00e0 Munich et en Bavi\u00e8re","publisher":{"@id":"https:\/\/www.wunder-der-stadt.com\/#\/schema\/person\/7ac5370c8e8a38b0625e279f3af2d701"},"potentialAction":[{"@type":"SearchAction","target":{"@type":"EntryPoint","urlTemplate":"https:\/\/www.wunder-der-stadt.com\/?s={search_term_string}"},"query-input":"required name=search_term_string"}],"inLanguage":"fr-FR"},{"@type":["Person","Organization"],"@id":"https:\/\/www.wunder-der-stadt.com\/#\/schema\/person\/7ac5370c8e8a38b0625e279f3af2d701","name":"Admin","logo":{"@id":"https:\/\/www.wunder-der-stadt.com\/#\/schema\/person\/image\/"}}]}},"_links":{"self":[{"href":"https:\/\/www.wunder-der-stadt.com\/fr\/wp-json\/wp\/v2\/product\/1509"}],"collection":[{"href":"https:\/\/www.wunder-der-stadt.com\/fr\/wp-json\/wp\/v2\/product"}],"about":[{"href":"https:\/\/www.wunder-der-stadt.com\/fr\/wp-json\/wp\/v2\/types\/product"}],"wp:featuredmedia":[{"embeddable":true,"href":"https:\/\/www.wunder-der-stadt.com\/fr\/wp-json\/wp\/v2\/media\/1505"}],"wp:attachment":[{"href":"https:\/\/www.wunder-der-stadt.com\/fr\/wp-json\/wp\/v2\/media?parent=1509"}],"wp:term":[{"taxonomy":"product_cat","embeddable":true,"href":"https:\/\/www.wunder-der-stadt.com\/fr\/wp-json\/wp\/v2\/product_cat?post=1509"},{"taxonomy":"product_tag","embeddable":true,"href":"https:\/\/www.wunder-der-stadt.com\/fr\/wp-json\/wp\/v2\/product_tag?post=1509"}],"curies":[{"name":"wp","href":"https:\/\/api.w.org\/{rel}","templated":true}]}}