{"id":1771,"date":"2018-03-21T19:49:07","date_gmt":"2018-03-21T18:49:07","guid":{"rendered":"http:\/\/www.wunder-der-stadt.com\/?post_type=product&#038;p=1771"},"modified":"2024-01-12T18:05:26","modified_gmt":"2024-01-12T17:05:26","slug":"munich-les-jeux-olympiques-de-1972","status":"publish","type":"product","link":"https:\/\/www.wunder-der-stadt.com\/fr\/tours\/munich-les-jeux-olympiques-de-1972\/","title":{"rendered":"Munich &#8211; les Jeux Olympiques de 1972"},"content":{"rendered":"<p><span style=\"font-size: 14pt;\"><strong><a href=\"https:\/\/www.wunder-der-stadt.com\/fr\/tours\/munich-860-ans-dhistoire-en-2-heures-de-visite\/\">Munich<\/a> &#8211; les Jeux Olympiques de 1972.\u00a0<\/strong><\/span><\/p>\n<p>Cette visite guid\u00e9e qui nous permet de revivre l&#8217;enjeux extra-ordinaire des XX\u00e8me jeux olympiques de 1972.<\/p>\n<p>La comp\u00e9tition commence d\u00e8s 1966 entre les villes de Montr\u00e9al, Madrid, D\u00e9troit et Munich. C&#8217;est Munich qui en sort vainqueur ! La capitale bavaroise sera ville olympique en 1972.<\/p>\n<p>36 ans apr\u00e8s les jeux de Berlin, les Jeux Olympiques de Munich sont le premier grand \u00e9v\u00e8nement sportif de la RDA.\u00a0 Munich souhaitent effacer de la m\u00e9moire collective le souvenir de la propagande nazie des jeux de 1936. C&#8217;est plus qu&#8217;un r\u00e8ve, c&#8217;est un devoir ! C&#8217;est l&#8217;enjeux extra-ordinaire des XX\u00e8me jeux olympiques de 1972.<\/p>\n<p><span style=\"font-size: 14pt;\"><strong>Un concept architectural et \u00e9cologique encore jamais vu<\/strong><\/span><\/p>\n<p>Pour cet \u00e9v\u00e8nement, la ville est transform\u00e9e et fondamentalement modernis\u00e9e.<br \/>\nL&#8217;histoire du complexe sportif qui abrite les jeux commence avec un bas de soie de dame. La troupe de jeunes architectes du bureau de Josef Benisch propose un concept encore jamais vu. Une toiture transparente pos\u00e9e sur une toile de m\u00e9tal qui couvre tout le parc olympique, soutenue par quelques pylones &#8230; Un concept os\u00e9 et ultra-moderne.\u00a0 \u00c0 une \u00e9poque ou le sens de l&#8217;\u00e9cologie n&#8217;effleure encore personne, Fritz Auer, Josef Benisch et Frey Otto propose un concept architectural des plus durables. <a href=\"https:\/\/www.olympiapark.de\/de\">Le parc olympique<\/a> devient l&#8217;un des plus denses et des plus modernes de l&#8217;\u00e9poque.<\/p>\n<p><span style=\"font-size: 14pt;\"><strong>Une visite qui nous fait revivre l&#8217;enjeux extra-ordinaire des XX\u00e8me jeux olympiques de 1972 mais aussi les grands \u00e9v\u00e8nements sportifs.<\/strong><\/span><\/p>\n<p>Entrez dans le stade olympique o\u00f9 Guy Drut gagne sa premi\u00e8re m\u00e9daille olympique et o\u00f9 les athl\u00e8tes africains font leur grande entr\u00e9e sur la sc\u00e8ne internationale de l&#8217;atl\u00e9tisme. Revivez l&#8217;exploit de la plus jeune m\u00e9daill\u00e9e des jeux la championne Ulrike Meyfarth qui du haut de ses 16 ans \u00e9gale le record du monde de saut en hauteur et remporte la medaille d&#8217;or. Asseyez vous sur les gradins dans la piscine olympique o\u00f9 le h\u00e9ros des jeux, l&#8217;am\u00e9ricain Marc Spitz deviendra l&#8217;atl\u00e8te le plus titr\u00e9 de ces jeux : il remporte sept m\u00e9dailles d&#8217;or et bat 7 records du monde en natation. Un exploit qui reste jusqu&#8217;\u00e0 aujourd&#8217;hui in\u00e9gal\u00e9. Fermez les yeux et revoyez la performance de la\u00a0 gymnaste bielorusse Olga Korbut surnom\u00e9e &#8220;Le moineau de Minsk&#8221; qui a donn\u00e9 au cours des ces jeux une autre dimension populaire et m\u00e9diatique \u00e0 ce sport.<\/p>\n<p><span style=\"font-size: 14pt;\"><strong>La d\u00e9couverte du complexe Olympique de 1972 nous rappelle<\/strong> <strong>aussi le terrible acte terroriste du 4 septembre et sa fin tragique.<\/strong><\/span><\/p>\n<p>Vous vous rendez dans le village olympique, sur les lieux o\u00f9 le drame a commenc\u00e9. Le 4 septembre 1972, un groupe de terroristes palestiniens prend en otage l&#8217;\u00e9quipe olympique d&#8217;Israel. Le r\u00e8ve des Munichois se transforme en cauchemar, la fin dramatique de cet acte terroriste se gravera dans la m\u00e9moire des jeux de Munich.<\/p>\n<p><strong>Munich et les<a href=\"https:\/\/muenchen1972-2022.de\/\"> Jeux Olympiques de 1972<\/a>.<\/strong><\/p>\n<pre id=\"tw-target-text\" class=\"tw-data-text tw-text-large tw-ta\" dir=\"ltr\" data-placeholder=\"\u00dcbersetzung\"><\/pre>\n<p><!--more--><\/p>\n<table class=\"table table-bordered tours-tabs__table\" style=\"height: 233px;\" width=\"862\">\n<tbody>\n<tr>\n<td><strong>D\u00e9part<\/strong><\/td>\n<td>variable<\/td>\n<\/tr>\n<tr>\n<td><b>Dur\u00e9e<\/b><\/td>\n<td>max. 2,5 heures<\/td>\n<\/tr>\n<tr>\n<td><b>Tarif par groupe<\/b><\/td>\n<td>270,00\u20ac \u2013 19% TVA inclue<\/td>\n<\/tr>\n<tr>\n<td><strong>Nombre de participants<\/strong><\/td>\n<td>\n<p class=\"p1\"><span class=\"s1\">max. 15 personnes<\/span><\/p>\n<\/td>\n<\/tr>\n<\/tbody>\n<\/table>\n<p>&nbsp;<\/p>\n","protected":false},"excerpt":{"rendered":"<p>Munich &#8211; les Jeux Olympiques de 1972.\u00a0 Cette visite guid\u00e9e qui nous permet de revivre l&#8217;enjeux extra-ordinaire des XX\u00e8me jeux olympiques de 1972. La comp\u00e9tition commence d\u00e8s 1966 entre les villes de Montr\u00e9al, Madrid, D\u00e9troit et Munich. C&#8217;est Munich qui en sort vainqueur ! La capitale bavaroise sera ville olympique en 1972. 36 ans apr\u00e8s<\/p>\n<div class=\"padding-top text-center\"><a href=\"https:\/\/www.wunder-der-stadt.com\/fr\/tours\/munich-les-jeux-olympiques-de-1972\/\" class=\"atbtn atbtn--medium atbtn--rounded atbtn--transparent\">Weiterlesen<i class=\"atbtn__icon atbtn__icon--right fa fa-long-arrow-right\"><\/i><\/a><\/div>\n","protected":false},"featured_media":1411,"template":"","meta":[],"product_cat":[103],"product_tag":[217,218,216,115,82,133,159],"translation":{"provider":"WPGlobus","version":"3.0.2","language":"fr","enabled_languages":["de","en","fr","es"],"languages":{"de":{"title":true,"content":true,"excerpt":false},"en":{"title":false,"content":false,"excerpt":false},"fr":{"title":false,"content":false,"excerpt":false},"es":{"title":false,"content":false,"excerpt":false}}},"yoast_head":"<!-- This site is optimized with the Yoast SEO plugin v22.0 - https:\/\/yoast.com\/wordpress\/plugins\/seo\/ -->\n<title>Munich - les Jeux Olympiques de 1972 - Wunder der Stadt - Visites guid\u00e9es \u00e0 Munich et en Bavi\u00e8re<\/title>\n<meta name=\"robots\" content=\"index, follow, max-snippet:-1, max-image-preview:large, max-video-preview:-1\" \/>\n<link rel=\"canonical\" href=\"https:\/\/www.wunder-der-stadt.com\/tours\/munich-les-jeux-olympiques-de-1972\/\" \/>\n<meta property=\"og:locale\" content=\"fr_FR\" \/>\n<meta property=\"og:type\" content=\"article\" \/>\n<meta property=\"og:title\" content=\"Olympia Stadion - M\u00fcnchen 1972\" \/>\n<meta property=\"og:description\" content=\"M\u00fcnchen 1972 - Olympia Stadion\" \/>\n<meta property=\"og:url\" content=\"https:\/\/www.wunder-der-stadt.com\/tours\/munich-les-jeux-olympiques-de-1972\/\" \/>\n<meta property=\"og:site_name\" content=\"Wunder der Stadt - Visites guid\u00e9es \u00e0 Munich et en Bavi\u00e8re\" \/>\n<meta property=\"article:modified_time\" content=\"2024-01-12T17:05:26+00:00\" \/>\n<meta property=\"og:image\" content=\"https:\/\/www.wunder-der-stadt.com\/wp-content\/uploads\/20140317_144313-scaled.jpg\" \/>\n\t<meta property=\"og:image:width\" content=\"2560\" \/>\n\t<meta property=\"og:image:height\" content=\"1920\" \/>\n\t<meta property=\"og:image:type\" content=\"image\/jpeg\" \/>\n<meta name=\"twitter:card\" content=\"summary_large_image\" \/>\n<meta name=\"twitter:label1\" content=\"Est. reading time\" \/>\n\t<meta name=\"twitter:data1\" content=\"3 minutes\" \/>\n<script type=\"application\/ld+json\" class=\"yoast-schema-graph\">{\"@context\":\"https:\/\/schema.org\",\"@graph\":[{\"@type\":\"WebPage\",\"@id\":\"https:\/\/www.wunder-der-stadt.com\/tours\/munich-les-jeux-olympiques-de-1972\/\",\"url\":\"https:\/\/www.wunder-der-stadt.com\/tours\/munich-les-jeux-olympiques-de-1972\/\",\"name\":\"Munich - les Jeux Olympiques de 1972 - Wunder der Stadt - Visites guid\u00e9es \u00e0 Munich et en Bavi\u00e8re\",\"isPartOf\":{\"@id\":\"https:\/\/www.wunder-der-stadt.com\/#website\"},\"datePublished\":\"2018-03-21T18:49:07+00:00\",\"dateModified\":\"2024-01-12T17:05:26+00:00\",\"description\":\"Munich - les Jeux Olympiques de 1972 nous fait revivre l'enjeux extra-ordinaire des XX\u00e8me jeux olympiques de 1972\",\"breadcrumb\":{\"@id\":\"https:\/\/www.wunder-der-stadt.com\/tours\/munich-les-jeux-olympiques-de-1972\/#breadcrumb\"},\"inLanguage\":\"fr-FR\",\"potentialAction\":[{\"@type\":\"ReadAction\",\"target\":[\"https:\/\/www.wunder-der-stadt.com\/tours\/munich-les-jeux-olympiques-de-1972\/\"]}]},{\"@type\":\"BreadcrumbList\",\"@id\":\"https:\/\/www.wunder-der-stadt.com\/tours\/munich-les-jeux-olympiques-de-1972\/#breadcrumb\",\"itemListElement\":[{\"@type\":\"ListItem\",\"position\":1,\"name\":\"Startseite\",\"item\":\"https:\/\/www.wunder-der-stadt.com\/\"},{\"@type\":\"ListItem\",\"position\":2,\"name\":\"Produkte\",\"item\":\"https:\/\/www.wunder-der-stadt.com\/shop\/\"},{\"@type\":\"ListItem\",\"position\":3,\"name\":\"Munich &#8211; les Jeux Olympiques de 1972\"}]},{\"@type\":\"WebSite\",\"@id\":\"https:\/\/www.wunder-der-stadt.com\/#website\",\"url\":\"https:\/\/www.wunder-der-stadt.com\/\",\"name\":\"{:de}Wunder der Stadt - Stadtf\u00fchrungen in M\u00fcnchen und Oberbayern{:}{:fr}Wunder der Stadt - Visites guid\u00e9es \u00e0 Munich et en Bavi\u00e8re{:}\",\"description\":\"Votre partenaire pour vos voyages d&#039;affaires, voyages priv\u00e9s \u00e0 Munich et en Bavi\u00e8re\",\"publisher\":{\"@id\":\"https:\/\/www.wunder-der-stadt.com\/#\/schema\/person\/7ac5370c8e8a38b0625e279f3af2d701\"},\"potentialAction\":[{\"@type\":\"SearchAction\",\"target\":{\"@type\":\"EntryPoint\",\"urlTemplate\":\"https:\/\/www.wunder-der-stadt.com\/?s={search_term_string}\"},\"query-input\":\"required name=search_term_string\"}],\"inLanguage\":\"fr-FR\"},{\"@type\":[\"Person\",\"Organization\"],\"@id\":\"https:\/\/www.wunder-der-stadt.com\/#\/schema\/person\/7ac5370c8e8a38b0625e279f3af2d701\",\"name\":\"Admin\",\"logo\":{\"@id\":\"https:\/\/www.wunder-der-stadt.com\/#\/schema\/person\/image\/\"}}]}<\/script>\n<!-- \/ Yoast SEO plugin. -->","yoast_head_json":{"title":"Munich - les Jeux Olympiques de 1972 - Wunder der Stadt - Visites guid\u00e9es \u00e0 Munich et en Bavi\u00e8re","robots":{"index":"index","follow":"follow","max-snippet":"max-snippet:-1","max-image-preview":"max-image-preview:large","max-video-preview":"max-video-preview:-1"},"canonical":"https:\/\/www.wunder-der-stadt.com\/tours\/munich-les-jeux-olympiques-de-1972\/","og_locale":"fr_FR","og_type":"article","og_title":"Olympia Stadion - M\u00fcnchen 1972","og_description":"M\u00fcnchen 1972 - Olympia Stadion","og_url":"https:\/\/www.wunder-der-stadt.com\/tours\/munich-les-jeux-olympiques-de-1972\/","og_site_name":"Wunder der Stadt - Visites guid\u00e9es \u00e0 Munich et en Bavi\u00e8re","article_modified_time":"2024-01-12T17:05:26+00:00","og_image":[{"width":2560,"height":1920,"url":"https:\/\/www.wunder-der-stadt.com\/wp-content\/uploads\/20140317_144313-scaled.jpg","type":"image\/jpeg"}],"twitter_card":"summary_large_image","twitter_misc":{"Est. reading time":"3 minutes"},"schema":{"@context":"https:\/\/schema.org","@graph":[{"@type":"WebPage","@id":"https:\/\/www.wunder-der-stadt.com\/tours\/munich-les-jeux-olympiques-de-1972\/","url":"https:\/\/www.wunder-der-stadt.com\/tours\/munich-les-jeux-olympiques-de-1972\/","name":"Munich - les Jeux Olympiques de 1972 - Wunder der Stadt - Visites guid\u00e9es \u00e0 Munich et en Bavi\u00e8re","isPartOf":{"@id":"https:\/\/www.wunder-der-stadt.com\/#website"},"datePublished":"2018-03-21T18:49:07+00:00","dateModified":"2024-01-12T17:05:26+00:00","description":"Munich - les Jeux Olympiques de 1972 nous fait revivre l'enjeux extra-ordinaire des XX\u00e8me jeux olympiques de 1972","breadcrumb":{"@id":"https:\/\/www.wunder-der-stadt.com\/tours\/munich-les-jeux-olympiques-de-1972\/#breadcrumb"},"inLanguage":"fr-FR","potentialAction":[{"@type":"ReadAction","target":["https:\/\/www.wunder-der-stadt.com\/tours\/munich-les-jeux-olympiques-de-1972\/"]}]},{"@type":"BreadcrumbList","@id":"https:\/\/www.wunder-der-stadt.com\/tours\/munich-les-jeux-olympiques-de-1972\/#breadcrumb","itemListElement":[{"@type":"ListItem","position":1,"name":"Startseite","item":"https:\/\/www.wunder-der-stadt.com\/"},{"@type":"ListItem","position":2,"name":"Produkte","item":"https:\/\/www.wunder-der-stadt.com\/shop\/"},{"@type":"ListItem","position":3,"name":"Munich &#8211; les Jeux Olympiques de 1972"}]},{"@type":"WebSite","@id":"https:\/\/www.wunder-der-stadt.com\/#website","url":"https:\/\/www.wunder-der-stadt.com\/","name":"{:de}Wunder der Stadt - Stadtf\u00fchrungen in M\u00fcnchen und Oberbayern{:}{:fr}Wunder der Stadt - Visites guid\u00e9es \u00e0 Munich et en Bavi\u00e8re{:}","description":"Votre partenaire pour vos voyages d&#039;affaires, voyages priv\u00e9s \u00e0 Munich et en Bavi\u00e8re","publisher":{"@id":"https:\/\/www.wunder-der-stadt.com\/#\/schema\/person\/7ac5370c8e8a38b0625e279f3af2d701"},"potentialAction":[{"@type":"SearchAction","target":{"@type":"EntryPoint","urlTemplate":"https:\/\/www.wunder-der-stadt.com\/?s={search_term_string}"},"query-input":"required name=search_term_string"}],"inLanguage":"fr-FR"},{"@type":["Person","Organization"],"@id":"https:\/\/www.wunder-der-stadt.com\/#\/schema\/person\/7ac5370c8e8a38b0625e279f3af2d701","name":"Admin","logo":{"@id":"https:\/\/www.wunder-der-stadt.com\/#\/schema\/person\/image\/"}}]}},"_links":{"self":[{"href":"https:\/\/www.wunder-der-stadt.com\/fr\/wp-json\/wp\/v2\/product\/1771"}],"collection":[{"href":"https:\/\/www.wunder-der-stadt.com\/fr\/wp-json\/wp\/v2\/product"}],"about":[{"href":"https:\/\/www.wunder-der-stadt.com\/fr\/wp-json\/wp\/v2\/types\/product"}],"wp:featuredmedia":[{"embeddable":true,"href":"https:\/\/www.wunder-der-stadt.com\/fr\/wp-json\/wp\/v2\/media\/1411"}],"wp:attachment":[{"href":"https:\/\/www.wunder-der-stadt.com\/fr\/wp-json\/wp\/v2\/media?parent=1771"}],"wp:term":[{"taxonomy":"product_cat","embeddable":true,"href":"https:\/\/www.wunder-der-stadt.com\/fr\/wp-json\/wp\/v2\/product_cat?post=1771"},{"taxonomy":"product_tag","embeddable":true,"href":"https:\/\/www.wunder-der-stadt.com\/fr\/wp-json\/wp\/v2\/product_tag?post=1771"}],"curies":[{"name":"wp","href":"https:\/\/api.w.org\/{rel}","templated":true}]}}