{"id":1807,"date":"2018-03-22T11:50:04","date_gmt":"2018-03-22T10:50:04","guid":{"rendered":"http:\/\/www.wunder-der-stadt.com\/?post_type=product&#038;p=1807"},"modified":"2024-01-12T17:57:09","modified_gmt":"2024-01-12T16:57:09","slug":"fr-le-nazisme-munich","status":"publish","type":"product","link":"https:\/\/www.wunder-der-stadt.com\/fr\/tours\/fr-le-nazisme-munich\/","title":{"rendered":"Le nazisme \u00e0 Munich &#8211; Les pages sombres de l&#8217;histoire"},"content":{"rendered":"<div id=\"conteneur\">\n<div id=\"visite\">\n<div id=\"texte_visite\">\n<p><span style=\"font-size: 14pt;\"><strong>La mont\u00e9e et l&#8217;apog\u00e9e du nazisme \u00e0 Munich<br \/>\n<\/strong><\/span><\/p>\n<p>Une visite qui nous m\u00e8ne sur les lieux du pass\u00e9 nazi de Munich, la \u00ab capitale du mouvement \u00bb comme on la nomme alors.<\/p>\n<p>En 1923 Adolf Hitler tente \u00e0 Munich pour la premi\u00e8re fois d&#8217;acc\u00e9der au pouvoir. Son coup d&#8217;\u00e9tat \u00e9choue sur la place de l&#8217;Od\u00e9on. Dix ans plus tard, il est \u00e9lu \u00e0 Berlin le 30 janvier 1933 chancelier de l&#8217;Allemagne. A Munich la propagande nazi et le tourisme hitl\u00e9rien battent leur plein.<\/p>\n<p>Nous suivons les traces du dictateur, de ses premiers pas lors des discours de la brasserie \u00ab Zum Sternecker \u00bb,\u00a0 en passant par la maison du photographe Hoffman o\u00f9 les premi\u00e8re photos de propagande on \u00e9t\u00e9 faites. Ce sera le lieu o\u00f9 Hitler rencontrera celle qui devindra se femme : Eva Brauen. Nous nous arr\u00eatons devans la villa de la famille Bruckmann, qui a soutenu d\u00e8s la premi\u00e8re heure le futur dictateur. Nous nous rendons sous l&#8217;ancienne mairie de la ville, d&#8217;o\u00f9 sera donn\u00e9 le coup d&#8217;envoie de la &#8220;nuit de cristale&#8221;. Un parcours qui nous pousse jusqu&#8217;au &#8220;F\u00fchrerbau&#8221; de la place royale o\u00f9 ont eu lieu les grandes manifestations militaires.<\/p>\n<p>C&#8217;est ici, \u00e0 c\u00f4t\u00e9 de l&#8217;ancien bureau d&#8217;Hitler et sur le lieu o\u00f9 se trouvait la &#8220;Maison Brune&#8221;- centrale du partie nazi &#8211; que le <a href=\"https:\/\/www.nsdoku.de\/en\/francais\">nouveau centre de documentation<\/a>, qui fut longtemps l&#8217;objet de controverses \u00e0 ouvert ses portes.<\/p>\n<p><strong><em>Ce th\u00e8me vous int\u00e9resse particuli\u00e8rement ?<br \/>\n<\/em><\/strong><\/p>\n<p>Vous \u00eates professeur et vous voulez approfondir ce th\u00e9me sur lequel vous avez d\u00e9j\u00e0 travaill\u00e9 avec vos \u00e9l\u00e8ves ou l\u2019abord\u00e9 de fa\u00e7on concr\u00e8te et palpable ?\u00a0 Nous vous proposons une journ\u00e9e \u00e0 th\u00e8me sur l\u2019histoire de la mont\u00e9e de nazisme et de la r\u00e9sistance \u00e0 Munich puis une <a href=\"https:\/\/www.wunder-der-stadt.com\/fr\/tours\/fr-camp-de-concentration-de-dachau\/\">visite du m\u00e9morial du camp de concentration de Dachau.<\/a><\/p>\n<\/div>\n<\/div>\n<\/div>\n<p>&nbsp;<\/p>\n<p>[vc_row][vc_column][vc_btn title=&#8221;CONTACTEZ-NOUS&#8221; shape=&#8221;square&#8221; align=&#8221;left&#8221; link=&#8221;url:http%3A%2F%2Fwww.wunder-der-stadt.com%2Fkontakt%2F|||&#8221;]<br \/>\n<!--more--><\/p>\n<table class=\"table table-bordered tours-tabs__table\" style=\"height: 233px;\" width=\"862\">\n<tbody>\n<tr>\n<td><strong>D\u00e9part<\/strong><\/td>\n<td>variable<\/td>\n<\/tr>\n<tr>\n<td><b>Dur\u00e9e<\/b><\/td>\n<td>max. 2 heures<\/td>\n<\/tr>\n<tr>\n<td><b>Tarif<\/b><\/td>\n<td>\n<p class=\"p1\"><span class=\"s1\">210,00\u20ac \/Groupe &#8211; 19% TVA inclue<\/span><\/p>\n<\/td>\n<\/tr>\n<tr>\n<td><strong>Nombre de participants<br \/>\n<\/strong><\/td>\n<td><span class=\"s1\">\u00a0max. 30 personnes<\/span><\/td>\n<\/tr>\n<\/tbody>\n<\/table>\n<p>&nbsp;<\/p>\n","protected":false},"excerpt":{"rendered":"<p>La mont\u00e9e et l&#8217;apog\u00e9e du nazisme \u00e0 Munich Une visite qui nous m\u00e8ne sur les lieux du pass\u00e9 nazi de Munich, la \u00ab capitale du mouvement \u00bb comme on la nomme alors. En 1923 Adolf Hitler tente \u00e0 Munich pour la premi\u00e8re fois d&#8217;acc\u00e9der au pouvoir. Son coup d&#8217;\u00e9tat \u00e9choue sur la place de l&#8217;Od\u00e9on.<\/p>\n<div class=\"padding-top text-center\"><a href=\"https:\/\/www.wunder-der-stadt.com\/fr\/tours\/fr-le-nazisme-munich\/\" class=\"atbtn atbtn--medium atbtn--rounded atbtn--transparent\">Weiterlesen<i class=\"atbtn__icon atbtn__icon--right fa fa-long-arrow-right\"><\/i><\/a><\/div>\n","protected":false},"featured_media":1389,"template":"","meta":[],"product_cat":[103],"product_tag":[77,136,115,135,133],"translation":{"provider":"WPGlobus","version":"3.0.2","language":"fr","enabled_languages":["de","en","fr","es"],"languages":{"de":{"title":true,"content":true,"excerpt":false},"en":{"title":false,"content":false,"excerpt":false},"fr":{"title":false,"content":false,"excerpt":false},"es":{"title":false,"content":false,"excerpt":false}}},"yoast_head":"<!-- This site is optimized with the Yoast SEO plugin v22.0 - https:\/\/yoast.com\/wordpress\/plugins\/seo\/ -->\n<title>Le nazisme \u00e0 Munich - Wunder der Stadt - Visites guid\u00e9es \u00e0 Munich et en Bavi\u00e8re<\/title>\n<meta name=\"robots\" content=\"index, follow, max-snippet:-1, max-image-preview:large, max-video-preview:-1\" \/>\n<link rel=\"canonical\" href=\"https:\/\/www.wunder-der-stadt.com\/tours\/fr-le-nazisme-munich\/\" \/>\n<meta property=\"og:locale\" content=\"fr_FR\" \/>\n<meta property=\"og:type\" content=\"article\" \/>\n<meta property=\"og:title\" content=\"Le nazisme \u00e0 Munich - Les pages sombres de l&#039;histoire - Wunder der Stadt - Visites guid\u00e9es \u00e0 Munich et en Bavi\u00e8re\" \/>\n<meta property=\"og:url\" content=\"https:\/\/www.wunder-der-stadt.com\/tours\/fr-le-nazisme-munich\/\" \/>\n<meta property=\"og:site_name\" content=\"Wunder der Stadt - Visites guid\u00e9es \u00e0 Munich et en Bavi\u00e8re\" \/>\n<meta property=\"article:modified_time\" content=\"2024-01-12T16:57:09+00:00\" \/>\n<meta property=\"og:image\" content=\"https:\/\/www.wunder-der-stadt.com\/wp-content\/uploads\/Schueler_Nationalsozialismus.jpg\" \/>\n\t<meta property=\"og:image:width\" content=\"1400\" \/>\n\t<meta property=\"og:image:height\" content=\"600\" \/>\n\t<meta property=\"og:image:type\" content=\"image\/jpeg\" \/>\n<meta name=\"twitter:card\" content=\"summary_large_image\" \/>\n<meta name=\"twitter:label1\" content=\"Est. reading time\" \/>\n\t<meta name=\"twitter:data1\" content=\"2 minutes\" \/>\n<script type=\"application\/ld+json\" class=\"yoast-schema-graph\">{\"@context\":\"https:\/\/schema.org\",\"@graph\":[{\"@type\":\"WebPage\",\"@id\":\"https:\/\/www.wunder-der-stadt.com\/tours\/fr-le-nazisme-munich\/\",\"url\":\"https:\/\/www.wunder-der-stadt.com\/tours\/fr-le-nazisme-munich\/\",\"name\":\"Le nazisme \u00e0 Munich - Wunder der Stadt - Visites guid\u00e9es \u00e0 Munich et en Bavi\u00e8re\",\"isPartOf\":{\"@id\":\"https:\/\/www.wunder-der-stadt.com\/#website\"},\"datePublished\":\"2018-03-22T10:50:04+00:00\",\"dateModified\":\"2024-01-12T16:57:09+00:00\",\"description\":\"Visite guid\u00e9e pour groupe scolaire sur le theme de la mont\u00e9e et l'apog\u00e9e du nazisme \u00e0 Munich. L'histoire de la cari\u00e8re politique d'Adolf Hitler.\",\"breadcrumb\":{\"@id\":\"https:\/\/www.wunder-der-stadt.com\/tours\/fr-le-nazisme-munich\/#breadcrumb\"},\"inLanguage\":\"fr-FR\",\"potentialAction\":[{\"@type\":\"ReadAction\",\"target\":[\"https:\/\/www.wunder-der-stadt.com\/tours\/fr-le-nazisme-munich\/\"]}]},{\"@type\":\"BreadcrumbList\",\"@id\":\"https:\/\/www.wunder-der-stadt.com\/tours\/fr-le-nazisme-munich\/#breadcrumb\",\"itemListElement\":[{\"@type\":\"ListItem\",\"position\":1,\"name\":\"Startseite\",\"item\":\"https:\/\/www.wunder-der-stadt.com\/\"},{\"@type\":\"ListItem\",\"position\":2,\"name\":\"Produkte\",\"item\":\"https:\/\/www.wunder-der-stadt.com\/shop\/\"},{\"@type\":\"ListItem\",\"position\":3,\"name\":\"Le nazisme \u00e0 Munich &#8211; Les pages sombres de l&#8217;histoire\"}]},{\"@type\":\"WebSite\",\"@id\":\"https:\/\/www.wunder-der-stadt.com\/#website\",\"url\":\"https:\/\/www.wunder-der-stadt.com\/\",\"name\":\"{:de}Wunder der Stadt - Stadtf\u00fchrungen in M\u00fcnchen und Oberbayern{:}{:fr}Wunder der Stadt - Visites guid\u00e9es \u00e0 Munich et en Bavi\u00e8re{:}\",\"description\":\"Votre partenaire pour vos voyages d&#039;affaires, voyages priv\u00e9s \u00e0 Munich et en Bavi\u00e8re\",\"publisher\":{\"@id\":\"https:\/\/www.wunder-der-stadt.com\/#\/schema\/person\/7ac5370c8e8a38b0625e279f3af2d701\"},\"potentialAction\":[{\"@type\":\"SearchAction\",\"target\":{\"@type\":\"EntryPoint\",\"urlTemplate\":\"https:\/\/www.wunder-der-stadt.com\/?s={search_term_string}\"},\"query-input\":\"required name=search_term_string\"}],\"inLanguage\":\"fr-FR\"},{\"@type\":[\"Person\",\"Organization\"],\"@id\":\"https:\/\/www.wunder-der-stadt.com\/#\/schema\/person\/7ac5370c8e8a38b0625e279f3af2d701\",\"name\":\"Admin\",\"logo\":{\"@id\":\"https:\/\/www.wunder-der-stadt.com\/#\/schema\/person\/image\/\"}}]}<\/script>\n<!-- \/ Yoast SEO plugin. -->","yoast_head_json":{"title":"Le nazisme \u00e0 Munich - Wunder der Stadt - Visites guid\u00e9es \u00e0 Munich et en Bavi\u00e8re","robots":{"index":"index","follow":"follow","max-snippet":"max-snippet:-1","max-image-preview":"max-image-preview:large","max-video-preview":"max-video-preview:-1"},"canonical":"https:\/\/www.wunder-der-stadt.com\/tours\/fr-le-nazisme-munich\/","og_locale":"fr_FR","og_type":"article","og_title":"Le nazisme \u00e0 Munich - Les pages sombres de l'histoire - Wunder der Stadt - Visites guid\u00e9es \u00e0 Munich et en Bavi\u00e8re","og_url":"https:\/\/www.wunder-der-stadt.com\/tours\/fr-le-nazisme-munich\/","og_site_name":"Wunder der Stadt - Visites guid\u00e9es \u00e0 Munich et en Bavi\u00e8re","article_modified_time":"2024-01-12T16:57:09+00:00","og_image":[{"width":1400,"height":600,"url":"https:\/\/www.wunder-der-stadt.com\/wp-content\/uploads\/Schueler_Nationalsozialismus.jpg","type":"image\/jpeg"}],"twitter_card":"summary_large_image","twitter_misc":{"Est. reading time":"2 minutes"},"schema":{"@context":"https:\/\/schema.org","@graph":[{"@type":"WebPage","@id":"https:\/\/www.wunder-der-stadt.com\/tours\/fr-le-nazisme-munich\/","url":"https:\/\/www.wunder-der-stadt.com\/tours\/fr-le-nazisme-munich\/","name":"Le nazisme \u00e0 Munich - Wunder der Stadt - Visites guid\u00e9es \u00e0 Munich et en Bavi\u00e8re","isPartOf":{"@id":"https:\/\/www.wunder-der-stadt.com\/#website"},"datePublished":"2018-03-22T10:50:04+00:00","dateModified":"2024-01-12T16:57:09+00:00","description":"Visite guid\u00e9e pour groupe scolaire sur le theme de la mont\u00e9e et l'apog\u00e9e du nazisme \u00e0 Munich. L'histoire de la cari\u00e8re politique d'Adolf Hitler.","breadcrumb":{"@id":"https:\/\/www.wunder-der-stadt.com\/tours\/fr-le-nazisme-munich\/#breadcrumb"},"inLanguage":"fr-FR","potentialAction":[{"@type":"ReadAction","target":["https:\/\/www.wunder-der-stadt.com\/tours\/fr-le-nazisme-munich\/"]}]},{"@type":"BreadcrumbList","@id":"https:\/\/www.wunder-der-stadt.com\/tours\/fr-le-nazisme-munich\/#breadcrumb","itemListElement":[{"@type":"ListItem","position":1,"name":"Startseite","item":"https:\/\/www.wunder-der-stadt.com\/"},{"@type":"ListItem","position":2,"name":"Produkte","item":"https:\/\/www.wunder-der-stadt.com\/shop\/"},{"@type":"ListItem","position":3,"name":"Le nazisme \u00e0 Munich &#8211; Les pages sombres de l&#8217;histoire"}]},{"@type":"WebSite","@id":"https:\/\/www.wunder-der-stadt.com\/#website","url":"https:\/\/www.wunder-der-stadt.com\/","name":"{:de}Wunder der Stadt - Stadtf\u00fchrungen in M\u00fcnchen und Oberbayern{:}{:fr}Wunder der Stadt - Visites guid\u00e9es \u00e0 Munich et en Bavi\u00e8re{:}","description":"Votre partenaire pour vos voyages d&#039;affaires, voyages priv\u00e9s \u00e0 Munich et en Bavi\u00e8re","publisher":{"@id":"https:\/\/www.wunder-der-stadt.com\/#\/schema\/person\/7ac5370c8e8a38b0625e279f3af2d701"},"potentialAction":[{"@type":"SearchAction","target":{"@type":"EntryPoint","urlTemplate":"https:\/\/www.wunder-der-stadt.com\/?s={search_term_string}"},"query-input":"required name=search_term_string"}],"inLanguage":"fr-FR"},{"@type":["Person","Organization"],"@id":"https:\/\/www.wunder-der-stadt.com\/#\/schema\/person\/7ac5370c8e8a38b0625e279f3af2d701","name":"Admin","logo":{"@id":"https:\/\/www.wunder-der-stadt.com\/#\/schema\/person\/image\/"}}]}},"_links":{"self":[{"href":"https:\/\/www.wunder-der-stadt.com\/fr\/wp-json\/wp\/v2\/product\/1807"}],"collection":[{"href":"https:\/\/www.wunder-der-stadt.com\/fr\/wp-json\/wp\/v2\/product"}],"about":[{"href":"https:\/\/www.wunder-der-stadt.com\/fr\/wp-json\/wp\/v2\/types\/product"}],"wp:featuredmedia":[{"embeddable":true,"href":"https:\/\/www.wunder-der-stadt.com\/fr\/wp-json\/wp\/v2\/media\/1389"}],"wp:attachment":[{"href":"https:\/\/www.wunder-der-stadt.com\/fr\/wp-json\/wp\/v2\/media?parent=1807"}],"wp:term":[{"taxonomy":"product_cat","embeddable":true,"href":"https:\/\/www.wunder-der-stadt.com\/fr\/wp-json\/wp\/v2\/product_cat?post=1807"},{"taxonomy":"product_tag","embeddable":true,"href":"https:\/\/www.wunder-der-stadt.com\/fr\/wp-json\/wp\/v2\/product_tag?post=1807"}],"curies":[{"name":"wp","href":"https:\/\/api.w.org\/{rel}","templated":true}]}}