{"id":1960,"date":"2019-11-07T18:05:37","date_gmt":"2019-11-07T17:05:37","guid":{"rendered":"https:\/\/www.wunder-der-stadt.com\/?post_type=product&#038;p=1960"},"modified":"2026-01-10T17:14:54","modified_gmt":"2026-01-10T16:14:54","slug":"visite-pedestre-du-marche-de-noel-de-munich-en-baviere","status":"publish","type":"product","link":"https:\/\/www.wunder-der-stadt.com\/fr\/tours\/visite-pedestre-du-marche-de-noel-de-munich-en-baviere\/","title":{"rendered":"Une visite p\u00e9destre du march\u00e9 de no\u00ebl de Munich"},"content":{"rendered":"<p><strong><span style=\"font-size: 14pt;\">Une visite p\u00e9destre du <a href=\"https:\/\/www.muenchen.de\/int\/fr.html\">march\u00e9 de no\u00ebl de Munich&#8230;<\/a><\/span><\/strong><\/p>\n<p>&#8230;Tout les ans, lorsque les temp\u00e9ratures tombent et que les nuits se rallongent, nous attendons avec impatience que le paysage blanchisse et nous nous r\u00e9jouissons en pensant aux parfums des \u00e9pices de no\u00ebl et du vin chaud. Les enfants, petits et grands commence \u00e0 faire leurs listes de souhaits. Alors&#8230; le temps de l&#8217;avent et de no\u00ebl est \u00e0 notre porte !<\/p>\n<p>Tout autour de la Marienplatz, au coeur de Munich, se tient le c\u00e9l\u00e8bre march\u00e9 de no\u00ebl. Une tr\u00e8s ancienne tradition qui date du XV\u00e8me si\u00e8cle. Fl\u00e2nons et faisons-nous plaisir. Mettons nous sur les traces des l\u00e9gendes et des traditions pa\u00efennes et chr\u00e9tiennes qui font de cette p\u00e9riode de l&#8217;ann\u00e9e quelque chose de f\u00e9erique.<\/p>\n<p>Pendant la visite p\u00e9destre du march\u00e9 de no\u00ebl nous abordons les questions que tout le monde se pose, l&#8217;origine du sapin de no\u00ebl et du calendrier de l&#8217;avent. Qui a cr\u00e9\u00e9 la premi\u00e8re couronne de l&#8217;avent et pourquoi n&#8217;a-t-elle que 4 bougies ? Nous entrons dans les \u00e9glises pour parler de la c\u00e9l\u00e9bration liturgique d&#8217;une des plus grandes f\u00eates chr\u00e9tiennes et nous pencher sur la tradition des cr\u00e8ches en passant par le march\u00e9 des cr\u00e8ches. Un petit d\u00e9tour par le march\u00e9 aux victualles nous permet de d\u00e9guster un vin chaud et de d\u00e9couvrir les sp\u00e9cialit\u00e9s culinaires des f\u00eates de fin d&#8217;ann\u00e9e.<\/p>\n<p>Une visite p\u00e9destre sur le march\u00e9 de no\u00ebl de Munich qui nous rappelle les plus beaux souvenirs de notre enfance&#8230; Alors \u00e0 vos moufles, et joyeux no\u00ebl !<\/p>\n<p>Prix pour 15 personnes incl. 15 tasses de vin chaud et des specialit\u00e9s de no\u00ebl : 370.- Euro (19% de TVA incl.). Chaque participant de plus est factur\u00e9 25.- Euro.<\/p>\n<p><strong>Le march\u00e9 de no\u00ebl 2026 ouvrira ses portes du 20 novembre au 24 d\u00e9cembre 2026<\/strong><\/p>\n<p class=\"p1\"><span class=\"s1\">Convient aux <a href=\"https:\/\/www.wunder-der-stadt.com\/schulklassen\/\">groupes scolaires<\/a><\/span><\/p>\n<p><!--more--><\/p>\n<table class=\"table table-bordered tours-tabs__table\" style=\"height: 233px;\" width=\"862\">\n<tbody>\n<tr>\n<td><strong>POINT DE D\u00c9PART<\/strong><\/td>\n<td>\n<p class=\"p1\">Marienplatz-M\u00fcnchen<\/p>\n<\/td>\n<\/tr>\n<tr>\n<td><b>DUR\u00c9E<\/b><\/td>\n<td>max. 2 heures<\/td>\n<\/tr>\n<tr>\n<td><b>TARIF<\/b><\/td>\n<td>\n<p class=\"p1\"><span class=\"s1\">370,00\u20ac (19% TVA incl.)<br \/>\n<\/span><\/p>\n<\/td>\n<\/tr>\n<tr>\n<td><strong>NOMBRE DE PARTICIPANTS<br \/>\n<\/strong><\/td>\n<td>\n<p class=\"p1\"><span class=\"s1\">max. 15 personnes<\/span><\/p>\n<\/td>\n<\/tr>\n<\/tbody>\n<\/table>\n","protected":false},"excerpt":{"rendered":"<p>Une visite p\u00e9destre du march\u00e9 de no\u00ebl de Munich&#8230; &#8230;Tout les ans, lorsque les temp\u00e9ratures tombent et que les nuits se rallongent, nous attendons avec impatience que le paysage blanchisse et nous nous r\u00e9jouissons en pensant aux parfums des \u00e9pices de no\u00ebl et du vin chaud. Les enfants, petits et grands commence \u00e0 faire leurs<\/p>\n<div class=\"padding-top text-center\"><a href=\"https:\/\/www.wunder-der-stadt.com\/fr\/tours\/visite-pedestre-du-marche-de-noel-de-munich-en-baviere\/\" class=\"atbtn atbtn--medium atbtn--rounded atbtn--transparent\">Weiterlesen<i class=\"atbtn__icon atbtn__icon--right fa fa-long-arrow-right\"><\/i><\/a><\/div>\n","protected":false},"featured_media":1902,"template":"","meta":[],"product_cat":[103],"product_tag":[214,122,150,115,213,151,159,112,113],"translation":{"provider":"WPGlobus","version":"3.0.2","language":"fr","enabled_languages":["de","en","fr","es"],"languages":{"de":{"title":true,"content":true,"excerpt":false},"en":{"title":false,"content":false,"excerpt":false},"fr":{"title":false,"content":false,"excerpt":false},"es":{"title":false,"content":false,"excerpt":false}}},"yoast_head":"<!-- This site is optimized with the Yoast SEO plugin v22.0 - https:\/\/yoast.com\/wordpress\/plugins\/seo\/ -->\n<title>Visite p\u00e9destre du march\u00e9 de No\u00ebl de Munich - Wunder der Stadt<\/title>\n<meta name=\"robots\" content=\"index, follow, max-snippet:-1, max-image-preview:large, max-video-preview:-1\" \/>\n<link rel=\"canonical\" href=\"https:\/\/www.wunder-der-stadt.com\/tours\/visite-pedestre-du-marche-de-noel-de-munich-en-baviere\/\" \/>\n<meta property=\"og:locale\" content=\"fr_FR\" \/>\n<meta property=\"og:type\" content=\"article\" \/>\n<meta property=\"og:title\" content=\"Une visite p\u00e9destre du march\u00e9 de no\u00ebl de Munich - Wunder der Stadt - Visites guid\u00e9es \u00e0 Munich et en Bavi\u00e8re\" \/>\n<meta property=\"og:url\" content=\"https:\/\/www.wunder-der-stadt.com\/tours\/visite-pedestre-du-marche-de-noel-de-munich-en-baviere\/\" \/>\n<meta property=\"og:site_name\" content=\"Wunder der Stadt - Visites guid\u00e9es \u00e0 Munich et en Bavi\u00e8re\" \/>\n<meta property=\"article:modified_time\" content=\"2026-01-10T16:14:54+00:00\" \/>\n<meta property=\"og:image\" content=\"https:\/\/www.wunder-der-stadt.com\/wp-content\/uploads\/weihnachtsmarkt-marienplatz.jpg\" \/>\n\t<meta property=\"og:image:width\" content=\"694\" \/>\n\t<meta property=\"og:image:height\" content=\"492\" \/>\n\t<meta property=\"og:image:type\" content=\"image\/jpeg\" \/>\n<meta name=\"twitter:card\" content=\"summary_large_image\" \/>\n<meta name=\"twitter:label1\" content=\"Est. reading time\" \/>\n\t<meta name=\"twitter:data1\" content=\"2 minutes\" \/>\n<script type=\"application\/ld+json\" class=\"yoast-schema-graph\">{\"@context\":\"https:\/\/schema.org\",\"@graph\":[{\"@type\":\"WebPage\",\"@id\":\"https:\/\/www.wunder-der-stadt.com\/tours\/visite-pedestre-du-marche-de-noel-de-munich-en-baviere\/\",\"url\":\"https:\/\/www.wunder-der-stadt.com\/tours\/visite-pedestre-du-marche-de-noel-de-munich-en-baviere\/\",\"name\":\"Visite p\u00e9destre du march\u00e9 de No\u00ebl de Munich - Wunder der Stadt\",\"isPartOf\":{\"@id\":\"https:\/\/www.wunder-der-stadt.com\/#website\"},\"datePublished\":\"2019-11-07T17:05:37+00:00\",\"dateModified\":\"2026-01-10T16:14:54+00:00\",\"description\":\"Visite p\u00e9destre du march\u00e9 de no\u00ebl de Munich, sur les traditions de l'avent... accompagn\u00e9e d'un vin chaud pour se r\u00e9chauffer...\",\"breadcrumb\":{\"@id\":\"https:\/\/www.wunder-der-stadt.com\/tours\/visite-pedestre-du-marche-de-noel-de-munich-en-baviere\/#breadcrumb\"},\"inLanguage\":\"fr-FR\",\"potentialAction\":[{\"@type\":\"ReadAction\",\"target\":[\"https:\/\/www.wunder-der-stadt.com\/tours\/visite-pedestre-du-marche-de-noel-de-munich-en-baviere\/\"]}]},{\"@type\":\"BreadcrumbList\",\"@id\":\"https:\/\/www.wunder-der-stadt.com\/tours\/visite-pedestre-du-marche-de-noel-de-munich-en-baviere\/#breadcrumb\",\"itemListElement\":[{\"@type\":\"ListItem\",\"position\":1,\"name\":\"Startseite\",\"item\":\"https:\/\/www.wunder-der-stadt.com\/\"},{\"@type\":\"ListItem\",\"position\":2,\"name\":\"Produkte\",\"item\":\"https:\/\/www.wunder-der-stadt.com\/shop\/\"},{\"@type\":\"ListItem\",\"position\":3,\"name\":\"Une visite p\u00e9destre du march\u00e9 de no\u00ebl de Munich\"}]},{\"@type\":\"WebSite\",\"@id\":\"https:\/\/www.wunder-der-stadt.com\/#website\",\"url\":\"https:\/\/www.wunder-der-stadt.com\/\",\"name\":\"{:de}Wunder der Stadt - Stadtf\u00fchrungen in M\u00fcnchen und Oberbayern{:}{:fr}Wunder der Stadt - Visites guid\u00e9es \u00e0 Munich et en Bavi\u00e8re{:}\",\"description\":\"Votre partenaire pour vos voyages d&#039;affaires, voyages priv\u00e9s \u00e0 Munich et en Bavi\u00e8re\",\"publisher\":{\"@id\":\"https:\/\/www.wunder-der-stadt.com\/#\/schema\/person\/7ac5370c8e8a38b0625e279f3af2d701\"},\"potentialAction\":[{\"@type\":\"SearchAction\",\"target\":{\"@type\":\"EntryPoint\",\"urlTemplate\":\"https:\/\/www.wunder-der-stadt.com\/?s={search_term_string}\"},\"query-input\":\"required name=search_term_string\"}],\"inLanguage\":\"fr-FR\"},{\"@type\":[\"Person\",\"Organization\"],\"@id\":\"https:\/\/www.wunder-der-stadt.com\/#\/schema\/person\/7ac5370c8e8a38b0625e279f3af2d701\",\"name\":\"Admin\",\"logo\":{\"@id\":\"https:\/\/www.wunder-der-stadt.com\/#\/schema\/person\/image\/\"}}]}<\/script>\n<!-- \/ Yoast SEO plugin. -->","yoast_head_json":{"title":"Visite p\u00e9destre du march\u00e9 de No\u00ebl de Munich - Wunder der Stadt","robots":{"index":"index","follow":"follow","max-snippet":"max-snippet:-1","max-image-preview":"max-image-preview:large","max-video-preview":"max-video-preview:-1"},"canonical":"https:\/\/www.wunder-der-stadt.com\/tours\/visite-pedestre-du-marche-de-noel-de-munich-en-baviere\/","og_locale":"fr_FR","og_type":"article","og_title":"Une visite p\u00e9destre du march\u00e9 de no\u00ebl de Munich - Wunder der Stadt - Visites guid\u00e9es \u00e0 Munich et en Bavi\u00e8re","og_url":"https:\/\/www.wunder-der-stadt.com\/tours\/visite-pedestre-du-marche-de-noel-de-munich-en-baviere\/","og_site_name":"Wunder der Stadt - Visites guid\u00e9es \u00e0 Munich et en Bavi\u00e8re","article_modified_time":"2026-01-10T16:14:54+00:00","og_image":[{"width":694,"height":492,"url":"https:\/\/www.wunder-der-stadt.com\/wp-content\/uploads\/weihnachtsmarkt-marienplatz.jpg","type":"image\/jpeg"}],"twitter_card":"summary_large_image","twitter_misc":{"Est. reading time":"2 minutes"},"schema":{"@context":"https:\/\/schema.org","@graph":[{"@type":"WebPage","@id":"https:\/\/www.wunder-der-stadt.com\/tours\/visite-pedestre-du-marche-de-noel-de-munich-en-baviere\/","url":"https:\/\/www.wunder-der-stadt.com\/tours\/visite-pedestre-du-marche-de-noel-de-munich-en-baviere\/","name":"Visite p\u00e9destre du march\u00e9 de No\u00ebl de Munich - Wunder der Stadt","isPartOf":{"@id":"https:\/\/www.wunder-der-stadt.com\/#website"},"datePublished":"2019-11-07T17:05:37+00:00","dateModified":"2026-01-10T16:14:54+00:00","description":"Visite p\u00e9destre du march\u00e9 de no\u00ebl de Munich, sur les traditions de l'avent... accompagn\u00e9e d'un vin chaud pour se r\u00e9chauffer...","breadcrumb":{"@id":"https:\/\/www.wunder-der-stadt.com\/tours\/visite-pedestre-du-marche-de-noel-de-munich-en-baviere\/#breadcrumb"},"inLanguage":"fr-FR","potentialAction":[{"@type":"ReadAction","target":["https:\/\/www.wunder-der-stadt.com\/tours\/visite-pedestre-du-marche-de-noel-de-munich-en-baviere\/"]}]},{"@type":"BreadcrumbList","@id":"https:\/\/www.wunder-der-stadt.com\/tours\/visite-pedestre-du-marche-de-noel-de-munich-en-baviere\/#breadcrumb","itemListElement":[{"@type":"ListItem","position":1,"name":"Startseite","item":"https:\/\/www.wunder-der-stadt.com\/"},{"@type":"ListItem","position":2,"name":"Produkte","item":"https:\/\/www.wunder-der-stadt.com\/shop\/"},{"@type":"ListItem","position":3,"name":"Une visite p\u00e9destre du march\u00e9 de no\u00ebl de Munich"}]},{"@type":"WebSite","@id":"https:\/\/www.wunder-der-stadt.com\/#website","url":"https:\/\/www.wunder-der-stadt.com\/","name":"{:de}Wunder der Stadt - Stadtf\u00fchrungen in M\u00fcnchen und Oberbayern{:}{:fr}Wunder der Stadt - Visites guid\u00e9es \u00e0 Munich et en Bavi\u00e8re{:}","description":"Votre partenaire pour vos voyages d&#039;affaires, voyages priv\u00e9s \u00e0 Munich et en Bavi\u00e8re","publisher":{"@id":"https:\/\/www.wunder-der-stadt.com\/#\/schema\/person\/7ac5370c8e8a38b0625e279f3af2d701"},"potentialAction":[{"@type":"SearchAction","target":{"@type":"EntryPoint","urlTemplate":"https:\/\/www.wunder-der-stadt.com\/?s={search_term_string}"},"query-input":"required name=search_term_string"}],"inLanguage":"fr-FR"},{"@type":["Person","Organization"],"@id":"https:\/\/www.wunder-der-stadt.com\/#\/schema\/person\/7ac5370c8e8a38b0625e279f3af2d701","name":"Admin","logo":{"@id":"https:\/\/www.wunder-der-stadt.com\/#\/schema\/person\/image\/"}}]}},"_links":{"self":[{"href":"https:\/\/www.wunder-der-stadt.com\/fr\/wp-json\/wp\/v2\/product\/1960"}],"collection":[{"href":"https:\/\/www.wunder-der-stadt.com\/fr\/wp-json\/wp\/v2\/product"}],"about":[{"href":"https:\/\/www.wunder-der-stadt.com\/fr\/wp-json\/wp\/v2\/types\/product"}],"wp:featuredmedia":[{"embeddable":true,"href":"https:\/\/www.wunder-der-stadt.com\/fr\/wp-json\/wp\/v2\/media\/1902"}],"wp:attachment":[{"href":"https:\/\/www.wunder-der-stadt.com\/fr\/wp-json\/wp\/v2\/media?parent=1960"}],"wp:term":[{"taxonomy":"product_cat","embeddable":true,"href":"https:\/\/www.wunder-der-stadt.com\/fr\/wp-json\/wp\/v2\/product_cat?post=1960"},{"taxonomy":"product_tag","embeddable":true,"href":"https:\/\/www.wunder-der-stadt.com\/fr\/wp-json\/wp\/v2\/product_tag?post=1960"}],"curies":[{"name":"wp","href":"https:\/\/api.w.org\/{rel}","templated":true}]}}