{"id":1967,"date":"2019-11-07T19:33:30","date_gmt":"2019-11-07T18:33:30","guid":{"rendered":"https:\/\/www.wunder-der-stadt.com\/?post_type=product&#038;p=1967"},"modified":"2024-02-16T11:38:32","modified_gmt":"2024-02-16T10:38:32","slug":"von-goya-bis-manet-in-die-alten-pinakothek-muenchen","status":"publish","type":"product","link":"https:\/\/www.wunder-der-stadt.com\/fr\/tours\/von-goya-bis-manet-in-die-alten-pinakothek-muenchen\/","title":{"rendered":"Von Goya bis Manet, Das 19. Jahrhundert in der Alten Pinakotek"},"content":{"rendered":"<figure id=\"attachment_1968\" aria-describedby=\"caption-attachment-1968\" style=\"width: 458px\" class=\"wp-caption alignleft\"><img loading=\"lazy\" decoding=\"async\" class=\"size-full wp-image-1968\" src=\"https:\/\/www.wunder-der-stadt.com\/wp-content\/uploads\/Overbeck-Viktoria-Caldoni-bis-Juli-2020.jpg\" alt=\"\" width=\"458\" height=\"625\" srcset=\"https:\/\/www.wunder-der-stadt.com\/wp-content\/uploads\/Overbeck-Viktoria-Caldoni-bis-Juli-2020.jpg 458w, https:\/\/www.wunder-der-stadt.com\/wp-content\/uploads\/Overbeck-Viktoria-Caldoni-bis-Juli-2020-220x300.jpg 220w\" sizes=\"(max-width: 458px) 100vw, 458px\" \/><figcaption id=\"caption-attachment-1968\" class=\"wp-caption-text\">Friedrich Overbeck,<br \/>Vittoria Caldoni, 1821<br \/>\u00d6l auf Leinwand, 89,5 x 65,8 cm<br \/>\u00a9 Bayerische Staatsgem\u00e4ldesammlungen,<br \/>Neue Pinakothek, M\u00fcnchen\/<br \/>Wittelsbacher Ausgleichsfonds (WAF)<\/figcaption><\/figure>\n<p><span style=\"font-size: 14pt;\"><strong>Die Neu Pinakothek zu Gast bei ihrer Geschwister-Museum die Alten Pinakothek.<\/strong><\/span><\/p>\n<p>Unter dem Titel <strong>\u201eVon Goya bis Manet. Das 19. Jahrhundert\u201c<\/strong> umrei\u00dfen rund 90 Gem\u00e4lde und Skulpturen das Spektrum vom ausgehenden 18. bis zum beginnenden 20. Jahrhundert. Mit dem tempor\u00e4ren Umzug der Meisterwerke aus der Neuen Pinakothek in die Alte Pinakothek bietet sich die einmalige Gelegenheit, die ber\u00fchmtesten Gem\u00e4lde dieser beiden H\u00e4user vereint unter einem Dach zu erleben.<\/p>\n<p>Die Auswahl aus der Neuen Pinakothek an Meisterwerken der ber\u00fchmtesten Maler ist beeindruckend: Goya, David, Gainsborough, Rottmann, Spitzweg, Monet, Renoir, van Gogh&#8230; Ein Jahrhundert im Aufbruch, aber auch gekennzeichnet durch die Sehnsucht nach der Vergangenheit, was sich in den Werken dieser Maler widerspiegelt.<\/p>\n<p>Auch wenn die Neu Pinakothek in M\u00fcnchen bis 2029 geschlossen bleiben wird, die &#8220;Rosinen&#8221; der Sammlung sind in der <a href=\"https:\/\/www.wunder-der-stadt.com\/tours\/die-grossen-meister-der-kunst\/\">Alten Pinakothek<\/a> zu bewundern.<\/p>\n<p><a href=\"https:\/\/www.pinakothek.de\/besuch\/alte-pinakothek\">Informationen zu den \u00d6ffnungzeiten und zum Eintritt in der Alten Pinakothek<\/a><\/p>\n<p>&nbsp;<\/p>\n<p><!--more--><\/p>\n<table class=\"table table-bordered tours-tabs__table\" style=\"height: 233px;\" width=\"862\">\n<tbody>\n<tr>\n<td><strong>AUSSTELLUNGSORT<\/strong><\/td>\n<td>\n<p class=\"p1\"><span class=\"s1\">Alte Pinakothek<\/span><\/p>\n<\/td>\n<\/tr>\n<tr>\n<td><b>DAUER<\/b><\/td>\n<td>max. 1,5 Stunden<\/td>\n<\/tr>\n<tr>\n<td><b>PREIS<\/b><\/td>\n<td>\n<p class=\"p1\"><span class=\"s1\">220,00 \u20ac &#8211; inkl. 19% MwSt.<br \/>\nplus Eintrittspreis\u00a0<\/span><a href=\"http:\/\/www.pinakothek.de\"><span class=\"s1\">www.pinakothek.de<\/span><\/a><\/p>\n<\/td>\n<\/tr>\n<tr>\n<td><strong>TEILNEHMERZAHL<\/strong><\/td>\n<td>\n<p class=\"p1\"><span class=\"s1\">max. 20 Personen<\/span><\/p>\n<\/td>\n<\/tr>\n<\/tbody>\n<\/table>\n","protected":false},"excerpt":{"rendered":"<p>Die Neu Pinakothek zu Gast bei ihrer Geschwister-Museum die Alten Pinakothek. Unter dem Titel \u201eVon Goya bis Manet. Das 19. Jahrhundert\u201c umrei\u00dfen rund 90 Gem\u00e4lde und Skulpturen das Spektrum vom ausgehenden 18. bis zum beginnenden 20. Jahrhundert. Mit dem tempor\u00e4ren Umzug der Meisterwerke aus der Neuen Pinakothek in die Alte Pinakothek bietet sich die einmalige<\/p>\n<div class=\"padding-top text-center\"><a href=\"https:\/\/www.wunder-der-stadt.com\/fr\/tours\/von-goya-bis-manet-in-die-alten-pinakothek-muenchen\/\" class=\"atbtn atbtn--medium atbtn--rounded atbtn--transparent\">Weiterlesen<i class=\"atbtn__icon atbtn__icon--right fa fa-long-arrow-right\"><\/i><\/a><\/div>\n","protected":false},"featured_media":2170,"template":"","meta":[],"product_cat":[103],"product_tag":[95,127,128,94,93],"translation":{"provider":"WPGlobus","version":"3.0.2","language":"fr","enabled_languages":["de","en","fr","es"],"languages":{"de":{"title":true,"content":true,"excerpt":false},"en":{"title":false,"content":false,"excerpt":false},"fr":{"title":false,"content":false,"excerpt":false},"es":{"title":false,"content":false,"excerpt":false}}},"yoast_head":"<!-- This site is optimized with the Yoast SEO plugin v22.0 - https:\/\/yoast.com\/wordpress\/plugins\/seo\/ -->\n<title>Von Goya bis Manet in die Alten Pinakothek M\u00fcnchen<\/title>\n<meta name=\"robots\" content=\"index, follow, max-snippet:-1, max-image-preview:large, max-video-preview:-1\" \/>\n<link rel=\"canonical\" href=\"https:\/\/www.wunder-der-stadt.com\/tours\/von-goya-bis-manet-in-die-alten-pinakothek-muenchen\/\" \/>\n<meta property=\"og:locale\" content=\"fr_FR\" \/>\n<meta property=\"og:type\" content=\"article\" \/>\n<meta property=\"og:title\" content=\"Von Goya bis Manet, Das 19. Jahrhundert in der Alten Pinakotek - Wunder der Stadt - Visites guid\u00e9es \u00e0 Munich et en Bavi\u00e8re\" \/>\n<meta property=\"og:url\" content=\"https:\/\/www.wunder-der-stadt.com\/tours\/von-goya-bis-manet-in-die-alten-pinakothek-muenchen\/\" \/>\n<meta property=\"og:site_name\" content=\"Wunder der Stadt - Visites guid\u00e9es \u00e0 Munich et en Bavi\u00e8re\" \/>\n<meta property=\"article:modified_time\" content=\"2024-02-16T10:38:32+00:00\" \/>\n<meta property=\"og:image\" content=\"https:\/\/www.wunder-der-stadt.com\/wp-content\/uploads\/Overbeck-Viktoria-Caldoni-bis-Juli-2020-Start.png\" \/>\n\t<meta property=\"og:image:width\" content=\"456\" \/>\n\t<meta property=\"og:image:height\" content=\"296\" \/>\n\t<meta property=\"og:image:type\" content=\"image\/png\" \/>\n<meta name=\"twitter:card\" content=\"summary_large_image\" \/>\n<meta name=\"twitter:label1\" content=\"Est. reading time\" \/>\n\t<meta name=\"twitter:data1\" content=\"2 minutes\" \/>\n<script type=\"application\/ld+json\" class=\"yoast-schema-graph\">{\"@context\":\"https:\/\/schema.org\",\"@graph\":[{\"@type\":\"WebPage\",\"@id\":\"https:\/\/www.wunder-der-stadt.com\/tours\/von-goya-bis-manet-in-die-alten-pinakothek-muenchen\/\",\"url\":\"https:\/\/www.wunder-der-stadt.com\/tours\/von-goya-bis-manet-in-die-alten-pinakothek-muenchen\/\",\"name\":\"Von Goya bis Manet in die Alten Pinakothek M\u00fcnchen\",\"isPartOf\":{\"@id\":\"https:\/\/www.wunder-der-stadt.com\/#website\"},\"datePublished\":\"2019-11-07T18:33:30+00:00\",\"dateModified\":\"2024-02-16T10:38:32+00:00\",\"description\":\"In der Ausstellung \\\"Von Goya bis Manet\\\" in die Alten Pinakothek M\u00fcnchen sind die Meisterwerken der Neuen Pinakothek zu Gast bei ihrer Geschwister-Museum die Alten Pinakothek.\",\"breadcrumb\":{\"@id\":\"https:\/\/www.wunder-der-stadt.com\/tours\/von-goya-bis-manet-in-die-alten-pinakothek-muenchen\/#breadcrumb\"},\"inLanguage\":\"fr-FR\",\"potentialAction\":[{\"@type\":\"ReadAction\",\"target\":[\"https:\/\/www.wunder-der-stadt.com\/tours\/von-goya-bis-manet-in-die-alten-pinakothek-muenchen\/\"]}]},{\"@type\":\"BreadcrumbList\",\"@id\":\"https:\/\/www.wunder-der-stadt.com\/tours\/von-goya-bis-manet-in-die-alten-pinakothek-muenchen\/#breadcrumb\",\"itemListElement\":[{\"@type\":\"ListItem\",\"position\":1,\"name\":\"Startseite\",\"item\":\"https:\/\/www.wunder-der-stadt.com\/\"},{\"@type\":\"ListItem\",\"position\":2,\"name\":\"Produkte\",\"item\":\"https:\/\/www.wunder-der-stadt.com\/shop\/\"},{\"@type\":\"ListItem\",\"position\":3,\"name\":\"Von Goya bis Manet, Das 19. Jahrhundert in der Alten Pinakotek\"}]},{\"@type\":\"WebSite\",\"@id\":\"https:\/\/www.wunder-der-stadt.com\/#website\",\"url\":\"https:\/\/www.wunder-der-stadt.com\/\",\"name\":\"{:de}Wunder der Stadt - Stadtf\u00fchrungen in M\u00fcnchen und Oberbayern{:}{:fr}Wunder der Stadt - Visites guid\u00e9es \u00e0 Munich et en Bavi\u00e8re{:}\",\"description\":\"Votre partenaire pour vos voyages d&#039;affaires, voyages priv\u00e9s \u00e0 Munich et en Bavi\u00e8re\",\"publisher\":{\"@id\":\"https:\/\/www.wunder-der-stadt.com\/#\/schema\/person\/7ac5370c8e8a38b0625e279f3af2d701\"},\"potentialAction\":[{\"@type\":\"SearchAction\",\"target\":{\"@type\":\"EntryPoint\",\"urlTemplate\":\"https:\/\/www.wunder-der-stadt.com\/?s={search_term_string}\"},\"query-input\":\"required name=search_term_string\"}],\"inLanguage\":\"fr-FR\"},{\"@type\":[\"Person\",\"Organization\"],\"@id\":\"https:\/\/www.wunder-der-stadt.com\/#\/schema\/person\/7ac5370c8e8a38b0625e279f3af2d701\",\"name\":\"Admin\",\"logo\":{\"@id\":\"https:\/\/www.wunder-der-stadt.com\/#\/schema\/person\/image\/\"}}]}<\/script>\n<!-- \/ Yoast SEO plugin. -->","yoast_head_json":{"title":"Von Goya bis Manet in die Alten Pinakothek M\u00fcnchen","robots":{"index":"index","follow":"follow","max-snippet":"max-snippet:-1","max-image-preview":"max-image-preview:large","max-video-preview":"max-video-preview:-1"},"canonical":"https:\/\/www.wunder-der-stadt.com\/tours\/von-goya-bis-manet-in-die-alten-pinakothek-muenchen\/","og_locale":"fr_FR","og_type":"article","og_title":"Von Goya bis Manet, Das 19. Jahrhundert in der Alten Pinakotek - Wunder der Stadt - Visites guid\u00e9es \u00e0 Munich et en Bavi\u00e8re","og_url":"https:\/\/www.wunder-der-stadt.com\/tours\/von-goya-bis-manet-in-die-alten-pinakothek-muenchen\/","og_site_name":"Wunder der Stadt - Visites guid\u00e9es \u00e0 Munich et en Bavi\u00e8re","article_modified_time":"2024-02-16T10:38:32+00:00","og_image":[{"width":456,"height":296,"url":"https:\/\/www.wunder-der-stadt.com\/wp-content\/uploads\/Overbeck-Viktoria-Caldoni-bis-Juli-2020-Start.png","type":"image\/png"}],"twitter_card":"summary_large_image","twitter_misc":{"Est. reading time":"2 minutes"},"schema":{"@context":"https:\/\/schema.org","@graph":[{"@type":"WebPage","@id":"https:\/\/www.wunder-der-stadt.com\/tours\/von-goya-bis-manet-in-die-alten-pinakothek-muenchen\/","url":"https:\/\/www.wunder-der-stadt.com\/tours\/von-goya-bis-manet-in-die-alten-pinakothek-muenchen\/","name":"Von Goya bis Manet in die Alten Pinakothek M\u00fcnchen","isPartOf":{"@id":"https:\/\/www.wunder-der-stadt.com\/#website"},"datePublished":"2019-11-07T18:33:30+00:00","dateModified":"2024-02-16T10:38:32+00:00","description":"In der Ausstellung \"Von Goya bis Manet\" in die Alten Pinakothek M\u00fcnchen sind die Meisterwerken der Neuen Pinakothek zu Gast bei ihrer Geschwister-Museum die Alten Pinakothek.","breadcrumb":{"@id":"https:\/\/www.wunder-der-stadt.com\/tours\/von-goya-bis-manet-in-die-alten-pinakothek-muenchen\/#breadcrumb"},"inLanguage":"fr-FR","potentialAction":[{"@type":"ReadAction","target":["https:\/\/www.wunder-der-stadt.com\/tours\/von-goya-bis-manet-in-die-alten-pinakothek-muenchen\/"]}]},{"@type":"BreadcrumbList","@id":"https:\/\/www.wunder-der-stadt.com\/tours\/von-goya-bis-manet-in-die-alten-pinakothek-muenchen\/#breadcrumb","itemListElement":[{"@type":"ListItem","position":1,"name":"Startseite","item":"https:\/\/www.wunder-der-stadt.com\/"},{"@type":"ListItem","position":2,"name":"Produkte","item":"https:\/\/www.wunder-der-stadt.com\/shop\/"},{"@type":"ListItem","position":3,"name":"Von Goya bis Manet, Das 19. Jahrhundert in der Alten Pinakotek"}]},{"@type":"WebSite","@id":"https:\/\/www.wunder-der-stadt.com\/#website","url":"https:\/\/www.wunder-der-stadt.com\/","name":"{:de}Wunder der Stadt - Stadtf\u00fchrungen in M\u00fcnchen und Oberbayern{:}{:fr}Wunder der Stadt - Visites guid\u00e9es \u00e0 Munich et en Bavi\u00e8re{:}","description":"Votre partenaire pour vos voyages d&#039;affaires, voyages priv\u00e9s \u00e0 Munich et en Bavi\u00e8re","publisher":{"@id":"https:\/\/www.wunder-der-stadt.com\/#\/schema\/person\/7ac5370c8e8a38b0625e279f3af2d701"},"potentialAction":[{"@type":"SearchAction","target":{"@type":"EntryPoint","urlTemplate":"https:\/\/www.wunder-der-stadt.com\/?s={search_term_string}"},"query-input":"required name=search_term_string"}],"inLanguage":"fr-FR"},{"@type":["Person","Organization"],"@id":"https:\/\/www.wunder-der-stadt.com\/#\/schema\/person\/7ac5370c8e8a38b0625e279f3af2d701","name":"Admin","logo":{"@id":"https:\/\/www.wunder-der-stadt.com\/#\/schema\/person\/image\/"}}]}},"_links":{"self":[{"href":"https:\/\/www.wunder-der-stadt.com\/fr\/wp-json\/wp\/v2\/product\/1967"}],"collection":[{"href":"https:\/\/www.wunder-der-stadt.com\/fr\/wp-json\/wp\/v2\/product"}],"about":[{"href":"https:\/\/www.wunder-der-stadt.com\/fr\/wp-json\/wp\/v2\/types\/product"}],"wp:featuredmedia":[{"embeddable":true,"href":"https:\/\/www.wunder-der-stadt.com\/fr\/wp-json\/wp\/v2\/media\/2170"}],"wp:attachment":[{"href":"https:\/\/www.wunder-der-stadt.com\/fr\/wp-json\/wp\/v2\/media?parent=1967"}],"wp:term":[{"taxonomy":"product_cat","embeddable":true,"href":"https:\/\/www.wunder-der-stadt.com\/fr\/wp-json\/wp\/v2\/product_cat?post=1967"},{"taxonomy":"product_tag","embeddable":true,"href":"https:\/\/www.wunder-der-stadt.com\/fr\/wp-json\/wp\/v2\/product_tag?post=1967"}],"curies":[{"name":"wp","href":"https:\/\/api.w.org\/{rel}","templated":true}]}}