{"id":2258,"date":"2020-01-16T10:24:51","date_gmt":"2020-01-16T09:24:51","guid":{"rendered":"https:\/\/www.wunder-der-stadt.com\/?post_type=product&#038;p=2258"},"modified":"2026-03-07T14:24:47","modified_gmt":"2026-03-07T13:24:47","slug":"pour-groupes-scolaire-la-monte-du-nazisme-a-munich","status":"publish","type":"product","link":"https:\/\/www.wunder-der-stadt.com\/fr\/tours\/pour-groupes-scolaire-la-monte-du-nazisme-a-munich\/","title":{"rendered":"Pour groupes scolaires : La mont\u00e9 du nazisme \u00e0 Munich"},"content":{"rendered":"<div id=\"conteneur\">\n<div id=\"visite\">\n<div id=\"texte_visite\">\n<h2 class=\"text-text-100 mt-3 -mb-1 text-[1.125rem] font-bold\">Pour les groupes scolaires : La Mont\u00e9e du Nazisme \u00e0 Munich<\/h2>\n<h3 class=\"text-text-100 mt-2 -mb-1 text-base font-bold\">Visite guid\u00e9e pour groupes scolaires \u00e0 Munich<\/h3>\n<p class=\"font-claude-response-body break-words whitespace-normal leading-[1.7]\"><strong>Munich \u2013 Capitale du Mouvement : vivez l&#8217;histoire l\u00e0 o\u00f9 elle s&#8217;est pass\u00e9e.<\/strong><\/p>\n<p class=\"font-claude-response-body break-words whitespace-normal leading-[1.7]\">Partez sur les lieux du pass\u00e9 nazi de Munich lors de cette <strong>visite guid\u00e9e sur la mont\u00e9e du nazisme \u00e0 Munich pour groupes scolaires<\/strong>. Peu de villes sont aussi \u00e9troitement li\u00e9es \u00e0 l&#8217;essor du national-socialisme que Munich. D\u00e8s 1923, Adolf Hitler tenta pour la premi\u00e8re fois de s&#8217;emparer du pouvoir ici, place de l&#8217;Od\u00e9on. Son coup d&#8217;\u00c9tat \u00e9choua \u2013 mais dix ans plus tard, il \u00e9tait nomm\u00e9 chancelier d&#8217;Allemagne. Munich fut alors proclam\u00e9e \u00ab Capitale du Mouvement \u00bb et devint le centre id\u00e9ologique du r\u00e9gime nazi.<\/p>\n<hr class=\"border-border-200 border-t-0.5 my-3 mx-1.5\" \/>\n<h3 class=\"text-text-100 mt-2 -mb-1 text-base font-bold\">Visite guid\u00e9e Nazisme Munich \u2013 Au programme<\/h3>\n<p class=\"font-claude-response-body break-words whitespace-normal leading-[1.7]\">Nous suivons les traces du dictateur, de ses premiers pas \u00e0 la brasserie \u00ab Zum Sternecker \u00bb jusqu&#8217;\u00e0 la place Royale, o\u00f9 se tenaient les grandes manifestations militaires et o\u00f9 les livres br\u00fbl\u00e8rent pour la premi\u00e8re fois :<\/p>\n<ul class=\"[li_&amp;]:mb-0 [li_&amp;]:mt-1 [li_&amp;]:gap-1 [&amp;:not(:last-child)_ul]:pb-1 [&amp;:not(:last-child)_ol]:pb-1 list-disc flex flex-col gap-1 pl-8 mb-3\">\n<li class=\"whitespace-normal break-words pl-2\"><strong>Brasserie \u00ab Zum Sternecker \u00bb<\/strong> \u2013 lieu des premiers discours de Hitler<\/li>\n<li class=\"whitespace-normal break-words pl-2\"><strong>Maison du photographe Hoffmann<\/strong> \u2013 o\u00f9 furent r\u00e9alis\u00e9es les premi\u00e8res photos de propagande nazie, et o\u00f9 Hitler rencontra celle qui deviendrait sa femme : Eva Braun<\/li>\n<li class=\"whitespace-normal break-words pl-2\"><strong>Villa de la famille Bruckmann<\/strong> \u2013 premiers soutiens financiers du futur dictateur<\/li>\n<li class=\"whitespace-normal break-words pl-2\"><strong>Ancienne mairie de Munich<\/strong> \u2013 point de d\u00e9part de la Nuit de Cristal en 1938<\/li>\n<li class=\"whitespace-normal break-words pl-2\"><strong>F\u00fchrerbau, <a href=\"https:\/\/fr.wikipedia.org\/wiki\/K%C3%B6nigsplatz\">place Royale<\/a><\/strong> \u2013 centre de l&#8217;architecture du parti nazi et lieu des grandes rassemblements<\/li>\n<li class=\"whitespace-normal break-words pl-2\"><strong>Centre de documentation NS<\/strong> \u2013 ouvert sur le site de l&#8217;ancienne \u00ab Maison Brune \u00bb, longtemps sujet de controverses<\/li>\n<\/ul>\n<hr class=\"border-border-200 border-t-0.5 my-3 mx-1.5\" \/>\n<h3 class=\"text-text-100 mt-2 -mb-1 text-base font-bold\">Objectifs p\u00e9dagogiques : id\u00e9al pour les cours d&#8217;histoire<\/h3>\n<p class=\"font-claude-response-body break-words whitespace-normal leading-[1.7]\">Cette <strong>visite guid\u00e9e sur la mont\u00e9e du nazisme \u00e0 Munich pour groupes scolaires<\/strong> est sp\u00e9cialement recommand\u00e9e comme sortie scolaire dans le cadre des cours d&#8217;histoire :<\/p>\n<ul class=\"[li_&amp;]:mb-0 [li_&amp;]:mt-1 [li_&amp;]:gap-1 [&amp;:not(:last-child)_ul]:pb-1 [&amp;:not(:last-child)_ol]:pb-1 list-disc flex flex-col gap-1 pl-8 mb-3\">\n<li class=\"whitespace-normal break-words pl-2\">D\u00e9veloppement de la <strong>compr\u00e9hension historique<\/strong><\/li>\n<li class=\"whitespace-normal break-words pl-2\">R\u00e9flexion sur l&#8217;<strong>abus de pouvoir, l&#8217;exclusion et le courage civique<\/strong><\/li>\n<li class=\"whitespace-normal break-words pl-2\">Lien entre les <strong>lieux historiques locaux<\/strong> et les th\u00e8mes du programme scolaire<\/li>\n<li class=\"whitespace-normal break-words pl-2\">Visite adapt\u00e9e au <strong>niveau de connaissance de chaque classe<\/strong><\/li>\n<\/ul>\n<p class=\"font-claude-response-body break-words whitespace-normal leading-[1.7]\">Les faits, les \u00e9v\u00e9nements et les concepts sont reli\u00e9s \u00e0 des lieux authentiques et \u00e0 des destins individuels \u2013 pour un apprentissage durable et une compr\u00e9hension profonde.<\/p>\n<hr class=\"border-border-200 border-t-0.5 my-3 mx-1.5\" \/>\n<h3 class=\"text-text-100 mt-2 -mb-1 text-base font-bold\">Pourquoi cette visite pour votre classe ?<\/h3>\n<p class=\"font-claude-response-body break-words whitespace-normal leading-[1.7]\">Cette <strong>visite guid\u00e9e nazisme Munich<\/strong> plonge dans le pass\u00e9 sombre de la ville et montre comment une cit\u00e9 enti\u00e8re put devenir le centre d&#8217;un r\u00e9gime criminel. Elle invite \u00e0 <strong>apprendre, comprendre et se souvenir<\/strong> \u2013 l\u00e0 o\u00f9 l&#8217;histoire s&#8217;est r\u00e9ellement pass\u00e9e.<\/p>\n<hr class=\"border-border-200 border-t-0.5 my-3 mx-1.5\" \/>\n<p class=\"font-claude-response-body break-words whitespace-normal leading-[1.7]\"><strong>La Mont\u00e9e du Nazisme \u00e0 Munich<\/strong> Une visite guid\u00e9e historique pour groupes scolaires \u00e0 Munich \u2013 pour ne jamais oublier.<\/p>\n<p class=\"font-claude-response-body break-words whitespace-normal leading-[1.7]\"><em>Recommand\u00e9 pour les lyc\u00e9es et coll\u00e8ges<\/em><\/p>\n<hr class=\"border-border-200 border-t-0.5 my-3 mx-1.5\" \/>\n<p class=\"font-claude-response-body break-words whitespace-normal leading-[1.7]\"><em><strong>Ce th\u00e8me vous int\u00e9resse particuli\u00e8rement ?<\/strong><\/em><\/p>\n<p class=\"font-claude-response-body break-words whitespace-normal leading-[1.7]\">Vous \u00eates professeur et souhaitez approfondir avec vos \u00e9l\u00e8ves un sujet d\u00e9j\u00e0 abord\u00e9 en classe ? Vous voulez l&#8217;aborder de fa\u00e7on concr\u00e8te et palpable ? Nous vous proposons une <strong>journ\u00e9e th\u00e9matique<\/strong> consacr\u00e9e \u00e0 la mont\u00e9e du nazisme et \u00e0 la r\u00e9sistance \u00e0 Munich, suivie d&#8217;une visite du <a class=\"underline underline underline-offset-2 decoration-1 decoration-current\/40 hover:decoration-current focus:decoration-current\" href=\"https:\/\/www.wunder-der-stadt.com\/tours\/fuehrung-in-die-kz-gedenkstaette-dachau\/\">M\u00e9morial du camp de concentration de Dachau<\/a> \u2013 une journ\u00e9e d&#8217;apprentissage inoubliable pour votre classe.<\/p>\n<p>&nbsp;<\/p>\n<\/div>\n<\/div>\n<\/div>\n<p>[vc_row][vc_column][vc_btn title=&#8221;CONTACTEZ-NOUS&#8221; shape=&#8221;square&#8221; align=&#8221;left&#8221; link=&#8221;url:http%3A%2F%2Fwww.wunder-der-stadt.com%2Fkontakt%2F|||&#8221;]<br \/>\n<!--more--><\/p>\n<table class=\"table table-bordered tours-tabs__table\" style=\"height: 233px; width: 61.5842%;\" width=\"862\">\n<tbody>\n<tr>\n<td style=\"width: 44.0421%;\"><strong>D\u00e9part<\/strong><\/td>\n<td style=\"width: 55.0234%;\">Munich &#8211; Platzl \u00e0 c\u00f4t\u00e9 de la brasserie Hofbr\u00e4uhaus<\/td>\n<\/tr>\n<tr>\n<td style=\"width: 44.0421%;\"><b>Dur\u00e9e<\/b><\/td>\n<td style=\"width: 55.0234%;\">max. 2 heures<\/td>\n<\/tr>\n<tr>\n<td style=\"width: 44.0421%;\"><b>Tarif<\/b><\/td>\n<td style=\"width: 55.0234%;\">\n<p class=\"p1\"><span class=\"s1\">210,00\u20ac \/groupe &#8211; 19% TVA inclue<\/span><\/p>\n<\/td>\n<\/tr>\n<tr>\n<td style=\"width: 44.0421%;\"><strong>Nombre de participants<br \/>\n<\/strong><\/td>\n<td style=\"width: 55.0234%;\"><span class=\"s1\">\u00a0max. 25 personnes<\/span><\/td>\n<\/tr>\n<\/tbody>\n<\/table>\n<p>&nbsp;<\/p>\n","protected":false},"excerpt":{"rendered":"<ul>\n<li>Une visite guid\u00e9e en francais<\/li>\n<li>Special pour groupes scolaires<\/li>\n<li>la mont\u00e9e du nazisme \u00e0 Munich<\/li>\n<\/ul>\n<p>Une visite guid\u00e9e en francais pour apprendre, comprendre et se souvenir.<\/p>\n","protected":false},"featured_media":2508,"template":"","meta":[],"product_cat":[103],"product_tag":[77,136,115,135,163,133],"translation":{"provider":"WPGlobus","version":"3.0.2","language":"fr","enabled_languages":["de","en","fr","es"],"languages":{"de":{"title":true,"content":true,"excerpt":true},"en":{"title":false,"content":false,"excerpt":false},"fr":{"title":false,"content":false,"excerpt":false},"es":{"title":false,"content":false,"excerpt":false}}},"yoast_head":"<!-- This site is optimized with the Yoast SEO plugin v22.0 - https:\/\/yoast.com\/wordpress\/plugins\/seo\/ -->\n<title>Visite guid\u00e9e Nazisme Munich scolaires | Wunder der Stadt<\/title>\n<meta name=\"robots\" content=\"index, follow, max-snippet:-1, max-image-preview:large, max-video-preview:-1\" \/>\n<link rel=\"canonical\" href=\"https:\/\/www.wunder-der-stadt.com\/tours\/pour-groupes-scolaire-la-monte-du-nazisme-a-munich\/\" \/>\n<meta property=\"og:locale\" content=\"fr_FR\" \/>\n<meta property=\"og:type\" content=\"article\" \/>\n<meta property=\"og:title\" content=\"Pour groupes scolaires: La mont\u00e9 du nazisme \u00e0 Munich\" \/>\n<meta property=\"og:description\" content=\"Une visite guid\u00e9e en francais qui nous m\u00e8ne sur les lieux du pass\u00e9 nazi de Munich, la \u00ab capitale du mouvement \u00bb comme on la nomme alors. Une visite guid\u00e9e en francais - special pour les groupes scolaire - pour apprendre, comprendre et se souvenir.\" \/>\n<meta property=\"og:url\" content=\"https:\/\/www.wunder-der-stadt.com\/tours\/pour-groupes-scolaire-la-monte-du-nazisme-a-munich\/\" \/>\n<meta property=\"og:site_name\" content=\"Wunder der Stadt - Visites guid\u00e9es \u00e0 Munich et en Bavi\u00e8re\" \/>\n<meta property=\"article:modified_time\" content=\"2026-03-07T13:24:47+00:00\" \/>\n<meta property=\"og:image\" content=\"https:\/\/www.wunder-der-stadt.com\/wp-content\/uploads\/La-monte-du-nazisme-a-Munich-Le-Fuehrerbau-1-1024x681.jpg\" \/>\n\t<meta property=\"og:image:width\" content=\"1936\" \/>\n\t<meta property=\"og:image:height\" content=\"1288\" \/>\n\t<meta property=\"og:image:type\" content=\"image\/jpeg\" \/>\n<meta name=\"twitter:card\" content=\"summary_large_image\" \/>\n<meta name=\"twitter:label1\" content=\"Est. reading time\" \/>\n\t<meta name=\"twitter:data1\" content=\"3 minutes\" \/>\n<script type=\"application\/ld+json\" class=\"yoast-schema-graph\">{\"@context\":\"https:\/\/schema.org\",\"@graph\":[{\"@type\":\"WebPage\",\"@id\":\"https:\/\/www.wunder-der-stadt.com\/tours\/pour-groupes-scolaire-la-monte-du-nazisme-a-munich\/\",\"url\":\"https:\/\/www.wunder-der-stadt.com\/tours\/pour-groupes-scolaire-la-monte-du-nazisme-a-munich\/\",\"name\":\"Visite guid\u00e9e Nazisme Munich scolaires | Wunder der Stadt\",\"isPartOf\":{\"@id\":\"https:\/\/www.wunder-der-stadt.com\/#website\"},\"datePublished\":\"2020-01-16T09:24:51+00:00\",\"dateModified\":\"2026-03-07T13:24:47+00:00\",\"description\":\"Visite guid\u00e9e nazisme Munich pour groupes scolaires : suivez les traces de Hitler dans la \u00ab Capitale du Mouvement \u00bb. Pour apprendre et ne pas oublier !\",\"breadcrumb\":{\"@id\":\"https:\/\/www.wunder-der-stadt.com\/tours\/pour-groupes-scolaire-la-monte-du-nazisme-a-munich\/#breadcrumb\"},\"inLanguage\":\"fr-FR\",\"potentialAction\":[{\"@type\":\"ReadAction\",\"target\":[\"https:\/\/www.wunder-der-stadt.com\/tours\/pour-groupes-scolaire-la-monte-du-nazisme-a-munich\/\"]}]},{\"@type\":\"BreadcrumbList\",\"@id\":\"https:\/\/www.wunder-der-stadt.com\/tours\/pour-groupes-scolaire-la-monte-du-nazisme-a-munich\/#breadcrumb\",\"itemListElement\":[{\"@type\":\"ListItem\",\"position\":1,\"name\":\"Startseite\",\"item\":\"https:\/\/www.wunder-der-stadt.com\/\"},{\"@type\":\"ListItem\",\"position\":2,\"name\":\"Produkte\",\"item\":\"https:\/\/www.wunder-der-stadt.com\/shop\/\"},{\"@type\":\"ListItem\",\"position\":3,\"name\":\"Pour groupes scolaires : La mont\u00e9 du nazisme \u00e0 Munich\"}]},{\"@type\":\"WebSite\",\"@id\":\"https:\/\/www.wunder-der-stadt.com\/#website\",\"url\":\"https:\/\/www.wunder-der-stadt.com\/\",\"name\":\"{:de}Wunder der Stadt - Stadtf\u00fchrungen in M\u00fcnchen und Oberbayern{:}{:fr}Wunder der Stadt - Visites guid\u00e9es \u00e0 Munich et en Bavi\u00e8re{:}\",\"description\":\"Votre partenaire pour vos voyages d&#039;affaires, voyages priv\u00e9s \u00e0 Munich et en Bavi\u00e8re\",\"publisher\":{\"@id\":\"https:\/\/www.wunder-der-stadt.com\/#\/schema\/person\/7ac5370c8e8a38b0625e279f3af2d701\"},\"potentialAction\":[{\"@type\":\"SearchAction\",\"target\":{\"@type\":\"EntryPoint\",\"urlTemplate\":\"https:\/\/www.wunder-der-stadt.com\/?s={search_term_string}\"},\"query-input\":\"required name=search_term_string\"}],\"inLanguage\":\"fr-FR\"},{\"@type\":[\"Person\",\"Organization\"],\"@id\":\"https:\/\/www.wunder-der-stadt.com\/#\/schema\/person\/7ac5370c8e8a38b0625e279f3af2d701\",\"name\":\"Admin\",\"logo\":{\"@id\":\"https:\/\/www.wunder-der-stadt.com\/#\/schema\/person\/image\/\"}}]}<\/script>\n<!-- \/ Yoast SEO plugin. -->","yoast_head_json":{"title":"Visite guid\u00e9e Nazisme Munich scolaires | Wunder der Stadt","robots":{"index":"index","follow":"follow","max-snippet":"max-snippet:-1","max-image-preview":"max-image-preview:large","max-video-preview":"max-video-preview:-1"},"canonical":"https:\/\/www.wunder-der-stadt.com\/tours\/pour-groupes-scolaire-la-monte-du-nazisme-a-munich\/","og_locale":"fr_FR","og_type":"article","og_title":"Pour groupes scolaires: La mont\u00e9 du nazisme \u00e0 Munich","og_description":"Une visite guid\u00e9e en francais qui nous m\u00e8ne sur les lieux du pass\u00e9 nazi de Munich, la \u00ab capitale du mouvement \u00bb comme on la nomme alors. Une visite guid\u00e9e en francais - special pour les groupes scolaire - pour apprendre, comprendre et se souvenir.","og_url":"https:\/\/www.wunder-der-stadt.com\/tours\/pour-groupes-scolaire-la-monte-du-nazisme-a-munich\/","og_site_name":"Wunder der Stadt - Visites guid\u00e9es \u00e0 Munich et en Bavi\u00e8re","article_modified_time":"2026-03-07T13:24:47+00:00","og_image":[{"width":1936,"height":1288,"url":"https:\/\/www.wunder-der-stadt.com\/wp-content\/uploads\/La-monte-du-nazisme-a-Munich-Le-Fuehrerbau-1-1024x681.jpg","type":"image\/jpeg"}],"twitter_card":"summary_large_image","twitter_misc":{"Est. reading time":"3 minutes"},"schema":{"@context":"https:\/\/schema.org","@graph":[{"@type":"WebPage","@id":"https:\/\/www.wunder-der-stadt.com\/tours\/pour-groupes-scolaire-la-monte-du-nazisme-a-munich\/","url":"https:\/\/www.wunder-der-stadt.com\/tours\/pour-groupes-scolaire-la-monte-du-nazisme-a-munich\/","name":"Visite guid\u00e9e Nazisme Munich scolaires | Wunder der Stadt","isPartOf":{"@id":"https:\/\/www.wunder-der-stadt.com\/#website"},"datePublished":"2020-01-16T09:24:51+00:00","dateModified":"2026-03-07T13:24:47+00:00","description":"Visite guid\u00e9e nazisme Munich pour groupes scolaires : suivez les traces de Hitler dans la \u00ab Capitale du Mouvement \u00bb. Pour apprendre et ne pas oublier !","breadcrumb":{"@id":"https:\/\/www.wunder-der-stadt.com\/tours\/pour-groupes-scolaire-la-monte-du-nazisme-a-munich\/#breadcrumb"},"inLanguage":"fr-FR","potentialAction":[{"@type":"ReadAction","target":["https:\/\/www.wunder-der-stadt.com\/tours\/pour-groupes-scolaire-la-monte-du-nazisme-a-munich\/"]}]},{"@type":"BreadcrumbList","@id":"https:\/\/www.wunder-der-stadt.com\/tours\/pour-groupes-scolaire-la-monte-du-nazisme-a-munich\/#breadcrumb","itemListElement":[{"@type":"ListItem","position":1,"name":"Startseite","item":"https:\/\/www.wunder-der-stadt.com\/"},{"@type":"ListItem","position":2,"name":"Produkte","item":"https:\/\/www.wunder-der-stadt.com\/shop\/"},{"@type":"ListItem","position":3,"name":"Pour groupes scolaires : La mont\u00e9 du nazisme \u00e0 Munich"}]},{"@type":"WebSite","@id":"https:\/\/www.wunder-der-stadt.com\/#website","url":"https:\/\/www.wunder-der-stadt.com\/","name":"{:de}Wunder der Stadt - Stadtf\u00fchrungen in M\u00fcnchen und Oberbayern{:}{:fr}Wunder der Stadt - Visites guid\u00e9es \u00e0 Munich et en Bavi\u00e8re{:}","description":"Votre partenaire pour vos voyages d&#039;affaires, voyages priv\u00e9s \u00e0 Munich et en Bavi\u00e8re","publisher":{"@id":"https:\/\/www.wunder-der-stadt.com\/#\/schema\/person\/7ac5370c8e8a38b0625e279f3af2d701"},"potentialAction":[{"@type":"SearchAction","target":{"@type":"EntryPoint","urlTemplate":"https:\/\/www.wunder-der-stadt.com\/?s={search_term_string}"},"query-input":"required name=search_term_string"}],"inLanguage":"fr-FR"},{"@type":["Person","Organization"],"@id":"https:\/\/www.wunder-der-stadt.com\/#\/schema\/person\/7ac5370c8e8a38b0625e279f3af2d701","name":"Admin","logo":{"@id":"https:\/\/www.wunder-der-stadt.com\/#\/schema\/person\/image\/"}}]}},"_links":{"self":[{"href":"https:\/\/www.wunder-der-stadt.com\/fr\/wp-json\/wp\/v2\/product\/2258"}],"collection":[{"href":"https:\/\/www.wunder-der-stadt.com\/fr\/wp-json\/wp\/v2\/product"}],"about":[{"href":"https:\/\/www.wunder-der-stadt.com\/fr\/wp-json\/wp\/v2\/types\/product"}],"wp:featuredmedia":[{"embeddable":true,"href":"https:\/\/www.wunder-der-stadt.com\/fr\/wp-json\/wp\/v2\/media\/2508"}],"wp:attachment":[{"href":"https:\/\/www.wunder-der-stadt.com\/fr\/wp-json\/wp\/v2\/media?parent=2258"}],"wp:term":[{"taxonomy":"product_cat","embeddable":true,"href":"https:\/\/www.wunder-der-stadt.com\/fr\/wp-json\/wp\/v2\/product_cat?post=2258"},{"taxonomy":"product_tag","embeddable":true,"href":"https:\/\/www.wunder-der-stadt.com\/fr\/wp-json\/wp\/v2\/product_tag?post=2258"}],"curies":[{"name":"wp","href":"https:\/\/api.w.org\/{rel}","templated":true}]}}